{"id":19732,"date":"2021-04-26T10:33:22","date_gmt":"2021-04-26T14:33:22","guid":{"rendered":"https:\/\/www.qnde.ca\/?post_type=product&#038;p=19732"},"modified":"2025-08-18T14:22:24","modified_gmt":"2025-08-18T18:22:24","slug":"pa-bloc-type-a","status":"publish","type":"product","link":"https:\/\/www.qnde.ca\/fr\/produit\/pa-bloc-type-a\/","title":{"rendered":"PH Tool Phased Array\u00a0Bloc Type A"},"content":{"rendered":"<h3><strong>PH Tool Phased Array Bloc Type A <\/strong><\/h3>\n<p>Utilis\u00e9 lors de la configuration initiale et l\u2019\u00e9talonnage d\u2019un appareil \u00ab Phased Array \u00bb. Ce bloc peut \u00eatre utilis\u00e9 pour faire la v\u00e9rification du faisceau angulaire, l\u2019\u00e9talonnage de sabot \u00e0 d\u00e9lais, \u00e9talonnage de sensibilit\u00e9, \u00e9talonnage DAC\/TCG et bien plus. Veuillez sp\u00e9cifier les unit\u00e9s de mesure d\u00e9sir\u00e9es: Imp\u00e9riale ou M\u00e9trique.<\/p>\n<p>Mat\u00e9riaux standards disponibles: Aluminium (7075), Stainless (304) et Acier (1018).<\/p>\n<p>Mat\u00e9riaux sp\u00e9ciaux aussi disponibles: Aluminium (2024, 6061, 7050), Laiton, Cuivre, Cupro-Nickel, Hastelloy (C ou X), Inconel (600 or 625), Monel 400, Stainless (316 ou 321), Acier 4340, Titane, Titane 6\/4 et Zirconium.<\/p>\n<ul>\n<li><strong>QXX-6001<\/strong>: \u00ab\u00a0Phased Array\u00a0\u00bb, bloc de type A, acier 1018, avec certificat.<\/li>\n<li><strong>QXX-6001A<\/strong>: \u00ab\u00a0Phased Array\u00a0\u00bb, bloc de type A, aluminium 7075-T6, avec certificat.<\/li>\n<li><strong>QXX-6003<\/strong>: \u00ab\u00a0Phased Array\u00a0\u00bb, bloc de type A, stainless 304, avec certificat.<\/li>\n<\/ul>\n<h4><strong>Bo\u00eetier:<\/strong><\/h4>\n<ul>\n<li><strong>HC-PH<\/strong>: Bo\u00eetier standard en bois dur pour blocs \u00ab\u00a0Phased Array\u00a0\u00bb.<\/li>\n<\/ul>\n","protected":false},"excerpt":{"rendered":"<p>PH Tool Phased Array Bloc Type A Utilis\u00e9 lors de la configuration initiale et l\u2019\u00e9talonnage d\u2019un appareil \u00ab Phased Array \u00bb. Ce bloc peut \u00eatre utilis\u00e9 pour faire la v\u00e9rification du faisceau angulaire, l\u2019\u00e9talonnage de sabot \u00e0 d\u00e9lais, \u00e9talonnage de sensibilit\u00e9, \u00e9talonnage DAC\/TCG et bien plus. Veuillez sp\u00e9cifier les unit\u00e9s de mesure d\u00e9sir\u00e9es: Imp\u00e9riale ou [&hellip;]<\/p>\n","protected":false},"featured_media":19742,"template":"","meta":{"_monsterinsights_skip_tracking":false,"_monsterinsights_sitenote_active":false,"_monsterinsights_sitenote_note":"","_monsterinsights_sitenote_category":0},"product_brand":[],"product_cat":[402,332],"product_tag":[],"class_list":{"0":"post-19732","1":"product","2":"type-product","3":"status-publish","4":"has-post-thumbnail","6":"product_cat-autres-marques","7":"product_cat-blocs-etalonnage","9":"first","10":"instock","11":"shipping-taxable","12":"purchasable","13":"product-type-variable"},"yoast_head":"<!-- This site is optimized with the Yoast SEO plugin v23.9 - https:\/\/yoast.com\/wordpress\/plugins\/seo\/ -->\n<title>PH Tool Phased Array\u00a0Bloc Type A &#060; Qualit\u00e9 NDE<\/title>\n<meta name=\"description\" content=\"\u00ab Phased Array \u00bb, bloc de type A. Mesure imp\u00e9riale ou m\u00e9trique. Mat\u00e9riaux standards disponibles: Aluminium (7075), Stainless (304) et Acier (1018).\" \/>\n<meta name=\"robots\" content=\"index, follow, max-snippet:-1, max-image-preview:large, max-video-preview:-1\" \/>\n<link rel=\"canonical\" href=\"https:\/\/www.qnde.ca\/fr\/produit\/pa-bloc-type-a\/\" \/>\n<meta name=\"twitter:label1\" content=\"Dur\u00e9e de lecture estim\u00e9e\" \/>\n\t<meta name=\"twitter:data1\" content=\"1 minute\" \/>\n<script type=\"application\/ld+json\" class=\"yoast-schema-graph\">{\"@context\":\"https:\/\/schema.org\",\"@graph\":[{\"@type\":[\"WebPage\",\"ItemPage\"],\"@id\":\"https:\/\/www.qnde.ca\/fr\/produit\/pa-bloc-type-a\/\",\"url\":\"https:\/\/www.qnde.ca\/fr\/produit\/pa-bloc-type-a\/\",\"name\":\"PH Tool Phased Array\u00a0Bloc Type A &#060; Qualit\u00e9 NDE\",\"isPartOf\":{\"@id\":\"https:\/\/www.qnde.ca\/#website\"},\"primaryImageOfPage\":{\"@id\":\"https:\/\/www.qnde.ca\/fr\/produit\/pa-bloc-type-a\/#primaryimage\"},\"image\":{\"@id\":\"https:\/\/www.qnde.ca\/fr\/produit\/pa-bloc-type-a\/#primaryimage\"},\"thumbnailUrl\":\"https:\/\/www.qnde.ca\/wp-content\/uploads\/2021\/04\/Phased-Array-type-A-block-carbon-steel-1018-with-wood-case.jpg\",\"datePublished\":\"2021-04-26T14:33:22+00:00\",\"dateModified\":\"2025-08-18T18:22:24+00:00\",\"description\":\"\u00ab Phased Array \u00bb, bloc de type A. Mesure imp\u00e9riale ou m\u00e9trique. Mat\u00e9riaux standards disponibles: Aluminium (7075), Stainless (304) et Acier (1018).\",\"breadcrumb\":{\"@id\":\"https:\/\/www.qnde.ca\/fr\/produit\/pa-bloc-type-a\/#breadcrumb\"},\"inLanguage\":\"fr-FR\",\"potentialAction\":[{\"@type\":\"ReadAction\",\"target\":[\"https:\/\/www.qnde.ca\/fr\/produit\/pa-bloc-type-a\/\"]}]},{\"@type\":\"ImageObject\",\"inLanguage\":\"fr-FR\",\"@id\":\"https:\/\/www.qnde.ca\/fr\/produit\/pa-bloc-type-a\/#primaryimage\",\"url\":\"https:\/\/www.qnde.ca\/wp-content\/uploads\/2021\/04\/Phased-Array-type-A-block-carbon-steel-1018-with-wood-case.jpg\",\"contentUrl\":\"https:\/\/www.qnde.ca\/wp-content\/uploads\/2021\/04\/Phased-Array-type-A-block-carbon-steel-1018-with-wood-case.jpg\",\"width\":1280,\"height\":1058,\"caption\":\"Phased Array, type A block, carbon steel 1018 with wood case\"},{\"@type\":\"BreadcrumbList\",\"@id\":\"https:\/\/www.qnde.ca\/fr\/produit\/pa-bloc-type-a\/#breadcrumb\",\"itemListElement\":[{\"@type\":\"ListItem\",\"position\":1,\"name\":\"Accueil\",\"item\":\"https:\/\/www.qnde.ca\/fr\/\"},{\"@type\":\"ListItem\",\"position\":2,\"name\":\"Produits\",\"item\":\"https:\/\/www.qnde.ca\/fr\/produits\/\"},{\"@type\":\"ListItem\",\"position\":3,\"name\":\"Ultrasons\",\"item\":\"https:\/\/www.qnde.ca\/fr\/product-category\/ultrasons\/\"},{\"@type\":\"ListItem\",\"position\":4,\"name\":\"Blocs d'\u00c9talonnage\",\"item\":\"https:\/\/www.qnde.ca\/fr\/product-category\/ultrasons\/blocs-etalonnage\/\"},{\"@type\":\"ListItem\",\"position\":5,\"name\":\"PH Tool Phased Array\u00a0Bloc Type A\"}]},{\"@type\":\"WebSite\",\"@id\":\"https:\/\/www.qnde.ca\/#website\",\"url\":\"https:\/\/www.qnde.ca\/\",\"name\":\"Qualit\u00e9 NDE\",\"description\":\"\u00c9quipements d&#039;essais non destructifs \",\"publisher\":{\"@id\":\"https:\/\/www.qnde.ca\/#organization\"},\"potentialAction\":[{\"@type\":\"SearchAction\",\"target\":{\"@type\":\"EntryPoint\",\"urlTemplate\":\"https:\/\/www.qnde.ca\/?s={search_term_string}\"},\"query-input\":{\"@type\":\"PropertyValueSpecification\",\"valueRequired\":true,\"valueName\":\"search_term_string\"}}],\"inLanguage\":\"fr-FR\"},{\"@type\":\"Organization\",\"@id\":\"https:\/\/www.qnde.ca\/#organization\",\"name\":\"Quality NDT Ltd.\",\"url\":\"https:\/\/www.qnde.ca\/\",\"logo\":{\"@type\":\"ImageObject\",\"inLanguage\":\"fr-FR\",\"@id\":\"https:\/\/www.qnde.ca\/#\/schema\/logo\/image\/\",\"url\":\"https:\/\/www.qnde.ca\/wp-content\/uploads\/2022\/02\/QNDE_logo_RGB-gif.gif\",\"contentUrl\":\"https:\/\/www.qnde.ca\/wp-content\/uploads\/2022\/02\/QNDE_logo_RGB-gif.gif\",\"width\":250,\"height\":64,\"caption\":\"Quality NDT Ltd.\"},\"image\":{\"@id\":\"https:\/\/www.qnde.ca\/#\/schema\/logo\/image\/\"},\"sameAs\":[\"https:\/\/www.linkedin.com\/company\/qnde\/about\/?viewAsMember=true\"]}]}<\/script>\n<!-- \/ Yoast SEO plugin. -->","yoast_head_json":{"title":"PH Tool Phased Array\u00a0Bloc Type A &#060; Qualit\u00e9 NDE","description":"\u00ab Phased Array \u00bb, bloc de type A. Mesure imp\u00e9riale ou m\u00e9trique. Mat\u00e9riaux standards disponibles: Aluminium (7075), Stainless (304) et Acier (1018).","robots":{"index":"index","follow":"follow","max-snippet":"max-snippet:-1","max-image-preview":"max-image-preview:large","max-video-preview":"max-video-preview:-1"},"canonical":"https:\/\/www.qnde.ca\/fr\/produit\/pa-bloc-type-a\/","twitter_misc":{"Dur\u00e9e de lecture estim\u00e9e":"1 minute"},"schema":{"@context":"https:\/\/schema.org","@graph":[{"@type":["WebPage","ItemPage"],"@id":"https:\/\/www.qnde.ca\/fr\/produit\/pa-bloc-type-a\/","url":"https:\/\/www.qnde.ca\/fr\/produit\/pa-bloc-type-a\/","name":"PH Tool Phased Array\u00a0Bloc Type A &#060; Qualit\u00e9 NDE","isPartOf":{"@id":"https:\/\/www.qnde.ca\/#website"},"primaryImageOfPage":{"@id":"https:\/\/www.qnde.ca\/fr\/produit\/pa-bloc-type-a\/#primaryimage"},"image":{"@id":"https:\/\/www.qnde.ca\/fr\/produit\/pa-bloc-type-a\/#primaryimage"},"thumbnailUrl":"https:\/\/www.qnde.ca\/wp-content\/uploads\/2021\/04\/Phased-Array-type-A-block-carbon-steel-1018-with-wood-case.jpg","datePublished":"2021-04-26T14:33:22+00:00","dateModified":"2025-08-18T18:22:24+00:00","description":"\u00ab Phased Array \u00bb, bloc de type A. Mesure imp\u00e9riale ou m\u00e9trique. Mat\u00e9riaux standards disponibles: Aluminium (7075), Stainless (304) et Acier (1018).","breadcrumb":{"@id":"https:\/\/www.qnde.ca\/fr\/produit\/pa-bloc-type-a\/#breadcrumb"},"inLanguage":"fr-FR","potentialAction":[{"@type":"ReadAction","target":["https:\/\/www.qnde.ca\/fr\/produit\/pa-bloc-type-a\/"]}]},{"@type":"ImageObject","inLanguage":"fr-FR","@id":"https:\/\/www.qnde.ca\/fr\/produit\/pa-bloc-type-a\/#primaryimage","url":"https:\/\/www.qnde.ca\/wp-content\/uploads\/2021\/04\/Phased-Array-type-A-block-carbon-steel-1018-with-wood-case.jpg","contentUrl":"https:\/\/www.qnde.ca\/wp-content\/uploads\/2021\/04\/Phased-Array-type-A-block-carbon-steel-1018-with-wood-case.jpg","width":1280,"height":1058,"caption":"Phased Array, type A block, carbon steel 1018 with wood case"},{"@type":"BreadcrumbList","@id":"https:\/\/www.qnde.ca\/fr\/produit\/pa-bloc-type-a\/#breadcrumb","itemListElement":[{"@type":"ListItem","position":1,"name":"Accueil","item":"https:\/\/www.qnde.ca\/fr\/"},{"@type":"ListItem","position":2,"name":"Produits","item":"https:\/\/www.qnde.ca\/fr\/produits\/"},{"@type":"ListItem","position":3,"name":"Ultrasons","item":"https:\/\/www.qnde.ca\/fr\/product-category\/ultrasons\/"},{"@type":"ListItem","position":4,"name":"Blocs d'\u00c9talonnage","item":"https:\/\/www.qnde.ca\/fr\/product-category\/ultrasons\/blocs-etalonnage\/"},{"@type":"ListItem","position":5,"name":"PH Tool Phased Array\u00a0Bloc Type A"}]},{"@type":"WebSite","@id":"https:\/\/www.qnde.ca\/#website","url":"https:\/\/www.qnde.ca\/","name":"Qualit\u00e9 NDE","description":"\u00c9quipements d&#039;essais non destructifs ","publisher":{"@id":"https:\/\/www.qnde.ca\/#organization"},"potentialAction":[{"@type":"SearchAction","target":{"@type":"EntryPoint","urlTemplate":"https:\/\/www.qnde.ca\/?s={search_term_string}"},"query-input":{"@type":"PropertyValueSpecification","valueRequired":true,"valueName":"search_term_string"}}],"inLanguage":"fr-FR"},{"@type":"Organization","@id":"https:\/\/www.qnde.ca\/#organization","name":"Quality NDT Ltd.","url":"https:\/\/www.qnde.ca\/","logo":{"@type":"ImageObject","inLanguage":"fr-FR","@id":"https:\/\/www.qnde.ca\/#\/schema\/logo\/image\/","url":"https:\/\/www.qnde.ca\/wp-content\/uploads\/2022\/02\/QNDE_logo_RGB-gif.gif","contentUrl":"https:\/\/www.qnde.ca\/wp-content\/uploads\/2022\/02\/QNDE_logo_RGB-gif.gif","width":250,"height":64,"caption":"Quality NDT Ltd."},"image":{"@id":"https:\/\/www.qnde.ca\/#\/schema\/logo\/image\/"},"sameAs":["https:\/\/www.linkedin.com\/company\/qnde\/about\/?viewAsMember=true"]}]}},"jetpack_sharing_enabled":true,"_links":{"self":[{"href":"https:\/\/www.qnde.ca\/fr\/wp-json\/wp\/v2\/product\/19732","targetHints":{"allow":["GET"]}}],"collection":[{"href":"https:\/\/www.qnde.ca\/fr\/wp-json\/wp\/v2\/product"}],"about":[{"href":"https:\/\/www.qnde.ca\/fr\/wp-json\/wp\/v2\/types\/product"}],"wp:featuredmedia":[{"embeddable":true,"href":"https:\/\/www.qnde.ca\/fr\/wp-json\/wp\/v2\/media\/19742"}],"wp:attachment":[{"href":"https:\/\/www.qnde.ca\/fr\/wp-json\/wp\/v2\/media?parent=19732"}],"wp:term":[{"taxonomy":"product_brand","embeddable":true,"href":"https:\/\/www.qnde.ca\/fr\/wp-json\/wp\/v2\/product_brand?post=19732"},{"taxonomy":"product_cat","embeddable":true,"href":"https:\/\/www.qnde.ca\/fr\/wp-json\/wp\/v2\/product_cat?post=19732"},{"taxonomy":"product_tag","embeddable":true,"href":"https:\/\/www.qnde.ca\/fr\/wp-json\/wp\/v2\/product_tag?post=19732"}],"curies":[{"name":"wp","href":"https:\/\/api.w.org\/{rel}","templated":true}]}}