{"id":19703,"date":"2021-04-23T15:44:10","date_gmt":"2021-04-23T19:44:10","guid":{"rendered":"https:\/\/www.qnde.ca\/?post_type=product&#038;p=19703"},"modified":"2025-08-18T14:24:56","modified_gmt":"2025-08-18T18:24:56","slug":"bloc-etalonnage-palpeur-angle","status":"publish","type":"product","link":"https:\/\/www.qnde.ca\/fr\/produit\/bloc-etalonnage-palpeur-angle\/","title":{"rendered":"Curtis Industries Bloc d\u2019\u00c9talonnage pour Palpeur \u00e0 Angle"},"content":{"rendered":"<h3><strong>Curtis Industries Bloc d\u2019\u00c9talonnage pour Palpeur \u00e0 Angle<\/strong><\/h3>\n<p>Bloc \u00e9talon miniature pour palpeur \u00e0 angle pour \u00e9talonner la distance, le point d\u2019incidence, l\u2019angle de r\u00e9fraction et la sensibilit\u00e9 des ondes transverses. 0.500&Prime; d\u2019\u00e9paisseur, il a un rayon de 1.000&Prime; oppos\u00e9 \u00e0 un rayon de 2.000&Prime; et un trou \u00e0 fond plat de 5\/64&Prime; de diam\u00e8tre x 0.375&Prime; de profondeur.<\/p>\n<ul>\n<li><strong>QXX-5026<\/strong>: Bloc \u00e9talon miniature pour palpeur \u00e0 angle, acier 1018, avec bo\u00eetier de bois et certificat.<\/li>\n<li><strong>QXX-5026A<\/strong>: Bloc \u00e9talon miniature pour palpeur \u00e0 angle, aluminium 7075-T6, avec bo\u00eetier de bois et certificat.<\/li>\n<li><strong>QXX-5004<\/strong>: Bloc \u00e9talon miniature pour palpeur \u00e0 angle, stainless 304, avec bo\u00eetier de bois et certificat.<\/li>\n<\/ul>\n<h4><strong>Bo\u00eetier:<\/strong><\/h4>\n<ul>\n<li><strong>HC-MAB<\/strong>: Bo\u00eetier standard en bois dur pour bloc \u00e9talon miniature pour palpeur \u00e0 angle.<\/li>\n<\/ul>\n","protected":false},"excerpt":{"rendered":"<p>Curtis Industries Bloc d\u2019\u00c9talonnage pour Palpeur \u00e0 Angle Bloc \u00e9talon miniature pour palpeur \u00e0 angle pour \u00e9talonner la distance, le point d\u2019incidence, l\u2019angle de r\u00e9fraction et la sensibilit\u00e9 des ondes transverses. 0.500&Prime; d\u2019\u00e9paisseur, il a un rayon de 1.000&Prime; oppos\u00e9 \u00e0 un rayon de 2.000&Prime; et un trou \u00e0 fond plat de 5\/64&Prime; de diam\u00e8tre [&hellip;]<\/p>\n","protected":false},"featured_media":19709,"template":"","meta":{"_monsterinsights_skip_tracking":false,"_monsterinsights_sitenote_active":false,"_monsterinsights_sitenote_note":"","_monsterinsights_sitenote_category":0},"product_brand":[],"product_cat":[403,332],"product_tag":[],"class_list":{"0":"post-19703","1":"product","2":"type-product","3":"status-publish","4":"has-post-thumbnail","6":"product_cat-curtis-industries-fr","7":"product_cat-blocs-etalonnage","9":"first","10":"instock","11":"shipping-taxable","12":"purchasable","13":"product-type-variable"},"yoast_head":"<!-- This site is optimized with the Yoast SEO plugin v23.9 - https:\/\/yoast.com\/wordpress\/plugins\/seo\/ -->\n<title>Curtis Industries Bloc d\u2019\u00c9talonnage pour Palpeur \u00e0 Angle &#060; Qualit\u00e9 NDE<\/title>\n<meta name=\"description\" content=\"Bloc d\u2019\u00e9talonnage miniature pour palpeur \u00e0 angle. Pour v\u00e9rif. distance, angle, incidence, sensibilit\u00e9. Acier, alu ou inox, avec bo\u00eetier bois et certificat.\" \/>\n<meta name=\"robots\" content=\"index, follow, max-snippet:-1, max-image-preview:large, max-video-preview:-1\" \/>\n<link rel=\"canonical\" href=\"https:\/\/www.qnde.ca\/fr\/produit\/bloc-etalonnage-palpeur-angle\/\" \/>\n<meta name=\"twitter:label1\" content=\"Dur\u00e9e de lecture estim\u00e9e\" \/>\n\t<meta name=\"twitter:data1\" content=\"1 minute\" \/>\n<script type=\"application\/ld+json\" class=\"yoast-schema-graph\">{\"@context\":\"https:\/\/schema.org\",\"@graph\":[{\"@type\":[\"WebPage\",\"ItemPage\"],\"@id\":\"https:\/\/www.qnde.ca\/fr\/produit\/bloc-etalonnage-palpeur-angle\/\",\"url\":\"https:\/\/www.qnde.ca\/fr\/produit\/bloc-etalonnage-palpeur-angle\/\",\"name\":\"Curtis Industries Bloc d\u2019\u00c9talonnage pour Palpeur \u00e0 Angle &#060; Qualit\u00e9 NDE\",\"isPartOf\":{\"@id\":\"https:\/\/www.qnde.ca\/#website\"},\"primaryImageOfPage\":{\"@id\":\"https:\/\/www.qnde.ca\/fr\/produit\/bloc-etalonnage-palpeur-angle\/#primaryimage\"},\"image\":{\"@id\":\"https:\/\/www.qnde.ca\/fr\/produit\/bloc-etalonnage-palpeur-angle\/#primaryimage\"},\"thumbnailUrl\":\"https:\/\/www.qnde.ca\/wp-content\/uploads\/2021\/04\/Angle-beam-calibration-block-carbon-steel-1018-with-wood-case.jpg\",\"datePublished\":\"2021-04-23T19:44:10+00:00\",\"dateModified\":\"2025-08-18T18:24:56+00:00\",\"description\":\"Bloc d\u2019\u00e9talonnage miniature pour palpeur \u00e0 angle. Pour v\u00e9rif. distance, angle, incidence, sensibilit\u00e9. Acier, alu ou inox, avec bo\u00eetier bois et certificat.\",\"breadcrumb\":{\"@id\":\"https:\/\/www.qnde.ca\/fr\/produit\/bloc-etalonnage-palpeur-angle\/#breadcrumb\"},\"inLanguage\":\"fr-FR\",\"potentialAction\":[{\"@type\":\"ReadAction\",\"target\":[\"https:\/\/www.qnde.ca\/fr\/produit\/bloc-etalonnage-palpeur-angle\/\"]}]},{\"@type\":\"ImageObject\",\"inLanguage\":\"fr-FR\",\"@id\":\"https:\/\/www.qnde.ca\/fr\/produit\/bloc-etalonnage-palpeur-angle\/#primaryimage\",\"url\":\"https:\/\/www.qnde.ca\/wp-content\/uploads\/2021\/04\/Angle-beam-calibration-block-carbon-steel-1018-with-wood-case.jpg\",\"contentUrl\":\"https:\/\/www.qnde.ca\/wp-content\/uploads\/2021\/04\/Angle-beam-calibration-block-carbon-steel-1018-with-wood-case.jpg\",\"width\":412,\"height\":500,\"caption\":\"Angle beam calibration block, carbon steel 1018, with wood case\"},{\"@type\":\"BreadcrumbList\",\"@id\":\"https:\/\/www.qnde.ca\/fr\/produit\/bloc-etalonnage-palpeur-angle\/#breadcrumb\",\"itemListElement\":[{\"@type\":\"ListItem\",\"position\":1,\"name\":\"Accueil\",\"item\":\"https:\/\/www.qnde.ca\/fr\/\"},{\"@type\":\"ListItem\",\"position\":2,\"name\":\"Produits\",\"item\":\"https:\/\/www.qnde.ca\/fr\/produits\/\"},{\"@type\":\"ListItem\",\"position\":3,\"name\":\"Ultrasons\",\"item\":\"https:\/\/www.qnde.ca\/fr\/product-category\/ultrasons\/\"},{\"@type\":\"ListItem\",\"position\":4,\"name\":\"Blocs d'\u00c9talonnage\",\"item\":\"https:\/\/www.qnde.ca\/fr\/product-category\/ultrasons\/blocs-etalonnage\/\"},{\"@type\":\"ListItem\",\"position\":5,\"name\":\"Curtis Industries Bloc d\u2019\u00c9talonnage pour Palpeur \u00e0 Angle\"}]},{\"@type\":\"WebSite\",\"@id\":\"https:\/\/www.qnde.ca\/#website\",\"url\":\"https:\/\/www.qnde.ca\/\",\"name\":\"Qualit\u00e9 NDE\",\"description\":\"\u00c9quipements d&#039;essais non destructifs \",\"publisher\":{\"@id\":\"https:\/\/www.qnde.ca\/#organization\"},\"potentialAction\":[{\"@type\":\"SearchAction\",\"target\":{\"@type\":\"EntryPoint\",\"urlTemplate\":\"https:\/\/www.qnde.ca\/?s={search_term_string}\"},\"query-input\":{\"@type\":\"PropertyValueSpecification\",\"valueRequired\":true,\"valueName\":\"search_term_string\"}}],\"inLanguage\":\"fr-FR\"},{\"@type\":\"Organization\",\"@id\":\"https:\/\/www.qnde.ca\/#organization\",\"name\":\"Quality NDT Ltd.\",\"url\":\"https:\/\/www.qnde.ca\/\",\"logo\":{\"@type\":\"ImageObject\",\"inLanguage\":\"fr-FR\",\"@id\":\"https:\/\/www.qnde.ca\/#\/schema\/logo\/image\/\",\"url\":\"https:\/\/www.qnde.ca\/wp-content\/uploads\/2022\/02\/QNDE_logo_RGB-gif.gif\",\"contentUrl\":\"https:\/\/www.qnde.ca\/wp-content\/uploads\/2022\/02\/QNDE_logo_RGB-gif.gif\",\"width\":250,\"height\":64,\"caption\":\"Quality NDT Ltd.\"},\"image\":{\"@id\":\"https:\/\/www.qnde.ca\/#\/schema\/logo\/image\/\"},\"sameAs\":[\"https:\/\/www.linkedin.com\/company\/qnde\/about\/?viewAsMember=true\"]}]}<\/script>\n<!-- \/ Yoast SEO plugin. -->","yoast_head_json":{"title":"Curtis Industries Bloc d\u2019\u00c9talonnage pour Palpeur \u00e0 Angle &#060; Qualit\u00e9 NDE","description":"Bloc d\u2019\u00e9talonnage miniature pour palpeur \u00e0 angle. Pour v\u00e9rif. distance, angle, incidence, sensibilit\u00e9. Acier, alu ou inox, avec bo\u00eetier bois et certificat.","robots":{"index":"index","follow":"follow","max-snippet":"max-snippet:-1","max-image-preview":"max-image-preview:large","max-video-preview":"max-video-preview:-1"},"canonical":"https:\/\/www.qnde.ca\/fr\/produit\/bloc-etalonnage-palpeur-angle\/","twitter_misc":{"Dur\u00e9e de lecture estim\u00e9e":"1 minute"},"schema":{"@context":"https:\/\/schema.org","@graph":[{"@type":["WebPage","ItemPage"],"@id":"https:\/\/www.qnde.ca\/fr\/produit\/bloc-etalonnage-palpeur-angle\/","url":"https:\/\/www.qnde.ca\/fr\/produit\/bloc-etalonnage-palpeur-angle\/","name":"Curtis Industries Bloc d\u2019\u00c9talonnage pour Palpeur \u00e0 Angle &#060; Qualit\u00e9 NDE","isPartOf":{"@id":"https:\/\/www.qnde.ca\/#website"},"primaryImageOfPage":{"@id":"https:\/\/www.qnde.ca\/fr\/produit\/bloc-etalonnage-palpeur-angle\/#primaryimage"},"image":{"@id":"https:\/\/www.qnde.ca\/fr\/produit\/bloc-etalonnage-palpeur-angle\/#primaryimage"},"thumbnailUrl":"https:\/\/www.qnde.ca\/wp-content\/uploads\/2021\/04\/Angle-beam-calibration-block-carbon-steel-1018-with-wood-case.jpg","datePublished":"2021-04-23T19:44:10+00:00","dateModified":"2025-08-18T18:24:56+00:00","description":"Bloc d\u2019\u00e9talonnage miniature pour palpeur \u00e0 angle. Pour v\u00e9rif. distance, angle, incidence, sensibilit\u00e9. Acier, alu ou inox, avec bo\u00eetier bois et certificat.","breadcrumb":{"@id":"https:\/\/www.qnde.ca\/fr\/produit\/bloc-etalonnage-palpeur-angle\/#breadcrumb"},"inLanguage":"fr-FR","potentialAction":[{"@type":"ReadAction","target":["https:\/\/www.qnde.ca\/fr\/produit\/bloc-etalonnage-palpeur-angle\/"]}]},{"@type":"ImageObject","inLanguage":"fr-FR","@id":"https:\/\/www.qnde.ca\/fr\/produit\/bloc-etalonnage-palpeur-angle\/#primaryimage","url":"https:\/\/www.qnde.ca\/wp-content\/uploads\/2021\/04\/Angle-beam-calibration-block-carbon-steel-1018-with-wood-case.jpg","contentUrl":"https:\/\/www.qnde.ca\/wp-content\/uploads\/2021\/04\/Angle-beam-calibration-block-carbon-steel-1018-with-wood-case.jpg","width":412,"height":500,"caption":"Angle beam calibration block, carbon steel 1018, with wood case"},{"@type":"BreadcrumbList","@id":"https:\/\/www.qnde.ca\/fr\/produit\/bloc-etalonnage-palpeur-angle\/#breadcrumb","itemListElement":[{"@type":"ListItem","position":1,"name":"Accueil","item":"https:\/\/www.qnde.ca\/fr\/"},{"@type":"ListItem","position":2,"name":"Produits","item":"https:\/\/www.qnde.ca\/fr\/produits\/"},{"@type":"ListItem","position":3,"name":"Ultrasons","item":"https:\/\/www.qnde.ca\/fr\/product-category\/ultrasons\/"},{"@type":"ListItem","position":4,"name":"Blocs d'\u00c9talonnage","item":"https:\/\/www.qnde.ca\/fr\/product-category\/ultrasons\/blocs-etalonnage\/"},{"@type":"ListItem","position":5,"name":"Curtis Industries Bloc d\u2019\u00c9talonnage pour Palpeur \u00e0 Angle"}]},{"@type":"WebSite","@id":"https:\/\/www.qnde.ca\/#website","url":"https:\/\/www.qnde.ca\/","name":"Qualit\u00e9 NDE","description":"\u00c9quipements d&#039;essais non destructifs ","publisher":{"@id":"https:\/\/www.qnde.ca\/#organization"},"potentialAction":[{"@type":"SearchAction","target":{"@type":"EntryPoint","urlTemplate":"https:\/\/www.qnde.ca\/?s={search_term_string}"},"query-input":{"@type":"PropertyValueSpecification","valueRequired":true,"valueName":"search_term_string"}}],"inLanguage":"fr-FR"},{"@type":"Organization","@id":"https:\/\/www.qnde.ca\/#organization","name":"Quality NDT Ltd.","url":"https:\/\/www.qnde.ca\/","logo":{"@type":"ImageObject","inLanguage":"fr-FR","@id":"https:\/\/www.qnde.ca\/#\/schema\/logo\/image\/","url":"https:\/\/www.qnde.ca\/wp-content\/uploads\/2022\/02\/QNDE_logo_RGB-gif.gif","contentUrl":"https:\/\/www.qnde.ca\/wp-content\/uploads\/2022\/02\/QNDE_logo_RGB-gif.gif","width":250,"height":64,"caption":"Quality NDT Ltd."},"image":{"@id":"https:\/\/www.qnde.ca\/#\/schema\/logo\/image\/"},"sameAs":["https:\/\/www.linkedin.com\/company\/qnde\/about\/?viewAsMember=true"]}]}},"jetpack_sharing_enabled":true,"_links":{"self":[{"href":"https:\/\/www.qnde.ca\/fr\/wp-json\/wp\/v2\/product\/19703","targetHints":{"allow":["GET"]}}],"collection":[{"href":"https:\/\/www.qnde.ca\/fr\/wp-json\/wp\/v2\/product"}],"about":[{"href":"https:\/\/www.qnde.ca\/fr\/wp-json\/wp\/v2\/types\/product"}],"wp:featuredmedia":[{"embeddable":true,"href":"https:\/\/www.qnde.ca\/fr\/wp-json\/wp\/v2\/media\/19709"}],"wp:attachment":[{"href":"https:\/\/www.qnde.ca\/fr\/wp-json\/wp\/v2\/media?parent=19703"}],"wp:term":[{"taxonomy":"product_brand","embeddable":true,"href":"https:\/\/www.qnde.ca\/fr\/wp-json\/wp\/v2\/product_brand?post=19703"},{"taxonomy":"product_cat","embeddable":true,"href":"https:\/\/www.qnde.ca\/fr\/wp-json\/wp\/v2\/product_cat?post=19703"},{"taxonomy":"product_tag","embeddable":true,"href":"https:\/\/www.qnde.ca\/fr\/wp-json\/wp\/v2\/product_tag?post=19703"}],"curies":[{"name":"wp","href":"https:\/\/api.w.org\/{rel}","templated":true}]}}