{"id":19691,"date":"2021-04-23T15:27:20","date_gmt":"2021-04-23T19:27:20","guid":{"rendered":"https:\/\/www.qnde.ca\/?post_type=product&#038;p=19691"},"modified":"2025-08-18T14:31:44","modified_gmt":"2025-08-18T18:31:44","slug":"dc-bloc-etalon","status":"publish","type":"product","link":"https:\/\/www.qnde.ca\/fr\/produit\/dc-bloc-etalon\/","title":{"rendered":"Curtis Industries Bloc \u00c9talon DC"},"content":{"rendered":"<h3><strong>Curtis Industries Bloc \u00c9talon DC<\/strong><\/h3>\n<p>Pour l&rsquo;\u00e9talonnage de la distance et de la sensibilit\u00e9 aux ondes transversales. Comprends un rayon de 1,000&Prime; superpos\u00e9 \u00e0 un rayon de 2,000&Prime; conform\u00e9ment \u00e0 BRR\/AWS. Veuillez sp\u00e9cifier les unit\u00e9s de mesure d\u00e9sir\u00e9es: Imp\u00e9riale ou M\u00e9trique.<\/p>\n<ul>\n<li><strong>QXX-5002<\/strong>: Bloc \u00e9talon, type DC, acier 1018, avec bo\u00eetier de bois et certificat.<\/li>\n<li><strong>QXX-5002A<\/strong>: Bloc \u00e9talon, type DC, aluminium 7075-T6, avec bo\u00eetier de bois et certificat.<\/li>\n<li><strong>QXX-5004<\/strong>: Bloc \u00e9talon, type DC, 304 stainless, avec bo\u00eetier de bois et certificat.<\/li>\n<\/ul>\n<h4><strong>Bo\u00eetier:<\/strong><\/h4>\n<ul>\n<li><strong>HC-DC<\/strong>: Bo\u00eetier standard en bois dur pour blocs DC.<\/li>\n<\/ul>\n","protected":false},"excerpt":{"rendered":"<p>Curtis Industries Bloc \u00c9talon DC Pour l&rsquo;\u00e9talonnage de la distance et de la sensibilit\u00e9 aux ondes transversales. Comprends un rayon de 1,000&Prime; superpos\u00e9 \u00e0 un rayon de 2,000&Prime; conform\u00e9ment \u00e0 BRR\/AWS. Veuillez sp\u00e9cifier les unit\u00e9s de mesure d\u00e9sir\u00e9es: Imp\u00e9riale ou M\u00e9trique. QXX-5002: Bloc \u00e9talon, type DC, acier 1018, avec bo\u00eetier de bois et certificat. QXX-5002A: [&hellip;]<\/p>\n","protected":false},"featured_media":19695,"template":"","meta":{"_monsterinsights_skip_tracking":false,"_monsterinsights_sitenote_active":false,"_monsterinsights_sitenote_note":"","_monsterinsights_sitenote_category":0},"product_brand":[],"product_cat":[403,332],"product_tag":[],"class_list":{"0":"post-19691","1":"product","2":"type-product","3":"status-publish","4":"has-post-thumbnail","6":"product_cat-curtis-industries-fr","7":"product_cat-blocs-etalonnage","9":"first","10":"instock","11":"shipping-taxable","12":"purchasable","13":"product-type-variable"},"yoast_head":"<!-- This site is optimized with the Yoast SEO plugin v23.9 - https:\/\/yoast.com\/wordpress\/plugins\/seo\/ -->\n<title>Curtis Industries Bloc \u00c9talon DC &#060; Qualit\u00e9 NDE<\/title>\n<meta name=\"description\" content=\"Curtis Industries Bloc d&#039;\u00e9talon DC pour \u00e9talonnage de la distance et de la sensibilit\u00e9 aux ondes transversales. Imp\u00e9riale ou m\u00e9trique.\" \/>\n<meta name=\"robots\" content=\"index, follow, max-snippet:-1, max-image-preview:large, max-video-preview:-1\" \/>\n<link rel=\"canonical\" href=\"https:\/\/www.qnde.ca\/fr\/produit\/dc-bloc-etalon\/\" \/>\n<meta name=\"twitter:label1\" content=\"Dur\u00e9e de lecture estim\u00e9e\" \/>\n\t<meta name=\"twitter:data1\" content=\"1 minute\" \/>\n<script type=\"application\/ld+json\" class=\"yoast-schema-graph\">{\"@context\":\"https:\/\/schema.org\",\"@graph\":[{\"@type\":[\"WebPage\",\"ItemPage\"],\"@id\":\"https:\/\/www.qnde.ca\/fr\/produit\/dc-bloc-etalon\/\",\"url\":\"https:\/\/www.qnde.ca\/fr\/produit\/dc-bloc-etalon\/\",\"name\":\"Curtis Industries Bloc \u00c9talon DC &#060; Qualit\u00e9 NDE\",\"isPartOf\":{\"@id\":\"https:\/\/www.qnde.ca\/#website\"},\"primaryImageOfPage\":{\"@id\":\"https:\/\/www.qnde.ca\/fr\/produit\/dc-bloc-etalon\/#primaryimage\"},\"image\":{\"@id\":\"https:\/\/www.qnde.ca\/fr\/produit\/dc-bloc-etalon\/#primaryimage\"},\"thumbnailUrl\":\"https:\/\/www.qnde.ca\/wp-content\/uploads\/2021\/04\/Calibration-block-DC-type-carbon-steel-1018-with-wood-case.jpg\",\"datePublished\":\"2021-04-23T19:27:20+00:00\",\"dateModified\":\"2025-08-18T18:31:44+00:00\",\"description\":\"Curtis Industries Bloc d'\u00e9talon DC pour \u00e9talonnage de la distance et de la sensibilit\u00e9 aux ondes transversales. Imp\u00e9riale ou m\u00e9trique.\",\"breadcrumb\":{\"@id\":\"https:\/\/www.qnde.ca\/fr\/produit\/dc-bloc-etalon\/#breadcrumb\"},\"inLanguage\":\"fr-FR\",\"potentialAction\":[{\"@type\":\"ReadAction\",\"target\":[\"https:\/\/www.qnde.ca\/fr\/produit\/dc-bloc-etalon\/\"]}]},{\"@type\":\"ImageObject\",\"inLanguage\":\"fr-FR\",\"@id\":\"https:\/\/www.qnde.ca\/fr\/produit\/dc-bloc-etalon\/#primaryimage\",\"url\":\"https:\/\/www.qnde.ca\/wp-content\/uploads\/2021\/04\/Calibration-block-DC-type-carbon-steel-1018-with-wood-case.jpg\",\"contentUrl\":\"https:\/\/www.qnde.ca\/wp-content\/uploads\/2021\/04\/Calibration-block-DC-type-carbon-steel-1018-with-wood-case.jpg\",\"width\":405,\"height\":500,\"caption\":\"Calibration block, DC type, carbon steel 1018, with wood case\"},{\"@type\":\"BreadcrumbList\",\"@id\":\"https:\/\/www.qnde.ca\/fr\/produit\/dc-bloc-etalon\/#breadcrumb\",\"itemListElement\":[{\"@type\":\"ListItem\",\"position\":1,\"name\":\"Accueil\",\"item\":\"https:\/\/www.qnde.ca\/fr\/\"},{\"@type\":\"ListItem\",\"position\":2,\"name\":\"Produits\",\"item\":\"https:\/\/www.qnde.ca\/fr\/produits\/\"},{\"@type\":\"ListItem\",\"position\":3,\"name\":\"Ultrasons\",\"item\":\"https:\/\/www.qnde.ca\/fr\/product-category\/ultrasons\/\"},{\"@type\":\"ListItem\",\"position\":4,\"name\":\"Blocs d'\u00c9talonnage\",\"item\":\"https:\/\/www.qnde.ca\/fr\/product-category\/ultrasons\/blocs-etalonnage\/\"},{\"@type\":\"ListItem\",\"position\":5,\"name\":\"Curtis Industries Bloc \u00c9talon DC\"}]},{\"@type\":\"WebSite\",\"@id\":\"https:\/\/www.qnde.ca\/#website\",\"url\":\"https:\/\/www.qnde.ca\/\",\"name\":\"Qualit\u00e9 NDE\",\"description\":\"\u00c9quipements d&#039;essais non destructifs \",\"publisher\":{\"@id\":\"https:\/\/www.qnde.ca\/#organization\"},\"potentialAction\":[{\"@type\":\"SearchAction\",\"target\":{\"@type\":\"EntryPoint\",\"urlTemplate\":\"https:\/\/www.qnde.ca\/?s={search_term_string}\"},\"query-input\":{\"@type\":\"PropertyValueSpecification\",\"valueRequired\":true,\"valueName\":\"search_term_string\"}}],\"inLanguage\":\"fr-FR\"},{\"@type\":\"Organization\",\"@id\":\"https:\/\/www.qnde.ca\/#organization\",\"name\":\"Quality NDT Ltd.\",\"url\":\"https:\/\/www.qnde.ca\/\",\"logo\":{\"@type\":\"ImageObject\",\"inLanguage\":\"fr-FR\",\"@id\":\"https:\/\/www.qnde.ca\/#\/schema\/logo\/image\/\",\"url\":\"https:\/\/www.qnde.ca\/wp-content\/uploads\/2022\/02\/QNDE_logo_RGB-gif.gif\",\"contentUrl\":\"https:\/\/www.qnde.ca\/wp-content\/uploads\/2022\/02\/QNDE_logo_RGB-gif.gif\",\"width\":250,\"height\":64,\"caption\":\"Quality NDT Ltd.\"},\"image\":{\"@id\":\"https:\/\/www.qnde.ca\/#\/schema\/logo\/image\/\"},\"sameAs\":[\"https:\/\/www.linkedin.com\/company\/qnde\/about\/?viewAsMember=true\"]}]}<\/script>\n<!-- \/ Yoast SEO plugin. -->","yoast_head_json":{"title":"Curtis Industries Bloc \u00c9talon DC &#060; Qualit\u00e9 NDE","description":"Curtis Industries Bloc d'\u00e9talon DC pour \u00e9talonnage de la distance et de la sensibilit\u00e9 aux ondes transversales. Imp\u00e9riale ou m\u00e9trique.","robots":{"index":"index","follow":"follow","max-snippet":"max-snippet:-1","max-image-preview":"max-image-preview:large","max-video-preview":"max-video-preview:-1"},"canonical":"https:\/\/www.qnde.ca\/fr\/produit\/dc-bloc-etalon\/","twitter_misc":{"Dur\u00e9e de lecture estim\u00e9e":"1 minute"},"schema":{"@context":"https:\/\/schema.org","@graph":[{"@type":["WebPage","ItemPage"],"@id":"https:\/\/www.qnde.ca\/fr\/produit\/dc-bloc-etalon\/","url":"https:\/\/www.qnde.ca\/fr\/produit\/dc-bloc-etalon\/","name":"Curtis Industries Bloc \u00c9talon DC &#060; Qualit\u00e9 NDE","isPartOf":{"@id":"https:\/\/www.qnde.ca\/#website"},"primaryImageOfPage":{"@id":"https:\/\/www.qnde.ca\/fr\/produit\/dc-bloc-etalon\/#primaryimage"},"image":{"@id":"https:\/\/www.qnde.ca\/fr\/produit\/dc-bloc-etalon\/#primaryimage"},"thumbnailUrl":"https:\/\/www.qnde.ca\/wp-content\/uploads\/2021\/04\/Calibration-block-DC-type-carbon-steel-1018-with-wood-case.jpg","datePublished":"2021-04-23T19:27:20+00:00","dateModified":"2025-08-18T18:31:44+00:00","description":"Curtis Industries Bloc d'\u00e9talon DC pour \u00e9talonnage de la distance et de la sensibilit\u00e9 aux ondes transversales. Imp\u00e9riale ou m\u00e9trique.","breadcrumb":{"@id":"https:\/\/www.qnde.ca\/fr\/produit\/dc-bloc-etalon\/#breadcrumb"},"inLanguage":"fr-FR","potentialAction":[{"@type":"ReadAction","target":["https:\/\/www.qnde.ca\/fr\/produit\/dc-bloc-etalon\/"]}]},{"@type":"ImageObject","inLanguage":"fr-FR","@id":"https:\/\/www.qnde.ca\/fr\/produit\/dc-bloc-etalon\/#primaryimage","url":"https:\/\/www.qnde.ca\/wp-content\/uploads\/2021\/04\/Calibration-block-DC-type-carbon-steel-1018-with-wood-case.jpg","contentUrl":"https:\/\/www.qnde.ca\/wp-content\/uploads\/2021\/04\/Calibration-block-DC-type-carbon-steel-1018-with-wood-case.jpg","width":405,"height":500,"caption":"Calibration block, DC type, carbon steel 1018, with wood case"},{"@type":"BreadcrumbList","@id":"https:\/\/www.qnde.ca\/fr\/produit\/dc-bloc-etalon\/#breadcrumb","itemListElement":[{"@type":"ListItem","position":1,"name":"Accueil","item":"https:\/\/www.qnde.ca\/fr\/"},{"@type":"ListItem","position":2,"name":"Produits","item":"https:\/\/www.qnde.ca\/fr\/produits\/"},{"@type":"ListItem","position":3,"name":"Ultrasons","item":"https:\/\/www.qnde.ca\/fr\/product-category\/ultrasons\/"},{"@type":"ListItem","position":4,"name":"Blocs d'\u00c9talonnage","item":"https:\/\/www.qnde.ca\/fr\/product-category\/ultrasons\/blocs-etalonnage\/"},{"@type":"ListItem","position":5,"name":"Curtis Industries Bloc \u00c9talon DC"}]},{"@type":"WebSite","@id":"https:\/\/www.qnde.ca\/#website","url":"https:\/\/www.qnde.ca\/","name":"Qualit\u00e9 NDE","description":"\u00c9quipements d&#039;essais non destructifs ","publisher":{"@id":"https:\/\/www.qnde.ca\/#organization"},"potentialAction":[{"@type":"SearchAction","target":{"@type":"EntryPoint","urlTemplate":"https:\/\/www.qnde.ca\/?s={search_term_string}"},"query-input":{"@type":"PropertyValueSpecification","valueRequired":true,"valueName":"search_term_string"}}],"inLanguage":"fr-FR"},{"@type":"Organization","@id":"https:\/\/www.qnde.ca\/#organization","name":"Quality NDT Ltd.","url":"https:\/\/www.qnde.ca\/","logo":{"@type":"ImageObject","inLanguage":"fr-FR","@id":"https:\/\/www.qnde.ca\/#\/schema\/logo\/image\/","url":"https:\/\/www.qnde.ca\/wp-content\/uploads\/2022\/02\/QNDE_logo_RGB-gif.gif","contentUrl":"https:\/\/www.qnde.ca\/wp-content\/uploads\/2022\/02\/QNDE_logo_RGB-gif.gif","width":250,"height":64,"caption":"Quality NDT Ltd."},"image":{"@id":"https:\/\/www.qnde.ca\/#\/schema\/logo\/image\/"},"sameAs":["https:\/\/www.linkedin.com\/company\/qnde\/about\/?viewAsMember=true"]}]}},"jetpack_sharing_enabled":true,"_links":{"self":[{"href":"https:\/\/www.qnde.ca\/fr\/wp-json\/wp\/v2\/product\/19691","targetHints":{"allow":["GET"]}}],"collection":[{"href":"https:\/\/www.qnde.ca\/fr\/wp-json\/wp\/v2\/product"}],"about":[{"href":"https:\/\/www.qnde.ca\/fr\/wp-json\/wp\/v2\/types\/product"}],"wp:featuredmedia":[{"embeddable":true,"href":"https:\/\/www.qnde.ca\/fr\/wp-json\/wp\/v2\/media\/19695"}],"wp:attachment":[{"href":"https:\/\/www.qnde.ca\/fr\/wp-json\/wp\/v2\/media?parent=19691"}],"wp:term":[{"taxonomy":"product_brand","embeddable":true,"href":"https:\/\/www.qnde.ca\/fr\/wp-json\/wp\/v2\/product_brand?post=19691"},{"taxonomy":"product_cat","embeddable":true,"href":"https:\/\/www.qnde.ca\/fr\/wp-json\/wp\/v2\/product_cat?post=19691"},{"taxonomy":"product_tag","embeddable":true,"href":"https:\/\/www.qnde.ca\/fr\/wp-json\/wp\/v2\/product_tag?post=19691"}],"curies":[{"name":"wp","href":"https:\/\/api.w.org\/{rel}","templated":true}]}}