{"id":19676,"date":"2021-04-23T15:04:06","date_gmt":"2021-04-23T19:04:06","guid":{"rendered":"https:\/\/www.qnde.ca\/?post_type=product&#038;p=19676"},"modified":"2025-08-18T14:40:41","modified_gmt":"2025-08-18T18:40:41","slug":"plaque-reference-ultrason","status":"publish","type":"product","link":"https:\/\/www.qnde.ca\/fr\/produit\/plaque-reference-ultrason\/","title":{"rendered":"Curtis Industries ASME N-625, Plaque de R\u00e9f\u00e9rence"},"content":{"rendered":"<h3><strong>Curtis Industries ASME N-625, Plaque de R\u00e9f\u00e9rence <\/strong><\/h3>\n<p>Plaque de r\u00e9f\u00e9rence ASME N-625 pour les \u00e9talonnages de sensibilit\u00e9s aux ondes transversales et ondes de surface. Comprends trois trous de 0.062&Prime; de diam\u00e8tre avec une profondeur de 0.050&Prime;, 0.250&Prime; et \u00e0 travers, un trou de 0.062&Prime; avec une profondeur de 1.500&Prime;, un trou de 0.125&Prime; avec une profondeur de 1.625&Prime; et un trou de 0.250&Prime; avec une profondeur de 1.75&Prime;. Contiens \u00e9galement une encoche d&rsquo;\u00e9talonnage selon ASME 1275N. Dimensions: 12.000&Prime;L x 6.000&Prime; l x 0.0500&Prime; d\u2019\u00e9pais \u2013 12lb.<\/p>\n<p>Mat\u00e9riaux standard disponibles: Aluminium (7075), Stainless (304) et Acier (1018).<\/p>\n<p>Mat\u00e9riaux sp\u00e9ciaux aussi disponibles: Hastelloy X, Inconel 600, Monel 400 et Titane 6\/4.<\/p>\n<ul>\n<li><strong>QXX-5030<\/strong>: plaque de r\u00e9f\u00e9rence ASME N-625, acier 1018, avec certificat.<\/li>\n<li><strong>QXX-5030A<\/strong>: plaque de r\u00e9f\u00e9rence ASME N-625, aluminium 7075-T6, avec certificat.<\/li>\n<li><strong>QXX-5032<\/strong>: plaque de r\u00e9f\u00e9rence ASME N-625, stainless 304, avec certificat.<\/li>\n<\/ul>\n<h4><strong>Bo\u00eetier:<\/strong><\/h4>\n<ul>\n<li><strong>HC-625<\/strong>: Bo\u00eetier standard en bois dur pour plaque de r\u00e9f\u00e9rence ASME N625.<\/li>\n<\/ul>\n","protected":false},"excerpt":{"rendered":"<p>Curtis Industries ASME N-625, Plaque de R\u00e9f\u00e9rence Plaque de r\u00e9f\u00e9rence ASME N-625 pour les \u00e9talonnages de sensibilit\u00e9s aux ondes transversales et ondes de surface. Comprends trois trous de 0.062&Prime; de diam\u00e8tre avec une profondeur de 0.050&Prime;, 0.250&Prime; et \u00e0 travers, un trou de 0.062&Prime; avec une profondeur de 1.500&Prime;, un trou de 0.125&Prime; avec une [&hellip;]<\/p>\n","protected":false},"featured_media":19683,"template":"","meta":{"_monsterinsights_skip_tracking":false,"_monsterinsights_sitenote_active":false,"_monsterinsights_sitenote_note":"","_monsterinsights_sitenote_category":0},"product_brand":[],"product_cat":[403,332],"product_tag":[],"class_list":{"0":"post-19676","1":"product","2":"type-product","3":"status-publish","4":"has-post-thumbnail","6":"product_cat-curtis-industries-fr","7":"product_cat-blocs-etalonnage","9":"first","10":"instock","11":"shipping-taxable","12":"purchasable","13":"product-type-variable"},"yoast_head":"<!-- This site is optimized with the Yoast SEO plugin v23.9 - https:\/\/yoast.com\/wordpress\/plugins\/seo\/ -->\n<title>Curtis Industries ASME N-625, Plaque de R\u00e9f\u00e9rence &#060; Qualit\u00e9 NDE<\/title>\n<meta name=\"description\" content=\"Curtis Industries: Plaque de r\u00e9f\u00e9rence ASME N-625 pour les \u00e9talonnages de sensibilit\u00e9s aux ondes transversales et ondes de surface.\" \/>\n<meta name=\"robots\" content=\"index, follow, max-snippet:-1, max-image-preview:large, max-video-preview:-1\" \/>\n<link rel=\"canonical\" href=\"https:\/\/www.qnde.ca\/fr\/produit\/plaque-reference-ultrason\/\" \/>\n<meta name=\"twitter:label1\" content=\"Dur\u00e9e de lecture estim\u00e9e\" \/>\n\t<meta name=\"twitter:data1\" content=\"1 minute\" \/>\n<script type=\"application\/ld+json\" class=\"yoast-schema-graph\">{\"@context\":\"https:\/\/schema.org\",\"@graph\":[{\"@type\":[\"WebPage\",\"ItemPage\"],\"@id\":\"https:\/\/www.qnde.ca\/fr\/produit\/plaque-reference-ultrason\/\",\"url\":\"https:\/\/www.qnde.ca\/fr\/produit\/plaque-reference-ultrason\/\",\"name\":\"Curtis Industries ASME N-625, Plaque de R\u00e9f\u00e9rence &#060; Qualit\u00e9 NDE\",\"isPartOf\":{\"@id\":\"https:\/\/www.qnde.ca\/#website\"},\"primaryImageOfPage\":{\"@id\":\"https:\/\/www.qnde.ca\/fr\/produit\/plaque-reference-ultrason\/#primaryimage\"},\"image\":{\"@id\":\"https:\/\/www.qnde.ca\/fr\/produit\/plaque-reference-ultrason\/#primaryimage\"},\"thumbnailUrl\":\"https:\/\/www.qnde.ca\/wp-content\/uploads\/2021\/04\/ASME-N-625-reference-plate-carbon-steel-1018-with-wood-case.jpg\",\"datePublished\":\"2021-04-23T19:04:06+00:00\",\"dateModified\":\"2025-08-18T18:40:41+00:00\",\"description\":\"Curtis Industries: Plaque de r\u00e9f\u00e9rence ASME N-625 pour les \u00e9talonnages de sensibilit\u00e9s aux ondes transversales et ondes de surface.\",\"breadcrumb\":{\"@id\":\"https:\/\/www.qnde.ca\/fr\/produit\/plaque-reference-ultrason\/#breadcrumb\"},\"inLanguage\":\"fr-FR\",\"potentialAction\":[{\"@type\":\"ReadAction\",\"target\":[\"https:\/\/www.qnde.ca\/fr\/produit\/plaque-reference-ultrason\/\"]}]},{\"@type\":\"ImageObject\",\"inLanguage\":\"fr-FR\",\"@id\":\"https:\/\/www.qnde.ca\/fr\/produit\/plaque-reference-ultrason\/#primaryimage\",\"url\":\"https:\/\/www.qnde.ca\/wp-content\/uploads\/2021\/04\/ASME-N-625-reference-plate-carbon-steel-1018-with-wood-case.jpg\",\"contentUrl\":\"https:\/\/www.qnde.ca\/wp-content\/uploads\/2021\/04\/ASME-N-625-reference-plate-carbon-steel-1018-with-wood-case.jpg\",\"width\":500,\"height\":500,\"caption\":\"ASME N-625 reference plate, carbon steel 1018, with wood case\"},{\"@type\":\"BreadcrumbList\",\"@id\":\"https:\/\/www.qnde.ca\/fr\/produit\/plaque-reference-ultrason\/#breadcrumb\",\"itemListElement\":[{\"@type\":\"ListItem\",\"position\":1,\"name\":\"Accueil\",\"item\":\"https:\/\/www.qnde.ca\/fr\/\"},{\"@type\":\"ListItem\",\"position\":2,\"name\":\"Produits\",\"item\":\"https:\/\/www.qnde.ca\/fr\/produits\/\"},{\"@type\":\"ListItem\",\"position\":3,\"name\":\"Ultrasons\",\"item\":\"https:\/\/www.qnde.ca\/fr\/product-category\/ultrasons\/\"},{\"@type\":\"ListItem\",\"position\":4,\"name\":\"Blocs d'\u00c9talonnage\",\"item\":\"https:\/\/www.qnde.ca\/fr\/product-category\/ultrasons\/blocs-etalonnage\/\"},{\"@type\":\"ListItem\",\"position\":5,\"name\":\"Curtis Industries ASME N-625, Plaque de R\u00e9f\u00e9rence\"}]},{\"@type\":\"WebSite\",\"@id\":\"https:\/\/www.qnde.ca\/#website\",\"url\":\"https:\/\/www.qnde.ca\/\",\"name\":\"Qualit\u00e9 NDE\",\"description\":\"\u00c9quipements d&#039;essais non destructifs \",\"publisher\":{\"@id\":\"https:\/\/www.qnde.ca\/#organization\"},\"potentialAction\":[{\"@type\":\"SearchAction\",\"target\":{\"@type\":\"EntryPoint\",\"urlTemplate\":\"https:\/\/www.qnde.ca\/?s={search_term_string}\"},\"query-input\":{\"@type\":\"PropertyValueSpecification\",\"valueRequired\":true,\"valueName\":\"search_term_string\"}}],\"inLanguage\":\"fr-FR\"},{\"@type\":\"Organization\",\"@id\":\"https:\/\/www.qnde.ca\/#organization\",\"name\":\"Quality NDT Ltd.\",\"url\":\"https:\/\/www.qnde.ca\/\",\"logo\":{\"@type\":\"ImageObject\",\"inLanguage\":\"fr-FR\",\"@id\":\"https:\/\/www.qnde.ca\/#\/schema\/logo\/image\/\",\"url\":\"https:\/\/www.qnde.ca\/wp-content\/uploads\/2022\/02\/QNDE_logo_RGB-gif.gif\",\"contentUrl\":\"https:\/\/www.qnde.ca\/wp-content\/uploads\/2022\/02\/QNDE_logo_RGB-gif.gif\",\"width\":250,\"height\":64,\"caption\":\"Quality NDT Ltd.\"},\"image\":{\"@id\":\"https:\/\/www.qnde.ca\/#\/schema\/logo\/image\/\"},\"sameAs\":[\"https:\/\/www.linkedin.com\/company\/qnde\/about\/?viewAsMember=true\"]}]}<\/script>\n<!-- \/ Yoast SEO plugin. -->","yoast_head_json":{"title":"Curtis Industries ASME N-625, Plaque de R\u00e9f\u00e9rence &#060; Qualit\u00e9 NDE","description":"Curtis Industries: Plaque de r\u00e9f\u00e9rence ASME N-625 pour les \u00e9talonnages de sensibilit\u00e9s aux ondes transversales et ondes de surface.","robots":{"index":"index","follow":"follow","max-snippet":"max-snippet:-1","max-image-preview":"max-image-preview:large","max-video-preview":"max-video-preview:-1"},"canonical":"https:\/\/www.qnde.ca\/fr\/produit\/plaque-reference-ultrason\/","twitter_misc":{"Dur\u00e9e de lecture estim\u00e9e":"1 minute"},"schema":{"@context":"https:\/\/schema.org","@graph":[{"@type":["WebPage","ItemPage"],"@id":"https:\/\/www.qnde.ca\/fr\/produit\/plaque-reference-ultrason\/","url":"https:\/\/www.qnde.ca\/fr\/produit\/plaque-reference-ultrason\/","name":"Curtis Industries ASME N-625, Plaque de R\u00e9f\u00e9rence &#060; Qualit\u00e9 NDE","isPartOf":{"@id":"https:\/\/www.qnde.ca\/#website"},"primaryImageOfPage":{"@id":"https:\/\/www.qnde.ca\/fr\/produit\/plaque-reference-ultrason\/#primaryimage"},"image":{"@id":"https:\/\/www.qnde.ca\/fr\/produit\/plaque-reference-ultrason\/#primaryimage"},"thumbnailUrl":"https:\/\/www.qnde.ca\/wp-content\/uploads\/2021\/04\/ASME-N-625-reference-plate-carbon-steel-1018-with-wood-case.jpg","datePublished":"2021-04-23T19:04:06+00:00","dateModified":"2025-08-18T18:40:41+00:00","description":"Curtis Industries: Plaque de r\u00e9f\u00e9rence ASME N-625 pour les \u00e9talonnages de sensibilit\u00e9s aux ondes transversales et ondes de surface.","breadcrumb":{"@id":"https:\/\/www.qnde.ca\/fr\/produit\/plaque-reference-ultrason\/#breadcrumb"},"inLanguage":"fr-FR","potentialAction":[{"@type":"ReadAction","target":["https:\/\/www.qnde.ca\/fr\/produit\/plaque-reference-ultrason\/"]}]},{"@type":"ImageObject","inLanguage":"fr-FR","@id":"https:\/\/www.qnde.ca\/fr\/produit\/plaque-reference-ultrason\/#primaryimage","url":"https:\/\/www.qnde.ca\/wp-content\/uploads\/2021\/04\/ASME-N-625-reference-plate-carbon-steel-1018-with-wood-case.jpg","contentUrl":"https:\/\/www.qnde.ca\/wp-content\/uploads\/2021\/04\/ASME-N-625-reference-plate-carbon-steel-1018-with-wood-case.jpg","width":500,"height":500,"caption":"ASME N-625 reference plate, carbon steel 1018, with wood case"},{"@type":"BreadcrumbList","@id":"https:\/\/www.qnde.ca\/fr\/produit\/plaque-reference-ultrason\/#breadcrumb","itemListElement":[{"@type":"ListItem","position":1,"name":"Accueil","item":"https:\/\/www.qnde.ca\/fr\/"},{"@type":"ListItem","position":2,"name":"Produits","item":"https:\/\/www.qnde.ca\/fr\/produits\/"},{"@type":"ListItem","position":3,"name":"Ultrasons","item":"https:\/\/www.qnde.ca\/fr\/product-category\/ultrasons\/"},{"@type":"ListItem","position":4,"name":"Blocs d'\u00c9talonnage","item":"https:\/\/www.qnde.ca\/fr\/product-category\/ultrasons\/blocs-etalonnage\/"},{"@type":"ListItem","position":5,"name":"Curtis Industries ASME N-625, Plaque de R\u00e9f\u00e9rence"}]},{"@type":"WebSite","@id":"https:\/\/www.qnde.ca\/#website","url":"https:\/\/www.qnde.ca\/","name":"Qualit\u00e9 NDE","description":"\u00c9quipements d&#039;essais non destructifs ","publisher":{"@id":"https:\/\/www.qnde.ca\/#organization"},"potentialAction":[{"@type":"SearchAction","target":{"@type":"EntryPoint","urlTemplate":"https:\/\/www.qnde.ca\/?s={search_term_string}"},"query-input":{"@type":"PropertyValueSpecification","valueRequired":true,"valueName":"search_term_string"}}],"inLanguage":"fr-FR"},{"@type":"Organization","@id":"https:\/\/www.qnde.ca\/#organization","name":"Quality NDT Ltd.","url":"https:\/\/www.qnde.ca\/","logo":{"@type":"ImageObject","inLanguage":"fr-FR","@id":"https:\/\/www.qnde.ca\/#\/schema\/logo\/image\/","url":"https:\/\/www.qnde.ca\/wp-content\/uploads\/2022\/02\/QNDE_logo_RGB-gif.gif","contentUrl":"https:\/\/www.qnde.ca\/wp-content\/uploads\/2022\/02\/QNDE_logo_RGB-gif.gif","width":250,"height":64,"caption":"Quality NDT Ltd."},"image":{"@id":"https:\/\/www.qnde.ca\/#\/schema\/logo\/image\/"},"sameAs":["https:\/\/www.linkedin.com\/company\/qnde\/about\/?viewAsMember=true"]}]}},"jetpack_sharing_enabled":true,"_links":{"self":[{"href":"https:\/\/www.qnde.ca\/fr\/wp-json\/wp\/v2\/product\/19676","targetHints":{"allow":["GET"]}}],"collection":[{"href":"https:\/\/www.qnde.ca\/fr\/wp-json\/wp\/v2\/product"}],"about":[{"href":"https:\/\/www.qnde.ca\/fr\/wp-json\/wp\/v2\/types\/product"}],"wp:featuredmedia":[{"embeddable":true,"href":"https:\/\/www.qnde.ca\/fr\/wp-json\/wp\/v2\/media\/19683"}],"wp:attachment":[{"href":"https:\/\/www.qnde.ca\/fr\/wp-json\/wp\/v2\/media?parent=19676"}],"wp:term":[{"taxonomy":"product_brand","embeddable":true,"href":"https:\/\/www.qnde.ca\/fr\/wp-json\/wp\/v2\/product_brand?post=19676"},{"taxonomy":"product_cat","embeddable":true,"href":"https:\/\/www.qnde.ca\/fr\/wp-json\/wp\/v2\/product_cat?post=19676"},{"taxonomy":"product_tag","embeddable":true,"href":"https:\/\/www.qnde.ca\/fr\/wp-json\/wp\/v2\/product_tag?post=19676"}],"curies":[{"name":"wp","href":"https:\/\/api.w.org\/{rel}","templated":true}]}}