{"id":19660,"date":"2021-04-23T14:03:45","date_gmt":"2021-04-23T18:03:45","guid":{"rendered":"https:\/\/www.qnde.ca\/?post_type=product&#038;p=19660"},"modified":"2025-08-18T14:43:35","modified_gmt":"2025-08-18T18:43:35","slug":"dsc-fr","status":"publish","type":"product","link":"https:\/\/www.qnde.ca\/fr\/produit\/dsc-fr\/","title":{"rendered":"Curtis Industries Bloc \u00c9talon DSC"},"content":{"rendered":"<h3>Curtis Industries Bloc \u00c9talon DSC<\/h3>\n<p>Pour l\u2019\u00e9talonnage de la distance, la sensibilit\u00e9 et l\u2019angle r\u00e9fract\u00e9 selon les normes BRR\/AWS. 1&Prime; d\u2019\u00e9paisseur x 4&Prime; de longueur avec rayons de 1&Prime; et 3&Prime; \u2013 p\u00e8se 4lb. Comprends entaille de 3\/8&Prime; de profond x 1\/32&Prime; de rayon et un trou de c\u00f4t\u00e9 de 1\/8&Prime; de diam\u00e8tre pour sondes de 45, 60 et 70\u00b0. Veuillez sp\u00e9cifier les unit\u00e9s de mesure d\u00e9sir\u00e9es: Imp\u00e9riale ou M\u00e9trique.<\/p>\n<ul>\n<li><strong>QXX-5010<\/strong>: Bloc \u00e9talon DSC, acier 1018, avec bo\u00eetier de bois et certificat.<\/li>\n<li><strong>QXX-5010-1<\/strong>: Bloc \u00e9talon DSC, acier 1018, avec certificat.<\/li>\n<li><strong>QXX-5010A<\/strong>: Bloc \u00e9talon DSC, aluminium 7075-T6, avec bo\u00eetier de bois et certificat.<\/li>\n<li><strong>QXX-5012<\/strong>: Bloc \u00e9talon DSC, stainless 304, avec bo\u00eetier de bois et certificat.<\/li>\n<\/ul>\n<h4><strong>Bo\u00eetier:<\/strong><\/h4>\n<ul>\n<li><strong>HC-DSC<\/strong>: Bo\u00eetier standard en bois dur pour blocs DSC.<\/li>\n<\/ul>\n","protected":false},"excerpt":{"rendered":"<p>Curtis Industries Bloc \u00c9talon DSC Pour l\u2019\u00e9talonnage de la distance, la sensibilit\u00e9 et l\u2019angle r\u00e9fract\u00e9 selon les normes BRR\/AWS. 1&Prime; d\u2019\u00e9paisseur x 4&Prime; de longueur avec rayons de 1&Prime; et 3&Prime; \u2013 p\u00e8se 4lb. Comprends entaille de 3\/8&Prime; de profond x 1\/32&Prime; de rayon et un trou de c\u00f4t\u00e9 de 1\/8&Prime; de diam\u00e8tre pour sondes [&hellip;]<\/p>\n","protected":false},"featured_media":19663,"template":"","meta":{"_monsterinsights_skip_tracking":false,"_monsterinsights_sitenote_active":false,"_monsterinsights_sitenote_note":"","_monsterinsights_sitenote_category":0},"product_brand":[],"product_cat":[403,332],"product_tag":[],"class_list":{"0":"post-19660","1":"product","2":"type-product","3":"status-publish","4":"has-post-thumbnail","6":"product_cat-curtis-industries-fr","7":"product_cat-blocs-etalonnage","9":"first","10":"instock","11":"shipping-taxable","12":"purchasable","13":"product-type-variable"},"yoast_head":"<!-- This site is optimized with the Yoast SEO plugin v23.9 - https:\/\/yoast.com\/wordpress\/plugins\/seo\/ -->\n<title>Curtis Industries Bloc \u00c9talon DSC &#060; Qualit\u00e9 NDE<\/title>\n<meta name=\"description\" content=\"Curtis Industries Bloc \u00e9talon DSC pour l&#039;\u00e9talonnage de la distance, la sensibilit\u00e9 et l\u2019angle r\u00e9fract\u00e9 selon les normes BRR\/AWS.\" \/>\n<meta name=\"robots\" content=\"index, follow, max-snippet:-1, max-image-preview:large, max-video-preview:-1\" \/>\n<link rel=\"canonical\" href=\"https:\/\/www.qnde.ca\/fr\/produit\/dsc-fr\/\" \/>\n<meta name=\"twitter:label1\" content=\"Dur\u00e9e de lecture estim\u00e9e\" \/>\n\t<meta name=\"twitter:data1\" content=\"1 minute\" \/>\n<script type=\"application\/ld+json\" class=\"yoast-schema-graph\">{\"@context\":\"https:\/\/schema.org\",\"@graph\":[{\"@type\":[\"WebPage\",\"ItemPage\"],\"@id\":\"https:\/\/www.qnde.ca\/fr\/produit\/dsc-fr\/\",\"url\":\"https:\/\/www.qnde.ca\/fr\/produit\/dsc-fr\/\",\"name\":\"Curtis Industries Bloc \u00c9talon DSC &#060; Qualit\u00e9 NDE\",\"isPartOf\":{\"@id\":\"https:\/\/www.qnde.ca\/#website\"},\"primaryImageOfPage\":{\"@id\":\"https:\/\/www.qnde.ca\/fr\/produit\/dsc-fr\/#primaryimage\"},\"image\":{\"@id\":\"https:\/\/www.qnde.ca\/fr\/produit\/dsc-fr\/#primaryimage\"},\"thumbnailUrl\":\"https:\/\/www.qnde.ca\/wp-content\/uploads\/2021\/04\/Calibration-block-DSC-type-carbon-steel-1018-with-wood-case.jpg\",\"datePublished\":\"2021-04-23T18:03:45+00:00\",\"dateModified\":\"2025-08-18T18:43:35+00:00\",\"description\":\"Curtis Industries Bloc \u00e9talon DSC pour l'\u00e9talonnage de la distance, la sensibilit\u00e9 et l\u2019angle r\u00e9fract\u00e9 selon les normes BRR\/AWS.\",\"breadcrumb\":{\"@id\":\"https:\/\/www.qnde.ca\/fr\/produit\/dsc-fr\/#breadcrumb\"},\"inLanguage\":\"fr-FR\",\"potentialAction\":[{\"@type\":\"ReadAction\",\"target\":[\"https:\/\/www.qnde.ca\/fr\/produit\/dsc-fr\/\"]}]},{\"@type\":\"ImageObject\",\"inLanguage\":\"fr-FR\",\"@id\":\"https:\/\/www.qnde.ca\/fr\/produit\/dsc-fr\/#primaryimage\",\"url\":\"https:\/\/www.qnde.ca\/wp-content\/uploads\/2021\/04\/Calibration-block-DSC-type-carbon-steel-1018-with-wood-case.jpg\",\"contentUrl\":\"https:\/\/www.qnde.ca\/wp-content\/uploads\/2021\/04\/Calibration-block-DSC-type-carbon-steel-1018-with-wood-case.jpg\",\"width\":849,\"height\":1089,\"caption\":\"Calibration block, DSC type, carbon steel 1018, with wood case\"},{\"@type\":\"BreadcrumbList\",\"@id\":\"https:\/\/www.qnde.ca\/fr\/produit\/dsc-fr\/#breadcrumb\",\"itemListElement\":[{\"@type\":\"ListItem\",\"position\":1,\"name\":\"Accueil\",\"item\":\"https:\/\/www.qnde.ca\/fr\/\"},{\"@type\":\"ListItem\",\"position\":2,\"name\":\"Produits\",\"item\":\"https:\/\/www.qnde.ca\/fr\/produits\/\"},{\"@type\":\"ListItem\",\"position\":3,\"name\":\"Ultrasons\",\"item\":\"https:\/\/www.qnde.ca\/fr\/product-category\/ultrasons\/\"},{\"@type\":\"ListItem\",\"position\":4,\"name\":\"Blocs d'\u00c9talonnage\",\"item\":\"https:\/\/www.qnde.ca\/fr\/product-category\/ultrasons\/blocs-etalonnage\/\"},{\"@type\":\"ListItem\",\"position\":5,\"name\":\"Curtis Industries Bloc \u00c9talon DSC\"}]},{\"@type\":\"WebSite\",\"@id\":\"https:\/\/www.qnde.ca\/#website\",\"url\":\"https:\/\/www.qnde.ca\/\",\"name\":\"Qualit\u00e9 NDE\",\"description\":\"\u00c9quipements d&#039;essais non destructifs \",\"publisher\":{\"@id\":\"https:\/\/www.qnde.ca\/#organization\"},\"potentialAction\":[{\"@type\":\"SearchAction\",\"target\":{\"@type\":\"EntryPoint\",\"urlTemplate\":\"https:\/\/www.qnde.ca\/?s={search_term_string}\"},\"query-input\":{\"@type\":\"PropertyValueSpecification\",\"valueRequired\":true,\"valueName\":\"search_term_string\"}}],\"inLanguage\":\"fr-FR\"},{\"@type\":\"Organization\",\"@id\":\"https:\/\/www.qnde.ca\/#organization\",\"name\":\"Quality NDT Ltd.\",\"url\":\"https:\/\/www.qnde.ca\/\",\"logo\":{\"@type\":\"ImageObject\",\"inLanguage\":\"fr-FR\",\"@id\":\"https:\/\/www.qnde.ca\/#\/schema\/logo\/image\/\",\"url\":\"https:\/\/www.qnde.ca\/wp-content\/uploads\/2022\/02\/QNDE_logo_RGB-gif.gif\",\"contentUrl\":\"https:\/\/www.qnde.ca\/wp-content\/uploads\/2022\/02\/QNDE_logo_RGB-gif.gif\",\"width\":250,\"height\":64,\"caption\":\"Quality NDT Ltd.\"},\"image\":{\"@id\":\"https:\/\/www.qnde.ca\/#\/schema\/logo\/image\/\"},\"sameAs\":[\"https:\/\/www.linkedin.com\/company\/qnde\/about\/?viewAsMember=true\"]}]}<\/script>\n<!-- \/ Yoast SEO plugin. -->","yoast_head_json":{"title":"Curtis Industries Bloc \u00c9talon DSC &#060; Qualit\u00e9 NDE","description":"Curtis Industries Bloc \u00e9talon DSC pour l'\u00e9talonnage de la distance, la sensibilit\u00e9 et l\u2019angle r\u00e9fract\u00e9 selon les normes BRR\/AWS.","robots":{"index":"index","follow":"follow","max-snippet":"max-snippet:-1","max-image-preview":"max-image-preview:large","max-video-preview":"max-video-preview:-1"},"canonical":"https:\/\/www.qnde.ca\/fr\/produit\/dsc-fr\/","twitter_misc":{"Dur\u00e9e de lecture estim\u00e9e":"1 minute"},"schema":{"@context":"https:\/\/schema.org","@graph":[{"@type":["WebPage","ItemPage"],"@id":"https:\/\/www.qnde.ca\/fr\/produit\/dsc-fr\/","url":"https:\/\/www.qnde.ca\/fr\/produit\/dsc-fr\/","name":"Curtis Industries Bloc \u00c9talon DSC &#060; Qualit\u00e9 NDE","isPartOf":{"@id":"https:\/\/www.qnde.ca\/#website"},"primaryImageOfPage":{"@id":"https:\/\/www.qnde.ca\/fr\/produit\/dsc-fr\/#primaryimage"},"image":{"@id":"https:\/\/www.qnde.ca\/fr\/produit\/dsc-fr\/#primaryimage"},"thumbnailUrl":"https:\/\/www.qnde.ca\/wp-content\/uploads\/2021\/04\/Calibration-block-DSC-type-carbon-steel-1018-with-wood-case.jpg","datePublished":"2021-04-23T18:03:45+00:00","dateModified":"2025-08-18T18:43:35+00:00","description":"Curtis Industries Bloc \u00e9talon DSC pour l'\u00e9talonnage de la distance, la sensibilit\u00e9 et l\u2019angle r\u00e9fract\u00e9 selon les normes BRR\/AWS.","breadcrumb":{"@id":"https:\/\/www.qnde.ca\/fr\/produit\/dsc-fr\/#breadcrumb"},"inLanguage":"fr-FR","potentialAction":[{"@type":"ReadAction","target":["https:\/\/www.qnde.ca\/fr\/produit\/dsc-fr\/"]}]},{"@type":"ImageObject","inLanguage":"fr-FR","@id":"https:\/\/www.qnde.ca\/fr\/produit\/dsc-fr\/#primaryimage","url":"https:\/\/www.qnde.ca\/wp-content\/uploads\/2021\/04\/Calibration-block-DSC-type-carbon-steel-1018-with-wood-case.jpg","contentUrl":"https:\/\/www.qnde.ca\/wp-content\/uploads\/2021\/04\/Calibration-block-DSC-type-carbon-steel-1018-with-wood-case.jpg","width":849,"height":1089,"caption":"Calibration block, DSC type, carbon steel 1018, with wood case"},{"@type":"BreadcrumbList","@id":"https:\/\/www.qnde.ca\/fr\/produit\/dsc-fr\/#breadcrumb","itemListElement":[{"@type":"ListItem","position":1,"name":"Accueil","item":"https:\/\/www.qnde.ca\/fr\/"},{"@type":"ListItem","position":2,"name":"Produits","item":"https:\/\/www.qnde.ca\/fr\/produits\/"},{"@type":"ListItem","position":3,"name":"Ultrasons","item":"https:\/\/www.qnde.ca\/fr\/product-category\/ultrasons\/"},{"@type":"ListItem","position":4,"name":"Blocs d'\u00c9talonnage","item":"https:\/\/www.qnde.ca\/fr\/product-category\/ultrasons\/blocs-etalonnage\/"},{"@type":"ListItem","position":5,"name":"Curtis Industries Bloc \u00c9talon DSC"}]},{"@type":"WebSite","@id":"https:\/\/www.qnde.ca\/#website","url":"https:\/\/www.qnde.ca\/","name":"Qualit\u00e9 NDE","description":"\u00c9quipements d&#039;essais non destructifs ","publisher":{"@id":"https:\/\/www.qnde.ca\/#organization"},"potentialAction":[{"@type":"SearchAction","target":{"@type":"EntryPoint","urlTemplate":"https:\/\/www.qnde.ca\/?s={search_term_string}"},"query-input":{"@type":"PropertyValueSpecification","valueRequired":true,"valueName":"search_term_string"}}],"inLanguage":"fr-FR"},{"@type":"Organization","@id":"https:\/\/www.qnde.ca\/#organization","name":"Quality NDT Ltd.","url":"https:\/\/www.qnde.ca\/","logo":{"@type":"ImageObject","inLanguage":"fr-FR","@id":"https:\/\/www.qnde.ca\/#\/schema\/logo\/image\/","url":"https:\/\/www.qnde.ca\/wp-content\/uploads\/2022\/02\/QNDE_logo_RGB-gif.gif","contentUrl":"https:\/\/www.qnde.ca\/wp-content\/uploads\/2022\/02\/QNDE_logo_RGB-gif.gif","width":250,"height":64,"caption":"Quality NDT Ltd."},"image":{"@id":"https:\/\/www.qnde.ca\/#\/schema\/logo\/image\/"},"sameAs":["https:\/\/www.linkedin.com\/company\/qnde\/about\/?viewAsMember=true"]}]}},"jetpack_sharing_enabled":true,"_links":{"self":[{"href":"https:\/\/www.qnde.ca\/fr\/wp-json\/wp\/v2\/product\/19660","targetHints":{"allow":["GET"]}}],"collection":[{"href":"https:\/\/www.qnde.ca\/fr\/wp-json\/wp\/v2\/product"}],"about":[{"href":"https:\/\/www.qnde.ca\/fr\/wp-json\/wp\/v2\/types\/product"}],"wp:featuredmedia":[{"embeddable":true,"href":"https:\/\/www.qnde.ca\/fr\/wp-json\/wp\/v2\/media\/19663"}],"wp:attachment":[{"href":"https:\/\/www.qnde.ca\/fr\/wp-json\/wp\/v2\/media?parent=19660"}],"wp:term":[{"taxonomy":"product_brand","embeddable":true,"href":"https:\/\/www.qnde.ca\/fr\/wp-json\/wp\/v2\/product_brand?post=19660"},{"taxonomy":"product_cat","embeddable":true,"href":"https:\/\/www.qnde.ca\/fr\/wp-json\/wp\/v2\/product_cat?post=19660"},{"taxonomy":"product_tag","embeddable":true,"href":"https:\/\/www.qnde.ca\/fr\/wp-json\/wp\/v2\/product_tag?post=19660"}],"curies":[{"name":"wp","href":"https:\/\/api.w.org\/{rel}","templated":true}]}}