{"id":19638,"date":"2021-04-23T11:52:43","date_gmt":"2021-04-23T15:52:43","guid":{"rendered":"https:\/\/www.qnde.ca\/?post_type=product&#038;p=19638"},"modified":"2025-08-18T14:46:43","modified_gmt":"2025-08-18T18:46:43","slug":"iiw2-fr","status":"publish","type":"product","link":"https:\/\/www.qnde.ca\/fr\/produit\/iiw2-fr\/","title":{"rendered":"Curtis Industries Bloc \u00c9talon IIW Type 2"},"content":{"rendered":"<h3><strong>Curtis Indstries Bloc \u00c9talon <\/strong><strong>IIW Type 2<\/strong><\/h3>\n<p>Bloc \u00e9talon IIW Type 1 modifi\u00e9, avec un rayon de 2&Prime; x avec d\u00e9coupe de 0.250&Prime; de profondeur et 3 trous suppl\u00e9mentaires pour \u00e9talonnage de r\u00e9solution. Rencontre les normes <em>International Institute of Welding<\/em> (IIW) et ASTM E164. 12.000&Prime;x4.000&Prime;x1.000&Prime; \u2013 12lb. Veuillez sp\u00e9cifier les unit\u00e9s de mesure d\u00e9sir\u00e9es: Imp\u00e9riale ou M\u00e9trique.<\/p>\n<h4><strong>Type 2:<\/strong><\/h4>\n<ul>\n<li><strong>QXX-5038<\/strong>: Bloc \u00e9talon IIW type 2, acier 1018, avec bo\u00eetier de bois et certificat.<\/li>\n<li><strong>QXX-5038A<\/strong>: Bloc \u00e9talon IIW type 2, aluminium 7075, avec bo\u00eetier de bois et certificat.<\/li>\n<li><strong>QXX-5040<\/strong>: Bloc \u00e9talon IIW type 2, 304 stainless, avec bo\u00eetier de bois et certificat.<\/li>\n<\/ul>\n<h4><span style=\"color: #000000;\"><a style=\"color: #000000;\" href=\"https:\/\/www.qnde.ca\/fr\/produit\/iiw1-fr\/\"><strong>Type 1:<\/strong><\/a><\/span><\/h4>\n<ul>\n<li><strong>QXX-5034<\/strong>: Bloc \u00e9talon IIW type 1, acier 1018, avec bo\u00eetier de bois et certificat.<\/li>\n<li><strong>QXX-5034A<\/strong>: Bloc \u00e9talon IIW type 1, aluminium 7075, avec bo\u00eetier de bois et certificat.<\/li>\n<li><strong>QXX-5036<\/strong>: Bloc \u00e9talon IIW type 1, stainless 304, avec bo\u00eetier de bois et certificat.<\/li>\n<\/ul>\n<h4><strong>Bo\u00eetier:<\/strong><\/h4>\n<ul>\n<li><strong>HC-IIW<\/strong>: Bo\u00eetier standard en bois dur pour blocs IIW.<\/li>\n<\/ul>\n","protected":false},"excerpt":{"rendered":"<p>Curtis Indstries Bloc \u00c9talon IIW Type 2 Bloc \u00e9talon IIW Type 1 modifi\u00e9, avec un rayon de 2&Prime; x avec d\u00e9coupe de 0.250&Prime; de profondeur et 3 trous suppl\u00e9mentaires pour \u00e9talonnage de r\u00e9solution. Rencontre les normes International Institute of Welding (IIW) et ASTM E164. 12.000&Prime;x4.000&Prime;x1.000&Prime; \u2013 12lb. Veuillez sp\u00e9cifier les unit\u00e9s de mesure d\u00e9sir\u00e9es: Imp\u00e9riale [&hellip;]<\/p>\n","protected":false},"featured_media":19657,"template":"","meta":{"_monsterinsights_skip_tracking":false,"_monsterinsights_sitenote_active":false,"_monsterinsights_sitenote_note":"","_monsterinsights_sitenote_category":0},"product_brand":[],"product_cat":[403,332],"product_tag":[],"class_list":{"0":"post-19638","1":"product","2":"type-product","3":"status-publish","4":"has-post-thumbnail","6":"product_cat-curtis-industries-fr","7":"product_cat-blocs-etalonnage","9":"first","10":"instock","11":"shipping-taxable","12":"purchasable","13":"product-type-variable"},"yoast_head":"<!-- This site is optimized with the Yoast SEO plugin v23.9 - https:\/\/yoast.com\/wordpress\/plugins\/seo\/ -->\n<title>Curtis Industries Bloc \u00c9talon IIW Type 2 &#060; Qualit\u00e9 NDE<\/title>\n<meta name=\"description\" content=\"Bloc \u00e9talon IIW Type 2 conforme IIW &amp; ASTM. Acier, alu ou inox, avec bo\u00eetier bois. 12&quot;x4&quot;x1&quot;, 12 lb. Disponible en unit\u00e9s imp\u00e9riales ou m\u00e9triques.\" \/>\n<meta name=\"robots\" content=\"index, follow, max-snippet:-1, max-image-preview:large, max-video-preview:-1\" \/>\n<link rel=\"canonical\" href=\"https:\/\/www.qnde.ca\/fr\/produit\/iiw2-fr\/\" \/>\n<meta name=\"twitter:label1\" content=\"Dur\u00e9e de lecture estim\u00e9e\" \/>\n\t<meta name=\"twitter:data1\" content=\"1 minute\" \/>\n<script type=\"application\/ld+json\" class=\"yoast-schema-graph\">{\"@context\":\"https:\/\/schema.org\",\"@graph\":[{\"@type\":[\"WebPage\",\"ItemPage\"],\"@id\":\"https:\/\/www.qnde.ca\/fr\/produit\/iiw2-fr\/\",\"url\":\"https:\/\/www.qnde.ca\/fr\/produit\/iiw2-fr\/\",\"name\":\"Curtis Industries Bloc \u00c9talon IIW Type 2 &#060; Qualit\u00e9 NDE\",\"isPartOf\":{\"@id\":\"https:\/\/www.qnde.ca\/#website\"},\"primaryImageOfPage\":{\"@id\":\"https:\/\/www.qnde.ca\/fr\/produit\/iiw2-fr\/#primaryimage\"},\"image\":{\"@id\":\"https:\/\/www.qnde.ca\/fr\/produit\/iiw2-fr\/#primaryimage\"},\"thumbnailUrl\":\"https:\/\/www.qnde.ca\/wp-content\/uploads\/2021\/04\/Calibration-block-IIW-type-2-carbon-steel-1018-with-wood-case.jpg\",\"datePublished\":\"2021-04-23T15:52:43+00:00\",\"dateModified\":\"2025-08-18T18:46:43+00:00\",\"description\":\"Bloc \u00e9talon IIW Type 2 conforme IIW & ASTM. Acier, alu ou inox, avec bo\u00eetier bois. 12\\\"x4\\\"x1\\\", 12 lb. Disponible en unit\u00e9s imp\u00e9riales ou m\u00e9triques.\",\"breadcrumb\":{\"@id\":\"https:\/\/www.qnde.ca\/fr\/produit\/iiw2-fr\/#breadcrumb\"},\"inLanguage\":\"fr-FR\",\"potentialAction\":[{\"@type\":\"ReadAction\",\"target\":[\"https:\/\/www.qnde.ca\/fr\/produit\/iiw2-fr\/\"]}]},{\"@type\":\"ImageObject\",\"inLanguage\":\"fr-FR\",\"@id\":\"https:\/\/www.qnde.ca\/fr\/produit\/iiw2-fr\/#primaryimage\",\"url\":\"https:\/\/www.qnde.ca\/wp-content\/uploads\/2021\/04\/Calibration-block-IIW-type-2-carbon-steel-1018-with-wood-case.jpg\",\"contentUrl\":\"https:\/\/www.qnde.ca\/wp-content\/uploads\/2021\/04\/Calibration-block-IIW-type-2-carbon-steel-1018-with-wood-case.jpg\",\"width\":1243,\"height\":1063,\"caption\":\"Calibration block IIW type 2, carbon steel 1018, with wood case\"},{\"@type\":\"BreadcrumbList\",\"@id\":\"https:\/\/www.qnde.ca\/fr\/produit\/iiw2-fr\/#breadcrumb\",\"itemListElement\":[{\"@type\":\"ListItem\",\"position\":1,\"name\":\"Accueil\",\"item\":\"https:\/\/www.qnde.ca\/fr\/\"},{\"@type\":\"ListItem\",\"position\":2,\"name\":\"Produits\",\"item\":\"https:\/\/www.qnde.ca\/fr\/produits\/\"},{\"@type\":\"ListItem\",\"position\":3,\"name\":\"Ultrasons\",\"item\":\"https:\/\/www.qnde.ca\/fr\/product-category\/ultrasons\/\"},{\"@type\":\"ListItem\",\"position\":4,\"name\":\"Blocs d'\u00c9talonnage\",\"item\":\"https:\/\/www.qnde.ca\/fr\/product-category\/ultrasons\/blocs-etalonnage\/\"},{\"@type\":\"ListItem\",\"position\":5,\"name\":\"Curtis Industries Bloc \u00c9talon IIW Type 2\"}]},{\"@type\":\"WebSite\",\"@id\":\"https:\/\/www.qnde.ca\/#website\",\"url\":\"https:\/\/www.qnde.ca\/\",\"name\":\"Qualit\u00e9 NDE\",\"description\":\"\u00c9quipements d&#039;essais non destructifs \",\"publisher\":{\"@id\":\"https:\/\/www.qnde.ca\/#organization\"},\"potentialAction\":[{\"@type\":\"SearchAction\",\"target\":{\"@type\":\"EntryPoint\",\"urlTemplate\":\"https:\/\/www.qnde.ca\/?s={search_term_string}\"},\"query-input\":{\"@type\":\"PropertyValueSpecification\",\"valueRequired\":true,\"valueName\":\"search_term_string\"}}],\"inLanguage\":\"fr-FR\"},{\"@type\":\"Organization\",\"@id\":\"https:\/\/www.qnde.ca\/#organization\",\"name\":\"Quality NDT Ltd.\",\"url\":\"https:\/\/www.qnde.ca\/\",\"logo\":{\"@type\":\"ImageObject\",\"inLanguage\":\"fr-FR\",\"@id\":\"https:\/\/www.qnde.ca\/#\/schema\/logo\/image\/\",\"url\":\"https:\/\/www.qnde.ca\/wp-content\/uploads\/2022\/02\/QNDE_logo_RGB-gif.gif\",\"contentUrl\":\"https:\/\/www.qnde.ca\/wp-content\/uploads\/2022\/02\/QNDE_logo_RGB-gif.gif\",\"width\":250,\"height\":64,\"caption\":\"Quality NDT Ltd.\"},\"image\":{\"@id\":\"https:\/\/www.qnde.ca\/#\/schema\/logo\/image\/\"},\"sameAs\":[\"https:\/\/www.linkedin.com\/company\/qnde\/about\/?viewAsMember=true\"]}]}<\/script>\n<!-- \/ Yoast SEO plugin. -->","yoast_head_json":{"title":"Curtis Industries Bloc \u00c9talon IIW Type 2 &#060; Qualit\u00e9 NDE","description":"Bloc \u00e9talon IIW Type 2 conforme IIW & ASTM. Acier, alu ou inox, avec bo\u00eetier bois. 12\"x4\"x1\", 12 lb. Disponible en unit\u00e9s imp\u00e9riales ou m\u00e9triques.","robots":{"index":"index","follow":"follow","max-snippet":"max-snippet:-1","max-image-preview":"max-image-preview:large","max-video-preview":"max-video-preview:-1"},"canonical":"https:\/\/www.qnde.ca\/fr\/produit\/iiw2-fr\/","twitter_misc":{"Dur\u00e9e de lecture estim\u00e9e":"1 minute"},"schema":{"@context":"https:\/\/schema.org","@graph":[{"@type":["WebPage","ItemPage"],"@id":"https:\/\/www.qnde.ca\/fr\/produit\/iiw2-fr\/","url":"https:\/\/www.qnde.ca\/fr\/produit\/iiw2-fr\/","name":"Curtis Industries Bloc \u00c9talon IIW Type 2 &#060; Qualit\u00e9 NDE","isPartOf":{"@id":"https:\/\/www.qnde.ca\/#website"},"primaryImageOfPage":{"@id":"https:\/\/www.qnde.ca\/fr\/produit\/iiw2-fr\/#primaryimage"},"image":{"@id":"https:\/\/www.qnde.ca\/fr\/produit\/iiw2-fr\/#primaryimage"},"thumbnailUrl":"https:\/\/www.qnde.ca\/wp-content\/uploads\/2021\/04\/Calibration-block-IIW-type-2-carbon-steel-1018-with-wood-case.jpg","datePublished":"2021-04-23T15:52:43+00:00","dateModified":"2025-08-18T18:46:43+00:00","description":"Bloc \u00e9talon IIW Type 2 conforme IIW & ASTM. Acier, alu ou inox, avec bo\u00eetier bois. 12\"x4\"x1\", 12 lb. Disponible en unit\u00e9s imp\u00e9riales ou m\u00e9triques.","breadcrumb":{"@id":"https:\/\/www.qnde.ca\/fr\/produit\/iiw2-fr\/#breadcrumb"},"inLanguage":"fr-FR","potentialAction":[{"@type":"ReadAction","target":["https:\/\/www.qnde.ca\/fr\/produit\/iiw2-fr\/"]}]},{"@type":"ImageObject","inLanguage":"fr-FR","@id":"https:\/\/www.qnde.ca\/fr\/produit\/iiw2-fr\/#primaryimage","url":"https:\/\/www.qnde.ca\/wp-content\/uploads\/2021\/04\/Calibration-block-IIW-type-2-carbon-steel-1018-with-wood-case.jpg","contentUrl":"https:\/\/www.qnde.ca\/wp-content\/uploads\/2021\/04\/Calibration-block-IIW-type-2-carbon-steel-1018-with-wood-case.jpg","width":1243,"height":1063,"caption":"Calibration block IIW type 2, carbon steel 1018, with wood case"},{"@type":"BreadcrumbList","@id":"https:\/\/www.qnde.ca\/fr\/produit\/iiw2-fr\/#breadcrumb","itemListElement":[{"@type":"ListItem","position":1,"name":"Accueil","item":"https:\/\/www.qnde.ca\/fr\/"},{"@type":"ListItem","position":2,"name":"Produits","item":"https:\/\/www.qnde.ca\/fr\/produits\/"},{"@type":"ListItem","position":3,"name":"Ultrasons","item":"https:\/\/www.qnde.ca\/fr\/product-category\/ultrasons\/"},{"@type":"ListItem","position":4,"name":"Blocs d'\u00c9talonnage","item":"https:\/\/www.qnde.ca\/fr\/product-category\/ultrasons\/blocs-etalonnage\/"},{"@type":"ListItem","position":5,"name":"Curtis Industries Bloc \u00c9talon IIW Type 2"}]},{"@type":"WebSite","@id":"https:\/\/www.qnde.ca\/#website","url":"https:\/\/www.qnde.ca\/","name":"Qualit\u00e9 NDE","description":"\u00c9quipements d&#039;essais non destructifs ","publisher":{"@id":"https:\/\/www.qnde.ca\/#organization"},"potentialAction":[{"@type":"SearchAction","target":{"@type":"EntryPoint","urlTemplate":"https:\/\/www.qnde.ca\/?s={search_term_string}"},"query-input":{"@type":"PropertyValueSpecification","valueRequired":true,"valueName":"search_term_string"}}],"inLanguage":"fr-FR"},{"@type":"Organization","@id":"https:\/\/www.qnde.ca\/#organization","name":"Quality NDT Ltd.","url":"https:\/\/www.qnde.ca\/","logo":{"@type":"ImageObject","inLanguage":"fr-FR","@id":"https:\/\/www.qnde.ca\/#\/schema\/logo\/image\/","url":"https:\/\/www.qnde.ca\/wp-content\/uploads\/2022\/02\/QNDE_logo_RGB-gif.gif","contentUrl":"https:\/\/www.qnde.ca\/wp-content\/uploads\/2022\/02\/QNDE_logo_RGB-gif.gif","width":250,"height":64,"caption":"Quality NDT Ltd."},"image":{"@id":"https:\/\/www.qnde.ca\/#\/schema\/logo\/image\/"},"sameAs":["https:\/\/www.linkedin.com\/company\/qnde\/about\/?viewAsMember=true"]}]}},"jetpack_sharing_enabled":true,"_links":{"self":[{"href":"https:\/\/www.qnde.ca\/fr\/wp-json\/wp\/v2\/product\/19638","targetHints":{"allow":["GET"]}}],"collection":[{"href":"https:\/\/www.qnde.ca\/fr\/wp-json\/wp\/v2\/product"}],"about":[{"href":"https:\/\/www.qnde.ca\/fr\/wp-json\/wp\/v2\/types\/product"}],"wp:featuredmedia":[{"embeddable":true,"href":"https:\/\/www.qnde.ca\/fr\/wp-json\/wp\/v2\/media\/19657"}],"wp:attachment":[{"href":"https:\/\/www.qnde.ca\/fr\/wp-json\/wp\/v2\/media?parent=19638"}],"wp:term":[{"taxonomy":"product_brand","embeddable":true,"href":"https:\/\/www.qnde.ca\/fr\/wp-json\/wp\/v2\/product_brand?post=19638"},{"taxonomy":"product_cat","embeddable":true,"href":"https:\/\/www.qnde.ca\/fr\/wp-json\/wp\/v2\/product_cat?post=19638"},{"taxonomy":"product_tag","embeddable":true,"href":"https:\/\/www.qnde.ca\/fr\/wp-json\/wp\/v2\/product_tag?post=19638"}],"curies":[{"name":"wp","href":"https:\/\/api.w.org\/{rel}","templated":true}]}}