{"id":19587,"date":"2021-04-23T09:36:01","date_gmt":"2021-04-23T13:36:01","guid":{"rendered":"https:\/\/www.qnde.ca\/?post_type=product&#038;p=19587"},"modified":"2025-08-18T14:55:24","modified_gmt":"2025-08-18T18:55:24","slug":"slidescan-fr","status":"publish","type":"product","link":"https:\/\/www.qnde.ca\/fr\/produit\/slidescan-fr\/","title":{"rendered":"NDT Systems SlideScan, Scanner Manuel de Haute Pr\u00e9cision"},"content":{"rendered":"<h3><strong>NDT Systems SlideScan, Scanner Manuel de Haute Pr\u00e9cision <\/strong><\/h3>\n<p>Le SlideScan est un scanneur manuel de haute pr\u00e9cision \u00e0 deux axes pour surfaces planes ou l\u00e9g\u00e8rement courb\u00e9es. Il est disponible en trois grandeurs chacune avec une r\u00e9solution de 0.006&Prime; (0.15mm). Le support \u00e0 ressort et \u00e0 hauteur ajustable avec les diff\u00e9rents supports de sondes assurent que la sonde contacte la surface avec une pression constante, tandis que le syst\u00e8me d\u2019alimentation de couplant en eau\u00a0 fournit un bon transfert de signal dans l\u2019objet inspect\u00e9. Livr\u00e9 avec pieds \u00e0 ventouse, support de sonde standard, manuel de l\u2019utilisateur et valise de transport rigide.<\/p>\n<p>Visionnez la fiche technique et les vid\u00e9os pour plus d\u2019information.<\/p>\n<p>Contactez-nous afin de discuter de votre application, vos exigences, les options disponibles et\/ou recevoir une soumission.<\/p>\n<ul>\n<li>Slide18x18: Scanneur manuel portatif de haute pr\u00e9cision \u00e0 deux axes (18&Prime;L x 18&Prime;H), ensemble complet.<\/li>\n<li>Slide24x24: Scanneur manuel portatif de haute pr\u00e9cision \u00e0 deux axes (24&Prime;L x 24&Prime;H), ensemble complet.<\/li>\n<li>Slide36x36: Scanneur manuel portatif de haute pr\u00e9cision \u00e0 deux axes (36&Prime;L x 36&Prime;H), ensemble complet.<\/li>\n<\/ul>\n<h4><strong>Autres mod\u00e8les:<\/strong><\/h4>\n<ul>\n<li><a href=\"https:\/\/www.qnde.ca\/fr\/produit\/bondhub-ii-fr\/\">BONDHUB-2<\/a>: BondHub ensemble complet: BondHub syst\u00e8me d\u2019acquisition de donn\u00e9es C-Scan avec ordinateur, clavier, souris, deux batteries Li-ion, chargeur 120VAC, c\u00e2ble de connexion Bondhub, manuel de l\u2019utilisateur et valise de transport rigide.<\/li>\n<li><a href=\"https:\/\/www.qnde.ca\/fr\/produit\/bondascope-3100-fr\/\">BOND-3100<\/a>: Bondascope 3100 ensemble complet: appareil Bondascope 3100, batterie, chargeur 120VAC, manuel de l\u2019utilisateur, certificat d\u2019\u00e9talonnage et valise de transport rigide.<\/li>\n<\/ul>\n","protected":false},"excerpt":{"rendered":"<p>NDT Systems SlideScan, Scanner Manuel de Haute Pr\u00e9cision Le SlideScan est un scanneur manuel de haute pr\u00e9cision \u00e0 deux axes pour surfaces planes ou l\u00e9g\u00e8rement courb\u00e9es. Il est disponible en trois grandeurs chacune avec une r\u00e9solution de 0.006&Prime; (0.15mm). Le support \u00e0 ressort et \u00e0 hauteur ajustable avec les diff\u00e9rents supports de sondes assurent que [&hellip;]<\/p>\n","protected":false},"featured_media":19588,"template":"","meta":{"_monsterinsights_skip_tracking":false,"_monsterinsights_sitenote_active":false,"_monsterinsights_sitenote_note":"","_monsterinsights_sitenote_category":0},"product_brand":[],"product_cat":[407,328,127],"product_tag":[],"class_list":{"0":"post-19587","1":"product","2":"type-product","3":"status-publish","4":"has-post-thumbnail","6":"product_cat-ndt-systems-fr","7":"product_cat-scanners-ultrasons","8":"product_cat-composites-ultrasons","10":"first","11":"instock","12":"shipping-taxable","13":"product-type-variable"},"yoast_head":"<!-- This site is optimized with the Yoast SEO plugin v23.9 - https:\/\/yoast.com\/wordpress\/plugins\/seo\/ -->\n<title>NDT Systems SlideScan, Scanner Manuel de Haute Pr\u00e9cision &#060; Qualit\u00e9 NDE<\/title>\n<meta name=\"description\" content=\"NDT systems Slidescan, Scanneur manuel portatif de haute pr\u00e9cision \u00e0 deux axes.trois grandeurs. R\u00e9solution de 0.006&quot; (0.15mm).\" \/>\n<meta name=\"robots\" content=\"index, follow, max-snippet:-1, max-image-preview:large, max-video-preview:-1\" \/>\n<link rel=\"canonical\" href=\"https:\/\/www.qnde.ca\/fr\/produit\/slidescan-fr\/\" \/>\n<meta name=\"twitter:label1\" content=\"Dur\u00e9e de lecture estim\u00e9e\" \/>\n\t<meta name=\"twitter:data1\" content=\"2 minutes\" \/>\n<script type=\"application\/ld+json\" class=\"yoast-schema-graph\">{\"@context\":\"https:\/\/schema.org\",\"@graph\":[{\"@type\":[\"WebPage\",\"ItemPage\"],\"@id\":\"https:\/\/www.qnde.ca\/fr\/produit\/slidescan-fr\/\",\"url\":\"https:\/\/www.qnde.ca\/fr\/produit\/slidescan-fr\/\",\"name\":\"NDT Systems SlideScan, Scanner Manuel de Haute Pr\u00e9cision &#060; Qualit\u00e9 NDE\",\"isPartOf\":{\"@id\":\"https:\/\/www.qnde.ca\/#website\"},\"primaryImageOfPage\":{\"@id\":\"https:\/\/www.qnde.ca\/fr\/produit\/slidescan-fr\/#primaryimage\"},\"image\":{\"@id\":\"https:\/\/www.qnde.ca\/fr\/produit\/slidescan-fr\/#primaryimage\"},\"thumbnailUrl\":\"https:\/\/www.qnde.ca\/wp-content\/uploads\/2021\/04\/SlideScan-Manual-High-Precision-Scanner.png\",\"datePublished\":\"2021-04-23T13:36:01+00:00\",\"dateModified\":\"2025-08-18T18:55:24+00:00\",\"description\":\"NDT systems Slidescan, Scanneur manuel portatif de haute pr\u00e9cision \u00e0 deux axes.trois grandeurs. R\u00e9solution de 0.006\\\" (0.15mm).\",\"breadcrumb\":{\"@id\":\"https:\/\/www.qnde.ca\/fr\/produit\/slidescan-fr\/#breadcrumb\"},\"inLanguage\":\"fr-FR\",\"potentialAction\":[{\"@type\":\"ReadAction\",\"target\":[\"https:\/\/www.qnde.ca\/fr\/produit\/slidescan-fr\/\"]}]},{\"@type\":\"ImageObject\",\"inLanguage\":\"fr-FR\",\"@id\":\"https:\/\/www.qnde.ca\/fr\/produit\/slidescan-fr\/#primaryimage\",\"url\":\"https:\/\/www.qnde.ca\/wp-content\/uploads\/2021\/04\/SlideScan-Manual-High-Precision-Scanner.png\",\"contentUrl\":\"https:\/\/www.qnde.ca\/wp-content\/uploads\/2021\/04\/SlideScan-Manual-High-Precision-Scanner.png\",\"width\":550,\"height\":550,\"caption\":\"SlideScan, Manual High Precision Scanner (24x24 inch model shown)\"},{\"@type\":\"BreadcrumbList\",\"@id\":\"https:\/\/www.qnde.ca\/fr\/produit\/slidescan-fr\/#breadcrumb\",\"itemListElement\":[{\"@type\":\"ListItem\",\"position\":1,\"name\":\"Accueil\",\"item\":\"https:\/\/www.qnde.ca\/fr\/\"},{\"@type\":\"ListItem\",\"position\":2,\"name\":\"Produits\",\"item\":\"https:\/\/www.qnde.ca\/fr\/produits\/\"},{\"@type\":\"ListItem\",\"position\":3,\"name\":\"Ultrasons\",\"item\":\"https:\/\/www.qnde.ca\/fr\/product-category\/ultrasons\/\"},{\"@type\":\"ListItem\",\"position\":4,\"name\":\"Scanners\",\"item\":\"https:\/\/www.qnde.ca\/fr\/product-category\/ultrasons\/scanners-ultrasons\/\"},{\"@type\":\"ListItem\",\"position\":5,\"name\":\"NDT Systems SlideScan, Scanner Manuel de Haute Pr\u00e9cision\"}]},{\"@type\":\"WebSite\",\"@id\":\"https:\/\/www.qnde.ca\/#website\",\"url\":\"https:\/\/www.qnde.ca\/\",\"name\":\"Qualit\u00e9 NDE\",\"description\":\"\u00c9quipements d&#039;essais non destructifs \",\"publisher\":{\"@id\":\"https:\/\/www.qnde.ca\/#organization\"},\"potentialAction\":[{\"@type\":\"SearchAction\",\"target\":{\"@type\":\"EntryPoint\",\"urlTemplate\":\"https:\/\/www.qnde.ca\/?s={search_term_string}\"},\"query-input\":{\"@type\":\"PropertyValueSpecification\",\"valueRequired\":true,\"valueName\":\"search_term_string\"}}],\"inLanguage\":\"fr-FR\"},{\"@type\":\"Organization\",\"@id\":\"https:\/\/www.qnde.ca\/#organization\",\"name\":\"Quality NDT Ltd.\",\"url\":\"https:\/\/www.qnde.ca\/\",\"logo\":{\"@type\":\"ImageObject\",\"inLanguage\":\"fr-FR\",\"@id\":\"https:\/\/www.qnde.ca\/#\/schema\/logo\/image\/\",\"url\":\"https:\/\/www.qnde.ca\/wp-content\/uploads\/2022\/02\/QNDE_logo_RGB-gif.gif\",\"contentUrl\":\"https:\/\/www.qnde.ca\/wp-content\/uploads\/2022\/02\/QNDE_logo_RGB-gif.gif\",\"width\":250,\"height\":64,\"caption\":\"Quality NDT Ltd.\"},\"image\":{\"@id\":\"https:\/\/www.qnde.ca\/#\/schema\/logo\/image\/\"},\"sameAs\":[\"https:\/\/www.linkedin.com\/company\/qnde\/about\/?viewAsMember=true\"]}]}<\/script>\n<!-- \/ Yoast SEO plugin. -->","yoast_head_json":{"title":"NDT Systems SlideScan, Scanner Manuel de Haute Pr\u00e9cision &#060; Qualit\u00e9 NDE","description":"NDT systems Slidescan, Scanneur manuel portatif de haute pr\u00e9cision \u00e0 deux axes.trois grandeurs. R\u00e9solution de 0.006\" (0.15mm).","robots":{"index":"index","follow":"follow","max-snippet":"max-snippet:-1","max-image-preview":"max-image-preview:large","max-video-preview":"max-video-preview:-1"},"canonical":"https:\/\/www.qnde.ca\/fr\/produit\/slidescan-fr\/","twitter_misc":{"Dur\u00e9e de lecture estim\u00e9e":"2 minutes"},"schema":{"@context":"https:\/\/schema.org","@graph":[{"@type":["WebPage","ItemPage"],"@id":"https:\/\/www.qnde.ca\/fr\/produit\/slidescan-fr\/","url":"https:\/\/www.qnde.ca\/fr\/produit\/slidescan-fr\/","name":"NDT Systems SlideScan, Scanner Manuel de Haute Pr\u00e9cision &#060; Qualit\u00e9 NDE","isPartOf":{"@id":"https:\/\/www.qnde.ca\/#website"},"primaryImageOfPage":{"@id":"https:\/\/www.qnde.ca\/fr\/produit\/slidescan-fr\/#primaryimage"},"image":{"@id":"https:\/\/www.qnde.ca\/fr\/produit\/slidescan-fr\/#primaryimage"},"thumbnailUrl":"https:\/\/www.qnde.ca\/wp-content\/uploads\/2021\/04\/SlideScan-Manual-High-Precision-Scanner.png","datePublished":"2021-04-23T13:36:01+00:00","dateModified":"2025-08-18T18:55:24+00:00","description":"NDT systems Slidescan, Scanneur manuel portatif de haute pr\u00e9cision \u00e0 deux axes.trois grandeurs. R\u00e9solution de 0.006\" (0.15mm).","breadcrumb":{"@id":"https:\/\/www.qnde.ca\/fr\/produit\/slidescan-fr\/#breadcrumb"},"inLanguage":"fr-FR","potentialAction":[{"@type":"ReadAction","target":["https:\/\/www.qnde.ca\/fr\/produit\/slidescan-fr\/"]}]},{"@type":"ImageObject","inLanguage":"fr-FR","@id":"https:\/\/www.qnde.ca\/fr\/produit\/slidescan-fr\/#primaryimage","url":"https:\/\/www.qnde.ca\/wp-content\/uploads\/2021\/04\/SlideScan-Manual-High-Precision-Scanner.png","contentUrl":"https:\/\/www.qnde.ca\/wp-content\/uploads\/2021\/04\/SlideScan-Manual-High-Precision-Scanner.png","width":550,"height":550,"caption":"SlideScan, Manual High Precision Scanner (24x24 inch model shown)"},{"@type":"BreadcrumbList","@id":"https:\/\/www.qnde.ca\/fr\/produit\/slidescan-fr\/#breadcrumb","itemListElement":[{"@type":"ListItem","position":1,"name":"Accueil","item":"https:\/\/www.qnde.ca\/fr\/"},{"@type":"ListItem","position":2,"name":"Produits","item":"https:\/\/www.qnde.ca\/fr\/produits\/"},{"@type":"ListItem","position":3,"name":"Ultrasons","item":"https:\/\/www.qnde.ca\/fr\/product-category\/ultrasons\/"},{"@type":"ListItem","position":4,"name":"Scanners","item":"https:\/\/www.qnde.ca\/fr\/product-category\/ultrasons\/scanners-ultrasons\/"},{"@type":"ListItem","position":5,"name":"NDT Systems SlideScan, Scanner Manuel de Haute Pr\u00e9cision"}]},{"@type":"WebSite","@id":"https:\/\/www.qnde.ca\/#website","url":"https:\/\/www.qnde.ca\/","name":"Qualit\u00e9 NDE","description":"\u00c9quipements d&#039;essais non destructifs ","publisher":{"@id":"https:\/\/www.qnde.ca\/#organization"},"potentialAction":[{"@type":"SearchAction","target":{"@type":"EntryPoint","urlTemplate":"https:\/\/www.qnde.ca\/?s={search_term_string}"},"query-input":{"@type":"PropertyValueSpecification","valueRequired":true,"valueName":"search_term_string"}}],"inLanguage":"fr-FR"},{"@type":"Organization","@id":"https:\/\/www.qnde.ca\/#organization","name":"Quality NDT Ltd.","url":"https:\/\/www.qnde.ca\/","logo":{"@type":"ImageObject","inLanguage":"fr-FR","@id":"https:\/\/www.qnde.ca\/#\/schema\/logo\/image\/","url":"https:\/\/www.qnde.ca\/wp-content\/uploads\/2022\/02\/QNDE_logo_RGB-gif.gif","contentUrl":"https:\/\/www.qnde.ca\/wp-content\/uploads\/2022\/02\/QNDE_logo_RGB-gif.gif","width":250,"height":64,"caption":"Quality NDT Ltd."},"image":{"@id":"https:\/\/www.qnde.ca\/#\/schema\/logo\/image\/"},"sameAs":["https:\/\/www.linkedin.com\/company\/qnde\/about\/?viewAsMember=true"]}]}},"jetpack_sharing_enabled":true,"_links":{"self":[{"href":"https:\/\/www.qnde.ca\/fr\/wp-json\/wp\/v2\/product\/19587","targetHints":{"allow":["GET"]}}],"collection":[{"href":"https:\/\/www.qnde.ca\/fr\/wp-json\/wp\/v2\/product"}],"about":[{"href":"https:\/\/www.qnde.ca\/fr\/wp-json\/wp\/v2\/types\/product"}],"wp:featuredmedia":[{"embeddable":true,"href":"https:\/\/www.qnde.ca\/fr\/wp-json\/wp\/v2\/media\/19588"}],"wp:attachment":[{"href":"https:\/\/www.qnde.ca\/fr\/wp-json\/wp\/v2\/media?parent=19587"}],"wp:term":[{"taxonomy":"product_brand","embeddable":true,"href":"https:\/\/www.qnde.ca\/fr\/wp-json\/wp\/v2\/product_brand?post=19587"},{"taxonomy":"product_cat","embeddable":true,"href":"https:\/\/www.qnde.ca\/fr\/wp-json\/wp\/v2\/product_cat?post=19587"},{"taxonomy":"product_tag","embeddable":true,"href":"https:\/\/www.qnde.ca\/fr\/wp-json\/wp\/v2\/product_tag?post=19587"}],"curies":[{"name":"wp","href":"https:\/\/api.w.org\/{rel}","templated":true}]}}