{"id":19573,"date":"2021-04-23T08:55:22","date_gmt":"2021-04-23T12:55:22","guid":{"rendered":"https:\/\/www.qnde.ca\/?post_type=product&#038;p=19573"},"modified":"2025-08-18T15:08:21","modified_gmt":"2025-08-18T19:08:21","slug":"crosscan-fr","status":"publish","type":"product","link":"https:\/\/www.qnde.ca\/fr\/produit\/crosscan-fr\/","title":{"rendered":"NDT systems CrosScan, Scanner Automatique de Haute Pr\u00e9cision"},"content":{"rendered":"<h3><strong>NDT Systems CrosScan, Scanner Automatique de Haute Pr\u00e9cision <\/strong><\/h3>\n<p>Le CrosScan est un scanneur automatique de haute pr\u00e9cision \u00e0 deux axes (18&Prime;L x 15&Prime;H) pour surfaces planes ou l\u00e9g\u00e8rement courb\u00e9es. Il peut scanner 8&Prime;\/s (203mm\/s) avec une r\u00e9solution de 0.02&Prime; (0.5mm). Le support \u00e0 ressort et \u00e0 hauteur ajustable avec les diff\u00e9rents supports de sondes assurent que la sonde contacte la surface avec une pression constante, tandis que le syst\u00e8me d\u2019alimentation de couplant en eau\u00a0 fournit un bon transfert de signal dans l\u2019objet inspect\u00e9. Livr\u00e9 avec une batterie MCU-1 externe, chargeur 120VAC, pieds \u00e0 ventouse, support de sonde standard, manuel de l\u2019utilisateur et valise de transport rigide.<\/p>\n<p>Visionnez la fiche technique et les vid\u00e9os pour plus d\u2019information.<\/p>\n<p>Contactez-nous afin de discuter de votre application, vos exigences, les options disponibles et\/ou recevoir une soumission.<\/p>\n<ul>\n<li>CrosScan: Scanneur automatique de haute pr\u00e9cision \u00e0 deux axes (18&Prime;L x 15&Prime;H), ensemble complet.<\/li>\n<\/ul>\n<h4><strong>Autres mod\u00e8les:<\/strong><\/h4>\n<ul>\n<li><a href=\"https:\/\/www.qnde.ca\/fr\/produit\/bondhub-ii-fr\/\">BONDHUB-2<\/a>: BondHub ensemble complet: BondHub syst\u00e8me d\u2019acquisition de donn\u00e9es C-Scan avec ordinateur, clavier, souris, deux batteries Li-ion, chargeur 120VAC, c\u00e2ble de connexion Bondhub, manuel de l\u2019utilisateur et valise de transport rigide.<\/li>\n<li><a href=\"https:\/\/www.qnde.ca\/fr\/produit\/bondascope-3100-fr\/\">BOND-3100<\/a>: Bondascope 3100 ensemble complet: appareil Bondascope 3100, batterie, chargeur 120VAC, manuel de l\u2019utilisateur, certificat d\u2019\u00e9talonnage et valise de transport rigide.<\/li>\n<\/ul>\n","protected":false},"excerpt":{"rendered":"<p>NDT Systems CrosScan, Scanner Automatique de Haute Pr\u00e9cision Le CrosScan est un scanneur automatique de haute pr\u00e9cision \u00e0 deux axes (18&Prime;L x 15&Prime;H) pour surfaces planes ou l\u00e9g\u00e8rement courb\u00e9es. Il peut scanner 8&Prime;\/s (203mm\/s) avec une r\u00e9solution de 0.02&Prime; (0.5mm). Le support \u00e0 ressort et \u00e0 hauteur ajustable avec les diff\u00e9rents supports de sondes assurent [&hellip;]<\/p>\n","protected":false},"featured_media":19575,"template":"","meta":{"_monsterinsights_skip_tracking":false,"_monsterinsights_sitenote_active":false,"_monsterinsights_sitenote_note":"","_monsterinsights_sitenote_category":0},"product_brand":[],"product_cat":[407,328,127],"product_tag":[],"class_list":{"0":"post-19573","1":"product","2":"type-product","3":"status-publish","4":"has-post-thumbnail","6":"product_cat-ndt-systems-fr","7":"product_cat-scanners-ultrasons","8":"product_cat-composites-ultrasons","10":"first","11":"instock","12":"shipping-taxable","13":"purchasable","14":"product-type-simple"},"yoast_head":"<!-- This site is optimized with the Yoast SEO plugin v23.9 - https:\/\/yoast.com\/wordpress\/plugins\/seo\/ -->\n<title>NDT systems CrosScan, Scanner Automatique de Haute Pr\u00e9cision &#060; Qualit\u00e9 NDE<\/title>\n<meta name=\"description\" content=\"NDT Systems CrosScan, Scanner automatique de haute pr\u00e9cision \u00e0 deux axes (18&quot;L x 15&quot;H) . Batterie MCU-1 externe, chargeur 120VAC.\" \/>\n<meta name=\"robots\" content=\"index, follow, max-snippet:-1, max-image-preview:large, max-video-preview:-1\" \/>\n<link rel=\"canonical\" href=\"https:\/\/www.qnde.ca\/fr\/produit\/crosscan-fr\/\" \/>\n<meta name=\"twitter:label1\" content=\"Dur\u00e9e de lecture estim\u00e9e\" \/>\n\t<meta name=\"twitter:data1\" content=\"2 minutes\" \/>\n<script type=\"application\/ld+json\" class=\"yoast-schema-graph\">{\"@context\":\"https:\/\/schema.org\",\"@graph\":[{\"@type\":[\"WebPage\",\"ItemPage\"],\"@id\":\"https:\/\/www.qnde.ca\/fr\/produit\/crosscan-fr\/\",\"url\":\"https:\/\/www.qnde.ca\/fr\/produit\/crosscan-fr\/\",\"name\":\"NDT systems CrosScan, Scanner Automatique de Haute Pr\u00e9cision &#060; Qualit\u00e9 NDE\",\"isPartOf\":{\"@id\":\"https:\/\/www.qnde.ca\/#website\"},\"primaryImageOfPage\":{\"@id\":\"https:\/\/www.qnde.ca\/fr\/produit\/crosscan-fr\/#primaryimage\"},\"image\":{\"@id\":\"https:\/\/www.qnde.ca\/fr\/produit\/crosscan-fr\/#primaryimage\"},\"thumbnailUrl\":\"https:\/\/www.qnde.ca\/wp-content\/uploads\/2021\/04\/CrosScan-Automatic-High-Precision-Scanner.png\",\"datePublished\":\"2021-04-23T12:55:22+00:00\",\"dateModified\":\"2025-08-18T19:08:21+00:00\",\"description\":\"NDT Systems CrosScan, Scanner automatique de haute pr\u00e9cision \u00e0 deux axes (18\\\"L x 15\\\"H) . Batterie MCU-1 externe, chargeur 120VAC.\",\"breadcrumb\":{\"@id\":\"https:\/\/www.qnde.ca\/fr\/produit\/crosscan-fr\/#breadcrumb\"},\"inLanguage\":\"fr-FR\",\"potentialAction\":[{\"@type\":\"ReadAction\",\"target\":[\"https:\/\/www.qnde.ca\/fr\/produit\/crosscan-fr\/\"]}]},{\"@type\":\"ImageObject\",\"inLanguage\":\"fr-FR\",\"@id\":\"https:\/\/www.qnde.ca\/fr\/produit\/crosscan-fr\/#primaryimage\",\"url\":\"https:\/\/www.qnde.ca\/wp-content\/uploads\/2021\/04\/CrosScan-Automatic-High-Precision-Scanner.png\",\"contentUrl\":\"https:\/\/www.qnde.ca\/wp-content\/uploads\/2021\/04\/CrosScan-Automatic-High-Precision-Scanner.png\",\"width\":550,\"height\":550,\"caption\":\"CrosScan, Automatic High Precision Scanner\"},{\"@type\":\"BreadcrumbList\",\"@id\":\"https:\/\/www.qnde.ca\/fr\/produit\/crosscan-fr\/#breadcrumb\",\"itemListElement\":[{\"@type\":\"ListItem\",\"position\":1,\"name\":\"Accueil\",\"item\":\"https:\/\/www.qnde.ca\/fr\/\"},{\"@type\":\"ListItem\",\"position\":2,\"name\":\"Produits\",\"item\":\"https:\/\/www.qnde.ca\/fr\/produits\/\"},{\"@type\":\"ListItem\",\"position\":3,\"name\":\"Ultrasons\",\"item\":\"https:\/\/www.qnde.ca\/fr\/product-category\/ultrasons\/\"},{\"@type\":\"ListItem\",\"position\":4,\"name\":\"Scanners\",\"item\":\"https:\/\/www.qnde.ca\/fr\/product-category\/ultrasons\/scanners-ultrasons\/\"},{\"@type\":\"ListItem\",\"position\":5,\"name\":\"NDT systems CrosScan, Scanner Automatique de Haute Pr\u00e9cision\"}]},{\"@type\":\"WebSite\",\"@id\":\"https:\/\/www.qnde.ca\/#website\",\"url\":\"https:\/\/www.qnde.ca\/\",\"name\":\"Qualit\u00e9 NDE\",\"description\":\"\u00c9quipements d&#039;essais non destructifs \",\"publisher\":{\"@id\":\"https:\/\/www.qnde.ca\/#organization\"},\"potentialAction\":[{\"@type\":\"SearchAction\",\"target\":{\"@type\":\"EntryPoint\",\"urlTemplate\":\"https:\/\/www.qnde.ca\/?s={search_term_string}\"},\"query-input\":{\"@type\":\"PropertyValueSpecification\",\"valueRequired\":true,\"valueName\":\"search_term_string\"}}],\"inLanguage\":\"fr-FR\"},{\"@type\":\"Organization\",\"@id\":\"https:\/\/www.qnde.ca\/#organization\",\"name\":\"Quality NDT Ltd.\",\"url\":\"https:\/\/www.qnde.ca\/\",\"logo\":{\"@type\":\"ImageObject\",\"inLanguage\":\"fr-FR\",\"@id\":\"https:\/\/www.qnde.ca\/#\/schema\/logo\/image\/\",\"url\":\"https:\/\/www.qnde.ca\/wp-content\/uploads\/2022\/02\/QNDE_logo_RGB-gif.gif\",\"contentUrl\":\"https:\/\/www.qnde.ca\/wp-content\/uploads\/2022\/02\/QNDE_logo_RGB-gif.gif\",\"width\":250,\"height\":64,\"caption\":\"Quality NDT Ltd.\"},\"image\":{\"@id\":\"https:\/\/www.qnde.ca\/#\/schema\/logo\/image\/\"},\"sameAs\":[\"https:\/\/www.linkedin.com\/company\/qnde\/about\/?viewAsMember=true\"]}]}<\/script>\n<!-- \/ Yoast SEO plugin. -->","yoast_head_json":{"title":"NDT systems CrosScan, Scanner Automatique de Haute Pr\u00e9cision &#060; Qualit\u00e9 NDE","description":"NDT Systems CrosScan, Scanner automatique de haute pr\u00e9cision \u00e0 deux axes (18\"L x 15\"H) . Batterie MCU-1 externe, chargeur 120VAC.","robots":{"index":"index","follow":"follow","max-snippet":"max-snippet:-1","max-image-preview":"max-image-preview:large","max-video-preview":"max-video-preview:-1"},"canonical":"https:\/\/www.qnde.ca\/fr\/produit\/crosscan-fr\/","twitter_misc":{"Dur\u00e9e de lecture estim\u00e9e":"2 minutes"},"schema":{"@context":"https:\/\/schema.org","@graph":[{"@type":["WebPage","ItemPage"],"@id":"https:\/\/www.qnde.ca\/fr\/produit\/crosscan-fr\/","url":"https:\/\/www.qnde.ca\/fr\/produit\/crosscan-fr\/","name":"NDT systems CrosScan, Scanner Automatique de Haute Pr\u00e9cision &#060; Qualit\u00e9 NDE","isPartOf":{"@id":"https:\/\/www.qnde.ca\/#website"},"primaryImageOfPage":{"@id":"https:\/\/www.qnde.ca\/fr\/produit\/crosscan-fr\/#primaryimage"},"image":{"@id":"https:\/\/www.qnde.ca\/fr\/produit\/crosscan-fr\/#primaryimage"},"thumbnailUrl":"https:\/\/www.qnde.ca\/wp-content\/uploads\/2021\/04\/CrosScan-Automatic-High-Precision-Scanner.png","datePublished":"2021-04-23T12:55:22+00:00","dateModified":"2025-08-18T19:08:21+00:00","description":"NDT Systems CrosScan, Scanner automatique de haute pr\u00e9cision \u00e0 deux axes (18\"L x 15\"H) . Batterie MCU-1 externe, chargeur 120VAC.","breadcrumb":{"@id":"https:\/\/www.qnde.ca\/fr\/produit\/crosscan-fr\/#breadcrumb"},"inLanguage":"fr-FR","potentialAction":[{"@type":"ReadAction","target":["https:\/\/www.qnde.ca\/fr\/produit\/crosscan-fr\/"]}]},{"@type":"ImageObject","inLanguage":"fr-FR","@id":"https:\/\/www.qnde.ca\/fr\/produit\/crosscan-fr\/#primaryimage","url":"https:\/\/www.qnde.ca\/wp-content\/uploads\/2021\/04\/CrosScan-Automatic-High-Precision-Scanner.png","contentUrl":"https:\/\/www.qnde.ca\/wp-content\/uploads\/2021\/04\/CrosScan-Automatic-High-Precision-Scanner.png","width":550,"height":550,"caption":"CrosScan, Automatic High Precision Scanner"},{"@type":"BreadcrumbList","@id":"https:\/\/www.qnde.ca\/fr\/produit\/crosscan-fr\/#breadcrumb","itemListElement":[{"@type":"ListItem","position":1,"name":"Accueil","item":"https:\/\/www.qnde.ca\/fr\/"},{"@type":"ListItem","position":2,"name":"Produits","item":"https:\/\/www.qnde.ca\/fr\/produits\/"},{"@type":"ListItem","position":3,"name":"Ultrasons","item":"https:\/\/www.qnde.ca\/fr\/product-category\/ultrasons\/"},{"@type":"ListItem","position":4,"name":"Scanners","item":"https:\/\/www.qnde.ca\/fr\/product-category\/ultrasons\/scanners-ultrasons\/"},{"@type":"ListItem","position":5,"name":"NDT systems CrosScan, Scanner Automatique de Haute Pr\u00e9cision"}]},{"@type":"WebSite","@id":"https:\/\/www.qnde.ca\/#website","url":"https:\/\/www.qnde.ca\/","name":"Qualit\u00e9 NDE","description":"\u00c9quipements d&#039;essais non destructifs ","publisher":{"@id":"https:\/\/www.qnde.ca\/#organization"},"potentialAction":[{"@type":"SearchAction","target":{"@type":"EntryPoint","urlTemplate":"https:\/\/www.qnde.ca\/?s={search_term_string}"},"query-input":{"@type":"PropertyValueSpecification","valueRequired":true,"valueName":"search_term_string"}}],"inLanguage":"fr-FR"},{"@type":"Organization","@id":"https:\/\/www.qnde.ca\/#organization","name":"Quality NDT Ltd.","url":"https:\/\/www.qnde.ca\/","logo":{"@type":"ImageObject","inLanguage":"fr-FR","@id":"https:\/\/www.qnde.ca\/#\/schema\/logo\/image\/","url":"https:\/\/www.qnde.ca\/wp-content\/uploads\/2022\/02\/QNDE_logo_RGB-gif.gif","contentUrl":"https:\/\/www.qnde.ca\/wp-content\/uploads\/2022\/02\/QNDE_logo_RGB-gif.gif","width":250,"height":64,"caption":"Quality NDT Ltd."},"image":{"@id":"https:\/\/www.qnde.ca\/#\/schema\/logo\/image\/"},"sameAs":["https:\/\/www.linkedin.com\/company\/qnde\/about\/?viewAsMember=true"]}]}},"jetpack_sharing_enabled":true,"_links":{"self":[{"href":"https:\/\/www.qnde.ca\/fr\/wp-json\/wp\/v2\/product\/19573","targetHints":{"allow":["GET"]}}],"collection":[{"href":"https:\/\/www.qnde.ca\/fr\/wp-json\/wp\/v2\/product"}],"about":[{"href":"https:\/\/www.qnde.ca\/fr\/wp-json\/wp\/v2\/types\/product"}],"wp:featuredmedia":[{"embeddable":true,"href":"https:\/\/www.qnde.ca\/fr\/wp-json\/wp\/v2\/media\/19575"}],"wp:attachment":[{"href":"https:\/\/www.qnde.ca\/fr\/wp-json\/wp\/v2\/media?parent=19573"}],"wp:term":[{"taxonomy":"product_brand","embeddable":true,"href":"https:\/\/www.qnde.ca\/fr\/wp-json\/wp\/v2\/product_brand?post=19573"},{"taxonomy":"product_cat","embeddable":true,"href":"https:\/\/www.qnde.ca\/fr\/wp-json\/wp\/v2\/product_cat?post=19573"},{"taxonomy":"product_tag","embeddable":true,"href":"https:\/\/www.qnde.ca\/fr\/wp-json\/wp\/v2\/product_tag?post=19573"}],"curies":[{"name":"wp","href":"https:\/\/api.w.org\/{rel}","templated":true}]}}