{"id":19553,"date":"2021-04-22T15:31:40","date_gmt":"2021-04-22T19:31:40","guid":{"rendered":"https:\/\/www.qnde.ca\/?post_type=product&#038;p=19553"},"modified":"2025-08-18T15:14:07","modified_gmt":"2025-08-18T19:14:07","slug":"adaptateurs-cables","status":"publish","type":"product","link":"https:\/\/www.qnde.ca\/fr\/produit\/adaptateurs-cables\/","title":{"rendered":"Adaptateurs de C\u00e2ble"},"content":{"rendered":"<h3><strong>Adaptateurs de C\u00e2ble <\/strong><\/h3>\n<p>Les adaptateurs de connecteurs permettent d&rsquo;utiliser les \u00e9quipements avec des connecteurs BNC, LEMO, LEMO-1 ou LEMO-00 avec d&rsquo;autres c\u00e2bles. Ils peuvent \u00e9galement \u00eatre utilis\u00e9s sur le palpeur pour l\u2019adapter aux c\u00e2bles existants.<\/p>\n<ul>\n<li>AB-L1: connecteur d\u2019\u00e9quipement BNC (m\u00e2le) \u00e0 connecteur de c\u00e2ble LEMO-1 (femelle).<\/li>\n<li>AB-L00: connecteur d\u2019\u00e9quipement BNC (m\u00e2le) \u00e0 connecteur de c\u00e2ble LEMO-00 (femelle).<\/li>\n<li>AB-M: connecteur d\u2019\u00e9quipement BNC (m\u00e2le) \u00e0 connecteur de c\u00e2ble Microdot (femelle).<\/li>\n<li>AB-S: connecteur d\u2019\u00e9quipement BNC (m\u00e2le) \u00e0 connecteur de c\u00e2ble Subvis (femelle).<\/li>\n<li>AL1-B: connecteur d\u2019\u00e9quipement LEMO-1 (m\u00e2le) \u00e0 connecteur de c\u00e2ble BNC (femelle).<\/li>\n<li>AL1-L00: connecteur d\u2019\u00e9quipement LEMO-1 (m\u00e2le) \u00e0 connecteur de c\u00e2ble LEMO-00 (femelle).<\/li>\n<li>AL00-B: connecteur d\u2019\u00e9quipement LEMO-00 (m\u00e2le) \u00e0 connecteur de c\u00e2ble BNC (femelle).<\/li>\n<li>AL00-L1: connecteur d\u2019\u00e9quipement LEMO-00 (m\u00e2le) \u00e0 connecteur de c\u00e2ble LEMO-1 (femelle).<\/li>\n<\/ul>\n","protected":false},"excerpt":{"rendered":"<p>Adaptateurs de C\u00e2ble Les adaptateurs de connecteurs permettent d&rsquo;utiliser les \u00e9quipements avec des connecteurs BNC, LEMO, LEMO-1 ou LEMO-00 avec d&rsquo;autres c\u00e2bles. Ils peuvent \u00e9galement \u00eatre utilis\u00e9s sur le palpeur pour l\u2019adapter aux c\u00e2bles existants. AB-L1: connecteur d\u2019\u00e9quipement BNC (m\u00e2le) \u00e0 connecteur de c\u00e2ble LEMO-1 (femelle). AB-L00: connecteur d\u2019\u00e9quipement BNC (m\u00e2le) \u00e0 connecteur de c\u00e2ble [&hellip;]<\/p>\n","protected":false},"featured_media":19555,"template":"","meta":{"_monsterinsights_skip_tracking":false,"_monsterinsights_sitenote_active":false,"_monsterinsights_sitenote_note":"","_monsterinsights_sitenote_category":0},"product_brand":[],"product_cat":[402,128],"product_tag":[],"class_list":{"0":"post-19553","1":"product","2":"type-product","3":"status-publish","4":"has-post-thumbnail","6":"product_cat-autres-marques","7":"product_cat-accessoires-ultrasons","9":"first","10":"instock","11":"shipping-taxable","12":"purchasable","13":"product-type-variable"},"yoast_head":"<!-- This site is optimized with the Yoast SEO plugin v23.9 - https:\/\/yoast.com\/wordpress\/plugins\/seo\/ -->\n<title>Adaptateurs de C\u00e2ble &#060; Qualit\u00e9 NDE<\/title>\n<meta name=\"description\" content=\"Adaptateurs de connecteurs permettent d&#039;utiliser les \u00e9quipements avec des connecteurs BNC, LEMO, LEMO-1 ou LEMO-00 avec d&#039;autres c\u00e2bles.\" \/>\n<meta name=\"robots\" content=\"index, follow, max-snippet:-1, max-image-preview:large, max-video-preview:-1\" \/>\n<link rel=\"canonical\" href=\"https:\/\/www.qnde.ca\/fr\/produit\/adaptateurs-cables\/\" \/>\n<meta name=\"twitter:label1\" content=\"Dur\u00e9e de lecture estim\u00e9e\" \/>\n\t<meta name=\"twitter:data1\" content=\"1 minute\" \/>\n<script type=\"application\/ld+json\" class=\"yoast-schema-graph\">{\"@context\":\"https:\/\/schema.org\",\"@graph\":[{\"@type\":[\"WebPage\",\"ItemPage\"],\"@id\":\"https:\/\/www.qnde.ca\/fr\/produit\/adaptateurs-cables\/\",\"url\":\"https:\/\/www.qnde.ca\/fr\/produit\/adaptateurs-cables\/\",\"name\":\"Adaptateurs de C\u00e2ble &#060; Qualit\u00e9 NDE\",\"isPartOf\":{\"@id\":\"https:\/\/www.qnde.ca\/#website\"},\"primaryImageOfPage\":{\"@id\":\"https:\/\/www.qnde.ca\/fr\/produit\/adaptateurs-cables\/#primaryimage\"},\"image\":{\"@id\":\"https:\/\/www.qnde.ca\/fr\/produit\/adaptateurs-cables\/#primaryimage\"},\"thumbnailUrl\":\"https:\/\/www.qnde.ca\/wp-content\/uploads\/2021\/04\/Cable-Adapters-Plug.jpg\",\"datePublished\":\"2021-04-22T19:31:40+00:00\",\"dateModified\":\"2025-08-18T19:14:07+00:00\",\"description\":\"Adaptateurs de connecteurs permettent d'utiliser les \u00e9quipements avec des connecteurs BNC, LEMO, LEMO-1 ou LEMO-00 avec d'autres c\u00e2bles.\",\"breadcrumb\":{\"@id\":\"https:\/\/www.qnde.ca\/fr\/produit\/adaptateurs-cables\/#breadcrumb\"},\"inLanguage\":\"fr-FR\",\"potentialAction\":[{\"@type\":\"ReadAction\",\"target\":[\"https:\/\/www.qnde.ca\/fr\/produit\/adaptateurs-cables\/\"]}]},{\"@type\":\"ImageObject\",\"inLanguage\":\"fr-FR\",\"@id\":\"https:\/\/www.qnde.ca\/fr\/produit\/adaptateurs-cables\/#primaryimage\",\"url\":\"https:\/\/www.qnde.ca\/wp-content\/uploads\/2021\/04\/Cable-Adapters-Plug.jpg\",\"contentUrl\":\"https:\/\/www.qnde.ca\/wp-content\/uploads\/2021\/04\/Cable-Adapters-Plug.jpg\",\"width\":1280,\"height\":1280,\"caption\":\"Cable Adapters Plug\"},{\"@type\":\"BreadcrumbList\",\"@id\":\"https:\/\/www.qnde.ca\/fr\/produit\/adaptateurs-cables\/#breadcrumb\",\"itemListElement\":[{\"@type\":\"ListItem\",\"position\":1,\"name\":\"Accueil\",\"item\":\"https:\/\/www.qnde.ca\/fr\/\"},{\"@type\":\"ListItem\",\"position\":2,\"name\":\"Produits\",\"item\":\"https:\/\/www.qnde.ca\/fr\/produits\/\"},{\"@type\":\"ListItem\",\"position\":3,\"name\":\"Ultrasons\",\"item\":\"https:\/\/www.qnde.ca\/fr\/product-category\/ultrasons\/\"},{\"@type\":\"ListItem\",\"position\":4,\"name\":\"Accessoires\",\"item\":\"https:\/\/www.qnde.ca\/fr\/product-category\/ultrasons\/accessoires-ultrasons\/\"},{\"@type\":\"ListItem\",\"position\":5,\"name\":\"Adaptateurs de C\u00e2ble\"}]},{\"@type\":\"WebSite\",\"@id\":\"https:\/\/www.qnde.ca\/#website\",\"url\":\"https:\/\/www.qnde.ca\/\",\"name\":\"Qualit\u00e9 NDE\",\"description\":\"\u00c9quipements d&#039;essais non destructifs \",\"publisher\":{\"@id\":\"https:\/\/www.qnde.ca\/#organization\"},\"potentialAction\":[{\"@type\":\"SearchAction\",\"target\":{\"@type\":\"EntryPoint\",\"urlTemplate\":\"https:\/\/www.qnde.ca\/?s={search_term_string}\"},\"query-input\":{\"@type\":\"PropertyValueSpecification\",\"valueRequired\":true,\"valueName\":\"search_term_string\"}}],\"inLanguage\":\"fr-FR\"},{\"@type\":\"Organization\",\"@id\":\"https:\/\/www.qnde.ca\/#organization\",\"name\":\"Quality NDT Ltd.\",\"url\":\"https:\/\/www.qnde.ca\/\",\"logo\":{\"@type\":\"ImageObject\",\"inLanguage\":\"fr-FR\",\"@id\":\"https:\/\/www.qnde.ca\/#\/schema\/logo\/image\/\",\"url\":\"https:\/\/www.qnde.ca\/wp-content\/uploads\/2022\/02\/QNDE_logo_RGB-gif.gif\",\"contentUrl\":\"https:\/\/www.qnde.ca\/wp-content\/uploads\/2022\/02\/QNDE_logo_RGB-gif.gif\",\"width\":250,\"height\":64,\"caption\":\"Quality NDT Ltd.\"},\"image\":{\"@id\":\"https:\/\/www.qnde.ca\/#\/schema\/logo\/image\/\"},\"sameAs\":[\"https:\/\/www.linkedin.com\/company\/qnde\/about\/?viewAsMember=true\"]}]}<\/script>\n<!-- \/ Yoast SEO plugin. -->","yoast_head_json":{"title":"Adaptateurs de C\u00e2ble &#060; Qualit\u00e9 NDE","description":"Adaptateurs de connecteurs permettent d'utiliser les \u00e9quipements avec des connecteurs BNC, LEMO, LEMO-1 ou LEMO-00 avec d'autres c\u00e2bles.","robots":{"index":"index","follow":"follow","max-snippet":"max-snippet:-1","max-image-preview":"max-image-preview:large","max-video-preview":"max-video-preview:-1"},"canonical":"https:\/\/www.qnde.ca\/fr\/produit\/adaptateurs-cables\/","twitter_misc":{"Dur\u00e9e de lecture estim\u00e9e":"1 minute"},"schema":{"@context":"https:\/\/schema.org","@graph":[{"@type":["WebPage","ItemPage"],"@id":"https:\/\/www.qnde.ca\/fr\/produit\/adaptateurs-cables\/","url":"https:\/\/www.qnde.ca\/fr\/produit\/adaptateurs-cables\/","name":"Adaptateurs de C\u00e2ble &#060; Qualit\u00e9 NDE","isPartOf":{"@id":"https:\/\/www.qnde.ca\/#website"},"primaryImageOfPage":{"@id":"https:\/\/www.qnde.ca\/fr\/produit\/adaptateurs-cables\/#primaryimage"},"image":{"@id":"https:\/\/www.qnde.ca\/fr\/produit\/adaptateurs-cables\/#primaryimage"},"thumbnailUrl":"https:\/\/www.qnde.ca\/wp-content\/uploads\/2021\/04\/Cable-Adapters-Plug.jpg","datePublished":"2021-04-22T19:31:40+00:00","dateModified":"2025-08-18T19:14:07+00:00","description":"Adaptateurs de connecteurs permettent d'utiliser les \u00e9quipements avec des connecteurs BNC, LEMO, LEMO-1 ou LEMO-00 avec d'autres c\u00e2bles.","breadcrumb":{"@id":"https:\/\/www.qnde.ca\/fr\/produit\/adaptateurs-cables\/#breadcrumb"},"inLanguage":"fr-FR","potentialAction":[{"@type":"ReadAction","target":["https:\/\/www.qnde.ca\/fr\/produit\/adaptateurs-cables\/"]}]},{"@type":"ImageObject","inLanguage":"fr-FR","@id":"https:\/\/www.qnde.ca\/fr\/produit\/adaptateurs-cables\/#primaryimage","url":"https:\/\/www.qnde.ca\/wp-content\/uploads\/2021\/04\/Cable-Adapters-Plug.jpg","contentUrl":"https:\/\/www.qnde.ca\/wp-content\/uploads\/2021\/04\/Cable-Adapters-Plug.jpg","width":1280,"height":1280,"caption":"Cable Adapters Plug"},{"@type":"BreadcrumbList","@id":"https:\/\/www.qnde.ca\/fr\/produit\/adaptateurs-cables\/#breadcrumb","itemListElement":[{"@type":"ListItem","position":1,"name":"Accueil","item":"https:\/\/www.qnde.ca\/fr\/"},{"@type":"ListItem","position":2,"name":"Produits","item":"https:\/\/www.qnde.ca\/fr\/produits\/"},{"@type":"ListItem","position":3,"name":"Ultrasons","item":"https:\/\/www.qnde.ca\/fr\/product-category\/ultrasons\/"},{"@type":"ListItem","position":4,"name":"Accessoires","item":"https:\/\/www.qnde.ca\/fr\/product-category\/ultrasons\/accessoires-ultrasons\/"},{"@type":"ListItem","position":5,"name":"Adaptateurs de C\u00e2ble"}]},{"@type":"WebSite","@id":"https:\/\/www.qnde.ca\/#website","url":"https:\/\/www.qnde.ca\/","name":"Qualit\u00e9 NDE","description":"\u00c9quipements d&#039;essais non destructifs ","publisher":{"@id":"https:\/\/www.qnde.ca\/#organization"},"potentialAction":[{"@type":"SearchAction","target":{"@type":"EntryPoint","urlTemplate":"https:\/\/www.qnde.ca\/?s={search_term_string}"},"query-input":{"@type":"PropertyValueSpecification","valueRequired":true,"valueName":"search_term_string"}}],"inLanguage":"fr-FR"},{"@type":"Organization","@id":"https:\/\/www.qnde.ca\/#organization","name":"Quality NDT Ltd.","url":"https:\/\/www.qnde.ca\/","logo":{"@type":"ImageObject","inLanguage":"fr-FR","@id":"https:\/\/www.qnde.ca\/#\/schema\/logo\/image\/","url":"https:\/\/www.qnde.ca\/wp-content\/uploads\/2022\/02\/QNDE_logo_RGB-gif.gif","contentUrl":"https:\/\/www.qnde.ca\/wp-content\/uploads\/2022\/02\/QNDE_logo_RGB-gif.gif","width":250,"height":64,"caption":"Quality NDT Ltd."},"image":{"@id":"https:\/\/www.qnde.ca\/#\/schema\/logo\/image\/"},"sameAs":["https:\/\/www.linkedin.com\/company\/qnde\/about\/?viewAsMember=true"]}]}},"jetpack_sharing_enabled":true,"_links":{"self":[{"href":"https:\/\/www.qnde.ca\/fr\/wp-json\/wp\/v2\/product\/19553","targetHints":{"allow":["GET"]}}],"collection":[{"href":"https:\/\/www.qnde.ca\/fr\/wp-json\/wp\/v2\/product"}],"about":[{"href":"https:\/\/www.qnde.ca\/fr\/wp-json\/wp\/v2\/types\/product"}],"wp:featuredmedia":[{"embeddable":true,"href":"https:\/\/www.qnde.ca\/fr\/wp-json\/wp\/v2\/media\/19555"}],"wp:attachment":[{"href":"https:\/\/www.qnde.ca\/fr\/wp-json\/wp\/v2\/media?parent=19553"}],"wp:term":[{"taxonomy":"product_brand","embeddable":true,"href":"https:\/\/www.qnde.ca\/fr\/wp-json\/wp\/v2\/product_brand?post=19553"},{"taxonomy":"product_cat","embeddable":true,"href":"https:\/\/www.qnde.ca\/fr\/wp-json\/wp\/v2\/product_cat?post=19553"},{"taxonomy":"product_tag","embeddable":true,"href":"https:\/\/www.qnde.ca\/fr\/wp-json\/wp\/v2\/product_tag?post=19553"}],"curies":[{"name":"wp","href":"https:\/\/api.w.org\/{rel}","templated":true}]}}