{"id":19458,"date":"2021-04-21T16:25:13","date_gmt":"2021-04-21T20:25:13","guid":{"rendered":"https:\/\/www.qnde.ca\/?post_type=product&#038;p=19458"},"modified":"2025-08-14T15:41:10","modified_gmt":"2025-08-14T19:41:10","slug":"sono1100-fr","status":"publish","type":"product","link":"https:\/\/www.qnde.ca\/fr\/produit\/sono1100-fr\/","title":{"rendered":"Magnaflux Sono 1100 Couplant \u2013 Temp\u00e9rature Extr\u00eame"},"content":{"rendered":"<h3><strong>Magnaflux Sono 1100 Couplant \u2013 Temp\u00e9rature Extr\u00eame<\/strong><\/h3>\n<p>Le Sono 1100 est un couplant en p\u00e2te \u00e0 tr\u00e8s haute temp\u00e9rature. Pour de meilleurs r\u00e9sultats, laisse fondre quelques secondes avant de prendre les lectures. Le signal peut \u00eatre att\u00e9nu\u00e9 si le couplant est utilis\u00e9 \u00e0 des temp\u00e9ratures inf\u00e9rieures aux temp\u00e9ratures recommand\u00e9es. Plage de temp\u00e9rature: 371 \u00e0 413\u00b0C (700 \u00e0 775\u00b0F).<\/p>\n<p><strong>IMPORTANT:<\/strong> le Sono 1100 est non-toxique, non-irritant puisqu\u2019il <u>ne contient pas de perfluorocarbures<\/u> (PTFE) qui, en cas de surchauffe, d\u00e9gage des gaz qui provoquent \u00ab\u00a0la fi\u00e8vre des polym\u00e8res\u00a0\u00bb = une maladie similaire \u00e0 la grippe qui peut durer jusqu&rsquo;\u00e0 24 heures.<\/p>\n<ul>\n<li>30-T04: Couplant Sono 1100, tube 4oz (118ml).<\/li>\n<li>30-6XT04: Couplant Sono 1100, caisse de 6 tubes, 4oz (118ml) par tube.<\/li>\n<li>30-901: Couplant Sono 1100, 1gal (3.78L) chaudi\u00e8re.<\/li>\n<\/ul>\n","protected":false},"excerpt":{"rendered":"<p>Magnaflux Sono 1100 Couplant \u2013 Temp\u00e9rature Extr\u00eame Le Sono 1100 est un couplant en p\u00e2te \u00e0 tr\u00e8s haute temp\u00e9rature. Pour de meilleurs r\u00e9sultats, laisse fondre quelques secondes avant de prendre les lectures. Le signal peut \u00eatre att\u00e9nu\u00e9 si le couplant est utilis\u00e9 \u00e0 des temp\u00e9ratures inf\u00e9rieures aux temp\u00e9ratures recommand\u00e9es. Plage de temp\u00e9rature: 371 \u00e0 413\u00b0C [&hellip;]<\/p>\n","protected":false},"featured_media":19462,"template":"","meta":{"_monsterinsights_skip_tracking":false,"_monsterinsights_sitenote_active":false,"_monsterinsights_sitenote_note":"","_monsterinsights_sitenote_category":0},"product_brand":[],"product_cat":[369,307],"product_tag":[],"class_list":{"0":"post-19458","1":"product","2":"type-product","3":"status-publish","4":"has-post-thumbnail","6":"product_cat-magnaflux-fr","7":"product_cat-couplant-ultrasons","9":"first","10":"instock","11":"shipping-taxable","12":"purchasable","13":"product-type-variable"},"yoast_head":"<!-- This site is optimized with the Yoast SEO plugin v23.9 - https:\/\/yoast.com\/wordpress\/plugins\/seo\/ -->\n<title>Magnaflux Sono 1100 Couplant \u2013 Temp\u00e9rature Extr\u00eame &#060; Qualit\u00e9 NDE<\/title>\n<meta name=\"description\" content=\"Magnaflux Sono 1100 : couplant en p\u00e2te \u00e0 haute temp\u00e9rature. Non-toxique,non irritant, ne contient pas de perfluorocarbures (PTFE).\" \/>\n<meta name=\"robots\" content=\"index, follow, max-snippet:-1, max-image-preview:large, max-video-preview:-1\" \/>\n<link rel=\"canonical\" href=\"https:\/\/www.qnde.ca\/fr\/produit\/sono1100-fr\/\" \/>\n<meta name=\"twitter:label1\" content=\"Dur\u00e9e de lecture estim\u00e9e\" \/>\n\t<meta name=\"twitter:data1\" content=\"1 minute\" \/>\n<script type=\"application\/ld+json\" class=\"yoast-schema-graph\">{\"@context\":\"https:\/\/schema.org\",\"@graph\":[{\"@type\":[\"WebPage\",\"ItemPage\"],\"@id\":\"https:\/\/www.qnde.ca\/fr\/produit\/sono1100-fr\/\",\"url\":\"https:\/\/www.qnde.ca\/fr\/produit\/sono1100-fr\/\",\"name\":\"Magnaflux Sono 1100 Couplant \u2013 Temp\u00e9rature Extr\u00eame &#060; Qualit\u00e9 NDE\",\"isPartOf\":{\"@id\":\"https:\/\/www.qnde.ca\/#website\"},\"primaryImageOfPage\":{\"@id\":\"https:\/\/www.qnde.ca\/fr\/produit\/sono1100-fr\/#primaryimage\"},\"image\":{\"@id\":\"https:\/\/www.qnde.ca\/fr\/produit\/sono1100-fr\/#primaryimage\"},\"thumbnailUrl\":\"https:\/\/www.qnde.ca\/wp-content\/uploads\/2021\/04\/Sono-1100-High-Temperature-Couplant-shown-in-4oz-tube-and-1-gallon-pail.jpg\",\"datePublished\":\"2021-04-21T20:25:13+00:00\",\"dateModified\":\"2025-08-14T19:41:10+00:00\",\"description\":\"Magnaflux Sono 1100 : couplant en p\u00e2te \u00e0 haute temp\u00e9rature. Non-toxique,non irritant, ne contient pas de perfluorocarbures (PTFE).\",\"breadcrumb\":{\"@id\":\"https:\/\/www.qnde.ca\/fr\/produit\/sono1100-fr\/#breadcrumb\"},\"inLanguage\":\"fr-FR\",\"potentialAction\":[{\"@type\":\"ReadAction\",\"target\":[\"https:\/\/www.qnde.ca\/fr\/produit\/sono1100-fr\/\"]}]},{\"@type\":\"ImageObject\",\"inLanguage\":\"fr-FR\",\"@id\":\"https:\/\/www.qnde.ca\/fr\/produit\/sono1100-fr\/#primaryimage\",\"url\":\"https:\/\/www.qnde.ca\/wp-content\/uploads\/2021\/04\/Sono-1100-High-Temperature-Couplant-shown-in-4oz-tube-and-1-gallon-pail.jpg\",\"contentUrl\":\"https:\/\/www.qnde.ca\/wp-content\/uploads\/2021\/04\/Sono-1100-High-Temperature-Couplant-shown-in-4oz-tube-and-1-gallon-pail.jpg\",\"width\":2000,\"height\":2000,\"caption\":\"Sono 1100, High Temperature Couplant, shown in 4oz tube and 1 gallon pail\"},{\"@type\":\"BreadcrumbList\",\"@id\":\"https:\/\/www.qnde.ca\/fr\/produit\/sono1100-fr\/#breadcrumb\",\"itemListElement\":[{\"@type\":\"ListItem\",\"position\":1,\"name\":\"Accueil\",\"item\":\"https:\/\/www.qnde.ca\/fr\/\"},{\"@type\":\"ListItem\",\"position\":2,\"name\":\"Produits\",\"item\":\"https:\/\/www.qnde.ca\/fr\/produits\/\"},{\"@type\":\"ListItem\",\"position\":3,\"name\":\"Ultrasons\",\"item\":\"https:\/\/www.qnde.ca\/fr\/product-category\/ultrasons\/\"},{\"@type\":\"ListItem\",\"position\":4,\"name\":\"Couplant\",\"item\":\"https:\/\/www.qnde.ca\/fr\/product-category\/ultrasons\/couplant-ultrasons\/\"},{\"@type\":\"ListItem\",\"position\":5,\"name\":\"Magnaflux Sono 1100 Couplant \u2013 Temp\u00e9rature Extr\u00eame\"}]},{\"@type\":\"WebSite\",\"@id\":\"https:\/\/www.qnde.ca\/#website\",\"url\":\"https:\/\/www.qnde.ca\/\",\"name\":\"Qualit\u00e9 NDE\",\"description\":\"\u00c9quipements d&#039;essais non destructifs \",\"publisher\":{\"@id\":\"https:\/\/www.qnde.ca\/#organization\"},\"potentialAction\":[{\"@type\":\"SearchAction\",\"target\":{\"@type\":\"EntryPoint\",\"urlTemplate\":\"https:\/\/www.qnde.ca\/?s={search_term_string}\"},\"query-input\":{\"@type\":\"PropertyValueSpecification\",\"valueRequired\":true,\"valueName\":\"search_term_string\"}}],\"inLanguage\":\"fr-FR\"},{\"@type\":\"Organization\",\"@id\":\"https:\/\/www.qnde.ca\/#organization\",\"name\":\"Quality NDT Ltd.\",\"url\":\"https:\/\/www.qnde.ca\/\",\"logo\":{\"@type\":\"ImageObject\",\"inLanguage\":\"fr-FR\",\"@id\":\"https:\/\/www.qnde.ca\/#\/schema\/logo\/image\/\",\"url\":\"https:\/\/www.qnde.ca\/wp-content\/uploads\/2022\/02\/QNDE_logo_RGB-gif.gif\",\"contentUrl\":\"https:\/\/www.qnde.ca\/wp-content\/uploads\/2022\/02\/QNDE_logo_RGB-gif.gif\",\"width\":250,\"height\":64,\"caption\":\"Quality NDT Ltd.\"},\"image\":{\"@id\":\"https:\/\/www.qnde.ca\/#\/schema\/logo\/image\/\"},\"sameAs\":[\"https:\/\/www.linkedin.com\/company\/qnde\/about\/?viewAsMember=true\"]}]}<\/script>\n<!-- \/ Yoast SEO plugin. -->","yoast_head_json":{"title":"Magnaflux Sono 1100 Couplant \u2013 Temp\u00e9rature Extr\u00eame &#060; Qualit\u00e9 NDE","description":"Magnaflux Sono 1100 : couplant en p\u00e2te \u00e0 haute temp\u00e9rature. Non-toxique,non irritant, ne contient pas de perfluorocarbures (PTFE).","robots":{"index":"index","follow":"follow","max-snippet":"max-snippet:-1","max-image-preview":"max-image-preview:large","max-video-preview":"max-video-preview:-1"},"canonical":"https:\/\/www.qnde.ca\/fr\/produit\/sono1100-fr\/","twitter_misc":{"Dur\u00e9e de lecture estim\u00e9e":"1 minute"},"schema":{"@context":"https:\/\/schema.org","@graph":[{"@type":["WebPage","ItemPage"],"@id":"https:\/\/www.qnde.ca\/fr\/produit\/sono1100-fr\/","url":"https:\/\/www.qnde.ca\/fr\/produit\/sono1100-fr\/","name":"Magnaflux Sono 1100 Couplant \u2013 Temp\u00e9rature Extr\u00eame &#060; Qualit\u00e9 NDE","isPartOf":{"@id":"https:\/\/www.qnde.ca\/#website"},"primaryImageOfPage":{"@id":"https:\/\/www.qnde.ca\/fr\/produit\/sono1100-fr\/#primaryimage"},"image":{"@id":"https:\/\/www.qnde.ca\/fr\/produit\/sono1100-fr\/#primaryimage"},"thumbnailUrl":"https:\/\/www.qnde.ca\/wp-content\/uploads\/2021\/04\/Sono-1100-High-Temperature-Couplant-shown-in-4oz-tube-and-1-gallon-pail.jpg","datePublished":"2021-04-21T20:25:13+00:00","dateModified":"2025-08-14T19:41:10+00:00","description":"Magnaflux Sono 1100 : couplant en p\u00e2te \u00e0 haute temp\u00e9rature. Non-toxique,non irritant, ne contient pas de perfluorocarbures (PTFE).","breadcrumb":{"@id":"https:\/\/www.qnde.ca\/fr\/produit\/sono1100-fr\/#breadcrumb"},"inLanguage":"fr-FR","potentialAction":[{"@type":"ReadAction","target":["https:\/\/www.qnde.ca\/fr\/produit\/sono1100-fr\/"]}]},{"@type":"ImageObject","inLanguage":"fr-FR","@id":"https:\/\/www.qnde.ca\/fr\/produit\/sono1100-fr\/#primaryimage","url":"https:\/\/www.qnde.ca\/wp-content\/uploads\/2021\/04\/Sono-1100-High-Temperature-Couplant-shown-in-4oz-tube-and-1-gallon-pail.jpg","contentUrl":"https:\/\/www.qnde.ca\/wp-content\/uploads\/2021\/04\/Sono-1100-High-Temperature-Couplant-shown-in-4oz-tube-and-1-gallon-pail.jpg","width":2000,"height":2000,"caption":"Sono 1100, High Temperature Couplant, shown in 4oz tube and 1 gallon pail"},{"@type":"BreadcrumbList","@id":"https:\/\/www.qnde.ca\/fr\/produit\/sono1100-fr\/#breadcrumb","itemListElement":[{"@type":"ListItem","position":1,"name":"Accueil","item":"https:\/\/www.qnde.ca\/fr\/"},{"@type":"ListItem","position":2,"name":"Produits","item":"https:\/\/www.qnde.ca\/fr\/produits\/"},{"@type":"ListItem","position":3,"name":"Ultrasons","item":"https:\/\/www.qnde.ca\/fr\/product-category\/ultrasons\/"},{"@type":"ListItem","position":4,"name":"Couplant","item":"https:\/\/www.qnde.ca\/fr\/product-category\/ultrasons\/couplant-ultrasons\/"},{"@type":"ListItem","position":5,"name":"Magnaflux Sono 1100 Couplant \u2013 Temp\u00e9rature Extr\u00eame"}]},{"@type":"WebSite","@id":"https:\/\/www.qnde.ca\/#website","url":"https:\/\/www.qnde.ca\/","name":"Qualit\u00e9 NDE","description":"\u00c9quipements d&#039;essais non destructifs ","publisher":{"@id":"https:\/\/www.qnde.ca\/#organization"},"potentialAction":[{"@type":"SearchAction","target":{"@type":"EntryPoint","urlTemplate":"https:\/\/www.qnde.ca\/?s={search_term_string}"},"query-input":{"@type":"PropertyValueSpecification","valueRequired":true,"valueName":"search_term_string"}}],"inLanguage":"fr-FR"},{"@type":"Organization","@id":"https:\/\/www.qnde.ca\/#organization","name":"Quality NDT Ltd.","url":"https:\/\/www.qnde.ca\/","logo":{"@type":"ImageObject","inLanguage":"fr-FR","@id":"https:\/\/www.qnde.ca\/#\/schema\/logo\/image\/","url":"https:\/\/www.qnde.ca\/wp-content\/uploads\/2022\/02\/QNDE_logo_RGB-gif.gif","contentUrl":"https:\/\/www.qnde.ca\/wp-content\/uploads\/2022\/02\/QNDE_logo_RGB-gif.gif","width":250,"height":64,"caption":"Quality NDT Ltd."},"image":{"@id":"https:\/\/www.qnde.ca\/#\/schema\/logo\/image\/"},"sameAs":["https:\/\/www.linkedin.com\/company\/qnde\/about\/?viewAsMember=true"]}]}},"jetpack_sharing_enabled":true,"_links":{"self":[{"href":"https:\/\/www.qnde.ca\/fr\/wp-json\/wp\/v2\/product\/19458","targetHints":{"allow":["GET"]}}],"collection":[{"href":"https:\/\/www.qnde.ca\/fr\/wp-json\/wp\/v2\/product"}],"about":[{"href":"https:\/\/www.qnde.ca\/fr\/wp-json\/wp\/v2\/types\/product"}],"wp:featuredmedia":[{"embeddable":true,"href":"https:\/\/www.qnde.ca\/fr\/wp-json\/wp\/v2\/media\/19462"}],"wp:attachment":[{"href":"https:\/\/www.qnde.ca\/fr\/wp-json\/wp\/v2\/media?parent=19458"}],"wp:term":[{"taxonomy":"product_brand","embeddable":true,"href":"https:\/\/www.qnde.ca\/fr\/wp-json\/wp\/v2\/product_brand?post=19458"},{"taxonomy":"product_cat","embeddable":true,"href":"https:\/\/www.qnde.ca\/fr\/wp-json\/wp\/v2\/product_cat?post=19458"},{"taxonomy":"product_tag","embeddable":true,"href":"https:\/\/www.qnde.ca\/fr\/wp-json\/wp\/v2\/product_tag?post=19458"}],"curies":[{"name":"wp","href":"https:\/\/api.w.org\/{rel}","templated":true}]}}