{"id":19427,"date":"2021-04-21T15:32:17","date_gmt":"2021-04-21T19:32:17","guid":{"rendered":"https:\/\/www.qnde.ca\/?post_type=product&#038;p=19427"},"modified":"2025-08-14T15:30:40","modified_gmt":"2025-08-14T19:30:40","slug":"utx-fr","status":"publish","type":"product","link":"https:\/\/www.qnde.ca\/fr\/produit\/utx-fr\/","title":{"rendered":"Magnaflux UT-X Powder Couplant en Poudre"},"content":{"rendered":"<h3><strong>Magnaflux UT-X Powder Couplant en Poudre<\/strong><\/h3>\n<p>Le m\u00e9lange en poudre UT-X est un couplant \u00e9conomique en poudre pr\u00eat \u00e0 \u00eatre m\u00e9lang\u00e9e \u00e0 de l&rsquo;eau \u00e0 la viscosit\u00e9 d\u00e9sir\u00e9e. Ce couplant soluble dans l\u2019eau est sans halog\u00e8ne, soufre et glyc\u00e9rine, avec une bonne inhibition de la corrosion. Plage de temp\u00e9rature: 0 \u00e0 49\u00b0C (32 \u00e0 120\u00b0F).<\/p>\n<ul>\n<li>63-001: Couplant UT-X en poudre, sac de 3.66oz (103g). Chaque sac fait 1gal (3.8L) \u00e0 viscosit\u00e9 \u00e9lev\u00e9e.<\/li>\n<li>62-110: Couplant UT-X en poudre, caisse de 10 sacs, 3.66oz (103g) par sac. Chaque sac fait 1gal (3.8L) \u00e0 viscosit\u00e9 \u00e9lev\u00e9e.<\/li>\n<li>62-510: Couplant UT-X en poudre, caisse de 10 sacs, 18.3oz (518g) par sac. Chaque sac fait 5gal (18.9L) \u00e0 viscosit\u00e9 \u00e9lev\u00e9e.<\/li>\n<\/ul>\n","protected":false},"excerpt":{"rendered":"<p>Magnaflux UT-X Powder Couplant en Poudre Le m\u00e9lange en poudre UT-X est un couplant \u00e9conomique en poudre pr\u00eat \u00e0 \u00eatre m\u00e9lang\u00e9e \u00e0 de l&rsquo;eau \u00e0 la viscosit\u00e9 d\u00e9sir\u00e9e. Ce couplant soluble dans l\u2019eau est sans halog\u00e8ne, soufre et glyc\u00e9rine, avec une bonne inhibition de la corrosion. Plage de temp\u00e9rature: 0 \u00e0 49\u00b0C (32 \u00e0 120\u00b0F). [&hellip;]<\/p>\n","protected":false},"featured_media":19431,"template":"","meta":{"_monsterinsights_skip_tracking":false,"_monsterinsights_sitenote_active":false,"_monsterinsights_sitenote_note":"","_monsterinsights_sitenote_category":0},"product_brand":[],"product_cat":[369,307],"product_tag":[],"class_list":{"0":"post-19427","1":"product","2":"type-product","3":"status-publish","4":"has-post-thumbnail","6":"product_cat-magnaflux-fr","7":"product_cat-couplant-ultrasons","9":"first","10":"instock","11":"shipping-taxable","12":"purchasable","13":"product-type-variable"},"yoast_head":"<!-- This site is optimized with the Yoast SEO plugin v23.9 - https:\/\/yoast.com\/wordpress\/plugins\/seo\/ -->\n<title>Magnaflux UT-X Powder Couplant en Poudre &#060; Qualit\u00e9 NDE<\/title>\n<meta name=\"description\" content=\"Magnaflux UT-X Powder couplant en poudre \u00e9conomique et pr\u00eat \u00e0 l&#039;utilisation. Soluble dans l&#039;eau et sans halog\u00e8ne , soufre et glyc\u00e9rine.\" \/>\n<meta name=\"robots\" content=\"index, follow, max-snippet:-1, max-image-preview:large, max-video-preview:-1\" \/>\n<link rel=\"canonical\" href=\"https:\/\/www.qnde.ca\/fr\/produit\/utx-fr\/\" \/>\n<meta name=\"twitter:label1\" content=\"Dur\u00e9e de lecture estim\u00e9e\" \/>\n\t<meta name=\"twitter:data1\" content=\"1 minute\" \/>\n<script type=\"application\/ld+json\" class=\"yoast-schema-graph\">{\"@context\":\"https:\/\/schema.org\",\"@graph\":[{\"@type\":[\"WebPage\",\"ItemPage\"],\"@id\":\"https:\/\/www.qnde.ca\/fr\/produit\/utx-fr\/\",\"url\":\"https:\/\/www.qnde.ca\/fr\/produit\/utx-fr\/\",\"name\":\"Magnaflux UT-X Powder Couplant en Poudre &#060; Qualit\u00e9 NDE\",\"isPartOf\":{\"@id\":\"https:\/\/www.qnde.ca\/#website\"},\"primaryImageOfPage\":{\"@id\":\"https:\/\/www.qnde.ca\/fr\/produit\/utx-fr\/#primaryimage\"},\"image\":{\"@id\":\"https:\/\/www.qnde.ca\/fr\/produit\/utx-fr\/#primaryimage\"},\"thumbnailUrl\":\"https:\/\/www.qnde.ca\/wp-content\/uploads\/2021\/04\/UT-X-Powder-mix-couplant-powder-3.66oz-and-18.3oz-bags.jpg\",\"datePublished\":\"2021-04-21T19:32:17+00:00\",\"dateModified\":\"2025-08-14T19:30:40+00:00\",\"description\":\"Magnaflux UT-X Powder couplant en poudre \u00e9conomique et pr\u00eat \u00e0 l'utilisation. Soluble dans l'eau et sans halog\u00e8ne , soufre et glyc\u00e9rine.\",\"breadcrumb\":{\"@id\":\"https:\/\/www.qnde.ca\/fr\/produit\/utx-fr\/#breadcrumb\"},\"inLanguage\":\"fr-FR\",\"potentialAction\":[{\"@type\":\"ReadAction\",\"target\":[\"https:\/\/www.qnde.ca\/fr\/produit\/utx-fr\/\"]}]},{\"@type\":\"ImageObject\",\"inLanguage\":\"fr-FR\",\"@id\":\"https:\/\/www.qnde.ca\/fr\/produit\/utx-fr\/#primaryimage\",\"url\":\"https:\/\/www.qnde.ca\/wp-content\/uploads\/2021\/04\/UT-X-Powder-mix-couplant-powder-3.66oz-and-18.3oz-bags.jpg\",\"contentUrl\":\"https:\/\/www.qnde.ca\/wp-content\/uploads\/2021\/04\/UT-X-Powder-mix-couplant-powder-3.66oz-and-18.3oz-bags.jpg\",\"width\":2000,\"height\":2000,\"caption\":\"UT-X Powder mix couplant powder, 3.66oz and 18.3oz (103g and 518g) bags\"},{\"@type\":\"BreadcrumbList\",\"@id\":\"https:\/\/www.qnde.ca\/fr\/produit\/utx-fr\/#breadcrumb\",\"itemListElement\":[{\"@type\":\"ListItem\",\"position\":1,\"name\":\"Accueil\",\"item\":\"https:\/\/www.qnde.ca\/fr\/\"},{\"@type\":\"ListItem\",\"position\":2,\"name\":\"Produits\",\"item\":\"https:\/\/www.qnde.ca\/fr\/produits\/\"},{\"@type\":\"ListItem\",\"position\":3,\"name\":\"Ultrasons\",\"item\":\"https:\/\/www.qnde.ca\/fr\/product-category\/ultrasons\/\"},{\"@type\":\"ListItem\",\"position\":4,\"name\":\"Couplant\",\"item\":\"https:\/\/www.qnde.ca\/fr\/product-category\/ultrasons\/couplant-ultrasons\/\"},{\"@type\":\"ListItem\",\"position\":5,\"name\":\"Magnaflux UT-X Powder Couplant en Poudre\"}]},{\"@type\":\"WebSite\",\"@id\":\"https:\/\/www.qnde.ca\/#website\",\"url\":\"https:\/\/www.qnde.ca\/\",\"name\":\"Qualit\u00e9 NDE\",\"description\":\"\u00c9quipements d&#039;essais non destructifs \",\"publisher\":{\"@id\":\"https:\/\/www.qnde.ca\/#organization\"},\"potentialAction\":[{\"@type\":\"SearchAction\",\"target\":{\"@type\":\"EntryPoint\",\"urlTemplate\":\"https:\/\/www.qnde.ca\/?s={search_term_string}\"},\"query-input\":{\"@type\":\"PropertyValueSpecification\",\"valueRequired\":true,\"valueName\":\"search_term_string\"}}],\"inLanguage\":\"fr-FR\"},{\"@type\":\"Organization\",\"@id\":\"https:\/\/www.qnde.ca\/#organization\",\"name\":\"Quality NDT Ltd.\",\"url\":\"https:\/\/www.qnde.ca\/\",\"logo\":{\"@type\":\"ImageObject\",\"inLanguage\":\"fr-FR\",\"@id\":\"https:\/\/www.qnde.ca\/#\/schema\/logo\/image\/\",\"url\":\"https:\/\/www.qnde.ca\/wp-content\/uploads\/2022\/02\/QNDE_logo_RGB-gif.gif\",\"contentUrl\":\"https:\/\/www.qnde.ca\/wp-content\/uploads\/2022\/02\/QNDE_logo_RGB-gif.gif\",\"width\":250,\"height\":64,\"caption\":\"Quality NDT Ltd.\"},\"image\":{\"@id\":\"https:\/\/www.qnde.ca\/#\/schema\/logo\/image\/\"},\"sameAs\":[\"https:\/\/www.linkedin.com\/company\/qnde\/about\/?viewAsMember=true\"]}]}<\/script>\n<!-- \/ Yoast SEO plugin. -->","yoast_head_json":{"title":"Magnaflux UT-X Powder Couplant en Poudre &#060; Qualit\u00e9 NDE","description":"Magnaflux UT-X Powder couplant en poudre \u00e9conomique et pr\u00eat \u00e0 l'utilisation. Soluble dans l'eau et sans halog\u00e8ne , soufre et glyc\u00e9rine.","robots":{"index":"index","follow":"follow","max-snippet":"max-snippet:-1","max-image-preview":"max-image-preview:large","max-video-preview":"max-video-preview:-1"},"canonical":"https:\/\/www.qnde.ca\/fr\/produit\/utx-fr\/","twitter_misc":{"Dur\u00e9e de lecture estim\u00e9e":"1 minute"},"schema":{"@context":"https:\/\/schema.org","@graph":[{"@type":["WebPage","ItemPage"],"@id":"https:\/\/www.qnde.ca\/fr\/produit\/utx-fr\/","url":"https:\/\/www.qnde.ca\/fr\/produit\/utx-fr\/","name":"Magnaflux UT-X Powder Couplant en Poudre &#060; Qualit\u00e9 NDE","isPartOf":{"@id":"https:\/\/www.qnde.ca\/#website"},"primaryImageOfPage":{"@id":"https:\/\/www.qnde.ca\/fr\/produit\/utx-fr\/#primaryimage"},"image":{"@id":"https:\/\/www.qnde.ca\/fr\/produit\/utx-fr\/#primaryimage"},"thumbnailUrl":"https:\/\/www.qnde.ca\/wp-content\/uploads\/2021\/04\/UT-X-Powder-mix-couplant-powder-3.66oz-and-18.3oz-bags.jpg","datePublished":"2021-04-21T19:32:17+00:00","dateModified":"2025-08-14T19:30:40+00:00","description":"Magnaflux UT-X Powder couplant en poudre \u00e9conomique et pr\u00eat \u00e0 l'utilisation. Soluble dans l'eau et sans halog\u00e8ne , soufre et glyc\u00e9rine.","breadcrumb":{"@id":"https:\/\/www.qnde.ca\/fr\/produit\/utx-fr\/#breadcrumb"},"inLanguage":"fr-FR","potentialAction":[{"@type":"ReadAction","target":["https:\/\/www.qnde.ca\/fr\/produit\/utx-fr\/"]}]},{"@type":"ImageObject","inLanguage":"fr-FR","@id":"https:\/\/www.qnde.ca\/fr\/produit\/utx-fr\/#primaryimage","url":"https:\/\/www.qnde.ca\/wp-content\/uploads\/2021\/04\/UT-X-Powder-mix-couplant-powder-3.66oz-and-18.3oz-bags.jpg","contentUrl":"https:\/\/www.qnde.ca\/wp-content\/uploads\/2021\/04\/UT-X-Powder-mix-couplant-powder-3.66oz-and-18.3oz-bags.jpg","width":2000,"height":2000,"caption":"UT-X Powder mix couplant powder, 3.66oz and 18.3oz (103g and 518g) bags"},{"@type":"BreadcrumbList","@id":"https:\/\/www.qnde.ca\/fr\/produit\/utx-fr\/#breadcrumb","itemListElement":[{"@type":"ListItem","position":1,"name":"Accueil","item":"https:\/\/www.qnde.ca\/fr\/"},{"@type":"ListItem","position":2,"name":"Produits","item":"https:\/\/www.qnde.ca\/fr\/produits\/"},{"@type":"ListItem","position":3,"name":"Ultrasons","item":"https:\/\/www.qnde.ca\/fr\/product-category\/ultrasons\/"},{"@type":"ListItem","position":4,"name":"Couplant","item":"https:\/\/www.qnde.ca\/fr\/product-category\/ultrasons\/couplant-ultrasons\/"},{"@type":"ListItem","position":5,"name":"Magnaflux UT-X Powder Couplant en Poudre"}]},{"@type":"WebSite","@id":"https:\/\/www.qnde.ca\/#website","url":"https:\/\/www.qnde.ca\/","name":"Qualit\u00e9 NDE","description":"\u00c9quipements d&#039;essais non destructifs ","publisher":{"@id":"https:\/\/www.qnde.ca\/#organization"},"potentialAction":[{"@type":"SearchAction","target":{"@type":"EntryPoint","urlTemplate":"https:\/\/www.qnde.ca\/?s={search_term_string}"},"query-input":{"@type":"PropertyValueSpecification","valueRequired":true,"valueName":"search_term_string"}}],"inLanguage":"fr-FR"},{"@type":"Organization","@id":"https:\/\/www.qnde.ca\/#organization","name":"Quality NDT Ltd.","url":"https:\/\/www.qnde.ca\/","logo":{"@type":"ImageObject","inLanguage":"fr-FR","@id":"https:\/\/www.qnde.ca\/#\/schema\/logo\/image\/","url":"https:\/\/www.qnde.ca\/wp-content\/uploads\/2022\/02\/QNDE_logo_RGB-gif.gif","contentUrl":"https:\/\/www.qnde.ca\/wp-content\/uploads\/2022\/02\/QNDE_logo_RGB-gif.gif","width":250,"height":64,"caption":"Quality NDT Ltd."},"image":{"@id":"https:\/\/www.qnde.ca\/#\/schema\/logo\/image\/"},"sameAs":["https:\/\/www.linkedin.com\/company\/qnde\/about\/?viewAsMember=true"]}]}},"jetpack_sharing_enabled":true,"_links":{"self":[{"href":"https:\/\/www.qnde.ca\/fr\/wp-json\/wp\/v2\/product\/19427","targetHints":{"allow":["GET"]}}],"collection":[{"href":"https:\/\/www.qnde.ca\/fr\/wp-json\/wp\/v2\/product"}],"about":[{"href":"https:\/\/www.qnde.ca\/fr\/wp-json\/wp\/v2\/types\/product"}],"wp:featuredmedia":[{"embeddable":true,"href":"https:\/\/www.qnde.ca\/fr\/wp-json\/wp\/v2\/media\/19431"}],"wp:attachment":[{"href":"https:\/\/www.qnde.ca\/fr\/wp-json\/wp\/v2\/media?parent=19427"}],"wp:term":[{"taxonomy":"product_brand","embeddable":true,"href":"https:\/\/www.qnde.ca\/fr\/wp-json\/wp\/v2\/product_brand?post=19427"},{"taxonomy":"product_cat","embeddable":true,"href":"https:\/\/www.qnde.ca\/fr\/wp-json\/wp\/v2\/product_cat?post=19427"},{"taxonomy":"product_tag","embeddable":true,"href":"https:\/\/www.qnde.ca\/fr\/wp-json\/wp\/v2\/product_tag?post=19427"}],"curies":[{"name":"wp","href":"https:\/\/api.w.org\/{rel}","templated":true}]}}