{"id":19368,"date":"2021-04-21T11:52:40","date_gmt":"2021-04-21T15:52:40","guid":{"rendered":"https:\/\/www.qnde.ca\/?post_type=product&#038;p=19368"},"modified":"2025-08-11T13:19:07","modified_gmt":"2025-08-11T17:19:07","slug":"positest-lpd-fr","status":"publish","type":"product","link":"https:\/\/www.qnde.ca\/fr\/produit\/positest-lpd-fr\/","title":{"rendered":"Defelsko PosiTest LPD D\u00e9tecteur de porosit\u00e9 \u00e9ponge humide"},"content":{"rendered":"<h3><strong>Defelsko PosiTest LPD D\u00e9tecteur de porosit\u00e9 \u00e9ponge humide<\/strong><\/h3>\n<p>Le d\u00e9tecteur de porosit\u00e9\/d\u00e9fauts DC basse tension est utilis\u00e9 pour d\u00e9tecter les discontinuit\u00e9s (porosit\u00e9, trous d\u2019\u00e9pingles, bulles\/ mauvaise adh\u00e9rence, fissures) dans les rev\u00eatements di\u00e9lectriques (jusqu\u2019\u00e0 500 microns en \u00e9paisseur) sur substrat conducteur, y compris le b\u00e9ton. Les alarmes sonores et visuelles avertissent lorsqu&rsquo;un d\u00e9faut est d\u00e9tect\u00e9. 2 ans de garantie.<\/p>\n<p><strong>IMPORTANT:<\/strong> Nous recommandons fortement que les rev\u00eatements de plus de 150 microns ou les rev\u00eatements dans les environnements corrosifs soit inspect\u00e9s avec un testeur de porosit\u00e9 haute tension.<\/p>\n<h4><strong>Ensemble de base inclut: <\/strong><\/h4>\n<ul>\n<li>D\u00e9tecteur de porosit\u00e9 PosiTest LPD, trois batteries AAA, poign\u00e9e t\u00e9lescopique avec \u00e9ponge de 200mm x 40mm et cordon d\u2019alimentation de 78&Prime; (2m), Fil de mise \u00e0 la terre 15&prime; (4.5m) avec pince, \u00e9couteurs, dragonne, mousqueton, manuel de l\u2019utilisateur, certificat d\u2019\u00e9talonnage et valise de transport rigide.<\/li>\n<\/ul>\n<p>&nbsp;<\/p>\n<ul>\n<li>LPD-B: D\u00e9tecteur de porosit\u00e9 PosiTest LPD basse tension, ensemble de base.<\/li>\n<li>LPD: D\u00e9tecteur de porosit\u00e9 PosiTest LPD basse tension, ensemble complet. Inclut le contenu de l\u2019ensemble de base plus tige d\u2019extension avec rouleau \u00e9ponge, mat\u00e9riel pour diam\u00e8tre interne, feuille suppl\u00e9mentaire en \u00e9ponge de 8&Prime;x8&Prime; pour tailles personnalis\u00e9es, tige d\u2019extension 24&Prime; (0.6m), adaptateur pour connecter la tige d\u2019extension, fil de mise \u00e0 la terre de 40&prime; (12m), fil d\u2019alimentation de 15&prime; (4.5m), poteau de mise \u00e0 la terre magn\u00e9tique.<\/li>\n<\/ul>\n<h4><strong>Tige d&rsquo;extension:<\/strong><\/h4>\n<ul>\n<li>LPD-ER: PosiTest LPD tige d\u2019extension, 12&Prime; (0.3m).<\/li>\n<\/ul>\n","protected":false},"excerpt":{"rendered":"<p>Defelsko PosiTest LPD D\u00e9tecteur de porosit\u00e9 \u00e9ponge humide Le d\u00e9tecteur de porosit\u00e9\/d\u00e9fauts DC basse tension est utilis\u00e9 pour d\u00e9tecter les discontinuit\u00e9s (porosit\u00e9, trous d\u2019\u00e9pingles, bulles\/ mauvaise adh\u00e9rence, fissures) dans les rev\u00eatements di\u00e9lectriques (jusqu\u2019\u00e0 500 microns en \u00e9paisseur) sur substrat conducteur, y compris le b\u00e9ton. Les alarmes sonores et visuelles avertissent lorsqu&rsquo;un d\u00e9faut est d\u00e9tect\u00e9. 2 [&hellip;]<\/p>\n","protected":false},"featured_media":19373,"template":"","meta":{"_monsterinsights_skip_tracking":false,"_monsterinsights_sitenote_active":false,"_monsterinsights_sitenote_note":"","_monsterinsights_sitenote_category":0},"product_brand":[],"product_cat":[406,357,334],"product_tag":[],"class_list":{"0":"post-19368","1":"product","2":"type-product","3":"status-publish","4":"has-post-thumbnail","6":"product_cat-defelsko-fr","7":"product_cat-detecteurs-porosite-fr","8":"product_cat-detecteurs-porosite","10":"first","11":"instock","12":"shipping-taxable","13":"purchasable","14":"product-type-variable"},"yoast_head":"<!-- This site is optimized with the Yoast SEO plugin v23.9 - https:\/\/yoast.com\/wordpress\/plugins\/seo\/ -->\n<title>Defelsko PosiTest LPD D\u00e9tecteur de porosit\u00e9 \u00e9ponge humide &#060; Qualit\u00e9 NDE<\/title>\n<meta name=\"description\" content=\"PosiTest LPD : d\u00e9tecteur de porosit\u00e9 \u00e0 basse tension pour rev\u00eatements jusqu\u2019\u00e0 500\u202f\u03bcm. Alarmes visuelles\/sonores. Id\u00e9al pour b\u00e9ton et substrats conducteurs.\" \/>\n<meta name=\"robots\" content=\"index, follow, max-snippet:-1, max-image-preview:large, max-video-preview:-1\" \/>\n<link rel=\"canonical\" href=\"https:\/\/www.qnde.ca\/fr\/produit\/positest-lpd-fr\/\" \/>\n<meta name=\"twitter:label1\" content=\"Dur\u00e9e de lecture estim\u00e9e\" \/>\n\t<meta name=\"twitter:data1\" content=\"2 minutes\" \/>\n<script type=\"application\/ld+json\" class=\"yoast-schema-graph\">{\"@context\":\"https:\/\/schema.org\",\"@graph\":[{\"@type\":[\"WebPage\",\"ItemPage\"],\"@id\":\"https:\/\/www.qnde.ca\/fr\/produit\/positest-lpd-fr\/\",\"url\":\"https:\/\/www.qnde.ca\/fr\/produit\/positest-lpd-fr\/\",\"name\":\"Defelsko PosiTest LPD D\u00e9tecteur de porosit\u00e9 \u00e9ponge humide &#060; Qualit\u00e9 NDE\",\"isPartOf\":{\"@id\":\"https:\/\/www.qnde.ca\/#website\"},\"primaryImageOfPage\":{\"@id\":\"https:\/\/www.qnde.ca\/fr\/produit\/positest-lpd-fr\/#primaryimage\"},\"image\":{\"@id\":\"https:\/\/www.qnde.ca\/fr\/produit\/positest-lpd-fr\/#primaryimage\"},\"thumbnailUrl\":\"https:\/\/www.qnde.ca\/wp-content\/uploads\/2021\/04\/Defelsko-Positest-LPD-complete-kit-Low-Voltage-Porosity-Holiday-Detector.jpg\",\"datePublished\":\"2021-04-21T15:52:40+00:00\",\"dateModified\":\"2025-08-11T17:19:07+00:00\",\"description\":\"PosiTest LPD : d\u00e9tecteur de porosit\u00e9 \u00e0 basse tension pour rev\u00eatements jusqu\u2019\u00e0 500\u202f\u03bcm. Alarmes visuelles\/sonores. Id\u00e9al pour b\u00e9ton et substrats conducteurs.\",\"breadcrumb\":{\"@id\":\"https:\/\/www.qnde.ca\/fr\/produit\/positest-lpd-fr\/#breadcrumb\"},\"inLanguage\":\"fr-FR\",\"potentialAction\":[{\"@type\":\"ReadAction\",\"target\":[\"https:\/\/www.qnde.ca\/fr\/produit\/positest-lpd-fr\/\"]}]},{\"@type\":\"ImageObject\",\"inLanguage\":\"fr-FR\",\"@id\":\"https:\/\/www.qnde.ca\/fr\/produit\/positest-lpd-fr\/#primaryimage\",\"url\":\"https:\/\/www.qnde.ca\/wp-content\/uploads\/2021\/04\/Defelsko-Positest-LPD-complete-kit-Low-Voltage-Porosity-Holiday-Detector.jpg\",\"contentUrl\":\"https:\/\/www.qnde.ca\/wp-content\/uploads\/2021\/04\/Defelsko-Positest-LPD-complete-kit-Low-Voltage-Porosity-Holiday-Detector.jpg\",\"width\":1800,\"height\":1646,\"caption\":\"Defelsko Positest LPD complete kit, Low-Voltage Porosity-Holiday Detector.\"},{\"@type\":\"BreadcrumbList\",\"@id\":\"https:\/\/www.qnde.ca\/fr\/produit\/positest-lpd-fr\/#breadcrumb\",\"itemListElement\":[{\"@type\":\"ListItem\",\"position\":1,\"name\":\"Accueil\",\"item\":\"https:\/\/www.qnde.ca\/fr\/\"},{\"@type\":\"ListItem\",\"position\":2,\"name\":\"Produits\",\"item\":\"https:\/\/www.qnde.ca\/fr\/produits\/\"},{\"@type\":\"ListItem\",\"position\":3,\"name\":\"Ultrasons\",\"item\":\"https:\/\/www.qnde.ca\/fr\/product-category\/ultrasons\/\"},{\"@type\":\"ListItem\",\"position\":4,\"name\":\"D\u00e9tecteurs de porosit\u00e9\",\"item\":\"https:\/\/www.qnde.ca\/fr\/product-category\/ultrasons\/detecteurs-porosite\/\"},{\"@type\":\"ListItem\",\"position\":5,\"name\":\"Defelsko PosiTest LPD D\u00e9tecteur de porosit\u00e9 \u00e9ponge humide\"}]},{\"@type\":\"WebSite\",\"@id\":\"https:\/\/www.qnde.ca\/#website\",\"url\":\"https:\/\/www.qnde.ca\/\",\"name\":\"Qualit\u00e9 NDE\",\"description\":\"\u00c9quipements d&#039;essais non destructifs \",\"publisher\":{\"@id\":\"https:\/\/www.qnde.ca\/#organization\"},\"potentialAction\":[{\"@type\":\"SearchAction\",\"target\":{\"@type\":\"EntryPoint\",\"urlTemplate\":\"https:\/\/www.qnde.ca\/?s={search_term_string}\"},\"query-input\":{\"@type\":\"PropertyValueSpecification\",\"valueRequired\":true,\"valueName\":\"search_term_string\"}}],\"inLanguage\":\"fr-FR\"},{\"@type\":\"Organization\",\"@id\":\"https:\/\/www.qnde.ca\/#organization\",\"name\":\"Quality NDT Ltd.\",\"url\":\"https:\/\/www.qnde.ca\/\",\"logo\":{\"@type\":\"ImageObject\",\"inLanguage\":\"fr-FR\",\"@id\":\"https:\/\/www.qnde.ca\/#\/schema\/logo\/image\/\",\"url\":\"https:\/\/www.qnde.ca\/wp-content\/uploads\/2022\/02\/QNDE_logo_RGB-gif.gif\",\"contentUrl\":\"https:\/\/www.qnde.ca\/wp-content\/uploads\/2022\/02\/QNDE_logo_RGB-gif.gif\",\"width\":250,\"height\":64,\"caption\":\"Quality NDT Ltd.\"},\"image\":{\"@id\":\"https:\/\/www.qnde.ca\/#\/schema\/logo\/image\/\"},\"sameAs\":[\"https:\/\/www.linkedin.com\/company\/qnde\/about\/?viewAsMember=true\"]}]}<\/script>\n<!-- \/ Yoast SEO plugin. -->","yoast_head_json":{"title":"Defelsko PosiTest LPD D\u00e9tecteur de porosit\u00e9 \u00e9ponge humide &#060; Qualit\u00e9 NDE","description":"PosiTest LPD : d\u00e9tecteur de porosit\u00e9 \u00e0 basse tension pour rev\u00eatements jusqu\u2019\u00e0 500\u202f\u03bcm. Alarmes visuelles\/sonores. Id\u00e9al pour b\u00e9ton et substrats conducteurs.","robots":{"index":"index","follow":"follow","max-snippet":"max-snippet:-1","max-image-preview":"max-image-preview:large","max-video-preview":"max-video-preview:-1"},"canonical":"https:\/\/www.qnde.ca\/fr\/produit\/positest-lpd-fr\/","twitter_misc":{"Dur\u00e9e de lecture estim\u00e9e":"2 minutes"},"schema":{"@context":"https:\/\/schema.org","@graph":[{"@type":["WebPage","ItemPage"],"@id":"https:\/\/www.qnde.ca\/fr\/produit\/positest-lpd-fr\/","url":"https:\/\/www.qnde.ca\/fr\/produit\/positest-lpd-fr\/","name":"Defelsko PosiTest LPD D\u00e9tecteur de porosit\u00e9 \u00e9ponge humide &#060; Qualit\u00e9 NDE","isPartOf":{"@id":"https:\/\/www.qnde.ca\/#website"},"primaryImageOfPage":{"@id":"https:\/\/www.qnde.ca\/fr\/produit\/positest-lpd-fr\/#primaryimage"},"image":{"@id":"https:\/\/www.qnde.ca\/fr\/produit\/positest-lpd-fr\/#primaryimage"},"thumbnailUrl":"https:\/\/www.qnde.ca\/wp-content\/uploads\/2021\/04\/Defelsko-Positest-LPD-complete-kit-Low-Voltage-Porosity-Holiday-Detector.jpg","datePublished":"2021-04-21T15:52:40+00:00","dateModified":"2025-08-11T17:19:07+00:00","description":"PosiTest LPD : d\u00e9tecteur de porosit\u00e9 \u00e0 basse tension pour rev\u00eatements jusqu\u2019\u00e0 500\u202f\u03bcm. Alarmes visuelles\/sonores. Id\u00e9al pour b\u00e9ton et substrats conducteurs.","breadcrumb":{"@id":"https:\/\/www.qnde.ca\/fr\/produit\/positest-lpd-fr\/#breadcrumb"},"inLanguage":"fr-FR","potentialAction":[{"@type":"ReadAction","target":["https:\/\/www.qnde.ca\/fr\/produit\/positest-lpd-fr\/"]}]},{"@type":"ImageObject","inLanguage":"fr-FR","@id":"https:\/\/www.qnde.ca\/fr\/produit\/positest-lpd-fr\/#primaryimage","url":"https:\/\/www.qnde.ca\/wp-content\/uploads\/2021\/04\/Defelsko-Positest-LPD-complete-kit-Low-Voltage-Porosity-Holiday-Detector.jpg","contentUrl":"https:\/\/www.qnde.ca\/wp-content\/uploads\/2021\/04\/Defelsko-Positest-LPD-complete-kit-Low-Voltage-Porosity-Holiday-Detector.jpg","width":1800,"height":1646,"caption":"Defelsko Positest LPD complete kit, Low-Voltage Porosity-Holiday Detector."},{"@type":"BreadcrumbList","@id":"https:\/\/www.qnde.ca\/fr\/produit\/positest-lpd-fr\/#breadcrumb","itemListElement":[{"@type":"ListItem","position":1,"name":"Accueil","item":"https:\/\/www.qnde.ca\/fr\/"},{"@type":"ListItem","position":2,"name":"Produits","item":"https:\/\/www.qnde.ca\/fr\/produits\/"},{"@type":"ListItem","position":3,"name":"Ultrasons","item":"https:\/\/www.qnde.ca\/fr\/product-category\/ultrasons\/"},{"@type":"ListItem","position":4,"name":"D\u00e9tecteurs de porosit\u00e9","item":"https:\/\/www.qnde.ca\/fr\/product-category\/ultrasons\/detecteurs-porosite\/"},{"@type":"ListItem","position":5,"name":"Defelsko PosiTest LPD D\u00e9tecteur de porosit\u00e9 \u00e9ponge humide"}]},{"@type":"WebSite","@id":"https:\/\/www.qnde.ca\/#website","url":"https:\/\/www.qnde.ca\/","name":"Qualit\u00e9 NDE","description":"\u00c9quipements d&#039;essais non destructifs ","publisher":{"@id":"https:\/\/www.qnde.ca\/#organization"},"potentialAction":[{"@type":"SearchAction","target":{"@type":"EntryPoint","urlTemplate":"https:\/\/www.qnde.ca\/?s={search_term_string}"},"query-input":{"@type":"PropertyValueSpecification","valueRequired":true,"valueName":"search_term_string"}}],"inLanguage":"fr-FR"},{"@type":"Organization","@id":"https:\/\/www.qnde.ca\/#organization","name":"Quality NDT Ltd.","url":"https:\/\/www.qnde.ca\/","logo":{"@type":"ImageObject","inLanguage":"fr-FR","@id":"https:\/\/www.qnde.ca\/#\/schema\/logo\/image\/","url":"https:\/\/www.qnde.ca\/wp-content\/uploads\/2022\/02\/QNDE_logo_RGB-gif.gif","contentUrl":"https:\/\/www.qnde.ca\/wp-content\/uploads\/2022\/02\/QNDE_logo_RGB-gif.gif","width":250,"height":64,"caption":"Quality NDT Ltd."},"image":{"@id":"https:\/\/www.qnde.ca\/#\/schema\/logo\/image\/"},"sameAs":["https:\/\/www.linkedin.com\/company\/qnde\/about\/?viewAsMember=true"]}]}},"jetpack_sharing_enabled":true,"_links":{"self":[{"href":"https:\/\/www.qnde.ca\/fr\/wp-json\/wp\/v2\/product\/19368","targetHints":{"allow":["GET"]}}],"collection":[{"href":"https:\/\/www.qnde.ca\/fr\/wp-json\/wp\/v2\/product"}],"about":[{"href":"https:\/\/www.qnde.ca\/fr\/wp-json\/wp\/v2\/types\/product"}],"wp:featuredmedia":[{"embeddable":true,"href":"https:\/\/www.qnde.ca\/fr\/wp-json\/wp\/v2\/media\/19373"}],"wp:attachment":[{"href":"https:\/\/www.qnde.ca\/fr\/wp-json\/wp\/v2\/media?parent=19368"}],"wp:term":[{"taxonomy":"product_brand","embeddable":true,"href":"https:\/\/www.qnde.ca\/fr\/wp-json\/wp\/v2\/product_brand?post=19368"},{"taxonomy":"product_cat","embeddable":true,"href":"https:\/\/www.qnde.ca\/fr\/wp-json\/wp\/v2\/product_cat?post=19368"},{"taxonomy":"product_tag","embeddable":true,"href":"https:\/\/www.qnde.ca\/fr\/wp-json\/wp\/v2\/product_tag?post=19368"}],"curies":[{"name":"wp","href":"https:\/\/api.w.org\/{rel}","templated":true}]}}