{"id":19348,"date":"2021-04-21T11:18:12","date_gmt":"2021-04-21T15:18:12","guid":{"rendered":"https:\/\/www.qnde.ca\/?post_type=product&#038;p=19348"},"modified":"2025-08-11T13:10:50","modified_gmt":"2025-08-11T17:10:50","slug":"positest-hhd-fr","status":"publish","type":"product","link":"https:\/\/www.qnde.ca\/fr\/produit\/positest-hhd-fr\/","title":{"rendered":"Defelsko PosiTest HHD D\u00e9tecteur de Porosit\u00e9 DC \u00e0 Haute Tension"},"content":{"rendered":"<h3><strong>Defelsko PosiTest HHD D\u00e9tecteur de Porosit\u00e9 DC \u00e0 Haute Tension<\/strong><\/h3>\n<p>Le d\u00e9tecteur de porosit\u00e9\/d\u00e9fauts PosiTest HHD \u00e0 haute tension puls\u00e9e (0.5 to 35kV) est utilis\u00e9 pour d\u00e9tecter les discontinuit\u00e9s (porosit\u00e9, trous d\u2019\u00e9pingles, bulles\/ mauvaise adh\u00e9rence, fissures) dans les rev\u00eatements di\u00e9lectriques (500 microns \u00e0 20mm en \u00e9paisseur) sur substrat conducteur, y compris le b\u00e9ton. Les alarmes sonores et visuelles avertissent l\u2019utilisateur lorsqu&rsquo;un d\u00e9faut est d\u00e9tect\u00e9. 2 ans de garantie.<\/p>\n<h4><strong>Ensemble de base inclut: <\/strong><\/h4>\n<ul>\n<li>D\u00e9tecteur de porosit\u00e9 PosiTest HHD, batterie Li-ion avec indicateur de charge int\u00e9gr\u00e9, chargeur AC intelligent avec cordon d\u2019alimentation, tige d\u2019extension de 20&Prime; (50cm) avec vis \u00e0 ailettes, c\u00e2ble de mise \u00e0 la terre de 25&prime; (7.6m) avec pince, brosse de type pinceau en acier inoxydable, bandouli\u00e8re, manuel de l\u2019utilisateur, certificat d\u2019\u00e9talonnage et valise de transport rigide.<\/li>\n<\/ul>\n<p>&nbsp;<\/p>\n<ul>\n<li>HHD: Ensemble complet de d\u00e9tecteur de porosit\u00e9 Positest HHD haute tension.<\/li>\n<\/ul>\n<h4><strong>Accessoires:<\/strong><\/h4>\n<ul>\n<li>HHD-PCWI: Adaptateur pour connexion de brosse et bobine PCWI.<\/li>\n<li>HHD-B??*: Positest HHD Replacement, brosse plate de Disponible en 2, 6, 8, 12, 24, 36 et 48&Prime; (51, 152, 203, 305, 610, 914 et 1219mm).<\/li>\n<li>HHD-C??*: Remplacement, bobine en stainless pour l\u2019ext\u00e9rieur de tuyau. Disponible en diam\u00e8tre de: 4, 6, 8, 12, 14, 16, 20 et 24&Prime; (102, 152, 203, 304, 356, 406, 508 et 610mm).<\/li>\n<\/ul>\n<p>* Lors de votre commande, veuillez sp\u00e9cifier la largeur de la brosse, ou le diam\u00e8tre externe du tuyau. Grandeurs sur mesures disponibles.<\/p>\n","protected":false},"excerpt":{"rendered":"<p>Defelsko PosiTest HHD D\u00e9tecteur de Porosit\u00e9 DC \u00e0 Haute Tension Le d\u00e9tecteur de porosit\u00e9\/d\u00e9fauts PosiTest HHD \u00e0 haute tension puls\u00e9e (0.5 to 35kV) est utilis\u00e9 pour d\u00e9tecter les discontinuit\u00e9s (porosit\u00e9, trous d\u2019\u00e9pingles, bulles\/ mauvaise adh\u00e9rence, fissures) dans les rev\u00eatements di\u00e9lectriques (500 microns \u00e0 20mm en \u00e9paisseur) sur substrat conducteur, y compris le b\u00e9ton. Les alarmes [&hellip;]<\/p>\n","protected":false},"featured_media":19355,"template":"","meta":{"_monsterinsights_skip_tracking":false,"_monsterinsights_sitenote_active":false,"_monsterinsights_sitenote_note":"","_monsterinsights_sitenote_category":0},"product_brand":[],"product_cat":[406,357,334],"product_tag":[],"class_list":{"0":"post-19348","1":"product","2":"type-product","3":"status-publish","4":"has-post-thumbnail","6":"product_cat-defelsko-fr","7":"product_cat-detecteurs-porosite-fr","8":"product_cat-detecteurs-porosite","10":"first","11":"instock","12":"shipping-taxable","13":"purchasable","14":"product-type-variable"},"yoast_head":"<!-- This site is optimized with the Yoast SEO plugin v23.9 - https:\/\/yoast.com\/wordpress\/plugins\/seo\/ -->\n<title>Defelsko PosiTest HHD D\u00e9tecteur de Porosit\u00e9 DC \u00e0 Haute Tension &#060; Qualit\u00e9 NDE<\/title>\n<meta name=\"description\" content=\"PosiTest HHD : d\u00e9tecteur de porosit\u00e9 haute tension (0.5\u201335kV) pour rev\u00eatements di\u00e9lectriques jusqu&#039;\u00e0 20\u202fmm. Alarmes visuelles\/sonores, robuste et pr\u00e9cis.\" \/>\n<meta name=\"robots\" content=\"index, follow, max-snippet:-1, max-image-preview:large, max-video-preview:-1\" \/>\n<link rel=\"canonical\" href=\"https:\/\/www.qnde.ca\/fr\/produit\/positest-hhd-fr\/\" \/>\n<meta name=\"twitter:label1\" content=\"Dur\u00e9e de lecture estim\u00e9e\" \/>\n\t<meta name=\"twitter:data1\" content=\"2 minutes\" \/>\n<script type=\"application\/ld+json\" class=\"yoast-schema-graph\">{\"@context\":\"https:\/\/schema.org\",\"@graph\":[{\"@type\":[\"WebPage\",\"ItemPage\"],\"@id\":\"https:\/\/www.qnde.ca\/fr\/produit\/positest-hhd-fr\/\",\"url\":\"https:\/\/www.qnde.ca\/fr\/produit\/positest-hhd-fr\/\",\"name\":\"Defelsko PosiTest HHD D\u00e9tecteur de Porosit\u00e9 DC \u00e0 Haute Tension &#060; Qualit\u00e9 NDE\",\"isPartOf\":{\"@id\":\"https:\/\/www.qnde.ca\/#website\"},\"primaryImageOfPage\":{\"@id\":\"https:\/\/www.qnde.ca\/fr\/produit\/positest-hhd-fr\/#primaryimage\"},\"image\":{\"@id\":\"https:\/\/www.qnde.ca\/fr\/produit\/positest-hhd-fr\/#primaryimage\"},\"thumbnailUrl\":\"https:\/\/www.qnde.ca\/wp-content\/uploads\/2021\/04\/Defelsko-Positest-HHD-High-Voltage-Porosity-Holiday-Detector.jpg\",\"datePublished\":\"2021-04-21T15:18:12+00:00\",\"dateModified\":\"2025-08-11T17:10:50+00:00\",\"description\":\"PosiTest HHD : d\u00e9tecteur de porosit\u00e9 haute tension (0.5\u201335kV) pour rev\u00eatements di\u00e9lectriques jusqu'\u00e0 20\u202fmm. Alarmes visuelles\/sonores, robuste et pr\u00e9cis.\",\"breadcrumb\":{\"@id\":\"https:\/\/www.qnde.ca\/fr\/produit\/positest-hhd-fr\/#breadcrumb\"},\"inLanguage\":\"fr-FR\",\"potentialAction\":[{\"@type\":\"ReadAction\",\"target\":[\"https:\/\/www.qnde.ca\/fr\/produit\/positest-hhd-fr\/\"]}]},{\"@type\":\"ImageObject\",\"inLanguage\":\"fr-FR\",\"@id\":\"https:\/\/www.qnde.ca\/fr\/produit\/positest-hhd-fr\/#primaryimage\",\"url\":\"https:\/\/www.qnde.ca\/wp-content\/uploads\/2021\/04\/Defelsko-Positest-HHD-High-Voltage-Porosity-Holiday-Detector.jpg\",\"contentUrl\":\"https:\/\/www.qnde.ca\/wp-content\/uploads\/2021\/04\/Defelsko-Positest-HHD-High-Voltage-Porosity-Holiday-Detector.jpg\",\"width\":1000,\"height\":508,\"caption\":\"Defelsko Positest HHD High-Voltage Porosity-Holiday Detector\"},{\"@type\":\"BreadcrumbList\",\"@id\":\"https:\/\/www.qnde.ca\/fr\/produit\/positest-hhd-fr\/#breadcrumb\",\"itemListElement\":[{\"@type\":\"ListItem\",\"position\":1,\"name\":\"Accueil\",\"item\":\"https:\/\/www.qnde.ca\/fr\/\"},{\"@type\":\"ListItem\",\"position\":2,\"name\":\"Produits\",\"item\":\"https:\/\/www.qnde.ca\/fr\/produits\/\"},{\"@type\":\"ListItem\",\"position\":3,\"name\":\"Ultrasons\",\"item\":\"https:\/\/www.qnde.ca\/fr\/product-category\/ultrasons\/\"},{\"@type\":\"ListItem\",\"position\":4,\"name\":\"D\u00e9tecteurs de porosit\u00e9\",\"item\":\"https:\/\/www.qnde.ca\/fr\/product-category\/ultrasons\/detecteurs-porosite\/\"},{\"@type\":\"ListItem\",\"position\":5,\"name\":\"Defelsko PosiTest HHD D\u00e9tecteur de Porosit\u00e9 DC \u00e0 Haute Tension\"}]},{\"@type\":\"WebSite\",\"@id\":\"https:\/\/www.qnde.ca\/#website\",\"url\":\"https:\/\/www.qnde.ca\/\",\"name\":\"Qualit\u00e9 NDE\",\"description\":\"\u00c9quipements d&#039;essais non destructifs \",\"publisher\":{\"@id\":\"https:\/\/www.qnde.ca\/#organization\"},\"potentialAction\":[{\"@type\":\"SearchAction\",\"target\":{\"@type\":\"EntryPoint\",\"urlTemplate\":\"https:\/\/www.qnde.ca\/?s={search_term_string}\"},\"query-input\":{\"@type\":\"PropertyValueSpecification\",\"valueRequired\":true,\"valueName\":\"search_term_string\"}}],\"inLanguage\":\"fr-FR\"},{\"@type\":\"Organization\",\"@id\":\"https:\/\/www.qnde.ca\/#organization\",\"name\":\"Quality NDT Ltd.\",\"url\":\"https:\/\/www.qnde.ca\/\",\"logo\":{\"@type\":\"ImageObject\",\"inLanguage\":\"fr-FR\",\"@id\":\"https:\/\/www.qnde.ca\/#\/schema\/logo\/image\/\",\"url\":\"https:\/\/www.qnde.ca\/wp-content\/uploads\/2022\/02\/QNDE_logo_RGB-gif.gif\",\"contentUrl\":\"https:\/\/www.qnde.ca\/wp-content\/uploads\/2022\/02\/QNDE_logo_RGB-gif.gif\",\"width\":250,\"height\":64,\"caption\":\"Quality NDT Ltd.\"},\"image\":{\"@id\":\"https:\/\/www.qnde.ca\/#\/schema\/logo\/image\/\"},\"sameAs\":[\"https:\/\/www.linkedin.com\/company\/qnde\/about\/?viewAsMember=true\"]}]}<\/script>\n<!-- \/ Yoast SEO plugin. -->","yoast_head_json":{"title":"Defelsko PosiTest HHD D\u00e9tecteur de Porosit\u00e9 DC \u00e0 Haute Tension &#060; Qualit\u00e9 NDE","description":"PosiTest HHD : d\u00e9tecteur de porosit\u00e9 haute tension (0.5\u201335kV) pour rev\u00eatements di\u00e9lectriques jusqu'\u00e0 20\u202fmm. Alarmes visuelles\/sonores, robuste et pr\u00e9cis.","robots":{"index":"index","follow":"follow","max-snippet":"max-snippet:-1","max-image-preview":"max-image-preview:large","max-video-preview":"max-video-preview:-1"},"canonical":"https:\/\/www.qnde.ca\/fr\/produit\/positest-hhd-fr\/","twitter_misc":{"Dur\u00e9e de lecture estim\u00e9e":"2 minutes"},"schema":{"@context":"https:\/\/schema.org","@graph":[{"@type":["WebPage","ItemPage"],"@id":"https:\/\/www.qnde.ca\/fr\/produit\/positest-hhd-fr\/","url":"https:\/\/www.qnde.ca\/fr\/produit\/positest-hhd-fr\/","name":"Defelsko PosiTest HHD D\u00e9tecteur de Porosit\u00e9 DC \u00e0 Haute Tension &#060; Qualit\u00e9 NDE","isPartOf":{"@id":"https:\/\/www.qnde.ca\/#website"},"primaryImageOfPage":{"@id":"https:\/\/www.qnde.ca\/fr\/produit\/positest-hhd-fr\/#primaryimage"},"image":{"@id":"https:\/\/www.qnde.ca\/fr\/produit\/positest-hhd-fr\/#primaryimage"},"thumbnailUrl":"https:\/\/www.qnde.ca\/wp-content\/uploads\/2021\/04\/Defelsko-Positest-HHD-High-Voltage-Porosity-Holiday-Detector.jpg","datePublished":"2021-04-21T15:18:12+00:00","dateModified":"2025-08-11T17:10:50+00:00","description":"PosiTest HHD : d\u00e9tecteur de porosit\u00e9 haute tension (0.5\u201335kV) pour rev\u00eatements di\u00e9lectriques jusqu'\u00e0 20\u202fmm. Alarmes visuelles\/sonores, robuste et pr\u00e9cis.","breadcrumb":{"@id":"https:\/\/www.qnde.ca\/fr\/produit\/positest-hhd-fr\/#breadcrumb"},"inLanguage":"fr-FR","potentialAction":[{"@type":"ReadAction","target":["https:\/\/www.qnde.ca\/fr\/produit\/positest-hhd-fr\/"]}]},{"@type":"ImageObject","inLanguage":"fr-FR","@id":"https:\/\/www.qnde.ca\/fr\/produit\/positest-hhd-fr\/#primaryimage","url":"https:\/\/www.qnde.ca\/wp-content\/uploads\/2021\/04\/Defelsko-Positest-HHD-High-Voltage-Porosity-Holiday-Detector.jpg","contentUrl":"https:\/\/www.qnde.ca\/wp-content\/uploads\/2021\/04\/Defelsko-Positest-HHD-High-Voltage-Porosity-Holiday-Detector.jpg","width":1000,"height":508,"caption":"Defelsko Positest HHD High-Voltage Porosity-Holiday Detector"},{"@type":"BreadcrumbList","@id":"https:\/\/www.qnde.ca\/fr\/produit\/positest-hhd-fr\/#breadcrumb","itemListElement":[{"@type":"ListItem","position":1,"name":"Accueil","item":"https:\/\/www.qnde.ca\/fr\/"},{"@type":"ListItem","position":2,"name":"Produits","item":"https:\/\/www.qnde.ca\/fr\/produits\/"},{"@type":"ListItem","position":3,"name":"Ultrasons","item":"https:\/\/www.qnde.ca\/fr\/product-category\/ultrasons\/"},{"@type":"ListItem","position":4,"name":"D\u00e9tecteurs de porosit\u00e9","item":"https:\/\/www.qnde.ca\/fr\/product-category\/ultrasons\/detecteurs-porosite\/"},{"@type":"ListItem","position":5,"name":"Defelsko PosiTest HHD D\u00e9tecteur de Porosit\u00e9 DC \u00e0 Haute Tension"}]},{"@type":"WebSite","@id":"https:\/\/www.qnde.ca\/#website","url":"https:\/\/www.qnde.ca\/","name":"Qualit\u00e9 NDE","description":"\u00c9quipements d&#039;essais non destructifs ","publisher":{"@id":"https:\/\/www.qnde.ca\/#organization"},"potentialAction":[{"@type":"SearchAction","target":{"@type":"EntryPoint","urlTemplate":"https:\/\/www.qnde.ca\/?s={search_term_string}"},"query-input":{"@type":"PropertyValueSpecification","valueRequired":true,"valueName":"search_term_string"}}],"inLanguage":"fr-FR"},{"@type":"Organization","@id":"https:\/\/www.qnde.ca\/#organization","name":"Quality NDT Ltd.","url":"https:\/\/www.qnde.ca\/","logo":{"@type":"ImageObject","inLanguage":"fr-FR","@id":"https:\/\/www.qnde.ca\/#\/schema\/logo\/image\/","url":"https:\/\/www.qnde.ca\/wp-content\/uploads\/2022\/02\/QNDE_logo_RGB-gif.gif","contentUrl":"https:\/\/www.qnde.ca\/wp-content\/uploads\/2022\/02\/QNDE_logo_RGB-gif.gif","width":250,"height":64,"caption":"Quality NDT Ltd."},"image":{"@id":"https:\/\/www.qnde.ca\/#\/schema\/logo\/image\/"},"sameAs":["https:\/\/www.linkedin.com\/company\/qnde\/about\/?viewAsMember=true"]}]}},"jetpack_sharing_enabled":true,"_links":{"self":[{"href":"https:\/\/www.qnde.ca\/fr\/wp-json\/wp\/v2\/product\/19348","targetHints":{"allow":["GET"]}}],"collection":[{"href":"https:\/\/www.qnde.ca\/fr\/wp-json\/wp\/v2\/product"}],"about":[{"href":"https:\/\/www.qnde.ca\/fr\/wp-json\/wp\/v2\/types\/product"}],"wp:featuredmedia":[{"embeddable":true,"href":"https:\/\/www.qnde.ca\/fr\/wp-json\/wp\/v2\/media\/19355"}],"wp:attachment":[{"href":"https:\/\/www.qnde.ca\/fr\/wp-json\/wp\/v2\/media?parent=19348"}],"wp:term":[{"taxonomy":"product_brand","embeddable":true,"href":"https:\/\/www.qnde.ca\/fr\/wp-json\/wp\/v2\/product_brand?post=19348"},{"taxonomy":"product_cat","embeddable":true,"href":"https:\/\/www.qnde.ca\/fr\/wp-json\/wp\/v2\/product_cat?post=19348"},{"taxonomy":"product_tag","embeddable":true,"href":"https:\/\/www.qnde.ca\/fr\/wp-json\/wp\/v2\/product_tag?post=19348"}],"curies":[{"name":"wp","href":"https:\/\/api.w.org\/{rel}","templated":true}]}}