{"id":19282,"date":"2021-04-21T10:51:56","date_gmt":"2021-04-21T14:51:56","guid":{"rendered":"https:\/\/www.qnde.ca\/?post_type=product&#038;p=19282"},"modified":"2025-08-14T15:05:30","modified_gmt":"2025-08-14T19:05:30","slug":"pcwi-dc-fr","status":"publish","type":"product","link":"https:\/\/www.qnde.ca\/fr\/produit\/pcwi-dc-fr\/","title":{"rendered":"PCWI D\u00e9tecteur de Porosit\u00e9 DC \u00e0 Haute Tension"},"content":{"rendered":"<h3><strong>PCWI, D\u00e9tecteur de Porosit\u00e9 DC \u00e0 Haute Tension<\/strong><\/h3>\n<p>Le d\u00e9tecteur de porosit\u00e9\/d\u00e9fauts DC \u00e0 haute tension est utilis\u00e9 pour d\u00e9tecter les discontinuit\u00e9s (porosit\u00e9, trous d\u2019\u00e9pingles, bulles\/mauvaise adh\u00e9rence, fissures) dans les rev\u00eatements di\u00e9lectriques (150 microns \u00e0 3.5mm en \u00e9paisseur) sur substrat conducteur, y compris le b\u00e9ton. Les alarmes sonores et visuelles avertissent l\u2019utilisateur lorsqu&rsquo;un d\u00e9faut est d\u00e9tect\u00e9. 1 an de garantie, 3 mois sur les sondes et fils.<\/p>\n<h4><strong>Ensemble de base inclut: <\/strong><\/h4>\n<ul>\n<li>D\u00e9tecteur de porosit\u00e9 DC haute tension avec bloc d\u2019alimentation int\u00e9gr\u00e9, chargeur AC avec cordon d&rsquo;alimentation, poign\u00e9e de sonde avec alarme lumineuse et cordon de 78&Prime; (2m), connecteur de 2.4&Prime; (60mm) pour brosses plates, c\u00e2ble de mise \u00e0 la terre de 23&prime; (7m) avec pince, brosse de type pinceau, brosse plate de laiton de 10&Prime; (250mm), extension de 17.7&Prime; (450mm) pour la poign\u00e9e, \u00e9couteurs, harnais d\u2019\u00e9paule et de taille, manuel de l\u2019utilisateur, certificat d\u2019\u00e9talonnage et valise de transport rigide.<\/li>\n<\/ul>\n<p>&nbsp;<\/p>\n<ul>\n<li>DC-15K: Ensemble complet PCWI DC-15 (0-15kV) d\u00e9tecteur de porosit\u00e9 haute tension \u2013 Industriel, brosse plate.<\/li>\n<li>DC-15P: Ensemble complet PCWI DC-15 (0-15kV) d\u00e9tecteur de porosit\u00e9 haute tension \u2013 Pipeline.<\/li>\n<li>DC-30K: Ensemble complet PCWI DC-30 (0-30kV) d\u00e9tecteur de porosit\u00e9 haute tension \u2013 Industriel, brosse plate.<\/li>\n<li>DC-30P: Ensemble complet PCWI DC-30 (0-30kV) d\u00e9tecteur de porosit\u00e9 haute tension \u2013 Pipeline.<\/li>\n<\/ul>\n<h4><strong>Accessoires:<\/strong><\/h4>\n<ul>\n<li>BF-??*: Replacement, brosse plate de laiton. Disponible en largeur de 2, 3, 4, 5, 6, 8, 9, 10, 12, 16, 18, 20, 24, 26, 30, 32 et 36&Prime; (50, 75, 100, 125, 150, 200, 225, 250, 300, 400, 450, 500, 600, 660, 760, 815 et 915mm).<\/li>\n<li>PIS-??*: Remplacement, brosse spirale de laiton pour l\u2019int\u00e9rieur de tuyau. Disponible en diam\u00e8tre de: 1, 1.5, 2, 2.5 et 3&Prime; (25, 38, 51, 63 et 76mm).<\/li>\n<li>PIB-??*: Remplacement, brosse en laiton pour int\u00e9rieur de tuyau. Disponible en diam\u00e8tre de: 4, 5, 6, 8, 10, 12, 14, 16, 18, 20, 24, 26, 30, 32 et 36 inch (102, 127, 152, 203, 254, 305, 356, 406, 457 et 508mm).<\/li>\n<li>PBR-??*: Remplacement, brosse circulaire en laiton, sur roulette, pour ext\u00e9rieur de tuyau. Disponible en diam\u00e8tre de: 1, 1.5, 2, 3, 4, 4.5, 5, 6, 8, 10, 12, 14, 16, 18, 20, 22, 24, 26, 28, 30, 32, 34, 36, 38, 40, 42, 44, 46, 48 et 50&Prime; (25, 38, 51, 63, 76, 102, 127, 152, 203, 254, 305, 356, 406, 457, 508, 558, 610, 660, 711, 762, 813, 864, 914, 965, 1016, 1067, 1118, 1168, 1219 et 1270mm).<\/li>\n<li>PD-??*: Remplacement, bobine pour l\u2019ext\u00e9rieur de tuyau. Disponible en diam\u00e8tre de: 2, 3, 4, 6, 8, 10, 12, 14, 16, 18, 20, 22, 24, 26, 28, 30, 32, 34, 36, 38, 40, 42, 44, 46, 48, 50, 52, 54, 56 et 58&Prime; (50, 75, 100, 125, 200, 250, 300, 350, 400, 450, 500, 550, 600, 660, 710, 760, 810, 860, 910, 960, 1010, 1060, 1110, 1160, 1210, 1270, 1320, 1370, 1420 et 1470mm).<\/li>\n<\/ul>\n<p>* Lors de votre commande, veuillez sp\u00e9cifier la largeur de la brosse, ou le diam\u00e8tre externe ou interne du tuyau.<\/p>\n","protected":false},"excerpt":{"rendered":"<p>PCWI, D\u00e9tecteur de Porosit\u00e9 DC \u00e0 Haute Tension Le d\u00e9tecteur de porosit\u00e9\/d\u00e9fauts DC \u00e0 haute tension est utilis\u00e9 pour d\u00e9tecter les discontinuit\u00e9s (porosit\u00e9, trous d\u2019\u00e9pingles, bulles\/mauvaise adh\u00e9rence, fissures) dans les rev\u00eatements di\u00e9lectriques (150 microns \u00e0 3.5mm en \u00e9paisseur) sur substrat conducteur, y compris le b\u00e9ton. Les alarmes sonores et visuelles avertissent l\u2019utilisateur lorsqu&rsquo;un d\u00e9faut est [&hellip;]<\/p>\n","protected":false},"featured_media":19307,"template":"","meta":{"_monsterinsights_skip_tracking":false,"_monsterinsights_sitenote_active":false,"_monsterinsights_sitenote_note":"","_monsterinsights_sitenote_category":0},"product_brand":[],"product_cat":[402,357,334],"product_tag":[],"class_list":{"0":"post-19282","1":"product","2":"type-product","3":"status-publish","4":"has-post-thumbnail","6":"product_cat-autres-marques","7":"product_cat-detecteurs-porosite-fr","8":"product_cat-detecteurs-porosite","10":"first","11":"instock","12":"shipping-taxable","13":"purchasable","14":"product-type-variable"},"yoast_head":"<!-- This site is optimized with the Yoast SEO plugin v23.9 - https:\/\/yoast.com\/wordpress\/plugins\/seo\/ -->\n<title>PCWI D\u00e9tecteur de Porosit\u00e9 DC \u00e0 Haute Tension &#060; Qualit\u00e9 NDE<\/title>\n<meta name=\"description\" content=\"PWCI d\u00e9tecteur de porosit\u00e9\/d\u00e9fauts DC \u00e0 haute tensionpour d\u00e9tecter les discontinuit\u00e9s.1 an de garantie , 3 mois sur les sondes et fils.\" \/>\n<meta name=\"robots\" content=\"index, follow, max-snippet:-1, max-image-preview:large, max-video-preview:-1\" \/>\n<link rel=\"canonical\" href=\"https:\/\/www.qnde.ca\/fr\/produit\/pcwi-dc-fr\/\" \/>\n<meta name=\"twitter:label1\" content=\"Dur\u00e9e de lecture estim\u00e9e\" \/>\n\t<meta name=\"twitter:data1\" content=\"3 minutes\" \/>\n<script type=\"application\/ld+json\" class=\"yoast-schema-graph\">{\"@context\":\"https:\/\/schema.org\",\"@graph\":[{\"@type\":[\"WebPage\",\"ItemPage\"],\"@id\":\"https:\/\/www.qnde.ca\/fr\/produit\/pcwi-dc-fr\/\",\"url\":\"https:\/\/www.qnde.ca\/fr\/produit\/pcwi-dc-fr\/\",\"name\":\"PCWI D\u00e9tecteur de Porosit\u00e9 DC \u00e0 Haute Tension &#060; Qualit\u00e9 NDE\",\"isPartOf\":{\"@id\":\"https:\/\/www.qnde.ca\/#website\"},\"primaryImageOfPage\":{\"@id\":\"https:\/\/www.qnde.ca\/fr\/produit\/pcwi-dc-fr\/#primaryimage\"},\"image\":{\"@id\":\"https:\/\/www.qnde.ca\/fr\/produit\/pcwi-dc-fr\/#primaryimage\"},\"thumbnailUrl\":\"https:\/\/www.qnde.ca\/wp-content\/uploads\/2021\/04\/PCWI-Compact-DC-Porosity-Holiday-Detector.jpg\",\"datePublished\":\"2021-04-21T14:51:56+00:00\",\"dateModified\":\"2025-08-14T19:05:30+00:00\",\"description\":\"PWCI d\u00e9tecteur de porosit\u00e9\/d\u00e9fauts DC \u00e0 haute tensionpour d\u00e9tecter les discontinuit\u00e9s.1 an de garantie , 3 mois sur les sondes et fils.\",\"breadcrumb\":{\"@id\":\"https:\/\/www.qnde.ca\/fr\/produit\/pcwi-dc-fr\/#breadcrumb\"},\"inLanguage\":\"fr-FR\",\"potentialAction\":[{\"@type\":\"ReadAction\",\"target\":[\"https:\/\/www.qnde.ca\/fr\/produit\/pcwi-dc-fr\/\"]}]},{\"@type\":\"ImageObject\",\"inLanguage\":\"fr-FR\",\"@id\":\"https:\/\/www.qnde.ca\/fr\/produit\/pcwi-dc-fr\/#primaryimage\",\"url\":\"https:\/\/www.qnde.ca\/wp-content\/uploads\/2021\/04\/PCWI-Compact-DC-Porosity-Holiday-Detector.jpg\",\"contentUrl\":\"https:\/\/www.qnde.ca\/wp-content\/uploads\/2021\/04\/PCWI-Compact-DC-Porosity-Holiday-Detector.jpg\",\"width\":1000,\"height\":822,\"caption\":\"PCWI Compact DC Porosity-Holiday Detector\"},{\"@type\":\"BreadcrumbList\",\"@id\":\"https:\/\/www.qnde.ca\/fr\/produit\/pcwi-dc-fr\/#breadcrumb\",\"itemListElement\":[{\"@type\":\"ListItem\",\"position\":1,\"name\":\"Accueil\",\"item\":\"https:\/\/www.qnde.ca\/fr\/\"},{\"@type\":\"ListItem\",\"position\":2,\"name\":\"Produits\",\"item\":\"https:\/\/www.qnde.ca\/fr\/produits\/\"},{\"@type\":\"ListItem\",\"position\":3,\"name\":\"Ultrasons\",\"item\":\"https:\/\/www.qnde.ca\/fr\/product-category\/ultrasons\/\"},{\"@type\":\"ListItem\",\"position\":4,\"name\":\"D\u00e9tecteurs de porosit\u00e9\",\"item\":\"https:\/\/www.qnde.ca\/fr\/product-category\/ultrasons\/detecteurs-porosite\/\"},{\"@type\":\"ListItem\",\"position\":5,\"name\":\"PCWI D\u00e9tecteur de Porosit\u00e9 DC \u00e0 Haute Tension\"}]},{\"@type\":\"WebSite\",\"@id\":\"https:\/\/www.qnde.ca\/#website\",\"url\":\"https:\/\/www.qnde.ca\/\",\"name\":\"Qualit\u00e9 NDE\",\"description\":\"\u00c9quipements d&#039;essais non destructifs \",\"publisher\":{\"@id\":\"https:\/\/www.qnde.ca\/#organization\"},\"potentialAction\":[{\"@type\":\"SearchAction\",\"target\":{\"@type\":\"EntryPoint\",\"urlTemplate\":\"https:\/\/www.qnde.ca\/?s={search_term_string}\"},\"query-input\":{\"@type\":\"PropertyValueSpecification\",\"valueRequired\":true,\"valueName\":\"search_term_string\"}}],\"inLanguage\":\"fr-FR\"},{\"@type\":\"Organization\",\"@id\":\"https:\/\/www.qnde.ca\/#organization\",\"name\":\"Quality NDT Ltd.\",\"url\":\"https:\/\/www.qnde.ca\/\",\"logo\":{\"@type\":\"ImageObject\",\"inLanguage\":\"fr-FR\",\"@id\":\"https:\/\/www.qnde.ca\/#\/schema\/logo\/image\/\",\"url\":\"https:\/\/www.qnde.ca\/wp-content\/uploads\/2022\/02\/QNDE_logo_RGB-gif.gif\",\"contentUrl\":\"https:\/\/www.qnde.ca\/wp-content\/uploads\/2022\/02\/QNDE_logo_RGB-gif.gif\",\"width\":250,\"height\":64,\"caption\":\"Quality NDT Ltd.\"},\"image\":{\"@id\":\"https:\/\/www.qnde.ca\/#\/schema\/logo\/image\/\"},\"sameAs\":[\"https:\/\/www.linkedin.com\/company\/qnde\/about\/?viewAsMember=true\"]}]}<\/script>\n<!-- \/ Yoast SEO plugin. -->","yoast_head_json":{"title":"PCWI D\u00e9tecteur de Porosit\u00e9 DC \u00e0 Haute Tension &#060; Qualit\u00e9 NDE","description":"PWCI d\u00e9tecteur de porosit\u00e9\/d\u00e9fauts DC \u00e0 haute tensionpour d\u00e9tecter les discontinuit\u00e9s.1 an de garantie , 3 mois sur les sondes et fils.","robots":{"index":"index","follow":"follow","max-snippet":"max-snippet:-1","max-image-preview":"max-image-preview:large","max-video-preview":"max-video-preview:-1"},"canonical":"https:\/\/www.qnde.ca\/fr\/produit\/pcwi-dc-fr\/","twitter_misc":{"Dur\u00e9e de lecture estim\u00e9e":"3 minutes"},"schema":{"@context":"https:\/\/schema.org","@graph":[{"@type":["WebPage","ItemPage"],"@id":"https:\/\/www.qnde.ca\/fr\/produit\/pcwi-dc-fr\/","url":"https:\/\/www.qnde.ca\/fr\/produit\/pcwi-dc-fr\/","name":"PCWI D\u00e9tecteur de Porosit\u00e9 DC \u00e0 Haute Tension &#060; Qualit\u00e9 NDE","isPartOf":{"@id":"https:\/\/www.qnde.ca\/#website"},"primaryImageOfPage":{"@id":"https:\/\/www.qnde.ca\/fr\/produit\/pcwi-dc-fr\/#primaryimage"},"image":{"@id":"https:\/\/www.qnde.ca\/fr\/produit\/pcwi-dc-fr\/#primaryimage"},"thumbnailUrl":"https:\/\/www.qnde.ca\/wp-content\/uploads\/2021\/04\/PCWI-Compact-DC-Porosity-Holiday-Detector.jpg","datePublished":"2021-04-21T14:51:56+00:00","dateModified":"2025-08-14T19:05:30+00:00","description":"PWCI d\u00e9tecteur de porosit\u00e9\/d\u00e9fauts DC \u00e0 haute tensionpour d\u00e9tecter les discontinuit\u00e9s.1 an de garantie , 3 mois sur les sondes et fils.","breadcrumb":{"@id":"https:\/\/www.qnde.ca\/fr\/produit\/pcwi-dc-fr\/#breadcrumb"},"inLanguage":"fr-FR","potentialAction":[{"@type":"ReadAction","target":["https:\/\/www.qnde.ca\/fr\/produit\/pcwi-dc-fr\/"]}]},{"@type":"ImageObject","inLanguage":"fr-FR","@id":"https:\/\/www.qnde.ca\/fr\/produit\/pcwi-dc-fr\/#primaryimage","url":"https:\/\/www.qnde.ca\/wp-content\/uploads\/2021\/04\/PCWI-Compact-DC-Porosity-Holiday-Detector.jpg","contentUrl":"https:\/\/www.qnde.ca\/wp-content\/uploads\/2021\/04\/PCWI-Compact-DC-Porosity-Holiday-Detector.jpg","width":1000,"height":822,"caption":"PCWI Compact DC Porosity-Holiday Detector"},{"@type":"BreadcrumbList","@id":"https:\/\/www.qnde.ca\/fr\/produit\/pcwi-dc-fr\/#breadcrumb","itemListElement":[{"@type":"ListItem","position":1,"name":"Accueil","item":"https:\/\/www.qnde.ca\/fr\/"},{"@type":"ListItem","position":2,"name":"Produits","item":"https:\/\/www.qnde.ca\/fr\/produits\/"},{"@type":"ListItem","position":3,"name":"Ultrasons","item":"https:\/\/www.qnde.ca\/fr\/product-category\/ultrasons\/"},{"@type":"ListItem","position":4,"name":"D\u00e9tecteurs de porosit\u00e9","item":"https:\/\/www.qnde.ca\/fr\/product-category\/ultrasons\/detecteurs-porosite\/"},{"@type":"ListItem","position":5,"name":"PCWI D\u00e9tecteur de Porosit\u00e9 DC \u00e0 Haute Tension"}]},{"@type":"WebSite","@id":"https:\/\/www.qnde.ca\/#website","url":"https:\/\/www.qnde.ca\/","name":"Qualit\u00e9 NDE","description":"\u00c9quipements d&#039;essais non destructifs ","publisher":{"@id":"https:\/\/www.qnde.ca\/#organization"},"potentialAction":[{"@type":"SearchAction","target":{"@type":"EntryPoint","urlTemplate":"https:\/\/www.qnde.ca\/?s={search_term_string}"},"query-input":{"@type":"PropertyValueSpecification","valueRequired":true,"valueName":"search_term_string"}}],"inLanguage":"fr-FR"},{"@type":"Organization","@id":"https:\/\/www.qnde.ca\/#organization","name":"Quality NDT Ltd.","url":"https:\/\/www.qnde.ca\/","logo":{"@type":"ImageObject","inLanguage":"fr-FR","@id":"https:\/\/www.qnde.ca\/#\/schema\/logo\/image\/","url":"https:\/\/www.qnde.ca\/wp-content\/uploads\/2022\/02\/QNDE_logo_RGB-gif.gif","contentUrl":"https:\/\/www.qnde.ca\/wp-content\/uploads\/2022\/02\/QNDE_logo_RGB-gif.gif","width":250,"height":64,"caption":"Quality NDT Ltd."},"image":{"@id":"https:\/\/www.qnde.ca\/#\/schema\/logo\/image\/"},"sameAs":["https:\/\/www.linkedin.com\/company\/qnde\/about\/?viewAsMember=true"]}]}},"jetpack_sharing_enabled":true,"_links":{"self":[{"href":"https:\/\/www.qnde.ca\/fr\/wp-json\/wp\/v2\/product\/19282","targetHints":{"allow":["GET"]}}],"collection":[{"href":"https:\/\/www.qnde.ca\/fr\/wp-json\/wp\/v2\/product"}],"about":[{"href":"https:\/\/www.qnde.ca\/fr\/wp-json\/wp\/v2\/types\/product"}],"wp:featuredmedia":[{"embeddable":true,"href":"https:\/\/www.qnde.ca\/fr\/wp-json\/wp\/v2\/media\/19307"}],"wp:attachment":[{"href":"https:\/\/www.qnde.ca\/fr\/wp-json\/wp\/v2\/media?parent=19282"}],"wp:term":[{"taxonomy":"product_brand","embeddable":true,"href":"https:\/\/www.qnde.ca\/fr\/wp-json\/wp\/v2\/product_brand?post=19282"},{"taxonomy":"product_cat","embeddable":true,"href":"https:\/\/www.qnde.ca\/fr\/wp-json\/wp\/v2\/product_cat?post=19282"},{"taxonomy":"product_tag","embeddable":true,"href":"https:\/\/www.qnde.ca\/fr\/wp-json\/wp\/v2\/product_tag?post=19282"}],"curies":[{"name":"wp","href":"https:\/\/api.w.org\/{rel}","templated":true}]}}