{"id":19257,"date":"2021-04-21T09:21:31","date_gmt":"2021-04-21T13:21:31","guid":{"rendered":"https:\/\/www.qnde.ca\/?post_type=product&#038;p=19257"},"modified":"2025-08-11T11:43:00","modified_gmt":"2025-08-11T15:43:00","slug":"positector-dpm-fr","status":"publish","type":"product","link":"https:\/\/www.qnde.ca\/fr\/produit\/positector-dpm-fr\/","title":{"rendered":"Defelsko PosiTector DPM Mesureur de Point de Ros\u00e9e"},"content":{"rendered":"<h3><strong>Defelsko <\/strong><strong>PosiTector DPM Mesureur de Point de Ros\u00e9e<\/strong><\/h3>\n<p>Le PosiTector DPM mesure rapidement les param\u00e8tres environnementaux (humidit\u00e9 relative, temp\u00e9rature de l&rsquo;air, temp\u00e9rature de surface et vitesse du vent) et calcule la temp\u00e9rature du point de ros\u00e9e, l\u2019humidit\u00e9 relative et autres. L\u2019unit\u00e9 de contr\u00f4le PosiTector accepte toutes les sondes PosiTector, convertissant votre mesureur d&rsquo;\u00e9paisseur de point de ros\u00e9e en un mesureur de rev\u00eatement, mesureur de profil de surface, durom\u00e8tre Shore, mesureur d&rsquo;\u00e9paisseur et plus (voir le tableau de compatibilit\u00e9 des sondes ci-joint).<\/p>\n<p>Connexion USB, Wifi et Bluetooth au logiciel PosiSoft PC, MAC et t\u00e9l\u00e9phone intelligent. Durable, il est r\u00e9sistant aux solvants, acides, huiles, \u00e9tanche \u00e0 l&rsquo;eau et \u00e0 la poussi\u00e8re (IP65), il est livr\u00e9 avec une garantie de 2 ans.<\/p>\n<h4><strong>Ensemble de base inclut: <\/strong><\/h4>\n<ul>\n<li>Unit\u00e9 de contr\u00f4le PosiTector DPM, capteurs environnementaux DPM (selon l\u2019ensemble command\u00e9), \u00e9tui de protection en caoutchouc, \u00e9tui de protection en nylon avec bandouli\u00e8re, trois batteries alcaline AAA, c\u00e2ble USB, logiciel PosiSoft, manuel de l\u2019utilisateur; certificat d\u2019\u00e9talonnage et valise de transport rigide.<\/li>\n<\/ul>\n<p>SEULS les mesureurs de point de ros\u00e9e courants sont \u00e9num\u00e9r\u00e9s ci-dessous. D\u2019autres sont aussi disponibles.<\/p>\n<ul>\n<li>DPM1: PosiTector DPM avec sonde int\u00e9gr\u00e9e pour mesurer la temp\u00e9rature de la surface par contract direct \u2013 m\u00e9moire de 2,000 lectures.<\/li>\n<li>DPM3: Advanced PosiTector DPM avec sonde int\u00e9gr\u00e9e pour mesurer la temp\u00e9rature de la surface par contact direct \u2013 m\u00e9moire de 250,000 lectures.<\/li>\n<li>DPMIR1: PosiTector DPM avec sonde int\u00e9gr\u00e9e pour mesurer la temp\u00e9rature de la surface par infrarouge \u2013 m\u00e9moire de 2,000 lectures.<\/li>\n<li>DPMIR3: Advanced PosiTector DPM avec sonde int\u00e9gr\u00e9e pour mesurer la temp\u00e9rature de la surface par infrarouge \u2013 m\u00e9moire de 250,000 lectures.<\/li>\n<li>DPMS1: PosiTector DPM avec sonde int\u00e9gr\u00e9e et sonde c\u00e2bl\u00e9 de type K pour mesurer la temp\u00e9rature de la surface \u2013 m\u00e9moire de 2,000 lectures.<\/li>\n<li>DPMS3: Advanced PosiTector DPM<\/li>\n<li>avec sonde int\u00e9gr\u00e9e et sonde c\u00e2bl\u00e9 de type K pour mesurer la temp\u00e9rature de la surface \u2013 m\u00e9moire de 250,000 lectures.<\/li>\n<li>DPMA1: PosiTector DPM avec sonde int\u00e9gr\u00e9e pour mesurer la temp\u00e9rature de la surface par contact direct et avec capteur de la vitesse du vent \u2013 m\u00e9moire de 2,000 lectures.DPMA3: Advanced PosiTector DPM avec sonde int\u00e9gr\u00e9e pour mesurer la temp\u00e9rature de la surface par contact direct et avec capteur de la vitesse du vent \u2013 m\u00e9moire de 250,000 lectures.<\/li>\n<\/ul>\n<p>* Chaque sonde peut \u00eatre vendue s\u00e9par\u00e9ment.<\/p>\n","protected":false},"excerpt":{"rendered":"<p>Defelsko PosiTector DPM Mesureur de Point de Ros\u00e9e Le PosiTector DPM mesure rapidement les param\u00e8tres environnementaux (humidit\u00e9 relative, temp\u00e9rature de l&rsquo;air, temp\u00e9rature de surface et vitesse du vent) et calcule la temp\u00e9rature du point de ros\u00e9e, l\u2019humidit\u00e9 relative et autres. L\u2019unit\u00e9 de contr\u00f4le PosiTector accepte toutes les sondes PosiTector, convertissant votre mesureur d&rsquo;\u00e9paisseur de point [&hellip;]<\/p>\n","protected":false},"featured_media":19273,"template":"","meta":{"_monsterinsights_skip_tracking":false,"_monsterinsights_sitenote_active":false,"_monsterinsights_sitenote_note":"","_monsterinsights_sitenote_category":0},"product_brand":[],"product_cat":[406,326],"product_tag":[],"class_list":{"0":"post-19257","1":"product","2":"type-product","3":"status-publish","4":"has-post-thumbnail","6":"product_cat-defelsko-fr","7":"product_cat-mesureurs-revetements","9":"first","10":"instock","11":"shipping-taxable","12":"purchasable","13":"product-type-variable"},"yoast_head":"<!-- This site is optimized with the Yoast SEO plugin v23.9 - https:\/\/yoast.com\/wordpress\/plugins\/seo\/ -->\n<title>Defelsko PosiTector DPM Mesureur de Point de Ros\u00e9e &#060; Qualit\u00e9 NDE<\/title>\n<meta name=\"description\" content=\"PosiTector DPM : mesureur de point de ros\u00e9e complet, calcule humidit\u00e9, temp\u00e9ratures et plus. Connectivit\u00e9 USB, Wi-Fi, Bluetooth. Robuste et pr\u00e9cis.\" \/>\n<meta name=\"robots\" content=\"index, follow, max-snippet:-1, max-image-preview:large, max-video-preview:-1\" \/>\n<link rel=\"canonical\" href=\"https:\/\/www.qnde.ca\/fr\/produit\/positector-dpm-fr\/\" \/>\n<meta name=\"twitter:label1\" content=\"Dur\u00e9e de lecture estim\u00e9e\" \/>\n\t<meta name=\"twitter:data1\" content=\"2 minutes\" \/>\n<script type=\"application\/ld+json\" class=\"yoast-schema-graph\">{\"@context\":\"https:\/\/schema.org\",\"@graph\":[{\"@type\":[\"WebPage\",\"ItemPage\"],\"@id\":\"https:\/\/www.qnde.ca\/fr\/produit\/positector-dpm-fr\/\",\"url\":\"https:\/\/www.qnde.ca\/fr\/produit\/positector-dpm-fr\/\",\"name\":\"Defelsko PosiTector DPM Mesureur de Point de Ros\u00e9e &#060; Qualit\u00e9 NDE\",\"isPartOf\":{\"@id\":\"https:\/\/www.qnde.ca\/#website\"},\"primaryImageOfPage\":{\"@id\":\"https:\/\/www.qnde.ca\/fr\/produit\/positector-dpm-fr\/#primaryimage\"},\"image\":{\"@id\":\"https:\/\/www.qnde.ca\/fr\/produit\/positector-dpm-fr\/#primaryimage\"},\"thumbnailUrl\":\"https:\/\/www.qnde.ca\/wp-content\/uploads\/2021\/04\/Defelsko-PosiTector-DPM-Dew-Point-Meters-DPMA1-unit-shown.jpg\",\"datePublished\":\"2021-04-21T13:21:31+00:00\",\"dateModified\":\"2025-08-11T15:43:00+00:00\",\"description\":\"PosiTector DPM : mesureur de point de ros\u00e9e complet, calcule humidit\u00e9, temp\u00e9ratures et plus. Connectivit\u00e9 USB, Wi-Fi, Bluetooth. Robuste et pr\u00e9cis.\",\"breadcrumb\":{\"@id\":\"https:\/\/www.qnde.ca\/fr\/produit\/positector-dpm-fr\/#breadcrumb\"},\"inLanguage\":\"fr-FR\",\"potentialAction\":[{\"@type\":\"ReadAction\",\"target\":[\"https:\/\/www.qnde.ca\/fr\/produit\/positector-dpm-fr\/\"]}]},{\"@type\":\"ImageObject\",\"inLanguage\":\"fr-FR\",\"@id\":\"https:\/\/www.qnde.ca\/fr\/produit\/positector-dpm-fr\/#primaryimage\",\"url\":\"https:\/\/www.qnde.ca\/wp-content\/uploads\/2021\/04\/Defelsko-PosiTector-DPM-Dew-Point-Meters-DPMA1-unit-shown.jpg\",\"contentUrl\":\"https:\/\/www.qnde.ca\/wp-content\/uploads\/2021\/04\/Defelsko-PosiTector-DPM-Dew-Point-Meters-DPMA1-unit-shown.jpg\",\"width\":266,\"height\":750,\"caption\":\"Defelsko PosiTector DPM, Dew Point Meters, DPMA1 unit shown\"},{\"@type\":\"BreadcrumbList\",\"@id\":\"https:\/\/www.qnde.ca\/fr\/produit\/positector-dpm-fr\/#breadcrumb\",\"itemListElement\":[{\"@type\":\"ListItem\",\"position\":1,\"name\":\"Accueil\",\"item\":\"https:\/\/www.qnde.ca\/fr\/\"},{\"@type\":\"ListItem\",\"position\":2,\"name\":\"Produits\",\"item\":\"https:\/\/www.qnde.ca\/fr\/produits\/\"},{\"@type\":\"ListItem\",\"position\":3,\"name\":\"Ultrasons\",\"item\":\"https:\/\/www.qnde.ca\/fr\/product-category\/ultrasons\/\"},{\"@type\":\"ListItem\",\"position\":4,\"name\":\"Mesureurs de Rev\u00eatements\",\"item\":\"https:\/\/www.qnde.ca\/fr\/product-category\/ultrasons\/mesureurs-revetements\/\"},{\"@type\":\"ListItem\",\"position\":5,\"name\":\"Defelsko PosiTector DPM Mesureur de Point de Ros\u00e9e\"}]},{\"@type\":\"WebSite\",\"@id\":\"https:\/\/www.qnde.ca\/#website\",\"url\":\"https:\/\/www.qnde.ca\/\",\"name\":\"Qualit\u00e9 NDE\",\"description\":\"\u00c9quipements d&#039;essais non destructifs \",\"publisher\":{\"@id\":\"https:\/\/www.qnde.ca\/#organization\"},\"potentialAction\":[{\"@type\":\"SearchAction\",\"target\":{\"@type\":\"EntryPoint\",\"urlTemplate\":\"https:\/\/www.qnde.ca\/?s={search_term_string}\"},\"query-input\":{\"@type\":\"PropertyValueSpecification\",\"valueRequired\":true,\"valueName\":\"search_term_string\"}}],\"inLanguage\":\"fr-FR\"},{\"@type\":\"Organization\",\"@id\":\"https:\/\/www.qnde.ca\/#organization\",\"name\":\"Quality NDT Ltd.\",\"url\":\"https:\/\/www.qnde.ca\/\",\"logo\":{\"@type\":\"ImageObject\",\"inLanguage\":\"fr-FR\",\"@id\":\"https:\/\/www.qnde.ca\/#\/schema\/logo\/image\/\",\"url\":\"https:\/\/www.qnde.ca\/wp-content\/uploads\/2022\/02\/QNDE_logo_RGB-gif.gif\",\"contentUrl\":\"https:\/\/www.qnde.ca\/wp-content\/uploads\/2022\/02\/QNDE_logo_RGB-gif.gif\",\"width\":250,\"height\":64,\"caption\":\"Quality NDT Ltd.\"},\"image\":{\"@id\":\"https:\/\/www.qnde.ca\/#\/schema\/logo\/image\/\"},\"sameAs\":[\"https:\/\/www.linkedin.com\/company\/qnde\/about\/?viewAsMember=true\"]}]}<\/script>\n<!-- \/ Yoast SEO plugin. -->","yoast_head_json":{"title":"Defelsko PosiTector DPM Mesureur de Point de Ros\u00e9e &#060; Qualit\u00e9 NDE","description":"PosiTector DPM : mesureur de point de ros\u00e9e complet, calcule humidit\u00e9, temp\u00e9ratures et plus. Connectivit\u00e9 USB, Wi-Fi, Bluetooth. Robuste et pr\u00e9cis.","robots":{"index":"index","follow":"follow","max-snippet":"max-snippet:-1","max-image-preview":"max-image-preview:large","max-video-preview":"max-video-preview:-1"},"canonical":"https:\/\/www.qnde.ca\/fr\/produit\/positector-dpm-fr\/","twitter_misc":{"Dur\u00e9e de lecture estim\u00e9e":"2 minutes"},"schema":{"@context":"https:\/\/schema.org","@graph":[{"@type":["WebPage","ItemPage"],"@id":"https:\/\/www.qnde.ca\/fr\/produit\/positector-dpm-fr\/","url":"https:\/\/www.qnde.ca\/fr\/produit\/positector-dpm-fr\/","name":"Defelsko PosiTector DPM Mesureur de Point de Ros\u00e9e &#060; Qualit\u00e9 NDE","isPartOf":{"@id":"https:\/\/www.qnde.ca\/#website"},"primaryImageOfPage":{"@id":"https:\/\/www.qnde.ca\/fr\/produit\/positector-dpm-fr\/#primaryimage"},"image":{"@id":"https:\/\/www.qnde.ca\/fr\/produit\/positector-dpm-fr\/#primaryimage"},"thumbnailUrl":"https:\/\/www.qnde.ca\/wp-content\/uploads\/2021\/04\/Defelsko-PosiTector-DPM-Dew-Point-Meters-DPMA1-unit-shown.jpg","datePublished":"2021-04-21T13:21:31+00:00","dateModified":"2025-08-11T15:43:00+00:00","description":"PosiTector DPM : mesureur de point de ros\u00e9e complet, calcule humidit\u00e9, temp\u00e9ratures et plus. Connectivit\u00e9 USB, Wi-Fi, Bluetooth. Robuste et pr\u00e9cis.","breadcrumb":{"@id":"https:\/\/www.qnde.ca\/fr\/produit\/positector-dpm-fr\/#breadcrumb"},"inLanguage":"fr-FR","potentialAction":[{"@type":"ReadAction","target":["https:\/\/www.qnde.ca\/fr\/produit\/positector-dpm-fr\/"]}]},{"@type":"ImageObject","inLanguage":"fr-FR","@id":"https:\/\/www.qnde.ca\/fr\/produit\/positector-dpm-fr\/#primaryimage","url":"https:\/\/www.qnde.ca\/wp-content\/uploads\/2021\/04\/Defelsko-PosiTector-DPM-Dew-Point-Meters-DPMA1-unit-shown.jpg","contentUrl":"https:\/\/www.qnde.ca\/wp-content\/uploads\/2021\/04\/Defelsko-PosiTector-DPM-Dew-Point-Meters-DPMA1-unit-shown.jpg","width":266,"height":750,"caption":"Defelsko PosiTector DPM, Dew Point Meters, DPMA1 unit shown"},{"@type":"BreadcrumbList","@id":"https:\/\/www.qnde.ca\/fr\/produit\/positector-dpm-fr\/#breadcrumb","itemListElement":[{"@type":"ListItem","position":1,"name":"Accueil","item":"https:\/\/www.qnde.ca\/fr\/"},{"@type":"ListItem","position":2,"name":"Produits","item":"https:\/\/www.qnde.ca\/fr\/produits\/"},{"@type":"ListItem","position":3,"name":"Ultrasons","item":"https:\/\/www.qnde.ca\/fr\/product-category\/ultrasons\/"},{"@type":"ListItem","position":4,"name":"Mesureurs de Rev\u00eatements","item":"https:\/\/www.qnde.ca\/fr\/product-category\/ultrasons\/mesureurs-revetements\/"},{"@type":"ListItem","position":5,"name":"Defelsko PosiTector DPM Mesureur de Point de Ros\u00e9e"}]},{"@type":"WebSite","@id":"https:\/\/www.qnde.ca\/#website","url":"https:\/\/www.qnde.ca\/","name":"Qualit\u00e9 NDE","description":"\u00c9quipements d&#039;essais non destructifs ","publisher":{"@id":"https:\/\/www.qnde.ca\/#organization"},"potentialAction":[{"@type":"SearchAction","target":{"@type":"EntryPoint","urlTemplate":"https:\/\/www.qnde.ca\/?s={search_term_string}"},"query-input":{"@type":"PropertyValueSpecification","valueRequired":true,"valueName":"search_term_string"}}],"inLanguage":"fr-FR"},{"@type":"Organization","@id":"https:\/\/www.qnde.ca\/#organization","name":"Quality NDT Ltd.","url":"https:\/\/www.qnde.ca\/","logo":{"@type":"ImageObject","inLanguage":"fr-FR","@id":"https:\/\/www.qnde.ca\/#\/schema\/logo\/image\/","url":"https:\/\/www.qnde.ca\/wp-content\/uploads\/2022\/02\/QNDE_logo_RGB-gif.gif","contentUrl":"https:\/\/www.qnde.ca\/wp-content\/uploads\/2022\/02\/QNDE_logo_RGB-gif.gif","width":250,"height":64,"caption":"Quality NDT Ltd."},"image":{"@id":"https:\/\/www.qnde.ca\/#\/schema\/logo\/image\/"},"sameAs":["https:\/\/www.linkedin.com\/company\/qnde\/about\/?viewAsMember=true"]}]}},"jetpack_sharing_enabled":true,"_links":{"self":[{"href":"https:\/\/www.qnde.ca\/fr\/wp-json\/wp\/v2\/product\/19257","targetHints":{"allow":["GET"]}}],"collection":[{"href":"https:\/\/www.qnde.ca\/fr\/wp-json\/wp\/v2\/product"}],"about":[{"href":"https:\/\/www.qnde.ca\/fr\/wp-json\/wp\/v2\/types\/product"}],"wp:featuredmedia":[{"embeddable":true,"href":"https:\/\/www.qnde.ca\/fr\/wp-json\/wp\/v2\/media\/19273"}],"wp:attachment":[{"href":"https:\/\/www.qnde.ca\/fr\/wp-json\/wp\/v2\/media?parent=19257"}],"wp:term":[{"taxonomy":"product_brand","embeddable":true,"href":"https:\/\/www.qnde.ca\/fr\/wp-json\/wp\/v2\/product_brand?post=19257"},{"taxonomy":"product_cat","embeddable":true,"href":"https:\/\/www.qnde.ca\/fr\/wp-json\/wp\/v2\/product_cat?post=19257"},{"taxonomy":"product_tag","embeddable":true,"href":"https:\/\/www.qnde.ca\/fr\/wp-json\/wp\/v2\/product_tag?post=19257"}],"curies":[{"name":"wp","href":"https:\/\/api.w.org\/{rel}","templated":true}]}}