{"id":19209,"date":"2021-04-21T09:12:39","date_gmt":"2021-04-21T13:12:39","guid":{"rendered":"https:\/\/www.qnde.ca\/?post_type=product&#038;p=19209"},"modified":"2025-08-11T13:07:34","modified_gmt":"2025-08-11T17:07:34","slug":"defelsko-positest","status":"publish","type":"product","link":"https:\/\/www.qnde.ca\/fr\/produit\/defelsko-positest\/","title":{"rendered":"Defelsko PosiTest AT-M Mesureurs Manuel d&rsquo;Adh\u00e9rence de Rev\u00eatement"},"content":{"rendered":"<h3><strong>Defelsko PosiTest AT-M Mesureurs Manuel d&rsquo;Adh\u00e9rence de Rev\u00eatement <\/strong><\/h3>\n<p>Le mesureur d\u2019adh\u00e9rence PosiTest AT-M mesure l\u2019adh\u00e9sion de rev\u00eatements sur le m\u00e9tal, bois, b\u00e9ton et autres substrats. Le plot en aluminium auto-alignant permet des mesures pr\u00e9cises sur les surfaces lisses ou irr\u00e9guli\u00e8res. La pompe hydraulique manuelle applique une traction r\u00e9guli\u00e8re et continue en un seul coup. La m\u00e9moire interne enregistre la traction maximale, vitesse de traction, la dur\u00e9e du test et la taille du plot jusqu\u2019\u00e0 200 r\u00e9sultats. Connexion USB, Wifi et Bluetooth au logiciel PosiSoft pour PC, MAC et t\u00e9l\u00e9phone intelligent. Livr\u00e9 avec une garantie de 2 ans.<\/p>\n<p>SEULS les mesureurs d\u2019adh\u00e9rence de rev\u00eatement et les plots standards sont \u00e9num\u00e9r\u00e9s ci-dessous. D\u2019autres sont aussi disponibles.<\/p>\n<ul>\n<li>AT-M20: Ensemble PosiTester AT-M manuel avec plots d\u2019aluminium \u00f820mm (20 inclus) pour les rev\u00eatements \u00e0 forte adh\u00e9rence sur les m\u00e9taux.<\/li>\n<li>AT-M50: Ensemble PosiTester AT-M manuel avec plots d\u2019aluminium \u00f850mm (8 inclus) pour rev\u00eatements \u00e0 faible adh\u00e9rence sur bois, b\u00e9ton et plastique.<\/li>\n<li>AT-M50T: Ensemble PosiTester AT-M manuel avec plaque d&rsquo;acier 50 x 50mm (4 incluses) pour mesure d\u2019adh\u00e9rence de rev\u00eatements cimentaires sur tuiles.<\/li>\n<\/ul>\n<h4><strong>Accessoires:<\/strong><\/h4>\n<ul>\n<li>DOLLY20: Plots d\u2019aluminium \u00f820mm additionnels (sac de 10).<\/li>\n<li>DOLLY20-100: Plots d\u2019aluminium \u00f820mm additionnels (bo\u00eete de 100).<\/li>\n<li>DOLLY50: Plots d\u2019aluminium \u00f850mm additionnels (sac de 4).<\/li>\n<li>DOLLY50-100: Plots d\u2019aluminium \u00f850mm additionnels (bo\u00eete de 50).<\/li>\n<li>PLATE50: Plaques d&rsquo;acier 50 x 50mm additionnelles (sac de 4).<\/li>\n<li>ADH: R\u00e9sine \u00e9poxy, 2-composantes, pour les essais d&rsquo;adh\u00e9rence.<\/li>\n<\/ul>\n","protected":false},"excerpt":{"rendered":"<p>Defelsko PosiTest AT-M Mesureurs Manuel d&rsquo;Adh\u00e9rence de Rev\u00eatement Le mesureur d\u2019adh\u00e9rence PosiTest AT-M mesure l\u2019adh\u00e9sion de rev\u00eatements sur le m\u00e9tal, bois, b\u00e9ton et autres substrats. Le plot en aluminium auto-alignant permet des mesures pr\u00e9cises sur les surfaces lisses ou irr\u00e9guli\u00e8res. La pompe hydraulique manuelle applique une traction r\u00e9guli\u00e8re et continue en un seul coup. La [&hellip;]<\/p>\n","protected":false},"featured_media":19254,"template":"","meta":{"_monsterinsights_skip_tracking":false,"_monsterinsights_sitenote_active":false,"_monsterinsights_sitenote_note":"","_monsterinsights_sitenote_category":0},"product_brand":[],"product_cat":[406,351,326],"product_tag":[],"class_list":{"0":"post-19209","1":"product","2":"type-product","3":"status-publish","4":"has-post-thumbnail","6":"product_cat-defelsko-fr","7":"product_cat-mesureurs-adherence","8":"product_cat-mesureurs-revetements","10":"first","11":"instock","12":"shipping-taxable","13":"purchasable","14":"product-type-variable"},"yoast_head":"<!-- This site is optimized with the Yoast SEO plugin v23.9 - https:\/\/yoast.com\/wordpress\/plugins\/seo\/ -->\n<title>Defelsko PosiTest AT-M Mesureurs Manuel d&#039;Adh\u00e9rence de Rev\u00eatement &#060; Qualit\u00e9 NDE<\/title>\n<meta name=\"description\" content=\"PosiTest AT-M : mesureur d\u2019adh\u00e9rence manuel pour rev\u00eatements sur m\u00e9tal, bois, b\u00e9ton. Traction manuelle, m\u00e9moire 200 tests, USB\/Wi-Fi\/Bluetooth.\" \/>\n<meta name=\"robots\" content=\"index, follow, max-snippet:-1, max-image-preview:large, max-video-preview:-1\" \/>\n<link rel=\"canonical\" href=\"https:\/\/www.qnde.ca\/fr\/produit\/defelsko-positest\/\" \/>\n<meta name=\"twitter:label1\" content=\"Dur\u00e9e de lecture estim\u00e9e\" \/>\n\t<meta name=\"twitter:data1\" content=\"2 minutes\" \/>\n<script type=\"application\/ld+json\" class=\"yoast-schema-graph\">{\"@context\":\"https:\/\/schema.org\",\"@graph\":[{\"@type\":[\"WebPage\",\"ItemPage\"],\"@id\":\"https:\/\/www.qnde.ca\/fr\/produit\/defelsko-positest\/\",\"url\":\"https:\/\/www.qnde.ca\/fr\/produit\/defelsko-positest\/\",\"name\":\"Defelsko PosiTest AT-M Mesureurs Manuel d'Adh\u00e9rence de Rev\u00eatement &#060; Qualit\u00e9 NDE\",\"isPartOf\":{\"@id\":\"https:\/\/www.qnde.ca\/#website\"},\"primaryImageOfPage\":{\"@id\":\"https:\/\/www.qnde.ca\/fr\/produit\/defelsko-positest\/#primaryimage\"},\"image\":{\"@id\":\"https:\/\/www.qnde.ca\/fr\/produit\/defelsko-positest\/#primaryimage\"},\"thumbnailUrl\":\"https:\/\/www.qnde.ca\/wp-content\/uploads\/2021\/04\/Manual-PosiTector-AT-Manual-Coating-Adhesion-Testers.jpg\",\"datePublished\":\"2021-04-21T13:12:39+00:00\",\"dateModified\":\"2025-08-11T17:07:34+00:00\",\"description\":\"PosiTest AT-M : mesureur d\u2019adh\u00e9rence manuel pour rev\u00eatements sur m\u00e9tal, bois, b\u00e9ton. Traction manuelle, m\u00e9moire 200 tests, USB\/Wi-Fi\/Bluetooth.\",\"breadcrumb\":{\"@id\":\"https:\/\/www.qnde.ca\/fr\/produit\/defelsko-positest\/#breadcrumb\"},\"inLanguage\":\"fr-FR\",\"potentialAction\":[{\"@type\":\"ReadAction\",\"target\":[\"https:\/\/www.qnde.ca\/fr\/produit\/defelsko-positest\/\"]}]},{\"@type\":\"ImageObject\",\"inLanguage\":\"fr-FR\",\"@id\":\"https:\/\/www.qnde.ca\/fr\/produit\/defelsko-positest\/#primaryimage\",\"url\":\"https:\/\/www.qnde.ca\/wp-content\/uploads\/2021\/04\/Manual-PosiTector-AT-Manual-Coating-Adhesion-Testers.jpg\",\"contentUrl\":\"https:\/\/www.qnde.ca\/wp-content\/uploads\/2021\/04\/Manual-PosiTector-AT-Manual-Coating-Adhesion-Testers.jpg\",\"width\":1200,\"height\":681,\"caption\":\"Manual PosiTector AT Manual Coating Adhesion Testers\"},{\"@type\":\"BreadcrumbList\",\"@id\":\"https:\/\/www.qnde.ca\/fr\/produit\/defelsko-positest\/#breadcrumb\",\"itemListElement\":[{\"@type\":\"ListItem\",\"position\":1,\"name\":\"Accueil\",\"item\":\"https:\/\/www.qnde.ca\/fr\/\"},{\"@type\":\"ListItem\",\"position\":2,\"name\":\"Produits\",\"item\":\"https:\/\/www.qnde.ca\/fr\/produits\/\"},{\"@type\":\"ListItem\",\"position\":3,\"name\":\"Ultrasons\",\"item\":\"https:\/\/www.qnde.ca\/fr\/product-category\/ultrasons\/\"},{\"@type\":\"ListItem\",\"position\":4,\"name\":\"Mesureurs de Rev\u00eatements\",\"item\":\"https:\/\/www.qnde.ca\/fr\/product-category\/ultrasons\/mesureurs-revetements\/\"},{\"@type\":\"ListItem\",\"position\":5,\"name\":\"Defelsko PosiTest AT-M Mesureurs Manuel d&#8217;Adh\u00e9rence de Rev\u00eatement\"}]},{\"@type\":\"WebSite\",\"@id\":\"https:\/\/www.qnde.ca\/#website\",\"url\":\"https:\/\/www.qnde.ca\/\",\"name\":\"Qualit\u00e9 NDE\",\"description\":\"\u00c9quipements d&#039;essais non destructifs \",\"publisher\":{\"@id\":\"https:\/\/www.qnde.ca\/#organization\"},\"potentialAction\":[{\"@type\":\"SearchAction\",\"target\":{\"@type\":\"EntryPoint\",\"urlTemplate\":\"https:\/\/www.qnde.ca\/?s={search_term_string}\"},\"query-input\":{\"@type\":\"PropertyValueSpecification\",\"valueRequired\":true,\"valueName\":\"search_term_string\"}}],\"inLanguage\":\"fr-FR\"},{\"@type\":\"Organization\",\"@id\":\"https:\/\/www.qnde.ca\/#organization\",\"name\":\"Quality NDT Ltd.\",\"url\":\"https:\/\/www.qnde.ca\/\",\"logo\":{\"@type\":\"ImageObject\",\"inLanguage\":\"fr-FR\",\"@id\":\"https:\/\/www.qnde.ca\/#\/schema\/logo\/image\/\",\"url\":\"https:\/\/www.qnde.ca\/wp-content\/uploads\/2022\/02\/QNDE_logo_RGB-gif.gif\",\"contentUrl\":\"https:\/\/www.qnde.ca\/wp-content\/uploads\/2022\/02\/QNDE_logo_RGB-gif.gif\",\"width\":250,\"height\":64,\"caption\":\"Quality NDT Ltd.\"},\"image\":{\"@id\":\"https:\/\/www.qnde.ca\/#\/schema\/logo\/image\/\"},\"sameAs\":[\"https:\/\/www.linkedin.com\/company\/qnde\/about\/?viewAsMember=true\"]}]}<\/script>\n<!-- \/ Yoast SEO plugin. -->","yoast_head_json":{"title":"Defelsko PosiTest AT-M Mesureurs Manuel d'Adh\u00e9rence de Rev\u00eatement &#060; Qualit\u00e9 NDE","description":"PosiTest AT-M : mesureur d\u2019adh\u00e9rence manuel pour rev\u00eatements sur m\u00e9tal, bois, b\u00e9ton. Traction manuelle, m\u00e9moire 200 tests, USB\/Wi-Fi\/Bluetooth.","robots":{"index":"index","follow":"follow","max-snippet":"max-snippet:-1","max-image-preview":"max-image-preview:large","max-video-preview":"max-video-preview:-1"},"canonical":"https:\/\/www.qnde.ca\/fr\/produit\/defelsko-positest\/","twitter_misc":{"Dur\u00e9e de lecture estim\u00e9e":"2 minutes"},"schema":{"@context":"https:\/\/schema.org","@graph":[{"@type":["WebPage","ItemPage"],"@id":"https:\/\/www.qnde.ca\/fr\/produit\/defelsko-positest\/","url":"https:\/\/www.qnde.ca\/fr\/produit\/defelsko-positest\/","name":"Defelsko PosiTest AT-M Mesureurs Manuel d'Adh\u00e9rence de Rev\u00eatement &#060; Qualit\u00e9 NDE","isPartOf":{"@id":"https:\/\/www.qnde.ca\/#website"},"primaryImageOfPage":{"@id":"https:\/\/www.qnde.ca\/fr\/produit\/defelsko-positest\/#primaryimage"},"image":{"@id":"https:\/\/www.qnde.ca\/fr\/produit\/defelsko-positest\/#primaryimage"},"thumbnailUrl":"https:\/\/www.qnde.ca\/wp-content\/uploads\/2021\/04\/Manual-PosiTector-AT-Manual-Coating-Adhesion-Testers.jpg","datePublished":"2021-04-21T13:12:39+00:00","dateModified":"2025-08-11T17:07:34+00:00","description":"PosiTest AT-M : mesureur d\u2019adh\u00e9rence manuel pour rev\u00eatements sur m\u00e9tal, bois, b\u00e9ton. Traction manuelle, m\u00e9moire 200 tests, USB\/Wi-Fi\/Bluetooth.","breadcrumb":{"@id":"https:\/\/www.qnde.ca\/fr\/produit\/defelsko-positest\/#breadcrumb"},"inLanguage":"fr-FR","potentialAction":[{"@type":"ReadAction","target":["https:\/\/www.qnde.ca\/fr\/produit\/defelsko-positest\/"]}]},{"@type":"ImageObject","inLanguage":"fr-FR","@id":"https:\/\/www.qnde.ca\/fr\/produit\/defelsko-positest\/#primaryimage","url":"https:\/\/www.qnde.ca\/wp-content\/uploads\/2021\/04\/Manual-PosiTector-AT-Manual-Coating-Adhesion-Testers.jpg","contentUrl":"https:\/\/www.qnde.ca\/wp-content\/uploads\/2021\/04\/Manual-PosiTector-AT-Manual-Coating-Adhesion-Testers.jpg","width":1200,"height":681,"caption":"Manual PosiTector AT Manual Coating Adhesion Testers"},{"@type":"BreadcrumbList","@id":"https:\/\/www.qnde.ca\/fr\/produit\/defelsko-positest\/#breadcrumb","itemListElement":[{"@type":"ListItem","position":1,"name":"Accueil","item":"https:\/\/www.qnde.ca\/fr\/"},{"@type":"ListItem","position":2,"name":"Produits","item":"https:\/\/www.qnde.ca\/fr\/produits\/"},{"@type":"ListItem","position":3,"name":"Ultrasons","item":"https:\/\/www.qnde.ca\/fr\/product-category\/ultrasons\/"},{"@type":"ListItem","position":4,"name":"Mesureurs de Rev\u00eatements","item":"https:\/\/www.qnde.ca\/fr\/product-category\/ultrasons\/mesureurs-revetements\/"},{"@type":"ListItem","position":5,"name":"Defelsko PosiTest AT-M Mesureurs Manuel d&#8217;Adh\u00e9rence de Rev\u00eatement"}]},{"@type":"WebSite","@id":"https:\/\/www.qnde.ca\/#website","url":"https:\/\/www.qnde.ca\/","name":"Qualit\u00e9 NDE","description":"\u00c9quipements d&#039;essais non destructifs ","publisher":{"@id":"https:\/\/www.qnde.ca\/#organization"},"potentialAction":[{"@type":"SearchAction","target":{"@type":"EntryPoint","urlTemplate":"https:\/\/www.qnde.ca\/?s={search_term_string}"},"query-input":{"@type":"PropertyValueSpecification","valueRequired":true,"valueName":"search_term_string"}}],"inLanguage":"fr-FR"},{"@type":"Organization","@id":"https:\/\/www.qnde.ca\/#organization","name":"Quality NDT Ltd.","url":"https:\/\/www.qnde.ca\/","logo":{"@type":"ImageObject","inLanguage":"fr-FR","@id":"https:\/\/www.qnde.ca\/#\/schema\/logo\/image\/","url":"https:\/\/www.qnde.ca\/wp-content\/uploads\/2022\/02\/QNDE_logo_RGB-gif.gif","contentUrl":"https:\/\/www.qnde.ca\/wp-content\/uploads\/2022\/02\/QNDE_logo_RGB-gif.gif","width":250,"height":64,"caption":"Quality NDT Ltd."},"image":{"@id":"https:\/\/www.qnde.ca\/#\/schema\/logo\/image\/"},"sameAs":["https:\/\/www.linkedin.com\/company\/qnde\/about\/?viewAsMember=true"]}]}},"jetpack_sharing_enabled":true,"_links":{"self":[{"href":"https:\/\/www.qnde.ca\/fr\/wp-json\/wp\/v2\/product\/19209","targetHints":{"allow":["GET"]}}],"collection":[{"href":"https:\/\/www.qnde.ca\/fr\/wp-json\/wp\/v2\/product"}],"about":[{"href":"https:\/\/www.qnde.ca\/fr\/wp-json\/wp\/v2\/types\/product"}],"wp:featuredmedia":[{"embeddable":true,"href":"https:\/\/www.qnde.ca\/fr\/wp-json\/wp\/v2\/media\/19254"}],"wp:attachment":[{"href":"https:\/\/www.qnde.ca\/fr\/wp-json\/wp\/v2\/media?parent=19209"}],"wp:term":[{"taxonomy":"product_brand","embeddable":true,"href":"https:\/\/www.qnde.ca\/fr\/wp-json\/wp\/v2\/product_brand?post=19209"},{"taxonomy":"product_cat","embeddable":true,"href":"https:\/\/www.qnde.ca\/fr\/wp-json\/wp\/v2\/product_cat?post=19209"},{"taxonomy":"product_tag","embeddable":true,"href":"https:\/\/www.qnde.ca\/fr\/wp-json\/wp\/v2\/product_tag?post=19209"}],"curies":[{"name":"wp","href":"https:\/\/api.w.org\/{rel}","templated":true}]}}