{"id":19139,"date":"2021-04-20T15:29:55","date_gmt":"2021-04-20T19:29:55","guid":{"rendered":"https:\/\/www.qnde.ca\/?post_type=product&#038;p=19139"},"modified":"2025-08-11T11:39:21","modified_gmt":"2025-08-11T15:39:21","slug":"positector200-fr","status":"publish","type":"product","link":"https:\/\/www.qnde.ca\/fr\/produit\/positector200-fr\/","title":{"rendered":"Defelsko PosiTector 200 Mesureur d\u2019\u00c9paisseur de Rev\u00eatement"},"content":{"rendered":"<h3><strong>Defelsko PosiTector 200 Mesureur d\u2019\u00c9paisseur de Rev\u00eatement <\/strong><\/h3>\n<p>Mesureur d&rsquo;\u00e9paisseur de rev\u00eatement, robuste, enti\u00e8rement \u00e9lectronique, pour mesurer l\u2019\u00e9paisseur de rev\u00eatement sur le bois, b\u00e9ton, plastiques, composites et autres. Les mod\u00e8les avanc\u00e9s mesurent l\u2019\u00e9paisseur jusqu\u2019\u00e0 3 couches individuelles dans un syst\u00e8me multicouche avec lecture graphique pour une analyse d\u00e9taill\u00e9e du rev\u00eatement. L\u2019unit\u00e9 de contr\u00f4le PosiTector accepte toutes les sondes PosiTector, convertissant votre mesureur d&rsquo;\u00e9paisseur de rev\u00eatement en un mesureur du point de ros\u00e9e, mesureur de profil de surface, durom\u00e8tre Shore, mesureur d&rsquo;\u00e9paisseur et plus (voir le tableau de compatibilit\u00e9 des sondes ci-joint).<\/p>\n<p>Connexion USB, Wifi et Bluetooth au logiciel PosiSoft PC, MAC et t\u00e9l\u00e9phone intelligent. Durable, il est r\u00e9sistant aux solvants, acides, huiles, \u00e9tanche \u00e0 l&rsquo;eau et \u00e0 la poussi\u00e8re (IP65), il est livr\u00e9 avec une garantie de 2 ans.<\/p>\n<h4><strong>Ensemble de base inclut: <\/strong><\/h4>\n<ul>\n<li>Unit\u00e9 de contr\u00f4le PosiTector 200, sonde PosiTector (selon l\u2019ensemble command\u00e9), \u00e9talon de plastique, \u00e9tui de protection en caoutchouc avec sangle de ceinture, dragonne, trois batteries alcaline AAA, c\u00e2ble USB, logiciel PosiSoft, manuel de l\u2019utilisateur, certificat d\u2019\u00e9talonnage et valise de transport rigide.<\/li>\n<\/ul>\n<p>SEULS les mesureurs de rev\u00eatement courants sont \u00e9num\u00e9r\u00e9s ci-dessous. D\u2019autres sont aussi disponibles.<\/p>\n<ul>\n<li>200-B1: POSITECTOR 200 pour rev\u00eatement de polym\u00e8re sur bois, plastique, etc. Plage de mesure de 13 \u00e0 1000 microns \u00b12 microns +3% (0.5 \u00e0 40 mils \u00b10.1 mil +3%) \u2013 m\u00e9moire pour 100,000 lectures.<\/li>\n<li>200-B3: Advanced POSITECTOR 200 pour rev\u00eatement multicouche de polym\u00e8re sur bois, plastique, etc. Plage de mesure de 13 \u00e0 1000 microns \u00b12 microns +3% (0.5 \u00e0 40 mils \u00b10.1 mil +3%) par couche \u2013 m\u00e9moire pour 100,000 lectures.<\/li>\n<li>200-C1: POSITECTOR 200 pour rev\u00eatements sur b\u00e9ton, fibre de verre, etc. Plage de mesure de 50 \u00e0 3800 microns \u00b12 microns +3% (2 \u00e0 150 mils \u00b10.1 mil +3%) \u2013 m\u00e9moire pour 100,000 lectures.<\/li>\n<li>200-C3: Advanced POSITECTOR 200 pour rev\u00eatement multicouche sur b\u00e9ton, fibre de verre, etc. Plage de mesure de 50 \u00e0 3800 microns \u00b12 microns +3% (2 \u00e0 150 mils \u00b10.1 mil +3%) par couche \u2013 m\u00e9moire pour 100,000 lectures.<\/li>\n<li>200-D1: POSITECTOR 200 pour rev\u00eatements souples \u00e9pais et tr\u00e8s \u00e9pais tels que n\u00e9opr\u00e8ne, polym\u00e8res, etc. sur un substrat non m\u00e9tallique. Plage de mesure de 50 \u00e0 7600 microns \u00b120 microns +3% (2 \u00e0 300 mils \u00b10.1 mil +3%) \u2013 m\u00e9moire pour 100,000 lectures.<\/li>\n<li>200-D3: Advanced POSITECTOR 200 pour rev\u00eatement multicouche souple \u00e9pais et tr\u00e8s \u00e9pais tel que n\u00e9opr\u00e8ne, polym\u00e8res, etc. sur un substrat non m\u00e9tallique. Plage de mesure de 50 to 7600 microns \u00b120 microns +3% (2 to 300 mils \u00b10.1 mil +3%) par couche \u2013 m\u00e9moire pour 100,000 lectures.<\/li>\n<\/ul>\n<p>* Chaque sonde peut \u00eatre vendue s\u00e9par\u00e9ment.<\/p>\n<p>* Autres palpeurs aussi disponibles (dimension, temp\u00e9rature, \u00e9paisseur du rev\u00eatement, etc.).<\/p>\n","protected":false},"excerpt":{"rendered":"<p>Defelsko PosiTector 200 Mesureur d\u2019\u00c9paisseur de Rev\u00eatement Mesureur d&rsquo;\u00e9paisseur de rev\u00eatement, robuste, enti\u00e8rement \u00e9lectronique, pour mesurer l\u2019\u00e9paisseur de rev\u00eatement sur le bois, b\u00e9ton, plastiques, composites et autres. Les mod\u00e8les avanc\u00e9s mesurent l\u2019\u00e9paisseur jusqu\u2019\u00e0 3 couches individuelles dans un syst\u00e8me multicouche avec lecture graphique pour une analyse d\u00e9taill\u00e9e du rev\u00eatement. L\u2019unit\u00e9 de contr\u00f4le PosiTector accepte toutes [&hellip;]<\/p>\n","protected":false},"featured_media":19146,"template":"","meta":{"_monsterinsights_skip_tracking":false,"_monsterinsights_sitenote_active":false,"_monsterinsights_sitenote_note":"","_monsterinsights_sitenote_category":0},"product_brand":[],"product_cat":[406,355,326],"product_tag":[],"class_list":{"0":"post-19139","1":"product","2":"type-product","3":"status-publish","4":"has-post-thumbnail","6":"product_cat-defelsko-fr","7":"product_cat-mesureurs-revetement","8":"product_cat-mesureurs-revetements","10":"first","11":"instock","12":"shipping-taxable","13":"purchasable","14":"product-type-variable"},"yoast_head":"<!-- This site is optimized with the Yoast SEO plugin v23.9 - https:\/\/yoast.com\/wordpress\/plugins\/seo\/ -->\n<title>Defelsko PosiTector 200 Mesureur d\u2019\u00c9paisseur de Rev\u00eatement &#060; Qualit\u00e9 NDE<\/title>\n<meta name=\"description\" content=\"PosiTector 200 : mesureur d&#039;\u00e9paisseur de rev\u00eatement sur bois, b\u00e9ton, plastiques et composites, jusqu\u2019\u00e0 3 couches, avec connectivit\u00e9 compl\u00e8te.\" \/>\n<meta name=\"robots\" content=\"index, follow, max-snippet:-1, max-image-preview:large, max-video-preview:-1\" \/>\n<link rel=\"canonical\" href=\"https:\/\/www.qnde.ca\/fr\/produit\/positector200-fr\/\" \/>\n<meta name=\"twitter:label1\" content=\"Dur\u00e9e de lecture estim\u00e9e\" \/>\n\t<meta name=\"twitter:data1\" content=\"3 minutes\" \/>\n<script type=\"application\/ld+json\" class=\"yoast-schema-graph\">{\"@context\":\"https:\/\/schema.org\",\"@graph\":[{\"@type\":[\"WebPage\",\"ItemPage\"],\"@id\":\"https:\/\/www.qnde.ca\/fr\/produit\/positector200-fr\/\",\"url\":\"https:\/\/www.qnde.ca\/fr\/produit\/positector200-fr\/\",\"name\":\"Defelsko PosiTector 200 Mesureur d\u2019\u00c9paisseur de Rev\u00eatement &#060; Qualit\u00e9 NDE\",\"isPartOf\":{\"@id\":\"https:\/\/www.qnde.ca\/#website\"},\"primaryImageOfPage\":{\"@id\":\"https:\/\/www.qnde.ca\/fr\/produit\/positector200-fr\/#primaryimage\"},\"image\":{\"@id\":\"https:\/\/www.qnde.ca\/fr\/produit\/positector200-fr\/#primaryimage\"},\"thumbnailUrl\":\"https:\/\/www.qnde.ca\/wp-content\/uploads\/2021\/04\/PosiTector-200-Coating-Thickness-Gauge-on-NON-Metal-substrates.png\",\"datePublished\":\"2021-04-20T19:29:55+00:00\",\"dateModified\":\"2025-08-11T15:39:21+00:00\",\"description\":\"PosiTector 200 : mesureur d'\u00e9paisseur de rev\u00eatement sur bois, b\u00e9ton, plastiques et composites, jusqu\u2019\u00e0 3 couches, avec connectivit\u00e9 compl\u00e8te.\",\"breadcrumb\":{\"@id\":\"https:\/\/www.qnde.ca\/fr\/produit\/positector200-fr\/#breadcrumb\"},\"inLanguage\":\"fr-FR\",\"potentialAction\":[{\"@type\":\"ReadAction\",\"target\":[\"https:\/\/www.qnde.ca\/fr\/produit\/positector200-fr\/\"]}]},{\"@type\":\"ImageObject\",\"inLanguage\":\"fr-FR\",\"@id\":\"https:\/\/www.qnde.ca\/fr\/produit\/positector200-fr\/#primaryimage\",\"url\":\"https:\/\/www.qnde.ca\/wp-content\/uploads\/2021\/04\/PosiTector-200-Coating-Thickness-Gauge-on-NON-Metal-substrates.png\",\"contentUrl\":\"https:\/\/www.qnde.ca\/wp-content\/uploads\/2021\/04\/PosiTector-200-Coating-Thickness-Gauge-on-NON-Metal-substrates.png\",\"width\":700,\"height\":1550,\"caption\":\"PosiTector 200, Coating Thickness Gauge on NON-Metal substrates (plastic, wood, concrete, fiberglass, etc.).\"},{\"@type\":\"BreadcrumbList\",\"@id\":\"https:\/\/www.qnde.ca\/fr\/produit\/positector200-fr\/#breadcrumb\",\"itemListElement\":[{\"@type\":\"ListItem\",\"position\":1,\"name\":\"Accueil\",\"item\":\"https:\/\/www.qnde.ca\/fr\/\"},{\"@type\":\"ListItem\",\"position\":2,\"name\":\"Produits\",\"item\":\"https:\/\/www.qnde.ca\/fr\/produits\/\"},{\"@type\":\"ListItem\",\"position\":3,\"name\":\"Ultrasons\",\"item\":\"https:\/\/www.qnde.ca\/fr\/product-category\/ultrasons\/\"},{\"@type\":\"ListItem\",\"position\":4,\"name\":\"Mesureurs de Rev\u00eatements\",\"item\":\"https:\/\/www.qnde.ca\/fr\/product-category\/ultrasons\/mesureurs-revetements\/\"},{\"@type\":\"ListItem\",\"position\":5,\"name\":\"Defelsko PosiTector 200 Mesureur d\u2019\u00c9paisseur de Rev\u00eatement\"}]},{\"@type\":\"WebSite\",\"@id\":\"https:\/\/www.qnde.ca\/#website\",\"url\":\"https:\/\/www.qnde.ca\/\",\"name\":\"Qualit\u00e9 NDE\",\"description\":\"\u00c9quipements d&#039;essais non destructifs \",\"publisher\":{\"@id\":\"https:\/\/www.qnde.ca\/#organization\"},\"potentialAction\":[{\"@type\":\"SearchAction\",\"target\":{\"@type\":\"EntryPoint\",\"urlTemplate\":\"https:\/\/www.qnde.ca\/?s={search_term_string}\"},\"query-input\":{\"@type\":\"PropertyValueSpecification\",\"valueRequired\":true,\"valueName\":\"search_term_string\"}}],\"inLanguage\":\"fr-FR\"},{\"@type\":\"Organization\",\"@id\":\"https:\/\/www.qnde.ca\/#organization\",\"name\":\"Quality NDT Ltd.\",\"url\":\"https:\/\/www.qnde.ca\/\",\"logo\":{\"@type\":\"ImageObject\",\"inLanguage\":\"fr-FR\",\"@id\":\"https:\/\/www.qnde.ca\/#\/schema\/logo\/image\/\",\"url\":\"https:\/\/www.qnde.ca\/wp-content\/uploads\/2022\/02\/QNDE_logo_RGB-gif.gif\",\"contentUrl\":\"https:\/\/www.qnde.ca\/wp-content\/uploads\/2022\/02\/QNDE_logo_RGB-gif.gif\",\"width\":250,\"height\":64,\"caption\":\"Quality NDT Ltd.\"},\"image\":{\"@id\":\"https:\/\/www.qnde.ca\/#\/schema\/logo\/image\/\"},\"sameAs\":[\"https:\/\/www.linkedin.com\/company\/qnde\/about\/?viewAsMember=true\"]}]}<\/script>\n<!-- \/ Yoast SEO plugin. -->","yoast_head_json":{"title":"Defelsko PosiTector 200 Mesureur d\u2019\u00c9paisseur de Rev\u00eatement &#060; Qualit\u00e9 NDE","description":"PosiTector 200 : mesureur d'\u00e9paisseur de rev\u00eatement sur bois, b\u00e9ton, plastiques et composites, jusqu\u2019\u00e0 3 couches, avec connectivit\u00e9 compl\u00e8te.","robots":{"index":"index","follow":"follow","max-snippet":"max-snippet:-1","max-image-preview":"max-image-preview:large","max-video-preview":"max-video-preview:-1"},"canonical":"https:\/\/www.qnde.ca\/fr\/produit\/positector200-fr\/","twitter_misc":{"Dur\u00e9e de lecture estim\u00e9e":"3 minutes"},"schema":{"@context":"https:\/\/schema.org","@graph":[{"@type":["WebPage","ItemPage"],"@id":"https:\/\/www.qnde.ca\/fr\/produit\/positector200-fr\/","url":"https:\/\/www.qnde.ca\/fr\/produit\/positector200-fr\/","name":"Defelsko PosiTector 200 Mesureur d\u2019\u00c9paisseur de Rev\u00eatement &#060; Qualit\u00e9 NDE","isPartOf":{"@id":"https:\/\/www.qnde.ca\/#website"},"primaryImageOfPage":{"@id":"https:\/\/www.qnde.ca\/fr\/produit\/positector200-fr\/#primaryimage"},"image":{"@id":"https:\/\/www.qnde.ca\/fr\/produit\/positector200-fr\/#primaryimage"},"thumbnailUrl":"https:\/\/www.qnde.ca\/wp-content\/uploads\/2021\/04\/PosiTector-200-Coating-Thickness-Gauge-on-NON-Metal-substrates.png","datePublished":"2021-04-20T19:29:55+00:00","dateModified":"2025-08-11T15:39:21+00:00","description":"PosiTector 200 : mesureur d'\u00e9paisseur de rev\u00eatement sur bois, b\u00e9ton, plastiques et composites, jusqu\u2019\u00e0 3 couches, avec connectivit\u00e9 compl\u00e8te.","breadcrumb":{"@id":"https:\/\/www.qnde.ca\/fr\/produit\/positector200-fr\/#breadcrumb"},"inLanguage":"fr-FR","potentialAction":[{"@type":"ReadAction","target":["https:\/\/www.qnde.ca\/fr\/produit\/positector200-fr\/"]}]},{"@type":"ImageObject","inLanguage":"fr-FR","@id":"https:\/\/www.qnde.ca\/fr\/produit\/positector200-fr\/#primaryimage","url":"https:\/\/www.qnde.ca\/wp-content\/uploads\/2021\/04\/PosiTector-200-Coating-Thickness-Gauge-on-NON-Metal-substrates.png","contentUrl":"https:\/\/www.qnde.ca\/wp-content\/uploads\/2021\/04\/PosiTector-200-Coating-Thickness-Gauge-on-NON-Metal-substrates.png","width":700,"height":1550,"caption":"PosiTector 200, Coating Thickness Gauge on NON-Metal substrates (plastic, wood, concrete, fiberglass, etc.)."},{"@type":"BreadcrumbList","@id":"https:\/\/www.qnde.ca\/fr\/produit\/positector200-fr\/#breadcrumb","itemListElement":[{"@type":"ListItem","position":1,"name":"Accueil","item":"https:\/\/www.qnde.ca\/fr\/"},{"@type":"ListItem","position":2,"name":"Produits","item":"https:\/\/www.qnde.ca\/fr\/produits\/"},{"@type":"ListItem","position":3,"name":"Ultrasons","item":"https:\/\/www.qnde.ca\/fr\/product-category\/ultrasons\/"},{"@type":"ListItem","position":4,"name":"Mesureurs de Rev\u00eatements","item":"https:\/\/www.qnde.ca\/fr\/product-category\/ultrasons\/mesureurs-revetements\/"},{"@type":"ListItem","position":5,"name":"Defelsko PosiTector 200 Mesureur d\u2019\u00c9paisseur de Rev\u00eatement"}]},{"@type":"WebSite","@id":"https:\/\/www.qnde.ca\/#website","url":"https:\/\/www.qnde.ca\/","name":"Qualit\u00e9 NDE","description":"\u00c9quipements d&#039;essais non destructifs ","publisher":{"@id":"https:\/\/www.qnde.ca\/#organization"},"potentialAction":[{"@type":"SearchAction","target":{"@type":"EntryPoint","urlTemplate":"https:\/\/www.qnde.ca\/?s={search_term_string}"},"query-input":{"@type":"PropertyValueSpecification","valueRequired":true,"valueName":"search_term_string"}}],"inLanguage":"fr-FR"},{"@type":"Organization","@id":"https:\/\/www.qnde.ca\/#organization","name":"Quality NDT Ltd.","url":"https:\/\/www.qnde.ca\/","logo":{"@type":"ImageObject","inLanguage":"fr-FR","@id":"https:\/\/www.qnde.ca\/#\/schema\/logo\/image\/","url":"https:\/\/www.qnde.ca\/wp-content\/uploads\/2022\/02\/QNDE_logo_RGB-gif.gif","contentUrl":"https:\/\/www.qnde.ca\/wp-content\/uploads\/2022\/02\/QNDE_logo_RGB-gif.gif","width":250,"height":64,"caption":"Quality NDT Ltd."},"image":{"@id":"https:\/\/www.qnde.ca\/#\/schema\/logo\/image\/"},"sameAs":["https:\/\/www.linkedin.com\/company\/qnde\/about\/?viewAsMember=true"]}]}},"jetpack_sharing_enabled":true,"_links":{"self":[{"href":"https:\/\/www.qnde.ca\/fr\/wp-json\/wp\/v2\/product\/19139","targetHints":{"allow":["GET"]}}],"collection":[{"href":"https:\/\/www.qnde.ca\/fr\/wp-json\/wp\/v2\/product"}],"about":[{"href":"https:\/\/www.qnde.ca\/fr\/wp-json\/wp\/v2\/types\/product"}],"wp:featuredmedia":[{"embeddable":true,"href":"https:\/\/www.qnde.ca\/fr\/wp-json\/wp\/v2\/media\/19146"}],"wp:attachment":[{"href":"https:\/\/www.qnde.ca\/fr\/wp-json\/wp\/v2\/media?parent=19139"}],"wp:term":[{"taxonomy":"product_brand","embeddable":true,"href":"https:\/\/www.qnde.ca\/fr\/wp-json\/wp\/v2\/product_brand?post=19139"},{"taxonomy":"product_cat","embeddable":true,"href":"https:\/\/www.qnde.ca\/fr\/wp-json\/wp\/v2\/product_cat?post=19139"},{"taxonomy":"product_tag","embeddable":true,"href":"https:\/\/www.qnde.ca\/fr\/wp-json\/wp\/v2\/product_tag?post=19139"}],"curies":[{"name":"wp","href":"https:\/\/api.w.org\/{rel}","templated":true}]}}