{"id":19116,"date":"2021-04-20T14:08:48","date_gmt":"2021-04-20T18:08:48","guid":{"rendered":"https:\/\/www.qnde.ca\/?post_type=product&#038;p=19116"},"modified":"2025-08-11T11:34:19","modified_gmt":"2025-08-11T15:34:19","slug":"defelsko-cales-fr","status":"publish","type":"product","link":"https:\/\/www.qnde.ca\/fr\/produit\/defelsko-cales-fr\/","title":{"rendered":"Defelsko Cales de Plastiques Certifi\u00e9es"},"content":{"rendered":"<h3><strong>Defelsko Cales de Plastiques Certifi\u00e9es <\/strong><\/h3>\n<p>Les cales de plastiques certifi\u00e9s \u00a0sont une alternative \u00e9conomique aux \u00e9talons de m\u00e9tal avec rev\u00eatement. Elles ont une pr\u00e9cision de \u00b10.2 micron (\u00b10.08 mil). Chaque cale est identifi\u00e9e et emball\u00e9e dans une pochette protectrice et livr\u00e9e avec certificat d\u2019\u00e9talonnage en unit\u00e9s m\u00e9trique et imp\u00e9rial.<\/p>\n<ul>\n<li>6000-CS1: Cales de plastiques certifi\u00e9s, 25 \u00b10.2 micron (1 \u00b10.08 mil) \u2013 Orange.<\/li>\n<li>6000-CS2: Cales de plastiques certifi\u00e9s, 50 \u00b10.2 micron (2 (\u00b10.08 mil) \u2013 Rouge.<\/li>\n<li>6000-CS3: Cales de plastiques certifi\u00e9s, 75 \u00b10.2 micron (3 \u00b10.08 mil) \u2013 Vert.<\/li>\n<li>6000-CS5: Cales de plastiques certifi\u00e9s, 125 \u00b10.2 micron (5 \u00b10.08 mil) \u2013 Bleu.<\/li>\n<li>6000-CS10: Cales de plastiques certifi\u00e9s, 250 \u00b10.2 micron (10 \u00b10.08 mil) \u2013 Brun.<\/li>\n<li>6000-CS20: Cales de plastiques certifi\u00e9s, 500 \u00b10.2 micron (20 \u00b10.08 mil) \u2013 Jaune.<\/li>\n<li>6000-CS40: Cales de plastiques certifi\u00e9s, 1000 \u00b10.2 micron (40 mil \u00b10.08 mil) \u2013 Blanc.<\/li>\n<li>6000-CS50: Cales de plastiques certifi\u00e9s, 1500 \u00b10.2 micron (60 \u00b10.08 mil) \u2013 Noir.<\/li>\n<li>6000-CSS: Cales de plastiques certifi\u00e9s, ensemble complet de 8.<\/li>\n<\/ul>\n","protected":false},"excerpt":{"rendered":"<p>Defelsko Cales de Plastiques Certifi\u00e9es Les cales de plastiques certifi\u00e9s \u00a0sont une alternative \u00e9conomique aux \u00e9talons de m\u00e9tal avec rev\u00eatement. Elles ont une pr\u00e9cision de \u00b10.2 micron (\u00b10.08 mil). Chaque cale est identifi\u00e9e et emball\u00e9e dans une pochette protectrice et livr\u00e9e avec certificat d\u2019\u00e9talonnage en unit\u00e9s m\u00e9trique et imp\u00e9rial. 6000-CS1: Cales de plastiques certifi\u00e9s, 25 [&hellip;]<\/p>\n","protected":false},"featured_media":19126,"template":"","meta":{"_monsterinsights_skip_tracking":false,"_monsterinsights_sitenote_active":false,"_monsterinsights_sitenote_note":"","_monsterinsights_sitenote_category":0},"product_brand":[],"product_cat":[406,355,326],"product_tag":[],"class_list":{"0":"post-19116","1":"product","2":"type-product","3":"status-publish","4":"has-post-thumbnail","6":"product_cat-defelsko-fr","7":"product_cat-mesureurs-revetement","8":"product_cat-mesureurs-revetements","10":"first","11":"instock","12":"shipping-taxable","13":"purchasable","14":"product-type-variable"},"yoast_head":"<!-- This site is optimized with the Yoast SEO plugin v23.9 - https:\/\/yoast.com\/wordpress\/plugins\/seo\/ -->\n<title>Defelsko Cales de Plastiques Certifi\u00e9es &#060; Qualit\u00e9 NDE<\/title>\n<meta name=\"description\" content=\"Cales de plastiques certifi\u00e9es Defelsko : \u00e9talons \u00e9conomiques et pr\u00e9cis (\u00b10.2 \u00b5m), livr\u00e9s avec certificat en unit\u00e9s m\u00e9triques et imp\u00e9riales.\" \/>\n<meta name=\"robots\" content=\"index, follow, max-snippet:-1, max-image-preview:large, max-video-preview:-1\" \/>\n<link rel=\"canonical\" href=\"https:\/\/www.qnde.ca\/fr\/produit\/defelsko-cales-fr\/\" \/>\n<meta name=\"twitter:label1\" content=\"Dur\u00e9e de lecture estim\u00e9e\" \/>\n\t<meta name=\"twitter:data1\" content=\"1 minute\" \/>\n<script type=\"application\/ld+json\" class=\"yoast-schema-graph\">{\"@context\":\"https:\/\/schema.org\",\"@graph\":[{\"@type\":[\"WebPage\",\"ItemPage\"],\"@id\":\"https:\/\/www.qnde.ca\/fr\/produit\/defelsko-cales-fr\/\",\"url\":\"https:\/\/www.qnde.ca\/fr\/produit\/defelsko-cales-fr\/\",\"name\":\"Defelsko Cales de Plastiques Certifi\u00e9es &#060; Qualit\u00e9 NDE\",\"isPartOf\":{\"@id\":\"https:\/\/www.qnde.ca\/#website\"},\"primaryImageOfPage\":{\"@id\":\"https:\/\/www.qnde.ca\/fr\/produit\/defelsko-cales-fr\/#primaryimage\"},\"image\":{\"@id\":\"https:\/\/www.qnde.ca\/fr\/produit\/defelsko-cales-fr\/#primaryimage\"},\"thumbnailUrl\":\"https:\/\/www.qnde.ca\/wp-content\/uploads\/2021\/04\/Defelsko-Certified-plastic-shim-complete-set-of-8.jpg\",\"datePublished\":\"2021-04-20T18:08:48+00:00\",\"dateModified\":\"2025-08-11T15:34:19+00:00\",\"description\":\"Cales de plastiques certifi\u00e9es Defelsko : \u00e9talons \u00e9conomiques et pr\u00e9cis (\u00b10.2 \u00b5m), livr\u00e9s avec certificat en unit\u00e9s m\u00e9triques et imp\u00e9riales.\",\"breadcrumb\":{\"@id\":\"https:\/\/www.qnde.ca\/fr\/produit\/defelsko-cales-fr\/#breadcrumb\"},\"inLanguage\":\"fr-FR\",\"potentialAction\":[{\"@type\":\"ReadAction\",\"target\":[\"https:\/\/www.qnde.ca\/fr\/produit\/defelsko-cales-fr\/\"]}]},{\"@type\":\"ImageObject\",\"inLanguage\":\"fr-FR\",\"@id\":\"https:\/\/www.qnde.ca\/fr\/produit\/defelsko-cales-fr\/#primaryimage\",\"url\":\"https:\/\/www.qnde.ca\/wp-content\/uploads\/2021\/04\/Defelsko-Certified-plastic-shim-complete-set-of-8.jpg\",\"contentUrl\":\"https:\/\/www.qnde.ca\/wp-content\/uploads\/2021\/04\/Defelsko-Certified-plastic-shim-complete-set-of-8.jpg\",\"width\":363,\"height\":363},{\"@type\":\"BreadcrumbList\",\"@id\":\"https:\/\/www.qnde.ca\/fr\/produit\/defelsko-cales-fr\/#breadcrumb\",\"itemListElement\":[{\"@type\":\"ListItem\",\"position\":1,\"name\":\"Accueil\",\"item\":\"https:\/\/www.qnde.ca\/fr\/\"},{\"@type\":\"ListItem\",\"position\":2,\"name\":\"Produits\",\"item\":\"https:\/\/www.qnde.ca\/fr\/produits\/\"},{\"@type\":\"ListItem\",\"position\":3,\"name\":\"Ultrasons\",\"item\":\"https:\/\/www.qnde.ca\/fr\/product-category\/ultrasons\/\"},{\"@type\":\"ListItem\",\"position\":4,\"name\":\"Mesureurs de Rev\u00eatements\",\"item\":\"https:\/\/www.qnde.ca\/fr\/product-category\/ultrasons\/mesureurs-revetements\/\"},{\"@type\":\"ListItem\",\"position\":5,\"name\":\"Defelsko Cales de Plastiques Certifi\u00e9es\"}]},{\"@type\":\"WebSite\",\"@id\":\"https:\/\/www.qnde.ca\/#website\",\"url\":\"https:\/\/www.qnde.ca\/\",\"name\":\"Qualit\u00e9 NDE\",\"description\":\"\u00c9quipements d&#039;essais non destructifs \",\"publisher\":{\"@id\":\"https:\/\/www.qnde.ca\/#organization\"},\"potentialAction\":[{\"@type\":\"SearchAction\",\"target\":{\"@type\":\"EntryPoint\",\"urlTemplate\":\"https:\/\/www.qnde.ca\/?s={search_term_string}\"},\"query-input\":{\"@type\":\"PropertyValueSpecification\",\"valueRequired\":true,\"valueName\":\"search_term_string\"}}],\"inLanguage\":\"fr-FR\"},{\"@type\":\"Organization\",\"@id\":\"https:\/\/www.qnde.ca\/#organization\",\"name\":\"Quality NDT Ltd.\",\"url\":\"https:\/\/www.qnde.ca\/\",\"logo\":{\"@type\":\"ImageObject\",\"inLanguage\":\"fr-FR\",\"@id\":\"https:\/\/www.qnde.ca\/#\/schema\/logo\/image\/\",\"url\":\"https:\/\/www.qnde.ca\/wp-content\/uploads\/2022\/02\/QNDE_logo_RGB-gif.gif\",\"contentUrl\":\"https:\/\/www.qnde.ca\/wp-content\/uploads\/2022\/02\/QNDE_logo_RGB-gif.gif\",\"width\":250,\"height\":64,\"caption\":\"Quality NDT Ltd.\"},\"image\":{\"@id\":\"https:\/\/www.qnde.ca\/#\/schema\/logo\/image\/\"},\"sameAs\":[\"https:\/\/www.linkedin.com\/company\/qnde\/about\/?viewAsMember=true\"]}]}<\/script>\n<!-- \/ Yoast SEO plugin. -->","yoast_head_json":{"title":"Defelsko Cales de Plastiques Certifi\u00e9es &#060; Qualit\u00e9 NDE","description":"Cales de plastiques certifi\u00e9es Defelsko : \u00e9talons \u00e9conomiques et pr\u00e9cis (\u00b10.2 \u00b5m), livr\u00e9s avec certificat en unit\u00e9s m\u00e9triques et imp\u00e9riales.","robots":{"index":"index","follow":"follow","max-snippet":"max-snippet:-1","max-image-preview":"max-image-preview:large","max-video-preview":"max-video-preview:-1"},"canonical":"https:\/\/www.qnde.ca\/fr\/produit\/defelsko-cales-fr\/","twitter_misc":{"Dur\u00e9e de lecture estim\u00e9e":"1 minute"},"schema":{"@context":"https:\/\/schema.org","@graph":[{"@type":["WebPage","ItemPage"],"@id":"https:\/\/www.qnde.ca\/fr\/produit\/defelsko-cales-fr\/","url":"https:\/\/www.qnde.ca\/fr\/produit\/defelsko-cales-fr\/","name":"Defelsko Cales de Plastiques Certifi\u00e9es &#060; Qualit\u00e9 NDE","isPartOf":{"@id":"https:\/\/www.qnde.ca\/#website"},"primaryImageOfPage":{"@id":"https:\/\/www.qnde.ca\/fr\/produit\/defelsko-cales-fr\/#primaryimage"},"image":{"@id":"https:\/\/www.qnde.ca\/fr\/produit\/defelsko-cales-fr\/#primaryimage"},"thumbnailUrl":"https:\/\/www.qnde.ca\/wp-content\/uploads\/2021\/04\/Defelsko-Certified-plastic-shim-complete-set-of-8.jpg","datePublished":"2021-04-20T18:08:48+00:00","dateModified":"2025-08-11T15:34:19+00:00","description":"Cales de plastiques certifi\u00e9es Defelsko : \u00e9talons \u00e9conomiques et pr\u00e9cis (\u00b10.2 \u00b5m), livr\u00e9s avec certificat en unit\u00e9s m\u00e9triques et imp\u00e9riales.","breadcrumb":{"@id":"https:\/\/www.qnde.ca\/fr\/produit\/defelsko-cales-fr\/#breadcrumb"},"inLanguage":"fr-FR","potentialAction":[{"@type":"ReadAction","target":["https:\/\/www.qnde.ca\/fr\/produit\/defelsko-cales-fr\/"]}]},{"@type":"ImageObject","inLanguage":"fr-FR","@id":"https:\/\/www.qnde.ca\/fr\/produit\/defelsko-cales-fr\/#primaryimage","url":"https:\/\/www.qnde.ca\/wp-content\/uploads\/2021\/04\/Defelsko-Certified-plastic-shim-complete-set-of-8.jpg","contentUrl":"https:\/\/www.qnde.ca\/wp-content\/uploads\/2021\/04\/Defelsko-Certified-plastic-shim-complete-set-of-8.jpg","width":363,"height":363},{"@type":"BreadcrumbList","@id":"https:\/\/www.qnde.ca\/fr\/produit\/defelsko-cales-fr\/#breadcrumb","itemListElement":[{"@type":"ListItem","position":1,"name":"Accueil","item":"https:\/\/www.qnde.ca\/fr\/"},{"@type":"ListItem","position":2,"name":"Produits","item":"https:\/\/www.qnde.ca\/fr\/produits\/"},{"@type":"ListItem","position":3,"name":"Ultrasons","item":"https:\/\/www.qnde.ca\/fr\/product-category\/ultrasons\/"},{"@type":"ListItem","position":4,"name":"Mesureurs de Rev\u00eatements","item":"https:\/\/www.qnde.ca\/fr\/product-category\/ultrasons\/mesureurs-revetements\/"},{"@type":"ListItem","position":5,"name":"Defelsko Cales de Plastiques Certifi\u00e9es"}]},{"@type":"WebSite","@id":"https:\/\/www.qnde.ca\/#website","url":"https:\/\/www.qnde.ca\/","name":"Qualit\u00e9 NDE","description":"\u00c9quipements d&#039;essais non destructifs ","publisher":{"@id":"https:\/\/www.qnde.ca\/#organization"},"potentialAction":[{"@type":"SearchAction","target":{"@type":"EntryPoint","urlTemplate":"https:\/\/www.qnde.ca\/?s={search_term_string}"},"query-input":{"@type":"PropertyValueSpecification","valueRequired":true,"valueName":"search_term_string"}}],"inLanguage":"fr-FR"},{"@type":"Organization","@id":"https:\/\/www.qnde.ca\/#organization","name":"Quality NDT Ltd.","url":"https:\/\/www.qnde.ca\/","logo":{"@type":"ImageObject","inLanguage":"fr-FR","@id":"https:\/\/www.qnde.ca\/#\/schema\/logo\/image\/","url":"https:\/\/www.qnde.ca\/wp-content\/uploads\/2022\/02\/QNDE_logo_RGB-gif.gif","contentUrl":"https:\/\/www.qnde.ca\/wp-content\/uploads\/2022\/02\/QNDE_logo_RGB-gif.gif","width":250,"height":64,"caption":"Quality NDT Ltd."},"image":{"@id":"https:\/\/www.qnde.ca\/#\/schema\/logo\/image\/"},"sameAs":["https:\/\/www.linkedin.com\/company\/qnde\/about\/?viewAsMember=true"]}]}},"jetpack_sharing_enabled":true,"_links":{"self":[{"href":"https:\/\/www.qnde.ca\/fr\/wp-json\/wp\/v2\/product\/19116","targetHints":{"allow":["GET"]}}],"collection":[{"href":"https:\/\/www.qnde.ca\/fr\/wp-json\/wp\/v2\/product"}],"about":[{"href":"https:\/\/www.qnde.ca\/fr\/wp-json\/wp\/v2\/types\/product"}],"wp:featuredmedia":[{"embeddable":true,"href":"https:\/\/www.qnde.ca\/fr\/wp-json\/wp\/v2\/media\/19126"}],"wp:attachment":[{"href":"https:\/\/www.qnde.ca\/fr\/wp-json\/wp\/v2\/media?parent=19116"}],"wp:term":[{"taxonomy":"product_brand","embeddable":true,"href":"https:\/\/www.qnde.ca\/fr\/wp-json\/wp\/v2\/product_brand?post=19116"},{"taxonomy":"product_cat","embeddable":true,"href":"https:\/\/www.qnde.ca\/fr\/wp-json\/wp\/v2\/product_cat?post=19116"},{"taxonomy":"product_tag","embeddable":true,"href":"https:\/\/www.qnde.ca\/fr\/wp-json\/wp\/v2\/product_tag?post=19116"}],"curies":[{"name":"wp","href":"https:\/\/api.w.org\/{rel}","templated":true}]}}