{"id":19098,"date":"2021-04-20T13:45:05","date_gmt":"2021-04-20T17:45:05","guid":{"rendered":"https:\/\/www.qnde.ca\/?post_type=product&#038;p=19098"},"modified":"2025-08-11T11:35:56","modified_gmt":"2025-08-11T15:35:56","slug":"defelsko-etalon-fr","status":"publish","type":"product","link":"https:\/\/www.qnde.ca\/fr\/produit\/defelsko-etalon-fr\/","title":{"rendered":"Defelsko \u00c9talon Certifi\u00e9s de M\u00e9tal avec Rev\u00eatement"},"content":{"rendered":"<h3><strong>Defelsko \u00c9talon Certifi\u00e9s de M\u00e9tal avec Rev\u00eatement<\/strong><\/h3>\n<p>Les \u00e9talons certifi\u00e9s de m\u00e9tal avec un rev\u00eatement sont la meilleure solution pour v\u00e9rifier l\u2019\u00e9talonnage, la pr\u00e9cision et fonctionnement de la plupart des mesureurs d\u2019\u00e9paisseur de rev\u00eatements magn\u00e9tique, par courant de foucault ou ultrasonique, incluant les mesureurs d\u2019arrachement de rev\u00eatement magn\u00e9tique. Tous les \u00e9talons certifi\u00e9s ont un rev\u00eatement de \u00b10.43 micron (\u00b10.017 mil) et sont livr\u00e9s avec un certificat d\u2019\u00e9talonnage tra\u00e7able \u00e0 NIST.<\/p>\n<ul>\n<li>6000-STDS1: Ensemble certifi\u00e9 de m\u00e9tal ferreux avec rev\u00eatement (plaque 1, 2, 3 et 4) pour PosiTector 6000 F, FS, FRS, FN, FNS, FNRS et FNDS. \u00c9poxy sur acier.<\/li>\n<li>6000-STDS2: Ensemble certifi\u00e9 de m\u00e9tal ferreux avec rev\u00eatement (plaque 1, 2, 3 et 4) pour PosiTector 6000 F0S, F45S, F90S et F90ES. \u00c9poxy sur acier.<\/li>\n<li>6000-STDS4: Ensemble certifi\u00e9 de m\u00e9tal ferreux avec rev\u00eatement (plaque 1, 2, 3 et 4) pour PosiTector 6000 FXS. \u00c9poxy sur acier.<\/li>\n<li>6000-STAS1: Ensemble certifi\u00e9 de m\u00e9tal NON-ferreux avec rev\u00eatement (plaque 1, 2, 3 et 4) pour PosiTector 6000 N, NS, NRS, FN, FNS, FNRS et FNDS. \u00c9poxy sur aluminium.<\/li>\n<li>6000-STAS2: Ensemble certifi\u00e9 de m\u00e9tal NON-ferreux avec rev\u00eatement (plaque 1, 2, 3 et 4) pour PosiTector 6000 NAS, N0S, N45S et N90S. \u00c9poxy sur aluminium.<\/li>\n<li>200-STDA3: Ensemble certifi\u00e9 de m\u00e9tal NON-ferreux avec rev\u00eatement (75, 125, 250 et 500 microns (3, 5, 10 et 20 mils) pour PosiTector 100B, 200 et 200B. \u00c9poxy sur aluminium.<\/li>\n<\/ul>\n","protected":false},"excerpt":{"rendered":"<p>Defelsko \u00c9talon Certifi\u00e9s de M\u00e9tal avec Rev\u00eatement Les \u00e9talons certifi\u00e9s de m\u00e9tal avec un rev\u00eatement sont la meilleure solution pour v\u00e9rifier l\u2019\u00e9talonnage, la pr\u00e9cision et fonctionnement de la plupart des mesureurs d\u2019\u00e9paisseur de rev\u00eatements magn\u00e9tique, par courant de foucault ou ultrasonique, incluant les mesureurs d\u2019arrachement de rev\u00eatement magn\u00e9tique. Tous les \u00e9talons certifi\u00e9s ont un rev\u00eatement [&hellip;]<\/p>\n","protected":false},"featured_media":19105,"template":"","meta":{"_monsterinsights_skip_tracking":false,"_monsterinsights_sitenote_active":false,"_monsterinsights_sitenote_note":"","_monsterinsights_sitenote_category":0},"product_brand":[],"product_cat":[406,355,326],"product_tag":[],"class_list":{"0":"post-19098","1":"product","2":"type-product","3":"status-publish","4":"has-post-thumbnail","6":"product_cat-defelsko-fr","7":"product_cat-mesureurs-revetement","8":"product_cat-mesureurs-revetements","10":"first","11":"instock","12":"shipping-taxable","13":"purchasable","14":"product-type-variable"},"yoast_head":"<!-- This site is optimized with the Yoast SEO plugin v23.9 - https:\/\/yoast.com\/wordpress\/plugins\/seo\/ -->\n<title>Defelsko \u00c9talon Certifi\u00e9s de M\u00e9tal avec Rev\u00eatement &#060; Qualit\u00e9 NDE<\/title>\n<meta name=\"description\" content=\"\u00c9talons certifi\u00e9s Defelsko : m\u00e9tal avec rev\u00eatement \u00b10.43 \u00b5m, id\u00e9als pour v\u00e9rifier l\u2019\u00e9talonnage des mesureurs magn\u00e9tiques, Foucault ou ultrasoniques.\" \/>\n<meta name=\"robots\" content=\"index, follow, max-snippet:-1, max-image-preview:large, max-video-preview:-1\" \/>\n<link rel=\"canonical\" href=\"https:\/\/www.qnde.ca\/fr\/produit\/defelsko-etalon-fr\/\" \/>\n<meta name=\"twitter:label1\" content=\"Dur\u00e9e de lecture estim\u00e9e\" \/>\n\t<meta name=\"twitter:data1\" content=\"2 minutes\" \/>\n<script type=\"application\/ld+json\" class=\"yoast-schema-graph\">{\"@context\":\"https:\/\/schema.org\",\"@graph\":[{\"@type\":[\"WebPage\",\"ItemPage\"],\"@id\":\"https:\/\/www.qnde.ca\/fr\/produit\/defelsko-etalon-fr\/\",\"url\":\"https:\/\/www.qnde.ca\/fr\/produit\/defelsko-etalon-fr\/\",\"name\":\"Defelsko \u00c9talon Certifi\u00e9s de M\u00e9tal avec Rev\u00eatement &#060; Qualit\u00e9 NDE\",\"isPartOf\":{\"@id\":\"https:\/\/www.qnde.ca\/#website\"},\"primaryImageOfPage\":{\"@id\":\"https:\/\/www.qnde.ca\/fr\/produit\/defelsko-etalon-fr\/#primaryimage\"},\"image\":{\"@id\":\"https:\/\/www.qnde.ca\/fr\/produit\/defelsko-etalon-fr\/#primaryimage\"},\"thumbnailUrl\":\"https:\/\/www.qnde.ca\/wp-content\/uploads\/2021\/04\/Defelsko-Certified-Coated-Metal-Standards-for-PosiTector-6000.jpg\",\"datePublished\":\"2021-04-20T17:45:05+00:00\",\"dateModified\":\"2025-08-11T15:35:56+00:00\",\"description\":\"\u00c9talons certifi\u00e9s Defelsko : m\u00e9tal avec rev\u00eatement \u00b10.43 \u00b5m, id\u00e9als pour v\u00e9rifier l\u2019\u00e9talonnage des mesureurs magn\u00e9tiques, Foucault ou ultrasoniques.\",\"breadcrumb\":{\"@id\":\"https:\/\/www.qnde.ca\/fr\/produit\/defelsko-etalon-fr\/#breadcrumb\"},\"inLanguage\":\"fr-FR\",\"potentialAction\":[{\"@type\":\"ReadAction\",\"target\":[\"https:\/\/www.qnde.ca\/fr\/produit\/defelsko-etalon-fr\/\"]}]},{\"@type\":\"ImageObject\",\"inLanguage\":\"fr-FR\",\"@id\":\"https:\/\/www.qnde.ca\/fr\/produit\/defelsko-etalon-fr\/#primaryimage\",\"url\":\"https:\/\/www.qnde.ca\/wp-content\/uploads\/2021\/04\/Defelsko-Certified-Coated-Metal-Standards-for-PosiTector-6000.jpg\",\"contentUrl\":\"https:\/\/www.qnde.ca\/wp-content\/uploads\/2021\/04\/Defelsko-Certified-Coated-Metal-Standards-for-PosiTector-6000.jpg\",\"width\":400,\"height\":400,\"caption\":\"Defelsko, Certified Coated Metal Standards for PosiTector 6000\"},{\"@type\":\"BreadcrumbList\",\"@id\":\"https:\/\/www.qnde.ca\/fr\/produit\/defelsko-etalon-fr\/#breadcrumb\",\"itemListElement\":[{\"@type\":\"ListItem\",\"position\":1,\"name\":\"Accueil\",\"item\":\"https:\/\/www.qnde.ca\/fr\/\"},{\"@type\":\"ListItem\",\"position\":2,\"name\":\"Produits\",\"item\":\"https:\/\/www.qnde.ca\/fr\/produits\/\"},{\"@type\":\"ListItem\",\"position\":3,\"name\":\"Ultrasons\",\"item\":\"https:\/\/www.qnde.ca\/fr\/product-category\/ultrasons\/\"},{\"@type\":\"ListItem\",\"position\":4,\"name\":\"Mesureurs de Rev\u00eatements\",\"item\":\"https:\/\/www.qnde.ca\/fr\/product-category\/ultrasons\/mesureurs-revetements\/\"},{\"@type\":\"ListItem\",\"position\":5,\"name\":\"Defelsko \u00c9talon Certifi\u00e9s de M\u00e9tal avec Rev\u00eatement\"}]},{\"@type\":\"WebSite\",\"@id\":\"https:\/\/www.qnde.ca\/#website\",\"url\":\"https:\/\/www.qnde.ca\/\",\"name\":\"Qualit\u00e9 NDE\",\"description\":\"\u00c9quipements d&#039;essais non destructifs \",\"publisher\":{\"@id\":\"https:\/\/www.qnde.ca\/#organization\"},\"potentialAction\":[{\"@type\":\"SearchAction\",\"target\":{\"@type\":\"EntryPoint\",\"urlTemplate\":\"https:\/\/www.qnde.ca\/?s={search_term_string}\"},\"query-input\":{\"@type\":\"PropertyValueSpecification\",\"valueRequired\":true,\"valueName\":\"search_term_string\"}}],\"inLanguage\":\"fr-FR\"},{\"@type\":\"Organization\",\"@id\":\"https:\/\/www.qnde.ca\/#organization\",\"name\":\"Quality NDT Ltd.\",\"url\":\"https:\/\/www.qnde.ca\/\",\"logo\":{\"@type\":\"ImageObject\",\"inLanguage\":\"fr-FR\",\"@id\":\"https:\/\/www.qnde.ca\/#\/schema\/logo\/image\/\",\"url\":\"https:\/\/www.qnde.ca\/wp-content\/uploads\/2022\/02\/QNDE_logo_RGB-gif.gif\",\"contentUrl\":\"https:\/\/www.qnde.ca\/wp-content\/uploads\/2022\/02\/QNDE_logo_RGB-gif.gif\",\"width\":250,\"height\":64,\"caption\":\"Quality NDT Ltd.\"},\"image\":{\"@id\":\"https:\/\/www.qnde.ca\/#\/schema\/logo\/image\/\"},\"sameAs\":[\"https:\/\/www.linkedin.com\/company\/qnde\/about\/?viewAsMember=true\"]}]}<\/script>\n<!-- \/ Yoast SEO plugin. -->","yoast_head_json":{"title":"Defelsko \u00c9talon Certifi\u00e9s de M\u00e9tal avec Rev\u00eatement &#060; Qualit\u00e9 NDE","description":"\u00c9talons certifi\u00e9s Defelsko : m\u00e9tal avec rev\u00eatement \u00b10.43 \u00b5m, id\u00e9als pour v\u00e9rifier l\u2019\u00e9talonnage des mesureurs magn\u00e9tiques, Foucault ou ultrasoniques.","robots":{"index":"index","follow":"follow","max-snippet":"max-snippet:-1","max-image-preview":"max-image-preview:large","max-video-preview":"max-video-preview:-1"},"canonical":"https:\/\/www.qnde.ca\/fr\/produit\/defelsko-etalon-fr\/","twitter_misc":{"Dur\u00e9e de lecture estim\u00e9e":"2 minutes"},"schema":{"@context":"https:\/\/schema.org","@graph":[{"@type":["WebPage","ItemPage"],"@id":"https:\/\/www.qnde.ca\/fr\/produit\/defelsko-etalon-fr\/","url":"https:\/\/www.qnde.ca\/fr\/produit\/defelsko-etalon-fr\/","name":"Defelsko \u00c9talon Certifi\u00e9s de M\u00e9tal avec Rev\u00eatement &#060; Qualit\u00e9 NDE","isPartOf":{"@id":"https:\/\/www.qnde.ca\/#website"},"primaryImageOfPage":{"@id":"https:\/\/www.qnde.ca\/fr\/produit\/defelsko-etalon-fr\/#primaryimage"},"image":{"@id":"https:\/\/www.qnde.ca\/fr\/produit\/defelsko-etalon-fr\/#primaryimage"},"thumbnailUrl":"https:\/\/www.qnde.ca\/wp-content\/uploads\/2021\/04\/Defelsko-Certified-Coated-Metal-Standards-for-PosiTector-6000.jpg","datePublished":"2021-04-20T17:45:05+00:00","dateModified":"2025-08-11T15:35:56+00:00","description":"\u00c9talons certifi\u00e9s Defelsko : m\u00e9tal avec rev\u00eatement \u00b10.43 \u00b5m, id\u00e9als pour v\u00e9rifier l\u2019\u00e9talonnage des mesureurs magn\u00e9tiques, Foucault ou ultrasoniques.","breadcrumb":{"@id":"https:\/\/www.qnde.ca\/fr\/produit\/defelsko-etalon-fr\/#breadcrumb"},"inLanguage":"fr-FR","potentialAction":[{"@type":"ReadAction","target":["https:\/\/www.qnde.ca\/fr\/produit\/defelsko-etalon-fr\/"]}]},{"@type":"ImageObject","inLanguage":"fr-FR","@id":"https:\/\/www.qnde.ca\/fr\/produit\/defelsko-etalon-fr\/#primaryimage","url":"https:\/\/www.qnde.ca\/wp-content\/uploads\/2021\/04\/Defelsko-Certified-Coated-Metal-Standards-for-PosiTector-6000.jpg","contentUrl":"https:\/\/www.qnde.ca\/wp-content\/uploads\/2021\/04\/Defelsko-Certified-Coated-Metal-Standards-for-PosiTector-6000.jpg","width":400,"height":400,"caption":"Defelsko, Certified Coated Metal Standards for PosiTector 6000"},{"@type":"BreadcrumbList","@id":"https:\/\/www.qnde.ca\/fr\/produit\/defelsko-etalon-fr\/#breadcrumb","itemListElement":[{"@type":"ListItem","position":1,"name":"Accueil","item":"https:\/\/www.qnde.ca\/fr\/"},{"@type":"ListItem","position":2,"name":"Produits","item":"https:\/\/www.qnde.ca\/fr\/produits\/"},{"@type":"ListItem","position":3,"name":"Ultrasons","item":"https:\/\/www.qnde.ca\/fr\/product-category\/ultrasons\/"},{"@type":"ListItem","position":4,"name":"Mesureurs de Rev\u00eatements","item":"https:\/\/www.qnde.ca\/fr\/product-category\/ultrasons\/mesureurs-revetements\/"},{"@type":"ListItem","position":5,"name":"Defelsko \u00c9talon Certifi\u00e9s de M\u00e9tal avec Rev\u00eatement"}]},{"@type":"WebSite","@id":"https:\/\/www.qnde.ca\/#website","url":"https:\/\/www.qnde.ca\/","name":"Qualit\u00e9 NDE","description":"\u00c9quipements d&#039;essais non destructifs ","publisher":{"@id":"https:\/\/www.qnde.ca\/#organization"},"potentialAction":[{"@type":"SearchAction","target":{"@type":"EntryPoint","urlTemplate":"https:\/\/www.qnde.ca\/?s={search_term_string}"},"query-input":{"@type":"PropertyValueSpecification","valueRequired":true,"valueName":"search_term_string"}}],"inLanguage":"fr-FR"},{"@type":"Organization","@id":"https:\/\/www.qnde.ca\/#organization","name":"Quality NDT Ltd.","url":"https:\/\/www.qnde.ca\/","logo":{"@type":"ImageObject","inLanguage":"fr-FR","@id":"https:\/\/www.qnde.ca\/#\/schema\/logo\/image\/","url":"https:\/\/www.qnde.ca\/wp-content\/uploads\/2022\/02\/QNDE_logo_RGB-gif.gif","contentUrl":"https:\/\/www.qnde.ca\/wp-content\/uploads\/2022\/02\/QNDE_logo_RGB-gif.gif","width":250,"height":64,"caption":"Quality NDT Ltd."},"image":{"@id":"https:\/\/www.qnde.ca\/#\/schema\/logo\/image\/"},"sameAs":["https:\/\/www.linkedin.com\/company\/qnde\/about\/?viewAsMember=true"]}]}},"jetpack_sharing_enabled":true,"_links":{"self":[{"href":"https:\/\/www.qnde.ca\/fr\/wp-json\/wp\/v2\/product\/19098","targetHints":{"allow":["GET"]}}],"collection":[{"href":"https:\/\/www.qnde.ca\/fr\/wp-json\/wp\/v2\/product"}],"about":[{"href":"https:\/\/www.qnde.ca\/fr\/wp-json\/wp\/v2\/types\/product"}],"wp:featuredmedia":[{"embeddable":true,"href":"https:\/\/www.qnde.ca\/fr\/wp-json\/wp\/v2\/media\/19105"}],"wp:attachment":[{"href":"https:\/\/www.qnde.ca\/fr\/wp-json\/wp\/v2\/media?parent=19098"}],"wp:term":[{"taxonomy":"product_brand","embeddable":true,"href":"https:\/\/www.qnde.ca\/fr\/wp-json\/wp\/v2\/product_brand?post=19098"},{"taxonomy":"product_cat","embeddable":true,"href":"https:\/\/www.qnde.ca\/fr\/wp-json\/wp\/v2\/product_cat?post=19098"},{"taxonomy":"product_tag","embeddable":true,"href":"https:\/\/www.qnde.ca\/fr\/wp-json\/wp\/v2\/product_tag?post=19098"}],"curies":[{"name":"wp","href":"https:\/\/api.w.org\/{rel}","templated":true}]}}