{"id":19000,"date":"2021-04-19T15:56:38","date_gmt":"2021-04-19T19:56:38","guid":{"rendered":"https:\/\/www.qnde.ca\/?post_type=product&#038;p=19000"},"modified":"2025-06-13T13:01:58","modified_gmt":"2025-06-13T17:01:58","slug":"clangsonic-rseries-fr","status":"publish","type":"product","link":"https:\/\/www.qnde.ca\/fr\/produit\/clangsonic-rseries-fr\/","title":{"rendered":"Clangsonic R-Series Nettoyeur Ultrasonique"},"content":{"rendered":"<h3><strong>Clangsonic\u00a0<\/strong><strong style=\"font-size: 16px;\">R-Series <\/strong><strong style=\"font-size: 16px;\">Nettoyeur Ultrasonique<\/strong><\/h3>\n<p>Les nettoyeurs industriels haute puissance sont disponibles dans les grandeurs standards (85, 120, 160, 250 et 420 litres). Fait en stainless (316 int\u00e9rieur et 304 jupe exterieure avec fini satin\u00e9), le couvercle \u00e0 charni\u00e8re sup\u00e9rieure a une grande poign\u00e9e. Le g\u00e9n\u00e9rateur int\u00e9gr\u00e9 contr\u00f4le des palpeurs submersibles PZT 28kHz ou 40kHz avec modes de nettoyage dynamique\/Pulse\/Sweep UT commutables, chacun contr\u00f4l\u00e9 num\u00e9riquement (0 \u00e0 15 minutes ou en continu). Chauffage num\u00e9rique (20 \u00e0 50 Celsius), ajustable thermostatiquement, affichage LED pour la temp\u00e9rature cible et la temp\u00e9rature r\u00e9elle. Livr\u00e9 avec protection de bas niveau, protection contre les surintensit\u00e9s, protection contre les courts-circuits, protection contre les surchauffes, soupape de vidange arri\u00e8re et panier \u00e0 fil 304. Tous les appareils r\u00e9pondent aux normes CSA avec une garantie de 1 an.<\/p>\n<p>Contactez-nous pour discuter de votre application, vos exigences, options disponibles et\/ou recevoir une soumission.<\/p>\n<ul>\n<li>R85: Nettoyeur ultrasonique industriel 85 litres, R\u00e9servoir int\u00e9rieur de 600mm L x 400mm l x 350mm P. Fr\u00e9quence de travail de 28kHz ou 40kHz. Puissance ultrasonique de 1,5 kW et puissance de chauffage de 5 kW.<\/li>\n<li>R120: Nettoyeur ultrasonique industriel 120 litres, R\u00e9servoir int\u00e9rieur de 650mm L x 450mm l x 400mm P. Fr\u00e9quence de travail de 28kHz ou 40kHz. Puissance ultrasonique de 1.8kW et puissance de chauffage de 6kW.<\/li>\n<li>R160: Nettoyeur ultrasonique industriel 160 litres, R\u00e9servoir int\u00e9rieur de 700mm L x 500mm l x 450mm P. Fr\u00e9quence de travail de 28kHz ou 40kHz. Puissance ultrasonique de 4kW puissance de chauffage de 8kW.<\/li>\n<li>R420: Nettoyeur ultrasonique industriel 420 litres, R\u00e9servoir int\u00e9rieur de 965mm L x 715mm l x 545mm P. Fr\u00e9quence de travail de 28kHz ou 40kHz. Puissance ultrasonique de 2kW puissance de chauffage de 8kW.<\/li>\n<\/ul>\n<h4><strong>Options:<\/strong><\/h4>\n<ul>\n<li>BASKET: Panier de broches adapt\u00e9 selon la taille de r\u00e9servoir.<\/li>\n<li>SKIM: \u00c9cumeur d\u2019huile.<\/li>\n<li>FILTER: Syst\u00e8me de filtration des liquides.<\/li>\n<\/ul>\n","protected":false},"excerpt":{"rendered":"<p>Clangsonic\u00a0R-Series Nettoyeur Ultrasonique Les nettoyeurs industriels haute puissance sont disponibles dans les grandeurs standards (85, 120, 160, 250 et 420 litres). Fait en stainless (316 int\u00e9rieur et 304 jupe exterieure avec fini satin\u00e9), le couvercle \u00e0 charni\u00e8re sup\u00e9rieure a une grande poign\u00e9e. Le g\u00e9n\u00e9rateur int\u00e9gr\u00e9 contr\u00f4le des palpeurs submersibles PZT 28kHz ou 40kHz avec modes [&hellip;]<\/p>\n","protected":false},"featured_media":19035,"template":"","meta":{"_monsterinsights_skip_tracking":false,"_monsterinsights_sitenote_active":false,"_monsterinsights_sitenote_note":"","_monsterinsights_sitenote_category":0},"product_brand":[],"product_cat":[402,110],"product_tag":[],"class_list":{"0":"post-19000","1":"product","2":"type-product","3":"status-publish","4":"has-post-thumbnail","6":"product_cat-autres-marques","7":"product_cat-nettoyeurs-ultrasoniques","9":"first","10":"instock","11":"shipping-taxable","12":"purchasable","13":"product-type-variable"},"yoast_head":"<!-- This site is optimized with the Yoast SEO plugin v23.9 - https:\/\/yoast.com\/wordpress\/plugins\/seo\/ -->\n<title>Clangsonic R-Series Nettoyeur Ultrasonique &#060; Qualit\u00e9 NDE<\/title>\n<meta name=\"description\" content=\"Les nettoyeurs industriels haute puissance sont disponibles dans les grandeurs standards (85, 120, 160, 250 et 420 litres).\" \/>\n<meta name=\"robots\" content=\"index, follow, max-snippet:-1, max-image-preview:large, max-video-preview:-1\" \/>\n<link rel=\"canonical\" href=\"https:\/\/www.qnde.ca\/fr\/produit\/clangsonic-rseries-fr\/\" \/>\n<meta name=\"twitter:label1\" content=\"Dur\u00e9e de lecture estim\u00e9e\" \/>\n\t<meta name=\"twitter:data1\" content=\"2 minutes\" \/>\n<script type=\"application\/ld+json\" class=\"yoast-schema-graph\">{\"@context\":\"https:\/\/schema.org\",\"@graph\":[{\"@type\":[\"WebPage\",\"ItemPage\"],\"@id\":\"https:\/\/www.qnde.ca\/fr\/produit\/clangsonic-rseries-fr\/\",\"url\":\"https:\/\/www.qnde.ca\/fr\/produit\/clangsonic-rseries-fr\/\",\"name\":\"Clangsonic R-Series Nettoyeur Ultrasonique &#060; Qualit\u00e9 NDE\",\"isPartOf\":{\"@id\":\"https:\/\/www.qnde.ca\/#website\"},\"primaryImageOfPage\":{\"@id\":\"https:\/\/www.qnde.ca\/fr\/produit\/clangsonic-rseries-fr\/#primaryimage\"},\"image\":{\"@id\":\"https:\/\/www.qnde.ca\/fr\/produit\/clangsonic-rseries-fr\/#primaryimage\"},\"thumbnailUrl\":\"https:\/\/www.qnde.ca\/wp-content\/uploads\/2021\/04\/Ultrasonic-Cleaner-\u2013-Clangsonic-R-Series.jpg\",\"datePublished\":\"2021-04-19T19:56:38+00:00\",\"dateModified\":\"2025-06-13T17:01:58+00:00\",\"description\":\"Les nettoyeurs industriels haute puissance sont disponibles dans les grandeurs standards (85, 120, 160, 250 et 420 litres).\",\"breadcrumb\":{\"@id\":\"https:\/\/www.qnde.ca\/fr\/produit\/clangsonic-rseries-fr\/#breadcrumb\"},\"inLanguage\":\"fr-FR\",\"potentialAction\":[{\"@type\":\"ReadAction\",\"target\":[\"https:\/\/www.qnde.ca\/fr\/produit\/clangsonic-rseries-fr\/\"]}]},{\"@type\":\"ImageObject\",\"inLanguage\":\"fr-FR\",\"@id\":\"https:\/\/www.qnde.ca\/fr\/produit\/clangsonic-rseries-fr\/#primaryimage\",\"url\":\"https:\/\/www.qnde.ca\/wp-content\/uploads\/2021\/04\/Ultrasonic-Cleaner-\u2013-Clangsonic-R-Series.jpg\",\"contentUrl\":\"https:\/\/www.qnde.ca\/wp-content\/uploads\/2021\/04\/Ultrasonic-Cleaner-\u2013-Clangsonic-R-Series.jpg\",\"width\":500,\"height\":500,\"caption\":\"Ultrasonic Cleaner \u2013 Clangsonic R-Series\"},{\"@type\":\"BreadcrumbList\",\"@id\":\"https:\/\/www.qnde.ca\/fr\/produit\/clangsonic-rseries-fr\/#breadcrumb\",\"itemListElement\":[{\"@type\":\"ListItem\",\"position\":1,\"name\":\"Accueil\",\"item\":\"https:\/\/www.qnde.ca\/fr\/\"},{\"@type\":\"ListItem\",\"position\":2,\"name\":\"Produits\",\"item\":\"https:\/\/www.qnde.ca\/fr\/produits\/\"},{\"@type\":\"ListItem\",\"position\":3,\"name\":\"Produits Nettoyage\",\"item\":\"https:\/\/www.qnde.ca\/fr\/product-category\/produits-nettoyage\/\"},{\"@type\":\"ListItem\",\"position\":4,\"name\":\"Nettoyeurs Ultrasoniques\",\"item\":\"https:\/\/www.qnde.ca\/fr\/product-category\/produits-nettoyage\/nettoyeurs-ultrasoniques\/\"},{\"@type\":\"ListItem\",\"position\":5,\"name\":\"Clangsonic R-Series Nettoyeur Ultrasonique\"}]},{\"@type\":\"WebSite\",\"@id\":\"https:\/\/www.qnde.ca\/#website\",\"url\":\"https:\/\/www.qnde.ca\/\",\"name\":\"Qualit\u00e9 NDE\",\"description\":\"\u00c9quipements d&#039;essais non destructifs \",\"publisher\":{\"@id\":\"https:\/\/www.qnde.ca\/#organization\"},\"potentialAction\":[{\"@type\":\"SearchAction\",\"target\":{\"@type\":\"EntryPoint\",\"urlTemplate\":\"https:\/\/www.qnde.ca\/?s={search_term_string}\"},\"query-input\":{\"@type\":\"PropertyValueSpecification\",\"valueRequired\":true,\"valueName\":\"search_term_string\"}}],\"inLanguage\":\"fr-FR\"},{\"@type\":\"Organization\",\"@id\":\"https:\/\/www.qnde.ca\/#organization\",\"name\":\"Quality NDT Ltd.\",\"url\":\"https:\/\/www.qnde.ca\/\",\"logo\":{\"@type\":\"ImageObject\",\"inLanguage\":\"fr-FR\",\"@id\":\"https:\/\/www.qnde.ca\/#\/schema\/logo\/image\/\",\"url\":\"https:\/\/www.qnde.ca\/wp-content\/uploads\/2022\/02\/QNDE_logo_RGB-gif.gif\",\"contentUrl\":\"https:\/\/www.qnde.ca\/wp-content\/uploads\/2022\/02\/QNDE_logo_RGB-gif.gif\",\"width\":250,\"height\":64,\"caption\":\"Quality NDT Ltd.\"},\"image\":{\"@id\":\"https:\/\/www.qnde.ca\/#\/schema\/logo\/image\/\"},\"sameAs\":[\"https:\/\/www.linkedin.com\/company\/qnde\/about\/?viewAsMember=true\"]}]}<\/script>\n<!-- \/ Yoast SEO plugin. -->","yoast_head_json":{"title":"Clangsonic R-Series Nettoyeur Ultrasonique &#060; Qualit\u00e9 NDE","description":"Les nettoyeurs industriels haute puissance sont disponibles dans les grandeurs standards (85, 120, 160, 250 et 420 litres).","robots":{"index":"index","follow":"follow","max-snippet":"max-snippet:-1","max-image-preview":"max-image-preview:large","max-video-preview":"max-video-preview:-1"},"canonical":"https:\/\/www.qnde.ca\/fr\/produit\/clangsonic-rseries-fr\/","twitter_misc":{"Dur\u00e9e de lecture estim\u00e9e":"2 minutes"},"schema":{"@context":"https:\/\/schema.org","@graph":[{"@type":["WebPage","ItemPage"],"@id":"https:\/\/www.qnde.ca\/fr\/produit\/clangsonic-rseries-fr\/","url":"https:\/\/www.qnde.ca\/fr\/produit\/clangsonic-rseries-fr\/","name":"Clangsonic R-Series Nettoyeur Ultrasonique &#060; Qualit\u00e9 NDE","isPartOf":{"@id":"https:\/\/www.qnde.ca\/#website"},"primaryImageOfPage":{"@id":"https:\/\/www.qnde.ca\/fr\/produit\/clangsonic-rseries-fr\/#primaryimage"},"image":{"@id":"https:\/\/www.qnde.ca\/fr\/produit\/clangsonic-rseries-fr\/#primaryimage"},"thumbnailUrl":"https:\/\/www.qnde.ca\/wp-content\/uploads\/2021\/04\/Ultrasonic-Cleaner-\u2013-Clangsonic-R-Series.jpg","datePublished":"2021-04-19T19:56:38+00:00","dateModified":"2025-06-13T17:01:58+00:00","description":"Les nettoyeurs industriels haute puissance sont disponibles dans les grandeurs standards (85, 120, 160, 250 et 420 litres).","breadcrumb":{"@id":"https:\/\/www.qnde.ca\/fr\/produit\/clangsonic-rseries-fr\/#breadcrumb"},"inLanguage":"fr-FR","potentialAction":[{"@type":"ReadAction","target":["https:\/\/www.qnde.ca\/fr\/produit\/clangsonic-rseries-fr\/"]}]},{"@type":"ImageObject","inLanguage":"fr-FR","@id":"https:\/\/www.qnde.ca\/fr\/produit\/clangsonic-rseries-fr\/#primaryimage","url":"https:\/\/www.qnde.ca\/wp-content\/uploads\/2021\/04\/Ultrasonic-Cleaner-\u2013-Clangsonic-R-Series.jpg","contentUrl":"https:\/\/www.qnde.ca\/wp-content\/uploads\/2021\/04\/Ultrasonic-Cleaner-\u2013-Clangsonic-R-Series.jpg","width":500,"height":500,"caption":"Ultrasonic Cleaner \u2013 Clangsonic R-Series"},{"@type":"BreadcrumbList","@id":"https:\/\/www.qnde.ca\/fr\/produit\/clangsonic-rseries-fr\/#breadcrumb","itemListElement":[{"@type":"ListItem","position":1,"name":"Accueil","item":"https:\/\/www.qnde.ca\/fr\/"},{"@type":"ListItem","position":2,"name":"Produits","item":"https:\/\/www.qnde.ca\/fr\/produits\/"},{"@type":"ListItem","position":3,"name":"Produits Nettoyage","item":"https:\/\/www.qnde.ca\/fr\/product-category\/produits-nettoyage\/"},{"@type":"ListItem","position":4,"name":"Nettoyeurs Ultrasoniques","item":"https:\/\/www.qnde.ca\/fr\/product-category\/produits-nettoyage\/nettoyeurs-ultrasoniques\/"},{"@type":"ListItem","position":5,"name":"Clangsonic R-Series Nettoyeur Ultrasonique"}]},{"@type":"WebSite","@id":"https:\/\/www.qnde.ca\/#website","url":"https:\/\/www.qnde.ca\/","name":"Qualit\u00e9 NDE","description":"\u00c9quipements d&#039;essais non destructifs ","publisher":{"@id":"https:\/\/www.qnde.ca\/#organization"},"potentialAction":[{"@type":"SearchAction","target":{"@type":"EntryPoint","urlTemplate":"https:\/\/www.qnde.ca\/?s={search_term_string}"},"query-input":{"@type":"PropertyValueSpecification","valueRequired":true,"valueName":"search_term_string"}}],"inLanguage":"fr-FR"},{"@type":"Organization","@id":"https:\/\/www.qnde.ca\/#organization","name":"Quality NDT Ltd.","url":"https:\/\/www.qnde.ca\/","logo":{"@type":"ImageObject","inLanguage":"fr-FR","@id":"https:\/\/www.qnde.ca\/#\/schema\/logo\/image\/","url":"https:\/\/www.qnde.ca\/wp-content\/uploads\/2022\/02\/QNDE_logo_RGB-gif.gif","contentUrl":"https:\/\/www.qnde.ca\/wp-content\/uploads\/2022\/02\/QNDE_logo_RGB-gif.gif","width":250,"height":64,"caption":"Quality NDT Ltd."},"image":{"@id":"https:\/\/www.qnde.ca\/#\/schema\/logo\/image\/"},"sameAs":["https:\/\/www.linkedin.com\/company\/qnde\/about\/?viewAsMember=true"]}]}},"jetpack_sharing_enabled":true,"_links":{"self":[{"href":"https:\/\/www.qnde.ca\/fr\/wp-json\/wp\/v2\/product\/19000","targetHints":{"allow":["GET"]}}],"collection":[{"href":"https:\/\/www.qnde.ca\/fr\/wp-json\/wp\/v2\/product"}],"about":[{"href":"https:\/\/www.qnde.ca\/fr\/wp-json\/wp\/v2\/types\/product"}],"wp:featuredmedia":[{"embeddable":true,"href":"https:\/\/www.qnde.ca\/fr\/wp-json\/wp\/v2\/media\/19035"}],"wp:attachment":[{"href":"https:\/\/www.qnde.ca\/fr\/wp-json\/wp\/v2\/media?parent=19000"}],"wp:term":[{"taxonomy":"product_brand","embeddable":true,"href":"https:\/\/www.qnde.ca\/fr\/wp-json\/wp\/v2\/product_brand?post=19000"},{"taxonomy":"product_cat","embeddable":true,"href":"https:\/\/www.qnde.ca\/fr\/wp-json\/wp\/v2\/product_cat?post=19000"},{"taxonomy":"product_tag","embeddable":true,"href":"https:\/\/www.qnde.ca\/fr\/wp-json\/wp\/v2\/product_tag?post=19000"}],"curies":[{"name":"wp","href":"https:\/\/api.w.org\/{rel}","templated":true}]}}