{"id":18894,"date":"2021-04-15T14:52:32","date_gmt":"2021-04-15T18:52:32","guid":{"rendered":"https:\/\/www.qnde.ca\/?post_type=product&#038;p=18894"},"modified":"2025-08-14T14:27:41","modified_gmt":"2025-08-14T18:27:41","slug":"cygnus-uw-fr","status":"publish","type":"product","link":"https:\/\/www.qnde.ca\/fr\/produit\/cygnus-uw-fr\/","title":{"rendered":"Cygnus UNDERWATER, Mesureur d\u2019\u00c9paisseur Sous-Marin"},"content":{"rendered":"<h3><strong>Cygnus UNDERWATER, Mesureur d\u2019\u00c9paisseur Sous-Marin<\/strong><\/h3>\n<p>Le mesureur d\u2019\u00e9paisseur sous-marin Cygnus UNDERWATER est certifi\u00e9 pour une profondeur de 985&prime; (300m) avec option \u00ab\u00a0\u00e0 travers le recouvrement\u00a0\u00bb jusqu\u2019\u00e0 6mm. Il mesure avec pr\u00e9cision l\u2019\u00e9paisseur du m\u00e9tal de 3mm \u00e0 230mm (sonde 2.25MHz) avec une r\u00e9solution de 0.1mm ou 0.05mm. L&rsquo;\u00e9cran DEL lumineux garantit un affichage visible, m\u00eame dans des conditions de mauvaise visibilit\u00e9. Garantie limit\u00e9e de 3 ans.<\/p>\n<h4><strong>Ensemble de base inclut: <\/strong><\/h4>\n<p>Cygnus UNDERWATER, palpeur 0.25&Prime; &#8211; 15MHz avec c\u00e2ble int\u00e9gr\u00e9 de 36&Prime; (91cm), deux batteries rechargeables NiMH, chargeur de batterie, 10 joints toriques avec graisse de molykote, bloc d&rsquo;essai en acier, dragonne, outil d&rsquo;ajustement d&rsquo;\u00e9talonnage, manuel de l\u2019utilisateur, certificat d\u2019\u00e9talonnage et valise de transport rigide.<\/p>\n<ul>\n<li>Cygnus UW: mesureur d\u2019\u00e9paisseur sous-marin Cygnus UNDERWATER, ensemble complet.<\/li>\n<\/ul>\n<h4><strong>Options:<\/strong><\/h4>\n<ul>\n<li>7133A: unit\u00e9 d&rsquo;affichage du r\u00e9p\u00e9teur de surface Cygnus, batteries AA, \u00e9tui de protection de silicone, connexion de donn\u00e9es, c\u00e2ble de donn\u00e9es (sp\u00e9cifiez la longueur requise).<\/li>\n<li>7133B: Logiciel d\u2019affichage CygLink pour Cygnus UNDERWATER, connexion de donn\u00e9es Cygnus, c\u00e2ble de donn\u00e9es ombilical (sp\u00e9cifiez la longueur requise), convertisseur de donn\u00e9es isol\u00e9es vers USB.<\/li>\n<li>DEEP: Deep Coat, mode \u00e0 travers le recouvrement jusqu\u2019\u00e0 une \u00e9paisseur de 0.75\u201d (20mm), pour le mesureur d\u2019\u00e9paisseur sous-marin Cygnus UNDERWATER.<\/li>\n<li>Autres palpeurs aussi disponibles (autre fr\u00e9quence, diam\u00e8tre, longueur de c\u00e2ble, etc.).<\/li>\n<\/ul>\n","protected":false},"excerpt":{"rendered":"<p>Cygnus UNDERWATER, Mesureur d\u2019\u00c9paisseur Sous-Marin Le mesureur d\u2019\u00e9paisseur sous-marin Cygnus UNDERWATER est certifi\u00e9 pour une profondeur de 985&prime; (300m) avec option \u00ab\u00a0\u00e0 travers le recouvrement\u00a0\u00bb jusqu\u2019\u00e0 6mm. Il mesure avec pr\u00e9cision l\u2019\u00e9paisseur du m\u00e9tal de 3mm \u00e0 230mm (sonde 2.25MHz) avec une r\u00e9solution de 0.1mm ou 0.05mm. L&rsquo;\u00e9cran DEL lumineux garantit un affichage visible, m\u00eame [&hellip;]<\/p>\n","protected":false},"featured_media":18895,"template":"","meta":{"_monsterinsights_skip_tracking":false,"_monsterinsights_sitenote_active":false,"_monsterinsights_sitenote_note":"","_monsterinsights_sitenote_category":0},"product_brand":[],"product_cat":[402,126],"product_tag":[],"class_list":{"0":"post-18894","1":"product","2":"type-product","3":"status-publish","4":"has-post-thumbnail","6":"product_cat-autres-marques","7":"product_cat-mesureurs-epaisseur","9":"first","10":"instock","11":"shipping-taxable","12":"purchasable","13":"product-type-simple"},"yoast_head":"<!-- This site is optimized with the Yoast SEO plugin v23.9 - https:\/\/yoast.com\/wordpress\/plugins\/seo\/ -->\n<title>Cygnus UNDERWATER, Mesureur d\u2019\u00c9paisseur Sous-Marin &#060; Qualit\u00e9 NDE<\/title>\n<meta name=\"description\" content=\"Cygnus underwater : mesureur d&#039;\u00e9paisseur sous marin. jusqu&#039;\u00e0 300m. Mesure \u00e9paisseur m\u00e9tal de 3mm \u00e0 230mm(sonde 2.25MHz), \u00e9cran DEL et garantie de 3 ans\" \/>\n<meta name=\"robots\" content=\"index, follow, max-snippet:-1, max-image-preview:large, max-video-preview:-1\" \/>\n<link rel=\"canonical\" href=\"https:\/\/www.qnde.ca\/fr\/produit\/cygnus-uw-fr\/\" \/>\n<meta name=\"twitter:label1\" content=\"Dur\u00e9e de lecture estim\u00e9e\" \/>\n\t<meta name=\"twitter:data1\" content=\"2 minutes\" \/>\n<script type=\"application\/ld+json\" class=\"yoast-schema-graph\">{\"@context\":\"https:\/\/schema.org\",\"@graph\":[{\"@type\":[\"WebPage\",\"ItemPage\"],\"@id\":\"https:\/\/www.qnde.ca\/fr\/produit\/cygnus-uw-fr\/\",\"url\":\"https:\/\/www.qnde.ca\/fr\/produit\/cygnus-uw-fr\/\",\"name\":\"Cygnus UNDERWATER, Mesureur d\u2019\u00c9paisseur Sous-Marin &#060; Qualit\u00e9 NDE\",\"isPartOf\":{\"@id\":\"https:\/\/www.qnde.ca\/#website\"},\"primaryImageOfPage\":{\"@id\":\"https:\/\/www.qnde.ca\/fr\/produit\/cygnus-uw-fr\/#primaryimage\"},\"image\":{\"@id\":\"https:\/\/www.qnde.ca\/fr\/produit\/cygnus-uw-fr\/#primaryimage\"},\"thumbnailUrl\":\"https:\/\/www.qnde.ca\/wp-content\/uploads\/2021\/04\/Cygnus-underwater-thickness-gauges-\u2013-rated-for-985-feet-300m-orange-color.png\",\"datePublished\":\"2021-04-15T18:52:32+00:00\",\"dateModified\":\"2025-08-14T18:27:41+00:00\",\"description\":\"Cygnus underwater : mesureur d'\u00e9paisseur sous marin. jusqu'\u00e0 300m. Mesure \u00e9paisseur m\u00e9tal de 3mm \u00e0 230mm(sonde 2.25MHz), \u00e9cran DEL et garantie de 3 ans\",\"breadcrumb\":{\"@id\":\"https:\/\/www.qnde.ca\/fr\/produit\/cygnus-uw-fr\/#breadcrumb\"},\"inLanguage\":\"fr-FR\",\"potentialAction\":[{\"@type\":\"ReadAction\",\"target\":[\"https:\/\/www.qnde.ca\/fr\/produit\/cygnus-uw-fr\/\"]}]},{\"@type\":\"ImageObject\",\"inLanguage\":\"fr-FR\",\"@id\":\"https:\/\/www.qnde.ca\/fr\/produit\/cygnus-uw-fr\/#primaryimage\",\"url\":\"https:\/\/www.qnde.ca\/wp-content\/uploads\/2021\/04\/Cygnus-underwater-thickness-gauges-\u2013-rated-for-985-feet-300m-orange-color.png\",\"contentUrl\":\"https:\/\/www.qnde.ca\/wp-content\/uploads\/2021\/04\/Cygnus-underwater-thickness-gauges-\u2013-rated-for-985-feet-300m-orange-color.png\",\"width\":2048,\"height\":2883,\"caption\":\"Cygnus underwater thickness gauges \u2013 rated for 985 feet - 300m - orange color\"},{\"@type\":\"BreadcrumbList\",\"@id\":\"https:\/\/www.qnde.ca\/fr\/produit\/cygnus-uw-fr\/#breadcrumb\",\"itemListElement\":[{\"@type\":\"ListItem\",\"position\":1,\"name\":\"Accueil\",\"item\":\"https:\/\/www.qnde.ca\/fr\/\"},{\"@type\":\"ListItem\",\"position\":2,\"name\":\"Produits\",\"item\":\"https:\/\/www.qnde.ca\/fr\/produits\/\"},{\"@type\":\"ListItem\",\"position\":3,\"name\":\"Ultrasons\",\"item\":\"https:\/\/www.qnde.ca\/fr\/product-category\/ultrasons\/\"},{\"@type\":\"ListItem\",\"position\":4,\"name\":\"Mesureurs d\u2019\u00c9paisseur\",\"item\":\"https:\/\/www.qnde.ca\/fr\/product-category\/ultrasons\/mesureurs-epaisseur\/\"},{\"@type\":\"ListItem\",\"position\":5,\"name\":\"Cygnus UNDERWATER, Mesureur d\u2019\u00c9paisseur Sous-Marin\"}]},{\"@type\":\"WebSite\",\"@id\":\"https:\/\/www.qnde.ca\/#website\",\"url\":\"https:\/\/www.qnde.ca\/\",\"name\":\"Qualit\u00e9 NDE\",\"description\":\"\u00c9quipements d&#039;essais non destructifs \",\"publisher\":{\"@id\":\"https:\/\/www.qnde.ca\/#organization\"},\"potentialAction\":[{\"@type\":\"SearchAction\",\"target\":{\"@type\":\"EntryPoint\",\"urlTemplate\":\"https:\/\/www.qnde.ca\/?s={search_term_string}\"},\"query-input\":{\"@type\":\"PropertyValueSpecification\",\"valueRequired\":true,\"valueName\":\"search_term_string\"}}],\"inLanguage\":\"fr-FR\"},{\"@type\":\"Organization\",\"@id\":\"https:\/\/www.qnde.ca\/#organization\",\"name\":\"Quality NDT Ltd.\",\"url\":\"https:\/\/www.qnde.ca\/\",\"logo\":{\"@type\":\"ImageObject\",\"inLanguage\":\"fr-FR\",\"@id\":\"https:\/\/www.qnde.ca\/#\/schema\/logo\/image\/\",\"url\":\"https:\/\/www.qnde.ca\/wp-content\/uploads\/2022\/02\/QNDE_logo_RGB-gif.gif\",\"contentUrl\":\"https:\/\/www.qnde.ca\/wp-content\/uploads\/2022\/02\/QNDE_logo_RGB-gif.gif\",\"width\":250,\"height\":64,\"caption\":\"Quality NDT Ltd.\"},\"image\":{\"@id\":\"https:\/\/www.qnde.ca\/#\/schema\/logo\/image\/\"},\"sameAs\":[\"https:\/\/www.linkedin.com\/company\/qnde\/about\/?viewAsMember=true\"]}]}<\/script>\n<!-- \/ Yoast SEO plugin. -->","yoast_head_json":{"title":"Cygnus UNDERWATER, Mesureur d\u2019\u00c9paisseur Sous-Marin &#060; Qualit\u00e9 NDE","description":"Cygnus underwater : mesureur d'\u00e9paisseur sous marin. jusqu'\u00e0 300m. Mesure \u00e9paisseur m\u00e9tal de 3mm \u00e0 230mm(sonde 2.25MHz), \u00e9cran DEL et garantie de 3 ans","robots":{"index":"index","follow":"follow","max-snippet":"max-snippet:-1","max-image-preview":"max-image-preview:large","max-video-preview":"max-video-preview:-1"},"canonical":"https:\/\/www.qnde.ca\/fr\/produit\/cygnus-uw-fr\/","twitter_misc":{"Dur\u00e9e de lecture estim\u00e9e":"2 minutes"},"schema":{"@context":"https:\/\/schema.org","@graph":[{"@type":["WebPage","ItemPage"],"@id":"https:\/\/www.qnde.ca\/fr\/produit\/cygnus-uw-fr\/","url":"https:\/\/www.qnde.ca\/fr\/produit\/cygnus-uw-fr\/","name":"Cygnus UNDERWATER, Mesureur d\u2019\u00c9paisseur Sous-Marin &#060; Qualit\u00e9 NDE","isPartOf":{"@id":"https:\/\/www.qnde.ca\/#website"},"primaryImageOfPage":{"@id":"https:\/\/www.qnde.ca\/fr\/produit\/cygnus-uw-fr\/#primaryimage"},"image":{"@id":"https:\/\/www.qnde.ca\/fr\/produit\/cygnus-uw-fr\/#primaryimage"},"thumbnailUrl":"https:\/\/www.qnde.ca\/wp-content\/uploads\/2021\/04\/Cygnus-underwater-thickness-gauges-\u2013-rated-for-985-feet-300m-orange-color.png","datePublished":"2021-04-15T18:52:32+00:00","dateModified":"2025-08-14T18:27:41+00:00","description":"Cygnus underwater : mesureur d'\u00e9paisseur sous marin. jusqu'\u00e0 300m. Mesure \u00e9paisseur m\u00e9tal de 3mm \u00e0 230mm(sonde 2.25MHz), \u00e9cran DEL et garantie de 3 ans","breadcrumb":{"@id":"https:\/\/www.qnde.ca\/fr\/produit\/cygnus-uw-fr\/#breadcrumb"},"inLanguage":"fr-FR","potentialAction":[{"@type":"ReadAction","target":["https:\/\/www.qnde.ca\/fr\/produit\/cygnus-uw-fr\/"]}]},{"@type":"ImageObject","inLanguage":"fr-FR","@id":"https:\/\/www.qnde.ca\/fr\/produit\/cygnus-uw-fr\/#primaryimage","url":"https:\/\/www.qnde.ca\/wp-content\/uploads\/2021\/04\/Cygnus-underwater-thickness-gauges-\u2013-rated-for-985-feet-300m-orange-color.png","contentUrl":"https:\/\/www.qnde.ca\/wp-content\/uploads\/2021\/04\/Cygnus-underwater-thickness-gauges-\u2013-rated-for-985-feet-300m-orange-color.png","width":2048,"height":2883,"caption":"Cygnus underwater thickness gauges \u2013 rated for 985 feet - 300m - orange color"},{"@type":"BreadcrumbList","@id":"https:\/\/www.qnde.ca\/fr\/produit\/cygnus-uw-fr\/#breadcrumb","itemListElement":[{"@type":"ListItem","position":1,"name":"Accueil","item":"https:\/\/www.qnde.ca\/fr\/"},{"@type":"ListItem","position":2,"name":"Produits","item":"https:\/\/www.qnde.ca\/fr\/produits\/"},{"@type":"ListItem","position":3,"name":"Ultrasons","item":"https:\/\/www.qnde.ca\/fr\/product-category\/ultrasons\/"},{"@type":"ListItem","position":4,"name":"Mesureurs d\u2019\u00c9paisseur","item":"https:\/\/www.qnde.ca\/fr\/product-category\/ultrasons\/mesureurs-epaisseur\/"},{"@type":"ListItem","position":5,"name":"Cygnus UNDERWATER, Mesureur d\u2019\u00c9paisseur Sous-Marin"}]},{"@type":"WebSite","@id":"https:\/\/www.qnde.ca\/#website","url":"https:\/\/www.qnde.ca\/","name":"Qualit\u00e9 NDE","description":"\u00c9quipements d&#039;essais non destructifs ","publisher":{"@id":"https:\/\/www.qnde.ca\/#organization"},"potentialAction":[{"@type":"SearchAction","target":{"@type":"EntryPoint","urlTemplate":"https:\/\/www.qnde.ca\/?s={search_term_string}"},"query-input":{"@type":"PropertyValueSpecification","valueRequired":true,"valueName":"search_term_string"}}],"inLanguage":"fr-FR"},{"@type":"Organization","@id":"https:\/\/www.qnde.ca\/#organization","name":"Quality NDT Ltd.","url":"https:\/\/www.qnde.ca\/","logo":{"@type":"ImageObject","inLanguage":"fr-FR","@id":"https:\/\/www.qnde.ca\/#\/schema\/logo\/image\/","url":"https:\/\/www.qnde.ca\/wp-content\/uploads\/2022\/02\/QNDE_logo_RGB-gif.gif","contentUrl":"https:\/\/www.qnde.ca\/wp-content\/uploads\/2022\/02\/QNDE_logo_RGB-gif.gif","width":250,"height":64,"caption":"Quality NDT Ltd."},"image":{"@id":"https:\/\/www.qnde.ca\/#\/schema\/logo\/image\/"},"sameAs":["https:\/\/www.linkedin.com\/company\/qnde\/about\/?viewAsMember=true"]}]}},"jetpack_sharing_enabled":true,"_links":{"self":[{"href":"https:\/\/www.qnde.ca\/fr\/wp-json\/wp\/v2\/product\/18894","targetHints":{"allow":["GET"]}}],"collection":[{"href":"https:\/\/www.qnde.ca\/fr\/wp-json\/wp\/v2\/product"}],"about":[{"href":"https:\/\/www.qnde.ca\/fr\/wp-json\/wp\/v2\/types\/product"}],"wp:featuredmedia":[{"embeddable":true,"href":"https:\/\/www.qnde.ca\/fr\/wp-json\/wp\/v2\/media\/18895"}],"wp:attachment":[{"href":"https:\/\/www.qnde.ca\/fr\/wp-json\/wp\/v2\/media?parent=18894"}],"wp:term":[{"taxonomy":"product_brand","embeddable":true,"href":"https:\/\/www.qnde.ca\/fr\/wp-json\/wp\/v2\/product_brand?post=18894"},{"taxonomy":"product_cat","embeddable":true,"href":"https:\/\/www.qnde.ca\/fr\/wp-json\/wp\/v2\/product_cat?post=18894"},{"taxonomy":"product_tag","embeddable":true,"href":"https:\/\/www.qnde.ca\/fr\/wp-json\/wp\/v2\/product_tag?post=18894"}],"curies":[{"name":"wp","href":"https:\/\/api.w.org\/{rel}","templated":true}]}}