{"id":18892,"date":"2021-04-15T14:34:21","date_gmt":"2021-04-15T18:34:21","guid":{"rendered":"https:\/\/www.qnde.ca\/?post_type=product&#038;p=18892"},"modified":"2025-08-18T15:02:24","modified_gmt":"2025-08-18T19:02:24","slug":"umx-2-fr","status":"publish","type":"product","link":"https:\/\/www.qnde.ca\/fr\/produit\/umx-2-fr\/","title":{"rendered":"Dakota UMX-2, Mesureur d\u2019\u00c9paisseur Sous-Marin"},"content":{"rendered":"<h3><strong>Dakota UMX-2, Mesureur d\u2019\u00c9paisseur Sous-Marin <\/strong><\/h3>\n<p>Le mesureur d\u2019\u00e9paisseur sous-marine Dakota UMX-2 est certifi\u00e9 pour une profondeur de 1000\u2019 (300m). Disponible avec palpeur \u00e0 un ou deux \u00e9l\u00e9ments, plusieurs modes de mesure, enregistreur de donn\u00e9es int\u00e9gr\u00e9 (5,000 lectures avec A-scan). Garantie limit\u00e9e de 3 ans.<\/p>\n<h4><strong>Ensemble de base inclut: <\/strong><\/h4>\n<p>Mesureur d\u2019\u00e9paisseur sous-marine Dakota UMX-2, plapeur 0.25&Prime; &#8211; 15MHz (au choix selon vos requis) avec c\u00e2ble int\u00e9gr\u00e9 de 48&Prime; (121cm), batteries AA, c\u00e2ble de transfert de donn\u00e9es USB de 36&Prime; (91cm) avec logiciel d&rsquo;interface, joints de rechange et ensemble de lubrification, manuel de l\u2019utilisateur, certificat d\u2019\u00e9talonnage et valise de transport rigide.<\/p>\n<ul>\n<li>UMX-2: Dakota UMX-2, ensemble complet.<\/li>\n<\/ul>\n<p>* Palpeurs aussi disponibles (autre fr\u00e9quence, diam\u00e8tre, longueur de c\u00e2ble, etc.).<\/p>\n","protected":false},"excerpt":{"rendered":"<p>Dakota UMX-2, Mesureur d\u2019\u00c9paisseur Sous-Marin Le mesureur d\u2019\u00e9paisseur sous-marine Dakota UMX-2 est certifi\u00e9 pour une profondeur de 1000\u2019 (300m). Disponible avec palpeur \u00e0 un ou deux \u00e9l\u00e9ments, plusieurs modes de mesure, enregistreur de donn\u00e9es int\u00e9gr\u00e9 (5,000 lectures avec A-scan). Garantie limit\u00e9e de 3 ans. Ensemble de base inclut: Mesureur d\u2019\u00e9paisseur sous-marine Dakota UMX-2, plapeur 0.25&Prime; [&hellip;]<\/p>\n","protected":false},"featured_media":18889,"template":"","meta":{"_monsterinsights_skip_tracking":false,"_monsterinsights_sitenote_active":false,"_monsterinsights_sitenote_note":"","_monsterinsights_sitenote_category":0},"product_brand":[],"product_cat":[398,126],"product_tag":[],"class_list":{"0":"post-18892","1":"product","2":"type-product","3":"status-publish","4":"has-post-thumbnail","6":"product_cat-dakota-ultrasonics-fr","7":"product_cat-mesureurs-epaisseur","9":"first","10":"instock","11":"shipping-taxable","12":"purchasable","13":"product-type-simple"},"yoast_head":"<!-- This site is optimized with the Yoast SEO plugin v23.9 - https:\/\/yoast.com\/wordpress\/plugins\/seo\/ -->\n<title>Dakota UMX-2, Mesureur d\u2019\u00c9paisseur Sous-Marin &#060; Qualit\u00e9 NDE<\/title>\n<meta name=\"description\" content=\"Dakota: Mesureur d\u2019\u00e9paisseur sous-marin UMX-2 certifi\u00e9 300m. Modes multiples, enregistreur int\u00e9gr\u00e9, A-scan, palpeurs vari\u00e9s. Ensemble complet disponible.\" \/>\n<meta name=\"robots\" content=\"index, follow, max-snippet:-1, max-image-preview:large, max-video-preview:-1\" \/>\n<link rel=\"canonical\" href=\"https:\/\/www.qnde.ca\/fr\/produit\/umx-2-fr\/\" \/>\n<meta name=\"twitter:label1\" content=\"Dur\u00e9e de lecture estim\u00e9e\" \/>\n\t<meta name=\"twitter:data1\" content=\"1 minute\" \/>\n<script type=\"application\/ld+json\" class=\"yoast-schema-graph\">{\"@context\":\"https:\/\/schema.org\",\"@graph\":[{\"@type\":[\"WebPage\",\"ItemPage\"],\"@id\":\"https:\/\/www.qnde.ca\/fr\/produit\/umx-2-fr\/\",\"url\":\"https:\/\/www.qnde.ca\/fr\/produit\/umx-2-fr\/\",\"name\":\"Dakota UMX-2, Mesureur d\u2019\u00c9paisseur Sous-Marin &#060; Qualit\u00e9 NDE\",\"isPartOf\":{\"@id\":\"https:\/\/www.qnde.ca\/#website\"},\"primaryImageOfPage\":{\"@id\":\"https:\/\/www.qnde.ca\/fr\/produit\/umx-2-fr\/#primaryimage\"},\"image\":{\"@id\":\"https:\/\/www.qnde.ca\/fr\/produit\/umx-2-fr\/#primaryimage\"},\"thumbnailUrl\":\"https:\/\/www.qnde.ca\/wp-content\/uploads\/2021\/04\/Dakota-UMX-underwater-thickness-gauges-\u2013-rated-for-1000-feet-300m-scaled-scaled.jpg\",\"datePublished\":\"2021-04-15T18:34:21+00:00\",\"dateModified\":\"2025-08-18T19:02:24+00:00\",\"description\":\"Dakota: Mesureur d\u2019\u00e9paisseur sous-marin UMX-2 certifi\u00e9 300m. Modes multiples, enregistreur int\u00e9gr\u00e9, A-scan, palpeurs vari\u00e9s. Ensemble complet disponible.\",\"breadcrumb\":{\"@id\":\"https:\/\/www.qnde.ca\/fr\/produit\/umx-2-fr\/#breadcrumb\"},\"inLanguage\":\"fr-FR\",\"potentialAction\":[{\"@type\":\"ReadAction\",\"target\":[\"https:\/\/www.qnde.ca\/fr\/produit\/umx-2-fr\/\"]}]},{\"@type\":\"ImageObject\",\"inLanguage\":\"fr-FR\",\"@id\":\"https:\/\/www.qnde.ca\/fr\/produit\/umx-2-fr\/#primaryimage\",\"url\":\"https:\/\/www.qnde.ca\/wp-content\/uploads\/2021\/04\/Dakota-UMX-underwater-thickness-gauges-\u2013-rated-for-1000-feet-300m-scaled-scaled.jpg\",\"contentUrl\":\"https:\/\/www.qnde.ca\/wp-content\/uploads\/2021\/04\/Dakota-UMX-underwater-thickness-gauges-\u2013-rated-for-1000-feet-300m-scaled-scaled.jpg\",\"width\":2048,\"height\":1466,\"caption\":\"Dakota UMX underwater thickness gauges \u2013 rated for 1000 feet (300m)\"},{\"@type\":\"BreadcrumbList\",\"@id\":\"https:\/\/www.qnde.ca\/fr\/produit\/umx-2-fr\/#breadcrumb\",\"itemListElement\":[{\"@type\":\"ListItem\",\"position\":1,\"name\":\"Accueil\",\"item\":\"https:\/\/www.qnde.ca\/fr\/\"},{\"@type\":\"ListItem\",\"position\":2,\"name\":\"Produits\",\"item\":\"https:\/\/www.qnde.ca\/fr\/produits\/\"},{\"@type\":\"ListItem\",\"position\":3,\"name\":\"Ultrasons\",\"item\":\"https:\/\/www.qnde.ca\/fr\/product-category\/ultrasons\/\"},{\"@type\":\"ListItem\",\"position\":4,\"name\":\"Mesureurs d\u2019\u00c9paisseur\",\"item\":\"https:\/\/www.qnde.ca\/fr\/product-category\/ultrasons\/mesureurs-epaisseur\/\"},{\"@type\":\"ListItem\",\"position\":5,\"name\":\"Dakota UMX-2, Mesureur d\u2019\u00c9paisseur Sous-Marin\"}]},{\"@type\":\"WebSite\",\"@id\":\"https:\/\/www.qnde.ca\/#website\",\"url\":\"https:\/\/www.qnde.ca\/\",\"name\":\"Qualit\u00e9 NDE\",\"description\":\"\u00c9quipements d&#039;essais non destructifs \",\"publisher\":{\"@id\":\"https:\/\/www.qnde.ca\/#organization\"},\"potentialAction\":[{\"@type\":\"SearchAction\",\"target\":{\"@type\":\"EntryPoint\",\"urlTemplate\":\"https:\/\/www.qnde.ca\/?s={search_term_string}\"},\"query-input\":{\"@type\":\"PropertyValueSpecification\",\"valueRequired\":true,\"valueName\":\"search_term_string\"}}],\"inLanguage\":\"fr-FR\"},{\"@type\":\"Organization\",\"@id\":\"https:\/\/www.qnde.ca\/#organization\",\"name\":\"Quality NDT Ltd.\",\"url\":\"https:\/\/www.qnde.ca\/\",\"logo\":{\"@type\":\"ImageObject\",\"inLanguage\":\"fr-FR\",\"@id\":\"https:\/\/www.qnde.ca\/#\/schema\/logo\/image\/\",\"url\":\"https:\/\/www.qnde.ca\/wp-content\/uploads\/2022\/02\/QNDE_logo_RGB-gif.gif\",\"contentUrl\":\"https:\/\/www.qnde.ca\/wp-content\/uploads\/2022\/02\/QNDE_logo_RGB-gif.gif\",\"width\":250,\"height\":64,\"caption\":\"Quality NDT Ltd.\"},\"image\":{\"@id\":\"https:\/\/www.qnde.ca\/#\/schema\/logo\/image\/\"},\"sameAs\":[\"https:\/\/www.linkedin.com\/company\/qnde\/about\/?viewAsMember=true\"]}]}<\/script>\n<!-- \/ Yoast SEO plugin. -->","yoast_head_json":{"title":"Dakota UMX-2, Mesureur d\u2019\u00c9paisseur Sous-Marin &#060; Qualit\u00e9 NDE","description":"Dakota: Mesureur d\u2019\u00e9paisseur sous-marin UMX-2 certifi\u00e9 300m. Modes multiples, enregistreur int\u00e9gr\u00e9, A-scan, palpeurs vari\u00e9s. Ensemble complet disponible.","robots":{"index":"index","follow":"follow","max-snippet":"max-snippet:-1","max-image-preview":"max-image-preview:large","max-video-preview":"max-video-preview:-1"},"canonical":"https:\/\/www.qnde.ca\/fr\/produit\/umx-2-fr\/","twitter_misc":{"Dur\u00e9e de lecture estim\u00e9e":"1 minute"},"schema":{"@context":"https:\/\/schema.org","@graph":[{"@type":["WebPage","ItemPage"],"@id":"https:\/\/www.qnde.ca\/fr\/produit\/umx-2-fr\/","url":"https:\/\/www.qnde.ca\/fr\/produit\/umx-2-fr\/","name":"Dakota UMX-2, Mesureur d\u2019\u00c9paisseur Sous-Marin &#060; Qualit\u00e9 NDE","isPartOf":{"@id":"https:\/\/www.qnde.ca\/#website"},"primaryImageOfPage":{"@id":"https:\/\/www.qnde.ca\/fr\/produit\/umx-2-fr\/#primaryimage"},"image":{"@id":"https:\/\/www.qnde.ca\/fr\/produit\/umx-2-fr\/#primaryimage"},"thumbnailUrl":"https:\/\/www.qnde.ca\/wp-content\/uploads\/2021\/04\/Dakota-UMX-underwater-thickness-gauges-\u2013-rated-for-1000-feet-300m-scaled-scaled.jpg","datePublished":"2021-04-15T18:34:21+00:00","dateModified":"2025-08-18T19:02:24+00:00","description":"Dakota: Mesureur d\u2019\u00e9paisseur sous-marin UMX-2 certifi\u00e9 300m. Modes multiples, enregistreur int\u00e9gr\u00e9, A-scan, palpeurs vari\u00e9s. Ensemble complet disponible.","breadcrumb":{"@id":"https:\/\/www.qnde.ca\/fr\/produit\/umx-2-fr\/#breadcrumb"},"inLanguage":"fr-FR","potentialAction":[{"@type":"ReadAction","target":["https:\/\/www.qnde.ca\/fr\/produit\/umx-2-fr\/"]}]},{"@type":"ImageObject","inLanguage":"fr-FR","@id":"https:\/\/www.qnde.ca\/fr\/produit\/umx-2-fr\/#primaryimage","url":"https:\/\/www.qnde.ca\/wp-content\/uploads\/2021\/04\/Dakota-UMX-underwater-thickness-gauges-\u2013-rated-for-1000-feet-300m-scaled-scaled.jpg","contentUrl":"https:\/\/www.qnde.ca\/wp-content\/uploads\/2021\/04\/Dakota-UMX-underwater-thickness-gauges-\u2013-rated-for-1000-feet-300m-scaled-scaled.jpg","width":2048,"height":1466,"caption":"Dakota UMX underwater thickness gauges \u2013 rated for 1000 feet (300m)"},{"@type":"BreadcrumbList","@id":"https:\/\/www.qnde.ca\/fr\/produit\/umx-2-fr\/#breadcrumb","itemListElement":[{"@type":"ListItem","position":1,"name":"Accueil","item":"https:\/\/www.qnde.ca\/fr\/"},{"@type":"ListItem","position":2,"name":"Produits","item":"https:\/\/www.qnde.ca\/fr\/produits\/"},{"@type":"ListItem","position":3,"name":"Ultrasons","item":"https:\/\/www.qnde.ca\/fr\/product-category\/ultrasons\/"},{"@type":"ListItem","position":4,"name":"Mesureurs d\u2019\u00c9paisseur","item":"https:\/\/www.qnde.ca\/fr\/product-category\/ultrasons\/mesureurs-epaisseur\/"},{"@type":"ListItem","position":5,"name":"Dakota UMX-2, Mesureur d\u2019\u00c9paisseur Sous-Marin"}]},{"@type":"WebSite","@id":"https:\/\/www.qnde.ca\/#website","url":"https:\/\/www.qnde.ca\/","name":"Qualit\u00e9 NDE","description":"\u00c9quipements d&#039;essais non destructifs ","publisher":{"@id":"https:\/\/www.qnde.ca\/#organization"},"potentialAction":[{"@type":"SearchAction","target":{"@type":"EntryPoint","urlTemplate":"https:\/\/www.qnde.ca\/?s={search_term_string}"},"query-input":{"@type":"PropertyValueSpecification","valueRequired":true,"valueName":"search_term_string"}}],"inLanguage":"fr-FR"},{"@type":"Organization","@id":"https:\/\/www.qnde.ca\/#organization","name":"Quality NDT Ltd.","url":"https:\/\/www.qnde.ca\/","logo":{"@type":"ImageObject","inLanguage":"fr-FR","@id":"https:\/\/www.qnde.ca\/#\/schema\/logo\/image\/","url":"https:\/\/www.qnde.ca\/wp-content\/uploads\/2022\/02\/QNDE_logo_RGB-gif.gif","contentUrl":"https:\/\/www.qnde.ca\/wp-content\/uploads\/2022\/02\/QNDE_logo_RGB-gif.gif","width":250,"height":64,"caption":"Quality NDT Ltd."},"image":{"@id":"https:\/\/www.qnde.ca\/#\/schema\/logo\/image\/"},"sameAs":["https:\/\/www.linkedin.com\/company\/qnde\/about\/?viewAsMember=true"]}]}},"jetpack_sharing_enabled":true,"_links":{"self":[{"href":"https:\/\/www.qnde.ca\/fr\/wp-json\/wp\/v2\/product\/18892","targetHints":{"allow":["GET"]}}],"collection":[{"href":"https:\/\/www.qnde.ca\/fr\/wp-json\/wp\/v2\/product"}],"about":[{"href":"https:\/\/www.qnde.ca\/fr\/wp-json\/wp\/v2\/types\/product"}],"wp:featuredmedia":[{"embeddable":true,"href":"https:\/\/www.qnde.ca\/fr\/wp-json\/wp\/v2\/media\/18889"}],"wp:attachment":[{"href":"https:\/\/www.qnde.ca\/fr\/wp-json\/wp\/v2\/media?parent=18892"}],"wp:term":[{"taxonomy":"product_brand","embeddable":true,"href":"https:\/\/www.qnde.ca\/fr\/wp-json\/wp\/v2\/product_brand?post=18892"},{"taxonomy":"product_cat","embeddable":true,"href":"https:\/\/www.qnde.ca\/fr\/wp-json\/wp\/v2\/product_cat?post=18892"},{"taxonomy":"product_tag","embeddable":true,"href":"https:\/\/www.qnde.ca\/fr\/wp-json\/wp\/v2\/product_tag?post=18892"}],"curies":[{"name":"wp","href":"https:\/\/api.w.org\/{rel}","templated":true}]}}