{"id":18854,"date":"2021-04-15T13:12:30","date_gmt":"2021-04-15T17:12:30","guid":{"rendered":"https:\/\/www.qnde.ca\/?post_type=product&#038;p=18854"},"modified":"2025-08-18T15:27:46","modified_gmt":"2025-08-18T19:27:46","slug":"pvx-fr","status":"publish","type":"product","link":"https:\/\/www.qnde.ca\/fr\/produit\/pvx-fr\/","title":{"rendered":"Dakota PVX, Mesureur d\u2019\u00c9paisseur de Pr\u00e9cision"},"content":{"rendered":"<h3><strong>Dakota PVX, Mesureur d\u2019\u00c9paisseur de Pr\u00e9cision<\/strong><\/h3>\n<p>Le PVX est le mesureur d\u2019\u00e9paisseur de pr\u00e9cision le plus avanc\u00e9e avec l\u2019option \u00ab\u00a0\u00e0 travers la peinture\u00a0\u00bb de Dakota, pour des pi\u00e8ces tr\u00e8s minces \u00e0 extr\u00eamement \u00e9paisses avec une r\u00e9solution exceptionnelle (voir fiche technique pour la r\u00e9solution de chaque mode). Modes A-Scan (vues RF &amp; Rectifi\u00e9es) et B-Scan, voltage du pulseur et\u00a0 \u00ab\u00a0damping\u00a0\u00bb ajustables. Time dependent gain (TDG) avec pente et param\u00e8tres de d\u00e9marrage ajustables. Mode alarme (limites haute et basse), balayage haute vitesse. M\u00e9moire interne SD de 4Gb (mesures, B-Scans, capture d\u2019\u00e9cran en format (.tif) et configurations personnalis\u00e9es) et un c\u00e2ble de transfert de donn\u00e9es USB de 36&Prime; (91cm) avec logiciel d&rsquo;interface. Garantie limit\u00e9e de 5 ans.<\/p>\n<h4><strong>Ensemble de base inclut: <\/strong><\/h4>\n<p>Mesureur d\u2019\u00e9paisseur de pr\u00e9cision Dakota PVX, palpeur 0.25&Prime; &#8211; 15MHz avec d\u00e9lai (au choix selon vos requis) avec c\u00e2ble int\u00e9gr\u00e9 de 48&Prime; (121cm), batteries AA, bouteille de 4oz de couplant, manuel de l\u2019utilisateur, certificat d\u2019\u00e9talonnage et valise de transport rigide.<\/p>\n<ul>\n<li>PVX: Dakota PVX ensemble complet de mesureur d\u2019\u00e9paisseur.<\/li>\n<li>PVXC: Idem au PVX avec \u00e9cran couleur VGA AMOLED, fr\u00e9quence de rafra\u00eechissement de l\u2019\u00e9cran de 60MHz et vue en mode paysage rotative.<\/li>\n<\/ul>\n<p>* Autres palpeurs aussi disponibles (autre fr\u00e9quence, diam\u00e8tre, temp\u00e9rature, type et emplacement du connecteur, longueur de c\u00e2ble, type crayon, etc.).<\/p>\n<h4><strong>\u00c9tui de protection:<\/strong><\/h4>\n<ul>\n<li>D149-6: \u00c9tui de protection en caoutchouc avec sangle pour mesureur CMX, MVX, PVX et MMX.<\/li>\n<li>D149-0: \u00c9tui de protection en nylon avec sangle de ceinture pour mesureur CMX, MVX, PVX et MMX.<\/li>\n<\/ul>\n","protected":false},"excerpt":{"rendered":"<p>Dakota PVX, Mesureur d\u2019\u00c9paisseur de Pr\u00e9cision Le PVX est le mesureur d\u2019\u00e9paisseur de pr\u00e9cision le plus avanc\u00e9e avec l\u2019option \u00ab\u00a0\u00e0 travers la peinture\u00a0\u00bb de Dakota, pour des pi\u00e8ces tr\u00e8s minces \u00e0 extr\u00eamement \u00e9paisses avec une r\u00e9solution exceptionnelle (voir fiche technique pour la r\u00e9solution de chaque mode). Modes A-Scan (vues RF &amp; Rectifi\u00e9es) et B-Scan, voltage [&hellip;]<\/p>\n","protected":false},"featured_media":18861,"template":"","meta":{"_monsterinsights_skip_tracking":false,"_monsterinsights_sitenote_active":false,"_monsterinsights_sitenote_note":"","_monsterinsights_sitenote_category":0},"product_brand":[],"product_cat":[398,126],"product_tag":[],"class_list":{"0":"post-18854","1":"product","2":"type-product","3":"status-publish","4":"has-post-thumbnail","6":"product_cat-dakota-ultrasonics-fr","7":"product_cat-mesureurs-epaisseur","9":"first","10":"instock","11":"shipping-taxable","12":"purchasable","13":"product-type-variable"},"yoast_head":"<!-- This site is optimized with the Yoast SEO plugin v23.9 - https:\/\/yoast.com\/wordpress\/plugins\/seo\/ -->\n<title>Dakota PVX, Mesureur d\u2019\u00c9paisseur de Pr\u00e9cision &#060; Qualit\u00e9 NDE<\/title>\n<meta name=\"description\" content=\"Mesureur d\u2019\u00e9paisseur Dakota PVX \u00e0 haute r\u00e9solution, A\/B-Scan, m\u00e9moire SD 4Go, mode \u00e0 travers peinture. Ensemble complet avec logiciel.\" \/>\n<meta name=\"robots\" content=\"index, follow, max-snippet:-1, max-image-preview:large, max-video-preview:-1\" \/>\n<link rel=\"canonical\" href=\"https:\/\/www.qnde.ca\/fr\/produit\/pvx-fr\/\" \/>\n<meta name=\"twitter:label1\" content=\"Dur\u00e9e de lecture estim\u00e9e\" \/>\n\t<meta name=\"twitter:data1\" content=\"2 minutes\" \/>\n<script type=\"application\/ld+json\" class=\"yoast-schema-graph\">{\"@context\":\"https:\/\/schema.org\",\"@graph\":[{\"@type\":[\"WebPage\",\"ItemPage\"],\"@id\":\"https:\/\/www.qnde.ca\/fr\/produit\/pvx-fr\/\",\"url\":\"https:\/\/www.qnde.ca\/fr\/produit\/pvx-fr\/\",\"name\":\"Dakota PVX, Mesureur d\u2019\u00c9paisseur de Pr\u00e9cision &#060; Qualit\u00e9 NDE\",\"isPartOf\":{\"@id\":\"https:\/\/www.qnde.ca\/#website\"},\"primaryImageOfPage\":{\"@id\":\"https:\/\/www.qnde.ca\/fr\/produit\/pvx-fr\/#primaryimage\"},\"image\":{\"@id\":\"https:\/\/www.qnde.ca\/fr\/produit\/pvx-fr\/#primaryimage\"},\"thumbnailUrl\":\"https:\/\/www.qnde.ca\/wp-content\/uploads\/2021\/04\/Dakota-PVX-and-PVX-color-monitor-precision-thickness-gauges-scaled.jpg\",\"datePublished\":\"2021-04-15T17:12:30+00:00\",\"dateModified\":\"2025-08-18T19:27:46+00:00\",\"description\":\"Mesureur d\u2019\u00e9paisseur Dakota PVX \u00e0 haute r\u00e9solution, A\/B-Scan, m\u00e9moire SD 4Go, mode \u00e0 travers peinture. Ensemble complet avec logiciel.\",\"breadcrumb\":{\"@id\":\"https:\/\/www.qnde.ca\/fr\/produit\/pvx-fr\/#breadcrumb\"},\"inLanguage\":\"fr-FR\",\"potentialAction\":[{\"@type\":\"ReadAction\",\"target\":[\"https:\/\/www.qnde.ca\/fr\/produit\/pvx-fr\/\"]}]},{\"@type\":\"ImageObject\",\"inLanguage\":\"fr-FR\",\"@id\":\"https:\/\/www.qnde.ca\/fr\/produit\/pvx-fr\/#primaryimage\",\"url\":\"https:\/\/www.qnde.ca\/wp-content\/uploads\/2021\/04\/Dakota-PVX-and-PVX-color-monitor-precision-thickness-gauges-scaled.jpg\",\"contentUrl\":\"https:\/\/www.qnde.ca\/wp-content\/uploads\/2021\/04\/Dakota-PVX-and-PVX-color-monitor-precision-thickness-gauges-scaled.jpg\",\"width\":1640,\"height\":2048,\"caption\":\"Dakota PVX and PVX color monitor precision thickness gauges\"},{\"@type\":\"BreadcrumbList\",\"@id\":\"https:\/\/www.qnde.ca\/fr\/produit\/pvx-fr\/#breadcrumb\",\"itemListElement\":[{\"@type\":\"ListItem\",\"position\":1,\"name\":\"Accueil\",\"item\":\"https:\/\/www.qnde.ca\/fr\/\"},{\"@type\":\"ListItem\",\"position\":2,\"name\":\"Produits\",\"item\":\"https:\/\/www.qnde.ca\/fr\/produits\/\"},{\"@type\":\"ListItem\",\"position\":3,\"name\":\"Ultrasons\",\"item\":\"https:\/\/www.qnde.ca\/fr\/product-category\/ultrasons\/\"},{\"@type\":\"ListItem\",\"position\":4,\"name\":\"Mesureurs d\u2019\u00c9paisseur\",\"item\":\"https:\/\/www.qnde.ca\/fr\/product-category\/ultrasons\/mesureurs-epaisseur\/\"},{\"@type\":\"ListItem\",\"position\":5,\"name\":\"Dakota PVX, Mesureur d\u2019\u00c9paisseur de Pr\u00e9cision\"}]},{\"@type\":\"WebSite\",\"@id\":\"https:\/\/www.qnde.ca\/#website\",\"url\":\"https:\/\/www.qnde.ca\/\",\"name\":\"Qualit\u00e9 NDE\",\"description\":\"\u00c9quipements d&#039;essais non destructifs \",\"publisher\":{\"@id\":\"https:\/\/www.qnde.ca\/#organization\"},\"potentialAction\":[{\"@type\":\"SearchAction\",\"target\":{\"@type\":\"EntryPoint\",\"urlTemplate\":\"https:\/\/www.qnde.ca\/?s={search_term_string}\"},\"query-input\":{\"@type\":\"PropertyValueSpecification\",\"valueRequired\":true,\"valueName\":\"search_term_string\"}}],\"inLanguage\":\"fr-FR\"},{\"@type\":\"Organization\",\"@id\":\"https:\/\/www.qnde.ca\/#organization\",\"name\":\"Quality NDT Ltd.\",\"url\":\"https:\/\/www.qnde.ca\/\",\"logo\":{\"@type\":\"ImageObject\",\"inLanguage\":\"fr-FR\",\"@id\":\"https:\/\/www.qnde.ca\/#\/schema\/logo\/image\/\",\"url\":\"https:\/\/www.qnde.ca\/wp-content\/uploads\/2022\/02\/QNDE_logo_RGB-gif.gif\",\"contentUrl\":\"https:\/\/www.qnde.ca\/wp-content\/uploads\/2022\/02\/QNDE_logo_RGB-gif.gif\",\"width\":250,\"height\":64,\"caption\":\"Quality NDT Ltd.\"},\"image\":{\"@id\":\"https:\/\/www.qnde.ca\/#\/schema\/logo\/image\/\"},\"sameAs\":[\"https:\/\/www.linkedin.com\/company\/qnde\/about\/?viewAsMember=true\"]}]}<\/script>\n<!-- \/ Yoast SEO plugin. -->","yoast_head_json":{"title":"Dakota PVX, Mesureur d\u2019\u00c9paisseur de Pr\u00e9cision &#060; Qualit\u00e9 NDE","description":"Mesureur d\u2019\u00e9paisseur Dakota PVX \u00e0 haute r\u00e9solution, A\/B-Scan, m\u00e9moire SD 4Go, mode \u00e0 travers peinture. Ensemble complet avec logiciel.","robots":{"index":"index","follow":"follow","max-snippet":"max-snippet:-1","max-image-preview":"max-image-preview:large","max-video-preview":"max-video-preview:-1"},"canonical":"https:\/\/www.qnde.ca\/fr\/produit\/pvx-fr\/","twitter_misc":{"Dur\u00e9e de lecture estim\u00e9e":"2 minutes"},"schema":{"@context":"https:\/\/schema.org","@graph":[{"@type":["WebPage","ItemPage"],"@id":"https:\/\/www.qnde.ca\/fr\/produit\/pvx-fr\/","url":"https:\/\/www.qnde.ca\/fr\/produit\/pvx-fr\/","name":"Dakota PVX, Mesureur d\u2019\u00c9paisseur de Pr\u00e9cision &#060; Qualit\u00e9 NDE","isPartOf":{"@id":"https:\/\/www.qnde.ca\/#website"},"primaryImageOfPage":{"@id":"https:\/\/www.qnde.ca\/fr\/produit\/pvx-fr\/#primaryimage"},"image":{"@id":"https:\/\/www.qnde.ca\/fr\/produit\/pvx-fr\/#primaryimage"},"thumbnailUrl":"https:\/\/www.qnde.ca\/wp-content\/uploads\/2021\/04\/Dakota-PVX-and-PVX-color-monitor-precision-thickness-gauges-scaled.jpg","datePublished":"2021-04-15T17:12:30+00:00","dateModified":"2025-08-18T19:27:46+00:00","description":"Mesureur d\u2019\u00e9paisseur Dakota PVX \u00e0 haute r\u00e9solution, A\/B-Scan, m\u00e9moire SD 4Go, mode \u00e0 travers peinture. Ensemble complet avec logiciel.","breadcrumb":{"@id":"https:\/\/www.qnde.ca\/fr\/produit\/pvx-fr\/#breadcrumb"},"inLanguage":"fr-FR","potentialAction":[{"@type":"ReadAction","target":["https:\/\/www.qnde.ca\/fr\/produit\/pvx-fr\/"]}]},{"@type":"ImageObject","inLanguage":"fr-FR","@id":"https:\/\/www.qnde.ca\/fr\/produit\/pvx-fr\/#primaryimage","url":"https:\/\/www.qnde.ca\/wp-content\/uploads\/2021\/04\/Dakota-PVX-and-PVX-color-monitor-precision-thickness-gauges-scaled.jpg","contentUrl":"https:\/\/www.qnde.ca\/wp-content\/uploads\/2021\/04\/Dakota-PVX-and-PVX-color-monitor-precision-thickness-gauges-scaled.jpg","width":1640,"height":2048,"caption":"Dakota PVX and PVX color monitor precision thickness gauges"},{"@type":"BreadcrumbList","@id":"https:\/\/www.qnde.ca\/fr\/produit\/pvx-fr\/#breadcrumb","itemListElement":[{"@type":"ListItem","position":1,"name":"Accueil","item":"https:\/\/www.qnde.ca\/fr\/"},{"@type":"ListItem","position":2,"name":"Produits","item":"https:\/\/www.qnde.ca\/fr\/produits\/"},{"@type":"ListItem","position":3,"name":"Ultrasons","item":"https:\/\/www.qnde.ca\/fr\/product-category\/ultrasons\/"},{"@type":"ListItem","position":4,"name":"Mesureurs d\u2019\u00c9paisseur","item":"https:\/\/www.qnde.ca\/fr\/product-category\/ultrasons\/mesureurs-epaisseur\/"},{"@type":"ListItem","position":5,"name":"Dakota PVX, Mesureur d\u2019\u00c9paisseur de Pr\u00e9cision"}]},{"@type":"WebSite","@id":"https:\/\/www.qnde.ca\/#website","url":"https:\/\/www.qnde.ca\/","name":"Qualit\u00e9 NDE","description":"\u00c9quipements d&#039;essais non destructifs ","publisher":{"@id":"https:\/\/www.qnde.ca\/#organization"},"potentialAction":[{"@type":"SearchAction","target":{"@type":"EntryPoint","urlTemplate":"https:\/\/www.qnde.ca\/?s={search_term_string}"},"query-input":{"@type":"PropertyValueSpecification","valueRequired":true,"valueName":"search_term_string"}}],"inLanguage":"fr-FR"},{"@type":"Organization","@id":"https:\/\/www.qnde.ca\/#organization","name":"Quality NDT Ltd.","url":"https:\/\/www.qnde.ca\/","logo":{"@type":"ImageObject","inLanguage":"fr-FR","@id":"https:\/\/www.qnde.ca\/#\/schema\/logo\/image\/","url":"https:\/\/www.qnde.ca\/wp-content\/uploads\/2022\/02\/QNDE_logo_RGB-gif.gif","contentUrl":"https:\/\/www.qnde.ca\/wp-content\/uploads\/2022\/02\/QNDE_logo_RGB-gif.gif","width":250,"height":64,"caption":"Quality NDT Ltd."},"image":{"@id":"https:\/\/www.qnde.ca\/#\/schema\/logo\/image\/"},"sameAs":["https:\/\/www.linkedin.com\/company\/qnde\/about\/?viewAsMember=true"]}]}},"jetpack_sharing_enabled":true,"_links":{"self":[{"href":"https:\/\/www.qnde.ca\/fr\/wp-json\/wp\/v2\/product\/18854","targetHints":{"allow":["GET"]}}],"collection":[{"href":"https:\/\/www.qnde.ca\/fr\/wp-json\/wp\/v2\/product"}],"about":[{"href":"https:\/\/www.qnde.ca\/fr\/wp-json\/wp\/v2\/types\/product"}],"wp:featuredmedia":[{"embeddable":true,"href":"https:\/\/www.qnde.ca\/fr\/wp-json\/wp\/v2\/media\/18861"}],"wp:attachment":[{"href":"https:\/\/www.qnde.ca\/fr\/wp-json\/wp\/v2\/media?parent=18854"}],"wp:term":[{"taxonomy":"product_brand","embeddable":true,"href":"https:\/\/www.qnde.ca\/fr\/wp-json\/wp\/v2\/product_brand?post=18854"},{"taxonomy":"product_cat","embeddable":true,"href":"https:\/\/www.qnde.ca\/fr\/wp-json\/wp\/v2\/product_cat?post=18854"},{"taxonomy":"product_tag","embeddable":true,"href":"https:\/\/www.qnde.ca\/fr\/wp-json\/wp\/v2\/product_tag?post=18854"}],"curies":[{"name":"wp","href":"https:\/\/api.w.org\/{rel}","templated":true}]}}