{"id":18772,"date":"2021-04-12T16:43:25","date_gmt":"2021-04-12T20:43:25","guid":{"rendered":"https:\/\/www.qnde.ca\/?post_type=product&#038;p=18772"},"modified":"2025-08-18T15:32:42","modified_gmt":"2025-08-18T19:32:42","slug":"cmx-dl-fr","status":"publish","type":"product","link":"https:\/\/www.qnde.ca\/fr\/produit\/cmx-dl-fr\/","title":{"rendered":"Dakota CMX-DL, Mesureur d\u2019\u00c9paisseur \u00ab\u00a0\u00c0 Travers la Peinture\u00a0\u00bb"},"content":{"rendered":"<h3><strong>Dakota CMX-DL, Mesureur d\u2019\u00c9paisseur \u00ab\u00a0\u00c0 Travers la Peinture\u00a0\u00bb<\/strong><\/h3>\n<p>Le Dakota CMX-DL poss\u00e8de les m\u00eames fonctions que le <a href=\"https:\/\/www.qnde.ca\/fr\/produit\/mvx-fr\/\">MVX<\/a>, plus les modes, rev\u00eatement, mise \u00e0 z\u00e9ro automatique, reconnaissance automatique des sondes, compensation de temp\u00e9rature, m\u00e9moire interne SD de 4Gb (mesures, B-Scans et configurations personnalis\u00e9es) et un c\u00e2ble de transfert de donn\u00e9es USB de 36&Prime; (91cm) avec logiciel d&rsquo;interface. Garantie limit\u00e9e de 5 ans.<\/p>\n<h4><strong>Ensemble de base inclut: <\/strong><\/h4>\n<p>Mesureur d\u2019\u00e9paisseur Dakota CMX-DL, choix de palpeur avec c\u00e2ble int\u00e9gr\u00e9 de 48&Prime; (121cm), batteries AA, c\u00e2ble de transfert de donn\u00e9es USB de 36&Prime; (91cm) avec logiciel d&rsquo;interface, bouteille de 4oz de couplant, manuel de l\u2019utilisateur, certificat d\u2019\u00e9talonnage et valise de transport rigide.<\/p>\n<ul>\n<li>CMX-DL: Dakota CMX-DL, ensemble complet de mesureur d\u2019\u00e9paisseur.<\/li>\n<li>CMX-DL+: Idem au CMX-DL avec A-Scan, fr\u00e9quence de rafra\u00eechissement de l\u2019\u00e9cran de 25MHz, 3 limites ind\u00e9pendantes et autres caract\u00e9ristiques.<\/li>\n<li>CMX-DLH+: Idem au CMX-DL+ avec \u00e9cran couleur VGA AMOLED, fr\u00e9quence de rafra\u00eechissement de l\u2019\u00e9cran de 60MHz.<\/li>\n<\/ul>\n<p>* Palpeurs au choix (fr\u00e9quence, diam\u00e8tre, temp\u00e9rature, type et emplacement du connecteur, longueur de c\u00e2ble, type crayon, etc.).<\/p>\n<h4><strong>\u00c9tui de protection:<\/strong><\/h4>\n<ul>\n<li>D149-6: \u00c9tui de protection en caoutchouc avec sangle pour mesureur CMX, MVX, PVX et MMX.<\/li>\n<li>D149-0: \u00c9tui de protection en nylon avec sangle de ceinture pour mesureur CMX, MVX, PVX et MMX.<\/li>\n<\/ul>\n<p>&nbsp;<\/p>\n","protected":false},"excerpt":{"rendered":"<p>Dakota CMX-DL, Mesureur d\u2019\u00c9paisseur \u00ab\u00a0\u00c0 Travers la Peinture\u00a0\u00bb Le Dakota CMX-DL poss\u00e8de les m\u00eames fonctions que le MVX, plus les modes, rev\u00eatement, mise \u00e0 z\u00e9ro automatique, reconnaissance automatique des sondes, compensation de temp\u00e9rature, m\u00e9moire interne SD de 4Gb (mesures, B-Scans et configurations personnalis\u00e9es) et un c\u00e2ble de transfert de donn\u00e9es USB de 36&Prime; (91cm) avec [&hellip;]<\/p>\n","protected":false},"featured_media":18722,"template":"","meta":{"_monsterinsights_skip_tracking":false,"_monsterinsights_sitenote_active":false,"_monsterinsights_sitenote_note":"","_monsterinsights_sitenote_category":0},"product_brand":[],"product_cat":[398,126],"product_tag":[],"class_list":{"0":"post-18772","1":"product","2":"type-product","3":"status-publish","4":"has-post-thumbnail","6":"product_cat-dakota-ultrasonics-fr","7":"product_cat-mesureurs-epaisseur","9":"first","10":"instock","11":"shipping-taxable","12":"purchasable","13":"product-type-variable"},"yoast_head":"<!-- This site is optimized with the Yoast SEO plugin v23.9 - https:\/\/yoast.com\/wordpress\/plugins\/seo\/ -->\n<title>Dakota CMX-DL, Mesureur d\u2019\u00c9paisseur \u00ab\u00a0\u00c0 Travers la Peinture\u00a0\u00bb &#060; Qualit\u00e9 NDE<\/title>\n<meta name=\"description\" content=\"Mesureur d\u2019\u00e9paisseur CMX-DL avec lecture \u00e0 travers la peinture, A-Scan (DL+), m\u00e9moire SD 4Go et interface PC. Ensemble complet avec accessoires.\" \/>\n<meta name=\"robots\" content=\"index, follow, max-snippet:-1, max-image-preview:large, max-video-preview:-1\" \/>\n<link rel=\"canonical\" href=\"https:\/\/www.qnde.ca\/fr\/produit\/cmx-dl-fr\/\" \/>\n<meta name=\"twitter:label1\" content=\"Dur\u00e9e de lecture estim\u00e9e\" \/>\n\t<meta name=\"twitter:data1\" content=\"2 minutes\" \/>\n<script type=\"application\/ld+json\" class=\"yoast-schema-graph\">{\"@context\":\"https:\/\/schema.org\",\"@graph\":[{\"@type\":[\"WebPage\",\"ItemPage\"],\"@id\":\"https:\/\/www.qnde.ca\/fr\/produit\/cmx-dl-fr\/\",\"url\":\"https:\/\/www.qnde.ca\/fr\/produit\/cmx-dl-fr\/\",\"name\":\"Dakota CMX-DL, Mesureur d\u2019\u00c9paisseur \u00ab\u00a0\u00c0 Travers la Peinture\u00a0\u00bb &#060; Qualit\u00e9 NDE\",\"isPartOf\":{\"@id\":\"https:\/\/www.qnde.ca\/#website\"},\"primaryImageOfPage\":{\"@id\":\"https:\/\/www.qnde.ca\/fr\/produit\/cmx-dl-fr\/#primaryimage\"},\"image\":{\"@id\":\"https:\/\/www.qnde.ca\/fr\/produit\/cmx-dl-fr\/#primaryimage\"},\"thumbnailUrl\":\"https:\/\/www.qnde.ca\/wp-content\/uploads\/2021\/04\/Dakota-CMX-CMX-DL-and-CMX-DL-thickness-gauges-scaled-scaled.jpg\",\"datePublished\":\"2021-04-12T20:43:25+00:00\",\"dateModified\":\"2025-08-18T19:32:42+00:00\",\"description\":\"Mesureur d\u2019\u00e9paisseur CMX-DL avec lecture \u00e0 travers la peinture, A-Scan (DL+), m\u00e9moire SD 4Go et interface PC. Ensemble complet avec accessoires.\",\"breadcrumb\":{\"@id\":\"https:\/\/www.qnde.ca\/fr\/produit\/cmx-dl-fr\/#breadcrumb\"},\"inLanguage\":\"fr-FR\",\"potentialAction\":[{\"@type\":\"ReadAction\",\"target\":[\"https:\/\/www.qnde.ca\/fr\/produit\/cmx-dl-fr\/\"]}]},{\"@type\":\"ImageObject\",\"inLanguage\":\"fr-FR\",\"@id\":\"https:\/\/www.qnde.ca\/fr\/produit\/cmx-dl-fr\/#primaryimage\",\"url\":\"https:\/\/www.qnde.ca\/wp-content\/uploads\/2021\/04\/Dakota-CMX-CMX-DL-and-CMX-DL-thickness-gauges-scaled-scaled.jpg\",\"contentUrl\":\"https:\/\/www.qnde.ca\/wp-content\/uploads\/2021\/04\/Dakota-CMX-CMX-DL-and-CMX-DL-thickness-gauges-scaled-scaled.jpg\",\"width\":2048,\"height\":1694,\"caption\":\"Dakota CMX, CMX-DL and CMX-DL+ thickness gauges\"},{\"@type\":\"BreadcrumbList\",\"@id\":\"https:\/\/www.qnde.ca\/fr\/produit\/cmx-dl-fr\/#breadcrumb\",\"itemListElement\":[{\"@type\":\"ListItem\",\"position\":1,\"name\":\"Accueil\",\"item\":\"https:\/\/www.qnde.ca\/fr\/\"},{\"@type\":\"ListItem\",\"position\":2,\"name\":\"Produits\",\"item\":\"https:\/\/www.qnde.ca\/fr\/produits\/\"},{\"@type\":\"ListItem\",\"position\":3,\"name\":\"Ultrasons\",\"item\":\"https:\/\/www.qnde.ca\/fr\/product-category\/ultrasons\/\"},{\"@type\":\"ListItem\",\"position\":4,\"name\":\"Mesureurs d\u2019\u00c9paisseur\",\"item\":\"https:\/\/www.qnde.ca\/fr\/product-category\/ultrasons\/mesureurs-epaisseur\/\"},{\"@type\":\"ListItem\",\"position\":5,\"name\":\"Dakota CMX-DL, Mesureur d\u2019\u00c9paisseur \u00ab\u00a0\u00c0 Travers la Peinture\u00a0\u00bb\"}]},{\"@type\":\"WebSite\",\"@id\":\"https:\/\/www.qnde.ca\/#website\",\"url\":\"https:\/\/www.qnde.ca\/\",\"name\":\"Qualit\u00e9 NDE\",\"description\":\"\u00c9quipements d&#039;essais non destructifs \",\"publisher\":{\"@id\":\"https:\/\/www.qnde.ca\/#organization\"},\"potentialAction\":[{\"@type\":\"SearchAction\",\"target\":{\"@type\":\"EntryPoint\",\"urlTemplate\":\"https:\/\/www.qnde.ca\/?s={search_term_string}\"},\"query-input\":{\"@type\":\"PropertyValueSpecification\",\"valueRequired\":true,\"valueName\":\"search_term_string\"}}],\"inLanguage\":\"fr-FR\"},{\"@type\":\"Organization\",\"@id\":\"https:\/\/www.qnde.ca\/#organization\",\"name\":\"Quality NDT Ltd.\",\"url\":\"https:\/\/www.qnde.ca\/\",\"logo\":{\"@type\":\"ImageObject\",\"inLanguage\":\"fr-FR\",\"@id\":\"https:\/\/www.qnde.ca\/#\/schema\/logo\/image\/\",\"url\":\"https:\/\/www.qnde.ca\/wp-content\/uploads\/2022\/02\/QNDE_logo_RGB-gif.gif\",\"contentUrl\":\"https:\/\/www.qnde.ca\/wp-content\/uploads\/2022\/02\/QNDE_logo_RGB-gif.gif\",\"width\":250,\"height\":64,\"caption\":\"Quality NDT Ltd.\"},\"image\":{\"@id\":\"https:\/\/www.qnde.ca\/#\/schema\/logo\/image\/\"},\"sameAs\":[\"https:\/\/www.linkedin.com\/company\/qnde\/about\/?viewAsMember=true\"]}]}<\/script>\n<!-- \/ Yoast SEO plugin. -->","yoast_head_json":{"title":"Dakota CMX-DL, Mesureur d\u2019\u00c9paisseur \u00ab\u00a0\u00c0 Travers la Peinture\u00a0\u00bb &#060; Qualit\u00e9 NDE","description":"Mesureur d\u2019\u00e9paisseur CMX-DL avec lecture \u00e0 travers la peinture, A-Scan (DL+), m\u00e9moire SD 4Go et interface PC. Ensemble complet avec accessoires.","robots":{"index":"index","follow":"follow","max-snippet":"max-snippet:-1","max-image-preview":"max-image-preview:large","max-video-preview":"max-video-preview:-1"},"canonical":"https:\/\/www.qnde.ca\/fr\/produit\/cmx-dl-fr\/","twitter_misc":{"Dur\u00e9e de lecture estim\u00e9e":"2 minutes"},"schema":{"@context":"https:\/\/schema.org","@graph":[{"@type":["WebPage","ItemPage"],"@id":"https:\/\/www.qnde.ca\/fr\/produit\/cmx-dl-fr\/","url":"https:\/\/www.qnde.ca\/fr\/produit\/cmx-dl-fr\/","name":"Dakota CMX-DL, Mesureur d\u2019\u00c9paisseur \u00ab\u00a0\u00c0 Travers la Peinture\u00a0\u00bb &#060; Qualit\u00e9 NDE","isPartOf":{"@id":"https:\/\/www.qnde.ca\/#website"},"primaryImageOfPage":{"@id":"https:\/\/www.qnde.ca\/fr\/produit\/cmx-dl-fr\/#primaryimage"},"image":{"@id":"https:\/\/www.qnde.ca\/fr\/produit\/cmx-dl-fr\/#primaryimage"},"thumbnailUrl":"https:\/\/www.qnde.ca\/wp-content\/uploads\/2021\/04\/Dakota-CMX-CMX-DL-and-CMX-DL-thickness-gauges-scaled-scaled.jpg","datePublished":"2021-04-12T20:43:25+00:00","dateModified":"2025-08-18T19:32:42+00:00","description":"Mesureur d\u2019\u00e9paisseur CMX-DL avec lecture \u00e0 travers la peinture, A-Scan (DL+), m\u00e9moire SD 4Go et interface PC. Ensemble complet avec accessoires.","breadcrumb":{"@id":"https:\/\/www.qnde.ca\/fr\/produit\/cmx-dl-fr\/#breadcrumb"},"inLanguage":"fr-FR","potentialAction":[{"@type":"ReadAction","target":["https:\/\/www.qnde.ca\/fr\/produit\/cmx-dl-fr\/"]}]},{"@type":"ImageObject","inLanguage":"fr-FR","@id":"https:\/\/www.qnde.ca\/fr\/produit\/cmx-dl-fr\/#primaryimage","url":"https:\/\/www.qnde.ca\/wp-content\/uploads\/2021\/04\/Dakota-CMX-CMX-DL-and-CMX-DL-thickness-gauges-scaled-scaled.jpg","contentUrl":"https:\/\/www.qnde.ca\/wp-content\/uploads\/2021\/04\/Dakota-CMX-CMX-DL-and-CMX-DL-thickness-gauges-scaled-scaled.jpg","width":2048,"height":1694,"caption":"Dakota CMX, CMX-DL and CMX-DL+ thickness gauges"},{"@type":"BreadcrumbList","@id":"https:\/\/www.qnde.ca\/fr\/produit\/cmx-dl-fr\/#breadcrumb","itemListElement":[{"@type":"ListItem","position":1,"name":"Accueil","item":"https:\/\/www.qnde.ca\/fr\/"},{"@type":"ListItem","position":2,"name":"Produits","item":"https:\/\/www.qnde.ca\/fr\/produits\/"},{"@type":"ListItem","position":3,"name":"Ultrasons","item":"https:\/\/www.qnde.ca\/fr\/product-category\/ultrasons\/"},{"@type":"ListItem","position":4,"name":"Mesureurs d\u2019\u00c9paisseur","item":"https:\/\/www.qnde.ca\/fr\/product-category\/ultrasons\/mesureurs-epaisseur\/"},{"@type":"ListItem","position":5,"name":"Dakota CMX-DL, Mesureur d\u2019\u00c9paisseur \u00ab\u00a0\u00c0 Travers la Peinture\u00a0\u00bb"}]},{"@type":"WebSite","@id":"https:\/\/www.qnde.ca\/#website","url":"https:\/\/www.qnde.ca\/","name":"Qualit\u00e9 NDE","description":"\u00c9quipements d&#039;essais non destructifs ","publisher":{"@id":"https:\/\/www.qnde.ca\/#organization"},"potentialAction":[{"@type":"SearchAction","target":{"@type":"EntryPoint","urlTemplate":"https:\/\/www.qnde.ca\/?s={search_term_string}"},"query-input":{"@type":"PropertyValueSpecification","valueRequired":true,"valueName":"search_term_string"}}],"inLanguage":"fr-FR"},{"@type":"Organization","@id":"https:\/\/www.qnde.ca\/#organization","name":"Quality NDT Ltd.","url":"https:\/\/www.qnde.ca\/","logo":{"@type":"ImageObject","inLanguage":"fr-FR","@id":"https:\/\/www.qnde.ca\/#\/schema\/logo\/image\/","url":"https:\/\/www.qnde.ca\/wp-content\/uploads\/2022\/02\/QNDE_logo_RGB-gif.gif","contentUrl":"https:\/\/www.qnde.ca\/wp-content\/uploads\/2022\/02\/QNDE_logo_RGB-gif.gif","width":250,"height":64,"caption":"Quality NDT Ltd."},"image":{"@id":"https:\/\/www.qnde.ca\/#\/schema\/logo\/image\/"},"sameAs":["https:\/\/www.linkedin.com\/company\/qnde\/about\/?viewAsMember=true"]}]}},"jetpack_sharing_enabled":true,"_links":{"self":[{"href":"https:\/\/www.qnde.ca\/fr\/wp-json\/wp\/v2\/product\/18772","targetHints":{"allow":["GET"]}}],"collection":[{"href":"https:\/\/www.qnde.ca\/fr\/wp-json\/wp\/v2\/product"}],"about":[{"href":"https:\/\/www.qnde.ca\/fr\/wp-json\/wp\/v2\/types\/product"}],"wp:featuredmedia":[{"embeddable":true,"href":"https:\/\/www.qnde.ca\/fr\/wp-json\/wp\/v2\/media\/18722"}],"wp:attachment":[{"href":"https:\/\/www.qnde.ca\/fr\/wp-json\/wp\/v2\/media?parent=18772"}],"wp:term":[{"taxonomy":"product_brand","embeddable":true,"href":"https:\/\/www.qnde.ca\/fr\/wp-json\/wp\/v2\/product_brand?post=18772"},{"taxonomy":"product_cat","embeddable":true,"href":"https:\/\/www.qnde.ca\/fr\/wp-json\/wp\/v2\/product_cat?post=18772"},{"taxonomy":"product_tag","embeddable":true,"href":"https:\/\/www.qnde.ca\/fr\/wp-json\/wp\/v2\/product_tag?post=18772"}],"curies":[{"name":"wp","href":"https:\/\/api.w.org\/{rel}","templated":true}]}}