{"id":18568,"date":"2021-04-08T16:44:21","date_gmt":"2021-04-08T20:44:21","guid":{"rendered":"https:\/\/www.qnde.ca\/?post_type=product&#038;p=18568"},"modified":"2025-06-04T09:05:03","modified_gmt":"2025-06-04T13:05:03","slug":"dx1-fr","status":"publish","type":"product","link":"https:\/\/www.qnde.ca\/fr\/produit\/dx1-fr\/","title":{"rendered":"Dakota ZX-1, Mesureur d\u2019\u00c9paisseur"},"content":{"rendered":"<h3><strong>Dakota ZX-1, Mesureur d\u2019\u00c9paisseur<\/strong><\/h3>\n<p>Le Dakota ZX-1 est un mesureur d\u2019\u00e9paisseur de base. L&rsquo;\u00e9talonnage se fait simplement par d\u00e9filement \u00e0 une v\u00e9locit\u00e9 de mat\u00e9riel connue. Garantie limit\u00e9e de 5 ans.<\/p>\n<h4><strong>L\u2019ensemble de base inclut: <\/strong><\/h4>\n<p>Mesureur d\u2019\u00e9paisseur Dakota ZX-1, palpeur au choix avec c\u00e2ble int\u00e9gr\u00e9 de 48&Prime; (121cm), batteries AA, c\u00e2ble de donn\u00e9es USB de 36&Prime; (91cm) avec logiciel interface, bouteille de 4oz de couplant, manuel de l\u2019utilisateur, certificat d\u2019\u00e9talonnage et valise de transport rigide.<\/p>\n<ul>\n<li>ZX-1: Dakota ZX-1, ensemble complet du mesureur d\u2019\u00e9paisseur.<\/li>\n<li><a href=\"https:\/\/www.qnde.ca\/fr\/produit\/zx2-fr\/\">ZX-2<\/a>: Idem au ZX-1 avec ajout de 8 v\u00e9locit\u00e9s pr\u00e9r\u00e9gl\u00e9es et 2 v\u00e9locit\u00e9s programmables.<\/li>\n<\/ul>\n<p>* Palpeur au choix (fr\u00e9quence, diam\u00e8tre, temp\u00e9rature, type et emplacement du connecteur, longueur de c\u00e2ble, type crayon, etc.).<\/p>\n<h4><strong>\u00c9tui de protection:<\/strong><\/h4>\n<ul>\n<li>ZX-RC: \u00c9tui de protection en caoutchouc avec sangle pour mesureur ZX et PZX.<\/li>\n<li>ZX-NC: \u00c9tui de protection en nylon avec sangle de ceinture pour mesureur ZX et PZX.<\/li>\n<\/ul>\n","protected":false},"excerpt":{"rendered":"<p>Dakota ZX-1, Mesureur d\u2019\u00c9paisseur Le Dakota ZX-1 est un mesureur d\u2019\u00e9paisseur de base. L&rsquo;\u00e9talonnage se fait simplement par d\u00e9filement \u00e0 une v\u00e9locit\u00e9 de mat\u00e9riel connue. Garantie limit\u00e9e de 5 ans. L\u2019ensemble de base inclut: Mesureur d\u2019\u00e9paisseur Dakota ZX-1, palpeur au choix avec c\u00e2ble int\u00e9gr\u00e9 de 48&Prime; (121cm), batteries AA, c\u00e2ble de donn\u00e9es USB de 36&Prime; [&hellip;]<\/p>\n","protected":false},"featured_media":18582,"template":"","meta":{"_monsterinsights_skip_tracking":false,"_monsterinsights_sitenote_active":false,"_monsterinsights_sitenote_note":"","_monsterinsights_sitenote_category":0},"product_brand":[],"product_cat":[398,126],"product_tag":[],"class_list":{"0":"post-18568","1":"product","2":"type-product","3":"status-publish","4":"has-post-thumbnail","6":"product_cat-dakota-ultrasonics-fr","7":"product_cat-mesureurs-epaisseur","9":"first","10":"instock","11":"shipping-taxable","12":"purchasable","13":"product-type-variable"},"yoast_head":"<!-- This site is optimized with the Yoast SEO plugin v23.9 - https:\/\/yoast.com\/wordpress\/plugins\/seo\/ -->\n<title>Dakota ZX-1, Mesureur d\u2019\u00c9paisseur &#060; Qualit\u00e9 NDE<\/title>\n<meta name=\"description\" content=\"Mesureur d\u2019\u00e9paisseur de base. L&#039;\u00e9talonnage se fait simplement par d\u00e9filement \u00e0 une v\u00e9locit\u00e9 de mat\u00e9riel connue. Garantie limit\u00e9e de 5 ans.\" \/>\n<meta name=\"robots\" content=\"index, follow, max-snippet:-1, max-image-preview:large, max-video-preview:-1\" \/>\n<link rel=\"canonical\" href=\"https:\/\/www.qnde.ca\/fr\/produit\/dx1-fr\/\" \/>\n<meta name=\"twitter:label1\" content=\"Dur\u00e9e de lecture estim\u00e9e\" \/>\n\t<meta name=\"twitter:data1\" content=\"1 minute\" \/>\n<script type=\"application\/ld+json\" class=\"yoast-schema-graph\">{\"@context\":\"https:\/\/schema.org\",\"@graph\":[{\"@type\":[\"WebPage\",\"ItemPage\"],\"@id\":\"https:\/\/www.qnde.ca\/fr\/produit\/dx1-fr\/\",\"url\":\"https:\/\/www.qnde.ca\/fr\/produit\/dx1-fr\/\",\"name\":\"Dakota ZX-1, Mesureur d\u2019\u00c9paisseur &#060; Qualit\u00e9 NDE\",\"isPartOf\":{\"@id\":\"https:\/\/www.qnde.ca\/#website\"},\"primaryImageOfPage\":{\"@id\":\"https:\/\/www.qnde.ca\/fr\/produit\/dx1-fr\/#primaryimage\"},\"image\":{\"@id\":\"https:\/\/www.qnde.ca\/fr\/produit\/dx1-fr\/#primaryimage\"},\"thumbnailUrl\":\"https:\/\/www.qnde.ca\/wp-content\/uploads\/2021\/04\/Dakota-ZX-1-thickness-gauges-with-standard-probe-scaled-scaled.jpg\",\"datePublished\":\"2021-04-08T20:44:21+00:00\",\"dateModified\":\"2025-06-04T13:05:03+00:00\",\"description\":\"Mesureur d\u2019\u00e9paisseur de base. L'\u00e9talonnage se fait simplement par d\u00e9filement \u00e0 une v\u00e9locit\u00e9 de mat\u00e9riel connue. Garantie limit\u00e9e de 5 ans.\",\"breadcrumb\":{\"@id\":\"https:\/\/www.qnde.ca\/fr\/produit\/dx1-fr\/#breadcrumb\"},\"inLanguage\":\"fr-FR\",\"potentialAction\":[{\"@type\":\"ReadAction\",\"target\":[\"https:\/\/www.qnde.ca\/fr\/produit\/dx1-fr\/\"]}]},{\"@type\":\"ImageObject\",\"inLanguage\":\"fr-FR\",\"@id\":\"https:\/\/www.qnde.ca\/fr\/produit\/dx1-fr\/#primaryimage\",\"url\":\"https:\/\/www.qnde.ca\/wp-content\/uploads\/2021\/04\/Dakota-ZX-1-thickness-gauges-with-standard-probe-scaled-scaled.jpg\",\"contentUrl\":\"https:\/\/www.qnde.ca\/wp-content\/uploads\/2021\/04\/Dakota-ZX-1-thickness-gauges-with-standard-probe-scaled-scaled.jpg\",\"width\":1593,\"height\":2048,\"caption\":\"Dakota ZX-1 thickness gauges with standard probe\"},{\"@type\":\"BreadcrumbList\",\"@id\":\"https:\/\/www.qnde.ca\/fr\/produit\/dx1-fr\/#breadcrumb\",\"itemListElement\":[{\"@type\":\"ListItem\",\"position\":1,\"name\":\"Accueil\",\"item\":\"https:\/\/www.qnde.ca\/fr\/\"},{\"@type\":\"ListItem\",\"position\":2,\"name\":\"Produits\",\"item\":\"https:\/\/www.qnde.ca\/fr\/produits\/\"},{\"@type\":\"ListItem\",\"position\":3,\"name\":\"Ultrasons\",\"item\":\"https:\/\/www.qnde.ca\/fr\/product-category\/ultrasons\/\"},{\"@type\":\"ListItem\",\"position\":4,\"name\":\"Mesureurs d\u2019\u00c9paisseur\",\"item\":\"https:\/\/www.qnde.ca\/fr\/product-category\/ultrasons\/mesureurs-epaisseur\/\"},{\"@type\":\"ListItem\",\"position\":5,\"name\":\"Dakota ZX-1, Mesureur d\u2019\u00c9paisseur\"}]},{\"@type\":\"WebSite\",\"@id\":\"https:\/\/www.qnde.ca\/#website\",\"url\":\"https:\/\/www.qnde.ca\/\",\"name\":\"Qualit\u00e9 NDE\",\"description\":\"\u00c9quipements d&#039;essais non destructifs \",\"publisher\":{\"@id\":\"https:\/\/www.qnde.ca\/#organization\"},\"potentialAction\":[{\"@type\":\"SearchAction\",\"target\":{\"@type\":\"EntryPoint\",\"urlTemplate\":\"https:\/\/www.qnde.ca\/?s={search_term_string}\"},\"query-input\":{\"@type\":\"PropertyValueSpecification\",\"valueRequired\":true,\"valueName\":\"search_term_string\"}}],\"inLanguage\":\"fr-FR\"},{\"@type\":\"Organization\",\"@id\":\"https:\/\/www.qnde.ca\/#organization\",\"name\":\"Quality NDT Ltd.\",\"url\":\"https:\/\/www.qnde.ca\/\",\"logo\":{\"@type\":\"ImageObject\",\"inLanguage\":\"fr-FR\",\"@id\":\"https:\/\/www.qnde.ca\/#\/schema\/logo\/image\/\",\"url\":\"https:\/\/www.qnde.ca\/wp-content\/uploads\/2022\/02\/QNDE_logo_RGB-gif.gif\",\"contentUrl\":\"https:\/\/www.qnde.ca\/wp-content\/uploads\/2022\/02\/QNDE_logo_RGB-gif.gif\",\"width\":250,\"height\":64,\"caption\":\"Quality NDT Ltd.\"},\"image\":{\"@id\":\"https:\/\/www.qnde.ca\/#\/schema\/logo\/image\/\"},\"sameAs\":[\"https:\/\/www.linkedin.com\/company\/qnde\/about\/?viewAsMember=true\"]}]}<\/script>\n<!-- \/ Yoast SEO plugin. -->","yoast_head_json":{"title":"Dakota ZX-1, Mesureur d\u2019\u00c9paisseur &#060; Qualit\u00e9 NDE","description":"Mesureur d\u2019\u00e9paisseur de base. L'\u00e9talonnage se fait simplement par d\u00e9filement \u00e0 une v\u00e9locit\u00e9 de mat\u00e9riel connue. Garantie limit\u00e9e de 5 ans.","robots":{"index":"index","follow":"follow","max-snippet":"max-snippet:-1","max-image-preview":"max-image-preview:large","max-video-preview":"max-video-preview:-1"},"canonical":"https:\/\/www.qnde.ca\/fr\/produit\/dx1-fr\/","twitter_misc":{"Dur\u00e9e de lecture estim\u00e9e":"1 minute"},"schema":{"@context":"https:\/\/schema.org","@graph":[{"@type":["WebPage","ItemPage"],"@id":"https:\/\/www.qnde.ca\/fr\/produit\/dx1-fr\/","url":"https:\/\/www.qnde.ca\/fr\/produit\/dx1-fr\/","name":"Dakota ZX-1, Mesureur d\u2019\u00c9paisseur &#060; Qualit\u00e9 NDE","isPartOf":{"@id":"https:\/\/www.qnde.ca\/#website"},"primaryImageOfPage":{"@id":"https:\/\/www.qnde.ca\/fr\/produit\/dx1-fr\/#primaryimage"},"image":{"@id":"https:\/\/www.qnde.ca\/fr\/produit\/dx1-fr\/#primaryimage"},"thumbnailUrl":"https:\/\/www.qnde.ca\/wp-content\/uploads\/2021\/04\/Dakota-ZX-1-thickness-gauges-with-standard-probe-scaled-scaled.jpg","datePublished":"2021-04-08T20:44:21+00:00","dateModified":"2025-06-04T13:05:03+00:00","description":"Mesureur d\u2019\u00e9paisseur de base. L'\u00e9talonnage se fait simplement par d\u00e9filement \u00e0 une v\u00e9locit\u00e9 de mat\u00e9riel connue. Garantie limit\u00e9e de 5 ans.","breadcrumb":{"@id":"https:\/\/www.qnde.ca\/fr\/produit\/dx1-fr\/#breadcrumb"},"inLanguage":"fr-FR","potentialAction":[{"@type":"ReadAction","target":["https:\/\/www.qnde.ca\/fr\/produit\/dx1-fr\/"]}]},{"@type":"ImageObject","inLanguage":"fr-FR","@id":"https:\/\/www.qnde.ca\/fr\/produit\/dx1-fr\/#primaryimage","url":"https:\/\/www.qnde.ca\/wp-content\/uploads\/2021\/04\/Dakota-ZX-1-thickness-gauges-with-standard-probe-scaled-scaled.jpg","contentUrl":"https:\/\/www.qnde.ca\/wp-content\/uploads\/2021\/04\/Dakota-ZX-1-thickness-gauges-with-standard-probe-scaled-scaled.jpg","width":1593,"height":2048,"caption":"Dakota ZX-1 thickness gauges with standard probe"},{"@type":"BreadcrumbList","@id":"https:\/\/www.qnde.ca\/fr\/produit\/dx1-fr\/#breadcrumb","itemListElement":[{"@type":"ListItem","position":1,"name":"Accueil","item":"https:\/\/www.qnde.ca\/fr\/"},{"@type":"ListItem","position":2,"name":"Produits","item":"https:\/\/www.qnde.ca\/fr\/produits\/"},{"@type":"ListItem","position":3,"name":"Ultrasons","item":"https:\/\/www.qnde.ca\/fr\/product-category\/ultrasons\/"},{"@type":"ListItem","position":4,"name":"Mesureurs d\u2019\u00c9paisseur","item":"https:\/\/www.qnde.ca\/fr\/product-category\/ultrasons\/mesureurs-epaisseur\/"},{"@type":"ListItem","position":5,"name":"Dakota ZX-1, Mesureur d\u2019\u00c9paisseur"}]},{"@type":"WebSite","@id":"https:\/\/www.qnde.ca\/#website","url":"https:\/\/www.qnde.ca\/","name":"Qualit\u00e9 NDE","description":"\u00c9quipements d&#039;essais non destructifs ","publisher":{"@id":"https:\/\/www.qnde.ca\/#organization"},"potentialAction":[{"@type":"SearchAction","target":{"@type":"EntryPoint","urlTemplate":"https:\/\/www.qnde.ca\/?s={search_term_string}"},"query-input":{"@type":"PropertyValueSpecification","valueRequired":true,"valueName":"search_term_string"}}],"inLanguage":"fr-FR"},{"@type":"Organization","@id":"https:\/\/www.qnde.ca\/#organization","name":"Quality NDT Ltd.","url":"https:\/\/www.qnde.ca\/","logo":{"@type":"ImageObject","inLanguage":"fr-FR","@id":"https:\/\/www.qnde.ca\/#\/schema\/logo\/image\/","url":"https:\/\/www.qnde.ca\/wp-content\/uploads\/2022\/02\/QNDE_logo_RGB-gif.gif","contentUrl":"https:\/\/www.qnde.ca\/wp-content\/uploads\/2022\/02\/QNDE_logo_RGB-gif.gif","width":250,"height":64,"caption":"Quality NDT Ltd."},"image":{"@id":"https:\/\/www.qnde.ca\/#\/schema\/logo\/image\/"},"sameAs":["https:\/\/www.linkedin.com\/company\/qnde\/about\/?viewAsMember=true"]}]}},"jetpack_sharing_enabled":true,"_links":{"self":[{"href":"https:\/\/www.qnde.ca\/fr\/wp-json\/wp\/v2\/product\/18568","targetHints":{"allow":["GET"]}}],"collection":[{"href":"https:\/\/www.qnde.ca\/fr\/wp-json\/wp\/v2\/product"}],"about":[{"href":"https:\/\/www.qnde.ca\/fr\/wp-json\/wp\/v2\/types\/product"}],"wp:featuredmedia":[{"embeddable":true,"href":"https:\/\/www.qnde.ca\/fr\/wp-json\/wp\/v2\/media\/18582"}],"wp:attachment":[{"href":"https:\/\/www.qnde.ca\/fr\/wp-json\/wp\/v2\/media?parent=18568"}],"wp:term":[{"taxonomy":"product_brand","embeddable":true,"href":"https:\/\/www.qnde.ca\/fr\/wp-json\/wp\/v2\/product_brand?post=18568"},{"taxonomy":"product_cat","embeddable":true,"href":"https:\/\/www.qnde.ca\/fr\/wp-json\/wp\/v2\/product_cat?post=18568"},{"taxonomy":"product_tag","embeddable":true,"href":"https:\/\/www.qnde.ca\/fr\/wp-json\/wp\/v2\/product_tag?post=18568"}],"curies":[{"name":"wp","href":"https:\/\/api.w.org\/{rel}","templated":true}]}}