{"id":17833,"date":"2021-03-26T15:27:04","date_gmt":"2021-03-26T19:27:04","guid":{"rendered":"https:\/\/www.qnde.ca\/?post_type=product&#038;p=17833"},"modified":"2025-06-04T15:06:29","modified_gmt":"2025-06-04T19:06:29","slug":"sonatest-wave-fr","status":"publish","type":"product","link":"https:\/\/www.qnde.ca\/fr\/produit\/sonatest-wave-fr\/","title":{"rendered":"Sonatest WAVE, D\u00e9tecteur de D\u00e9fauts \u00e0 Ultrasons Int\u00e9ractif"},"content":{"rendered":"<h3><strong>Sonatest WAVE, D\u00e9tecteur de D\u00e9fauts \u00e0 Ultrasons Int\u00e9ractif<\/strong><\/h3>\n<p>Le d\u00e9tecteur de d\u00e9fauts \u00e0 ultrasons int\u00e9ractif, Sonatest WAVE, permet \u00e0 l\u2019op\u00e9rateur de personnaliser l\u2019interface utilisateur selon son propre processus.<\/p>\n<p>Le WAVE vient avec tous les logiciels: AAC\/Split DAC, TCG, AVG\/DGS, AWS, API, Curve Surface Corrosion (CSC), TKY, Complex shapes et le \u00ab\u00a0WAVE interactive Scan-Plan\u00a0\u00bb combine inspection en temps r\u00e9el avec direction de la visualisation de l&#8217;emplacement des d\u00e9fauts sur l\u2019\u00e9cran du WAVE. Sa capacit\u00e9 Wi-Fi permet de transf\u00e9rer facilement des donn\u00e9es de n\u2019importe o\u00f9 sur le terrain.<\/p>\n<p>Contactez-nous pour discuter de votre application, vos exigences, options disponibles et\/ou recevoir une soumission.<\/p>\n<ul>\n<li>WAVE-BNC: Sonatest WAVE, d\u00e9tecteur de d\u00e9fauts \u00e0 ultrason int\u00e9ractif, syst\u00e8me complet &#8211; connecteurs BNC.<\/li>\n<\/ul>\n","protected":false},"excerpt":{"rendered":"<p>Sonatest WAVE, D\u00e9tecteur de D\u00e9fauts \u00e0 Ultrasons Int\u00e9ractif Le d\u00e9tecteur de d\u00e9fauts \u00e0 ultrasons int\u00e9ractif, Sonatest WAVE, permet \u00e0 l\u2019op\u00e9rateur de personnaliser l\u2019interface utilisateur selon son propre processus. Le WAVE vient avec tous les logiciels: AAC\/Split DAC, TCG, AVG\/DGS, AWS, API, Curve Surface Corrosion (CSC), TKY, Complex shapes et le \u00ab\u00a0WAVE interactive Scan-Plan\u00a0\u00bb combine inspection [&hellip;]<\/p>\n","protected":false},"featured_media":17839,"template":"","meta":{"_monsterinsights_skip_tracking":false,"_monsterinsights_sitenote_active":false,"_monsterinsights_sitenote_note":"","_monsterinsights_sitenote_category":0},"product_brand":[],"product_cat":[401,125],"product_tag":[],"class_list":{"0":"post-17833","1":"product","2":"type-product","3":"status-publish","4":"has-post-thumbnail","6":"product_cat-sonatest-fr","7":"product_cat-detecteurs-defauts","9":"first","10":"instock","11":"shipping-taxable","12":"purchasable","13":"product-type-simple"},"yoast_head":"<!-- This site is optimized with the Yoast SEO plugin v23.9 - https:\/\/yoast.com\/wordpress\/plugins\/seo\/ -->\n<title>Sonatest WAVE, D\u00e9tecteur de D\u00e9fauts \u00e0 Ultrasons Int\u00e9ractif &#060; Qualit\u00e9 NDE<\/title>\n<meta name=\"description\" content=\"Le d\u00e9tecteur de d\u00e9fauts \u00e0 ultrasons int\u00e9ractif, Sonatest WAVE, permet \u00e0 l\u2019op\u00e9rateur de personnaliser l\u2019interface utilisateur selon son propre processus.\" \/>\n<meta name=\"robots\" content=\"index, follow, max-snippet:-1, max-image-preview:large, max-video-preview:-1\" \/>\n<link rel=\"canonical\" href=\"https:\/\/www.qnde.ca\/fr\/produit\/sonatest-wave-fr\/\" \/>\n<meta name=\"twitter:label1\" content=\"Dur\u00e9e de lecture estim\u00e9e\" \/>\n\t<meta name=\"twitter:data1\" content=\"1 minute\" \/>\n<script type=\"application\/ld+json\" class=\"yoast-schema-graph\">{\"@context\":\"https:\/\/schema.org\",\"@graph\":[{\"@type\":[\"WebPage\",\"ItemPage\"],\"@id\":\"https:\/\/www.qnde.ca\/fr\/produit\/sonatest-wave-fr\/\",\"url\":\"https:\/\/www.qnde.ca\/fr\/produit\/sonatest-wave-fr\/\",\"name\":\"Sonatest WAVE, D\u00e9tecteur de D\u00e9fauts \u00e0 Ultrasons Int\u00e9ractif &#060; Qualit\u00e9 NDE\",\"isPartOf\":{\"@id\":\"https:\/\/www.qnde.ca\/#website\"},\"primaryImageOfPage\":{\"@id\":\"https:\/\/www.qnde.ca\/fr\/produit\/sonatest-wave-fr\/#primaryimage\"},\"image\":{\"@id\":\"https:\/\/www.qnde.ca\/fr\/produit\/sonatest-wave-fr\/#primaryimage\"},\"thumbnailUrl\":\"https:\/\/www.qnde.ca\/wp-content\/uploads\/2021\/03\/Wave_DAC_Right_rs.png\",\"datePublished\":\"2021-03-26T19:27:04+00:00\",\"dateModified\":\"2025-06-04T19:06:29+00:00\",\"description\":\"Le d\u00e9tecteur de d\u00e9fauts \u00e0 ultrasons int\u00e9ractif, Sonatest WAVE, permet \u00e0 l\u2019op\u00e9rateur de personnaliser l\u2019interface utilisateur selon son propre processus.\",\"breadcrumb\":{\"@id\":\"https:\/\/www.qnde.ca\/fr\/produit\/sonatest-wave-fr\/#breadcrumb\"},\"inLanguage\":\"fr-FR\",\"potentialAction\":[{\"@type\":\"ReadAction\",\"target\":[\"https:\/\/www.qnde.ca\/fr\/produit\/sonatest-wave-fr\/\"]}]},{\"@type\":\"ImageObject\",\"inLanguage\":\"fr-FR\",\"@id\":\"https:\/\/www.qnde.ca\/fr\/produit\/sonatest-wave-fr\/#primaryimage\",\"url\":\"https:\/\/www.qnde.ca\/wp-content\/uploads\/2021\/03\/Wave_DAC_Right_rs.png\",\"contentUrl\":\"https:\/\/www.qnde.ca\/wp-content\/uploads\/2021\/03\/Wave_DAC_Right_rs.png\",\"width\":1230,\"height\":980,\"caption\":\"Sonatest Wave Interactive Flaw detector\"},{\"@type\":\"BreadcrumbList\",\"@id\":\"https:\/\/www.qnde.ca\/fr\/produit\/sonatest-wave-fr\/#breadcrumb\",\"itemListElement\":[{\"@type\":\"ListItem\",\"position\":1,\"name\":\"Accueil\",\"item\":\"https:\/\/www.qnde.ca\/fr\/\"},{\"@type\":\"ListItem\",\"position\":2,\"name\":\"Produits\",\"item\":\"https:\/\/www.qnde.ca\/fr\/produits\/\"},{\"@type\":\"ListItem\",\"position\":3,\"name\":\"Ultrasons\",\"item\":\"https:\/\/www.qnde.ca\/fr\/product-category\/ultrasons\/\"},{\"@type\":\"ListItem\",\"position\":4,\"name\":\"D\u00e9tecteurs de D\u00e9fauts\",\"item\":\"https:\/\/www.qnde.ca\/fr\/product-category\/ultrasons\/detecteurs-defauts\/\"},{\"@type\":\"ListItem\",\"position\":5,\"name\":\"Sonatest WAVE, D\u00e9tecteur de D\u00e9fauts \u00e0 Ultrasons Int\u00e9ractif\"}]},{\"@type\":\"WebSite\",\"@id\":\"https:\/\/www.qnde.ca\/#website\",\"url\":\"https:\/\/www.qnde.ca\/\",\"name\":\"Qualit\u00e9 NDE\",\"description\":\"\u00c9quipements d&#039;essais non destructifs \",\"publisher\":{\"@id\":\"https:\/\/www.qnde.ca\/#organization\"},\"potentialAction\":[{\"@type\":\"SearchAction\",\"target\":{\"@type\":\"EntryPoint\",\"urlTemplate\":\"https:\/\/www.qnde.ca\/?s={search_term_string}\"},\"query-input\":{\"@type\":\"PropertyValueSpecification\",\"valueRequired\":true,\"valueName\":\"search_term_string\"}}],\"inLanguage\":\"fr-FR\"},{\"@type\":\"Organization\",\"@id\":\"https:\/\/www.qnde.ca\/#organization\",\"name\":\"Quality NDT Ltd.\",\"url\":\"https:\/\/www.qnde.ca\/\",\"logo\":{\"@type\":\"ImageObject\",\"inLanguage\":\"fr-FR\",\"@id\":\"https:\/\/www.qnde.ca\/#\/schema\/logo\/image\/\",\"url\":\"https:\/\/www.qnde.ca\/wp-content\/uploads\/2022\/02\/QNDE_logo_RGB-gif.gif\",\"contentUrl\":\"https:\/\/www.qnde.ca\/wp-content\/uploads\/2022\/02\/QNDE_logo_RGB-gif.gif\",\"width\":250,\"height\":64,\"caption\":\"Quality NDT Ltd.\"},\"image\":{\"@id\":\"https:\/\/www.qnde.ca\/#\/schema\/logo\/image\/\"},\"sameAs\":[\"https:\/\/www.linkedin.com\/company\/qnde\/about\/?viewAsMember=true\"]}]}<\/script>\n<!-- \/ Yoast SEO plugin. -->","yoast_head_json":{"title":"Sonatest WAVE, D\u00e9tecteur de D\u00e9fauts \u00e0 Ultrasons Int\u00e9ractif &#060; Qualit\u00e9 NDE","description":"Le d\u00e9tecteur de d\u00e9fauts \u00e0 ultrasons int\u00e9ractif, Sonatest WAVE, permet \u00e0 l\u2019op\u00e9rateur de personnaliser l\u2019interface utilisateur selon son propre processus.","robots":{"index":"index","follow":"follow","max-snippet":"max-snippet:-1","max-image-preview":"max-image-preview:large","max-video-preview":"max-video-preview:-1"},"canonical":"https:\/\/www.qnde.ca\/fr\/produit\/sonatest-wave-fr\/","twitter_misc":{"Dur\u00e9e de lecture estim\u00e9e":"1 minute"},"schema":{"@context":"https:\/\/schema.org","@graph":[{"@type":["WebPage","ItemPage"],"@id":"https:\/\/www.qnde.ca\/fr\/produit\/sonatest-wave-fr\/","url":"https:\/\/www.qnde.ca\/fr\/produit\/sonatest-wave-fr\/","name":"Sonatest WAVE, D\u00e9tecteur de D\u00e9fauts \u00e0 Ultrasons Int\u00e9ractif &#060; Qualit\u00e9 NDE","isPartOf":{"@id":"https:\/\/www.qnde.ca\/#website"},"primaryImageOfPage":{"@id":"https:\/\/www.qnde.ca\/fr\/produit\/sonatest-wave-fr\/#primaryimage"},"image":{"@id":"https:\/\/www.qnde.ca\/fr\/produit\/sonatest-wave-fr\/#primaryimage"},"thumbnailUrl":"https:\/\/www.qnde.ca\/wp-content\/uploads\/2021\/03\/Wave_DAC_Right_rs.png","datePublished":"2021-03-26T19:27:04+00:00","dateModified":"2025-06-04T19:06:29+00:00","description":"Le d\u00e9tecteur de d\u00e9fauts \u00e0 ultrasons int\u00e9ractif, Sonatest WAVE, permet \u00e0 l\u2019op\u00e9rateur de personnaliser l\u2019interface utilisateur selon son propre processus.","breadcrumb":{"@id":"https:\/\/www.qnde.ca\/fr\/produit\/sonatest-wave-fr\/#breadcrumb"},"inLanguage":"fr-FR","potentialAction":[{"@type":"ReadAction","target":["https:\/\/www.qnde.ca\/fr\/produit\/sonatest-wave-fr\/"]}]},{"@type":"ImageObject","inLanguage":"fr-FR","@id":"https:\/\/www.qnde.ca\/fr\/produit\/sonatest-wave-fr\/#primaryimage","url":"https:\/\/www.qnde.ca\/wp-content\/uploads\/2021\/03\/Wave_DAC_Right_rs.png","contentUrl":"https:\/\/www.qnde.ca\/wp-content\/uploads\/2021\/03\/Wave_DAC_Right_rs.png","width":1230,"height":980,"caption":"Sonatest Wave Interactive Flaw detector"},{"@type":"BreadcrumbList","@id":"https:\/\/www.qnde.ca\/fr\/produit\/sonatest-wave-fr\/#breadcrumb","itemListElement":[{"@type":"ListItem","position":1,"name":"Accueil","item":"https:\/\/www.qnde.ca\/fr\/"},{"@type":"ListItem","position":2,"name":"Produits","item":"https:\/\/www.qnde.ca\/fr\/produits\/"},{"@type":"ListItem","position":3,"name":"Ultrasons","item":"https:\/\/www.qnde.ca\/fr\/product-category\/ultrasons\/"},{"@type":"ListItem","position":4,"name":"D\u00e9tecteurs de D\u00e9fauts","item":"https:\/\/www.qnde.ca\/fr\/product-category\/ultrasons\/detecteurs-defauts\/"},{"@type":"ListItem","position":5,"name":"Sonatest WAVE, D\u00e9tecteur de D\u00e9fauts \u00e0 Ultrasons Int\u00e9ractif"}]},{"@type":"WebSite","@id":"https:\/\/www.qnde.ca\/#website","url":"https:\/\/www.qnde.ca\/","name":"Qualit\u00e9 NDE","description":"\u00c9quipements d&#039;essais non destructifs ","publisher":{"@id":"https:\/\/www.qnde.ca\/#organization"},"potentialAction":[{"@type":"SearchAction","target":{"@type":"EntryPoint","urlTemplate":"https:\/\/www.qnde.ca\/?s={search_term_string}"},"query-input":{"@type":"PropertyValueSpecification","valueRequired":true,"valueName":"search_term_string"}}],"inLanguage":"fr-FR"},{"@type":"Organization","@id":"https:\/\/www.qnde.ca\/#organization","name":"Quality NDT Ltd.","url":"https:\/\/www.qnde.ca\/","logo":{"@type":"ImageObject","inLanguage":"fr-FR","@id":"https:\/\/www.qnde.ca\/#\/schema\/logo\/image\/","url":"https:\/\/www.qnde.ca\/wp-content\/uploads\/2022\/02\/QNDE_logo_RGB-gif.gif","contentUrl":"https:\/\/www.qnde.ca\/wp-content\/uploads\/2022\/02\/QNDE_logo_RGB-gif.gif","width":250,"height":64,"caption":"Quality NDT Ltd."},"image":{"@id":"https:\/\/www.qnde.ca\/#\/schema\/logo\/image\/"},"sameAs":["https:\/\/www.linkedin.com\/company\/qnde\/about\/?viewAsMember=true"]}]}},"jetpack_sharing_enabled":true,"_links":{"self":[{"href":"https:\/\/www.qnde.ca\/fr\/wp-json\/wp\/v2\/product\/17833","targetHints":{"allow":["GET"]}}],"collection":[{"href":"https:\/\/www.qnde.ca\/fr\/wp-json\/wp\/v2\/product"}],"about":[{"href":"https:\/\/www.qnde.ca\/fr\/wp-json\/wp\/v2\/types\/product"}],"wp:featuredmedia":[{"embeddable":true,"href":"https:\/\/www.qnde.ca\/fr\/wp-json\/wp\/v2\/media\/17839"}],"wp:attachment":[{"href":"https:\/\/www.qnde.ca\/fr\/wp-json\/wp\/v2\/media?parent=17833"}],"wp:term":[{"taxonomy":"product_brand","embeddable":true,"href":"https:\/\/www.qnde.ca\/fr\/wp-json\/wp\/v2\/product_brand?post=17833"},{"taxonomy":"product_cat","embeddable":true,"href":"https:\/\/www.qnde.ca\/fr\/wp-json\/wp\/v2\/product_cat?post=17833"},{"taxonomy":"product_tag","embeddable":true,"href":"https:\/\/www.qnde.ca\/fr\/wp-json\/wp\/v2\/product_tag?post=17833"}],"curies":[{"name":"wp","href":"https:\/\/api.w.org\/{rel}","templated":true}]}}