{"id":17540,"date":"2021-02-25T09:21:53","date_gmt":"2021-02-25T14:21:53","guid":{"rendered":"https:\/\/www.qnde.ca\/?post_type=product&#038;p=17540"},"modified":"2022-11-07T14:03:54","modified_gmt":"2022-11-07T19:03:54","slug":"support-flexible-lampeuv","status":"publish","type":"product","link":"https:\/\/www.qnde.ca\/fr\/produit\/support-flexible-lampeuv\/","title":{"rendered":"QNDE Support Flexible pour Lampe UV"},"content":{"rendered":"<h3><strong>QNDE Support Flexible pour Lampe UV<\/strong><\/h3>\n<p>Robuste support flexible de 30&Prime; (76cm) pour lampes UV REL, Magnaflux, Spectro-UV ou Labino. L\u2019ensemble inclut: base de fixation murale\/de table, bras rigide de 12&Prime; (30.5cm), robuste support flexible de 18&Prime; et une t\u00eate articul\u00e9e avec adaptateur pour lampe UV.<\/p>\n<p><em><strong>IMPORTANT:<\/strong><\/em> Sp\u00e9cifiez la marque et le mod\u00e8le de la lampe afin de recevoir l\u2019adaptateur appropri\u00e9.<\/p>\n<ul>\n<li><strong>QFGNKW:<\/strong> Support flexible pour lampe UV avec base de fixation murale\/de table, avec t\u00eate articul\u00e9e.<\/li>\n<li><strong><a href=\"https:\/\/www.qnde.ca\/fr\/produit\/support-lampeuv-tete-articulee\/\">QFA001<\/a>:<\/strong> Support pour lampe UV, fixation murale, avec t\u00eate articul\u00e9e.<\/li>\n<li><strong><a href=\"https:\/\/www.qnde.ca\/fr\/produit\/support-lampeuv-tete-articulee\/\">QFA002<\/a>:<\/strong> Support pour lampe UV, fixation de table, avec t\u00eate articul\u00e9e.<\/li>\n<\/ul>\n<h4><a href=\"https:\/\/www.qnde.ca\/fr\/produit\/adaptateur-support-lampeuv\/\">Adaptateurs<\/a><\/h4>\n<ul>\n<li><strong>QFAREL:<\/strong> Adaptateur pour lampe REL.<\/li>\n<li><strong>QFAMAG:<\/strong> Adaptateur pour lampe Magnaflux.<\/li>\n<li><strong>QFASPE:<\/strong> Adaptateur pour lampe Spectro-UV.<\/li>\n<li><strong>QFALAB:<\/strong> Adaptateur pour lampe Labino.<\/li>\n<\/ul>\n","protected":false},"excerpt":{"rendered":"<p>QNDE Support Flexible pour Lampe UV Robuste support flexible de 30&Prime; (76cm) pour lampes UV REL, Magnaflux, Spectro-UV ou Labino. L\u2019ensemble inclut: base de fixation murale\/de table, bras rigide de 12&Prime; (30.5cm), robuste support flexible de 18&Prime; et une t\u00eate articul\u00e9e avec adaptateur pour lampe UV. IMPORTANT: Sp\u00e9cifiez la marque et le mod\u00e8le de la [&hellip;]<\/p>\n","protected":false},"featured_media":10832,"template":"","meta":{"_monsterinsights_skip_tracking":false,"_monsterinsights_sitenote_active":false,"_monsterinsights_sitenote_note":"","_monsterinsights_sitenote_category":0},"product_brand":[],"product_cat":[392,133],"product_tag":[],"class_list":{"0":"post-17540","1":"product","2":"type-product","3":"status-publish","4":"has-post-thumbnail","6":"product_cat-qnde-fr","7":"product_cat-lampes-uv","9":"first","10":"instock","11":"shipping-taxable","12":"purchasable","13":"product-type-variable"},"yoast_head":"<!-- This site is optimized with the Yoast SEO plugin v23.9 - https:\/\/yoast.com\/wordpress\/plugins\/seo\/ -->\n<title>QNDE Support Flexible pour Lampe UV &#060; Qualit\u00e9 NDE - Inspection NDT<\/title>\n<meta name=\"description\" content=\"Robuste support flexible pour lampes UV REL, Magnaflux, Spectro-UV ou Labino. Parfaite pour l&#039;inspection d&#039;essais non-destructifs.\" \/>\n<meta name=\"robots\" content=\"index, follow, max-snippet:-1, max-image-preview:large, max-video-preview:-1\" \/>\n<link rel=\"canonical\" href=\"https:\/\/www.qnde.ca\/fr\/produit\/support-flexible-lampeuv\/\" \/>\n<meta name=\"twitter:label1\" content=\"Dur\u00e9e de lecture estim\u00e9e\" \/>\n\t<meta name=\"twitter:data1\" content=\"1 minute\" \/>\n<script type=\"application\/ld+json\" class=\"yoast-schema-graph\">{\"@context\":\"https:\/\/schema.org\",\"@graph\":[{\"@type\":[\"WebPage\",\"ItemPage\"],\"@id\":\"https:\/\/www.qnde.ca\/fr\/produit\/support-flexible-lampeuv\/\",\"url\":\"https:\/\/www.qnde.ca\/fr\/produit\/support-flexible-lampeuv\/\",\"name\":\"QNDE Support Flexible pour Lampe UV &#060; Qualit\u00e9 NDE - Inspection NDT\",\"isPartOf\":{\"@id\":\"https:\/\/www.qnde.ca\/#website\"},\"primaryImageOfPage\":{\"@id\":\"https:\/\/www.qnde.ca\/fr\/produit\/support-flexible-lampeuv\/#primaryimage\"},\"image\":{\"@id\":\"https:\/\/www.qnde.ca\/fr\/produit\/support-flexible-lampeuv\/#primaryimage\"},\"thumbnailUrl\":\"https:\/\/www.qnde.ca\/wp-content\/uploads\/2018\/09\/Support-lampe.jpg\",\"datePublished\":\"2021-02-25T14:21:53+00:00\",\"dateModified\":\"2022-11-07T19:03:54+00:00\",\"description\":\"Robuste support flexible pour lampes UV REL, Magnaflux, Spectro-UV ou Labino. Parfaite pour l'inspection d'essais non-destructifs.\",\"breadcrumb\":{\"@id\":\"https:\/\/www.qnde.ca\/fr\/produit\/support-flexible-lampeuv\/#breadcrumb\"},\"inLanguage\":\"fr-FR\",\"potentialAction\":[{\"@type\":\"ReadAction\",\"target\":[\"https:\/\/www.qnde.ca\/fr\/produit\/support-flexible-lampeuv\/\"]}]},{\"@type\":\"ImageObject\",\"inLanguage\":\"fr-FR\",\"@id\":\"https:\/\/www.qnde.ca\/fr\/produit\/support-flexible-lampeuv\/#primaryimage\",\"url\":\"https:\/\/www.qnde.ca\/wp-content\/uploads\/2018\/09\/Support-lampe.jpg\",\"contentUrl\":\"https:\/\/www.qnde.ca\/wp-content\/uploads\/2018\/09\/Support-lampe.jpg\",\"width\":434,\"height\":478},{\"@type\":\"BreadcrumbList\",\"@id\":\"https:\/\/www.qnde.ca\/fr\/produit\/support-flexible-lampeuv\/#breadcrumb\",\"itemListElement\":[{\"@type\":\"ListItem\",\"position\":1,\"name\":\"Accueil\",\"item\":\"https:\/\/www.qnde.ca\/fr\/\"},{\"@type\":\"ListItem\",\"position\":2,\"name\":\"Produits\",\"item\":\"https:\/\/www.qnde.ca\/fr\/produits\/\"},{\"@type\":\"ListItem\",\"position\":3,\"name\":\"Lampes UV\",\"item\":\"https:\/\/www.qnde.ca\/fr\/product-category\/lampes-uv\/\"},{\"@type\":\"ListItem\",\"position\":4,\"name\":\"QNDE Support Flexible pour Lampe UV\"}]},{\"@type\":\"WebSite\",\"@id\":\"https:\/\/www.qnde.ca\/#website\",\"url\":\"https:\/\/www.qnde.ca\/\",\"name\":\"Qualit\u00e9 NDE\",\"description\":\"\u00c9quipements d&#039;essais non destructifs \",\"publisher\":{\"@id\":\"https:\/\/www.qnde.ca\/#organization\"},\"potentialAction\":[{\"@type\":\"SearchAction\",\"target\":{\"@type\":\"EntryPoint\",\"urlTemplate\":\"https:\/\/www.qnde.ca\/?s={search_term_string}\"},\"query-input\":{\"@type\":\"PropertyValueSpecification\",\"valueRequired\":true,\"valueName\":\"search_term_string\"}}],\"inLanguage\":\"fr-FR\"},{\"@type\":\"Organization\",\"@id\":\"https:\/\/www.qnde.ca\/#organization\",\"name\":\"Quality NDT Ltd.\",\"url\":\"https:\/\/www.qnde.ca\/\",\"logo\":{\"@type\":\"ImageObject\",\"inLanguage\":\"fr-FR\",\"@id\":\"https:\/\/www.qnde.ca\/#\/schema\/logo\/image\/\",\"url\":\"https:\/\/www.qnde.ca\/wp-content\/uploads\/2022\/02\/QNDE_logo_RGB-gif.gif\",\"contentUrl\":\"https:\/\/www.qnde.ca\/wp-content\/uploads\/2022\/02\/QNDE_logo_RGB-gif.gif\",\"width\":250,\"height\":64,\"caption\":\"Quality NDT Ltd.\"},\"image\":{\"@id\":\"https:\/\/www.qnde.ca\/#\/schema\/logo\/image\/\"},\"sameAs\":[\"https:\/\/www.linkedin.com\/company\/qnde\/about\/?viewAsMember=true\"]}]}<\/script>\n<!-- \/ Yoast SEO plugin. -->","yoast_head_json":{"title":"QNDE Support Flexible pour Lampe UV &#060; Qualit\u00e9 NDE - Inspection NDT","description":"Robuste support flexible pour lampes UV REL, Magnaflux, Spectro-UV ou Labino. Parfaite pour l'inspection d'essais non-destructifs.","robots":{"index":"index","follow":"follow","max-snippet":"max-snippet:-1","max-image-preview":"max-image-preview:large","max-video-preview":"max-video-preview:-1"},"canonical":"https:\/\/www.qnde.ca\/fr\/produit\/support-flexible-lampeuv\/","twitter_misc":{"Dur\u00e9e de lecture estim\u00e9e":"1 minute"},"schema":{"@context":"https:\/\/schema.org","@graph":[{"@type":["WebPage","ItemPage"],"@id":"https:\/\/www.qnde.ca\/fr\/produit\/support-flexible-lampeuv\/","url":"https:\/\/www.qnde.ca\/fr\/produit\/support-flexible-lampeuv\/","name":"QNDE Support Flexible pour Lampe UV &#060; Qualit\u00e9 NDE - Inspection NDT","isPartOf":{"@id":"https:\/\/www.qnde.ca\/#website"},"primaryImageOfPage":{"@id":"https:\/\/www.qnde.ca\/fr\/produit\/support-flexible-lampeuv\/#primaryimage"},"image":{"@id":"https:\/\/www.qnde.ca\/fr\/produit\/support-flexible-lampeuv\/#primaryimage"},"thumbnailUrl":"https:\/\/www.qnde.ca\/wp-content\/uploads\/2018\/09\/Support-lampe.jpg","datePublished":"2021-02-25T14:21:53+00:00","dateModified":"2022-11-07T19:03:54+00:00","description":"Robuste support flexible pour lampes UV REL, Magnaflux, Spectro-UV ou Labino. Parfaite pour l'inspection d'essais non-destructifs.","breadcrumb":{"@id":"https:\/\/www.qnde.ca\/fr\/produit\/support-flexible-lampeuv\/#breadcrumb"},"inLanguage":"fr-FR","potentialAction":[{"@type":"ReadAction","target":["https:\/\/www.qnde.ca\/fr\/produit\/support-flexible-lampeuv\/"]}]},{"@type":"ImageObject","inLanguage":"fr-FR","@id":"https:\/\/www.qnde.ca\/fr\/produit\/support-flexible-lampeuv\/#primaryimage","url":"https:\/\/www.qnde.ca\/wp-content\/uploads\/2018\/09\/Support-lampe.jpg","contentUrl":"https:\/\/www.qnde.ca\/wp-content\/uploads\/2018\/09\/Support-lampe.jpg","width":434,"height":478},{"@type":"BreadcrumbList","@id":"https:\/\/www.qnde.ca\/fr\/produit\/support-flexible-lampeuv\/#breadcrumb","itemListElement":[{"@type":"ListItem","position":1,"name":"Accueil","item":"https:\/\/www.qnde.ca\/fr\/"},{"@type":"ListItem","position":2,"name":"Produits","item":"https:\/\/www.qnde.ca\/fr\/produits\/"},{"@type":"ListItem","position":3,"name":"Lampes UV","item":"https:\/\/www.qnde.ca\/fr\/product-category\/lampes-uv\/"},{"@type":"ListItem","position":4,"name":"QNDE Support Flexible pour Lampe UV"}]},{"@type":"WebSite","@id":"https:\/\/www.qnde.ca\/#website","url":"https:\/\/www.qnde.ca\/","name":"Qualit\u00e9 NDE","description":"\u00c9quipements d&#039;essais non destructifs ","publisher":{"@id":"https:\/\/www.qnde.ca\/#organization"},"potentialAction":[{"@type":"SearchAction","target":{"@type":"EntryPoint","urlTemplate":"https:\/\/www.qnde.ca\/?s={search_term_string}"},"query-input":{"@type":"PropertyValueSpecification","valueRequired":true,"valueName":"search_term_string"}}],"inLanguage":"fr-FR"},{"@type":"Organization","@id":"https:\/\/www.qnde.ca\/#organization","name":"Quality NDT Ltd.","url":"https:\/\/www.qnde.ca\/","logo":{"@type":"ImageObject","inLanguage":"fr-FR","@id":"https:\/\/www.qnde.ca\/#\/schema\/logo\/image\/","url":"https:\/\/www.qnde.ca\/wp-content\/uploads\/2022\/02\/QNDE_logo_RGB-gif.gif","contentUrl":"https:\/\/www.qnde.ca\/wp-content\/uploads\/2022\/02\/QNDE_logo_RGB-gif.gif","width":250,"height":64,"caption":"Quality NDT Ltd."},"image":{"@id":"https:\/\/www.qnde.ca\/#\/schema\/logo\/image\/"},"sameAs":["https:\/\/www.linkedin.com\/company\/qnde\/about\/?viewAsMember=true"]}]}},"jetpack_sharing_enabled":true,"_links":{"self":[{"href":"https:\/\/www.qnde.ca\/fr\/wp-json\/wp\/v2\/product\/17540","targetHints":{"allow":["GET"]}}],"collection":[{"href":"https:\/\/www.qnde.ca\/fr\/wp-json\/wp\/v2\/product"}],"about":[{"href":"https:\/\/www.qnde.ca\/fr\/wp-json\/wp\/v2\/types\/product"}],"wp:featuredmedia":[{"embeddable":true,"href":"https:\/\/www.qnde.ca\/fr\/wp-json\/wp\/v2\/media\/10832"}],"wp:attachment":[{"href":"https:\/\/www.qnde.ca\/fr\/wp-json\/wp\/v2\/media?parent=17540"}],"wp:term":[{"taxonomy":"product_brand","embeddable":true,"href":"https:\/\/www.qnde.ca\/fr\/wp-json\/wp\/v2\/product_brand?post=17540"},{"taxonomy":"product_cat","embeddable":true,"href":"https:\/\/www.qnde.ca\/fr\/wp-json\/wp\/v2\/product_cat?post=17540"},{"taxonomy":"product_tag","embeddable":true,"href":"https:\/\/www.qnde.ca\/fr\/wp-json\/wp\/v2\/product_tag?post=17540"}],"curies":[{"name":"wp","href":"https:\/\/api.w.org\/{rel}","templated":true}]}}