{"id":16739,"date":"2021-02-22T15:38:23","date_gmt":"2021-02-22T20:38:23","guid":{"rendered":"https:\/\/www.qnde.ca\/?post_type=product&#038;p=16739"},"modified":"2025-12-03T09:50:07","modified_gmt":"2025-12-03T14:50:07","slug":"989-baby-scar-fr","status":"publish","type":"product","link":"https:\/\/www.qnde.ca\/fr\/produit\/989-baby-scar-fr\/","title":{"rendered":"QSA Global &#8211; 989 Baby SCAR, Appareil d\u2019Exposition"},"content":{"rendered":"<h3><strong>QSA Global &#8211; 989 Baby SCAR, Appareil d\u2019Exposition <\/strong><\/h3>\n<p>L\u2019appareil d\u2019exposition 989 Baby SCAR est pour la gammagraphie directionnelle de soudures sur les pipelines et structures industrielles. Il est sp\u00e9cialement con\u00e7u pour la gammagraphie avec un petit p\u00e9rim\u00e8tre de s\u00e9curit\u00e9 (mode SCAR).<\/p>\n<ul>\n<li>SEN989-01: Appareil d\u2019exposition Baby SCAR seulement, Se-75 (20Ci maximum).<\/li>\n<\/ul>\n","protected":false},"excerpt":{"rendered":"<p>QSA Global &#8211; 989 Baby SCAR, Appareil d\u2019Exposition L\u2019appareil d\u2019exposition 989 Baby SCAR est pour la gammagraphie directionnelle de soudures sur les pipelines et structures industrielles. Il est sp\u00e9cialement con\u00e7u pour la gammagraphie avec un petit p\u00e9rim\u00e8tre de s\u00e9curit\u00e9 (mode SCAR). SEN989-01: Appareil d\u2019exposition Baby SCAR seulement, Se-75 (20Ci maximum).<\/p>\n","protected":false},"featured_media":16740,"template":"","meta":{"_monsterinsights_skip_tracking":false,"_monsterinsights_sitenote_active":false,"_monsterinsights_sitenote_note":"","_monsterinsights_sitenote_category":0},"product_brand":[],"product_cat":[393,139],"product_tag":[],"class_list":{"0":"post-16739","1":"product","2":"type-product","3":"status-publish","4":"has-post-thumbnail","6":"product_cat-qsa-global-fr","7":"product_cat-sources-projecteurs","9":"first","10":"instock","11":"shipping-taxable","12":"purchasable","13":"product-type-simple"},"yoast_head":"<!-- This site is optimized with the Yoast SEO plugin v23.9 - https:\/\/yoast.com\/wordpress\/plugins\/seo\/ -->\n<title>QSA Global - 989 Baby SCAR, Appareil d\u2019Exposition &#060; Qualit\u00e9 NDE<\/title>\n<meta name=\"description\" content=\"Appareil pour la gammagraphie directionnelle de soudures sur les pipelines et structures industrielles. Sp\u00e9cialement con\u00e7u pour la gammagraphie SCAR.\" \/>\n<meta name=\"robots\" content=\"index, follow, max-snippet:-1, max-image-preview:large, max-video-preview:-1\" \/>\n<link rel=\"canonical\" href=\"https:\/\/www.qnde.ca\/fr\/produit\/989-baby-scar-fr\/\" \/>\n<meta name=\"twitter:label1\" content=\"Dur\u00e9e de lecture estim\u00e9e\" \/>\n\t<meta name=\"twitter:data1\" content=\"1 minute\" \/>\n<script type=\"application\/ld+json\" class=\"yoast-schema-graph\">{\"@context\":\"https:\/\/schema.org\",\"@graph\":[{\"@type\":[\"WebPage\",\"ItemPage\"],\"@id\":\"https:\/\/www.qnde.ca\/fr\/produit\/989-baby-scar-fr\/\",\"url\":\"https:\/\/www.qnde.ca\/fr\/produit\/989-baby-scar-fr\/\",\"name\":\"QSA Global - 989 Baby SCAR, Appareil d\u2019Exposition &#060; Qualit\u00e9 NDE\",\"isPartOf\":{\"@id\":\"https:\/\/www.qnde.ca\/#website\"},\"primaryImageOfPage\":{\"@id\":\"https:\/\/www.qnde.ca\/fr\/produit\/989-baby-scar-fr\/#primaryimage\"},\"image\":{\"@id\":\"https:\/\/www.qnde.ca\/fr\/produit\/989-baby-scar-fr\/#primaryimage\"},\"thumbnailUrl\":\"https:\/\/www.qnde.ca\/wp-content\/uploads\/2021\/02\/Sentinel-989-Baby-SCAR.jpg\",\"datePublished\":\"2021-02-22T20:38:23+00:00\",\"dateModified\":\"2025-12-03T14:50:07+00:00\",\"description\":\"Appareil pour la gammagraphie directionnelle de soudures sur les pipelines et structures industrielles. Sp\u00e9cialement con\u00e7u pour la gammagraphie SCAR.\",\"breadcrumb\":{\"@id\":\"https:\/\/www.qnde.ca\/fr\/produit\/989-baby-scar-fr\/#breadcrumb\"},\"inLanguage\":\"fr-FR\",\"potentialAction\":[{\"@type\":\"ReadAction\",\"target\":[\"https:\/\/www.qnde.ca\/fr\/produit\/989-baby-scar-fr\/\"]}]},{\"@type\":\"ImageObject\",\"inLanguage\":\"fr-FR\",\"@id\":\"https:\/\/www.qnde.ca\/fr\/produit\/989-baby-scar-fr\/#primaryimage\",\"url\":\"https:\/\/www.qnde.ca\/wp-content\/uploads\/2021\/02\/Sentinel-989-Baby-SCAR.jpg\",\"contentUrl\":\"https:\/\/www.qnde.ca\/wp-content\/uploads\/2021\/02\/Sentinel-989-Baby-SCAR.jpg\",\"width\":500,\"height\":500,\"caption\":\"Gros plan d\u2019une vanne m\u00e9tallique portant l\u2019inscription \u201cSentinel\u201d, pr\u00e9sent\u00e9e sur un fond blanc, mettant en avant le dispositif QSA Global Baby SCAR.\"},{\"@type\":\"BreadcrumbList\",\"@id\":\"https:\/\/www.qnde.ca\/fr\/produit\/989-baby-scar-fr\/#breadcrumb\",\"itemListElement\":[{\"@type\":\"ListItem\",\"position\":1,\"name\":\"Accueil\",\"item\":\"https:\/\/www.qnde.ca\/fr\/\"},{\"@type\":\"ListItem\",\"position\":2,\"name\":\"Produits\",\"item\":\"https:\/\/www.qnde.ca\/fr\/produits\/\"},{\"@type\":\"ListItem\",\"position\":3,\"name\":\"Radiographie\",\"item\":\"https:\/\/www.qnde.ca\/fr\/product-category\/radiographie\/\"},{\"@type\":\"ListItem\",\"position\":4,\"name\":\"Sources et Projecteurs\",\"item\":\"https:\/\/www.qnde.ca\/fr\/product-category\/radiographie\/sources-projecteurs\/\"},{\"@type\":\"ListItem\",\"position\":5,\"name\":\"QSA Global &#8211; 989 Baby SCAR, Appareil d\u2019Exposition\"}]},{\"@type\":\"WebSite\",\"@id\":\"https:\/\/www.qnde.ca\/#website\",\"url\":\"https:\/\/www.qnde.ca\/\",\"name\":\"Qualit\u00e9 NDE\",\"description\":\"\u00c9quipements d&#039;essais non destructifs \",\"publisher\":{\"@id\":\"https:\/\/www.qnde.ca\/#organization\"},\"potentialAction\":[{\"@type\":\"SearchAction\",\"target\":{\"@type\":\"EntryPoint\",\"urlTemplate\":\"https:\/\/www.qnde.ca\/?s={search_term_string}\"},\"query-input\":{\"@type\":\"PropertyValueSpecification\",\"valueRequired\":true,\"valueName\":\"search_term_string\"}}],\"inLanguage\":\"fr-FR\"},{\"@type\":\"Organization\",\"@id\":\"https:\/\/www.qnde.ca\/#organization\",\"name\":\"Quality NDT Ltd.\",\"url\":\"https:\/\/www.qnde.ca\/\",\"logo\":{\"@type\":\"ImageObject\",\"inLanguage\":\"fr-FR\",\"@id\":\"https:\/\/www.qnde.ca\/#\/schema\/logo\/image\/\",\"url\":\"https:\/\/www.qnde.ca\/wp-content\/uploads\/2022\/02\/QNDE_logo_RGB-gif.gif\",\"contentUrl\":\"https:\/\/www.qnde.ca\/wp-content\/uploads\/2022\/02\/QNDE_logo_RGB-gif.gif\",\"width\":250,\"height\":64,\"caption\":\"Quality NDT Ltd.\"},\"image\":{\"@id\":\"https:\/\/www.qnde.ca\/#\/schema\/logo\/image\/\"},\"sameAs\":[\"https:\/\/www.linkedin.com\/company\/qnde\/about\/?viewAsMember=true\"]}]}<\/script>\n<!-- \/ Yoast SEO plugin. -->","yoast_head_json":{"title":"QSA Global - 989 Baby SCAR, Appareil d\u2019Exposition &#060; Qualit\u00e9 NDE","description":"Appareil pour la gammagraphie directionnelle de soudures sur les pipelines et structures industrielles. Sp\u00e9cialement con\u00e7u pour la gammagraphie SCAR.","robots":{"index":"index","follow":"follow","max-snippet":"max-snippet:-1","max-image-preview":"max-image-preview:large","max-video-preview":"max-video-preview:-1"},"canonical":"https:\/\/www.qnde.ca\/fr\/produit\/989-baby-scar-fr\/","twitter_misc":{"Dur\u00e9e de lecture estim\u00e9e":"1 minute"},"schema":{"@context":"https:\/\/schema.org","@graph":[{"@type":["WebPage","ItemPage"],"@id":"https:\/\/www.qnde.ca\/fr\/produit\/989-baby-scar-fr\/","url":"https:\/\/www.qnde.ca\/fr\/produit\/989-baby-scar-fr\/","name":"QSA Global - 989 Baby SCAR, Appareil d\u2019Exposition &#060; Qualit\u00e9 NDE","isPartOf":{"@id":"https:\/\/www.qnde.ca\/#website"},"primaryImageOfPage":{"@id":"https:\/\/www.qnde.ca\/fr\/produit\/989-baby-scar-fr\/#primaryimage"},"image":{"@id":"https:\/\/www.qnde.ca\/fr\/produit\/989-baby-scar-fr\/#primaryimage"},"thumbnailUrl":"https:\/\/www.qnde.ca\/wp-content\/uploads\/2021\/02\/Sentinel-989-Baby-SCAR.jpg","datePublished":"2021-02-22T20:38:23+00:00","dateModified":"2025-12-03T14:50:07+00:00","description":"Appareil pour la gammagraphie directionnelle de soudures sur les pipelines et structures industrielles. Sp\u00e9cialement con\u00e7u pour la gammagraphie SCAR.","breadcrumb":{"@id":"https:\/\/www.qnde.ca\/fr\/produit\/989-baby-scar-fr\/#breadcrumb"},"inLanguage":"fr-FR","potentialAction":[{"@type":"ReadAction","target":["https:\/\/www.qnde.ca\/fr\/produit\/989-baby-scar-fr\/"]}]},{"@type":"ImageObject","inLanguage":"fr-FR","@id":"https:\/\/www.qnde.ca\/fr\/produit\/989-baby-scar-fr\/#primaryimage","url":"https:\/\/www.qnde.ca\/wp-content\/uploads\/2021\/02\/Sentinel-989-Baby-SCAR.jpg","contentUrl":"https:\/\/www.qnde.ca\/wp-content\/uploads\/2021\/02\/Sentinel-989-Baby-SCAR.jpg","width":500,"height":500,"caption":"Gros plan d\u2019une vanne m\u00e9tallique portant l\u2019inscription \u201cSentinel\u201d, pr\u00e9sent\u00e9e sur un fond blanc, mettant en avant le dispositif QSA Global Baby SCAR."},{"@type":"BreadcrumbList","@id":"https:\/\/www.qnde.ca\/fr\/produit\/989-baby-scar-fr\/#breadcrumb","itemListElement":[{"@type":"ListItem","position":1,"name":"Accueil","item":"https:\/\/www.qnde.ca\/fr\/"},{"@type":"ListItem","position":2,"name":"Produits","item":"https:\/\/www.qnde.ca\/fr\/produits\/"},{"@type":"ListItem","position":3,"name":"Radiographie","item":"https:\/\/www.qnde.ca\/fr\/product-category\/radiographie\/"},{"@type":"ListItem","position":4,"name":"Sources et Projecteurs","item":"https:\/\/www.qnde.ca\/fr\/product-category\/radiographie\/sources-projecteurs\/"},{"@type":"ListItem","position":5,"name":"QSA Global &#8211; 989 Baby SCAR, Appareil d\u2019Exposition"}]},{"@type":"WebSite","@id":"https:\/\/www.qnde.ca\/#website","url":"https:\/\/www.qnde.ca\/","name":"Qualit\u00e9 NDE","description":"\u00c9quipements d&#039;essais non destructifs ","publisher":{"@id":"https:\/\/www.qnde.ca\/#organization"},"potentialAction":[{"@type":"SearchAction","target":{"@type":"EntryPoint","urlTemplate":"https:\/\/www.qnde.ca\/?s={search_term_string}"},"query-input":{"@type":"PropertyValueSpecification","valueRequired":true,"valueName":"search_term_string"}}],"inLanguage":"fr-FR"},{"@type":"Organization","@id":"https:\/\/www.qnde.ca\/#organization","name":"Quality NDT Ltd.","url":"https:\/\/www.qnde.ca\/","logo":{"@type":"ImageObject","inLanguage":"fr-FR","@id":"https:\/\/www.qnde.ca\/#\/schema\/logo\/image\/","url":"https:\/\/www.qnde.ca\/wp-content\/uploads\/2022\/02\/QNDE_logo_RGB-gif.gif","contentUrl":"https:\/\/www.qnde.ca\/wp-content\/uploads\/2022\/02\/QNDE_logo_RGB-gif.gif","width":250,"height":64,"caption":"Quality NDT Ltd."},"image":{"@id":"https:\/\/www.qnde.ca\/#\/schema\/logo\/image\/"},"sameAs":["https:\/\/www.linkedin.com\/company\/qnde\/about\/?viewAsMember=true"]}]}},"jetpack_sharing_enabled":true,"_links":{"self":[{"href":"https:\/\/www.qnde.ca\/fr\/wp-json\/wp\/v2\/product\/16739","targetHints":{"allow":["GET"]}}],"collection":[{"href":"https:\/\/www.qnde.ca\/fr\/wp-json\/wp\/v2\/product"}],"about":[{"href":"https:\/\/www.qnde.ca\/fr\/wp-json\/wp\/v2\/types\/product"}],"wp:featuredmedia":[{"embeddable":true,"href":"https:\/\/www.qnde.ca\/fr\/wp-json\/wp\/v2\/media\/16740"}],"wp:attachment":[{"href":"https:\/\/www.qnde.ca\/fr\/wp-json\/wp\/v2\/media?parent=16739"}],"wp:term":[{"taxonomy":"product_brand","embeddable":true,"href":"https:\/\/www.qnde.ca\/fr\/wp-json\/wp\/v2\/product_brand?post=16739"},{"taxonomy":"product_cat","embeddable":true,"href":"https:\/\/www.qnde.ca\/fr\/wp-json\/wp\/v2\/product_cat?post=16739"},{"taxonomy":"product_tag","embeddable":true,"href":"https:\/\/www.qnde.ca\/fr\/wp-json\/wp\/v2\/product_tag?post=16739"}],"curies":[{"name":"wp","href":"https:\/\/api.w.org\/{rel}","templated":true}]}}