{"id":16705,"date":"2021-02-22T14:25:38","date_gmt":"2021-02-22T19:25:38","guid":{"rendered":"https:\/\/www.qnde.ca\/?post_type=product&#038;p=16705"},"modified":"2024-10-17T17:22:33","modified_gmt":"2024-10-17T21:22:33","slug":"projecteur-source-cobalt60-sentry","status":"publish","type":"product","link":"https:\/\/www.qnde.ca\/fr\/produit\/projecteur-source-cobalt60-sentry\/","title":{"rendered":"QSA Global &#8211; Projecteur de Source Cobalt-60 Sentry"},"content":{"rendered":"<h3><strong>QSA Global &#8211; Projecteur de Source Cobalt-60 Sentry<\/strong><\/h3>\n<p>Les projecteurs de source Cobalt-60 Sentry sont des appareils d&rsquo;exposition gammagraphiques, industriels, mobiles pour utilisation sur le terrain. Ils consistent en un tube en \u00ab\u00a0S\u00a0\u00bb en titane et d\u2019un blindage moul\u00e9 en l&rsquo;uranium appauvri (UA), contenu dans un cylindre de stainless de s\u00e9rie 300.<\/p>\n\n<table id=\"tablepress-Cobalt60_FR\" class=\"tablepress tablepress-id-Cobalt60_FR\">\n<thead>\n<tr class=\"row-1\">\n\t<th class=\"column-1\"><\/th><th class=\"column-2\">Cobalt-60<\/th>\n<\/tr>\n<\/thead>\n<tbody class=\"row-striping row-hover\">\n<tr class=\"row-2\">\n\t<td class=\"column-1\">No. pi\u00e8ce<\/td><td class=\"column-2\">A424-19<\/td>\n<\/tr>\n<tr class=\"row-3\">\n\t<td class=\"column-1\">\u00c9nergie Gamma<\/td><td class=\"column-2\">1170-1330 keV<\/td>\n<\/tr>\n<tr class=\"row-4\">\n\t<td class=\"column-1\">Demi-vie<\/td><td class=\"column-2\">5.27 ans<\/td>\n<\/tr>\n<tr class=\"row-5\">\n\t<td class=\"column-1\">\u00c9paisseur approximative de p\u00e9n\u00e9tration dans l\u2019acier.<\/td><td class=\"column-2\">50-150mm<\/td>\n<\/tr>\n<\/tbody>\n<tfoot>\n<tr class=\"row-6\">\n\t<th class=\"column-1\"><\/th><th class=\"column-2\"><\/th>\n<\/tr>\n<\/tfoot>\n<\/table>\n<!-- #tablepress-Cobalt60_FR from cache -->\n<ul>\n<li>SENTRY110: Projecteur Sentry \u2013 Cobalt-60 jusqu\u2019\u00e0 110 Curie.<\/li>\n<li>SENTRY330: Projecteur Sentry \u2013 jusqu\u2019\u00e0 330 Curie.<\/li>\n<\/ul>\n<p>Accessoire<\/p>\n<ul>\n<li>85950: Chariot de transport pour projecteur Sentry.<\/li>\n<\/ul>\n","protected":false},"excerpt":{"rendered":"<p>QSA Global &#8211; Projecteur de Source Cobalt-60 Sentry Les projecteurs de source Cobalt-60 Sentry sont des appareils d&rsquo;exposition gammagraphiques, industriels, mobiles pour utilisation sur le terrain. Ils consistent en un tube en \u00ab\u00a0S\u00a0\u00bb en titane et d\u2019un blindage moul\u00e9 en l&rsquo;uranium appauvri (UA), contenu dans un cylindre de stainless de s\u00e9rie 300. SENTRY110: Projecteur Sentry [&hellip;]<\/p>\n","protected":false},"featured_media":16710,"template":"","meta":{"_monsterinsights_skip_tracking":false,"_monsterinsights_sitenote_active":false,"_monsterinsights_sitenote_note":"","_monsterinsights_sitenote_category":0},"product_brand":[],"product_cat":[393,139],"product_tag":[],"class_list":{"0":"post-16705","1":"product","2":"type-product","3":"status-publish","4":"has-post-thumbnail","6":"product_cat-qsa-global-fr","7":"product_cat-sources-projecteurs","9":"first","10":"instock","11":"shipping-taxable","12":"purchasable","13":"product-type-variable"},"yoast_head":"<!-- This site is optimized with the Yoast SEO plugin v23.9 - https:\/\/yoast.com\/wordpress\/plugins\/seo\/ -->\n<title>QSA Global - Projecteur de Source Cobalt-60 Sentry &#060; Qualit\u00e9 NDE<\/title>\n<meta name=\"description\" content=\"Appareils d&#039;exposition gammagraphiques, industriels, mobiles pour utilisation sur le terrain.\" \/>\n<meta name=\"robots\" content=\"index, follow, max-snippet:-1, max-image-preview:large, max-video-preview:-1\" \/>\n<link rel=\"canonical\" href=\"https:\/\/www.qnde.ca\/fr\/produit\/projecteur-source-cobalt60-sentry\/\" \/>\n<meta name=\"twitter:label1\" content=\"Dur\u00e9e de lecture estim\u00e9e\" \/>\n\t<meta name=\"twitter:data1\" content=\"1 minute\" \/>\n<script type=\"application\/ld+json\" class=\"yoast-schema-graph\">{\"@context\":\"https:\/\/schema.org\",\"@graph\":[{\"@type\":[\"WebPage\",\"ItemPage\"],\"@id\":\"https:\/\/www.qnde.ca\/fr\/produit\/projecteur-source-cobalt60-sentry\/\",\"url\":\"https:\/\/www.qnde.ca\/fr\/produit\/projecteur-source-cobalt60-sentry\/\",\"name\":\"QSA Global - Projecteur de Source Cobalt-60 Sentry &#060; Qualit\u00e9 NDE\",\"isPartOf\":{\"@id\":\"https:\/\/www.qnde.ca\/#website\"},\"primaryImageOfPage\":{\"@id\":\"https:\/\/www.qnde.ca\/fr\/produit\/projecteur-source-cobalt60-sentry\/#primaryimage\"},\"image\":{\"@id\":\"https:\/\/www.qnde.ca\/fr\/produit\/projecteur-source-cobalt60-sentry\/#primaryimage\"},\"thumbnailUrl\":\"https:\/\/www.qnde.ca\/wp-content\/uploads\/2021\/02\/SENTRY-330-1-slr-scaled.jpg\",\"datePublished\":\"2021-02-22T19:25:38+00:00\",\"dateModified\":\"2024-10-17T21:22:33+00:00\",\"description\":\"Appareils d'exposition gammagraphiques, industriels, mobiles pour utilisation sur le terrain.\",\"breadcrumb\":{\"@id\":\"https:\/\/www.qnde.ca\/fr\/produit\/projecteur-source-cobalt60-sentry\/#breadcrumb\"},\"inLanguage\":\"fr-FR\",\"potentialAction\":[{\"@type\":\"ReadAction\",\"target\":[\"https:\/\/www.qnde.ca\/fr\/produit\/projecteur-source-cobalt60-sentry\/\"]}]},{\"@type\":\"ImageObject\",\"inLanguage\":\"fr-FR\",\"@id\":\"https:\/\/www.qnde.ca\/fr\/produit\/projecteur-source-cobalt60-sentry\/#primaryimage\",\"url\":\"https:\/\/www.qnde.ca\/wp-content\/uploads\/2021\/02\/SENTRY-330-1-slr-scaled.jpg\",\"contentUrl\":\"https:\/\/www.qnde.ca\/wp-content\/uploads\/2021\/02\/SENTRY-330-1-slr-scaled.jpg\",\"width\":2048,\"height\":2048},{\"@type\":\"BreadcrumbList\",\"@id\":\"https:\/\/www.qnde.ca\/fr\/produit\/projecteur-source-cobalt60-sentry\/#breadcrumb\",\"itemListElement\":[{\"@type\":\"ListItem\",\"position\":1,\"name\":\"Accueil\",\"item\":\"https:\/\/www.qnde.ca\/fr\/\"},{\"@type\":\"ListItem\",\"position\":2,\"name\":\"Produits\",\"item\":\"https:\/\/www.qnde.ca\/fr\/produits\/\"},{\"@type\":\"ListItem\",\"position\":3,\"name\":\"Radiographie\",\"item\":\"https:\/\/www.qnde.ca\/fr\/product-category\/radiographie\/\"},{\"@type\":\"ListItem\",\"position\":4,\"name\":\"Sources et Projecteurs\",\"item\":\"https:\/\/www.qnde.ca\/fr\/product-category\/radiographie\/sources-projecteurs\/\"},{\"@type\":\"ListItem\",\"position\":5,\"name\":\"QSA Global &#8211; Projecteur de Source Cobalt-60 Sentry\"}]},{\"@type\":\"WebSite\",\"@id\":\"https:\/\/www.qnde.ca\/#website\",\"url\":\"https:\/\/www.qnde.ca\/\",\"name\":\"Qualit\u00e9 NDE\",\"description\":\"\u00c9quipements d&#039;essais non destructifs \",\"publisher\":{\"@id\":\"https:\/\/www.qnde.ca\/#organization\"},\"potentialAction\":[{\"@type\":\"SearchAction\",\"target\":{\"@type\":\"EntryPoint\",\"urlTemplate\":\"https:\/\/www.qnde.ca\/?s={search_term_string}\"},\"query-input\":{\"@type\":\"PropertyValueSpecification\",\"valueRequired\":true,\"valueName\":\"search_term_string\"}}],\"inLanguage\":\"fr-FR\"},{\"@type\":\"Organization\",\"@id\":\"https:\/\/www.qnde.ca\/#organization\",\"name\":\"Quality NDT Ltd.\",\"url\":\"https:\/\/www.qnde.ca\/\",\"logo\":{\"@type\":\"ImageObject\",\"inLanguage\":\"fr-FR\",\"@id\":\"https:\/\/www.qnde.ca\/#\/schema\/logo\/image\/\",\"url\":\"https:\/\/www.qnde.ca\/wp-content\/uploads\/2022\/02\/QNDE_logo_RGB-gif.gif\",\"contentUrl\":\"https:\/\/www.qnde.ca\/wp-content\/uploads\/2022\/02\/QNDE_logo_RGB-gif.gif\",\"width\":250,\"height\":64,\"caption\":\"Quality NDT Ltd.\"},\"image\":{\"@id\":\"https:\/\/www.qnde.ca\/#\/schema\/logo\/image\/\"},\"sameAs\":[\"https:\/\/www.linkedin.com\/company\/qnde\/about\/?viewAsMember=true\"]}]}<\/script>\n<!-- \/ Yoast SEO plugin. -->","yoast_head_json":{"title":"QSA Global - Projecteur de Source Cobalt-60 Sentry &#060; Qualit\u00e9 NDE","description":"Appareils d'exposition gammagraphiques, industriels, mobiles pour utilisation sur le terrain.","robots":{"index":"index","follow":"follow","max-snippet":"max-snippet:-1","max-image-preview":"max-image-preview:large","max-video-preview":"max-video-preview:-1"},"canonical":"https:\/\/www.qnde.ca\/fr\/produit\/projecteur-source-cobalt60-sentry\/","twitter_misc":{"Dur\u00e9e de lecture estim\u00e9e":"1 minute"},"schema":{"@context":"https:\/\/schema.org","@graph":[{"@type":["WebPage","ItemPage"],"@id":"https:\/\/www.qnde.ca\/fr\/produit\/projecteur-source-cobalt60-sentry\/","url":"https:\/\/www.qnde.ca\/fr\/produit\/projecteur-source-cobalt60-sentry\/","name":"QSA Global - Projecteur de Source Cobalt-60 Sentry &#060; Qualit\u00e9 NDE","isPartOf":{"@id":"https:\/\/www.qnde.ca\/#website"},"primaryImageOfPage":{"@id":"https:\/\/www.qnde.ca\/fr\/produit\/projecteur-source-cobalt60-sentry\/#primaryimage"},"image":{"@id":"https:\/\/www.qnde.ca\/fr\/produit\/projecteur-source-cobalt60-sentry\/#primaryimage"},"thumbnailUrl":"https:\/\/www.qnde.ca\/wp-content\/uploads\/2021\/02\/SENTRY-330-1-slr-scaled.jpg","datePublished":"2021-02-22T19:25:38+00:00","dateModified":"2024-10-17T21:22:33+00:00","description":"Appareils d'exposition gammagraphiques, industriels, mobiles pour utilisation sur le terrain.","breadcrumb":{"@id":"https:\/\/www.qnde.ca\/fr\/produit\/projecteur-source-cobalt60-sentry\/#breadcrumb"},"inLanguage":"fr-FR","potentialAction":[{"@type":"ReadAction","target":["https:\/\/www.qnde.ca\/fr\/produit\/projecteur-source-cobalt60-sentry\/"]}]},{"@type":"ImageObject","inLanguage":"fr-FR","@id":"https:\/\/www.qnde.ca\/fr\/produit\/projecteur-source-cobalt60-sentry\/#primaryimage","url":"https:\/\/www.qnde.ca\/wp-content\/uploads\/2021\/02\/SENTRY-330-1-slr-scaled.jpg","contentUrl":"https:\/\/www.qnde.ca\/wp-content\/uploads\/2021\/02\/SENTRY-330-1-slr-scaled.jpg","width":2048,"height":2048},{"@type":"BreadcrumbList","@id":"https:\/\/www.qnde.ca\/fr\/produit\/projecteur-source-cobalt60-sentry\/#breadcrumb","itemListElement":[{"@type":"ListItem","position":1,"name":"Accueil","item":"https:\/\/www.qnde.ca\/fr\/"},{"@type":"ListItem","position":2,"name":"Produits","item":"https:\/\/www.qnde.ca\/fr\/produits\/"},{"@type":"ListItem","position":3,"name":"Radiographie","item":"https:\/\/www.qnde.ca\/fr\/product-category\/radiographie\/"},{"@type":"ListItem","position":4,"name":"Sources et Projecteurs","item":"https:\/\/www.qnde.ca\/fr\/product-category\/radiographie\/sources-projecteurs\/"},{"@type":"ListItem","position":5,"name":"QSA Global &#8211; Projecteur de Source Cobalt-60 Sentry"}]},{"@type":"WebSite","@id":"https:\/\/www.qnde.ca\/#website","url":"https:\/\/www.qnde.ca\/","name":"Qualit\u00e9 NDE","description":"\u00c9quipements d&#039;essais non destructifs ","publisher":{"@id":"https:\/\/www.qnde.ca\/#organization"},"potentialAction":[{"@type":"SearchAction","target":{"@type":"EntryPoint","urlTemplate":"https:\/\/www.qnde.ca\/?s={search_term_string}"},"query-input":{"@type":"PropertyValueSpecification","valueRequired":true,"valueName":"search_term_string"}}],"inLanguage":"fr-FR"},{"@type":"Organization","@id":"https:\/\/www.qnde.ca\/#organization","name":"Quality NDT Ltd.","url":"https:\/\/www.qnde.ca\/","logo":{"@type":"ImageObject","inLanguage":"fr-FR","@id":"https:\/\/www.qnde.ca\/#\/schema\/logo\/image\/","url":"https:\/\/www.qnde.ca\/wp-content\/uploads\/2022\/02\/QNDE_logo_RGB-gif.gif","contentUrl":"https:\/\/www.qnde.ca\/wp-content\/uploads\/2022\/02\/QNDE_logo_RGB-gif.gif","width":250,"height":64,"caption":"Quality NDT Ltd."},"image":{"@id":"https:\/\/www.qnde.ca\/#\/schema\/logo\/image\/"},"sameAs":["https:\/\/www.linkedin.com\/company\/qnde\/about\/?viewAsMember=true"]}]}},"jetpack_sharing_enabled":true,"_links":{"self":[{"href":"https:\/\/www.qnde.ca\/fr\/wp-json\/wp\/v2\/product\/16705","targetHints":{"allow":["GET"]}}],"collection":[{"href":"https:\/\/www.qnde.ca\/fr\/wp-json\/wp\/v2\/product"}],"about":[{"href":"https:\/\/www.qnde.ca\/fr\/wp-json\/wp\/v2\/types\/product"}],"wp:featuredmedia":[{"embeddable":true,"href":"https:\/\/www.qnde.ca\/fr\/wp-json\/wp\/v2\/media\/16710"}],"wp:attachment":[{"href":"https:\/\/www.qnde.ca\/fr\/wp-json\/wp\/v2\/media?parent=16705"}],"wp:term":[{"taxonomy":"product_brand","embeddable":true,"href":"https:\/\/www.qnde.ca\/fr\/wp-json\/wp\/v2\/product_brand?post=16705"},{"taxonomy":"product_cat","embeddable":true,"href":"https:\/\/www.qnde.ca\/fr\/wp-json\/wp\/v2\/product_cat?post=16705"},{"taxonomy":"product_tag","embeddable":true,"href":"https:\/\/www.qnde.ca\/fr\/wp-json\/wp\/v2\/product_tag?post=16705"}],"curies":[{"name":"wp","href":"https:\/\/api.w.org\/{rel}","templated":true}]}}