{"id":16435,"date":"2021-02-22T09:27:19","date_gmt":"2021-02-22T14:27:19","guid":{"rendered":"https:\/\/www.qnde.ca\/?post_type=product&#038;p=16435"},"modified":"2025-08-13T14:53:19","modified_gmt":"2025-08-13T18:53:19","slug":"lampe-alarme-perimetre-securite","status":"publish","type":"product","link":"https:\/\/www.qnde.ca\/fr\/produit\/lampe-alarme-perimetre-securite\/","title":{"rendered":"QNDE Lampes et Alarme Sonore pour P\u00e9rim\u00e8tre de S\u00e9curit\u00e9"},"content":{"rendered":"<h3><strong>QNDE Lampe et Alarme Sonore pour P\u00e9rim\u00e8tre de S\u00e9curit\u00e9 \u2013 R\u00e9sistante aux Chocs et \u00e0 l\u2019Eau.<\/strong><\/h3>\n<p>Sant\u00e9 Canada et le RED Act requiert une alarme visible et sonore lors de radiographies (selon les exigences locales). La lampe robuste IP67 est contr\u00f4l\u00e9e et aliment\u00e9e par l\u2019unit\u00e9 de contr\u00f4le de rayons-x. Lumi\u00e8re jaune clignotante et alarme sonore de 94dB (avant l\u2019activation du rayon-x), lumi\u00e8re rouge clignotante (durant d\u2019activation du rayon-x). Lampe r\u00e9sistante aux chocs (MIL-STD-202F), vient avec un c\u00e2ble de 98.43&prime; (30m) et un crochet magn\u00e9tique de stainless \u00e0 installer \u00e0 un endroit visible.<\/p>\n<ul>\n<li>QPWL-EVO: Lampe et alarme sonore pour p\u00e9rim\u00e8tre de s\u00e9curit\u00e9 \u2013 R\u00e9sistante aux chocs et \u00e9tanche \u00e0 l\u2019eau \u2013 Pour syst\u00e8me Comet EVO.<\/li>\n<li>QPWL-XMB: Lampe et alarme sonore pour p\u00e9rim\u00e8tre de s\u00e9curit\u00e9 \u2013 R\u00e9sistante aux chocs et \u00e9tanche \u00e0 l\u2019eau \u2013 Pour syst\u00e8me Comet XMB.<\/li>\n<li>QPWL-ICM: Lampe et alarme sonore pour p\u00e9rim\u00e8tre de s\u00e9curit\u00e9 \u2013 R\u00e9sistante aux chocs et \u00e9tanche \u00e0 l\u2019eau \u2013 Pour syst\u00e8me Teledyne\/ICM.<\/li>\n<\/ul>\n","protected":false},"excerpt":{"rendered":"<p>QNDE Lampe et Alarme Sonore pour P\u00e9rim\u00e8tre de S\u00e9curit\u00e9 \u2013 R\u00e9sistante aux Chocs et \u00e0 l\u2019Eau. Sant\u00e9 Canada et le RED Act requiert une alarme visible et sonore lors de radiographies (selon les exigences locales). La lampe robuste IP67 est contr\u00f4l\u00e9e et aliment\u00e9e par l\u2019unit\u00e9 de contr\u00f4le de rayons-x. Lumi\u00e8re jaune clignotante et alarme sonore [&hellip;]<\/p>\n","protected":false},"featured_media":22930,"template":"","meta":{"_monsterinsights_skip_tracking":false,"_monsterinsights_sitenote_active":false,"_monsterinsights_sitenote_note":"","_monsterinsights_sitenote_category":0},"product_brand":[],"product_cat":[392,143],"product_tag":[],"class_list":{"0":"post-16435","1":"product","2":"type-product","3":"status-publish","4":"has-post-thumbnail","6":"product_cat-qnde-fr","7":"product_cat-radioprotection","9":"first","10":"instock","11":"shipping-taxable","12":"purchasable","13":"product-type-variable"},"yoast_head":"<!-- This site is optimized with the Yoast SEO plugin v23.9 - https:\/\/yoast.com\/wordpress\/plugins\/seo\/ -->\n<title>QNDE Lampes et Alarme Sonore pour P\u00e9rim\u00e8tre de S\u00e9curit\u00e9 &#060; Qualit\u00e9 NDE<\/title>\n<meta name=\"description\" content=\"Lampe robuste IP67 contr\u00f4l\u00e9e et aliment\u00e9e par unit\u00e9 de contr\u00f4le de rayons-x. S&#039;adapte aux syst\u00e8mes Comet EVO, Comet XMB et Teledyne\/ICM.\" \/>\n<meta name=\"robots\" content=\"index, follow, max-snippet:-1, max-image-preview:large, max-video-preview:-1\" \/>\n<link rel=\"canonical\" href=\"https:\/\/www.qnde.ca\/fr\/produit\/lampe-alarme-perimetre-securite\/\" \/>\n<meta name=\"twitter:label1\" content=\"Dur\u00e9e de lecture estim\u00e9e\" \/>\n\t<meta name=\"twitter:data1\" content=\"1 minute\" \/>\n<script type=\"application\/ld+json\" class=\"yoast-schema-graph\">{\"@context\":\"https:\/\/schema.org\",\"@graph\":[{\"@type\":[\"WebPage\",\"ItemPage\"],\"@id\":\"https:\/\/www.qnde.ca\/fr\/produit\/lampe-alarme-perimetre-securite\/\",\"url\":\"https:\/\/www.qnde.ca\/fr\/produit\/lampe-alarme-perimetre-securite\/\",\"name\":\"QNDE Lampes et Alarme Sonore pour P\u00e9rim\u00e8tre de S\u00e9curit\u00e9 &#060; Qualit\u00e9 NDE\",\"isPartOf\":{\"@id\":\"https:\/\/www.qnde.ca\/#website\"},\"primaryImageOfPage\":{\"@id\":\"https:\/\/www.qnde.ca\/fr\/produit\/lampe-alarme-perimetre-securite\/#primaryimage\"},\"image\":{\"@id\":\"https:\/\/www.qnde.ca\/fr\/produit\/lampe-alarme-perimetre-securite\/#primaryimage\"},\"thumbnailUrl\":\"https:\/\/www.qnde.ca\/wp-content\/uploads\/2022\/01\/IMG_4802-scaled-e1642103168713-scaled.jpg\",\"datePublished\":\"2021-02-22T14:27:19+00:00\",\"dateModified\":\"2025-08-13T18:53:19+00:00\",\"description\":\"Lampe robuste IP67 contr\u00f4l\u00e9e et aliment\u00e9e par unit\u00e9 de contr\u00f4le de rayons-x. S'adapte aux syst\u00e8mes Comet EVO, Comet XMB et Teledyne\/ICM.\",\"breadcrumb\":{\"@id\":\"https:\/\/www.qnde.ca\/fr\/produit\/lampe-alarme-perimetre-securite\/#breadcrumb\"},\"inLanguage\":\"fr-FR\",\"potentialAction\":[{\"@type\":\"ReadAction\",\"target\":[\"https:\/\/www.qnde.ca\/fr\/produit\/lampe-alarme-perimetre-securite\/\"]}]},{\"@type\":\"ImageObject\",\"inLanguage\":\"fr-FR\",\"@id\":\"https:\/\/www.qnde.ca\/fr\/produit\/lampe-alarme-perimetre-securite\/#primaryimage\",\"url\":\"https:\/\/www.qnde.ca\/wp-content\/uploads\/2022\/01\/IMG_4802-scaled-e1642103168713-scaled.jpg\",\"contentUrl\":\"https:\/\/www.qnde.ca\/wp-content\/uploads\/2022\/01\/IMG_4802-scaled-e1642103168713-scaled.jpg\",\"width\":1536,\"height\":2048},{\"@type\":\"BreadcrumbList\",\"@id\":\"https:\/\/www.qnde.ca\/fr\/produit\/lampe-alarme-perimetre-securite\/#breadcrumb\",\"itemListElement\":[{\"@type\":\"ListItem\",\"position\":1,\"name\":\"Accueil\",\"item\":\"https:\/\/www.qnde.ca\/fr\/\"},{\"@type\":\"ListItem\",\"position\":2,\"name\":\"Produits\",\"item\":\"https:\/\/www.qnde.ca\/fr\/produits\/\"},{\"@type\":\"ListItem\",\"position\":3,\"name\":\"Radiographie\",\"item\":\"https:\/\/www.qnde.ca\/fr\/product-category\/radiographie\/\"},{\"@type\":\"ListItem\",\"position\":4,\"name\":\"Radioprotection\",\"item\":\"https:\/\/www.qnde.ca\/fr\/product-category\/radiographie\/radioprotection\/\"},{\"@type\":\"ListItem\",\"position\":5,\"name\":\"QNDE Lampes et Alarme Sonore pour P\u00e9rim\u00e8tre de S\u00e9curit\u00e9\"}]},{\"@type\":\"WebSite\",\"@id\":\"https:\/\/www.qnde.ca\/#website\",\"url\":\"https:\/\/www.qnde.ca\/\",\"name\":\"Qualit\u00e9 NDE\",\"description\":\"\u00c9quipements d&#039;essais non destructifs \",\"publisher\":{\"@id\":\"https:\/\/www.qnde.ca\/#organization\"},\"potentialAction\":[{\"@type\":\"SearchAction\",\"target\":{\"@type\":\"EntryPoint\",\"urlTemplate\":\"https:\/\/www.qnde.ca\/?s={search_term_string}\"},\"query-input\":{\"@type\":\"PropertyValueSpecification\",\"valueRequired\":true,\"valueName\":\"search_term_string\"}}],\"inLanguage\":\"fr-FR\"},{\"@type\":\"Organization\",\"@id\":\"https:\/\/www.qnde.ca\/#organization\",\"name\":\"Quality NDT Ltd.\",\"url\":\"https:\/\/www.qnde.ca\/\",\"logo\":{\"@type\":\"ImageObject\",\"inLanguage\":\"fr-FR\",\"@id\":\"https:\/\/www.qnde.ca\/#\/schema\/logo\/image\/\",\"url\":\"https:\/\/www.qnde.ca\/wp-content\/uploads\/2022\/02\/QNDE_logo_RGB-gif.gif\",\"contentUrl\":\"https:\/\/www.qnde.ca\/wp-content\/uploads\/2022\/02\/QNDE_logo_RGB-gif.gif\",\"width\":250,\"height\":64,\"caption\":\"Quality NDT Ltd.\"},\"image\":{\"@id\":\"https:\/\/www.qnde.ca\/#\/schema\/logo\/image\/\"},\"sameAs\":[\"https:\/\/www.linkedin.com\/company\/qnde\/about\/?viewAsMember=true\"]}]}<\/script>\n<!-- \/ Yoast SEO plugin. -->","yoast_head_json":{"title":"QNDE Lampes et Alarme Sonore pour P\u00e9rim\u00e8tre de S\u00e9curit\u00e9 &#060; Qualit\u00e9 NDE","description":"Lampe robuste IP67 contr\u00f4l\u00e9e et aliment\u00e9e par unit\u00e9 de contr\u00f4le de rayons-x. S'adapte aux syst\u00e8mes Comet EVO, Comet XMB et Teledyne\/ICM.","robots":{"index":"index","follow":"follow","max-snippet":"max-snippet:-1","max-image-preview":"max-image-preview:large","max-video-preview":"max-video-preview:-1"},"canonical":"https:\/\/www.qnde.ca\/fr\/produit\/lampe-alarme-perimetre-securite\/","twitter_misc":{"Dur\u00e9e de lecture estim\u00e9e":"1 minute"},"schema":{"@context":"https:\/\/schema.org","@graph":[{"@type":["WebPage","ItemPage"],"@id":"https:\/\/www.qnde.ca\/fr\/produit\/lampe-alarme-perimetre-securite\/","url":"https:\/\/www.qnde.ca\/fr\/produit\/lampe-alarme-perimetre-securite\/","name":"QNDE Lampes et Alarme Sonore pour P\u00e9rim\u00e8tre de S\u00e9curit\u00e9 &#060; Qualit\u00e9 NDE","isPartOf":{"@id":"https:\/\/www.qnde.ca\/#website"},"primaryImageOfPage":{"@id":"https:\/\/www.qnde.ca\/fr\/produit\/lampe-alarme-perimetre-securite\/#primaryimage"},"image":{"@id":"https:\/\/www.qnde.ca\/fr\/produit\/lampe-alarme-perimetre-securite\/#primaryimage"},"thumbnailUrl":"https:\/\/www.qnde.ca\/wp-content\/uploads\/2022\/01\/IMG_4802-scaled-e1642103168713-scaled.jpg","datePublished":"2021-02-22T14:27:19+00:00","dateModified":"2025-08-13T18:53:19+00:00","description":"Lampe robuste IP67 contr\u00f4l\u00e9e et aliment\u00e9e par unit\u00e9 de contr\u00f4le de rayons-x. S'adapte aux syst\u00e8mes Comet EVO, Comet XMB et Teledyne\/ICM.","breadcrumb":{"@id":"https:\/\/www.qnde.ca\/fr\/produit\/lampe-alarme-perimetre-securite\/#breadcrumb"},"inLanguage":"fr-FR","potentialAction":[{"@type":"ReadAction","target":["https:\/\/www.qnde.ca\/fr\/produit\/lampe-alarme-perimetre-securite\/"]}]},{"@type":"ImageObject","inLanguage":"fr-FR","@id":"https:\/\/www.qnde.ca\/fr\/produit\/lampe-alarme-perimetre-securite\/#primaryimage","url":"https:\/\/www.qnde.ca\/wp-content\/uploads\/2022\/01\/IMG_4802-scaled-e1642103168713-scaled.jpg","contentUrl":"https:\/\/www.qnde.ca\/wp-content\/uploads\/2022\/01\/IMG_4802-scaled-e1642103168713-scaled.jpg","width":1536,"height":2048},{"@type":"BreadcrumbList","@id":"https:\/\/www.qnde.ca\/fr\/produit\/lampe-alarme-perimetre-securite\/#breadcrumb","itemListElement":[{"@type":"ListItem","position":1,"name":"Accueil","item":"https:\/\/www.qnde.ca\/fr\/"},{"@type":"ListItem","position":2,"name":"Produits","item":"https:\/\/www.qnde.ca\/fr\/produits\/"},{"@type":"ListItem","position":3,"name":"Radiographie","item":"https:\/\/www.qnde.ca\/fr\/product-category\/radiographie\/"},{"@type":"ListItem","position":4,"name":"Radioprotection","item":"https:\/\/www.qnde.ca\/fr\/product-category\/radiographie\/radioprotection\/"},{"@type":"ListItem","position":5,"name":"QNDE Lampes et Alarme Sonore pour P\u00e9rim\u00e8tre de S\u00e9curit\u00e9"}]},{"@type":"WebSite","@id":"https:\/\/www.qnde.ca\/#website","url":"https:\/\/www.qnde.ca\/","name":"Qualit\u00e9 NDE","description":"\u00c9quipements d&#039;essais non destructifs ","publisher":{"@id":"https:\/\/www.qnde.ca\/#organization"},"potentialAction":[{"@type":"SearchAction","target":{"@type":"EntryPoint","urlTemplate":"https:\/\/www.qnde.ca\/?s={search_term_string}"},"query-input":{"@type":"PropertyValueSpecification","valueRequired":true,"valueName":"search_term_string"}}],"inLanguage":"fr-FR"},{"@type":"Organization","@id":"https:\/\/www.qnde.ca\/#organization","name":"Quality NDT Ltd.","url":"https:\/\/www.qnde.ca\/","logo":{"@type":"ImageObject","inLanguage":"fr-FR","@id":"https:\/\/www.qnde.ca\/#\/schema\/logo\/image\/","url":"https:\/\/www.qnde.ca\/wp-content\/uploads\/2022\/02\/QNDE_logo_RGB-gif.gif","contentUrl":"https:\/\/www.qnde.ca\/wp-content\/uploads\/2022\/02\/QNDE_logo_RGB-gif.gif","width":250,"height":64,"caption":"Quality NDT Ltd."},"image":{"@id":"https:\/\/www.qnde.ca\/#\/schema\/logo\/image\/"},"sameAs":["https:\/\/www.linkedin.com\/company\/qnde\/about\/?viewAsMember=true"]}]}},"jetpack_sharing_enabled":true,"_links":{"self":[{"href":"https:\/\/www.qnde.ca\/fr\/wp-json\/wp\/v2\/product\/16435","targetHints":{"allow":["GET"]}}],"collection":[{"href":"https:\/\/www.qnde.ca\/fr\/wp-json\/wp\/v2\/product"}],"about":[{"href":"https:\/\/www.qnde.ca\/fr\/wp-json\/wp\/v2\/types\/product"}],"wp:featuredmedia":[{"embeddable":true,"href":"https:\/\/www.qnde.ca\/fr\/wp-json\/wp\/v2\/media\/22930"}],"wp:attachment":[{"href":"https:\/\/www.qnde.ca\/fr\/wp-json\/wp\/v2\/media?parent=16435"}],"wp:term":[{"taxonomy":"product_brand","embeddable":true,"href":"https:\/\/www.qnde.ca\/fr\/wp-json\/wp\/v2\/product_brand?post=16435"},{"taxonomy":"product_cat","embeddable":true,"href":"https:\/\/www.qnde.ca\/fr\/wp-json\/wp\/v2\/product_cat?post=16435"},{"taxonomy":"product_tag","embeddable":true,"href":"https:\/\/www.qnde.ca\/fr\/wp-json\/wp\/v2\/product_tag?post=16435"}],"curies":[{"name":"wp","href":"https:\/\/api.w.org\/{rel}","templated":true}]}}