{"id":16418,"date":"2021-02-18T17:01:01","date_gmt":"2021-02-18T22:01:01","guid":{"rendered":"https:\/\/www.qnde.ca\/?post_type=product&#038;p=16418"},"modified":"2025-08-12T16:26:56","modified_gmt":"2025-08-12T20:26:56","slug":"couverture-flexshield-bismuth","status":"publish","type":"product","link":"https:\/\/www.qnde.ca\/fr\/produit\/couverture-flexshield-bismuth\/","title":{"rendered":"QSA Global Couverture FlexShield de Bismuth Silicone"},"content":{"rendered":"<h3><strong>QSA Global Couverture FlexShield de Bismuth Silicone<\/strong><\/h3>\n<p>Couverture de blindage flexible pour la radiographie \u00e0 petit p\u00e9rim\u00e8tre de s\u00e9curit\u00e9 (SCAR). Avec les oeillets sur les c\u00f4t\u00e9s, ce blindage durable impr\u00e9gn\u00e9 de bismuth rend l\u2019installation facile et rapide. Valeur de blindage de 2.5HVL (Se-75), 1.25HVL (Ir-192).<\/p>\n<ul>\n<li>BLA001: Blindage FlexShield, 16&Prime; x 16&Prime; x 0.4&Prime; (40x40x1cm).<\/li>\n<li>BLA002: Blindage FlexShield, 10&Prime; x 10&Prime; x 0.4&Prime; (25x25x1cm).<\/li>\n<li>BLA003: Blindage FlexShield, 12&Prime; x 36&Prime; x 0.4&Prime; (30x90x1cm).<\/li>\n<li>TUB011-##: Blindage FlexShield pour tube guide, longueur sur mesure.<\/li>\n<li>107560-08: Blindage du faisceau pour le collimateur de la 1075 SCARPro.<\/li>\n<\/ul>\n","protected":false},"excerpt":{"rendered":"<p>QSA Global Couverture FlexShield de Bismuth Silicone Couverture de blindage flexible pour la radiographie \u00e0 petit p\u00e9rim\u00e8tre de s\u00e9curit\u00e9 (SCAR). Avec les oeillets sur les c\u00f4t\u00e9s, ce blindage durable impr\u00e9gn\u00e9 de bismuth rend l\u2019installation facile et rapide. Valeur de blindage de 2.5HVL (Se-75), 1.25HVL (Ir-192). BLA001: Blindage FlexShield, 16&Prime; x 16&Prime; x 0.4&Prime; (40x40x1cm). BLA002: [&hellip;]<\/p>\n","protected":false},"featured_media":16424,"template":"","meta":{"_monsterinsights_skip_tracking":false,"_monsterinsights_sitenote_active":false,"_monsterinsights_sitenote_note":"","_monsterinsights_sitenote_category":0},"product_brand":[],"product_cat":[393,143],"product_tag":[],"class_list":{"0":"post-16418","1":"product","2":"type-product","3":"status-publish","4":"has-post-thumbnail","6":"product_cat-qsa-global-fr","7":"product_cat-radioprotection","9":"first","10":"instock","11":"shipping-taxable","12":"purchasable","13":"product-type-variable"},"yoast_head":"<!-- This site is optimized with the Yoast SEO plugin v23.9 - https:\/\/yoast.com\/wordpress\/plugins\/seo\/ -->\n<title>QSA Global Couverture FlexShield de Bismuth Silicone &#060; Qualit\u00e9 NDE<\/title>\n<meta name=\"description\" content=\"Couverture de blindage flexible et durable impr\u00e9gn\u00e9e de bismuth, pour la radiographie \u00e0 petit p\u00e9rim\u00e8tre de s\u00e9curit\u00e9 (SCAR).\" \/>\n<meta name=\"robots\" content=\"index, follow, max-snippet:-1, max-image-preview:large, max-video-preview:-1\" \/>\n<link rel=\"canonical\" href=\"https:\/\/www.qnde.ca\/fr\/produit\/couverture-flexshield-bismuth\/\" \/>\n<meta name=\"twitter:label1\" content=\"Dur\u00e9e de lecture estim\u00e9e\" \/>\n\t<meta name=\"twitter:data1\" content=\"1 minute\" \/>\n<script type=\"application\/ld+json\" class=\"yoast-schema-graph\">{\"@context\":\"https:\/\/schema.org\",\"@graph\":[{\"@type\":[\"WebPage\",\"ItemPage\"],\"@id\":\"https:\/\/www.qnde.ca\/fr\/produit\/couverture-flexshield-bismuth\/\",\"url\":\"https:\/\/www.qnde.ca\/fr\/produit\/couverture-flexshield-bismuth\/\",\"name\":\"QSA Global Couverture FlexShield de Bismuth Silicone &#060; Qualit\u00e9 NDE\",\"isPartOf\":{\"@id\":\"https:\/\/www.qnde.ca\/#website\"},\"primaryImageOfPage\":{\"@id\":\"https:\/\/www.qnde.ca\/fr\/produit\/couverture-flexshield-bismuth\/#primaryimage\"},\"image\":{\"@id\":\"https:\/\/www.qnde.ca\/fr\/produit\/couverture-flexshield-bismuth\/#primaryimage\"},\"thumbnailUrl\":\"https:\/\/www.qnde.ca\/wp-content\/uploads\/2021\/02\/shielding-acccessory-family-shot.png\",\"datePublished\":\"2021-02-18T22:01:01+00:00\",\"dateModified\":\"2025-08-12T20:26:56+00:00\",\"description\":\"Couverture de blindage flexible et durable impr\u00e9gn\u00e9e de bismuth, pour la radiographie \u00e0 petit p\u00e9rim\u00e8tre de s\u00e9curit\u00e9 (SCAR).\",\"breadcrumb\":{\"@id\":\"https:\/\/www.qnde.ca\/fr\/produit\/couverture-flexshield-bismuth\/#breadcrumb\"},\"inLanguage\":\"fr-FR\",\"potentialAction\":[{\"@type\":\"ReadAction\",\"target\":[\"https:\/\/www.qnde.ca\/fr\/produit\/couverture-flexshield-bismuth\/\"]}]},{\"@type\":\"ImageObject\",\"inLanguage\":\"fr-FR\",\"@id\":\"https:\/\/www.qnde.ca\/fr\/produit\/couverture-flexshield-bismuth\/#primaryimage\",\"url\":\"https:\/\/www.qnde.ca\/wp-content\/uploads\/2021\/02\/shielding-acccessory-family-shot.png\",\"contentUrl\":\"https:\/\/www.qnde.ca\/wp-content\/uploads\/2021\/02\/shielding-acccessory-family-shot.png\",\"width\":2048,\"height\":1638},{\"@type\":\"BreadcrumbList\",\"@id\":\"https:\/\/www.qnde.ca\/fr\/produit\/couverture-flexshield-bismuth\/#breadcrumb\",\"itemListElement\":[{\"@type\":\"ListItem\",\"position\":1,\"name\":\"Accueil\",\"item\":\"https:\/\/www.qnde.ca\/fr\/\"},{\"@type\":\"ListItem\",\"position\":2,\"name\":\"Produits\",\"item\":\"https:\/\/www.qnde.ca\/fr\/produits\/\"},{\"@type\":\"ListItem\",\"position\":3,\"name\":\"Radiographie\",\"item\":\"https:\/\/www.qnde.ca\/fr\/product-category\/radiographie\/\"},{\"@type\":\"ListItem\",\"position\":4,\"name\":\"Radioprotection\",\"item\":\"https:\/\/www.qnde.ca\/fr\/product-category\/radiographie\/radioprotection\/\"},{\"@type\":\"ListItem\",\"position\":5,\"name\":\"QSA Global Couverture FlexShield de Bismuth Silicone\"}]},{\"@type\":\"WebSite\",\"@id\":\"https:\/\/www.qnde.ca\/#website\",\"url\":\"https:\/\/www.qnde.ca\/\",\"name\":\"Qualit\u00e9 NDE\",\"description\":\"\u00c9quipements d&#039;essais non destructifs \",\"publisher\":{\"@id\":\"https:\/\/www.qnde.ca\/#organization\"},\"potentialAction\":[{\"@type\":\"SearchAction\",\"target\":{\"@type\":\"EntryPoint\",\"urlTemplate\":\"https:\/\/www.qnde.ca\/?s={search_term_string}\"},\"query-input\":{\"@type\":\"PropertyValueSpecification\",\"valueRequired\":true,\"valueName\":\"search_term_string\"}}],\"inLanguage\":\"fr-FR\"},{\"@type\":\"Organization\",\"@id\":\"https:\/\/www.qnde.ca\/#organization\",\"name\":\"Quality NDT Ltd.\",\"url\":\"https:\/\/www.qnde.ca\/\",\"logo\":{\"@type\":\"ImageObject\",\"inLanguage\":\"fr-FR\",\"@id\":\"https:\/\/www.qnde.ca\/#\/schema\/logo\/image\/\",\"url\":\"https:\/\/www.qnde.ca\/wp-content\/uploads\/2022\/02\/QNDE_logo_RGB-gif.gif\",\"contentUrl\":\"https:\/\/www.qnde.ca\/wp-content\/uploads\/2022\/02\/QNDE_logo_RGB-gif.gif\",\"width\":250,\"height\":64,\"caption\":\"Quality NDT Ltd.\"},\"image\":{\"@id\":\"https:\/\/www.qnde.ca\/#\/schema\/logo\/image\/\"},\"sameAs\":[\"https:\/\/www.linkedin.com\/company\/qnde\/about\/?viewAsMember=true\"]}]}<\/script>\n<!-- \/ Yoast SEO plugin. -->","yoast_head_json":{"title":"QSA Global Couverture FlexShield de Bismuth Silicone &#060; Qualit\u00e9 NDE","description":"Couverture de blindage flexible et durable impr\u00e9gn\u00e9e de bismuth, pour la radiographie \u00e0 petit p\u00e9rim\u00e8tre de s\u00e9curit\u00e9 (SCAR).","robots":{"index":"index","follow":"follow","max-snippet":"max-snippet:-1","max-image-preview":"max-image-preview:large","max-video-preview":"max-video-preview:-1"},"canonical":"https:\/\/www.qnde.ca\/fr\/produit\/couverture-flexshield-bismuth\/","twitter_misc":{"Dur\u00e9e de lecture estim\u00e9e":"1 minute"},"schema":{"@context":"https:\/\/schema.org","@graph":[{"@type":["WebPage","ItemPage"],"@id":"https:\/\/www.qnde.ca\/fr\/produit\/couverture-flexshield-bismuth\/","url":"https:\/\/www.qnde.ca\/fr\/produit\/couverture-flexshield-bismuth\/","name":"QSA Global Couverture FlexShield de Bismuth Silicone &#060; Qualit\u00e9 NDE","isPartOf":{"@id":"https:\/\/www.qnde.ca\/#website"},"primaryImageOfPage":{"@id":"https:\/\/www.qnde.ca\/fr\/produit\/couverture-flexshield-bismuth\/#primaryimage"},"image":{"@id":"https:\/\/www.qnde.ca\/fr\/produit\/couverture-flexshield-bismuth\/#primaryimage"},"thumbnailUrl":"https:\/\/www.qnde.ca\/wp-content\/uploads\/2021\/02\/shielding-acccessory-family-shot.png","datePublished":"2021-02-18T22:01:01+00:00","dateModified":"2025-08-12T20:26:56+00:00","description":"Couverture de blindage flexible et durable impr\u00e9gn\u00e9e de bismuth, pour la radiographie \u00e0 petit p\u00e9rim\u00e8tre de s\u00e9curit\u00e9 (SCAR).","breadcrumb":{"@id":"https:\/\/www.qnde.ca\/fr\/produit\/couverture-flexshield-bismuth\/#breadcrumb"},"inLanguage":"fr-FR","potentialAction":[{"@type":"ReadAction","target":["https:\/\/www.qnde.ca\/fr\/produit\/couverture-flexshield-bismuth\/"]}]},{"@type":"ImageObject","inLanguage":"fr-FR","@id":"https:\/\/www.qnde.ca\/fr\/produit\/couverture-flexshield-bismuth\/#primaryimage","url":"https:\/\/www.qnde.ca\/wp-content\/uploads\/2021\/02\/shielding-acccessory-family-shot.png","contentUrl":"https:\/\/www.qnde.ca\/wp-content\/uploads\/2021\/02\/shielding-acccessory-family-shot.png","width":2048,"height":1638},{"@type":"BreadcrumbList","@id":"https:\/\/www.qnde.ca\/fr\/produit\/couverture-flexshield-bismuth\/#breadcrumb","itemListElement":[{"@type":"ListItem","position":1,"name":"Accueil","item":"https:\/\/www.qnde.ca\/fr\/"},{"@type":"ListItem","position":2,"name":"Produits","item":"https:\/\/www.qnde.ca\/fr\/produits\/"},{"@type":"ListItem","position":3,"name":"Radiographie","item":"https:\/\/www.qnde.ca\/fr\/product-category\/radiographie\/"},{"@type":"ListItem","position":4,"name":"Radioprotection","item":"https:\/\/www.qnde.ca\/fr\/product-category\/radiographie\/radioprotection\/"},{"@type":"ListItem","position":5,"name":"QSA Global Couverture FlexShield de Bismuth Silicone"}]},{"@type":"WebSite","@id":"https:\/\/www.qnde.ca\/#website","url":"https:\/\/www.qnde.ca\/","name":"Qualit\u00e9 NDE","description":"\u00c9quipements d&#039;essais non destructifs ","publisher":{"@id":"https:\/\/www.qnde.ca\/#organization"},"potentialAction":[{"@type":"SearchAction","target":{"@type":"EntryPoint","urlTemplate":"https:\/\/www.qnde.ca\/?s={search_term_string}"},"query-input":{"@type":"PropertyValueSpecification","valueRequired":true,"valueName":"search_term_string"}}],"inLanguage":"fr-FR"},{"@type":"Organization","@id":"https:\/\/www.qnde.ca\/#organization","name":"Quality NDT Ltd.","url":"https:\/\/www.qnde.ca\/","logo":{"@type":"ImageObject","inLanguage":"fr-FR","@id":"https:\/\/www.qnde.ca\/#\/schema\/logo\/image\/","url":"https:\/\/www.qnde.ca\/wp-content\/uploads\/2022\/02\/QNDE_logo_RGB-gif.gif","contentUrl":"https:\/\/www.qnde.ca\/wp-content\/uploads\/2022\/02\/QNDE_logo_RGB-gif.gif","width":250,"height":64,"caption":"Quality NDT Ltd."},"image":{"@id":"https:\/\/www.qnde.ca\/#\/schema\/logo\/image\/"},"sameAs":["https:\/\/www.linkedin.com\/company\/qnde\/about\/?viewAsMember=true"]}]}},"jetpack_sharing_enabled":true,"_links":{"self":[{"href":"https:\/\/www.qnde.ca\/fr\/wp-json\/wp\/v2\/product\/16418","targetHints":{"allow":["GET"]}}],"collection":[{"href":"https:\/\/www.qnde.ca\/fr\/wp-json\/wp\/v2\/product"}],"about":[{"href":"https:\/\/www.qnde.ca\/fr\/wp-json\/wp\/v2\/types\/product"}],"wp:featuredmedia":[{"embeddable":true,"href":"https:\/\/www.qnde.ca\/fr\/wp-json\/wp\/v2\/media\/16424"}],"wp:attachment":[{"href":"https:\/\/www.qnde.ca\/fr\/wp-json\/wp\/v2\/media?parent=16418"}],"wp:term":[{"taxonomy":"product_brand","embeddable":true,"href":"https:\/\/www.qnde.ca\/fr\/wp-json\/wp\/v2\/product_brand?post=16418"},{"taxonomy":"product_cat","embeddable":true,"href":"https:\/\/www.qnde.ca\/fr\/wp-json\/wp\/v2\/product_cat?post=16418"},{"taxonomy":"product_tag","embeddable":true,"href":"https:\/\/www.qnde.ca\/fr\/wp-json\/wp\/v2\/product_tag?post=16418"}],"curies":[{"name":"wp","href":"https:\/\/api.w.org\/{rel}","templated":true}]}}