{"id":16413,"date":"2021-02-18T16:50:09","date_gmt":"2021-02-18T21:50:09","guid":{"rendered":"https:\/\/www.qnde.ca\/?post_type=product&#038;p=16413"},"modified":"2025-08-12T16:23:19","modified_gmt":"2025-08-12T20:23:19","slug":"sac-plomb","status":"publish","type":"product","link":"https:\/\/www.qnde.ca\/fr\/produit\/sac-plomb\/","title":{"rendered":"QSA Global Sac de Plomb"},"content":{"rendered":"<h3><strong>QSA Global Sac de Plomb<\/strong><\/h3>\n<p>Les sacs de plomb pour blinder sont essentiels pour votre ensemble d\u2019urgence pour r\u00e9cup\u00e9ration de source. Pesant 13lb (5.9kg), le sac orange flamme est fait de tissus de 1000 deniers et a une fermeture velcro. La sangle est faite de nylon noir avec un anneau en D \u00e0 chaque extr\u00e9mit\u00e9 pour une manipulation facile avec vos pinces \u00e0 long manche.<\/p>\n<ul>\n<li>LSB001: Sac de plomb avec sangle, 13lb (5.9kg).<\/li>\n<\/ul>\n","protected":false},"excerpt":{"rendered":"<p>QSA Global Sac de Plomb Les sacs de plomb pour blinder sont essentiels pour votre ensemble d\u2019urgence pour r\u00e9cup\u00e9ration de source. Pesant 13lb (5.9kg), le sac orange flamme est fait de tissus de 1000 deniers et a une fermeture velcro. La sangle est faite de nylon noir avec un anneau en D \u00e0 chaque extr\u00e9mit\u00e9 [&hellip;]<\/p>\n","protected":false},"featured_media":16414,"template":"","meta":{"_monsterinsights_skip_tracking":false,"_monsterinsights_sitenote_active":false,"_monsterinsights_sitenote_note":"","_monsterinsights_sitenote_category":0},"product_brand":[],"product_cat":[393,143],"product_tag":[],"class_list":{"0":"post-16413","1":"product","2":"type-product","3":"status-publish","4":"has-post-thumbnail","6":"product_cat-qsa-global-fr","7":"product_cat-radioprotection","9":"first","10":"instock","11":"shipping-taxable","12":"purchasable","13":"product-type-simple"},"yoast_head":"<!-- This site is optimized with the Yoast SEO plugin v23.9 - https:\/\/yoast.com\/wordpress\/plugins\/seo\/ -->\n<title>QSA Global Sac de Plomb &#060; Qualit\u00e9 NDE<\/title>\n<meta name=\"description\" content=\"QSA Global Sac de plomb 13\u202flb (5,9\u202fkg), tissu 1000 deniers, sangle nylon avec anneaux en D. Interventions d\u2019urgence et la r\u00e9cup\u00e9ration de sources.\" \/>\n<meta name=\"robots\" content=\"index, follow, max-snippet:-1, max-image-preview:large, max-video-preview:-1\" \/>\n<link rel=\"canonical\" href=\"https:\/\/www.qnde.ca\/fr\/produit\/sac-plomb\/\" \/>\n<meta name=\"twitter:label1\" content=\"Dur\u00e9e de lecture estim\u00e9e\" \/>\n\t<meta name=\"twitter:data1\" content=\"1 minute\" \/>\n<script type=\"application\/ld+json\" class=\"yoast-schema-graph\">{\"@context\":\"https:\/\/schema.org\",\"@graph\":[{\"@type\":[\"WebPage\",\"ItemPage\"],\"@id\":\"https:\/\/www.qnde.ca\/fr\/produit\/sac-plomb\/\",\"url\":\"https:\/\/www.qnde.ca\/fr\/produit\/sac-plomb\/\",\"name\":\"QSA Global Sac de Plomb &#060; Qualit\u00e9 NDE\",\"isPartOf\":{\"@id\":\"https:\/\/www.qnde.ca\/#website\"},\"primaryImageOfPage\":{\"@id\":\"https:\/\/www.qnde.ca\/fr\/produit\/sac-plomb\/#primaryimage\"},\"image\":{\"@id\":\"https:\/\/www.qnde.ca\/fr\/produit\/sac-plomb\/#primaryimage\"},\"thumbnailUrl\":\"https:\/\/www.qnde.ca\/wp-content\/uploads\/2021\/02\/Exposure_May2019-25-scaled-scaled.jpg\",\"datePublished\":\"2021-02-18T21:50:09+00:00\",\"dateModified\":\"2025-08-12T20:23:19+00:00\",\"description\":\"QSA Global Sac de plomb 13\u202flb (5,9\u202fkg), tissu 1000 deniers, sangle nylon avec anneaux en D. Interventions d\u2019urgence et la r\u00e9cup\u00e9ration de sources.\",\"breadcrumb\":{\"@id\":\"https:\/\/www.qnde.ca\/fr\/produit\/sac-plomb\/#breadcrumb\"},\"inLanguage\":\"fr-FR\",\"potentialAction\":[{\"@type\":\"ReadAction\",\"target\":[\"https:\/\/www.qnde.ca\/fr\/produit\/sac-plomb\/\"]}]},{\"@type\":\"ImageObject\",\"inLanguage\":\"fr-FR\",\"@id\":\"https:\/\/www.qnde.ca\/fr\/produit\/sac-plomb\/#primaryimage\",\"url\":\"https:\/\/www.qnde.ca\/wp-content\/uploads\/2021\/02\/Exposure_May2019-25-scaled-scaled.jpg\",\"contentUrl\":\"https:\/\/www.qnde.ca\/wp-content\/uploads\/2021\/02\/Exposure_May2019-25-scaled-scaled.jpg\",\"width\":2048,\"height\":2048},{\"@type\":\"BreadcrumbList\",\"@id\":\"https:\/\/www.qnde.ca\/fr\/produit\/sac-plomb\/#breadcrumb\",\"itemListElement\":[{\"@type\":\"ListItem\",\"position\":1,\"name\":\"Accueil\",\"item\":\"https:\/\/www.qnde.ca\/fr\/\"},{\"@type\":\"ListItem\",\"position\":2,\"name\":\"Produits\",\"item\":\"https:\/\/www.qnde.ca\/fr\/produits\/\"},{\"@type\":\"ListItem\",\"position\":3,\"name\":\"Radiographie\",\"item\":\"https:\/\/www.qnde.ca\/fr\/product-category\/radiographie\/\"},{\"@type\":\"ListItem\",\"position\":4,\"name\":\"Radioprotection\",\"item\":\"https:\/\/www.qnde.ca\/fr\/product-category\/radiographie\/radioprotection\/\"},{\"@type\":\"ListItem\",\"position\":5,\"name\":\"QSA Global Sac de Plomb\"}]},{\"@type\":\"WebSite\",\"@id\":\"https:\/\/www.qnde.ca\/#website\",\"url\":\"https:\/\/www.qnde.ca\/\",\"name\":\"Qualit\u00e9 NDE\",\"description\":\"\u00c9quipements d&#039;essais non destructifs \",\"publisher\":{\"@id\":\"https:\/\/www.qnde.ca\/#organization\"},\"potentialAction\":[{\"@type\":\"SearchAction\",\"target\":{\"@type\":\"EntryPoint\",\"urlTemplate\":\"https:\/\/www.qnde.ca\/?s={search_term_string}\"},\"query-input\":{\"@type\":\"PropertyValueSpecification\",\"valueRequired\":true,\"valueName\":\"search_term_string\"}}],\"inLanguage\":\"fr-FR\"},{\"@type\":\"Organization\",\"@id\":\"https:\/\/www.qnde.ca\/#organization\",\"name\":\"Quality NDT Ltd.\",\"url\":\"https:\/\/www.qnde.ca\/\",\"logo\":{\"@type\":\"ImageObject\",\"inLanguage\":\"fr-FR\",\"@id\":\"https:\/\/www.qnde.ca\/#\/schema\/logo\/image\/\",\"url\":\"https:\/\/www.qnde.ca\/wp-content\/uploads\/2022\/02\/QNDE_logo_RGB-gif.gif\",\"contentUrl\":\"https:\/\/www.qnde.ca\/wp-content\/uploads\/2022\/02\/QNDE_logo_RGB-gif.gif\",\"width\":250,\"height\":64,\"caption\":\"Quality NDT Ltd.\"},\"image\":{\"@id\":\"https:\/\/www.qnde.ca\/#\/schema\/logo\/image\/\"},\"sameAs\":[\"https:\/\/www.linkedin.com\/company\/qnde\/about\/?viewAsMember=true\"]}]}<\/script>\n<!-- \/ Yoast SEO plugin. -->","yoast_head_json":{"title":"QSA Global Sac de Plomb &#060; Qualit\u00e9 NDE","description":"QSA Global Sac de plomb 13\u202flb (5,9\u202fkg), tissu 1000 deniers, sangle nylon avec anneaux en D. Interventions d\u2019urgence et la r\u00e9cup\u00e9ration de sources.","robots":{"index":"index","follow":"follow","max-snippet":"max-snippet:-1","max-image-preview":"max-image-preview:large","max-video-preview":"max-video-preview:-1"},"canonical":"https:\/\/www.qnde.ca\/fr\/produit\/sac-plomb\/","twitter_misc":{"Dur\u00e9e de lecture estim\u00e9e":"1 minute"},"schema":{"@context":"https:\/\/schema.org","@graph":[{"@type":["WebPage","ItemPage"],"@id":"https:\/\/www.qnde.ca\/fr\/produit\/sac-plomb\/","url":"https:\/\/www.qnde.ca\/fr\/produit\/sac-plomb\/","name":"QSA Global Sac de Plomb &#060; Qualit\u00e9 NDE","isPartOf":{"@id":"https:\/\/www.qnde.ca\/#website"},"primaryImageOfPage":{"@id":"https:\/\/www.qnde.ca\/fr\/produit\/sac-plomb\/#primaryimage"},"image":{"@id":"https:\/\/www.qnde.ca\/fr\/produit\/sac-plomb\/#primaryimage"},"thumbnailUrl":"https:\/\/www.qnde.ca\/wp-content\/uploads\/2021\/02\/Exposure_May2019-25-scaled-scaled.jpg","datePublished":"2021-02-18T21:50:09+00:00","dateModified":"2025-08-12T20:23:19+00:00","description":"QSA Global Sac de plomb 13\u202flb (5,9\u202fkg), tissu 1000 deniers, sangle nylon avec anneaux en D. Interventions d\u2019urgence et la r\u00e9cup\u00e9ration de sources.","breadcrumb":{"@id":"https:\/\/www.qnde.ca\/fr\/produit\/sac-plomb\/#breadcrumb"},"inLanguage":"fr-FR","potentialAction":[{"@type":"ReadAction","target":["https:\/\/www.qnde.ca\/fr\/produit\/sac-plomb\/"]}]},{"@type":"ImageObject","inLanguage":"fr-FR","@id":"https:\/\/www.qnde.ca\/fr\/produit\/sac-plomb\/#primaryimage","url":"https:\/\/www.qnde.ca\/wp-content\/uploads\/2021\/02\/Exposure_May2019-25-scaled-scaled.jpg","contentUrl":"https:\/\/www.qnde.ca\/wp-content\/uploads\/2021\/02\/Exposure_May2019-25-scaled-scaled.jpg","width":2048,"height":2048},{"@type":"BreadcrumbList","@id":"https:\/\/www.qnde.ca\/fr\/produit\/sac-plomb\/#breadcrumb","itemListElement":[{"@type":"ListItem","position":1,"name":"Accueil","item":"https:\/\/www.qnde.ca\/fr\/"},{"@type":"ListItem","position":2,"name":"Produits","item":"https:\/\/www.qnde.ca\/fr\/produits\/"},{"@type":"ListItem","position":3,"name":"Radiographie","item":"https:\/\/www.qnde.ca\/fr\/product-category\/radiographie\/"},{"@type":"ListItem","position":4,"name":"Radioprotection","item":"https:\/\/www.qnde.ca\/fr\/product-category\/radiographie\/radioprotection\/"},{"@type":"ListItem","position":5,"name":"QSA Global Sac de Plomb"}]},{"@type":"WebSite","@id":"https:\/\/www.qnde.ca\/#website","url":"https:\/\/www.qnde.ca\/","name":"Qualit\u00e9 NDE","description":"\u00c9quipements d&#039;essais non destructifs ","publisher":{"@id":"https:\/\/www.qnde.ca\/#organization"},"potentialAction":[{"@type":"SearchAction","target":{"@type":"EntryPoint","urlTemplate":"https:\/\/www.qnde.ca\/?s={search_term_string}"},"query-input":{"@type":"PropertyValueSpecification","valueRequired":true,"valueName":"search_term_string"}}],"inLanguage":"fr-FR"},{"@type":"Organization","@id":"https:\/\/www.qnde.ca\/#organization","name":"Quality NDT Ltd.","url":"https:\/\/www.qnde.ca\/","logo":{"@type":"ImageObject","inLanguage":"fr-FR","@id":"https:\/\/www.qnde.ca\/#\/schema\/logo\/image\/","url":"https:\/\/www.qnde.ca\/wp-content\/uploads\/2022\/02\/QNDE_logo_RGB-gif.gif","contentUrl":"https:\/\/www.qnde.ca\/wp-content\/uploads\/2022\/02\/QNDE_logo_RGB-gif.gif","width":250,"height":64,"caption":"Quality NDT Ltd."},"image":{"@id":"https:\/\/www.qnde.ca\/#\/schema\/logo\/image\/"},"sameAs":["https:\/\/www.linkedin.com\/company\/qnde\/about\/?viewAsMember=true"]}]}},"jetpack_sharing_enabled":true,"_links":{"self":[{"href":"https:\/\/www.qnde.ca\/fr\/wp-json\/wp\/v2\/product\/16413","targetHints":{"allow":["GET"]}}],"collection":[{"href":"https:\/\/www.qnde.ca\/fr\/wp-json\/wp\/v2\/product"}],"about":[{"href":"https:\/\/www.qnde.ca\/fr\/wp-json\/wp\/v2\/types\/product"}],"wp:featuredmedia":[{"embeddable":true,"href":"https:\/\/www.qnde.ca\/fr\/wp-json\/wp\/v2\/media\/16414"}],"wp:attachment":[{"href":"https:\/\/www.qnde.ca\/fr\/wp-json\/wp\/v2\/media?parent=16413"}],"wp:term":[{"taxonomy":"product_brand","embeddable":true,"href":"https:\/\/www.qnde.ca\/fr\/wp-json\/wp\/v2\/product_brand?post=16413"},{"taxonomy":"product_cat","embeddable":true,"href":"https:\/\/www.qnde.ca\/fr\/wp-json\/wp\/v2\/product_cat?post=16413"},{"taxonomy":"product_tag","embeddable":true,"href":"https:\/\/www.qnde.ca\/fr\/wp-json\/wp\/v2\/product_tag?post=16413"}],"curies":[{"name":"wp","href":"https:\/\/api.w.org\/{rel}","templated":true}]}}