{"id":16323,"date":"2021-02-17T16:24:27","date_gmt":"2021-02-17T21:24:27","guid":{"rendered":"https:\/\/www.qnde.ca\/?post_type=product&#038;p=16323"},"modified":"2022-11-24T16:25:09","modified_gmt":"2022-11-24T21:25:09","slug":"radeyeg-fr","status":"publish","type":"product","link":"https:\/\/www.qnde.ca\/fr\/produit\/radeyeg-fr\/","title":{"rendered":"QSA Global Gammam\u00e8tre Num\u00e9rique RadEye G"},"content":{"rendered":"<h3><strong>QSA Global Gammam\u00e8tre Num\u00e9rique RadEye G <\/strong><\/h3>\n<p>Robuste gammam\u00e8tre 3-en-1: Gammam\u00e8tre num\u00e9rique, alarme de d\u00e9bit de dose et alarme de dose personnelle (sonore, visuelle et vibration). Certifi\u00e9 IP65, il mesure seulement 2.4\u201dL x 3.78\u201dH x 1.25\u201dE (61 x 96 x 31mm) et p\u00e8se 0.41lb (0.18kg). Livr\u00e9 avec une pochette en caoutchouc et deux batteries AAA, pour jusqu\u2019\u00e0 600 heures d\u2019utilisation.<\/p>\n<ul>\n<li>Plage d\u2019\u00e9nergie\u00a0: 45keV \u00e0 1.3MeV (\u00b1 30%).<\/li>\n<li>Plage de mesure\u00a0: 50 \u00b5R\/h to 10 R\/h.<\/li>\n<li>Disponible en R\/h ou Sv\/h.<\/li>\n<li>425067450: Gammam\u00e8tre num\u00e9rique RadEye G (Sp\u00e9cifiez les unit\u00e9s d\u00e9sir\u00e9es (Roentgen ou Sieverts)).<\/li>\n<\/ul>\n<h4><strong>Options:<\/strong><\/h4>\n<ul>\n<li>8975: \u00c9tui en nylon pour ceinture RadEye G.<\/li>\n<li>42506706001: Support pour bureau RadEye G.<\/li>\n<li>4254029: C\u00e2ble de support pour ordinateur.<\/li>\n<li>425069951: Logiciel pour analyse des graphiques et des donn\u00e9es.<\/li>\n<\/ul>\n","protected":false},"excerpt":{"rendered":"<p>QSA Global Gammam\u00e8tre Num\u00e9rique RadEye G Robuste gammam\u00e8tre 3-en-1: Gammam\u00e8tre num\u00e9rique, alarme de d\u00e9bit de dose et alarme de dose personnelle (sonore, visuelle et vibration). Certifi\u00e9 IP65, il mesure seulement 2.4\u201dL x 3.78\u201dH x 1.25\u201dE (61 x 96 x 31mm) et p\u00e8se 0.41lb (0.18kg). Livr\u00e9 avec une pochette en caoutchouc et deux batteries AAA, pour [&hellip;]<\/p>\n","protected":false},"featured_media":16324,"template":"","meta":{"_monsterinsights_skip_tracking":false,"_monsterinsights_sitenote_active":false,"_monsterinsights_sitenote_note":"","_monsterinsights_sitenote_category":0},"product_brand":[],"product_cat":[393,143],"product_tag":[],"class_list":{"0":"post-16323","1":"product","2":"type-product","3":"status-publish","4":"has-post-thumbnail","6":"product_cat-qsa-global-fr","7":"product_cat-radioprotection","9":"first","10":"instock","11":"shipping-taxable","12":"purchasable","13":"product-type-simple"},"yoast_head":"<!-- This site is optimized with the Yoast SEO plugin v23.9 - https:\/\/yoast.com\/wordpress\/plugins\/seo\/ -->\n<title>QSA Global Gammam\u00e8tre Num\u00e9rique RadEye G &#060; Qualit\u00e9 NDE<\/title>\n<meta name=\"description\" content=\"Gammam\u00e8tre num\u00e9rique, alarme de d\u00e9bit de dose et alarme de dose personnelle. Certifi\u00e9 IP65, Livr\u00e9 avec une pochette en caoutchouc et deux batteries AAA.\" \/>\n<meta name=\"robots\" content=\"index, follow, max-snippet:-1, max-image-preview:large, max-video-preview:-1\" \/>\n<link rel=\"canonical\" href=\"https:\/\/www.qnde.ca\/fr\/produit\/radeyeg-fr\/\" \/>\n<meta name=\"twitter:label1\" content=\"Dur\u00e9e de lecture estim\u00e9e\" \/>\n\t<meta name=\"twitter:data1\" content=\"1 minute\" \/>\n<script type=\"application\/ld+json\" class=\"yoast-schema-graph\">{\"@context\":\"https:\/\/schema.org\",\"@graph\":[{\"@type\":[\"WebPage\",\"ItemPage\"],\"@id\":\"https:\/\/www.qnde.ca\/fr\/produit\/radeyeg-fr\/\",\"url\":\"https:\/\/www.qnde.ca\/fr\/produit\/radeyeg-fr\/\",\"name\":\"QSA Global Gammam\u00e8tre Num\u00e9rique RadEye G &#060; Qualit\u00e9 NDE\",\"isPartOf\":{\"@id\":\"https:\/\/www.qnde.ca\/#website\"},\"primaryImageOfPage\":{\"@id\":\"https:\/\/www.qnde.ca\/fr\/produit\/radeyeg-fr\/#primaryimage\"},\"image\":{\"@id\":\"https:\/\/www.qnde.ca\/fr\/produit\/radeyeg-fr\/#primaryimage\"},\"thumbnailUrl\":\"https:\/\/www.qnde.ca\/wp-content\/uploads\/2021\/02\/20210204_111218-scaled-scaled.jpg\",\"datePublished\":\"2021-02-17T21:24:27+00:00\",\"dateModified\":\"2022-11-24T21:25:09+00:00\",\"description\":\"Gammam\u00e8tre num\u00e9rique, alarme de d\u00e9bit de dose et alarme de dose personnelle. Certifi\u00e9 IP65, Livr\u00e9 avec une pochette en caoutchouc et deux batteries AAA.\",\"breadcrumb\":{\"@id\":\"https:\/\/www.qnde.ca\/fr\/produit\/radeyeg-fr\/#breadcrumb\"},\"inLanguage\":\"fr-FR\",\"potentialAction\":[{\"@type\":\"ReadAction\",\"target\":[\"https:\/\/www.qnde.ca\/fr\/produit\/radeyeg-fr\/\"]}]},{\"@type\":\"ImageObject\",\"inLanguage\":\"fr-FR\",\"@id\":\"https:\/\/www.qnde.ca\/fr\/produit\/radeyeg-fr\/#primaryimage\",\"url\":\"https:\/\/www.qnde.ca\/wp-content\/uploads\/2021\/02\/20210204_111218-scaled-scaled.jpg\",\"contentUrl\":\"https:\/\/www.qnde.ca\/wp-content\/uploads\/2021\/02\/20210204_111218-scaled-scaled.jpg\",\"width\":1536,\"height\":2048},{\"@type\":\"BreadcrumbList\",\"@id\":\"https:\/\/www.qnde.ca\/fr\/produit\/radeyeg-fr\/#breadcrumb\",\"itemListElement\":[{\"@type\":\"ListItem\",\"position\":1,\"name\":\"Accueil\",\"item\":\"https:\/\/www.qnde.ca\/fr\/\"},{\"@type\":\"ListItem\",\"position\":2,\"name\":\"Produits\",\"item\":\"https:\/\/www.qnde.ca\/fr\/produits\/\"},{\"@type\":\"ListItem\",\"position\":3,\"name\":\"Radiographie\",\"item\":\"https:\/\/www.qnde.ca\/fr\/product-category\/radiographie\/\"},{\"@type\":\"ListItem\",\"position\":4,\"name\":\"Radioprotection\",\"item\":\"https:\/\/www.qnde.ca\/fr\/product-category\/radiographie\/radioprotection\/\"},{\"@type\":\"ListItem\",\"position\":5,\"name\":\"QSA Global Gammam\u00e8tre Num\u00e9rique RadEye G\"}]},{\"@type\":\"WebSite\",\"@id\":\"https:\/\/www.qnde.ca\/#website\",\"url\":\"https:\/\/www.qnde.ca\/\",\"name\":\"Qualit\u00e9 NDE\",\"description\":\"\u00c9quipements d&#039;essais non destructifs \",\"publisher\":{\"@id\":\"https:\/\/www.qnde.ca\/#organization\"},\"potentialAction\":[{\"@type\":\"SearchAction\",\"target\":{\"@type\":\"EntryPoint\",\"urlTemplate\":\"https:\/\/www.qnde.ca\/?s={search_term_string}\"},\"query-input\":{\"@type\":\"PropertyValueSpecification\",\"valueRequired\":true,\"valueName\":\"search_term_string\"}}],\"inLanguage\":\"fr-FR\"},{\"@type\":\"Organization\",\"@id\":\"https:\/\/www.qnde.ca\/#organization\",\"name\":\"Quality NDT Ltd.\",\"url\":\"https:\/\/www.qnde.ca\/\",\"logo\":{\"@type\":\"ImageObject\",\"inLanguage\":\"fr-FR\",\"@id\":\"https:\/\/www.qnde.ca\/#\/schema\/logo\/image\/\",\"url\":\"https:\/\/www.qnde.ca\/wp-content\/uploads\/2022\/02\/QNDE_logo_RGB-gif.gif\",\"contentUrl\":\"https:\/\/www.qnde.ca\/wp-content\/uploads\/2022\/02\/QNDE_logo_RGB-gif.gif\",\"width\":250,\"height\":64,\"caption\":\"Quality NDT Ltd.\"},\"image\":{\"@id\":\"https:\/\/www.qnde.ca\/#\/schema\/logo\/image\/\"},\"sameAs\":[\"https:\/\/www.linkedin.com\/company\/qnde\/about\/?viewAsMember=true\"]}]}<\/script>\n<!-- \/ Yoast SEO plugin. -->","yoast_head_json":{"title":"QSA Global Gammam\u00e8tre Num\u00e9rique RadEye G &#060; Qualit\u00e9 NDE","description":"Gammam\u00e8tre num\u00e9rique, alarme de d\u00e9bit de dose et alarme de dose personnelle. Certifi\u00e9 IP65, Livr\u00e9 avec une pochette en caoutchouc et deux batteries AAA.","robots":{"index":"index","follow":"follow","max-snippet":"max-snippet:-1","max-image-preview":"max-image-preview:large","max-video-preview":"max-video-preview:-1"},"canonical":"https:\/\/www.qnde.ca\/fr\/produit\/radeyeg-fr\/","twitter_misc":{"Dur\u00e9e de lecture estim\u00e9e":"1 minute"},"schema":{"@context":"https:\/\/schema.org","@graph":[{"@type":["WebPage","ItemPage"],"@id":"https:\/\/www.qnde.ca\/fr\/produit\/radeyeg-fr\/","url":"https:\/\/www.qnde.ca\/fr\/produit\/radeyeg-fr\/","name":"QSA Global Gammam\u00e8tre Num\u00e9rique RadEye G &#060; Qualit\u00e9 NDE","isPartOf":{"@id":"https:\/\/www.qnde.ca\/#website"},"primaryImageOfPage":{"@id":"https:\/\/www.qnde.ca\/fr\/produit\/radeyeg-fr\/#primaryimage"},"image":{"@id":"https:\/\/www.qnde.ca\/fr\/produit\/radeyeg-fr\/#primaryimage"},"thumbnailUrl":"https:\/\/www.qnde.ca\/wp-content\/uploads\/2021\/02\/20210204_111218-scaled-scaled.jpg","datePublished":"2021-02-17T21:24:27+00:00","dateModified":"2022-11-24T21:25:09+00:00","description":"Gammam\u00e8tre num\u00e9rique, alarme de d\u00e9bit de dose et alarme de dose personnelle. Certifi\u00e9 IP65, Livr\u00e9 avec une pochette en caoutchouc et deux batteries AAA.","breadcrumb":{"@id":"https:\/\/www.qnde.ca\/fr\/produit\/radeyeg-fr\/#breadcrumb"},"inLanguage":"fr-FR","potentialAction":[{"@type":"ReadAction","target":["https:\/\/www.qnde.ca\/fr\/produit\/radeyeg-fr\/"]}]},{"@type":"ImageObject","inLanguage":"fr-FR","@id":"https:\/\/www.qnde.ca\/fr\/produit\/radeyeg-fr\/#primaryimage","url":"https:\/\/www.qnde.ca\/wp-content\/uploads\/2021\/02\/20210204_111218-scaled-scaled.jpg","contentUrl":"https:\/\/www.qnde.ca\/wp-content\/uploads\/2021\/02\/20210204_111218-scaled-scaled.jpg","width":1536,"height":2048},{"@type":"BreadcrumbList","@id":"https:\/\/www.qnde.ca\/fr\/produit\/radeyeg-fr\/#breadcrumb","itemListElement":[{"@type":"ListItem","position":1,"name":"Accueil","item":"https:\/\/www.qnde.ca\/fr\/"},{"@type":"ListItem","position":2,"name":"Produits","item":"https:\/\/www.qnde.ca\/fr\/produits\/"},{"@type":"ListItem","position":3,"name":"Radiographie","item":"https:\/\/www.qnde.ca\/fr\/product-category\/radiographie\/"},{"@type":"ListItem","position":4,"name":"Radioprotection","item":"https:\/\/www.qnde.ca\/fr\/product-category\/radiographie\/radioprotection\/"},{"@type":"ListItem","position":5,"name":"QSA Global Gammam\u00e8tre Num\u00e9rique RadEye G"}]},{"@type":"WebSite","@id":"https:\/\/www.qnde.ca\/#website","url":"https:\/\/www.qnde.ca\/","name":"Qualit\u00e9 NDE","description":"\u00c9quipements d&#039;essais non destructifs ","publisher":{"@id":"https:\/\/www.qnde.ca\/#organization"},"potentialAction":[{"@type":"SearchAction","target":{"@type":"EntryPoint","urlTemplate":"https:\/\/www.qnde.ca\/?s={search_term_string}"},"query-input":{"@type":"PropertyValueSpecification","valueRequired":true,"valueName":"search_term_string"}}],"inLanguage":"fr-FR"},{"@type":"Organization","@id":"https:\/\/www.qnde.ca\/#organization","name":"Quality NDT Ltd.","url":"https:\/\/www.qnde.ca\/","logo":{"@type":"ImageObject","inLanguage":"fr-FR","@id":"https:\/\/www.qnde.ca\/#\/schema\/logo\/image\/","url":"https:\/\/www.qnde.ca\/wp-content\/uploads\/2022\/02\/QNDE_logo_RGB-gif.gif","contentUrl":"https:\/\/www.qnde.ca\/wp-content\/uploads\/2022\/02\/QNDE_logo_RGB-gif.gif","width":250,"height":64,"caption":"Quality NDT Ltd."},"image":{"@id":"https:\/\/www.qnde.ca\/#\/schema\/logo\/image\/"},"sameAs":["https:\/\/www.linkedin.com\/company\/qnde\/about\/?viewAsMember=true"]}]}},"jetpack_sharing_enabled":true,"_links":{"self":[{"href":"https:\/\/www.qnde.ca\/fr\/wp-json\/wp\/v2\/product\/16323","targetHints":{"allow":["GET"]}}],"collection":[{"href":"https:\/\/www.qnde.ca\/fr\/wp-json\/wp\/v2\/product"}],"about":[{"href":"https:\/\/www.qnde.ca\/fr\/wp-json\/wp\/v2\/types\/product"}],"wp:featuredmedia":[{"embeddable":true,"href":"https:\/\/www.qnde.ca\/fr\/wp-json\/wp\/v2\/media\/16324"}],"wp:attachment":[{"href":"https:\/\/www.qnde.ca\/fr\/wp-json\/wp\/v2\/media?parent=16323"}],"wp:term":[{"taxonomy":"product_brand","embeddable":true,"href":"https:\/\/www.qnde.ca\/fr\/wp-json\/wp\/v2\/product_brand?post=16323"},{"taxonomy":"product_cat","embeddable":true,"href":"https:\/\/www.qnde.ca\/fr\/wp-json\/wp\/v2\/product_cat?post=16323"},{"taxonomy":"product_tag","embeddable":true,"href":"https:\/\/www.qnde.ca\/fr\/wp-json\/wp\/v2\/product_tag?post=16323"}],"curies":[{"name":"wp","href":"https:\/\/api.w.org\/{rel}","templated":true}]}}