{"id":16312,"date":"2021-02-17T15:48:42","date_gmt":"2021-02-17T20:48:42","guid":{"rendered":"https:\/\/www.qnde.ca\/?post_type=product&#038;p=16312"},"modified":"2025-06-05T09:34:35","modified_gmt":"2025-06-05T13:34:35","slug":"radlab-spectrometre-gamma-laboratoire","status":"publish","type":"product","link":"https:\/\/www.qnde.ca\/fr\/produit\/radlab-spectrometre-gamma-laboratoire\/","title":{"rendered":"RadComm RadLab, Spectrom\u00e8tre Gamma de Laboratoire"},"content":{"rendered":"<h3><strong>RadComm RadLab, Spectrom\u00e8tre Gamma de Laboratoire<\/strong><\/h3>\n<p>Spectrom\u00e8tre gamma de laboratoire avec bruit de fond ultra-bas pour une d\u00e9tection et identification des contaminants, de haute pr\u00e9cision, dans des \u00e9chantillons (m\u00e9tal, scories, poussi\u00e8re, roches et autres). Le syst\u00e8me est sp\u00e9cialement con\u00e7u pour assurer que les produits lib\u00e9r\u00e9s respectent les limites recommand\u00e9es par l\u2019Association Internationale de l&rsquo;\u00c9nergie Atomique (AIEA).<\/p>\n<ul>\n<li>Grandeur maximale de l\u2019\u00e9chantillon: 6&Prime; de diam\u00e8tre x 6&Prime; haut (152mm x 152mm)<\/li>\n<li>Plage d\u2019\u00e9nergie: 30 keV \u00e0 3.0 MeV.<\/li>\n<li>Analyseur multicanal\u00a0: 512 canaux utilisant un d\u00e9tecteur haute-sensibilit\u00e9 de cristaux de sodium dop\u00e9s au thallium (NaI(Tl)) de 3&Prime; x 3&Prime; (75mm x 75mm).<\/li>\n<li>R\u00e9solution d\u2019\u00e9nergie: 8.5% ou mieux \u00e0 662 keV.<\/li>\n<li>Sensibilit\u00e9 de d\u00e9tection\/identification: moins de 0.02 Bq\/g (Cs-137) dans un \u00e9chantillon de scorie ou d\u2019acier.<\/li>\n<li>100-220VAC, 50\/60Hz.<\/li>\n<li>Logiciel RADLAB, sous Windows.<\/li>\n<li>Poids syst\u00e8me: 450lb (204kg).<\/li>\n<\/ul>\n<h4><strong>\u00a0<\/strong><strong>OPTION<\/strong><\/h4>\n<ul>\n<li>Balance<\/li>\n<\/ul>\n<p>&nbsp;<\/p>\n<ul>\n<li style=\"list-style-type: none;\">\n<ul>\n<li>RadLab: Spectrom\u00e8tre gamma de Laboratoire.<\/li>\n<\/ul>\n<\/li>\n<\/ul>\n","protected":false},"excerpt":{"rendered":"<p>RadComm RadLab, Spectrom\u00e8tre Gamma de Laboratoire Spectrom\u00e8tre gamma de laboratoire avec bruit de fond ultra-bas pour une d\u00e9tection et identification des contaminants, de haute pr\u00e9cision, dans des \u00e9chantillons (m\u00e9tal, scories, poussi\u00e8re, roches et autres). Le syst\u00e8me est sp\u00e9cialement con\u00e7u pour assurer que les produits lib\u00e9r\u00e9s respectent les limites recommand\u00e9es par l\u2019Association Internationale de l&rsquo;\u00c9nergie Atomique [&hellip;]<\/p>\n","protected":false},"featured_media":16315,"template":"","meta":{"_monsterinsights_skip_tracking":false,"_monsterinsights_sitenote_active":false,"_monsterinsights_sitenote_note":"","_monsterinsights_sitenote_category":0},"product_brand":[],"product_cat":[391,410,324],"product_tag":[],"class_list":{"0":"post-16312","1":"product","2":"type-product","3":"status-publish","4":"has-post-thumbnail","6":"product_cat-radcomm-fr","7":"product_cat-recyclage-metaux","8":"product_cat-portails-radiologiques","10":"first","11":"instock","12":"shipping-taxable","13":"purchasable","14":"product-type-variable"},"yoast_head":"<!-- This site is optimized with the Yoast SEO plugin v23.9 - https:\/\/yoast.com\/wordpress\/plugins\/seo\/ -->\n<title>RadComm RadLab, Spectrom\u00e8tre Gamma de Laboratoire &#060; Qualit\u00e9 NDE<\/title>\n<meta name=\"description\" content=\"Spectrom\u00e8tre gamma de laboratoire pour une d\u00e9tection et identification des contaminants, de haute pr\u00e9cision, dans des \u00e9chantillons.\" \/>\n<meta name=\"robots\" content=\"index, follow, max-snippet:-1, max-image-preview:large, max-video-preview:-1\" \/>\n<link rel=\"canonical\" href=\"https:\/\/www.qnde.ca\/fr\/produit\/radlab-spectrometre-gamma-laboratoire\/\" \/>\n<meta name=\"twitter:label1\" content=\"Dur\u00e9e de lecture estim\u00e9e\" \/>\n\t<meta name=\"twitter:data1\" content=\"1 minute\" \/>\n<script type=\"application\/ld+json\" class=\"yoast-schema-graph\">{\"@context\":\"https:\/\/schema.org\",\"@graph\":[{\"@type\":[\"WebPage\",\"ItemPage\"],\"@id\":\"https:\/\/www.qnde.ca\/fr\/produit\/radlab-spectrometre-gamma-laboratoire\/\",\"url\":\"https:\/\/www.qnde.ca\/fr\/produit\/radlab-spectrometre-gamma-laboratoire\/\",\"name\":\"RadComm RadLab, Spectrom\u00e8tre Gamma de Laboratoire &#060; Qualit\u00e9 NDE\",\"isPartOf\":{\"@id\":\"https:\/\/www.qnde.ca\/#website\"},\"primaryImageOfPage\":{\"@id\":\"https:\/\/www.qnde.ca\/fr\/produit\/radlab-spectrometre-gamma-laboratoire\/#primaryimage\"},\"image\":{\"@id\":\"https:\/\/www.qnde.ca\/fr\/produit\/radlab-spectrometre-gamma-laboratoire\/#primaryimage\"},\"thumbnailUrl\":\"https:\/\/www.qnde.ca\/wp-content\/uploads\/2021\/02\/Website-Category-Image-RadLab.jpg\",\"datePublished\":\"2021-02-17T20:48:42+00:00\",\"dateModified\":\"2025-06-05T13:34:35+00:00\",\"description\":\"Spectrom\u00e8tre gamma de laboratoire pour une d\u00e9tection et identification des contaminants, de haute pr\u00e9cision, dans des \u00e9chantillons.\",\"breadcrumb\":{\"@id\":\"https:\/\/www.qnde.ca\/fr\/produit\/radlab-spectrometre-gamma-laboratoire\/#breadcrumb\"},\"inLanguage\":\"fr-FR\",\"potentialAction\":[{\"@type\":\"ReadAction\",\"target\":[\"https:\/\/www.qnde.ca\/fr\/produit\/radlab-spectrometre-gamma-laboratoire\/\"]}]},{\"@type\":\"ImageObject\",\"inLanguage\":\"fr-FR\",\"@id\":\"https:\/\/www.qnde.ca\/fr\/produit\/radlab-spectrometre-gamma-laboratoire\/#primaryimage\",\"url\":\"https:\/\/www.qnde.ca\/wp-content\/uploads\/2021\/02\/Website-Category-Image-RadLab.jpg\",\"contentUrl\":\"https:\/\/www.qnde.ca\/wp-content\/uploads\/2021\/02\/Website-Category-Image-RadLab.jpg\",\"width\":689,\"height\":535},{\"@type\":\"BreadcrumbList\",\"@id\":\"https:\/\/www.qnde.ca\/fr\/produit\/radlab-spectrometre-gamma-laboratoire\/#breadcrumb\",\"itemListElement\":[{\"@type\":\"ListItem\",\"position\":1,\"name\":\"Accueil\",\"item\":\"https:\/\/www.qnde.ca\/fr\/\"},{\"@type\":\"ListItem\",\"position\":2,\"name\":\"Produits\",\"item\":\"https:\/\/www.qnde.ca\/fr\/produits\/\"},{\"@type\":\"ListItem\",\"position\":3,\"name\":\"Radiographie\",\"item\":\"https:\/\/www.qnde.ca\/fr\/product-category\/radiographie\/\"},{\"@type\":\"ListItem\",\"position\":4,\"name\":\"Portails Radiologiques\",\"item\":\"https:\/\/www.qnde.ca\/fr\/product-category\/radiographie\/portails-radiologiques\/\"},{\"@type\":\"ListItem\",\"position\":5,\"name\":\"RadComm RadLab, Spectrom\u00e8tre Gamma de Laboratoire\"}]},{\"@type\":\"WebSite\",\"@id\":\"https:\/\/www.qnde.ca\/#website\",\"url\":\"https:\/\/www.qnde.ca\/\",\"name\":\"Qualit\u00e9 NDE\",\"description\":\"\u00c9quipements d&#039;essais non destructifs \",\"publisher\":{\"@id\":\"https:\/\/www.qnde.ca\/#organization\"},\"potentialAction\":[{\"@type\":\"SearchAction\",\"target\":{\"@type\":\"EntryPoint\",\"urlTemplate\":\"https:\/\/www.qnde.ca\/?s={search_term_string}\"},\"query-input\":{\"@type\":\"PropertyValueSpecification\",\"valueRequired\":true,\"valueName\":\"search_term_string\"}}],\"inLanguage\":\"fr-FR\"},{\"@type\":\"Organization\",\"@id\":\"https:\/\/www.qnde.ca\/#organization\",\"name\":\"Quality NDT Ltd.\",\"url\":\"https:\/\/www.qnde.ca\/\",\"logo\":{\"@type\":\"ImageObject\",\"inLanguage\":\"fr-FR\",\"@id\":\"https:\/\/www.qnde.ca\/#\/schema\/logo\/image\/\",\"url\":\"https:\/\/www.qnde.ca\/wp-content\/uploads\/2022\/02\/QNDE_logo_RGB-gif.gif\",\"contentUrl\":\"https:\/\/www.qnde.ca\/wp-content\/uploads\/2022\/02\/QNDE_logo_RGB-gif.gif\",\"width\":250,\"height\":64,\"caption\":\"Quality NDT Ltd.\"},\"image\":{\"@id\":\"https:\/\/www.qnde.ca\/#\/schema\/logo\/image\/\"},\"sameAs\":[\"https:\/\/www.linkedin.com\/company\/qnde\/about\/?viewAsMember=true\"]}]}<\/script>\n<!-- \/ Yoast SEO plugin. -->","yoast_head_json":{"title":"RadComm RadLab, Spectrom\u00e8tre Gamma de Laboratoire &#060; Qualit\u00e9 NDE","description":"Spectrom\u00e8tre gamma de laboratoire pour une d\u00e9tection et identification des contaminants, de haute pr\u00e9cision, dans des \u00e9chantillons.","robots":{"index":"index","follow":"follow","max-snippet":"max-snippet:-1","max-image-preview":"max-image-preview:large","max-video-preview":"max-video-preview:-1"},"canonical":"https:\/\/www.qnde.ca\/fr\/produit\/radlab-spectrometre-gamma-laboratoire\/","twitter_misc":{"Dur\u00e9e de lecture estim\u00e9e":"1 minute"},"schema":{"@context":"https:\/\/schema.org","@graph":[{"@type":["WebPage","ItemPage"],"@id":"https:\/\/www.qnde.ca\/fr\/produit\/radlab-spectrometre-gamma-laboratoire\/","url":"https:\/\/www.qnde.ca\/fr\/produit\/radlab-spectrometre-gamma-laboratoire\/","name":"RadComm RadLab, Spectrom\u00e8tre Gamma de Laboratoire &#060; Qualit\u00e9 NDE","isPartOf":{"@id":"https:\/\/www.qnde.ca\/#website"},"primaryImageOfPage":{"@id":"https:\/\/www.qnde.ca\/fr\/produit\/radlab-spectrometre-gamma-laboratoire\/#primaryimage"},"image":{"@id":"https:\/\/www.qnde.ca\/fr\/produit\/radlab-spectrometre-gamma-laboratoire\/#primaryimage"},"thumbnailUrl":"https:\/\/www.qnde.ca\/wp-content\/uploads\/2021\/02\/Website-Category-Image-RadLab.jpg","datePublished":"2021-02-17T20:48:42+00:00","dateModified":"2025-06-05T13:34:35+00:00","description":"Spectrom\u00e8tre gamma de laboratoire pour une d\u00e9tection et identification des contaminants, de haute pr\u00e9cision, dans des \u00e9chantillons.","breadcrumb":{"@id":"https:\/\/www.qnde.ca\/fr\/produit\/radlab-spectrometre-gamma-laboratoire\/#breadcrumb"},"inLanguage":"fr-FR","potentialAction":[{"@type":"ReadAction","target":["https:\/\/www.qnde.ca\/fr\/produit\/radlab-spectrometre-gamma-laboratoire\/"]}]},{"@type":"ImageObject","inLanguage":"fr-FR","@id":"https:\/\/www.qnde.ca\/fr\/produit\/radlab-spectrometre-gamma-laboratoire\/#primaryimage","url":"https:\/\/www.qnde.ca\/wp-content\/uploads\/2021\/02\/Website-Category-Image-RadLab.jpg","contentUrl":"https:\/\/www.qnde.ca\/wp-content\/uploads\/2021\/02\/Website-Category-Image-RadLab.jpg","width":689,"height":535},{"@type":"BreadcrumbList","@id":"https:\/\/www.qnde.ca\/fr\/produit\/radlab-spectrometre-gamma-laboratoire\/#breadcrumb","itemListElement":[{"@type":"ListItem","position":1,"name":"Accueil","item":"https:\/\/www.qnde.ca\/fr\/"},{"@type":"ListItem","position":2,"name":"Produits","item":"https:\/\/www.qnde.ca\/fr\/produits\/"},{"@type":"ListItem","position":3,"name":"Radiographie","item":"https:\/\/www.qnde.ca\/fr\/product-category\/radiographie\/"},{"@type":"ListItem","position":4,"name":"Portails Radiologiques","item":"https:\/\/www.qnde.ca\/fr\/product-category\/radiographie\/portails-radiologiques\/"},{"@type":"ListItem","position":5,"name":"RadComm RadLab, Spectrom\u00e8tre Gamma de Laboratoire"}]},{"@type":"WebSite","@id":"https:\/\/www.qnde.ca\/#website","url":"https:\/\/www.qnde.ca\/","name":"Qualit\u00e9 NDE","description":"\u00c9quipements d&#039;essais non destructifs ","publisher":{"@id":"https:\/\/www.qnde.ca\/#organization"},"potentialAction":[{"@type":"SearchAction","target":{"@type":"EntryPoint","urlTemplate":"https:\/\/www.qnde.ca\/?s={search_term_string}"},"query-input":{"@type":"PropertyValueSpecification","valueRequired":true,"valueName":"search_term_string"}}],"inLanguage":"fr-FR"},{"@type":"Organization","@id":"https:\/\/www.qnde.ca\/#organization","name":"Quality NDT Ltd.","url":"https:\/\/www.qnde.ca\/","logo":{"@type":"ImageObject","inLanguage":"fr-FR","@id":"https:\/\/www.qnde.ca\/#\/schema\/logo\/image\/","url":"https:\/\/www.qnde.ca\/wp-content\/uploads\/2022\/02\/QNDE_logo_RGB-gif.gif","contentUrl":"https:\/\/www.qnde.ca\/wp-content\/uploads\/2022\/02\/QNDE_logo_RGB-gif.gif","width":250,"height":64,"caption":"Quality NDT Ltd."},"image":{"@id":"https:\/\/www.qnde.ca\/#\/schema\/logo\/image\/"},"sameAs":["https:\/\/www.linkedin.com\/company\/qnde\/about\/?viewAsMember=true"]}]}},"jetpack_sharing_enabled":true,"_links":{"self":[{"href":"https:\/\/www.qnde.ca\/fr\/wp-json\/wp\/v2\/product\/16312","targetHints":{"allow":["GET"]}}],"collection":[{"href":"https:\/\/www.qnde.ca\/fr\/wp-json\/wp\/v2\/product"}],"about":[{"href":"https:\/\/www.qnde.ca\/fr\/wp-json\/wp\/v2\/types\/product"}],"wp:featuredmedia":[{"embeddable":true,"href":"https:\/\/www.qnde.ca\/fr\/wp-json\/wp\/v2\/media\/16315"}],"wp:attachment":[{"href":"https:\/\/www.qnde.ca\/fr\/wp-json\/wp\/v2\/media?parent=16312"}],"wp:term":[{"taxonomy":"product_brand","embeddable":true,"href":"https:\/\/www.qnde.ca\/fr\/wp-json\/wp\/v2\/product_brand?post=16312"},{"taxonomy":"product_cat","embeddable":true,"href":"https:\/\/www.qnde.ca\/fr\/wp-json\/wp\/v2\/product_cat?post=16312"},{"taxonomy":"product_tag","embeddable":true,"href":"https:\/\/www.qnde.ca\/fr\/wp-json\/wp\/v2\/product_tag?post=16312"}],"curies":[{"name":"wp","href":"https:\/\/api.w.org\/{rel}","templated":true}]}}