{"id":16299,"date":"2021-02-17T15:28:49","date_gmt":"2021-02-17T20:28:49","guid":{"rendered":"https:\/\/www.qnde.ca\/?post_type=product&#038;p=16299"},"modified":"2025-08-13T15:14:20","modified_gmt":"2025-08-13T19:14:20","slug":"mspec-detecteur-radiation-portatif-spectrometre","status":"publish","type":"product","link":"https:\/\/www.qnde.ca\/fr\/produit\/mspec-detecteur-radiation-portatif-spectrometre\/","title":{"rendered":"RadComm MSpec D\u00e9tecteur de Radiation Portatif et Spectrom\u00e8tre"},"content":{"rendered":"<h3><strong>RadComm MSpec D\u00e9tecteur de Radiation Portatif et Spectrom\u00e8tre<\/strong><\/h3>\n<p>Mini-d\u00e9tecteur de radiation portatif et spectrom\u00e8tre pour d\u00e9tecter et identifier des mati\u00e8res radioactives. Le logiciel est facile d\u2019utilisation de sorte qu\u2019un utilisateur non form\u00e9 peut identifier des contaminants radioactifs (M\u00e9dical, Industriel, NORM, SNM). Stabilisation d\u2019\u00e9nergie automatique (aucune source de contr\u00f4le radioactive).<\/p>\n<ul>\n<li>Alarme sonore et visuelle.<\/li>\n<li>Plage d\u2019\u00e9nergie: 30 keV \u00e0 3.0 MeV.<\/li>\n<li>Grands d\u00e9tecteurs de cristaux d&rsquo;iodure de sodium dop\u00e9s au thallium (NaI(Tl)) de 0.5&Prime; x 1.75&Prime; (13mm x 38mm).<\/li>\n<li>R\u00e9solution d\u2019\u00e9nergie: 9% ou mieux \u00e0 662 keV.<\/li>\n<li>Batterie Lithium-ion avec chargeur (120VAC). Autonomie de la batterie jusqu\u2019\u00e0 10 heures.<\/li>\n<li>\u00c9cran de 2.5&Prime; (63mm).<\/li>\n<\/ul>\n<h4><strong>OPTIONS<\/strong><\/h4>\n<ul>\n<li>D\u00e9tecteur de Neutron.<\/li>\n<li style=\"list-style-type: none;\">\n<ul>\n<li>MSpec: Mini-d\u00e9tecteur de radiation portatif et spectrom\u00e8tre NaI(Tl) avec chargeur mural de 120VAC, c\u00e2ble USB, logiciel RadView, manuel de l\u2019utilisateur, certificat d\u2019\u00e9talonnage et valise de transport rigide.<\/li>\n<\/ul>\n<\/li>\n<\/ul>\n","protected":false},"excerpt":{"rendered":"<p>RadComm MSpec D\u00e9tecteur de Radiation Portatif et Spectrom\u00e8tre Mini-d\u00e9tecteur de radiation portatif et spectrom\u00e8tre pour d\u00e9tecter et identifier des mati\u00e8res radioactives. Le logiciel est facile d\u2019utilisation de sorte qu\u2019un utilisateur non form\u00e9 peut identifier des contaminants radioactifs (M\u00e9dical, Industriel, NORM, SNM). Stabilisation d\u2019\u00e9nergie automatique (aucune source de contr\u00f4le radioactive). Alarme sonore et visuelle. Plage d\u2019\u00e9nergie: [&hellip;]<\/p>\n","protected":false},"featured_media":16302,"template":"","meta":{"_monsterinsights_skip_tracking":false,"_monsterinsights_sitenote_active":false,"_monsterinsights_sitenote_note":"","_monsterinsights_sitenote_category":0},"product_brand":[],"product_cat":[391,410,138,324,143],"product_tag":[],"class_list":{"0":"post-16299","1":"product","2":"type-product","3":"status-publish","4":"has-post-thumbnail","6":"product_cat-radcomm-fr","7":"product_cat-recyclage-metaux","8":"product_cat-radiographie","9":"product_cat-portails-radiologiques","10":"product_cat-radioprotection","12":"first","13":"instock","14":"shipping-taxable","15":"purchasable","16":"product-type-variable"},"yoast_head":"<!-- This site is optimized with the Yoast SEO plugin v23.9 - https:\/\/yoast.com\/wordpress\/plugins\/seo\/ -->\n<title>RadComm MSpec D\u00e9tecteur de Radiation Portatif et Spectrom\u00e8tre &#060; Qualit\u00e9 NDE<\/title>\n<meta name=\"description\" content=\"Mini-d\u00e9tecteur de radiation portatif et spectrom\u00e8tre pour d\u00e9tecter et identifier des mati\u00e8res radioactives. Stabilisation d\u2019\u00e9nergie automatique.\" \/>\n<meta name=\"robots\" content=\"index, follow, max-snippet:-1, max-image-preview:large, max-video-preview:-1\" \/>\n<link rel=\"canonical\" href=\"https:\/\/www.qnde.ca\/fr\/produit\/mspec-detecteur-radiation-portatif-spectrometre\/\" \/>\n<meta name=\"twitter:label1\" content=\"Dur\u00e9e de lecture estim\u00e9e\" \/>\n\t<meta name=\"twitter:data1\" content=\"1 minute\" \/>\n<script type=\"application\/ld+json\" class=\"yoast-schema-graph\">{\"@context\":\"https:\/\/schema.org\",\"@graph\":[{\"@type\":[\"WebPage\",\"ItemPage\"],\"@id\":\"https:\/\/www.qnde.ca\/fr\/produit\/mspec-detecteur-radiation-portatif-spectrometre\/\",\"url\":\"https:\/\/www.qnde.ca\/fr\/produit\/mspec-detecteur-radiation-portatif-spectrometre\/\",\"name\":\"RadComm MSpec D\u00e9tecteur de Radiation Portatif et Spectrom\u00e8tre &#060; Qualit\u00e9 NDE\",\"isPartOf\":{\"@id\":\"https:\/\/www.qnde.ca\/#website\"},\"primaryImageOfPage\":{\"@id\":\"https:\/\/www.qnde.ca\/fr\/produit\/mspec-detecteur-radiation-portatif-spectrometre\/#primaryimage\"},\"image\":{\"@id\":\"https:\/\/www.qnde.ca\/fr\/produit\/mspec-detecteur-radiation-portatif-spectrometre\/#primaryimage\"},\"thumbnailUrl\":\"https:\/\/www.qnde.ca\/wp-content\/uploads\/2021\/02\/M-Spec_Updated2-e1582745507388.png\",\"datePublished\":\"2021-02-17T20:28:49+00:00\",\"dateModified\":\"2025-08-13T19:14:20+00:00\",\"description\":\"Mini-d\u00e9tecteur de radiation portatif et spectrom\u00e8tre pour d\u00e9tecter et identifier des mati\u00e8res radioactives. Stabilisation d\u2019\u00e9nergie automatique.\",\"breadcrumb\":{\"@id\":\"https:\/\/www.qnde.ca\/fr\/produit\/mspec-detecteur-radiation-portatif-spectrometre\/#breadcrumb\"},\"inLanguage\":\"fr-FR\",\"potentialAction\":[{\"@type\":\"ReadAction\",\"target\":[\"https:\/\/www.qnde.ca\/fr\/produit\/mspec-detecteur-radiation-portatif-spectrometre\/\"]}]},{\"@type\":\"ImageObject\",\"inLanguage\":\"fr-FR\",\"@id\":\"https:\/\/www.qnde.ca\/fr\/produit\/mspec-detecteur-radiation-portatif-spectrometre\/#primaryimage\",\"url\":\"https:\/\/www.qnde.ca\/wp-content\/uploads\/2021\/02\/M-Spec_Updated2-e1582745507388.png\",\"contentUrl\":\"https:\/\/www.qnde.ca\/wp-content\/uploads\/2021\/02\/M-Spec_Updated2-e1582745507388.png\",\"width\":379,\"height\":665},{\"@type\":\"BreadcrumbList\",\"@id\":\"https:\/\/www.qnde.ca\/fr\/produit\/mspec-detecteur-radiation-portatif-spectrometre\/#breadcrumb\",\"itemListElement\":[{\"@type\":\"ListItem\",\"position\":1,\"name\":\"Accueil\",\"item\":\"https:\/\/www.qnde.ca\/fr\/\"},{\"@type\":\"ListItem\",\"position\":2,\"name\":\"Produits\",\"item\":\"https:\/\/www.qnde.ca\/fr\/produits\/\"},{\"@type\":\"ListItem\",\"position\":3,\"name\":\"Radiographie\",\"item\":\"https:\/\/www.qnde.ca\/fr\/product-category\/radiographie\/\"},{\"@type\":\"ListItem\",\"position\":4,\"name\":\"Radioprotection\",\"item\":\"https:\/\/www.qnde.ca\/fr\/product-category\/radiographie\/radioprotection\/\"},{\"@type\":\"ListItem\",\"position\":5,\"name\":\"RadComm MSpec D\u00e9tecteur de Radiation Portatif et Spectrom\u00e8tre\"}]},{\"@type\":\"WebSite\",\"@id\":\"https:\/\/www.qnde.ca\/#website\",\"url\":\"https:\/\/www.qnde.ca\/\",\"name\":\"Qualit\u00e9 NDE\",\"description\":\"\u00c9quipements d&#039;essais non destructifs \",\"publisher\":{\"@id\":\"https:\/\/www.qnde.ca\/#organization\"},\"potentialAction\":[{\"@type\":\"SearchAction\",\"target\":{\"@type\":\"EntryPoint\",\"urlTemplate\":\"https:\/\/www.qnde.ca\/?s={search_term_string}\"},\"query-input\":{\"@type\":\"PropertyValueSpecification\",\"valueRequired\":true,\"valueName\":\"search_term_string\"}}],\"inLanguage\":\"fr-FR\"},{\"@type\":\"Organization\",\"@id\":\"https:\/\/www.qnde.ca\/#organization\",\"name\":\"Quality NDT Ltd.\",\"url\":\"https:\/\/www.qnde.ca\/\",\"logo\":{\"@type\":\"ImageObject\",\"inLanguage\":\"fr-FR\",\"@id\":\"https:\/\/www.qnde.ca\/#\/schema\/logo\/image\/\",\"url\":\"https:\/\/www.qnde.ca\/wp-content\/uploads\/2022\/02\/QNDE_logo_RGB-gif.gif\",\"contentUrl\":\"https:\/\/www.qnde.ca\/wp-content\/uploads\/2022\/02\/QNDE_logo_RGB-gif.gif\",\"width\":250,\"height\":64,\"caption\":\"Quality NDT Ltd.\"},\"image\":{\"@id\":\"https:\/\/www.qnde.ca\/#\/schema\/logo\/image\/\"},\"sameAs\":[\"https:\/\/www.linkedin.com\/company\/qnde\/about\/?viewAsMember=true\"]}]}<\/script>\n<!-- \/ Yoast SEO plugin. -->","yoast_head_json":{"title":"RadComm MSpec D\u00e9tecteur de Radiation Portatif et Spectrom\u00e8tre &#060; Qualit\u00e9 NDE","description":"Mini-d\u00e9tecteur de radiation portatif et spectrom\u00e8tre pour d\u00e9tecter et identifier des mati\u00e8res radioactives. Stabilisation d\u2019\u00e9nergie automatique.","robots":{"index":"index","follow":"follow","max-snippet":"max-snippet:-1","max-image-preview":"max-image-preview:large","max-video-preview":"max-video-preview:-1"},"canonical":"https:\/\/www.qnde.ca\/fr\/produit\/mspec-detecteur-radiation-portatif-spectrometre\/","twitter_misc":{"Dur\u00e9e de lecture estim\u00e9e":"1 minute"},"schema":{"@context":"https:\/\/schema.org","@graph":[{"@type":["WebPage","ItemPage"],"@id":"https:\/\/www.qnde.ca\/fr\/produit\/mspec-detecteur-radiation-portatif-spectrometre\/","url":"https:\/\/www.qnde.ca\/fr\/produit\/mspec-detecteur-radiation-portatif-spectrometre\/","name":"RadComm MSpec D\u00e9tecteur de Radiation Portatif et Spectrom\u00e8tre &#060; Qualit\u00e9 NDE","isPartOf":{"@id":"https:\/\/www.qnde.ca\/#website"},"primaryImageOfPage":{"@id":"https:\/\/www.qnde.ca\/fr\/produit\/mspec-detecteur-radiation-portatif-spectrometre\/#primaryimage"},"image":{"@id":"https:\/\/www.qnde.ca\/fr\/produit\/mspec-detecteur-radiation-portatif-spectrometre\/#primaryimage"},"thumbnailUrl":"https:\/\/www.qnde.ca\/wp-content\/uploads\/2021\/02\/M-Spec_Updated2-e1582745507388.png","datePublished":"2021-02-17T20:28:49+00:00","dateModified":"2025-08-13T19:14:20+00:00","description":"Mini-d\u00e9tecteur de radiation portatif et spectrom\u00e8tre pour d\u00e9tecter et identifier des mati\u00e8res radioactives. Stabilisation d\u2019\u00e9nergie automatique.","breadcrumb":{"@id":"https:\/\/www.qnde.ca\/fr\/produit\/mspec-detecteur-radiation-portatif-spectrometre\/#breadcrumb"},"inLanguage":"fr-FR","potentialAction":[{"@type":"ReadAction","target":["https:\/\/www.qnde.ca\/fr\/produit\/mspec-detecteur-radiation-portatif-spectrometre\/"]}]},{"@type":"ImageObject","inLanguage":"fr-FR","@id":"https:\/\/www.qnde.ca\/fr\/produit\/mspec-detecteur-radiation-portatif-spectrometre\/#primaryimage","url":"https:\/\/www.qnde.ca\/wp-content\/uploads\/2021\/02\/M-Spec_Updated2-e1582745507388.png","contentUrl":"https:\/\/www.qnde.ca\/wp-content\/uploads\/2021\/02\/M-Spec_Updated2-e1582745507388.png","width":379,"height":665},{"@type":"BreadcrumbList","@id":"https:\/\/www.qnde.ca\/fr\/produit\/mspec-detecteur-radiation-portatif-spectrometre\/#breadcrumb","itemListElement":[{"@type":"ListItem","position":1,"name":"Accueil","item":"https:\/\/www.qnde.ca\/fr\/"},{"@type":"ListItem","position":2,"name":"Produits","item":"https:\/\/www.qnde.ca\/fr\/produits\/"},{"@type":"ListItem","position":3,"name":"Radiographie","item":"https:\/\/www.qnde.ca\/fr\/product-category\/radiographie\/"},{"@type":"ListItem","position":4,"name":"Radioprotection","item":"https:\/\/www.qnde.ca\/fr\/product-category\/radiographie\/radioprotection\/"},{"@type":"ListItem","position":5,"name":"RadComm MSpec D\u00e9tecteur de Radiation Portatif et Spectrom\u00e8tre"}]},{"@type":"WebSite","@id":"https:\/\/www.qnde.ca\/#website","url":"https:\/\/www.qnde.ca\/","name":"Qualit\u00e9 NDE","description":"\u00c9quipements d&#039;essais non destructifs ","publisher":{"@id":"https:\/\/www.qnde.ca\/#organization"},"potentialAction":[{"@type":"SearchAction","target":{"@type":"EntryPoint","urlTemplate":"https:\/\/www.qnde.ca\/?s={search_term_string}"},"query-input":{"@type":"PropertyValueSpecification","valueRequired":true,"valueName":"search_term_string"}}],"inLanguage":"fr-FR"},{"@type":"Organization","@id":"https:\/\/www.qnde.ca\/#organization","name":"Quality NDT Ltd.","url":"https:\/\/www.qnde.ca\/","logo":{"@type":"ImageObject","inLanguage":"fr-FR","@id":"https:\/\/www.qnde.ca\/#\/schema\/logo\/image\/","url":"https:\/\/www.qnde.ca\/wp-content\/uploads\/2022\/02\/QNDE_logo_RGB-gif.gif","contentUrl":"https:\/\/www.qnde.ca\/wp-content\/uploads\/2022\/02\/QNDE_logo_RGB-gif.gif","width":250,"height":64,"caption":"Quality NDT Ltd."},"image":{"@id":"https:\/\/www.qnde.ca\/#\/schema\/logo\/image\/"},"sameAs":["https:\/\/www.linkedin.com\/company\/qnde\/about\/?viewAsMember=true"]}]}},"jetpack_sharing_enabled":true,"_links":{"self":[{"href":"https:\/\/www.qnde.ca\/fr\/wp-json\/wp\/v2\/product\/16299","targetHints":{"allow":["GET"]}}],"collection":[{"href":"https:\/\/www.qnde.ca\/fr\/wp-json\/wp\/v2\/product"}],"about":[{"href":"https:\/\/www.qnde.ca\/fr\/wp-json\/wp\/v2\/types\/product"}],"wp:featuredmedia":[{"embeddable":true,"href":"https:\/\/www.qnde.ca\/fr\/wp-json\/wp\/v2\/media\/16302"}],"wp:attachment":[{"href":"https:\/\/www.qnde.ca\/fr\/wp-json\/wp\/v2\/media?parent=16299"}],"wp:term":[{"taxonomy":"product_brand","embeddable":true,"href":"https:\/\/www.qnde.ca\/fr\/wp-json\/wp\/v2\/product_brand?post=16299"},{"taxonomy":"product_cat","embeddable":true,"href":"https:\/\/www.qnde.ca\/fr\/wp-json\/wp\/v2\/product_cat?post=16299"},{"taxonomy":"product_tag","embeddable":true,"href":"https:\/\/www.qnde.ca\/fr\/wp-json\/wp\/v2\/product_tag?post=16299"}],"curies":[{"name":"wp","href":"https:\/\/api.w.org\/{rel}","templated":true}]}}