{"id":16288,"date":"2021-02-17T15:16:19","date_gmt":"2021-02-17T20:16:19","guid":{"rendered":"https:\/\/www.qnde.ca\/?post_type=product&#038;p=16288"},"modified":"2025-06-05T09:40:07","modified_gmt":"2025-06-05T13:40:07","slug":"syclone-detecteur-portatif-spectrometre","status":"publish","type":"product","link":"https:\/\/www.qnde.ca\/fr\/produit\/syclone-detecteur-portatif-spectrometre\/","title":{"rendered":"RadComm Syclone D\u00e9tecteur de Radiation Portatif et Spectrom\u00e8tre"},"content":{"rendered":"<h3><strong>RadComm Syclone D\u00e9tecteur de Radiation Portatif et Spectrom\u00e8tre<\/strong><\/h3>\n<p>D\u00e9tecteur de radiation portatif et spectrom\u00e8tre pour d\u00e9tecter et identifier des niveaux de radiation tr\u00e8s faible de mati\u00e8res radioactives. Le logiciel est facile d\u2019utilisation de sorte qu\u2019un utilisateur non form\u00e9 peut identifier des contaminants radioactifs (M\u00e9dical, Industriel, NORM, SNM). L\u2019analyse avanc\u00e9e peut \u00eatre effectu\u00e9e en utilisant les pointes de l\u2019histogramme et\/ou en utilisant le logiciel d\u2019analyse RadView inclus avec le syst\u00e8me.<\/p>\n<p>L\u2019outil id\u00e9al pour chercher et identifier un contaminant radioactif.<\/p>\n<ul>\n<li>Alarme sonore et visuelle.<\/li>\n<li>Plage d\u2019\u00e9nergie: 20 keV \u00e0 3.0 MeV.<\/li>\n<li>Grand d\u00e9tecteur de cristaux d&rsquo;iodure de sodium dop\u00e9s au thallium (NaI(Tl)) de 5&Prime; x 2&Prime; (38mm x 50mm).<\/li>\n<li>R\u00e9solution d\u2019\u00e9nergie: 8% ou mieux \u00e0 662 keV.<\/li>\n<li>Tube Geiger-Mueller robuste pour dose allant jusqu\u2019\u00e0 10R\/h (100mSv\/h).<\/li>\n<li>Batterie Lithium-ion avec chargeur (120VAC). Autonomie de la batterie jusqu\u2019\u00e0 8 heures.<\/li>\n<li>Grand \u00e9cran r\u00e9tro\u00e9clair\u00e9, 3.5&Prime; (89mm).<\/li>\n<\/ul>\n<h4><strong>OPTIONS<\/strong><\/h4>\n<ul>\n<li>D\u00e9tecteur de Neutron (He3 ou alternative).<\/li>\n<li>GPS<\/li>\n<li>Bluetooth<\/li>\n<li>Application de g\u00e9ophysique.<\/li>\n<li>Stabilisation d\u2019\u00e9nergie automatique (aucune source de contr\u00f4le radioactive).<\/li>\n<\/ul>\n<p>&nbsp;<\/p>\n<ul>\n<li style=\"list-style-type: none;\">\n<ul>\n<li>Syclone: D\u00e9tecteur manuel et spectrom\u00e8tre NaI(Tl) avec botte protectrice en caoutchouc, chargeur mural de 120VAC, c\u00e2ble USB, logiciel RadView, manuel de l\u2019utilisateur, certificat d\u2019\u00e9talonnage et valise de transport robuste.<\/li>\n<li>Syclone Ne: D\u00e9tecteur manuel et spectrom\u00e8tre NaI(Tl) avec d\u00e9tecteur de Neutron, botte protectrice en caoutchouc, chargeur mural de 120VAC, c\u00e2ble USB, logiciel RadView, manuel de l\u2019utilisateur, certificat d\u2019\u00e9talonnage et valise de transport robuste.<\/li>\n<\/ul>\n<\/li>\n<\/ul>\n","protected":false},"excerpt":{"rendered":"<p>RadComm Syclone D\u00e9tecteur de Radiation Portatif et Spectrom\u00e8tre D\u00e9tecteur de radiation portatif et spectrom\u00e8tre pour d\u00e9tecter et identifier des niveaux de radiation tr\u00e8s faible de mati\u00e8res radioactives. Le logiciel est facile d\u2019utilisation de sorte qu\u2019un utilisateur non form\u00e9 peut identifier des contaminants radioactifs (M\u00e9dical, Industriel, NORM, SNM). L\u2019analyse avanc\u00e9e peut \u00eatre effectu\u00e9e en utilisant les [&hellip;]<\/p>\n","protected":false},"featured_media":16291,"template":"","meta":{"_monsterinsights_skip_tracking":false,"_monsterinsights_sitenote_active":false,"_monsterinsights_sitenote_note":"","_monsterinsights_sitenote_category":0},"product_brand":[],"product_cat":[391,410,324,143],"product_tag":[],"class_list":{"0":"post-16288","1":"product","2":"type-product","3":"status-publish","4":"has-post-thumbnail","6":"product_cat-radcomm-fr","7":"product_cat-recyclage-metaux","8":"product_cat-portails-radiologiques","9":"product_cat-radioprotection","11":"first","12":"instock","13":"shipping-taxable","14":"purchasable","15":"product-type-variable"},"yoast_head":"<!-- This site is optimized with the Yoast SEO plugin v23.9 - https:\/\/yoast.com\/wordpress\/plugins\/seo\/ -->\n<title>RadComm Syclone D\u00e9tecteur de Radiation Portatif et Spectrom\u00e8tre &#060; Qualit\u00e9 NDE<\/title>\n<meta name=\"description\" content=\"D\u00e9tecteur de radiation portatif et spectrom\u00e8tre pour d\u00e9tecter et identifier des niveaux de radiation tr\u00e8s faible de mati\u00e8res radioactives.\" \/>\n<meta name=\"robots\" content=\"index, follow, max-snippet:-1, max-image-preview:large, max-video-preview:-1\" \/>\n<link rel=\"canonical\" href=\"https:\/\/www.qnde.ca\/fr\/produit\/syclone-detecteur-portatif-spectrometre\/\" \/>\n<meta name=\"twitter:label1\" content=\"Dur\u00e9e de lecture estim\u00e9e\" \/>\n\t<meta name=\"twitter:data1\" content=\"2 minutes\" \/>\n<script type=\"application\/ld+json\" class=\"yoast-schema-graph\">{\"@context\":\"https:\/\/schema.org\",\"@graph\":[{\"@type\":[\"WebPage\",\"ItemPage\"],\"@id\":\"https:\/\/www.qnde.ca\/fr\/produit\/syclone-detecteur-portatif-spectrometre\/\",\"url\":\"https:\/\/www.qnde.ca\/fr\/produit\/syclone-detecteur-portatif-spectrometre\/\",\"name\":\"RadComm Syclone D\u00e9tecteur de Radiation Portatif et Spectrom\u00e8tre &#060; Qualit\u00e9 NDE\",\"isPartOf\":{\"@id\":\"https:\/\/www.qnde.ca\/#website\"},\"primaryImageOfPage\":{\"@id\":\"https:\/\/www.qnde.ca\/fr\/produit\/syclone-detecteur-portatif-spectrometre\/#primaryimage\"},\"image\":{\"@id\":\"https:\/\/www.qnde.ca\/fr\/produit\/syclone-detecteur-portatif-spectrometre\/#primaryimage\"},\"thumbnailUrl\":\"https:\/\/www.qnde.ca\/wp-content\/uploads\/2021\/02\/SYCLONE.png\",\"datePublished\":\"2021-02-17T20:16:19+00:00\",\"dateModified\":\"2025-06-05T13:40:07+00:00\",\"description\":\"D\u00e9tecteur de radiation portatif et spectrom\u00e8tre pour d\u00e9tecter et identifier des niveaux de radiation tr\u00e8s faible de mati\u00e8res radioactives.\",\"breadcrumb\":{\"@id\":\"https:\/\/www.qnde.ca\/fr\/produit\/syclone-detecteur-portatif-spectrometre\/#breadcrumb\"},\"inLanguage\":\"fr-FR\",\"potentialAction\":[{\"@type\":\"ReadAction\",\"target\":[\"https:\/\/www.qnde.ca\/fr\/produit\/syclone-detecteur-portatif-spectrometre\/\"]}]},{\"@type\":\"ImageObject\",\"inLanguage\":\"fr-FR\",\"@id\":\"https:\/\/www.qnde.ca\/fr\/produit\/syclone-detecteur-portatif-spectrometre\/#primaryimage\",\"url\":\"https:\/\/www.qnde.ca\/wp-content\/uploads\/2021\/02\/SYCLONE.png\",\"contentUrl\":\"https:\/\/www.qnde.ca\/wp-content\/uploads\/2021\/02\/SYCLONE.png\",\"width\":432,\"height\":685},{\"@type\":\"BreadcrumbList\",\"@id\":\"https:\/\/www.qnde.ca\/fr\/produit\/syclone-detecteur-portatif-spectrometre\/#breadcrumb\",\"itemListElement\":[{\"@type\":\"ListItem\",\"position\":1,\"name\":\"Accueil\",\"item\":\"https:\/\/www.qnde.ca\/fr\/\"},{\"@type\":\"ListItem\",\"position\":2,\"name\":\"Produits\",\"item\":\"https:\/\/www.qnde.ca\/fr\/produits\/\"},{\"@type\":\"ListItem\",\"position\":3,\"name\":\"Radiographie\",\"item\":\"https:\/\/www.qnde.ca\/fr\/product-category\/radiographie\/\"},{\"@type\":\"ListItem\",\"position\":4,\"name\":\"Portails Radiologiques\",\"item\":\"https:\/\/www.qnde.ca\/fr\/product-category\/radiographie\/portails-radiologiques\/\"},{\"@type\":\"ListItem\",\"position\":5,\"name\":\"RadComm Syclone D\u00e9tecteur de Radiation Portatif et Spectrom\u00e8tre\"}]},{\"@type\":\"WebSite\",\"@id\":\"https:\/\/www.qnde.ca\/#website\",\"url\":\"https:\/\/www.qnde.ca\/\",\"name\":\"Qualit\u00e9 NDE\",\"description\":\"\u00c9quipements d&#039;essais non destructifs \",\"publisher\":{\"@id\":\"https:\/\/www.qnde.ca\/#organization\"},\"potentialAction\":[{\"@type\":\"SearchAction\",\"target\":{\"@type\":\"EntryPoint\",\"urlTemplate\":\"https:\/\/www.qnde.ca\/?s={search_term_string}\"},\"query-input\":{\"@type\":\"PropertyValueSpecification\",\"valueRequired\":true,\"valueName\":\"search_term_string\"}}],\"inLanguage\":\"fr-FR\"},{\"@type\":\"Organization\",\"@id\":\"https:\/\/www.qnde.ca\/#organization\",\"name\":\"Quality NDT Ltd.\",\"url\":\"https:\/\/www.qnde.ca\/\",\"logo\":{\"@type\":\"ImageObject\",\"inLanguage\":\"fr-FR\",\"@id\":\"https:\/\/www.qnde.ca\/#\/schema\/logo\/image\/\",\"url\":\"https:\/\/www.qnde.ca\/wp-content\/uploads\/2022\/02\/QNDE_logo_RGB-gif.gif\",\"contentUrl\":\"https:\/\/www.qnde.ca\/wp-content\/uploads\/2022\/02\/QNDE_logo_RGB-gif.gif\",\"width\":250,\"height\":64,\"caption\":\"Quality NDT Ltd.\"},\"image\":{\"@id\":\"https:\/\/www.qnde.ca\/#\/schema\/logo\/image\/\"},\"sameAs\":[\"https:\/\/www.linkedin.com\/company\/qnde\/about\/?viewAsMember=true\"]}]}<\/script>\n<!-- \/ Yoast SEO plugin. -->","yoast_head_json":{"title":"RadComm Syclone D\u00e9tecteur de Radiation Portatif et Spectrom\u00e8tre &#060; Qualit\u00e9 NDE","description":"D\u00e9tecteur de radiation portatif et spectrom\u00e8tre pour d\u00e9tecter et identifier des niveaux de radiation tr\u00e8s faible de mati\u00e8res radioactives.","robots":{"index":"index","follow":"follow","max-snippet":"max-snippet:-1","max-image-preview":"max-image-preview:large","max-video-preview":"max-video-preview:-1"},"canonical":"https:\/\/www.qnde.ca\/fr\/produit\/syclone-detecteur-portatif-spectrometre\/","twitter_misc":{"Dur\u00e9e de lecture estim\u00e9e":"2 minutes"},"schema":{"@context":"https:\/\/schema.org","@graph":[{"@type":["WebPage","ItemPage"],"@id":"https:\/\/www.qnde.ca\/fr\/produit\/syclone-detecteur-portatif-spectrometre\/","url":"https:\/\/www.qnde.ca\/fr\/produit\/syclone-detecteur-portatif-spectrometre\/","name":"RadComm Syclone D\u00e9tecteur de Radiation Portatif et Spectrom\u00e8tre &#060; Qualit\u00e9 NDE","isPartOf":{"@id":"https:\/\/www.qnde.ca\/#website"},"primaryImageOfPage":{"@id":"https:\/\/www.qnde.ca\/fr\/produit\/syclone-detecteur-portatif-spectrometre\/#primaryimage"},"image":{"@id":"https:\/\/www.qnde.ca\/fr\/produit\/syclone-detecteur-portatif-spectrometre\/#primaryimage"},"thumbnailUrl":"https:\/\/www.qnde.ca\/wp-content\/uploads\/2021\/02\/SYCLONE.png","datePublished":"2021-02-17T20:16:19+00:00","dateModified":"2025-06-05T13:40:07+00:00","description":"D\u00e9tecteur de radiation portatif et spectrom\u00e8tre pour d\u00e9tecter et identifier des niveaux de radiation tr\u00e8s faible de mati\u00e8res radioactives.","breadcrumb":{"@id":"https:\/\/www.qnde.ca\/fr\/produit\/syclone-detecteur-portatif-spectrometre\/#breadcrumb"},"inLanguage":"fr-FR","potentialAction":[{"@type":"ReadAction","target":["https:\/\/www.qnde.ca\/fr\/produit\/syclone-detecteur-portatif-spectrometre\/"]}]},{"@type":"ImageObject","inLanguage":"fr-FR","@id":"https:\/\/www.qnde.ca\/fr\/produit\/syclone-detecteur-portatif-spectrometre\/#primaryimage","url":"https:\/\/www.qnde.ca\/wp-content\/uploads\/2021\/02\/SYCLONE.png","contentUrl":"https:\/\/www.qnde.ca\/wp-content\/uploads\/2021\/02\/SYCLONE.png","width":432,"height":685},{"@type":"BreadcrumbList","@id":"https:\/\/www.qnde.ca\/fr\/produit\/syclone-detecteur-portatif-spectrometre\/#breadcrumb","itemListElement":[{"@type":"ListItem","position":1,"name":"Accueil","item":"https:\/\/www.qnde.ca\/fr\/"},{"@type":"ListItem","position":2,"name":"Produits","item":"https:\/\/www.qnde.ca\/fr\/produits\/"},{"@type":"ListItem","position":3,"name":"Radiographie","item":"https:\/\/www.qnde.ca\/fr\/product-category\/radiographie\/"},{"@type":"ListItem","position":4,"name":"Portails Radiologiques","item":"https:\/\/www.qnde.ca\/fr\/product-category\/radiographie\/portails-radiologiques\/"},{"@type":"ListItem","position":5,"name":"RadComm Syclone D\u00e9tecteur de Radiation Portatif et Spectrom\u00e8tre"}]},{"@type":"WebSite","@id":"https:\/\/www.qnde.ca\/#website","url":"https:\/\/www.qnde.ca\/","name":"Qualit\u00e9 NDE","description":"\u00c9quipements d&#039;essais non destructifs ","publisher":{"@id":"https:\/\/www.qnde.ca\/#organization"},"potentialAction":[{"@type":"SearchAction","target":{"@type":"EntryPoint","urlTemplate":"https:\/\/www.qnde.ca\/?s={search_term_string}"},"query-input":{"@type":"PropertyValueSpecification","valueRequired":true,"valueName":"search_term_string"}}],"inLanguage":"fr-FR"},{"@type":"Organization","@id":"https:\/\/www.qnde.ca\/#organization","name":"Quality NDT Ltd.","url":"https:\/\/www.qnde.ca\/","logo":{"@type":"ImageObject","inLanguage":"fr-FR","@id":"https:\/\/www.qnde.ca\/#\/schema\/logo\/image\/","url":"https:\/\/www.qnde.ca\/wp-content\/uploads\/2022\/02\/QNDE_logo_RGB-gif.gif","contentUrl":"https:\/\/www.qnde.ca\/wp-content\/uploads\/2022\/02\/QNDE_logo_RGB-gif.gif","width":250,"height":64,"caption":"Quality NDT Ltd."},"image":{"@id":"https:\/\/www.qnde.ca\/#\/schema\/logo\/image\/"},"sameAs":["https:\/\/www.linkedin.com\/company\/qnde\/about\/?viewAsMember=true"]}]}},"jetpack_sharing_enabled":true,"_links":{"self":[{"href":"https:\/\/www.qnde.ca\/fr\/wp-json\/wp\/v2\/product\/16288","targetHints":{"allow":["GET"]}}],"collection":[{"href":"https:\/\/www.qnde.ca\/fr\/wp-json\/wp\/v2\/product"}],"about":[{"href":"https:\/\/www.qnde.ca\/fr\/wp-json\/wp\/v2\/types\/product"}],"wp:featuredmedia":[{"embeddable":true,"href":"https:\/\/www.qnde.ca\/fr\/wp-json\/wp\/v2\/media\/16291"}],"wp:attachment":[{"href":"https:\/\/www.qnde.ca\/fr\/wp-json\/wp\/v2\/media?parent=16288"}],"wp:term":[{"taxonomy":"product_brand","embeddable":true,"href":"https:\/\/www.qnde.ca\/fr\/wp-json\/wp\/v2\/product_brand?post=16288"},{"taxonomy":"product_cat","embeddable":true,"href":"https:\/\/www.qnde.ca\/fr\/wp-json\/wp\/v2\/product_cat?post=16288"},{"taxonomy":"product_tag","embeddable":true,"href":"https:\/\/www.qnde.ca\/fr\/wp-json\/wp\/v2\/product_tag?post=16288"}],"curies":[{"name":"wp","href":"https:\/\/api.w.org\/{rel}","templated":true}]}}