{"id":16268,"date":"2021-02-17T14:54:43","date_gmt":"2021-02-17T19:54:43","guid":{"rendered":"https:\/\/www.qnde.ca\/?post_type=product&#038;p=16268"},"modified":"2025-08-13T14:57:13","modified_gmt":"2025-08-13T18:57:13","slug":"radcomm-rc22-rc23","status":"publish","type":"product","link":"https:\/\/www.qnde.ca\/fr\/produit\/radcomm-rc22-rc23\/","title":{"rendered":"Radcomm Baguette RC22 &#038; RC23 \u2013 D\u00e9tecteur de Radiation T\u00e9lescopique"},"content":{"rendered":"<h3><strong>Radcomm Baguette RC22 &amp; RC23 \u2013 D\u00e9tecteur de Radiation T\u00e9lescopique<\/strong><\/h3>\n<p>D\u00e9tecteur de radiation t\u00e9lescopique pour d\u00e9celer \u00e0 distance des niveaux de radiation tr\u00e8s faible de mat\u00e9riaux radioactifs enfouis dans de la ferraille et mat\u00e9riaux denses. L\u2019outil id\u00e9al pour chercher et retirer un contaminant d\u2019un chargement de camion.<\/p>\n<ul>\n<li>Alarme sonore et visuelle.<\/li>\n<li>Plage d\u2019\u00e9nergie: 20 keV \u00e0 3.0 MeV.<\/li>\n<li>Grand scintillateurs PVT premium avec un PMT.<\/li>\n<li>Batterie Lithium-ion avec chargeur (120VAC ou 2 batteries \u201cD\u201d).<\/li>\n<li>Grand \u00e9cran r\u00e9tro\u00e9clair\u00e9, 3.5&Prime; (89mm).<\/li>\n<li>Chaque appareil est livr\u00e9 avec un chargeur mural de 120VAC, deux embouts de protection en caoutchouc, manuel de l\u2019utilisateur et valise de transport.<\/li>\n<\/ul>\n<p>&nbsp;<\/p>\n<ul>\n<li style=\"list-style-type: none;\">\n<ul>\n<li>RC22: D\u00e9tecteur portatif avec t\u00eate t\u00e9lescopique de 49&Prime; \u00e0 68&Prime; (125cm \u00e0 172cm), t\u00eate de 2&Prime; (51mm) de diam\u00e8tre, d\u00e9tecteur de 193cc.<\/li>\n<li>RC22L: D\u00e9tecteur manuel avec t\u00eate t\u00e9lescopique de 68&Prime; \u00e0 99&Prime; (173cm \u00e0 251cm), t\u00eate de 2&Prime; (51mm) de diam\u00e8tre, d\u00e9tecteur de 193cc.<\/li>\n<li>RC23: D\u00e9tecteur manuel \u00e0 haute sensibilit\u00e9 avec t\u00eate t\u00e9lescopique de 49&Prime; \u00e0 69&Prime; (125cm \u00e0 172cm), t\u00eate de 3&Prime; (76mm) de diam\u00e8tre, d\u00e9tecteur de 442cc.<\/li>\n<\/ul>\n<\/li>\n<\/ul>\n","protected":false},"excerpt":{"rendered":"<p>Radcomm Baguette RC22 &amp; RC23 \u2013 D\u00e9tecteur de Radiation T\u00e9lescopique D\u00e9tecteur de radiation t\u00e9lescopique pour d\u00e9celer \u00e0 distance des niveaux de radiation tr\u00e8s faible de mat\u00e9riaux radioactifs enfouis dans de la ferraille et mat\u00e9riaux denses. L\u2019outil id\u00e9al pour chercher et retirer un contaminant d\u2019un chargement de camion. Alarme sonore et visuelle. Plage d\u2019\u00e9nergie: 20 keV [&hellip;]<\/p>\n","protected":false},"featured_media":16272,"template":"","meta":{"_monsterinsights_skip_tracking":false,"_monsterinsights_sitenote_active":false,"_monsterinsights_sitenote_note":"","_monsterinsights_sitenote_category":0},"product_brand":[],"product_cat":[391,410,324,143],"product_tag":[],"class_list":{"0":"post-16268","1":"product","2":"type-product","3":"status-publish","4":"has-post-thumbnail","6":"product_cat-radcomm-fr","7":"product_cat-recyclage-metaux","8":"product_cat-portails-radiologiques","9":"product_cat-radioprotection","11":"first","12":"instock","13":"shipping-taxable","14":"purchasable","15":"product-type-variable"},"yoast_head":"<!-- This site is optimized with the Yoast SEO plugin v23.9 - https:\/\/yoast.com\/wordpress\/plugins\/seo\/ -->\n<title>Radcomm Baguette RC22 &amp; RC23 \u2013 D\u00e9tecteur de Radiation T\u00e9lescopique &#060; Qualit\u00e9 NDE<\/title>\n<meta name=\"description\" content=\"D\u00e9tecteur t\u00e9lescopique pour d\u00e9celer \u00e0 distance des niveaux de radiation tr\u00e8s faible de mat\u00e9riaux enfouis dans de la ferraille et mat\u00e9riaux denses.\" \/>\n<meta name=\"robots\" content=\"index, follow, max-snippet:-1, max-image-preview:large, max-video-preview:-1\" \/>\n<link rel=\"canonical\" href=\"https:\/\/www.qnde.ca\/fr\/produit\/radcomm-rc22-rc23\/\" \/>\n<meta name=\"twitter:label1\" content=\"Dur\u00e9e de lecture estim\u00e9e\" \/>\n\t<meta name=\"twitter:data1\" content=\"1 minute\" \/>\n<script type=\"application\/ld+json\" class=\"yoast-schema-graph\">{\"@context\":\"https:\/\/schema.org\",\"@graph\":[{\"@type\":[\"WebPage\",\"ItemPage\"],\"@id\":\"https:\/\/www.qnde.ca\/fr\/produit\/radcomm-rc22-rc23\/\",\"url\":\"https:\/\/www.qnde.ca\/fr\/produit\/radcomm-rc22-rc23\/\",\"name\":\"Radcomm Baguette RC22 & RC23 \u2013 D\u00e9tecteur de Radiation T\u00e9lescopique &#060; Qualit\u00e9 NDE\",\"isPartOf\":{\"@id\":\"https:\/\/www.qnde.ca\/#website\"},\"primaryImageOfPage\":{\"@id\":\"https:\/\/www.qnde.ca\/fr\/produit\/radcomm-rc22-rc23\/#primaryimage\"},\"image\":{\"@id\":\"https:\/\/www.qnde.ca\/fr\/produit\/radcomm-rc22-rc23\/#primaryimage\"},\"thumbnailUrl\":\"https:\/\/www.qnde.ca\/wp-content\/uploads\/2021\/02\/New-RC22-23-Wands.jpg\",\"datePublished\":\"2021-02-17T19:54:43+00:00\",\"dateModified\":\"2025-08-13T18:57:13+00:00\",\"description\":\"D\u00e9tecteur t\u00e9lescopique pour d\u00e9celer \u00e0 distance des niveaux de radiation tr\u00e8s faible de mat\u00e9riaux enfouis dans de la ferraille et mat\u00e9riaux denses.\",\"breadcrumb\":{\"@id\":\"https:\/\/www.qnde.ca\/fr\/produit\/radcomm-rc22-rc23\/#breadcrumb\"},\"inLanguage\":\"fr-FR\",\"potentialAction\":[{\"@type\":\"ReadAction\",\"target\":[\"https:\/\/www.qnde.ca\/fr\/produit\/radcomm-rc22-rc23\/\"]}]},{\"@type\":\"ImageObject\",\"inLanguage\":\"fr-FR\",\"@id\":\"https:\/\/www.qnde.ca\/fr\/produit\/radcomm-rc22-rc23\/#primaryimage\",\"url\":\"https:\/\/www.qnde.ca\/wp-content\/uploads\/2021\/02\/New-RC22-23-Wands.jpg\",\"contentUrl\":\"https:\/\/www.qnde.ca\/wp-content\/uploads\/2021\/02\/New-RC22-23-Wands.jpg\",\"width\":254,\"height\":800},{\"@type\":\"BreadcrumbList\",\"@id\":\"https:\/\/www.qnde.ca\/fr\/produit\/radcomm-rc22-rc23\/#breadcrumb\",\"itemListElement\":[{\"@type\":\"ListItem\",\"position\":1,\"name\":\"Accueil\",\"item\":\"https:\/\/www.qnde.ca\/fr\/\"},{\"@type\":\"ListItem\",\"position\":2,\"name\":\"Produits\",\"item\":\"https:\/\/www.qnde.ca\/fr\/produits\/\"},{\"@type\":\"ListItem\",\"position\":3,\"name\":\"Radiographie\",\"item\":\"https:\/\/www.qnde.ca\/fr\/product-category\/radiographie\/\"},{\"@type\":\"ListItem\",\"position\":4,\"name\":\"Portails Radiologiques\",\"item\":\"https:\/\/www.qnde.ca\/fr\/product-category\/radiographie\/portails-radiologiques\/\"},{\"@type\":\"ListItem\",\"position\":5,\"name\":\"Radcomm Baguette RC22 &#038; RC23 \u2013 D\u00e9tecteur de Radiation T\u00e9lescopique\"}]},{\"@type\":\"WebSite\",\"@id\":\"https:\/\/www.qnde.ca\/#website\",\"url\":\"https:\/\/www.qnde.ca\/\",\"name\":\"Qualit\u00e9 NDE\",\"description\":\"\u00c9quipements d&#039;essais non destructifs \",\"publisher\":{\"@id\":\"https:\/\/www.qnde.ca\/#organization\"},\"potentialAction\":[{\"@type\":\"SearchAction\",\"target\":{\"@type\":\"EntryPoint\",\"urlTemplate\":\"https:\/\/www.qnde.ca\/?s={search_term_string}\"},\"query-input\":{\"@type\":\"PropertyValueSpecification\",\"valueRequired\":true,\"valueName\":\"search_term_string\"}}],\"inLanguage\":\"fr-FR\"},{\"@type\":\"Organization\",\"@id\":\"https:\/\/www.qnde.ca\/#organization\",\"name\":\"Quality NDT Ltd.\",\"url\":\"https:\/\/www.qnde.ca\/\",\"logo\":{\"@type\":\"ImageObject\",\"inLanguage\":\"fr-FR\",\"@id\":\"https:\/\/www.qnde.ca\/#\/schema\/logo\/image\/\",\"url\":\"https:\/\/www.qnde.ca\/wp-content\/uploads\/2022\/02\/QNDE_logo_RGB-gif.gif\",\"contentUrl\":\"https:\/\/www.qnde.ca\/wp-content\/uploads\/2022\/02\/QNDE_logo_RGB-gif.gif\",\"width\":250,\"height\":64,\"caption\":\"Quality NDT Ltd.\"},\"image\":{\"@id\":\"https:\/\/www.qnde.ca\/#\/schema\/logo\/image\/\"},\"sameAs\":[\"https:\/\/www.linkedin.com\/company\/qnde\/about\/?viewAsMember=true\"]}]}<\/script>\n<!-- \/ Yoast SEO plugin. -->","yoast_head_json":{"title":"Radcomm Baguette RC22 & RC23 \u2013 D\u00e9tecteur de Radiation T\u00e9lescopique &#060; Qualit\u00e9 NDE","description":"D\u00e9tecteur t\u00e9lescopique pour d\u00e9celer \u00e0 distance des niveaux de radiation tr\u00e8s faible de mat\u00e9riaux enfouis dans de la ferraille et mat\u00e9riaux denses.","robots":{"index":"index","follow":"follow","max-snippet":"max-snippet:-1","max-image-preview":"max-image-preview:large","max-video-preview":"max-video-preview:-1"},"canonical":"https:\/\/www.qnde.ca\/fr\/produit\/radcomm-rc22-rc23\/","twitter_misc":{"Dur\u00e9e de lecture estim\u00e9e":"1 minute"},"schema":{"@context":"https:\/\/schema.org","@graph":[{"@type":["WebPage","ItemPage"],"@id":"https:\/\/www.qnde.ca\/fr\/produit\/radcomm-rc22-rc23\/","url":"https:\/\/www.qnde.ca\/fr\/produit\/radcomm-rc22-rc23\/","name":"Radcomm Baguette RC22 & RC23 \u2013 D\u00e9tecteur de Radiation T\u00e9lescopique &#060; Qualit\u00e9 NDE","isPartOf":{"@id":"https:\/\/www.qnde.ca\/#website"},"primaryImageOfPage":{"@id":"https:\/\/www.qnde.ca\/fr\/produit\/radcomm-rc22-rc23\/#primaryimage"},"image":{"@id":"https:\/\/www.qnde.ca\/fr\/produit\/radcomm-rc22-rc23\/#primaryimage"},"thumbnailUrl":"https:\/\/www.qnde.ca\/wp-content\/uploads\/2021\/02\/New-RC22-23-Wands.jpg","datePublished":"2021-02-17T19:54:43+00:00","dateModified":"2025-08-13T18:57:13+00:00","description":"D\u00e9tecteur t\u00e9lescopique pour d\u00e9celer \u00e0 distance des niveaux de radiation tr\u00e8s faible de mat\u00e9riaux enfouis dans de la ferraille et mat\u00e9riaux denses.","breadcrumb":{"@id":"https:\/\/www.qnde.ca\/fr\/produit\/radcomm-rc22-rc23\/#breadcrumb"},"inLanguage":"fr-FR","potentialAction":[{"@type":"ReadAction","target":["https:\/\/www.qnde.ca\/fr\/produit\/radcomm-rc22-rc23\/"]}]},{"@type":"ImageObject","inLanguage":"fr-FR","@id":"https:\/\/www.qnde.ca\/fr\/produit\/radcomm-rc22-rc23\/#primaryimage","url":"https:\/\/www.qnde.ca\/wp-content\/uploads\/2021\/02\/New-RC22-23-Wands.jpg","contentUrl":"https:\/\/www.qnde.ca\/wp-content\/uploads\/2021\/02\/New-RC22-23-Wands.jpg","width":254,"height":800},{"@type":"BreadcrumbList","@id":"https:\/\/www.qnde.ca\/fr\/produit\/radcomm-rc22-rc23\/#breadcrumb","itemListElement":[{"@type":"ListItem","position":1,"name":"Accueil","item":"https:\/\/www.qnde.ca\/fr\/"},{"@type":"ListItem","position":2,"name":"Produits","item":"https:\/\/www.qnde.ca\/fr\/produits\/"},{"@type":"ListItem","position":3,"name":"Radiographie","item":"https:\/\/www.qnde.ca\/fr\/product-category\/radiographie\/"},{"@type":"ListItem","position":4,"name":"Portails Radiologiques","item":"https:\/\/www.qnde.ca\/fr\/product-category\/radiographie\/portails-radiologiques\/"},{"@type":"ListItem","position":5,"name":"Radcomm Baguette RC22 &#038; RC23 \u2013 D\u00e9tecteur de Radiation T\u00e9lescopique"}]},{"@type":"WebSite","@id":"https:\/\/www.qnde.ca\/#website","url":"https:\/\/www.qnde.ca\/","name":"Qualit\u00e9 NDE","description":"\u00c9quipements d&#039;essais non destructifs ","publisher":{"@id":"https:\/\/www.qnde.ca\/#organization"},"potentialAction":[{"@type":"SearchAction","target":{"@type":"EntryPoint","urlTemplate":"https:\/\/www.qnde.ca\/?s={search_term_string}"},"query-input":{"@type":"PropertyValueSpecification","valueRequired":true,"valueName":"search_term_string"}}],"inLanguage":"fr-FR"},{"@type":"Organization","@id":"https:\/\/www.qnde.ca\/#organization","name":"Quality NDT Ltd.","url":"https:\/\/www.qnde.ca\/","logo":{"@type":"ImageObject","inLanguage":"fr-FR","@id":"https:\/\/www.qnde.ca\/#\/schema\/logo\/image\/","url":"https:\/\/www.qnde.ca\/wp-content\/uploads\/2022\/02\/QNDE_logo_RGB-gif.gif","contentUrl":"https:\/\/www.qnde.ca\/wp-content\/uploads\/2022\/02\/QNDE_logo_RGB-gif.gif","width":250,"height":64,"caption":"Quality NDT Ltd."},"image":{"@id":"https:\/\/www.qnde.ca\/#\/schema\/logo\/image\/"},"sameAs":["https:\/\/www.linkedin.com\/company\/qnde\/about\/?viewAsMember=true"]}]}},"jetpack_sharing_enabled":true,"_links":{"self":[{"href":"https:\/\/www.qnde.ca\/fr\/wp-json\/wp\/v2\/product\/16268","targetHints":{"allow":["GET"]}}],"collection":[{"href":"https:\/\/www.qnde.ca\/fr\/wp-json\/wp\/v2\/product"}],"about":[{"href":"https:\/\/www.qnde.ca\/fr\/wp-json\/wp\/v2\/types\/product"}],"wp:featuredmedia":[{"embeddable":true,"href":"https:\/\/www.qnde.ca\/fr\/wp-json\/wp\/v2\/media\/16272"}],"wp:attachment":[{"href":"https:\/\/www.qnde.ca\/fr\/wp-json\/wp\/v2\/media?parent=16268"}],"wp:term":[{"taxonomy":"product_brand","embeddable":true,"href":"https:\/\/www.qnde.ca\/fr\/wp-json\/wp\/v2\/product_brand?post=16268"},{"taxonomy":"product_cat","embeddable":true,"href":"https:\/\/www.qnde.ca\/fr\/wp-json\/wp\/v2\/product_cat?post=16268"},{"taxonomy":"product_tag","embeddable":true,"href":"https:\/\/www.qnde.ca\/fr\/wp-json\/wp\/v2\/product_tag?post=16268"}],"curies":[{"name":"wp","href":"https:\/\/api.w.org\/{rel}","templated":true}]}}