{"id":16247,"date":"2021-02-12T16:24:00","date_gmt":"2021-02-12T21:24:00","guid":{"rendered":"https:\/\/www.qnde.ca\/?post_type=product&#038;p=16247"},"modified":"2025-06-17T14:03:02","modified_gmt":"2025-06-17T18:03:02","slug":"rc2plus-detecteur-radiation-portatif","status":"publish","type":"product","link":"https:\/\/www.qnde.ca\/fr\/produit\/rc2plus-detecteur-radiation-portatif\/","title":{"rendered":"RC2Plus \u2013 D\u00e9tecteur de Radiation Portatif"},"content":{"rendered":"<h3><strong>RC2Plus \u2013 D\u00e9tecteur de Radiation Portatif<\/strong><\/h3>\n<p>D\u00e9tecteur de radiation portatif \u00e0 haute sensibilit\u00e9 pour d\u00e9celer des contaminants radioactifs tr\u00e8s faibles et enfouis dans la ferraille et autres mat\u00e9riaux denses. L\u2019outil id\u00e9al pour chercher et retirer un contaminant d\u2019un chargement de camion.<\/p>\n<ul>\n<li>Alarme sonore et visuel avec vibrations.<\/li>\n<li>Plage d\u2019\u00e9nergie: 20 keV \u00e0 3.0 MeV.<\/li>\n<li>Grand scintillateur PVT premium de 4&Prime; x 3&Prime; x 2&Prime; (102mm x 76mm x 50mm) avec un PMT.<\/li>\n<li>Batterie Lithium-ion avec chargeur (120VAC ou USB). Autonomie de la batterie jusqu\u2019\u00e0 20 heures.<\/li>\n<li>Grand \u00e9cran r\u00e9tro\u00e9clair\u00e9, 3.5&Prime; (89mm).<\/li>\n<\/ul>\n<p>&nbsp;<\/p>\n<ul>\n<li style=\"list-style-type: none;\">\n<ul>\n<li>RC2Plus: D\u00e9tecteur PVT portatif avec chargeur mural de 120VAC, manuel de l\u2019utilisateur, certificat d\u2019\u00e9talonnage et valise de transport rigide.<\/li>\n<li>RC2Plus Advanced: Idem au RC2Plus avec un tube Geiger-Mueller et le logiciel avanc\u00e9 d\u2019analyse (alarme de d\u00e9bit de dose, courbe d&rsquo;histogramme, analyse de ROI, stockage de donn\u00e9es, dose accumul\u00e9e).<\/li>\n<\/ul>\n<\/li>\n<\/ul>\n<h4>\u00a0Bo\u00eetier<\/h4>\n<ul>\n<li style=\"list-style-type: none;\">\n<ul>\n<li>DS: Boitier NEMA 4, \u00e9tanche \u00e0 l\u2019eau, pour l\u2019appareil RC2Plus avec alarmes (visuelle et sonore) 80-240VAC, 50\/60Hz. \u2013 Transforme l\u2019appareil portatif en portail de d\u00e9tection fixe tout en le rechargeant.<\/li>\n<\/ul>\n<\/li>\n<\/ul>\n","protected":false},"excerpt":{"rendered":"<p>RC2Plus \u2013 D\u00e9tecteur de Radiation Portatif D\u00e9tecteur de radiation portatif \u00e0 haute sensibilit\u00e9 pour d\u00e9celer des contaminants radioactifs tr\u00e8s faibles et enfouis dans la ferraille et autres mat\u00e9riaux denses. L\u2019outil id\u00e9al pour chercher et retirer un contaminant d\u2019un chargement de camion. Alarme sonore et visuel avec vibrations. Plage d\u2019\u00e9nergie: 20 keV \u00e0 3.0 MeV. Grand [&hellip;]<\/p>\n","protected":false},"featured_media":16252,"template":"","meta":{"_monsterinsights_skip_tracking":false,"_monsterinsights_sitenote_active":false,"_monsterinsights_sitenote_note":"","_monsterinsights_sitenote_category":0},"product_brand":[],"product_cat":[402,324,143],"product_tag":[],"class_list":{"0":"post-16247","1":"product","2":"type-product","3":"status-publish","4":"has-post-thumbnail","6":"product_cat-autres-marques","7":"product_cat-portails-radiologiques","8":"product_cat-radioprotection","10":"first","11":"instock","12":"shipping-taxable","13":"purchasable","14":"product-type-variable"},"yoast_head":"<!-- This site is optimized with the Yoast SEO plugin v23.9 - https:\/\/yoast.com\/wordpress\/plugins\/seo\/ -->\n<title>RC2Plus \u2013 D\u00e9tecteur de Radiation Portatif &#060; Qualit\u00e9 NDE<\/title>\n<meta name=\"description\" content=\"D\u00e9tecteur radiation portatif haute sensibilit\u00e9. D\u00e9cele des contaminants radioactifs tr\u00e8s faibles et enfouis dans la ferraille et autres mat\u00e9riaux denses.\" \/>\n<meta name=\"robots\" content=\"index, follow, max-snippet:-1, max-image-preview:large, max-video-preview:-1\" \/>\n<link rel=\"canonical\" href=\"https:\/\/www.qnde.ca\/fr\/produit\/rc2plus-detecteur-radiation-portatif\/\" \/>\n<meta name=\"twitter:label1\" content=\"Dur\u00e9e de lecture estim\u00e9e\" \/>\n\t<meta name=\"twitter:data1\" content=\"1 minute\" \/>\n<script type=\"application\/ld+json\" class=\"yoast-schema-graph\">{\"@context\":\"https:\/\/schema.org\",\"@graph\":[{\"@type\":[\"WebPage\",\"ItemPage\"],\"@id\":\"https:\/\/www.qnde.ca\/fr\/produit\/rc2plus-detecteur-radiation-portatif\/\",\"url\":\"https:\/\/www.qnde.ca\/fr\/produit\/rc2plus-detecteur-radiation-portatif\/\",\"name\":\"RC2Plus \u2013 D\u00e9tecteur de Radiation Portatif &#060; Qualit\u00e9 NDE\",\"isPartOf\":{\"@id\":\"https:\/\/www.qnde.ca\/#website\"},\"primaryImageOfPage\":{\"@id\":\"https:\/\/www.qnde.ca\/fr\/produit\/rc2plus-detecteur-radiation-portatif\/#primaryimage\"},\"image\":{\"@id\":\"https:\/\/www.qnde.ca\/fr\/produit\/rc2plus-detecteur-radiation-portatif\/#primaryimage\"},\"thumbnailUrl\":\"https:\/\/www.qnde.ca\/wp-content\/uploads\/2021\/02\/RC2Plus-with-protective-cover.png\",\"datePublished\":\"2021-02-12T21:24:00+00:00\",\"dateModified\":\"2025-06-17T18:03:02+00:00\",\"description\":\"D\u00e9tecteur radiation portatif haute sensibilit\u00e9. D\u00e9cele des contaminants radioactifs tr\u00e8s faibles et enfouis dans la ferraille et autres mat\u00e9riaux denses.\",\"breadcrumb\":{\"@id\":\"https:\/\/www.qnde.ca\/fr\/produit\/rc2plus-detecteur-radiation-portatif\/#breadcrumb\"},\"inLanguage\":\"fr-FR\",\"potentialAction\":[{\"@type\":\"ReadAction\",\"target\":[\"https:\/\/www.qnde.ca\/fr\/produit\/rc2plus-detecteur-radiation-portatif\/\"]}]},{\"@type\":\"ImageObject\",\"inLanguage\":\"fr-FR\",\"@id\":\"https:\/\/www.qnde.ca\/fr\/produit\/rc2plus-detecteur-radiation-portatif\/#primaryimage\",\"url\":\"https:\/\/www.qnde.ca\/wp-content\/uploads\/2021\/02\/RC2Plus-with-protective-cover.png\",\"contentUrl\":\"https:\/\/www.qnde.ca\/wp-content\/uploads\/2021\/02\/RC2Plus-with-protective-cover.png\",\"width\":336,\"height\":650},{\"@type\":\"BreadcrumbList\",\"@id\":\"https:\/\/www.qnde.ca\/fr\/produit\/rc2plus-detecteur-radiation-portatif\/#breadcrumb\",\"itemListElement\":[{\"@type\":\"ListItem\",\"position\":1,\"name\":\"Accueil\",\"item\":\"https:\/\/www.qnde.ca\/fr\/\"},{\"@type\":\"ListItem\",\"position\":2,\"name\":\"Produits\",\"item\":\"https:\/\/www.qnde.ca\/fr\/produits\/\"},{\"@type\":\"ListItem\",\"position\":3,\"name\":\"Radiographie\",\"item\":\"https:\/\/www.qnde.ca\/fr\/product-category\/radiographie\/\"},{\"@type\":\"ListItem\",\"position\":4,\"name\":\"Portails Radiologiques\",\"item\":\"https:\/\/www.qnde.ca\/fr\/product-category\/radiographie\/portails-radiologiques\/\"},{\"@type\":\"ListItem\",\"position\":5,\"name\":\"RC2Plus \u2013 D\u00e9tecteur de Radiation Portatif\"}]},{\"@type\":\"WebSite\",\"@id\":\"https:\/\/www.qnde.ca\/#website\",\"url\":\"https:\/\/www.qnde.ca\/\",\"name\":\"Qualit\u00e9 NDE\",\"description\":\"\u00c9quipements d&#039;essais non destructifs \",\"publisher\":{\"@id\":\"https:\/\/www.qnde.ca\/#organization\"},\"potentialAction\":[{\"@type\":\"SearchAction\",\"target\":{\"@type\":\"EntryPoint\",\"urlTemplate\":\"https:\/\/www.qnde.ca\/?s={search_term_string}\"},\"query-input\":{\"@type\":\"PropertyValueSpecification\",\"valueRequired\":true,\"valueName\":\"search_term_string\"}}],\"inLanguage\":\"fr-FR\"},{\"@type\":\"Organization\",\"@id\":\"https:\/\/www.qnde.ca\/#organization\",\"name\":\"Quality NDT Ltd.\",\"url\":\"https:\/\/www.qnde.ca\/\",\"logo\":{\"@type\":\"ImageObject\",\"inLanguage\":\"fr-FR\",\"@id\":\"https:\/\/www.qnde.ca\/#\/schema\/logo\/image\/\",\"url\":\"https:\/\/www.qnde.ca\/wp-content\/uploads\/2022\/02\/QNDE_logo_RGB-gif.gif\",\"contentUrl\":\"https:\/\/www.qnde.ca\/wp-content\/uploads\/2022\/02\/QNDE_logo_RGB-gif.gif\",\"width\":250,\"height\":64,\"caption\":\"Quality NDT Ltd.\"},\"image\":{\"@id\":\"https:\/\/www.qnde.ca\/#\/schema\/logo\/image\/\"},\"sameAs\":[\"https:\/\/www.linkedin.com\/company\/qnde\/about\/?viewAsMember=true\"]}]}<\/script>\n<!-- \/ Yoast SEO plugin. -->","yoast_head_json":{"title":"RC2Plus \u2013 D\u00e9tecteur de Radiation Portatif &#060; Qualit\u00e9 NDE","description":"D\u00e9tecteur radiation portatif haute sensibilit\u00e9. D\u00e9cele des contaminants radioactifs tr\u00e8s faibles et enfouis dans la ferraille et autres mat\u00e9riaux denses.","robots":{"index":"index","follow":"follow","max-snippet":"max-snippet:-1","max-image-preview":"max-image-preview:large","max-video-preview":"max-video-preview:-1"},"canonical":"https:\/\/www.qnde.ca\/fr\/produit\/rc2plus-detecteur-radiation-portatif\/","twitter_misc":{"Dur\u00e9e de lecture estim\u00e9e":"1 minute"},"schema":{"@context":"https:\/\/schema.org","@graph":[{"@type":["WebPage","ItemPage"],"@id":"https:\/\/www.qnde.ca\/fr\/produit\/rc2plus-detecteur-radiation-portatif\/","url":"https:\/\/www.qnde.ca\/fr\/produit\/rc2plus-detecteur-radiation-portatif\/","name":"RC2Plus \u2013 D\u00e9tecteur de Radiation Portatif &#060; Qualit\u00e9 NDE","isPartOf":{"@id":"https:\/\/www.qnde.ca\/#website"},"primaryImageOfPage":{"@id":"https:\/\/www.qnde.ca\/fr\/produit\/rc2plus-detecteur-radiation-portatif\/#primaryimage"},"image":{"@id":"https:\/\/www.qnde.ca\/fr\/produit\/rc2plus-detecteur-radiation-portatif\/#primaryimage"},"thumbnailUrl":"https:\/\/www.qnde.ca\/wp-content\/uploads\/2021\/02\/RC2Plus-with-protective-cover.png","datePublished":"2021-02-12T21:24:00+00:00","dateModified":"2025-06-17T18:03:02+00:00","description":"D\u00e9tecteur radiation portatif haute sensibilit\u00e9. D\u00e9cele des contaminants radioactifs tr\u00e8s faibles et enfouis dans la ferraille et autres mat\u00e9riaux denses.","breadcrumb":{"@id":"https:\/\/www.qnde.ca\/fr\/produit\/rc2plus-detecteur-radiation-portatif\/#breadcrumb"},"inLanguage":"fr-FR","potentialAction":[{"@type":"ReadAction","target":["https:\/\/www.qnde.ca\/fr\/produit\/rc2plus-detecteur-radiation-portatif\/"]}]},{"@type":"ImageObject","inLanguage":"fr-FR","@id":"https:\/\/www.qnde.ca\/fr\/produit\/rc2plus-detecteur-radiation-portatif\/#primaryimage","url":"https:\/\/www.qnde.ca\/wp-content\/uploads\/2021\/02\/RC2Plus-with-protective-cover.png","contentUrl":"https:\/\/www.qnde.ca\/wp-content\/uploads\/2021\/02\/RC2Plus-with-protective-cover.png","width":336,"height":650},{"@type":"BreadcrumbList","@id":"https:\/\/www.qnde.ca\/fr\/produit\/rc2plus-detecteur-radiation-portatif\/#breadcrumb","itemListElement":[{"@type":"ListItem","position":1,"name":"Accueil","item":"https:\/\/www.qnde.ca\/fr\/"},{"@type":"ListItem","position":2,"name":"Produits","item":"https:\/\/www.qnde.ca\/fr\/produits\/"},{"@type":"ListItem","position":3,"name":"Radiographie","item":"https:\/\/www.qnde.ca\/fr\/product-category\/radiographie\/"},{"@type":"ListItem","position":4,"name":"Portails Radiologiques","item":"https:\/\/www.qnde.ca\/fr\/product-category\/radiographie\/portails-radiologiques\/"},{"@type":"ListItem","position":5,"name":"RC2Plus \u2013 D\u00e9tecteur de Radiation Portatif"}]},{"@type":"WebSite","@id":"https:\/\/www.qnde.ca\/#website","url":"https:\/\/www.qnde.ca\/","name":"Qualit\u00e9 NDE","description":"\u00c9quipements d&#039;essais non destructifs ","publisher":{"@id":"https:\/\/www.qnde.ca\/#organization"},"potentialAction":[{"@type":"SearchAction","target":{"@type":"EntryPoint","urlTemplate":"https:\/\/www.qnde.ca\/?s={search_term_string}"},"query-input":{"@type":"PropertyValueSpecification","valueRequired":true,"valueName":"search_term_string"}}],"inLanguage":"fr-FR"},{"@type":"Organization","@id":"https:\/\/www.qnde.ca\/#organization","name":"Quality NDT Ltd.","url":"https:\/\/www.qnde.ca\/","logo":{"@type":"ImageObject","inLanguage":"fr-FR","@id":"https:\/\/www.qnde.ca\/#\/schema\/logo\/image\/","url":"https:\/\/www.qnde.ca\/wp-content\/uploads\/2022\/02\/QNDE_logo_RGB-gif.gif","contentUrl":"https:\/\/www.qnde.ca\/wp-content\/uploads\/2022\/02\/QNDE_logo_RGB-gif.gif","width":250,"height":64,"caption":"Quality NDT Ltd."},"image":{"@id":"https:\/\/www.qnde.ca\/#\/schema\/logo\/image\/"},"sameAs":["https:\/\/www.linkedin.com\/company\/qnde\/about\/?viewAsMember=true"]}]}},"jetpack_sharing_enabled":true,"_links":{"self":[{"href":"https:\/\/www.qnde.ca\/fr\/wp-json\/wp\/v2\/product\/16247","targetHints":{"allow":["GET"]}}],"collection":[{"href":"https:\/\/www.qnde.ca\/fr\/wp-json\/wp\/v2\/product"}],"about":[{"href":"https:\/\/www.qnde.ca\/fr\/wp-json\/wp\/v2\/types\/product"}],"wp:featuredmedia":[{"embeddable":true,"href":"https:\/\/www.qnde.ca\/fr\/wp-json\/wp\/v2\/media\/16252"}],"wp:attachment":[{"href":"https:\/\/www.qnde.ca\/fr\/wp-json\/wp\/v2\/media?parent=16247"}],"wp:term":[{"taxonomy":"product_brand","embeddable":true,"href":"https:\/\/www.qnde.ca\/fr\/wp-json\/wp\/v2\/product_brand?post=16247"},{"taxonomy":"product_cat","embeddable":true,"href":"https:\/\/www.qnde.ca\/fr\/wp-json\/wp\/v2\/product_cat?post=16247"},{"taxonomy":"product_tag","embeddable":true,"href":"https:\/\/www.qnde.ca\/fr\/wp-json\/wp\/v2\/product_tag?post=16247"}],"curies":[{"name":"wp","href":"https:\/\/api.w.org\/{rel}","templated":true}]}}