{"id":16240,"date":"2021-02-12T15:54:46","date_gmt":"2021-02-12T20:54:46","guid":{"rendered":"https:\/\/www.qnde.ca\/?post_type=product&#038;p=16240"},"modified":"2025-07-08T10:08:48","modified_gmt":"2025-07-08T14:08:48","slug":"portail-radiologique-convoyeur","status":"publish","type":"product","link":"https:\/\/www.qnde.ca\/fr\/produit\/portail-radiologique-convoyeur\/","title":{"rendered":"RadComm Portail Radiologique pour Convoyeur"},"content":{"rendered":"<h3><strong>RadComm Portail Radiologique pour Convoyeur <\/strong><\/h3>\n<p>Syst\u00e8me con\u00e7u pour d\u00e9tecter et\/ou identifier les mati\u00e8res radioactives sur un convoyeur.<\/p>\n<p>Advenant une d\u00e9tection, le syst\u00e8me d\u00e9clenche une alarme (sonore et\/ou visuelle) et un signal est envoy\u00e9 au PLC afin d\u2019arr\u00eater le convoyeur.<\/p>\n<p>Les syst\u00e8mes pour convoyeurs sont hautement personnalisables afin de r\u00e9pondre \u00e0 vos besoins sp\u00e9cifiques. Les convoyeurs se basent sur les syst\u00e8mes RC4000, RC2000 et RC7000.<\/p>\n<p><strong>OPTIONS<\/strong><\/p>\n<ul>\n<li>Installation et formation.<\/li>\n<li>Supports de d\u00e9tecteurs (une ou deux pattes) avec ou sans bollards.<\/li>\n<li>D\u00e9tecteur de Neutron (He3 ou alternative).<\/li>\n<li>Ensemble sans fil.<\/li>\n<li>Alarme externe (lumineuse et\/ou sonore).<\/li>\n<li>Logiciel de surveillance \u00e0 distance (un ou multiples portails).<\/li>\n<\/ul>\n<p>&nbsp;<\/p>\n<p>Contactez-nous afin de discuter de votre application, de vos exigences, des options disponibles et\/ou recevoir une soumission.<\/p>\n","protected":false},"excerpt":{"rendered":"<p>RadComm Portail Radiologique pour Convoyeur Syst\u00e8me con\u00e7u pour d\u00e9tecter et\/ou identifier les mati\u00e8res radioactives sur un convoyeur. Advenant une d\u00e9tection, le syst\u00e8me d\u00e9clenche une alarme (sonore et\/ou visuelle) et un signal est envoy\u00e9 au PLC afin d\u2019arr\u00eater le convoyeur. Les syst\u00e8mes pour convoyeurs sont hautement personnalisables afin de r\u00e9pondre \u00e0 vos besoins sp\u00e9cifiques. Les convoyeurs [&hellip;]<\/p>\n","protected":false},"featured_media":16241,"template":"","meta":{"_monsterinsights_skip_tracking":false,"_monsterinsights_sitenote_active":false,"_monsterinsights_sitenote_note":"","_monsterinsights_sitenote_category":0},"product_brand":[],"product_cat":[391,410,324],"product_tag":[],"class_list":{"0":"post-16240","1":"product","2":"type-product","3":"status-publish","4":"has-post-thumbnail","6":"product_cat-radcomm-fr","7":"product_cat-recyclage-metaux","8":"product_cat-portails-radiologiques","10":"first","11":"instock","12":"shipping-taxable","13":"purchasable","14":"product-type-simple"},"yoast_head":"<!-- This site is optimized with the Yoast SEO plugin v23.9 - https:\/\/yoast.com\/wordpress\/plugins\/seo\/ -->\n<title>RadComm Portail Radiologique pour Convoyeur &#060; Qualit\u00e9 NDE<\/title>\n<meta name=\"description\" content=\"Syst\u00e8mes pour d\u00e9tecter\/identifier mati\u00e8res radioactives sur convoyeur. Syst\u00e8mes hautement personnalisables, bas\u00e9s sur syst\u00e8mes RC4000, RC2000 et RC7000.\" \/>\n<meta name=\"robots\" content=\"index, follow, max-snippet:-1, max-image-preview:large, max-video-preview:-1\" \/>\n<link rel=\"canonical\" href=\"https:\/\/www.qnde.ca\/fr\/produit\/portail-radiologique-convoyeur\/\" \/>\n<meta name=\"twitter:label1\" content=\"Dur\u00e9e de lecture estim\u00e9e\" \/>\n\t<meta name=\"twitter:data1\" content=\"1 minute\" \/>\n<script type=\"application\/ld+json\" class=\"yoast-schema-graph\">{\"@context\":\"https:\/\/schema.org\",\"@graph\":[{\"@type\":[\"WebPage\",\"ItemPage\"],\"@id\":\"https:\/\/www.qnde.ca\/fr\/produit\/portail-radiologique-convoyeur\/\",\"url\":\"https:\/\/www.qnde.ca\/fr\/produit\/portail-radiologique-convoyeur\/\",\"name\":\"RadComm Portail Radiologique pour Convoyeur &#060; Qualit\u00e9 NDE\",\"isPartOf\":{\"@id\":\"https:\/\/www.qnde.ca\/#website\"},\"primaryImageOfPage\":{\"@id\":\"https:\/\/www.qnde.ca\/fr\/produit\/portail-radiologique-convoyeur\/#primaryimage\"},\"image\":{\"@id\":\"https:\/\/www.qnde.ca\/fr\/produit\/portail-radiologique-convoyeur\/#primaryimage\"},\"thumbnailUrl\":\"https:\/\/www.qnde.ca\/wp-content\/uploads\/2021\/02\/RC-4138-1-PVT-detector-mounted-above-a-conveyor.jpg\",\"datePublished\":\"2021-02-12T20:54:46+00:00\",\"dateModified\":\"2025-07-08T14:08:48+00:00\",\"description\":\"Syst\u00e8mes pour d\u00e9tecter\/identifier mati\u00e8res radioactives sur convoyeur. Syst\u00e8mes hautement personnalisables, bas\u00e9s sur syst\u00e8mes RC4000, RC2000 et RC7000.\",\"breadcrumb\":{\"@id\":\"https:\/\/www.qnde.ca\/fr\/produit\/portail-radiologique-convoyeur\/#breadcrumb\"},\"inLanguage\":\"fr-FR\",\"potentialAction\":[{\"@type\":\"ReadAction\",\"target\":[\"https:\/\/www.qnde.ca\/fr\/produit\/portail-radiologique-convoyeur\/\"]}]},{\"@type\":\"ImageObject\",\"inLanguage\":\"fr-FR\",\"@id\":\"https:\/\/www.qnde.ca\/fr\/produit\/portail-radiologique-convoyeur\/#primaryimage\",\"url\":\"https:\/\/www.qnde.ca\/wp-content\/uploads\/2021\/02\/RC-4138-1-PVT-detector-mounted-above-a-conveyor.jpg\",\"contentUrl\":\"https:\/\/www.qnde.ca\/wp-content\/uploads\/2021\/02\/RC-4138-1-PVT-detector-mounted-above-a-conveyor.jpg\",\"width\":640,\"height\":480},{\"@type\":\"BreadcrumbList\",\"@id\":\"https:\/\/www.qnde.ca\/fr\/produit\/portail-radiologique-convoyeur\/#breadcrumb\",\"itemListElement\":[{\"@type\":\"ListItem\",\"position\":1,\"name\":\"Accueil\",\"item\":\"https:\/\/www.qnde.ca\/fr\/\"},{\"@type\":\"ListItem\",\"position\":2,\"name\":\"Produits\",\"item\":\"https:\/\/www.qnde.ca\/fr\/produits\/\"},{\"@type\":\"ListItem\",\"position\":3,\"name\":\"Radiographie\",\"item\":\"https:\/\/www.qnde.ca\/fr\/product-category\/radiographie\/\"},{\"@type\":\"ListItem\",\"position\":4,\"name\":\"Portails Radiologiques\",\"item\":\"https:\/\/www.qnde.ca\/fr\/product-category\/radiographie\/portails-radiologiques\/\"},{\"@type\":\"ListItem\",\"position\":5,\"name\":\"RadComm Portail Radiologique pour Convoyeur\"}]},{\"@type\":\"WebSite\",\"@id\":\"https:\/\/www.qnde.ca\/#website\",\"url\":\"https:\/\/www.qnde.ca\/\",\"name\":\"Qualit\u00e9 NDE\",\"description\":\"\u00c9quipements d&#039;essais non destructifs \",\"publisher\":{\"@id\":\"https:\/\/www.qnde.ca\/#organization\"},\"potentialAction\":[{\"@type\":\"SearchAction\",\"target\":{\"@type\":\"EntryPoint\",\"urlTemplate\":\"https:\/\/www.qnde.ca\/?s={search_term_string}\"},\"query-input\":{\"@type\":\"PropertyValueSpecification\",\"valueRequired\":true,\"valueName\":\"search_term_string\"}}],\"inLanguage\":\"fr-FR\"},{\"@type\":\"Organization\",\"@id\":\"https:\/\/www.qnde.ca\/#organization\",\"name\":\"Quality NDT Ltd.\",\"url\":\"https:\/\/www.qnde.ca\/\",\"logo\":{\"@type\":\"ImageObject\",\"inLanguage\":\"fr-FR\",\"@id\":\"https:\/\/www.qnde.ca\/#\/schema\/logo\/image\/\",\"url\":\"https:\/\/www.qnde.ca\/wp-content\/uploads\/2022\/02\/QNDE_logo_RGB-gif.gif\",\"contentUrl\":\"https:\/\/www.qnde.ca\/wp-content\/uploads\/2022\/02\/QNDE_logo_RGB-gif.gif\",\"width\":250,\"height\":64,\"caption\":\"Quality NDT Ltd.\"},\"image\":{\"@id\":\"https:\/\/www.qnde.ca\/#\/schema\/logo\/image\/\"},\"sameAs\":[\"https:\/\/www.linkedin.com\/company\/qnde\/about\/?viewAsMember=true\"]}]}<\/script>\n<!-- \/ Yoast SEO plugin. -->","yoast_head_json":{"title":"RadComm Portail Radiologique pour Convoyeur &#060; Qualit\u00e9 NDE","description":"Syst\u00e8mes pour d\u00e9tecter\/identifier mati\u00e8res radioactives sur convoyeur. Syst\u00e8mes hautement personnalisables, bas\u00e9s sur syst\u00e8mes RC4000, RC2000 et RC7000.","robots":{"index":"index","follow":"follow","max-snippet":"max-snippet:-1","max-image-preview":"max-image-preview:large","max-video-preview":"max-video-preview:-1"},"canonical":"https:\/\/www.qnde.ca\/fr\/produit\/portail-radiologique-convoyeur\/","twitter_misc":{"Dur\u00e9e de lecture estim\u00e9e":"1 minute"},"schema":{"@context":"https:\/\/schema.org","@graph":[{"@type":["WebPage","ItemPage"],"@id":"https:\/\/www.qnde.ca\/fr\/produit\/portail-radiologique-convoyeur\/","url":"https:\/\/www.qnde.ca\/fr\/produit\/portail-radiologique-convoyeur\/","name":"RadComm Portail Radiologique pour Convoyeur &#060; Qualit\u00e9 NDE","isPartOf":{"@id":"https:\/\/www.qnde.ca\/#website"},"primaryImageOfPage":{"@id":"https:\/\/www.qnde.ca\/fr\/produit\/portail-radiologique-convoyeur\/#primaryimage"},"image":{"@id":"https:\/\/www.qnde.ca\/fr\/produit\/portail-radiologique-convoyeur\/#primaryimage"},"thumbnailUrl":"https:\/\/www.qnde.ca\/wp-content\/uploads\/2021\/02\/RC-4138-1-PVT-detector-mounted-above-a-conveyor.jpg","datePublished":"2021-02-12T20:54:46+00:00","dateModified":"2025-07-08T14:08:48+00:00","description":"Syst\u00e8mes pour d\u00e9tecter\/identifier mati\u00e8res radioactives sur convoyeur. Syst\u00e8mes hautement personnalisables, bas\u00e9s sur syst\u00e8mes RC4000, RC2000 et RC7000.","breadcrumb":{"@id":"https:\/\/www.qnde.ca\/fr\/produit\/portail-radiologique-convoyeur\/#breadcrumb"},"inLanguage":"fr-FR","potentialAction":[{"@type":"ReadAction","target":["https:\/\/www.qnde.ca\/fr\/produit\/portail-radiologique-convoyeur\/"]}]},{"@type":"ImageObject","inLanguage":"fr-FR","@id":"https:\/\/www.qnde.ca\/fr\/produit\/portail-radiologique-convoyeur\/#primaryimage","url":"https:\/\/www.qnde.ca\/wp-content\/uploads\/2021\/02\/RC-4138-1-PVT-detector-mounted-above-a-conveyor.jpg","contentUrl":"https:\/\/www.qnde.ca\/wp-content\/uploads\/2021\/02\/RC-4138-1-PVT-detector-mounted-above-a-conveyor.jpg","width":640,"height":480},{"@type":"BreadcrumbList","@id":"https:\/\/www.qnde.ca\/fr\/produit\/portail-radiologique-convoyeur\/#breadcrumb","itemListElement":[{"@type":"ListItem","position":1,"name":"Accueil","item":"https:\/\/www.qnde.ca\/fr\/"},{"@type":"ListItem","position":2,"name":"Produits","item":"https:\/\/www.qnde.ca\/fr\/produits\/"},{"@type":"ListItem","position":3,"name":"Radiographie","item":"https:\/\/www.qnde.ca\/fr\/product-category\/radiographie\/"},{"@type":"ListItem","position":4,"name":"Portails Radiologiques","item":"https:\/\/www.qnde.ca\/fr\/product-category\/radiographie\/portails-radiologiques\/"},{"@type":"ListItem","position":5,"name":"RadComm Portail Radiologique pour Convoyeur"}]},{"@type":"WebSite","@id":"https:\/\/www.qnde.ca\/#website","url":"https:\/\/www.qnde.ca\/","name":"Qualit\u00e9 NDE","description":"\u00c9quipements d&#039;essais non destructifs ","publisher":{"@id":"https:\/\/www.qnde.ca\/#organization"},"potentialAction":[{"@type":"SearchAction","target":{"@type":"EntryPoint","urlTemplate":"https:\/\/www.qnde.ca\/?s={search_term_string}"},"query-input":{"@type":"PropertyValueSpecification","valueRequired":true,"valueName":"search_term_string"}}],"inLanguage":"fr-FR"},{"@type":"Organization","@id":"https:\/\/www.qnde.ca\/#organization","name":"Quality NDT Ltd.","url":"https:\/\/www.qnde.ca\/","logo":{"@type":"ImageObject","inLanguage":"fr-FR","@id":"https:\/\/www.qnde.ca\/#\/schema\/logo\/image\/","url":"https:\/\/www.qnde.ca\/wp-content\/uploads\/2022\/02\/QNDE_logo_RGB-gif.gif","contentUrl":"https:\/\/www.qnde.ca\/wp-content\/uploads\/2022\/02\/QNDE_logo_RGB-gif.gif","width":250,"height":64,"caption":"Quality NDT Ltd."},"image":{"@id":"https:\/\/www.qnde.ca\/#\/schema\/logo\/image\/"},"sameAs":["https:\/\/www.linkedin.com\/company\/qnde\/about\/?viewAsMember=true"]}]}},"jetpack_sharing_enabled":true,"_links":{"self":[{"href":"https:\/\/www.qnde.ca\/fr\/wp-json\/wp\/v2\/product\/16240","targetHints":{"allow":["GET"]}}],"collection":[{"href":"https:\/\/www.qnde.ca\/fr\/wp-json\/wp\/v2\/product"}],"about":[{"href":"https:\/\/www.qnde.ca\/fr\/wp-json\/wp\/v2\/types\/product"}],"wp:featuredmedia":[{"embeddable":true,"href":"https:\/\/www.qnde.ca\/fr\/wp-json\/wp\/v2\/media\/16241"}],"wp:attachment":[{"href":"https:\/\/www.qnde.ca\/fr\/wp-json\/wp\/v2\/media?parent=16240"}],"wp:term":[{"taxonomy":"product_brand","embeddable":true,"href":"https:\/\/www.qnde.ca\/fr\/wp-json\/wp\/v2\/product_brand?post=16240"},{"taxonomy":"product_cat","embeddable":true,"href":"https:\/\/www.qnde.ca\/fr\/wp-json\/wp\/v2\/product_cat?post=16240"},{"taxonomy":"product_tag","embeddable":true,"href":"https:\/\/www.qnde.ca\/fr\/wp-json\/wp\/v2\/product_tag?post=16240"}],"curies":[{"name":"wp","href":"https:\/\/api.w.org\/{rel}","templated":true}]}}