{"id":16223,"date":"2021-02-12T15:34:36","date_gmt":"2021-02-12T20:34:36","guid":{"rendered":"https:\/\/www.qnde.ca\/?post_type=product&#038;p=16223"},"modified":"2025-06-11T09:30:34","modified_gmt":"2025-06-11T13:30:34","slug":"portail-spectroscopique-rc-7000-series","status":"publish","type":"product","link":"https:\/\/www.qnde.ca\/fr\/produit\/portail-spectroscopique-rc-7000-series\/","title":{"rendered":"Radcomm Portail Spectroscopique pour V\u00e9hicules RC-7000"},"content":{"rendered":"<h3>Radcomm Portail Spectroscopique pour V\u00e9hicules RC-7000<\/h3>\n<p>Syst\u00e8me con\u00e7u pour d\u00e9tecter et identifier les mati\u00e8res radioactives contenues dans un v\u00e9hicule en mouvement charg\u00e9 de mati\u00e8res denses (recyclage de m\u00e9taux).<\/p>\n<p>Le syst\u00e8me complet est constitu\u00e9 de d\u00e9tecteurs (1 \u00e0 5 panneaux), d\u00e9tecteur de pr\u00e9sence infrarouge, contr\u00f4leur sous Windows, grand \u00e9cran tactile, imprimante, et tous les dessins requis (installation, bases de b\u00e9ton, \u00e9lectrique).<\/p>\n<ul>\n<li>Conforme \u00e0 ANSI N42.38 \/ IEC 62484, ANSI N42.42 \/ IEC 62755.<\/li>\n<li>Plage d\u2019\u00e9nergie: 20 keV \u00e0 3.3 MeV.<\/li>\n<li>Grand d\u00e9tecteur de cristaux d&rsquo;iodure de sodium dop\u00e9 au thallium (NaI(Tl)) 16&Prime; x 4&Prime; x 2&Prime; (405mm x 102mm x 50mm).<\/li>\n<li>R\u00e9solution d\u2019\u00e9nergie: 8% ou mieux \u00e0 662 keV.<\/li>\n<li>Sensibilit\u00e9 de d\u00e9tection\/identification: conforme \u00e0 ANSI N42.38 (2006) \/ IEC 62484.<\/li>\n<li>Le syst\u00e8me peut \u00eatre \u00e9talonn\u00e9 pour des isotopes sp\u00e9cifiques.<\/li>\n<li>Logiciel avec informations d\u2019alarme d\u00e9taill\u00e9es (positionnement); stockage de donn\u00e9es (alarmes et propres); \u00e9talonnage, service et surveillance \u00e0 distance; s\u00e9curit\u00e9 multiniveaux contr\u00f4l\u00e9e par mot de passes et langages multiples.<\/li>\n<li>Pr\u00eat pour l&rsquo;envoi d&rsquo;alarmes et d&rsquo;erreurs par courriel.<\/li>\n<li>Vitesse maximum: 20 km\/h.<\/li>\n<\/ul>\n<p><strong>\u00a0<\/strong><strong>OPTIONS<\/strong><\/p>\n<ul>\n<li>Installation et formation.<\/li>\n<li>Supports de d\u00e9tecteurs (une ou deux pattes) avec ou sans bollards.<\/li>\n<li>D\u00e9tecteur de Neutron (He3 ou alternative).<\/li>\n<li>Ensemble sans fil.<\/li>\n<li>Alarme externe (lumineuse et\/ou sonore).<\/li>\n<li>Logiciel de surveillance \u00e0 distance (un ou multiples portails).<\/li>\n<\/ul>\n<p>&nbsp;<\/p>\n<ul>\n<li style=\"list-style-type: none;\">\n<ul>\n<li>RC7000-1: Un d\u00e9tecteur de cristaux NaI(Tl).<\/li>\n<li>RC7000-2: Deux d\u00e9tecteurs de cristaux NaI(Tl). Capacit\u00e9\/sensibilit\u00e9 de d\u00e9tection \u00e9talonn\u00e9e pour des isotopes sp\u00e9cifiques.<\/li>\n<li>RC7100-2: Deux d\u00e9tecteurs \u2013 Cristaux NaI(Tl) avec neutron. Capacit\u00e9\/sensibilit\u00e9 de d\u00e9tection \u00e9talonn\u00e9e pour des isotopes sp\u00e9cifiques.<\/li>\n<li>RC7138-2: Deux d\u00e9tecteurs \u2013 Cristaux NaI(Tl) avec d\u00e9tecteur PVT. Capacit\u00e9\/sensibilit\u00e9 de d\u00e9tection \u00e9talonn\u00e9e pour des isotopes sp\u00e9cifiques.<\/li>\n<\/ul>\n<\/li>\n<\/ul>\n","protected":false},"excerpt":{"rendered":"<p>Radcomm Portail Spectroscopique pour V\u00e9hicules RC-7000 Syst\u00e8me con\u00e7u pour d\u00e9tecter et identifier les mati\u00e8res radioactives contenues dans un v\u00e9hicule en mouvement charg\u00e9 de mati\u00e8res denses (recyclage de m\u00e9taux). Le syst\u00e8me complet est constitu\u00e9 de d\u00e9tecteurs (1 \u00e0 5 panneaux), d\u00e9tecteur de pr\u00e9sence infrarouge, contr\u00f4leur sous Windows, grand \u00e9cran tactile, imprimante, et tous les dessins requis [&hellip;]<\/p>\n","protected":false},"featured_media":16228,"template":"","meta":{"_monsterinsights_skip_tracking":false,"_monsterinsights_sitenote_active":false,"_monsterinsights_sitenote_note":"","_monsterinsights_sitenote_category":0},"product_brand":[],"product_cat":[391,410,324],"product_tag":[],"class_list":{"0":"post-16223","1":"product","2":"type-product","3":"status-publish","4":"has-post-thumbnail","6":"product_cat-radcomm-fr","7":"product_cat-recyclage-metaux","8":"product_cat-portails-radiologiques","10":"first","11":"instock","12":"shipping-taxable","13":"purchasable","14":"product-type-variable"},"yoast_head":"<!-- This site is optimized with the Yoast SEO plugin v23.9 - https:\/\/yoast.com\/wordpress\/plugins\/seo\/ -->\n<title>Radcomm Portail Spectroscopique pour V\u00e9hicules RC-7000 &#060; Qualit\u00e9 NDE<\/title>\n<meta name=\"description\" content=\"Syst\u00e8me con\u00e7u pour d\u00e9tecter et identifier les mati\u00e8res radioactives contenues dans un v\u00e9hicule en mouvement charg\u00e9 de mati\u00e8res denses (recyclage de m\u00e9taux).\" \/>\n<meta name=\"robots\" content=\"index, follow, max-snippet:-1, max-image-preview:large, max-video-preview:-1\" \/>\n<link rel=\"canonical\" href=\"https:\/\/www.qnde.ca\/fr\/produit\/portail-spectroscopique-rc-7000-series\/\" \/>\n<meta name=\"twitter:label1\" content=\"Dur\u00e9e de lecture estim\u00e9e\" \/>\n\t<meta name=\"twitter:data1\" content=\"2 minutes\" \/>\n<script type=\"application\/ld+json\" class=\"yoast-schema-graph\">{\"@context\":\"https:\/\/schema.org\",\"@graph\":[{\"@type\":[\"WebPage\",\"ItemPage\"],\"@id\":\"https:\/\/www.qnde.ca\/fr\/produit\/portail-spectroscopique-rc-7000-series\/\",\"url\":\"https:\/\/www.qnde.ca\/fr\/produit\/portail-spectroscopique-rc-7000-series\/\",\"name\":\"Radcomm Portail Spectroscopique pour V\u00e9hicules RC-7000 &#060; Qualit\u00e9 NDE\",\"isPartOf\":{\"@id\":\"https:\/\/www.qnde.ca\/#website\"},\"primaryImageOfPage\":{\"@id\":\"https:\/\/www.qnde.ca\/fr\/produit\/portail-spectroscopique-rc-7000-series\/#primaryimage\"},\"image\":{\"@id\":\"https:\/\/www.qnde.ca\/fr\/produit\/portail-spectroscopique-rc-7000-series\/#primaryimage\"},\"thumbnailUrl\":\"https:\/\/www.qnde.ca\/wp-content\/uploads\/2021\/02\/Delcora-Philadelphia-IMG_4413-scaled-scaled.jpg\",\"datePublished\":\"2021-02-12T20:34:36+00:00\",\"dateModified\":\"2025-06-11T13:30:34+00:00\",\"description\":\"Syst\u00e8me con\u00e7u pour d\u00e9tecter et identifier les mati\u00e8res radioactives contenues dans un v\u00e9hicule en mouvement charg\u00e9 de mati\u00e8res denses (recyclage de m\u00e9taux).\",\"breadcrumb\":{\"@id\":\"https:\/\/www.qnde.ca\/fr\/produit\/portail-spectroscopique-rc-7000-series\/#breadcrumb\"},\"inLanguage\":\"fr-FR\",\"potentialAction\":[{\"@type\":\"ReadAction\",\"target\":[\"https:\/\/www.qnde.ca\/fr\/produit\/portail-spectroscopique-rc-7000-series\/\"]}]},{\"@type\":\"ImageObject\",\"inLanguage\":\"fr-FR\",\"@id\":\"https:\/\/www.qnde.ca\/fr\/produit\/portail-spectroscopique-rc-7000-series\/#primaryimage\",\"url\":\"https:\/\/www.qnde.ca\/wp-content\/uploads\/2021\/02\/Delcora-Philadelphia-IMG_4413-scaled-scaled.jpg\",\"contentUrl\":\"https:\/\/www.qnde.ca\/wp-content\/uploads\/2021\/02\/Delcora-Philadelphia-IMG_4413-scaled-scaled.jpg\",\"width\":2048,\"height\":1536},{\"@type\":\"BreadcrumbList\",\"@id\":\"https:\/\/www.qnde.ca\/fr\/produit\/portail-spectroscopique-rc-7000-series\/#breadcrumb\",\"itemListElement\":[{\"@type\":\"ListItem\",\"position\":1,\"name\":\"Accueil\",\"item\":\"https:\/\/www.qnde.ca\/fr\/\"},{\"@type\":\"ListItem\",\"position\":2,\"name\":\"Produits\",\"item\":\"https:\/\/www.qnde.ca\/fr\/produits\/\"},{\"@type\":\"ListItem\",\"position\":3,\"name\":\"Radiographie\",\"item\":\"https:\/\/www.qnde.ca\/fr\/product-category\/radiographie\/\"},{\"@type\":\"ListItem\",\"position\":4,\"name\":\"Portails Radiologiques\",\"item\":\"https:\/\/www.qnde.ca\/fr\/product-category\/radiographie\/portails-radiologiques\/\"},{\"@type\":\"ListItem\",\"position\":5,\"name\":\"Radcomm Portail Spectroscopique pour V\u00e9hicules RC-7000\"}]},{\"@type\":\"WebSite\",\"@id\":\"https:\/\/www.qnde.ca\/#website\",\"url\":\"https:\/\/www.qnde.ca\/\",\"name\":\"Qualit\u00e9 NDE\",\"description\":\"\u00c9quipements d&#039;essais non destructifs \",\"publisher\":{\"@id\":\"https:\/\/www.qnde.ca\/#organization\"},\"potentialAction\":[{\"@type\":\"SearchAction\",\"target\":{\"@type\":\"EntryPoint\",\"urlTemplate\":\"https:\/\/www.qnde.ca\/?s={search_term_string}\"},\"query-input\":{\"@type\":\"PropertyValueSpecification\",\"valueRequired\":true,\"valueName\":\"search_term_string\"}}],\"inLanguage\":\"fr-FR\"},{\"@type\":\"Organization\",\"@id\":\"https:\/\/www.qnde.ca\/#organization\",\"name\":\"Quality NDT Ltd.\",\"url\":\"https:\/\/www.qnde.ca\/\",\"logo\":{\"@type\":\"ImageObject\",\"inLanguage\":\"fr-FR\",\"@id\":\"https:\/\/www.qnde.ca\/#\/schema\/logo\/image\/\",\"url\":\"https:\/\/www.qnde.ca\/wp-content\/uploads\/2022\/02\/QNDE_logo_RGB-gif.gif\",\"contentUrl\":\"https:\/\/www.qnde.ca\/wp-content\/uploads\/2022\/02\/QNDE_logo_RGB-gif.gif\",\"width\":250,\"height\":64,\"caption\":\"Quality NDT Ltd.\"},\"image\":{\"@id\":\"https:\/\/www.qnde.ca\/#\/schema\/logo\/image\/\"},\"sameAs\":[\"https:\/\/www.linkedin.com\/company\/qnde\/about\/?viewAsMember=true\"]}]}<\/script>\n<!-- \/ Yoast SEO plugin. -->","yoast_head_json":{"title":"Radcomm Portail Spectroscopique pour V\u00e9hicules RC-7000 &#060; Qualit\u00e9 NDE","description":"Syst\u00e8me con\u00e7u pour d\u00e9tecter et identifier les mati\u00e8res radioactives contenues dans un v\u00e9hicule en mouvement charg\u00e9 de mati\u00e8res denses (recyclage de m\u00e9taux).","robots":{"index":"index","follow":"follow","max-snippet":"max-snippet:-1","max-image-preview":"max-image-preview:large","max-video-preview":"max-video-preview:-1"},"canonical":"https:\/\/www.qnde.ca\/fr\/produit\/portail-spectroscopique-rc-7000-series\/","twitter_misc":{"Dur\u00e9e de lecture estim\u00e9e":"2 minutes"},"schema":{"@context":"https:\/\/schema.org","@graph":[{"@type":["WebPage","ItemPage"],"@id":"https:\/\/www.qnde.ca\/fr\/produit\/portail-spectroscopique-rc-7000-series\/","url":"https:\/\/www.qnde.ca\/fr\/produit\/portail-spectroscopique-rc-7000-series\/","name":"Radcomm Portail Spectroscopique pour V\u00e9hicules RC-7000 &#060; Qualit\u00e9 NDE","isPartOf":{"@id":"https:\/\/www.qnde.ca\/#website"},"primaryImageOfPage":{"@id":"https:\/\/www.qnde.ca\/fr\/produit\/portail-spectroscopique-rc-7000-series\/#primaryimage"},"image":{"@id":"https:\/\/www.qnde.ca\/fr\/produit\/portail-spectroscopique-rc-7000-series\/#primaryimage"},"thumbnailUrl":"https:\/\/www.qnde.ca\/wp-content\/uploads\/2021\/02\/Delcora-Philadelphia-IMG_4413-scaled-scaled.jpg","datePublished":"2021-02-12T20:34:36+00:00","dateModified":"2025-06-11T13:30:34+00:00","description":"Syst\u00e8me con\u00e7u pour d\u00e9tecter et identifier les mati\u00e8res radioactives contenues dans un v\u00e9hicule en mouvement charg\u00e9 de mati\u00e8res denses (recyclage de m\u00e9taux).","breadcrumb":{"@id":"https:\/\/www.qnde.ca\/fr\/produit\/portail-spectroscopique-rc-7000-series\/#breadcrumb"},"inLanguage":"fr-FR","potentialAction":[{"@type":"ReadAction","target":["https:\/\/www.qnde.ca\/fr\/produit\/portail-spectroscopique-rc-7000-series\/"]}]},{"@type":"ImageObject","inLanguage":"fr-FR","@id":"https:\/\/www.qnde.ca\/fr\/produit\/portail-spectroscopique-rc-7000-series\/#primaryimage","url":"https:\/\/www.qnde.ca\/wp-content\/uploads\/2021\/02\/Delcora-Philadelphia-IMG_4413-scaled-scaled.jpg","contentUrl":"https:\/\/www.qnde.ca\/wp-content\/uploads\/2021\/02\/Delcora-Philadelphia-IMG_4413-scaled-scaled.jpg","width":2048,"height":1536},{"@type":"BreadcrumbList","@id":"https:\/\/www.qnde.ca\/fr\/produit\/portail-spectroscopique-rc-7000-series\/#breadcrumb","itemListElement":[{"@type":"ListItem","position":1,"name":"Accueil","item":"https:\/\/www.qnde.ca\/fr\/"},{"@type":"ListItem","position":2,"name":"Produits","item":"https:\/\/www.qnde.ca\/fr\/produits\/"},{"@type":"ListItem","position":3,"name":"Radiographie","item":"https:\/\/www.qnde.ca\/fr\/product-category\/radiographie\/"},{"@type":"ListItem","position":4,"name":"Portails Radiologiques","item":"https:\/\/www.qnde.ca\/fr\/product-category\/radiographie\/portails-radiologiques\/"},{"@type":"ListItem","position":5,"name":"Radcomm Portail Spectroscopique pour V\u00e9hicules RC-7000"}]},{"@type":"WebSite","@id":"https:\/\/www.qnde.ca\/#website","url":"https:\/\/www.qnde.ca\/","name":"Qualit\u00e9 NDE","description":"\u00c9quipements d&#039;essais non destructifs ","publisher":{"@id":"https:\/\/www.qnde.ca\/#organization"},"potentialAction":[{"@type":"SearchAction","target":{"@type":"EntryPoint","urlTemplate":"https:\/\/www.qnde.ca\/?s={search_term_string}"},"query-input":{"@type":"PropertyValueSpecification","valueRequired":true,"valueName":"search_term_string"}}],"inLanguage":"fr-FR"},{"@type":"Organization","@id":"https:\/\/www.qnde.ca\/#organization","name":"Quality NDT Ltd.","url":"https:\/\/www.qnde.ca\/","logo":{"@type":"ImageObject","inLanguage":"fr-FR","@id":"https:\/\/www.qnde.ca\/#\/schema\/logo\/image\/","url":"https:\/\/www.qnde.ca\/wp-content\/uploads\/2022\/02\/QNDE_logo_RGB-gif.gif","contentUrl":"https:\/\/www.qnde.ca\/wp-content\/uploads\/2022\/02\/QNDE_logo_RGB-gif.gif","width":250,"height":64,"caption":"Quality NDT Ltd."},"image":{"@id":"https:\/\/www.qnde.ca\/#\/schema\/logo\/image\/"},"sameAs":["https:\/\/www.linkedin.com\/company\/qnde\/about\/?viewAsMember=true"]}]}},"jetpack_sharing_enabled":true,"_links":{"self":[{"href":"https:\/\/www.qnde.ca\/fr\/wp-json\/wp\/v2\/product\/16223","targetHints":{"allow":["GET"]}}],"collection":[{"href":"https:\/\/www.qnde.ca\/fr\/wp-json\/wp\/v2\/product"}],"about":[{"href":"https:\/\/www.qnde.ca\/fr\/wp-json\/wp\/v2\/types\/product"}],"wp:featuredmedia":[{"embeddable":true,"href":"https:\/\/www.qnde.ca\/fr\/wp-json\/wp\/v2\/media\/16228"}],"wp:attachment":[{"href":"https:\/\/www.qnde.ca\/fr\/wp-json\/wp\/v2\/media?parent=16223"}],"wp:term":[{"taxonomy":"product_brand","embeddable":true,"href":"https:\/\/www.qnde.ca\/fr\/wp-json\/wp\/v2\/product_brand?post=16223"},{"taxonomy":"product_cat","embeddable":true,"href":"https:\/\/www.qnde.ca\/fr\/wp-json\/wp\/v2\/product_cat?post=16223"},{"taxonomy":"product_tag","embeddable":true,"href":"https:\/\/www.qnde.ca\/fr\/wp-json\/wp\/v2\/product_tag?post=16223"}],"curies":[{"name":"wp","href":"https:\/\/api.w.org\/{rel}","templated":true}]}}