{"id":16208,"date":"2021-02-12T15:06:15","date_gmt":"2021-02-12T20:06:15","guid":{"rendered":"https:\/\/www.qnde.ca\/?post_type=product&#038;p=16208"},"modified":"2025-06-11T09:17:55","modified_gmt":"2025-06-11T13:17:55","slug":"portail-radiologique-rc-2000","status":"publish","type":"product","link":"https:\/\/www.qnde.ca\/fr\/produit\/portail-radiologique-rc-2000\/","title":{"rendered":"Radcomm Portail Radiologique RC-2000"},"content":{"rendered":"<h3>Radcomm Portail Radiologique RC-2000<\/h3>\n<p>Syst\u00e8me con\u00e7u pour d\u00e9tecter les mati\u00e8res radioactives contenues dans un v\u00e9hicule en mouvement charg\u00e9 de mati\u00e8res \u00e0 densit\u00e9 moyenne (d\u00e9chets, petit \u00e0 moyen volume de m\u00e9taux).<\/p>\n<p>Le syst\u00e8me complet est constitu\u00e9 de d\u00e9tecteurs (1 \u00e0 5 panneaux), d\u00e9tecteur de pr\u00e9sence, contr\u00f4leur sous Windows, grand \u00e9cran tactile, imprimante, et tous les dessins requis (installation, bases de b\u00e9ton, \u00e9lectrique).<\/p>\n<ul>\n<li>Conforme \u00e0 ANSI N42.35 \/ IEC 62244, ANSI N42.42 \/ IEC 62755.<\/li>\n<li>Plage d\u2019\u00e9nergie: 20 keV \u00e0 3.0 MeV.<\/li>\n<li>Grand scintillateur PVT premium (2108 \u00e0 4216 po<sup>3<\/sup> (34.5 \u00e0 69 L) en volume) avec un PMT.<\/li>\n<li>Logiciel avec informations d\u2019alarme d\u00e9taill\u00e9es (positionnement); stockage de donn\u00e9es (alarmes et propres); \u00e9talonnage, service et surveillance \u00e0 distance; s\u00e9curit\u00e9 multiniveaux contr\u00f4l\u00e9e par mot de passes et langages multiples.<\/li>\n<li>Pr\u00eat pour l&rsquo;envoi d&rsquo;alarmes et d&rsquo;erreurs par courriel.<\/li>\n<li>Vitesse maximum: 10 km\/h.<\/li>\n<\/ul>\n<p><strong>\u00a0<\/strong><strong>OPTIONS<\/strong><\/p>\n<ul>\n<li>Installation et formation.<\/li>\n<li>Supports de d\u00e9tecteurs (une patte) avec ou sans bollards.<\/li>\n<li>D\u00e9tecteur de Neutron (He3 ou alternative).<\/li>\n<li>Ensemble sans fil.<\/li>\n<li>Alarme externe (lumineuse et\/ou sonore).<\/li>\n<li>Logiciel de surveillance \u00e0 distance (un ou multiples portails).<\/li>\n<\/ul>\n<p><strong>\u00a0<\/strong><\/p>\n<ul>\n<li style=\"list-style-type: none;\">\n<ul>\n<li>RC2138-2: Syst\u00e8me avec deux d\u00e9tecteurs PVT de 4216 po<sup>3<\/sup> (69L). Capacit\u00e9\/sensibilit\u00e9 de d\u00e9tection de 1.6 microcurie Cs137 (source ponctuelle non blind\u00e9e) \u00e0 1 m\u00e8tre.<\/li>\n<li>RC2110-2: Syst\u00e8me avec deux d\u00e9tecteurs PVT de 2632 po<sup>3<\/sup> (45.5L). Capacit\u00e9\/sensibilit\u00e9 de d\u00e9tection de 2.0 microcuries Cs137 (source ponctuelle non blind\u00e9e) \u00e0 1 m\u00e8tre.<\/li>\n<li>RC2069-2: Syst\u00e8me avec deux d\u00e9tecteurs PVT de 2108 po<sup>3<\/sup> (34.5L). Capacit\u00e9\/sensibilit\u00e9 de d\u00e9tection de 2.3 microcuries Cs137 (source ponctuelle non blind\u00e9e) \u00e0 1 m\u00e8tre.<\/li>\n<\/ul>\n<\/li>\n<\/ul>\n","protected":false},"excerpt":{"rendered":"<p>Radcomm Portail Radiologique RC-2000 Syst\u00e8me con\u00e7u pour d\u00e9tecter les mati\u00e8res radioactives contenues dans un v\u00e9hicule en mouvement charg\u00e9 de mati\u00e8res \u00e0 densit\u00e9 moyenne (d\u00e9chets, petit \u00e0 moyen volume de m\u00e9taux). Le syst\u00e8me complet est constitu\u00e9 de d\u00e9tecteurs (1 \u00e0 5 panneaux), d\u00e9tecteur de pr\u00e9sence, contr\u00f4leur sous Windows, grand \u00e9cran tactile, imprimante, et tous les dessins [&hellip;]<\/p>\n","protected":false},"featured_media":16214,"template":"","meta":{"_monsterinsights_skip_tracking":false,"_monsterinsights_sitenote_active":false,"_monsterinsights_sitenote_note":"","_monsterinsights_sitenote_category":0},"product_brand":[],"product_cat":[391,410,324],"product_tag":[],"class_list":{"0":"post-16208","1":"product","2":"type-product","3":"status-publish","4":"has-post-thumbnail","6":"product_cat-radcomm-fr","7":"product_cat-recyclage-metaux","8":"product_cat-portails-radiologiques","10":"first","11":"instock","12":"shipping-taxable","13":"purchasable","14":"product-type-variable"},"yoast_head":"<!-- This site is optimized with the Yoast SEO plugin v23.9 - https:\/\/yoast.com\/wordpress\/plugins\/seo\/ -->\n<title>Radcomm Portail Radiologique RC-2000 &#060; Qualit\u00e9 NDE<\/title>\n<meta name=\"description\" content=\"Syst\u00e8me pour d\u00e9tecter les mati\u00e8res radioactives dans un v\u00e9hicule en mouvement charg\u00e9 de mati\u00e8res \u00e0 densit\u00e9 moyenne (d\u00e9chets, petit \u00e0 moyen vol. de m\u00e9taux).\" \/>\n<meta name=\"robots\" content=\"index, follow, max-snippet:-1, max-image-preview:large, max-video-preview:-1\" \/>\n<link rel=\"canonical\" href=\"https:\/\/www.qnde.ca\/fr\/produit\/portail-radiologique-rc-2000\/\" \/>\n<meta name=\"twitter:label1\" content=\"Dur\u00e9e de lecture estim\u00e9e\" \/>\n\t<meta name=\"twitter:data1\" content=\"2 minutes\" \/>\n<script type=\"application\/ld+json\" class=\"yoast-schema-graph\">{\"@context\":\"https:\/\/schema.org\",\"@graph\":[{\"@type\":[\"WebPage\",\"ItemPage\"],\"@id\":\"https:\/\/www.qnde.ca\/fr\/produit\/portail-radiologique-rc-2000\/\",\"url\":\"https:\/\/www.qnde.ca\/fr\/produit\/portail-radiologique-rc-2000\/\",\"name\":\"Radcomm Portail Radiologique RC-2000 &#060; Qualit\u00e9 NDE\",\"isPartOf\":{\"@id\":\"https:\/\/www.qnde.ca\/#website\"},\"primaryImageOfPage\":{\"@id\":\"https:\/\/www.qnde.ca\/fr\/produit\/portail-radiologique-rc-2000\/#primaryimage\"},\"image\":{\"@id\":\"https:\/\/www.qnde.ca\/fr\/produit\/portail-radiologique-rc-2000\/#primaryimage\"},\"thumbnailUrl\":\"https:\/\/www.qnde.ca\/wp-content\/uploads\/2021\/02\/RC-2069-2-with-detector-supports-and-standard-bollards.png\",\"datePublished\":\"2021-02-12T20:06:15+00:00\",\"dateModified\":\"2025-06-11T13:17:55+00:00\",\"description\":\"Syst\u00e8me pour d\u00e9tecter les mati\u00e8res radioactives dans un v\u00e9hicule en mouvement charg\u00e9 de mati\u00e8res \u00e0 densit\u00e9 moyenne (d\u00e9chets, petit \u00e0 moyen vol. de m\u00e9taux).\",\"breadcrumb\":{\"@id\":\"https:\/\/www.qnde.ca\/fr\/produit\/portail-radiologique-rc-2000\/#breadcrumb\"},\"inLanguage\":\"fr-FR\",\"potentialAction\":[{\"@type\":\"ReadAction\",\"target\":[\"https:\/\/www.qnde.ca\/fr\/produit\/portail-radiologique-rc-2000\/\"]}]},{\"@type\":\"ImageObject\",\"inLanguage\":\"fr-FR\",\"@id\":\"https:\/\/www.qnde.ca\/fr\/produit\/portail-radiologique-rc-2000\/#primaryimage\",\"url\":\"https:\/\/www.qnde.ca\/wp-content\/uploads\/2021\/02\/RC-2069-2-with-detector-supports-and-standard-bollards.png\",\"contentUrl\":\"https:\/\/www.qnde.ca\/wp-content\/uploads\/2021\/02\/RC-2069-2-with-detector-supports-and-standard-bollards.png\",\"width\":648,\"height\":850},{\"@type\":\"BreadcrumbList\",\"@id\":\"https:\/\/www.qnde.ca\/fr\/produit\/portail-radiologique-rc-2000\/#breadcrumb\",\"itemListElement\":[{\"@type\":\"ListItem\",\"position\":1,\"name\":\"Accueil\",\"item\":\"https:\/\/www.qnde.ca\/fr\/\"},{\"@type\":\"ListItem\",\"position\":2,\"name\":\"Produits\",\"item\":\"https:\/\/www.qnde.ca\/fr\/produits\/\"},{\"@type\":\"ListItem\",\"position\":3,\"name\":\"Radiographie\",\"item\":\"https:\/\/www.qnde.ca\/fr\/product-category\/radiographie\/\"},{\"@type\":\"ListItem\",\"position\":4,\"name\":\"Portails Radiologiques\",\"item\":\"https:\/\/www.qnde.ca\/fr\/product-category\/radiographie\/portails-radiologiques\/\"},{\"@type\":\"ListItem\",\"position\":5,\"name\":\"Radcomm Portail Radiologique RC-2000\"}]},{\"@type\":\"WebSite\",\"@id\":\"https:\/\/www.qnde.ca\/#website\",\"url\":\"https:\/\/www.qnde.ca\/\",\"name\":\"Qualit\u00e9 NDE\",\"description\":\"\u00c9quipements d&#039;essais non destructifs \",\"publisher\":{\"@id\":\"https:\/\/www.qnde.ca\/#organization\"},\"potentialAction\":[{\"@type\":\"SearchAction\",\"target\":{\"@type\":\"EntryPoint\",\"urlTemplate\":\"https:\/\/www.qnde.ca\/?s={search_term_string}\"},\"query-input\":{\"@type\":\"PropertyValueSpecification\",\"valueRequired\":true,\"valueName\":\"search_term_string\"}}],\"inLanguage\":\"fr-FR\"},{\"@type\":\"Organization\",\"@id\":\"https:\/\/www.qnde.ca\/#organization\",\"name\":\"Quality NDT Ltd.\",\"url\":\"https:\/\/www.qnde.ca\/\",\"logo\":{\"@type\":\"ImageObject\",\"inLanguage\":\"fr-FR\",\"@id\":\"https:\/\/www.qnde.ca\/#\/schema\/logo\/image\/\",\"url\":\"https:\/\/www.qnde.ca\/wp-content\/uploads\/2022\/02\/QNDE_logo_RGB-gif.gif\",\"contentUrl\":\"https:\/\/www.qnde.ca\/wp-content\/uploads\/2022\/02\/QNDE_logo_RGB-gif.gif\",\"width\":250,\"height\":64,\"caption\":\"Quality NDT Ltd.\"},\"image\":{\"@id\":\"https:\/\/www.qnde.ca\/#\/schema\/logo\/image\/\"},\"sameAs\":[\"https:\/\/www.linkedin.com\/company\/qnde\/about\/?viewAsMember=true\"]}]}<\/script>\n<!-- \/ Yoast SEO plugin. -->","yoast_head_json":{"title":"Radcomm Portail Radiologique RC-2000 &#060; Qualit\u00e9 NDE","description":"Syst\u00e8me pour d\u00e9tecter les mati\u00e8res radioactives dans un v\u00e9hicule en mouvement charg\u00e9 de mati\u00e8res \u00e0 densit\u00e9 moyenne (d\u00e9chets, petit \u00e0 moyen vol. de m\u00e9taux).","robots":{"index":"index","follow":"follow","max-snippet":"max-snippet:-1","max-image-preview":"max-image-preview:large","max-video-preview":"max-video-preview:-1"},"canonical":"https:\/\/www.qnde.ca\/fr\/produit\/portail-radiologique-rc-2000\/","twitter_misc":{"Dur\u00e9e de lecture estim\u00e9e":"2 minutes"},"schema":{"@context":"https:\/\/schema.org","@graph":[{"@type":["WebPage","ItemPage"],"@id":"https:\/\/www.qnde.ca\/fr\/produit\/portail-radiologique-rc-2000\/","url":"https:\/\/www.qnde.ca\/fr\/produit\/portail-radiologique-rc-2000\/","name":"Radcomm Portail Radiologique RC-2000 &#060; Qualit\u00e9 NDE","isPartOf":{"@id":"https:\/\/www.qnde.ca\/#website"},"primaryImageOfPage":{"@id":"https:\/\/www.qnde.ca\/fr\/produit\/portail-radiologique-rc-2000\/#primaryimage"},"image":{"@id":"https:\/\/www.qnde.ca\/fr\/produit\/portail-radiologique-rc-2000\/#primaryimage"},"thumbnailUrl":"https:\/\/www.qnde.ca\/wp-content\/uploads\/2021\/02\/RC-2069-2-with-detector-supports-and-standard-bollards.png","datePublished":"2021-02-12T20:06:15+00:00","dateModified":"2025-06-11T13:17:55+00:00","description":"Syst\u00e8me pour d\u00e9tecter les mati\u00e8res radioactives dans un v\u00e9hicule en mouvement charg\u00e9 de mati\u00e8res \u00e0 densit\u00e9 moyenne (d\u00e9chets, petit \u00e0 moyen vol. de m\u00e9taux).","breadcrumb":{"@id":"https:\/\/www.qnde.ca\/fr\/produit\/portail-radiologique-rc-2000\/#breadcrumb"},"inLanguage":"fr-FR","potentialAction":[{"@type":"ReadAction","target":["https:\/\/www.qnde.ca\/fr\/produit\/portail-radiologique-rc-2000\/"]}]},{"@type":"ImageObject","inLanguage":"fr-FR","@id":"https:\/\/www.qnde.ca\/fr\/produit\/portail-radiologique-rc-2000\/#primaryimage","url":"https:\/\/www.qnde.ca\/wp-content\/uploads\/2021\/02\/RC-2069-2-with-detector-supports-and-standard-bollards.png","contentUrl":"https:\/\/www.qnde.ca\/wp-content\/uploads\/2021\/02\/RC-2069-2-with-detector-supports-and-standard-bollards.png","width":648,"height":850},{"@type":"BreadcrumbList","@id":"https:\/\/www.qnde.ca\/fr\/produit\/portail-radiologique-rc-2000\/#breadcrumb","itemListElement":[{"@type":"ListItem","position":1,"name":"Accueil","item":"https:\/\/www.qnde.ca\/fr\/"},{"@type":"ListItem","position":2,"name":"Produits","item":"https:\/\/www.qnde.ca\/fr\/produits\/"},{"@type":"ListItem","position":3,"name":"Radiographie","item":"https:\/\/www.qnde.ca\/fr\/product-category\/radiographie\/"},{"@type":"ListItem","position":4,"name":"Portails Radiologiques","item":"https:\/\/www.qnde.ca\/fr\/product-category\/radiographie\/portails-radiologiques\/"},{"@type":"ListItem","position":5,"name":"Radcomm Portail Radiologique RC-2000"}]},{"@type":"WebSite","@id":"https:\/\/www.qnde.ca\/#website","url":"https:\/\/www.qnde.ca\/","name":"Qualit\u00e9 NDE","description":"\u00c9quipements d&#039;essais non destructifs ","publisher":{"@id":"https:\/\/www.qnde.ca\/#organization"},"potentialAction":[{"@type":"SearchAction","target":{"@type":"EntryPoint","urlTemplate":"https:\/\/www.qnde.ca\/?s={search_term_string}"},"query-input":{"@type":"PropertyValueSpecification","valueRequired":true,"valueName":"search_term_string"}}],"inLanguage":"fr-FR"},{"@type":"Organization","@id":"https:\/\/www.qnde.ca\/#organization","name":"Quality NDT Ltd.","url":"https:\/\/www.qnde.ca\/","logo":{"@type":"ImageObject","inLanguage":"fr-FR","@id":"https:\/\/www.qnde.ca\/#\/schema\/logo\/image\/","url":"https:\/\/www.qnde.ca\/wp-content\/uploads\/2022\/02\/QNDE_logo_RGB-gif.gif","contentUrl":"https:\/\/www.qnde.ca\/wp-content\/uploads\/2022\/02\/QNDE_logo_RGB-gif.gif","width":250,"height":64,"caption":"Quality NDT Ltd."},"image":{"@id":"https:\/\/www.qnde.ca\/#\/schema\/logo\/image\/"},"sameAs":["https:\/\/www.linkedin.com\/company\/qnde\/about\/?viewAsMember=true"]}]}},"jetpack_sharing_enabled":true,"_links":{"self":[{"href":"https:\/\/www.qnde.ca\/fr\/wp-json\/wp\/v2\/product\/16208","targetHints":{"allow":["GET"]}}],"collection":[{"href":"https:\/\/www.qnde.ca\/fr\/wp-json\/wp\/v2\/product"}],"about":[{"href":"https:\/\/www.qnde.ca\/fr\/wp-json\/wp\/v2\/types\/product"}],"wp:featuredmedia":[{"embeddable":true,"href":"https:\/\/www.qnde.ca\/fr\/wp-json\/wp\/v2\/media\/16214"}],"wp:attachment":[{"href":"https:\/\/www.qnde.ca\/fr\/wp-json\/wp\/v2\/media?parent=16208"}],"wp:term":[{"taxonomy":"product_brand","embeddable":true,"href":"https:\/\/www.qnde.ca\/fr\/wp-json\/wp\/v2\/product_brand?post=16208"},{"taxonomy":"product_cat","embeddable":true,"href":"https:\/\/www.qnde.ca\/fr\/wp-json\/wp\/v2\/product_cat?post=16208"},{"taxonomy":"product_tag","embeddable":true,"href":"https:\/\/www.qnde.ca\/fr\/wp-json\/wp\/v2\/product_tag?post=16208"}],"curies":[{"name":"wp","href":"https:\/\/api.w.org\/{rel}","templated":true}]}}