{"id":16181,"date":"2021-02-12T13:55:38","date_gmt":"2021-02-12T18:55:38","guid":{"rendered":"https:\/\/www.qnde.ca\/?post_type=product&#038;p=16181"},"modified":"2025-08-13T10:41:10","modified_gmt":"2025-08-13T14:41:10","slug":"lampe-inactinique-pivotante-chambre-noire","status":"publish","type":"product","link":"https:\/\/www.qnde.ca\/fr\/produit\/lampe-inactinique-pivotante-chambre-noire\/","title":{"rendered":"Wolf Lampe Inactinique Pivotante pour Chambre Noire"},"content":{"rendered":"<h3><strong>Wolf Lampe Inactinique Pivotante pour Chambre Noire<\/strong><\/h3>\n<p>Lampe inactinique circulaire pivotante de 5,5&Prime; (140mm) de Wolf \u00e0 \u00eatre install\u00e9e au mur d\u2019une chambre noire, elle mesure 7.5&Prime;H x 6&Prime;W (191x152mm). La lampe inactinique s\u2019allume automatiquement lorsque la lumi\u00e8re normale est \u00e9teinte. Livr\u00e9e avec filtre GBX, ampoule et cordon d\u2019alimentation 120VAC.<\/p>\n<ul>\n<li>19298: Wolf, Lampe inactinique pivotante avec base et d\u00e9tecteur de lumi\u00e8re, 120VAC.<\/li>\n<li>19198: Wolf, Lampe inactinique pivotante avec base, 120VAC.<\/li>\n<\/ul>\n","protected":false},"excerpt":{"rendered":"<p>Wolf Lampe Inactinique Pivotante pour Chambre Noire Lampe inactinique circulaire pivotante de 5,5&Prime; (140mm) de Wolf \u00e0 \u00eatre install\u00e9e au mur d\u2019une chambre noire, elle mesure 7.5&Prime;H x 6&Prime;W (191x152mm). La lampe inactinique s\u2019allume automatiquement lorsque la lumi\u00e8re normale est \u00e9teinte. Livr\u00e9e avec filtre GBX, ampoule et cordon d\u2019alimentation 120VAC. 19298: Wolf, Lampe inactinique pivotante [&hellip;]<\/p>\n","protected":false},"featured_media":16180,"template":"","meta":{"_monsterinsights_skip_tracking":false,"_monsterinsights_sitenote_active":false,"_monsterinsights_sitenote_note":"","_monsterinsights_sitenote_category":0},"product_brand":[],"product_cat":[402,322],"product_tag":[],"class_list":{"0":"post-16181","1":"product","2":"type-product","3":"status-publish","4":"has-post-thumbnail","6":"product_cat-autres-marques","7":"product_cat-equipements-chambre-noire","9":"first","10":"instock","11":"shipping-taxable","12":"purchasable","13":"product-type-variable"},"yoast_head":"<!-- This site is optimized with the Yoast SEO plugin v23.9 - https:\/\/yoast.com\/wordpress\/plugins\/seo\/ -->\n<title>Wolf Lampe Inactinique Pivotante pour Chambre Noire &#060; Qualit\u00e9 NDE<\/title>\n<meta name=\"description\" content=\"Lampe inactinique circulaire pivotante de 5,5&quot; (140mm) \u00e0 \u00eatre install\u00e9e au mur d\u2019une chambre noire. Mesure 7.5&quot;H x 6&quot;W (191x152mm).\" \/>\n<meta name=\"robots\" content=\"index, follow, max-snippet:-1, max-image-preview:large, max-video-preview:-1\" \/>\n<link rel=\"canonical\" href=\"https:\/\/www.qnde.ca\/fr\/produit\/lampe-inactinique-pivotante-chambre-noire\/\" \/>\n<meta name=\"twitter:label1\" content=\"Dur\u00e9e de lecture estim\u00e9e\" \/>\n\t<meta name=\"twitter:data1\" content=\"1 minute\" \/>\n<script type=\"application\/ld+json\" class=\"yoast-schema-graph\">{\"@context\":\"https:\/\/schema.org\",\"@graph\":[{\"@type\":[\"WebPage\",\"ItemPage\"],\"@id\":\"https:\/\/www.qnde.ca\/fr\/produit\/lampe-inactinique-pivotante-chambre-noire\/\",\"url\":\"https:\/\/www.qnde.ca\/fr\/produit\/lampe-inactinique-pivotante-chambre-noire\/\",\"name\":\"Wolf Lampe Inactinique Pivotante pour Chambre Noire &#060; Qualit\u00e9 NDE\",\"isPartOf\":{\"@id\":\"https:\/\/www.qnde.ca\/#website\"},\"primaryImageOfPage\":{\"@id\":\"https:\/\/www.qnde.ca\/fr\/produit\/lampe-inactinique-pivotante-chambre-noire\/#primaryimage\"},\"image\":{\"@id\":\"https:\/\/www.qnde.ca\/fr\/produit\/lampe-inactinique-pivotante-chambre-noire\/#primaryimage\"},\"thumbnailUrl\":\"https:\/\/www.qnde.ca\/wp-content\/uploads\/2021\/02\/19298-Wolf-swivel-safelight-with-base-and-light-sensor-120VAC.jpg\",\"datePublished\":\"2021-02-12T18:55:38+00:00\",\"dateModified\":\"2025-08-13T14:41:10+00:00\",\"description\":\"Lampe inactinique circulaire pivotante de 5,5\\\" (140mm) \u00e0 \u00eatre install\u00e9e au mur d\u2019une chambre noire. Mesure 7.5\\\"H x 6\\\"W (191x152mm).\",\"breadcrumb\":{\"@id\":\"https:\/\/www.qnde.ca\/fr\/produit\/lampe-inactinique-pivotante-chambre-noire\/#breadcrumb\"},\"inLanguage\":\"fr-FR\",\"potentialAction\":[{\"@type\":\"ReadAction\",\"target\":[\"https:\/\/www.qnde.ca\/fr\/produit\/lampe-inactinique-pivotante-chambre-noire\/\"]}]},{\"@type\":\"ImageObject\",\"inLanguage\":\"fr-FR\",\"@id\":\"https:\/\/www.qnde.ca\/fr\/produit\/lampe-inactinique-pivotante-chambre-noire\/#primaryimage\",\"url\":\"https:\/\/www.qnde.ca\/wp-content\/uploads\/2021\/02\/19298-Wolf-swivel-safelight-with-base-and-light-sensor-120VAC.jpg\",\"contentUrl\":\"https:\/\/www.qnde.ca\/wp-content\/uploads\/2021\/02\/19298-Wolf-swivel-safelight-with-base-and-light-sensor-120VAC.jpg\",\"width\":676,\"height\":513},{\"@type\":\"BreadcrumbList\",\"@id\":\"https:\/\/www.qnde.ca\/fr\/produit\/lampe-inactinique-pivotante-chambre-noire\/#breadcrumb\",\"itemListElement\":[{\"@type\":\"ListItem\",\"position\":1,\"name\":\"Accueil\",\"item\":\"https:\/\/www.qnde.ca\/fr\/\"},{\"@type\":\"ListItem\",\"position\":2,\"name\":\"Produits\",\"item\":\"https:\/\/www.qnde.ca\/fr\/produits\/\"},{\"@type\":\"ListItem\",\"position\":3,\"name\":\"Radiographie\",\"item\":\"https:\/\/www.qnde.ca\/fr\/product-category\/radiographie\/\"},{\"@type\":\"ListItem\",\"position\":4,\"name\":\"\u00c9quipements pour Chambre Noire\",\"item\":\"https:\/\/www.qnde.ca\/fr\/product-category\/radiographie\/equipements-chambre-noire\/\"},{\"@type\":\"ListItem\",\"position\":5,\"name\":\"Wolf Lampe Inactinique Pivotante pour Chambre Noire\"}]},{\"@type\":\"WebSite\",\"@id\":\"https:\/\/www.qnde.ca\/#website\",\"url\":\"https:\/\/www.qnde.ca\/\",\"name\":\"Qualit\u00e9 NDE\",\"description\":\"\u00c9quipements d&#039;essais non destructifs \",\"publisher\":{\"@id\":\"https:\/\/www.qnde.ca\/#organization\"},\"potentialAction\":[{\"@type\":\"SearchAction\",\"target\":{\"@type\":\"EntryPoint\",\"urlTemplate\":\"https:\/\/www.qnde.ca\/?s={search_term_string}\"},\"query-input\":{\"@type\":\"PropertyValueSpecification\",\"valueRequired\":true,\"valueName\":\"search_term_string\"}}],\"inLanguage\":\"fr-FR\"},{\"@type\":\"Organization\",\"@id\":\"https:\/\/www.qnde.ca\/#organization\",\"name\":\"Quality NDT Ltd.\",\"url\":\"https:\/\/www.qnde.ca\/\",\"logo\":{\"@type\":\"ImageObject\",\"inLanguage\":\"fr-FR\",\"@id\":\"https:\/\/www.qnde.ca\/#\/schema\/logo\/image\/\",\"url\":\"https:\/\/www.qnde.ca\/wp-content\/uploads\/2022\/02\/QNDE_logo_RGB-gif.gif\",\"contentUrl\":\"https:\/\/www.qnde.ca\/wp-content\/uploads\/2022\/02\/QNDE_logo_RGB-gif.gif\",\"width\":250,\"height\":64,\"caption\":\"Quality NDT Ltd.\"},\"image\":{\"@id\":\"https:\/\/www.qnde.ca\/#\/schema\/logo\/image\/\"},\"sameAs\":[\"https:\/\/www.linkedin.com\/company\/qnde\/about\/?viewAsMember=true\"]}]}<\/script>\n<!-- \/ Yoast SEO plugin. -->","yoast_head_json":{"title":"Wolf Lampe Inactinique Pivotante pour Chambre Noire &#060; Qualit\u00e9 NDE","description":"Lampe inactinique circulaire pivotante de 5,5\" (140mm) \u00e0 \u00eatre install\u00e9e au mur d\u2019une chambre noire. Mesure 7.5\"H x 6\"W (191x152mm).","robots":{"index":"index","follow":"follow","max-snippet":"max-snippet:-1","max-image-preview":"max-image-preview:large","max-video-preview":"max-video-preview:-1"},"canonical":"https:\/\/www.qnde.ca\/fr\/produit\/lampe-inactinique-pivotante-chambre-noire\/","twitter_misc":{"Dur\u00e9e de lecture estim\u00e9e":"1 minute"},"schema":{"@context":"https:\/\/schema.org","@graph":[{"@type":["WebPage","ItemPage"],"@id":"https:\/\/www.qnde.ca\/fr\/produit\/lampe-inactinique-pivotante-chambre-noire\/","url":"https:\/\/www.qnde.ca\/fr\/produit\/lampe-inactinique-pivotante-chambre-noire\/","name":"Wolf Lampe Inactinique Pivotante pour Chambre Noire &#060; Qualit\u00e9 NDE","isPartOf":{"@id":"https:\/\/www.qnde.ca\/#website"},"primaryImageOfPage":{"@id":"https:\/\/www.qnde.ca\/fr\/produit\/lampe-inactinique-pivotante-chambre-noire\/#primaryimage"},"image":{"@id":"https:\/\/www.qnde.ca\/fr\/produit\/lampe-inactinique-pivotante-chambre-noire\/#primaryimage"},"thumbnailUrl":"https:\/\/www.qnde.ca\/wp-content\/uploads\/2021\/02\/19298-Wolf-swivel-safelight-with-base-and-light-sensor-120VAC.jpg","datePublished":"2021-02-12T18:55:38+00:00","dateModified":"2025-08-13T14:41:10+00:00","description":"Lampe inactinique circulaire pivotante de 5,5\" (140mm) \u00e0 \u00eatre install\u00e9e au mur d\u2019une chambre noire. Mesure 7.5\"H x 6\"W (191x152mm).","breadcrumb":{"@id":"https:\/\/www.qnde.ca\/fr\/produit\/lampe-inactinique-pivotante-chambre-noire\/#breadcrumb"},"inLanguage":"fr-FR","potentialAction":[{"@type":"ReadAction","target":["https:\/\/www.qnde.ca\/fr\/produit\/lampe-inactinique-pivotante-chambre-noire\/"]}]},{"@type":"ImageObject","inLanguage":"fr-FR","@id":"https:\/\/www.qnde.ca\/fr\/produit\/lampe-inactinique-pivotante-chambre-noire\/#primaryimage","url":"https:\/\/www.qnde.ca\/wp-content\/uploads\/2021\/02\/19298-Wolf-swivel-safelight-with-base-and-light-sensor-120VAC.jpg","contentUrl":"https:\/\/www.qnde.ca\/wp-content\/uploads\/2021\/02\/19298-Wolf-swivel-safelight-with-base-and-light-sensor-120VAC.jpg","width":676,"height":513},{"@type":"BreadcrumbList","@id":"https:\/\/www.qnde.ca\/fr\/produit\/lampe-inactinique-pivotante-chambre-noire\/#breadcrumb","itemListElement":[{"@type":"ListItem","position":1,"name":"Accueil","item":"https:\/\/www.qnde.ca\/fr\/"},{"@type":"ListItem","position":2,"name":"Produits","item":"https:\/\/www.qnde.ca\/fr\/produits\/"},{"@type":"ListItem","position":3,"name":"Radiographie","item":"https:\/\/www.qnde.ca\/fr\/product-category\/radiographie\/"},{"@type":"ListItem","position":4,"name":"\u00c9quipements pour Chambre Noire","item":"https:\/\/www.qnde.ca\/fr\/product-category\/radiographie\/equipements-chambre-noire\/"},{"@type":"ListItem","position":5,"name":"Wolf Lampe Inactinique Pivotante pour Chambre Noire"}]},{"@type":"WebSite","@id":"https:\/\/www.qnde.ca\/#website","url":"https:\/\/www.qnde.ca\/","name":"Qualit\u00e9 NDE","description":"\u00c9quipements d&#039;essais non destructifs ","publisher":{"@id":"https:\/\/www.qnde.ca\/#organization"},"potentialAction":[{"@type":"SearchAction","target":{"@type":"EntryPoint","urlTemplate":"https:\/\/www.qnde.ca\/?s={search_term_string}"},"query-input":{"@type":"PropertyValueSpecification","valueRequired":true,"valueName":"search_term_string"}}],"inLanguage":"fr-FR"},{"@type":"Organization","@id":"https:\/\/www.qnde.ca\/#organization","name":"Quality NDT Ltd.","url":"https:\/\/www.qnde.ca\/","logo":{"@type":"ImageObject","inLanguage":"fr-FR","@id":"https:\/\/www.qnde.ca\/#\/schema\/logo\/image\/","url":"https:\/\/www.qnde.ca\/wp-content\/uploads\/2022\/02\/QNDE_logo_RGB-gif.gif","contentUrl":"https:\/\/www.qnde.ca\/wp-content\/uploads\/2022\/02\/QNDE_logo_RGB-gif.gif","width":250,"height":64,"caption":"Quality NDT Ltd."},"image":{"@id":"https:\/\/www.qnde.ca\/#\/schema\/logo\/image\/"},"sameAs":["https:\/\/www.linkedin.com\/company\/qnde\/about\/?viewAsMember=true"]}]}},"jetpack_sharing_enabled":true,"_links":{"self":[{"href":"https:\/\/www.qnde.ca\/fr\/wp-json\/wp\/v2\/product\/16181","targetHints":{"allow":["GET"]}}],"collection":[{"href":"https:\/\/www.qnde.ca\/fr\/wp-json\/wp\/v2\/product"}],"about":[{"href":"https:\/\/www.qnde.ca\/fr\/wp-json\/wp\/v2\/types\/product"}],"wp:featuredmedia":[{"embeddable":true,"href":"https:\/\/www.qnde.ca\/fr\/wp-json\/wp\/v2\/media\/16180"}],"wp:attachment":[{"href":"https:\/\/www.qnde.ca\/fr\/wp-json\/wp\/v2\/media?parent=16181"}],"wp:term":[{"taxonomy":"product_brand","embeddable":true,"href":"https:\/\/www.qnde.ca\/fr\/wp-json\/wp\/v2\/product_brand?post=16181"},{"taxonomy":"product_cat","embeddable":true,"href":"https:\/\/www.qnde.ca\/fr\/wp-json\/wp\/v2\/product_cat?post=16181"},{"taxonomy":"product_tag","embeddable":true,"href":"https:\/\/www.qnde.ca\/fr\/wp-json\/wp\/v2\/product_tag?post=16181"}],"curies":[{"name":"wp","href":"https:\/\/api.w.org\/{rel}","templated":true}]}}