{"id":16136,"date":"2021-02-12T11:11:07","date_gmt":"2021-02-12T16:11:07","guid":{"rendered":"https:\/\/www.qnde.ca\/?post_type=product&#038;p=16136"},"modified":"2025-08-12T15:59:07","modified_gmt":"2025-08-12T19:59:07","slug":"qnde-station-developpement-reservoirs-chimiques","status":"publish","type":"product","link":"https:\/\/www.qnde.ca\/fr\/produit\/qnde-station-developpement-reservoirs-chimiques\/","title":{"rendered":"QNDE Station de D\u00e9veloppement de Films avec R\u00e9servoirs Chimiques"},"content":{"rendered":"<h3><strong>QNDE Station de D\u00e9veloppement de Films avec R\u00e9servoirs Chimiques <\/strong><\/h3>\n<p>Cette unit\u00e9 de d\u00e9veloppement de films en stainless, avec quatre r\u00e9servoirs amovibles de 5 gallons (19.3L) en stainless avec couvercles (D\u00e9veloppeur, Fixateur, Arr\u00eat et Solution de rin\u00e7age). Le dessus est inclin\u00e9 afin de permettre au liquide de retourner dans la station.<\/p>\n<p>Mesurant 54&Prime;L x 26&Prime;P x 37&Prime;H (couvercle \u00e0 penture de type piano), le r\u00e9servoir de 100 gallons (400L) a des pattes ajustables de 35&Prime; \u00e0 39&Prime;. L&rsquo;entr\u00e9e d&rsquo;eau NPT de 0,5&Prime; avec r\u00e9gulateur thermostatique et thermom\u00e8tre permet de contr\u00f4ler la temp\u00e9rature des chimiques, avec un renvoi d\u2019eau ajustable de 1,5&Prime; (pour que vous puissiez contr\u00f4ler le niveau de liquide).<\/p>\n<ul>\n<li>23903: Station de d\u00e9veloppement de films (100 gallons) avec quatre r\u00e9servoirs amovible de 5\u00a0gallons (19.3L) en stainless.<\/li>\n<\/ul>\n<h4>Options:<\/h4>\n<ul>\n<li>23903-03: R\u00e9servoir chimique de stainless, 5 gallons (19.3L), avec couvercle.<\/li>\n<li>QMVTG: Entr\u00e9e d&rsquo;eau avec r\u00e9gulateur thermostatique et thermom\u00e8tre \u2013 NPT de 0,5&Prime; (ensemble complet).<\/li>\n<\/ul>\n","protected":false},"excerpt":{"rendered":"<p>QNDE Station de D\u00e9veloppement de Films avec R\u00e9servoirs Chimiques Cette unit\u00e9 de d\u00e9veloppement de films en stainless, avec quatre r\u00e9servoirs amovibles de 5 gallons (19.3L) en stainless avec couvercles (D\u00e9veloppeur, Fixateur, Arr\u00eat et Solution de rin\u00e7age). Le dessus est inclin\u00e9 afin de permettre au liquide de retourner dans la station. Mesurant 54&Prime;L x 26&Prime;P x [&hellip;]<\/p>\n","protected":false},"featured_media":16147,"template":"","meta":{"_monsterinsights_skip_tracking":false,"_monsterinsights_sitenote_active":false,"_monsterinsights_sitenote_note":"","_monsterinsights_sitenote_category":0},"product_brand":[],"product_cat":[392,322],"product_tag":[],"class_list":{"0":"post-16136","1":"product","2":"type-product","3":"status-publish","4":"has-post-thumbnail","6":"product_cat-qnde-fr","7":"product_cat-equipements-chambre-noire","9":"first","10":"instock","11":"shipping-taxable","12":"purchasable","13":"product-type-variable"},"yoast_head":"<!-- This site is optimized with the Yoast SEO plugin v23.9 - https:\/\/yoast.com\/wordpress\/plugins\/seo\/ -->\n<title>QNDE Station de D\u00e9veloppement de Films avec R\u00e9servoirs Chimiques &#060; Qualit\u00e9 NDE<\/title>\n<meta name=\"description\" content=\"Unit\u00e9 de d\u00e9veloppement de films en stainless, avec quatre r\u00e9servoirs amovibles. Dessus inclin\u00e9 afin de permettre au liquide de retourner dans la station.\" \/>\n<meta name=\"robots\" content=\"index, follow, max-snippet:-1, max-image-preview:large, max-video-preview:-1\" \/>\n<link rel=\"canonical\" href=\"https:\/\/www.qnde.ca\/fr\/produit\/qnde-station-developpement-reservoirs-chimiques\/\" \/>\n<meta name=\"twitter:label1\" content=\"Dur\u00e9e de lecture estim\u00e9e\" \/>\n\t<meta name=\"twitter:data1\" content=\"1 minute\" \/>\n<script type=\"application\/ld+json\" class=\"yoast-schema-graph\">{\"@context\":\"https:\/\/schema.org\",\"@graph\":[{\"@type\":[\"WebPage\",\"ItemPage\"],\"@id\":\"https:\/\/www.qnde.ca\/fr\/produit\/qnde-station-developpement-reservoirs-chimiques\/\",\"url\":\"https:\/\/www.qnde.ca\/fr\/produit\/qnde-station-developpement-reservoirs-chimiques\/\",\"name\":\"QNDE Station de D\u00e9veloppement de Films avec R\u00e9servoirs Chimiques &#060; Qualit\u00e9 NDE\",\"isPartOf\":{\"@id\":\"https:\/\/www.qnde.ca\/#website\"},\"primaryImageOfPage\":{\"@id\":\"https:\/\/www.qnde.ca\/fr\/produit\/qnde-station-developpement-reservoirs-chimiques\/#primaryimage\"},\"image\":{\"@id\":\"https:\/\/www.qnde.ca\/fr\/produit\/qnde-station-developpement-reservoirs-chimiques\/#primaryimage\"},\"thumbnailUrl\":\"https:\/\/www.qnde.ca\/wp-content\/uploads\/2021\/02\/IMG_0387-scaled-scaled.jpg\",\"datePublished\":\"2021-02-12T16:11:07+00:00\",\"dateModified\":\"2025-08-12T19:59:07+00:00\",\"description\":\"Unit\u00e9 de d\u00e9veloppement de films en stainless, avec quatre r\u00e9servoirs amovibles. Dessus inclin\u00e9 afin de permettre au liquide de retourner dans la station.\",\"breadcrumb\":{\"@id\":\"https:\/\/www.qnde.ca\/fr\/produit\/qnde-station-developpement-reservoirs-chimiques\/#breadcrumb\"},\"inLanguage\":\"fr-FR\",\"potentialAction\":[{\"@type\":\"ReadAction\",\"target\":[\"https:\/\/www.qnde.ca\/fr\/produit\/qnde-station-developpement-reservoirs-chimiques\/\"]}]},{\"@type\":\"ImageObject\",\"inLanguage\":\"fr-FR\",\"@id\":\"https:\/\/www.qnde.ca\/fr\/produit\/qnde-station-developpement-reservoirs-chimiques\/#primaryimage\",\"url\":\"https:\/\/www.qnde.ca\/wp-content\/uploads\/2021\/02\/IMG_0387-scaled-scaled.jpg\",\"contentUrl\":\"https:\/\/www.qnde.ca\/wp-content\/uploads\/2021\/02\/IMG_0387-scaled-scaled.jpg\",\"width\":2048,\"height\":1536},{\"@type\":\"BreadcrumbList\",\"@id\":\"https:\/\/www.qnde.ca\/fr\/produit\/qnde-station-developpement-reservoirs-chimiques\/#breadcrumb\",\"itemListElement\":[{\"@type\":\"ListItem\",\"position\":1,\"name\":\"Accueil\",\"item\":\"https:\/\/www.qnde.ca\/fr\/\"},{\"@type\":\"ListItem\",\"position\":2,\"name\":\"Produits\",\"item\":\"https:\/\/www.qnde.ca\/fr\/produits\/\"},{\"@type\":\"ListItem\",\"position\":3,\"name\":\"Radiographie\",\"item\":\"https:\/\/www.qnde.ca\/fr\/product-category\/radiographie\/\"},{\"@type\":\"ListItem\",\"position\":4,\"name\":\"\u00c9quipements pour Chambre Noire\",\"item\":\"https:\/\/www.qnde.ca\/fr\/product-category\/radiographie\/equipements-chambre-noire\/\"},{\"@type\":\"ListItem\",\"position\":5,\"name\":\"QNDE Station de D\u00e9veloppement de Films avec R\u00e9servoirs Chimiques\"}]},{\"@type\":\"WebSite\",\"@id\":\"https:\/\/www.qnde.ca\/#website\",\"url\":\"https:\/\/www.qnde.ca\/\",\"name\":\"Qualit\u00e9 NDE\",\"description\":\"\u00c9quipements d&#039;essais non destructifs \",\"publisher\":{\"@id\":\"https:\/\/www.qnde.ca\/#organization\"},\"potentialAction\":[{\"@type\":\"SearchAction\",\"target\":{\"@type\":\"EntryPoint\",\"urlTemplate\":\"https:\/\/www.qnde.ca\/?s={search_term_string}\"},\"query-input\":{\"@type\":\"PropertyValueSpecification\",\"valueRequired\":true,\"valueName\":\"search_term_string\"}}],\"inLanguage\":\"fr-FR\"},{\"@type\":\"Organization\",\"@id\":\"https:\/\/www.qnde.ca\/#organization\",\"name\":\"Quality NDT Ltd.\",\"url\":\"https:\/\/www.qnde.ca\/\",\"logo\":{\"@type\":\"ImageObject\",\"inLanguage\":\"fr-FR\",\"@id\":\"https:\/\/www.qnde.ca\/#\/schema\/logo\/image\/\",\"url\":\"https:\/\/www.qnde.ca\/wp-content\/uploads\/2022\/02\/QNDE_logo_RGB-gif.gif\",\"contentUrl\":\"https:\/\/www.qnde.ca\/wp-content\/uploads\/2022\/02\/QNDE_logo_RGB-gif.gif\",\"width\":250,\"height\":64,\"caption\":\"Quality NDT Ltd.\"},\"image\":{\"@id\":\"https:\/\/www.qnde.ca\/#\/schema\/logo\/image\/\"},\"sameAs\":[\"https:\/\/www.linkedin.com\/company\/qnde\/about\/?viewAsMember=true\"]}]}<\/script>\n<!-- \/ Yoast SEO plugin. -->","yoast_head_json":{"title":"QNDE Station de D\u00e9veloppement de Films avec R\u00e9servoirs Chimiques &#060; Qualit\u00e9 NDE","description":"Unit\u00e9 de d\u00e9veloppement de films en stainless, avec quatre r\u00e9servoirs amovibles. Dessus inclin\u00e9 afin de permettre au liquide de retourner dans la station.","robots":{"index":"index","follow":"follow","max-snippet":"max-snippet:-1","max-image-preview":"max-image-preview:large","max-video-preview":"max-video-preview:-1"},"canonical":"https:\/\/www.qnde.ca\/fr\/produit\/qnde-station-developpement-reservoirs-chimiques\/","twitter_misc":{"Dur\u00e9e de lecture estim\u00e9e":"1 minute"},"schema":{"@context":"https:\/\/schema.org","@graph":[{"@type":["WebPage","ItemPage"],"@id":"https:\/\/www.qnde.ca\/fr\/produit\/qnde-station-developpement-reservoirs-chimiques\/","url":"https:\/\/www.qnde.ca\/fr\/produit\/qnde-station-developpement-reservoirs-chimiques\/","name":"QNDE Station de D\u00e9veloppement de Films avec R\u00e9servoirs Chimiques &#060; Qualit\u00e9 NDE","isPartOf":{"@id":"https:\/\/www.qnde.ca\/#website"},"primaryImageOfPage":{"@id":"https:\/\/www.qnde.ca\/fr\/produit\/qnde-station-developpement-reservoirs-chimiques\/#primaryimage"},"image":{"@id":"https:\/\/www.qnde.ca\/fr\/produit\/qnde-station-developpement-reservoirs-chimiques\/#primaryimage"},"thumbnailUrl":"https:\/\/www.qnde.ca\/wp-content\/uploads\/2021\/02\/IMG_0387-scaled-scaled.jpg","datePublished":"2021-02-12T16:11:07+00:00","dateModified":"2025-08-12T19:59:07+00:00","description":"Unit\u00e9 de d\u00e9veloppement de films en stainless, avec quatre r\u00e9servoirs amovibles. Dessus inclin\u00e9 afin de permettre au liquide de retourner dans la station.","breadcrumb":{"@id":"https:\/\/www.qnde.ca\/fr\/produit\/qnde-station-developpement-reservoirs-chimiques\/#breadcrumb"},"inLanguage":"fr-FR","potentialAction":[{"@type":"ReadAction","target":["https:\/\/www.qnde.ca\/fr\/produit\/qnde-station-developpement-reservoirs-chimiques\/"]}]},{"@type":"ImageObject","inLanguage":"fr-FR","@id":"https:\/\/www.qnde.ca\/fr\/produit\/qnde-station-developpement-reservoirs-chimiques\/#primaryimage","url":"https:\/\/www.qnde.ca\/wp-content\/uploads\/2021\/02\/IMG_0387-scaled-scaled.jpg","contentUrl":"https:\/\/www.qnde.ca\/wp-content\/uploads\/2021\/02\/IMG_0387-scaled-scaled.jpg","width":2048,"height":1536},{"@type":"BreadcrumbList","@id":"https:\/\/www.qnde.ca\/fr\/produit\/qnde-station-developpement-reservoirs-chimiques\/#breadcrumb","itemListElement":[{"@type":"ListItem","position":1,"name":"Accueil","item":"https:\/\/www.qnde.ca\/fr\/"},{"@type":"ListItem","position":2,"name":"Produits","item":"https:\/\/www.qnde.ca\/fr\/produits\/"},{"@type":"ListItem","position":3,"name":"Radiographie","item":"https:\/\/www.qnde.ca\/fr\/product-category\/radiographie\/"},{"@type":"ListItem","position":4,"name":"\u00c9quipements pour Chambre Noire","item":"https:\/\/www.qnde.ca\/fr\/product-category\/radiographie\/equipements-chambre-noire\/"},{"@type":"ListItem","position":5,"name":"QNDE Station de D\u00e9veloppement de Films avec R\u00e9servoirs Chimiques"}]},{"@type":"WebSite","@id":"https:\/\/www.qnde.ca\/#website","url":"https:\/\/www.qnde.ca\/","name":"Qualit\u00e9 NDE","description":"\u00c9quipements d&#039;essais non destructifs ","publisher":{"@id":"https:\/\/www.qnde.ca\/#organization"},"potentialAction":[{"@type":"SearchAction","target":{"@type":"EntryPoint","urlTemplate":"https:\/\/www.qnde.ca\/?s={search_term_string}"},"query-input":{"@type":"PropertyValueSpecification","valueRequired":true,"valueName":"search_term_string"}}],"inLanguage":"fr-FR"},{"@type":"Organization","@id":"https:\/\/www.qnde.ca\/#organization","name":"Quality NDT Ltd.","url":"https:\/\/www.qnde.ca\/","logo":{"@type":"ImageObject","inLanguage":"fr-FR","@id":"https:\/\/www.qnde.ca\/#\/schema\/logo\/image\/","url":"https:\/\/www.qnde.ca\/wp-content\/uploads\/2022\/02\/QNDE_logo_RGB-gif.gif","contentUrl":"https:\/\/www.qnde.ca\/wp-content\/uploads\/2022\/02\/QNDE_logo_RGB-gif.gif","width":250,"height":64,"caption":"Quality NDT Ltd."},"image":{"@id":"https:\/\/www.qnde.ca\/#\/schema\/logo\/image\/"},"sameAs":["https:\/\/www.linkedin.com\/company\/qnde\/about\/?viewAsMember=true"]}]}},"jetpack_sharing_enabled":true,"_links":{"self":[{"href":"https:\/\/www.qnde.ca\/fr\/wp-json\/wp\/v2\/product\/16136","targetHints":{"allow":["GET"]}}],"collection":[{"href":"https:\/\/www.qnde.ca\/fr\/wp-json\/wp\/v2\/product"}],"about":[{"href":"https:\/\/www.qnde.ca\/fr\/wp-json\/wp\/v2\/types\/product"}],"wp:featuredmedia":[{"embeddable":true,"href":"https:\/\/www.qnde.ca\/fr\/wp-json\/wp\/v2\/media\/16147"}],"wp:attachment":[{"href":"https:\/\/www.qnde.ca\/fr\/wp-json\/wp\/v2\/media?parent=16136"}],"wp:term":[{"taxonomy":"product_brand","embeddable":true,"href":"https:\/\/www.qnde.ca\/fr\/wp-json\/wp\/v2\/product_brand?post=16136"},{"taxonomy":"product_cat","embeddable":true,"href":"https:\/\/www.qnde.ca\/fr\/wp-json\/wp\/v2\/product_cat?post=16136"},{"taxonomy":"product_tag","embeddable":true,"href":"https:\/\/www.qnde.ca\/fr\/wp-json\/wp\/v2\/product_tag?post=16136"}],"curies":[{"name":"wp","href":"https:\/\/api.w.org\/{rel}","templated":true}]}}