{"id":16119,"date":"2021-02-12T09:21:05","date_gmt":"2021-02-12T14:21:05","guid":{"rendered":"https:\/\/www.qnde.ca\/?post_type=product&#038;p=16119"},"modified":"2025-06-17T10:19:37","modified_gmt":"2025-06-17T14:19:37","slug":"carestream-industrex-m37-processeur","status":"publish","type":"product","link":"https:\/\/www.qnde.ca\/fr\/produit\/carestream-industrex-m37-processeur\/","title":{"rendered":"Carestream Processeur INDUSTREX M37"},"content":{"rendered":"<h3><strong>Carestream\u00a0<\/strong><strong style=\"font-size: 16px;\">Processeur <\/strong><strong style=\"font-size: 16px;\">INDUSTREX M37<\/strong><\/h3>\n<p>Processeur de table automatique pour les clients NDT \u00e0 moyen volume. Bien que compact, il procure le d\u00e9bit dont vous avez besoin et l\u2019excellente qualit\u00e9 d\u2019image ainsi que la fiabilit\u00e9 que vous exigez.<\/p>\n<ul>\n<li>Capacit\u00e9 de traitement jusqu\u2019\u00e0 33\u00a0films\/heure (14\u201dx17\u201d).<\/li>\n<li>Jusqu\u2019\u00e0 neuf cycles programmables de d\u00e9veloppement.<\/li>\n<li>De base avec le support de table.<\/li>\n<li>Peut \u00eatre utilis\u00e9 seul dans la chambre noire ou une installation \u00e0 travers le mur.<\/li>\n<li>Commande automatique de remplissage \u00ab\u00a0Top-Up\u00a0\u00bb des r\u00e9servoirs de solution.<\/li>\n<li>Chauffage automatique du d\u00e9veloppeur et du fixateur.<\/li>\n<li>Cycles automatiques d&rsquo;anti-oxydation et d&rsquo;anti-cristallisation.<\/li>\n<li>Deux r\u00e9servoirs de produits chimiques de 30 litres.<\/li>\n<\/ul>\n<p>&nbsp;<\/p>\n<ul>\n<li style=\"list-style-type: none;\">\n<ul>\n<li>5314620: Processeur Carestream INDUSTREX M37 Plus.<\/li>\n<li>5147814: Processeur Carestream <a href=\"https:\/\/www.qnde.ca\/fr\/produit\/carestream-processeur-m43ic\/\">INDUSTREX M43IC<\/a>.<\/li>\n<\/ul>\n<\/li>\n<\/ul>\n<h4>Option:<\/h4>\n<ul>\n<li style=\"list-style-type: none;\">\n<ul>\n<li><a href=\"https:\/\/www.qnde.ca\/fr\/produit\/is-199-melangeur-produits-chimiques\/\">IS199<\/a>: M\u00e9langeur automatique de produits chimiques.<\/li>\n<\/ul>\n<\/li>\n<\/ul>\n","protected":false},"excerpt":{"rendered":"<p>Carestream\u00a0Processeur INDUSTREX M37 Processeur de table automatique pour les clients NDT \u00e0 moyen volume. Bien que compact, il procure le d\u00e9bit dont vous avez besoin et l\u2019excellente qualit\u00e9 d\u2019image ainsi que la fiabilit\u00e9 que vous exigez. Capacit\u00e9 de traitement jusqu\u2019\u00e0 33\u00a0films\/heure (14\u201dx17\u201d). Jusqu\u2019\u00e0 neuf cycles programmables de d\u00e9veloppement. De base avec le support de table. [&hellip;]<\/p>\n","protected":false},"featured_media":16123,"template":"","meta":{"_monsterinsights_skip_tracking":false,"_monsterinsights_sitenote_active":false,"_monsterinsights_sitenote_note":"","_monsterinsights_sitenote_category":0},"product_brand":[],"product_cat":[388,322],"product_tag":[],"class_list":{"0":"post-16119","1":"product","2":"type-product","3":"status-publish","4":"has-post-thumbnail","6":"product_cat-carestream-fr","7":"product_cat-equipements-chambre-noire","9":"first","10":"instock","11":"shipping-taxable","12":"purchasable","13":"product-type-variable"},"yoast_head":"<!-- This site is optimized with the Yoast SEO plugin v23.9 - https:\/\/yoast.com\/wordpress\/plugins\/seo\/ -->\n<title>Carestream Processeur INDUSTREX M37 &#060; Qualit\u00e9 NDE<\/title>\n<meta name=\"description\" content=\"Processeur de table automatique. Appareil compact et fiable, procure excellent d\u00e9bit et excellente qualit\u00e9 d&#039;image.\" \/>\n<meta name=\"robots\" content=\"index, follow, max-snippet:-1, max-image-preview:large, max-video-preview:-1\" \/>\n<link rel=\"canonical\" href=\"https:\/\/www.qnde.ca\/fr\/produit\/carestream-industrex-m37-processeur\/\" \/>\n<meta name=\"twitter:label1\" content=\"Dur\u00e9e de lecture estim\u00e9e\" \/>\n\t<meta name=\"twitter:data1\" content=\"1 minute\" \/>\n<script type=\"application\/ld+json\" class=\"yoast-schema-graph\">{\"@context\":\"https:\/\/schema.org\",\"@graph\":[{\"@type\":[\"WebPage\",\"ItemPage\"],\"@id\":\"https:\/\/www.qnde.ca\/fr\/produit\/carestream-industrex-m37-processeur\/\",\"url\":\"https:\/\/www.qnde.ca\/fr\/produit\/carestream-industrex-m37-processeur\/\",\"name\":\"Carestream Processeur INDUSTREX M37 &#060; Qualit\u00e9 NDE\",\"isPartOf\":{\"@id\":\"https:\/\/www.qnde.ca\/#website\"},\"primaryImageOfPage\":{\"@id\":\"https:\/\/www.qnde.ca\/fr\/produit\/carestream-industrex-m37-processeur\/#primaryimage\"},\"image\":{\"@id\":\"https:\/\/www.qnde.ca\/fr\/produit\/carestream-industrex-m37-processeur\/#primaryimage\"},\"thumbnailUrl\":\"https:\/\/www.qnde.ca\/wp-content\/uploads\/2021\/02\/5314620-Carestream-INDUSTREX-M37-Plus-processor.jpg\",\"datePublished\":\"2021-02-12T14:21:05+00:00\",\"dateModified\":\"2025-06-17T14:19:37+00:00\",\"description\":\"Processeur de table automatique. Appareil compact et fiable, procure excellent d\u00e9bit et excellente qualit\u00e9 d'image.\",\"breadcrumb\":{\"@id\":\"https:\/\/www.qnde.ca\/fr\/produit\/carestream-industrex-m37-processeur\/#breadcrumb\"},\"inLanguage\":\"fr-FR\",\"potentialAction\":[{\"@type\":\"ReadAction\",\"target\":[\"https:\/\/www.qnde.ca\/fr\/produit\/carestream-industrex-m37-processeur\/\"]}]},{\"@type\":\"ImageObject\",\"inLanguage\":\"fr-FR\",\"@id\":\"https:\/\/www.qnde.ca\/fr\/produit\/carestream-industrex-m37-processeur\/#primaryimage\",\"url\":\"https:\/\/www.qnde.ca\/wp-content\/uploads\/2021\/02\/5314620-Carestream-INDUSTREX-M37-Plus-processor.jpg\",\"contentUrl\":\"https:\/\/www.qnde.ca\/wp-content\/uploads\/2021\/02\/5314620-Carestream-INDUSTREX-M37-Plus-processor.jpg\",\"width\":650,\"height\":650},{\"@type\":\"BreadcrumbList\",\"@id\":\"https:\/\/www.qnde.ca\/fr\/produit\/carestream-industrex-m37-processeur\/#breadcrumb\",\"itemListElement\":[{\"@type\":\"ListItem\",\"position\":1,\"name\":\"Accueil\",\"item\":\"https:\/\/www.qnde.ca\/fr\/\"},{\"@type\":\"ListItem\",\"position\":2,\"name\":\"Produits\",\"item\":\"https:\/\/www.qnde.ca\/fr\/produits\/\"},{\"@type\":\"ListItem\",\"position\":3,\"name\":\"Radiographie\",\"item\":\"https:\/\/www.qnde.ca\/fr\/product-category\/radiographie\/\"},{\"@type\":\"ListItem\",\"position\":4,\"name\":\"\u00c9quipements pour Chambre Noire\",\"item\":\"https:\/\/www.qnde.ca\/fr\/product-category\/radiographie\/equipements-chambre-noire\/\"},{\"@type\":\"ListItem\",\"position\":5,\"name\":\"Carestream Processeur INDUSTREX M37\"}]},{\"@type\":\"WebSite\",\"@id\":\"https:\/\/www.qnde.ca\/#website\",\"url\":\"https:\/\/www.qnde.ca\/\",\"name\":\"Qualit\u00e9 NDE\",\"description\":\"\u00c9quipements d&#039;essais non destructifs \",\"publisher\":{\"@id\":\"https:\/\/www.qnde.ca\/#organization\"},\"potentialAction\":[{\"@type\":\"SearchAction\",\"target\":{\"@type\":\"EntryPoint\",\"urlTemplate\":\"https:\/\/www.qnde.ca\/?s={search_term_string}\"},\"query-input\":{\"@type\":\"PropertyValueSpecification\",\"valueRequired\":true,\"valueName\":\"search_term_string\"}}],\"inLanguage\":\"fr-FR\"},{\"@type\":\"Organization\",\"@id\":\"https:\/\/www.qnde.ca\/#organization\",\"name\":\"Quality NDT Ltd.\",\"url\":\"https:\/\/www.qnde.ca\/\",\"logo\":{\"@type\":\"ImageObject\",\"inLanguage\":\"fr-FR\",\"@id\":\"https:\/\/www.qnde.ca\/#\/schema\/logo\/image\/\",\"url\":\"https:\/\/www.qnde.ca\/wp-content\/uploads\/2022\/02\/QNDE_logo_RGB-gif.gif\",\"contentUrl\":\"https:\/\/www.qnde.ca\/wp-content\/uploads\/2022\/02\/QNDE_logo_RGB-gif.gif\",\"width\":250,\"height\":64,\"caption\":\"Quality NDT Ltd.\"},\"image\":{\"@id\":\"https:\/\/www.qnde.ca\/#\/schema\/logo\/image\/\"},\"sameAs\":[\"https:\/\/www.linkedin.com\/company\/qnde\/about\/?viewAsMember=true\"]}]}<\/script>\n<!-- \/ Yoast SEO plugin. -->","yoast_head_json":{"title":"Carestream Processeur INDUSTREX M37 &#060; Qualit\u00e9 NDE","description":"Processeur de table automatique. Appareil compact et fiable, procure excellent d\u00e9bit et excellente qualit\u00e9 d'image.","robots":{"index":"index","follow":"follow","max-snippet":"max-snippet:-1","max-image-preview":"max-image-preview:large","max-video-preview":"max-video-preview:-1"},"canonical":"https:\/\/www.qnde.ca\/fr\/produit\/carestream-industrex-m37-processeur\/","twitter_misc":{"Dur\u00e9e de lecture estim\u00e9e":"1 minute"},"schema":{"@context":"https:\/\/schema.org","@graph":[{"@type":["WebPage","ItemPage"],"@id":"https:\/\/www.qnde.ca\/fr\/produit\/carestream-industrex-m37-processeur\/","url":"https:\/\/www.qnde.ca\/fr\/produit\/carestream-industrex-m37-processeur\/","name":"Carestream Processeur INDUSTREX M37 &#060; Qualit\u00e9 NDE","isPartOf":{"@id":"https:\/\/www.qnde.ca\/#website"},"primaryImageOfPage":{"@id":"https:\/\/www.qnde.ca\/fr\/produit\/carestream-industrex-m37-processeur\/#primaryimage"},"image":{"@id":"https:\/\/www.qnde.ca\/fr\/produit\/carestream-industrex-m37-processeur\/#primaryimage"},"thumbnailUrl":"https:\/\/www.qnde.ca\/wp-content\/uploads\/2021\/02\/5314620-Carestream-INDUSTREX-M37-Plus-processor.jpg","datePublished":"2021-02-12T14:21:05+00:00","dateModified":"2025-06-17T14:19:37+00:00","description":"Processeur de table automatique. Appareil compact et fiable, procure excellent d\u00e9bit et excellente qualit\u00e9 d'image.","breadcrumb":{"@id":"https:\/\/www.qnde.ca\/fr\/produit\/carestream-industrex-m37-processeur\/#breadcrumb"},"inLanguage":"fr-FR","potentialAction":[{"@type":"ReadAction","target":["https:\/\/www.qnde.ca\/fr\/produit\/carestream-industrex-m37-processeur\/"]}]},{"@type":"ImageObject","inLanguage":"fr-FR","@id":"https:\/\/www.qnde.ca\/fr\/produit\/carestream-industrex-m37-processeur\/#primaryimage","url":"https:\/\/www.qnde.ca\/wp-content\/uploads\/2021\/02\/5314620-Carestream-INDUSTREX-M37-Plus-processor.jpg","contentUrl":"https:\/\/www.qnde.ca\/wp-content\/uploads\/2021\/02\/5314620-Carestream-INDUSTREX-M37-Plus-processor.jpg","width":650,"height":650},{"@type":"BreadcrumbList","@id":"https:\/\/www.qnde.ca\/fr\/produit\/carestream-industrex-m37-processeur\/#breadcrumb","itemListElement":[{"@type":"ListItem","position":1,"name":"Accueil","item":"https:\/\/www.qnde.ca\/fr\/"},{"@type":"ListItem","position":2,"name":"Produits","item":"https:\/\/www.qnde.ca\/fr\/produits\/"},{"@type":"ListItem","position":3,"name":"Radiographie","item":"https:\/\/www.qnde.ca\/fr\/product-category\/radiographie\/"},{"@type":"ListItem","position":4,"name":"\u00c9quipements pour Chambre Noire","item":"https:\/\/www.qnde.ca\/fr\/product-category\/radiographie\/equipements-chambre-noire\/"},{"@type":"ListItem","position":5,"name":"Carestream Processeur INDUSTREX M37"}]},{"@type":"WebSite","@id":"https:\/\/www.qnde.ca\/#website","url":"https:\/\/www.qnde.ca\/","name":"Qualit\u00e9 NDE","description":"\u00c9quipements d&#039;essais non destructifs ","publisher":{"@id":"https:\/\/www.qnde.ca\/#organization"},"potentialAction":[{"@type":"SearchAction","target":{"@type":"EntryPoint","urlTemplate":"https:\/\/www.qnde.ca\/?s={search_term_string}"},"query-input":{"@type":"PropertyValueSpecification","valueRequired":true,"valueName":"search_term_string"}}],"inLanguage":"fr-FR"},{"@type":"Organization","@id":"https:\/\/www.qnde.ca\/#organization","name":"Quality NDT Ltd.","url":"https:\/\/www.qnde.ca\/","logo":{"@type":"ImageObject","inLanguage":"fr-FR","@id":"https:\/\/www.qnde.ca\/#\/schema\/logo\/image\/","url":"https:\/\/www.qnde.ca\/wp-content\/uploads\/2022\/02\/QNDE_logo_RGB-gif.gif","contentUrl":"https:\/\/www.qnde.ca\/wp-content\/uploads\/2022\/02\/QNDE_logo_RGB-gif.gif","width":250,"height":64,"caption":"Quality NDT Ltd."},"image":{"@id":"https:\/\/www.qnde.ca\/#\/schema\/logo\/image\/"},"sameAs":["https:\/\/www.linkedin.com\/company\/qnde\/about\/?viewAsMember=true"]}]}},"jetpack_sharing_enabled":true,"_links":{"self":[{"href":"https:\/\/www.qnde.ca\/fr\/wp-json\/wp\/v2\/product\/16119","targetHints":{"allow":["GET"]}}],"collection":[{"href":"https:\/\/www.qnde.ca\/fr\/wp-json\/wp\/v2\/product"}],"about":[{"href":"https:\/\/www.qnde.ca\/fr\/wp-json\/wp\/v2\/types\/product"}],"wp:featuredmedia":[{"embeddable":true,"href":"https:\/\/www.qnde.ca\/fr\/wp-json\/wp\/v2\/media\/16123"}],"wp:attachment":[{"href":"https:\/\/www.qnde.ca\/fr\/wp-json\/wp\/v2\/media?parent=16119"}],"wp:term":[{"taxonomy":"product_brand","embeddable":true,"href":"https:\/\/www.qnde.ca\/fr\/wp-json\/wp\/v2\/product_brand?post=16119"},{"taxonomy":"product_cat","embeddable":true,"href":"https:\/\/www.qnde.ca\/fr\/wp-json\/wp\/v2\/product_cat?post=16119"},{"taxonomy":"product_tag","embeddable":true,"href":"https:\/\/www.qnde.ca\/fr\/wp-json\/wp\/v2\/product_tag?post=16119"}],"curies":[{"name":"wp","href":"https:\/\/api.w.org\/{rel}","templated":true}]}}