{"id":14221,"date":"2021-02-09T10:06:47","date_gmt":"2021-02-09T15:06:47","guid":{"rendered":"https:\/\/www.qnde.ca\/?post_type=product&#038;p=14221"},"modified":"2022-11-24T16:18:11","modified_gmt":"2022-11-24T21:18:11","slug":"carestream-industrex-developpeur-manuel","status":"publish","type":"product","link":"https:\/\/www.qnde.ca\/fr\/produit\/carestream-industrex-developpeur-manuel\/","title":{"rendered":"Carestream INDUSTREX D\u00e9veloppeur Manuel"},"content":{"rendered":"<h3><strong>Carestream INDUSTREX D\u00e9veloppeur Manuel <\/strong><\/h3>\n<p>Ce nouveau d\u00e9veloppeur manuel sans odeur peut \u00eatre utilis\u00e9 pour tous les films d\u2019imagerie industrielle (Carestream, Agfa, Fuji et autres). La haute stabilit\u00e9 chimique assure une qualit\u00e9 d\u2019image constante sur une longue p\u00e9riode de temps.<\/p>\n<p>NOTE: Les produits ci-dessous sont con\u00e7us pour le traitement manuel de film.<\/p>\n<ul>\n<li>5320635: Carestream INDUSTREX D\u00e9veloppeur manuel concentr\u00e9. La bo\u00eete contient deux bouteilles de 5L.<\/li>\n<li>5315288: Carestream INDUSTREX d\u00e9veloppeur et r\u00e9g\u00e9n\u00e9rateur concentr\u00e9. La bo\u00eete contient deux bouteilles de 5L.<\/li>\n<\/ul>\n","protected":false},"excerpt":{"rendered":"<p>Carestream INDUSTREX D\u00e9veloppeur Manuel Ce nouveau d\u00e9veloppeur manuel sans odeur peut \u00eatre utilis\u00e9 pour tous les films d\u2019imagerie industrielle (Carestream, Agfa, Fuji et autres). La haute stabilit\u00e9 chimique assure une qualit\u00e9 d\u2019image constante sur une longue p\u00e9riode de temps. NOTE: Les produits ci-dessous sont con\u00e7us pour le traitement manuel de film. 5320635: Carestream INDUSTREX D\u00e9veloppeur [&hellip;]<\/p>\n","protected":false},"featured_media":14223,"template":"","meta":{"_monsterinsights_skip_tracking":false,"_monsterinsights_sitenote_active":false,"_monsterinsights_sitenote_note":"","_monsterinsights_sitenote_category":0},"product_brand":[],"product_cat":[388,140],"product_tag":[],"class_list":{"0":"post-14221","1":"product","2":"type-product","3":"status-publish","4":"has-post-thumbnail","6":"product_cat-carestream-fr","7":"product_cat-films-chimiques","9":"first","10":"instock","11":"shipping-taxable","12":"purchasable","13":"product-type-variable"},"yoast_head":"<!-- This site is optimized with the Yoast SEO plugin v23.9 - https:\/\/yoast.com\/wordpress\/plugins\/seo\/ -->\n<title>Carestream INDUSTREX D\u00e9veloppeur Manuel &#060; Qualit\u00e9 NDE<\/title>\n<meta name=\"description\" content=\"D\u00e9veloppeur manuel sans odeur pour films d\u2019imagerie industrielle. Haute stabilit\u00e9 chimique pour qualit\u00e9 d\u2019image constante sur longue p\u00e9riode de temps.\" \/>\n<meta name=\"robots\" content=\"index, follow, max-snippet:-1, max-image-preview:large, max-video-preview:-1\" \/>\n<link rel=\"canonical\" href=\"https:\/\/www.qnde.ca\/fr\/produit\/carestream-industrex-developpeur-manuel\/\" \/>\n<meta name=\"twitter:label1\" content=\"Dur\u00e9e de lecture estim\u00e9e\" \/>\n\t<meta name=\"twitter:data1\" content=\"1 minute\" \/>\n<script type=\"application\/ld+json\" class=\"yoast-schema-graph\">{\"@context\":\"https:\/\/schema.org\",\"@graph\":[{\"@type\":[\"WebPage\",\"ItemPage\"],\"@id\":\"https:\/\/www.qnde.ca\/fr\/produit\/carestream-industrex-developpeur-manuel\/\",\"url\":\"https:\/\/www.qnde.ca\/fr\/produit\/carestream-industrex-developpeur-manuel\/\",\"name\":\"Carestream INDUSTREX D\u00e9veloppeur Manuel &#060; Qualit\u00e9 NDE\",\"isPartOf\":{\"@id\":\"https:\/\/www.qnde.ca\/#website\"},\"primaryImageOfPage\":{\"@id\":\"https:\/\/www.qnde.ca\/fr\/produit\/carestream-industrex-developpeur-manuel\/#primaryimage\"},\"image\":{\"@id\":\"https:\/\/www.qnde.ca\/fr\/produit\/carestream-industrex-developpeur-manuel\/#primaryimage\"},\"thumbnailUrl\":\"https:\/\/www.qnde.ca\/wp-content\/uploads\/2021\/02\/Carestream-INDUSTREX-Manual-Developer.jpg\",\"datePublished\":\"2021-02-09T15:06:47+00:00\",\"dateModified\":\"2022-11-24T21:18:11+00:00\",\"description\":\"D\u00e9veloppeur manuel sans odeur pour films d\u2019imagerie industrielle. Haute stabilit\u00e9 chimique pour qualit\u00e9 d\u2019image constante sur longue p\u00e9riode de temps.\",\"breadcrumb\":{\"@id\":\"https:\/\/www.qnde.ca\/fr\/produit\/carestream-industrex-developpeur-manuel\/#breadcrumb\"},\"inLanguage\":\"fr-FR\",\"potentialAction\":[{\"@type\":\"ReadAction\",\"target\":[\"https:\/\/www.qnde.ca\/fr\/produit\/carestream-industrex-developpeur-manuel\/\"]}]},{\"@type\":\"ImageObject\",\"inLanguage\":\"fr-FR\",\"@id\":\"https:\/\/www.qnde.ca\/fr\/produit\/carestream-industrex-developpeur-manuel\/#primaryimage\",\"url\":\"https:\/\/www.qnde.ca\/wp-content\/uploads\/2021\/02\/Carestream-INDUSTREX-Manual-Developer.jpg\",\"contentUrl\":\"https:\/\/www.qnde.ca\/wp-content\/uploads\/2021\/02\/Carestream-INDUSTREX-Manual-Developer.jpg\",\"width\":1405,\"height\":1405},{\"@type\":\"BreadcrumbList\",\"@id\":\"https:\/\/www.qnde.ca\/fr\/produit\/carestream-industrex-developpeur-manuel\/#breadcrumb\",\"itemListElement\":[{\"@type\":\"ListItem\",\"position\":1,\"name\":\"Accueil\",\"item\":\"https:\/\/www.qnde.ca\/fr\/\"},{\"@type\":\"ListItem\",\"position\":2,\"name\":\"Produits\",\"item\":\"https:\/\/www.qnde.ca\/fr\/produits\/\"},{\"@type\":\"ListItem\",\"position\":3,\"name\":\"Radiographie\",\"item\":\"https:\/\/www.qnde.ca\/fr\/product-category\/radiographie\/\"},{\"@type\":\"ListItem\",\"position\":4,\"name\":\"Films et Chimiques\",\"item\":\"https:\/\/www.qnde.ca\/fr\/product-category\/radiographie\/films-chimiques\/\"},{\"@type\":\"ListItem\",\"position\":5,\"name\":\"Carestream INDUSTREX D\u00e9veloppeur Manuel\"}]},{\"@type\":\"WebSite\",\"@id\":\"https:\/\/www.qnde.ca\/#website\",\"url\":\"https:\/\/www.qnde.ca\/\",\"name\":\"Qualit\u00e9 NDE\",\"description\":\"\u00c9quipements d&#039;essais non destructifs \",\"publisher\":{\"@id\":\"https:\/\/www.qnde.ca\/#organization\"},\"potentialAction\":[{\"@type\":\"SearchAction\",\"target\":{\"@type\":\"EntryPoint\",\"urlTemplate\":\"https:\/\/www.qnde.ca\/?s={search_term_string}\"},\"query-input\":{\"@type\":\"PropertyValueSpecification\",\"valueRequired\":true,\"valueName\":\"search_term_string\"}}],\"inLanguage\":\"fr-FR\"},{\"@type\":\"Organization\",\"@id\":\"https:\/\/www.qnde.ca\/#organization\",\"name\":\"Quality NDT Ltd.\",\"url\":\"https:\/\/www.qnde.ca\/\",\"logo\":{\"@type\":\"ImageObject\",\"inLanguage\":\"fr-FR\",\"@id\":\"https:\/\/www.qnde.ca\/#\/schema\/logo\/image\/\",\"url\":\"https:\/\/www.qnde.ca\/wp-content\/uploads\/2022\/02\/QNDE_logo_RGB-gif.gif\",\"contentUrl\":\"https:\/\/www.qnde.ca\/wp-content\/uploads\/2022\/02\/QNDE_logo_RGB-gif.gif\",\"width\":250,\"height\":64,\"caption\":\"Quality NDT Ltd.\"},\"image\":{\"@id\":\"https:\/\/www.qnde.ca\/#\/schema\/logo\/image\/\"},\"sameAs\":[\"https:\/\/www.linkedin.com\/company\/qnde\/about\/?viewAsMember=true\"]}]}<\/script>\n<!-- \/ Yoast SEO plugin. -->","yoast_head_json":{"title":"Carestream INDUSTREX D\u00e9veloppeur Manuel &#060; Qualit\u00e9 NDE","description":"D\u00e9veloppeur manuel sans odeur pour films d\u2019imagerie industrielle. Haute stabilit\u00e9 chimique pour qualit\u00e9 d\u2019image constante sur longue p\u00e9riode de temps.","robots":{"index":"index","follow":"follow","max-snippet":"max-snippet:-1","max-image-preview":"max-image-preview:large","max-video-preview":"max-video-preview:-1"},"canonical":"https:\/\/www.qnde.ca\/fr\/produit\/carestream-industrex-developpeur-manuel\/","twitter_misc":{"Dur\u00e9e de lecture estim\u00e9e":"1 minute"},"schema":{"@context":"https:\/\/schema.org","@graph":[{"@type":["WebPage","ItemPage"],"@id":"https:\/\/www.qnde.ca\/fr\/produit\/carestream-industrex-developpeur-manuel\/","url":"https:\/\/www.qnde.ca\/fr\/produit\/carestream-industrex-developpeur-manuel\/","name":"Carestream INDUSTREX D\u00e9veloppeur Manuel &#060; Qualit\u00e9 NDE","isPartOf":{"@id":"https:\/\/www.qnde.ca\/#website"},"primaryImageOfPage":{"@id":"https:\/\/www.qnde.ca\/fr\/produit\/carestream-industrex-developpeur-manuel\/#primaryimage"},"image":{"@id":"https:\/\/www.qnde.ca\/fr\/produit\/carestream-industrex-developpeur-manuel\/#primaryimage"},"thumbnailUrl":"https:\/\/www.qnde.ca\/wp-content\/uploads\/2021\/02\/Carestream-INDUSTREX-Manual-Developer.jpg","datePublished":"2021-02-09T15:06:47+00:00","dateModified":"2022-11-24T21:18:11+00:00","description":"D\u00e9veloppeur manuel sans odeur pour films d\u2019imagerie industrielle. Haute stabilit\u00e9 chimique pour qualit\u00e9 d\u2019image constante sur longue p\u00e9riode de temps.","breadcrumb":{"@id":"https:\/\/www.qnde.ca\/fr\/produit\/carestream-industrex-developpeur-manuel\/#breadcrumb"},"inLanguage":"fr-FR","potentialAction":[{"@type":"ReadAction","target":["https:\/\/www.qnde.ca\/fr\/produit\/carestream-industrex-developpeur-manuel\/"]}]},{"@type":"ImageObject","inLanguage":"fr-FR","@id":"https:\/\/www.qnde.ca\/fr\/produit\/carestream-industrex-developpeur-manuel\/#primaryimage","url":"https:\/\/www.qnde.ca\/wp-content\/uploads\/2021\/02\/Carestream-INDUSTREX-Manual-Developer.jpg","contentUrl":"https:\/\/www.qnde.ca\/wp-content\/uploads\/2021\/02\/Carestream-INDUSTREX-Manual-Developer.jpg","width":1405,"height":1405},{"@type":"BreadcrumbList","@id":"https:\/\/www.qnde.ca\/fr\/produit\/carestream-industrex-developpeur-manuel\/#breadcrumb","itemListElement":[{"@type":"ListItem","position":1,"name":"Accueil","item":"https:\/\/www.qnde.ca\/fr\/"},{"@type":"ListItem","position":2,"name":"Produits","item":"https:\/\/www.qnde.ca\/fr\/produits\/"},{"@type":"ListItem","position":3,"name":"Radiographie","item":"https:\/\/www.qnde.ca\/fr\/product-category\/radiographie\/"},{"@type":"ListItem","position":4,"name":"Films et Chimiques","item":"https:\/\/www.qnde.ca\/fr\/product-category\/radiographie\/films-chimiques\/"},{"@type":"ListItem","position":5,"name":"Carestream INDUSTREX D\u00e9veloppeur Manuel"}]},{"@type":"WebSite","@id":"https:\/\/www.qnde.ca\/#website","url":"https:\/\/www.qnde.ca\/","name":"Qualit\u00e9 NDE","description":"\u00c9quipements d&#039;essais non destructifs ","publisher":{"@id":"https:\/\/www.qnde.ca\/#organization"},"potentialAction":[{"@type":"SearchAction","target":{"@type":"EntryPoint","urlTemplate":"https:\/\/www.qnde.ca\/?s={search_term_string}"},"query-input":{"@type":"PropertyValueSpecification","valueRequired":true,"valueName":"search_term_string"}}],"inLanguage":"fr-FR"},{"@type":"Organization","@id":"https:\/\/www.qnde.ca\/#organization","name":"Quality NDT Ltd.","url":"https:\/\/www.qnde.ca\/","logo":{"@type":"ImageObject","inLanguage":"fr-FR","@id":"https:\/\/www.qnde.ca\/#\/schema\/logo\/image\/","url":"https:\/\/www.qnde.ca\/wp-content\/uploads\/2022\/02\/QNDE_logo_RGB-gif.gif","contentUrl":"https:\/\/www.qnde.ca\/wp-content\/uploads\/2022\/02\/QNDE_logo_RGB-gif.gif","width":250,"height":64,"caption":"Quality NDT Ltd."},"image":{"@id":"https:\/\/www.qnde.ca\/#\/schema\/logo\/image\/"},"sameAs":["https:\/\/www.linkedin.com\/company\/qnde\/about\/?viewAsMember=true"]}]}},"jetpack_sharing_enabled":true,"_links":{"self":[{"href":"https:\/\/www.qnde.ca\/fr\/wp-json\/wp\/v2\/product\/14221","targetHints":{"allow":["GET"]}}],"collection":[{"href":"https:\/\/www.qnde.ca\/fr\/wp-json\/wp\/v2\/product"}],"about":[{"href":"https:\/\/www.qnde.ca\/fr\/wp-json\/wp\/v2\/types\/product"}],"wp:featuredmedia":[{"embeddable":true,"href":"https:\/\/www.qnde.ca\/fr\/wp-json\/wp\/v2\/media\/14223"}],"wp:attachment":[{"href":"https:\/\/www.qnde.ca\/fr\/wp-json\/wp\/v2\/media?parent=14221"}],"wp:term":[{"taxonomy":"product_brand","embeddable":true,"href":"https:\/\/www.qnde.ca\/fr\/wp-json\/wp\/v2\/product_brand?post=14221"},{"taxonomy":"product_cat","embeddable":true,"href":"https:\/\/www.qnde.ca\/fr\/wp-json\/wp\/v2\/product_cat?post=14221"},{"taxonomy":"product_tag","embeddable":true,"href":"https:\/\/www.qnde.ca\/fr\/wp-json\/wp\/v2\/product_tag?post=14221"}],"curies":[{"name":"wp","href":"https:\/\/api.w.org\/{rel}","templated":true}]}}