{"id":14207,"date":"2021-02-09T09:30:32","date_gmt":"2021-02-09T14:30:32","guid":{"rendered":"https:\/\/www.qnde.ca\/?post_type=product&#038;p=14207"},"modified":"2025-06-27T08:51:44","modified_gmt":"2025-06-27T12:51:44","slug":"carestream-industrex-developpeur","status":"publish","type":"product","link":"https:\/\/www.qnde.ca\/fr\/produit\/carestream-industrex-developpeur\/","title":{"rendered":"Carestream INDUSTREX D\u00e9veloppeur"},"content":{"rendered":"<h3><strong>Carestream INDUSTREX D\u00e9veloppeur<\/strong><\/h3>\n<p>Recommand\u00e9 pour tous les films d\u2019imagerie industrielle (Carestream, Agfa, Fuji et autres). Id\u00e9al pour le d\u00e9veloppement automatique en 5 minutes ou d\u00e9veloppement manuel en 4 minutes de films.<\/p>\n<ul>\n<li>5315288: Carestream INDUSTREX d\u00e9veloppeur et r\u00e9g\u00e9n\u00e9rateur concentr\u00e9. La bo\u00eete contient deux bouteilles de 5L.<\/li>\n<li>5159082: Carestream INDUSTREX LO fixateur et r\u00e9g\u00e9n\u00e9rateur concentr\u00e9. La bo\u00eete contient deux bouteilles de 5L.<\/li>\n<\/ul>\n","protected":false},"excerpt":{"rendered":"<p>Carestream INDUSTREX D\u00e9veloppeur Recommand\u00e9 pour tous les films d\u2019imagerie industrielle (Carestream, Agfa, Fuji et autres). Id\u00e9al pour le d\u00e9veloppement automatique en 5 minutes ou d\u00e9veloppement manuel en 4 minutes de films. 5315288: Carestream INDUSTREX d\u00e9veloppeur et r\u00e9g\u00e9n\u00e9rateur concentr\u00e9. La bo\u00eete contient deux bouteilles de 5L. 5159082: Carestream INDUSTREX LO fixateur et r\u00e9g\u00e9n\u00e9rateur concentr\u00e9. La bo\u00eete [&hellip;]<\/p>\n","protected":false},"featured_media":14209,"template":"","meta":{"_monsterinsights_skip_tracking":false,"_monsterinsights_sitenote_active":false,"_monsterinsights_sitenote_note":"","_monsterinsights_sitenote_category":0},"product_brand":[],"product_cat":[388,140],"product_tag":[],"class_list":{"0":"post-14207","1":"product","2":"type-product","3":"status-publish","4":"has-post-thumbnail","6":"product_cat-carestream-fr","7":"product_cat-films-chimiques","9":"first","10":"instock","11":"shipping-taxable","12":"purchasable","13":"product-type-variable"},"yoast_head":"<!-- This site is optimized with the Yoast SEO plugin v23.9 - https:\/\/yoast.com\/wordpress\/plugins\/seo\/ -->\n<title>Carestream INDUSTREX D\u00e9veloppeur &#060; Qualit\u00e9 NDE<\/title>\n<meta name=\"description\" content=\"Recommand\u00e9 pour tous les films d\u2019imagerie industrielle. Id\u00e9al pour le d\u00e9veloppement automatique en 5 minutes ou d\u00e9veloppement manuel en 4 minutes de films.\" \/>\n<meta name=\"robots\" content=\"index, follow, max-snippet:-1, max-image-preview:large, max-video-preview:-1\" \/>\n<link rel=\"canonical\" href=\"https:\/\/www.qnde.ca\/fr\/produit\/carestream-industrex-developpeur\/\" \/>\n<meta name=\"twitter:label1\" content=\"Dur\u00e9e de lecture estim\u00e9e\" \/>\n\t<meta name=\"twitter:data1\" content=\"1 minute\" \/>\n<script type=\"application\/ld+json\" class=\"yoast-schema-graph\">{\"@context\":\"https:\/\/schema.org\",\"@graph\":[{\"@type\":[\"WebPage\",\"ItemPage\"],\"@id\":\"https:\/\/www.qnde.ca\/fr\/produit\/carestream-industrex-developpeur\/\",\"url\":\"https:\/\/www.qnde.ca\/fr\/produit\/carestream-industrex-developpeur\/\",\"name\":\"Carestream INDUSTREX D\u00e9veloppeur &#060; Qualit\u00e9 NDE\",\"isPartOf\":{\"@id\":\"https:\/\/www.qnde.ca\/#website\"},\"primaryImageOfPage\":{\"@id\":\"https:\/\/www.qnde.ca\/fr\/produit\/carestream-industrex-developpeur\/#primaryimage\"},\"image\":{\"@id\":\"https:\/\/www.qnde.ca\/fr\/produit\/carestream-industrex-developpeur\/#primaryimage\"},\"thumbnailUrl\":\"https:\/\/www.qnde.ca\/wp-content\/uploads\/2021\/02\/Carestream-INDUSTREX-single-part-developer-replenisher-concentrate-for-automated-or-manual-film-processing.jpg\",\"datePublished\":\"2021-02-09T14:30:32+00:00\",\"dateModified\":\"2025-06-27T12:51:44+00:00\",\"description\":\"Recommand\u00e9 pour tous les films d\u2019imagerie industrielle. Id\u00e9al pour le d\u00e9veloppement automatique en 5 minutes ou d\u00e9veloppement manuel en 4 minutes de films.\",\"breadcrumb\":{\"@id\":\"https:\/\/www.qnde.ca\/fr\/produit\/carestream-industrex-developpeur\/#breadcrumb\"},\"inLanguage\":\"fr-FR\",\"potentialAction\":[{\"@type\":\"ReadAction\",\"target\":[\"https:\/\/www.qnde.ca\/fr\/produit\/carestream-industrex-developpeur\/\"]}]},{\"@type\":\"ImageObject\",\"inLanguage\":\"fr-FR\",\"@id\":\"https:\/\/www.qnde.ca\/fr\/produit\/carestream-industrex-developpeur\/#primaryimage\",\"url\":\"https:\/\/www.qnde.ca\/wp-content\/uploads\/2021\/02\/Carestream-INDUSTREX-single-part-developer-replenisher-concentrate-for-automated-or-manual-film-processing.jpg\",\"contentUrl\":\"https:\/\/www.qnde.ca\/wp-content\/uploads\/2021\/02\/Carestream-INDUSTREX-single-part-developer-replenisher-concentrate-for-automated-or-manual-film-processing.jpg\",\"width\":1000,\"height\":1000},{\"@type\":\"BreadcrumbList\",\"@id\":\"https:\/\/www.qnde.ca\/fr\/produit\/carestream-industrex-developpeur\/#breadcrumb\",\"itemListElement\":[{\"@type\":\"ListItem\",\"position\":1,\"name\":\"Accueil\",\"item\":\"https:\/\/www.qnde.ca\/fr\/\"},{\"@type\":\"ListItem\",\"position\":2,\"name\":\"Produits\",\"item\":\"https:\/\/www.qnde.ca\/fr\/produits\/\"},{\"@type\":\"ListItem\",\"position\":3,\"name\":\"Radiographie\",\"item\":\"https:\/\/www.qnde.ca\/fr\/product-category\/radiographie\/\"},{\"@type\":\"ListItem\",\"position\":4,\"name\":\"Films et Chimiques\",\"item\":\"https:\/\/www.qnde.ca\/fr\/product-category\/radiographie\/films-chimiques\/\"},{\"@type\":\"ListItem\",\"position\":5,\"name\":\"Carestream INDUSTREX D\u00e9veloppeur\"}]},{\"@type\":\"WebSite\",\"@id\":\"https:\/\/www.qnde.ca\/#website\",\"url\":\"https:\/\/www.qnde.ca\/\",\"name\":\"Qualit\u00e9 NDE\",\"description\":\"\u00c9quipements d&#039;essais non destructifs \",\"publisher\":{\"@id\":\"https:\/\/www.qnde.ca\/#organization\"},\"potentialAction\":[{\"@type\":\"SearchAction\",\"target\":{\"@type\":\"EntryPoint\",\"urlTemplate\":\"https:\/\/www.qnde.ca\/?s={search_term_string}\"},\"query-input\":{\"@type\":\"PropertyValueSpecification\",\"valueRequired\":true,\"valueName\":\"search_term_string\"}}],\"inLanguage\":\"fr-FR\"},{\"@type\":\"Organization\",\"@id\":\"https:\/\/www.qnde.ca\/#organization\",\"name\":\"Quality NDT Ltd.\",\"url\":\"https:\/\/www.qnde.ca\/\",\"logo\":{\"@type\":\"ImageObject\",\"inLanguage\":\"fr-FR\",\"@id\":\"https:\/\/www.qnde.ca\/#\/schema\/logo\/image\/\",\"url\":\"https:\/\/www.qnde.ca\/wp-content\/uploads\/2022\/02\/QNDE_logo_RGB-gif.gif\",\"contentUrl\":\"https:\/\/www.qnde.ca\/wp-content\/uploads\/2022\/02\/QNDE_logo_RGB-gif.gif\",\"width\":250,\"height\":64,\"caption\":\"Quality NDT Ltd.\"},\"image\":{\"@id\":\"https:\/\/www.qnde.ca\/#\/schema\/logo\/image\/\"},\"sameAs\":[\"https:\/\/www.linkedin.com\/company\/qnde\/about\/?viewAsMember=true\"]}]}<\/script>\n<!-- \/ Yoast SEO plugin. -->","yoast_head_json":{"title":"Carestream INDUSTREX D\u00e9veloppeur &#060; Qualit\u00e9 NDE","description":"Recommand\u00e9 pour tous les films d\u2019imagerie industrielle. Id\u00e9al pour le d\u00e9veloppement automatique en 5 minutes ou d\u00e9veloppement manuel en 4 minutes de films.","robots":{"index":"index","follow":"follow","max-snippet":"max-snippet:-1","max-image-preview":"max-image-preview:large","max-video-preview":"max-video-preview:-1"},"canonical":"https:\/\/www.qnde.ca\/fr\/produit\/carestream-industrex-developpeur\/","twitter_misc":{"Dur\u00e9e de lecture estim\u00e9e":"1 minute"},"schema":{"@context":"https:\/\/schema.org","@graph":[{"@type":["WebPage","ItemPage"],"@id":"https:\/\/www.qnde.ca\/fr\/produit\/carestream-industrex-developpeur\/","url":"https:\/\/www.qnde.ca\/fr\/produit\/carestream-industrex-developpeur\/","name":"Carestream INDUSTREX D\u00e9veloppeur &#060; Qualit\u00e9 NDE","isPartOf":{"@id":"https:\/\/www.qnde.ca\/#website"},"primaryImageOfPage":{"@id":"https:\/\/www.qnde.ca\/fr\/produit\/carestream-industrex-developpeur\/#primaryimage"},"image":{"@id":"https:\/\/www.qnde.ca\/fr\/produit\/carestream-industrex-developpeur\/#primaryimage"},"thumbnailUrl":"https:\/\/www.qnde.ca\/wp-content\/uploads\/2021\/02\/Carestream-INDUSTREX-single-part-developer-replenisher-concentrate-for-automated-or-manual-film-processing.jpg","datePublished":"2021-02-09T14:30:32+00:00","dateModified":"2025-06-27T12:51:44+00:00","description":"Recommand\u00e9 pour tous les films d\u2019imagerie industrielle. Id\u00e9al pour le d\u00e9veloppement automatique en 5 minutes ou d\u00e9veloppement manuel en 4 minutes de films.","breadcrumb":{"@id":"https:\/\/www.qnde.ca\/fr\/produit\/carestream-industrex-developpeur\/#breadcrumb"},"inLanguage":"fr-FR","potentialAction":[{"@type":"ReadAction","target":["https:\/\/www.qnde.ca\/fr\/produit\/carestream-industrex-developpeur\/"]}]},{"@type":"ImageObject","inLanguage":"fr-FR","@id":"https:\/\/www.qnde.ca\/fr\/produit\/carestream-industrex-developpeur\/#primaryimage","url":"https:\/\/www.qnde.ca\/wp-content\/uploads\/2021\/02\/Carestream-INDUSTREX-single-part-developer-replenisher-concentrate-for-automated-or-manual-film-processing.jpg","contentUrl":"https:\/\/www.qnde.ca\/wp-content\/uploads\/2021\/02\/Carestream-INDUSTREX-single-part-developer-replenisher-concentrate-for-automated-or-manual-film-processing.jpg","width":1000,"height":1000},{"@type":"BreadcrumbList","@id":"https:\/\/www.qnde.ca\/fr\/produit\/carestream-industrex-developpeur\/#breadcrumb","itemListElement":[{"@type":"ListItem","position":1,"name":"Accueil","item":"https:\/\/www.qnde.ca\/fr\/"},{"@type":"ListItem","position":2,"name":"Produits","item":"https:\/\/www.qnde.ca\/fr\/produits\/"},{"@type":"ListItem","position":3,"name":"Radiographie","item":"https:\/\/www.qnde.ca\/fr\/product-category\/radiographie\/"},{"@type":"ListItem","position":4,"name":"Films et Chimiques","item":"https:\/\/www.qnde.ca\/fr\/product-category\/radiographie\/films-chimiques\/"},{"@type":"ListItem","position":5,"name":"Carestream INDUSTREX D\u00e9veloppeur"}]},{"@type":"WebSite","@id":"https:\/\/www.qnde.ca\/#website","url":"https:\/\/www.qnde.ca\/","name":"Qualit\u00e9 NDE","description":"\u00c9quipements d&#039;essais non destructifs ","publisher":{"@id":"https:\/\/www.qnde.ca\/#organization"},"potentialAction":[{"@type":"SearchAction","target":{"@type":"EntryPoint","urlTemplate":"https:\/\/www.qnde.ca\/?s={search_term_string}"},"query-input":{"@type":"PropertyValueSpecification","valueRequired":true,"valueName":"search_term_string"}}],"inLanguage":"fr-FR"},{"@type":"Organization","@id":"https:\/\/www.qnde.ca\/#organization","name":"Quality NDT Ltd.","url":"https:\/\/www.qnde.ca\/","logo":{"@type":"ImageObject","inLanguage":"fr-FR","@id":"https:\/\/www.qnde.ca\/#\/schema\/logo\/image\/","url":"https:\/\/www.qnde.ca\/wp-content\/uploads\/2022\/02\/QNDE_logo_RGB-gif.gif","contentUrl":"https:\/\/www.qnde.ca\/wp-content\/uploads\/2022\/02\/QNDE_logo_RGB-gif.gif","width":250,"height":64,"caption":"Quality NDT Ltd."},"image":{"@id":"https:\/\/www.qnde.ca\/#\/schema\/logo\/image\/"},"sameAs":["https:\/\/www.linkedin.com\/company\/qnde\/about\/?viewAsMember=true"]}]}},"jetpack_sharing_enabled":true,"_links":{"self":[{"href":"https:\/\/www.qnde.ca\/fr\/wp-json\/wp\/v2\/product\/14207","targetHints":{"allow":["GET"]}}],"collection":[{"href":"https:\/\/www.qnde.ca\/fr\/wp-json\/wp\/v2\/product"}],"about":[{"href":"https:\/\/www.qnde.ca\/fr\/wp-json\/wp\/v2\/types\/product"}],"wp:featuredmedia":[{"embeddable":true,"href":"https:\/\/www.qnde.ca\/fr\/wp-json\/wp\/v2\/media\/14209"}],"wp:attachment":[{"href":"https:\/\/www.qnde.ca\/fr\/wp-json\/wp\/v2\/media?parent=14207"}],"wp:term":[{"taxonomy":"product_brand","embeddable":true,"href":"https:\/\/www.qnde.ca\/fr\/wp-json\/wp\/v2\/product_brand?post=14207"},{"taxonomy":"product_cat","embeddable":true,"href":"https:\/\/www.qnde.ca\/fr\/wp-json\/wp\/v2\/product_cat?post=14207"},{"taxonomy":"product_tag","embeddable":true,"href":"https:\/\/www.qnde.ca\/fr\/wp-json\/wp\/v2\/product_tag?post=14207"}],"curies":[{"name":"wp","href":"https:\/\/api.w.org\/{rel}","templated":true}]}}