{"id":14193,"date":"2021-02-08T12:00:37","date_gmt":"2021-02-08T17:00:37","guid":{"rendered":"https:\/\/www.qnde.ca\/?post_type=product&#038;p=14193"},"modified":"2025-06-17T09:58:24","modified_gmt":"2025-06-17T13:58:24","slug":"films-carestream-industrex","status":"publish","type":"product","link":"https:\/\/www.qnde.ca\/fr\/produit\/films-carestream-industrex\/","title":{"rendered":"Carestream Films INDUSTREX"},"content":{"rendered":"<h3><strong>Carestream <\/strong><strong style=\"font-size: 16px;\">Films\u00a0<\/strong><strong>INDUSTREX\u00a0<\/strong><\/h3>\n<p>Les films industriels Carestream sont hautement versatiles et sont utilis\u00e9s dans une grande vari\u00e9t\u00e9 d\u2019applications. Tous les films Carestream sont certifi\u00e9s ASTM E1815, EN ISO 11699-1, Pratt &amp; Whitney, BAM et RCC-M.<\/p>\n<ul>\n<li>Films DR50 \u2013 Grain ultrafin, tr\u00e8s haut contraste, vitesse tr\u00e8s lente.<\/li>\n<li>Films M100 \u2013 Grain tr\u00e8s fin, tr\u00e8s haut contraste, vitesse lente.<\/li>\n<li>Films MX125 \u2013 Grain tr\u00e8s fin, tr\u00e8s haut contraste, vitesse moyenne-lente.<\/li>\n<li>Films T200 \u2013 Grain tr\u00e8s fin, haut contraste, vitesse moyenne.<\/li>\n<li>Films AA400 \u2013 Grain fin, haut contraste, vitesse rapide.<\/li>\n<li>Films HS800 \u2013 Grain fin, haut contraste, haute vitesse.<\/li>\n<\/ul>\n","protected":false},"excerpt":{"rendered":"<p>Carestream Films\u00a0INDUSTREX\u00a0 Les films industriels Carestream sont hautement versatiles et sont utilis\u00e9s dans une grande vari\u00e9t\u00e9 d\u2019applications. Tous les films Carestream sont certifi\u00e9s ASTM E1815, EN ISO 11699-1, Pratt &amp; Whitney, BAM et RCC-M. Films DR50 \u2013 Grain ultrafin, tr\u00e8s haut contraste, vitesse tr\u00e8s lente. Films M100 \u2013 Grain tr\u00e8s fin, tr\u00e8s haut contraste, vitesse [&hellip;]<\/p>\n","protected":false},"featured_media":14196,"template":"","meta":{"_monsterinsights_skip_tracking":false,"_monsterinsights_sitenote_active":false,"_monsterinsights_sitenote_note":"","_monsterinsights_sitenote_category":0},"product_brand":[],"product_cat":[388,140],"product_tag":[],"class_list":{"0":"post-14193","1":"product","2":"type-product","3":"status-publish","4":"has-post-thumbnail","6":"product_cat-carestream-fr","7":"product_cat-films-chimiques","9":"first","10":"instock","11":"shipping-taxable","12":"purchasable","13":"product-type-variable"},"yoast_head":"<!-- This site is optimized with the Yoast SEO plugin v23.9 - https:\/\/yoast.com\/wordpress\/plugins\/seo\/ -->\n<title>Carestream Films INDUSTREX &#060; Qualit\u00e9 NDE<\/title>\n<meta name=\"description\" content=\"Films hautement versatiles, utilis\u00e9s dans une grande vari\u00e9t\u00e9 d\u2019applications. Certifi\u00e9s ASTM E1815, EN ISO 11699-1, Pratt &amp; Whitney, BAM et RCC-M.\" \/>\n<meta name=\"robots\" content=\"index, follow, max-snippet:-1, max-image-preview:large, max-video-preview:-1\" \/>\n<link rel=\"canonical\" href=\"https:\/\/www.qnde.ca\/fr\/produit\/films-carestream-industrex\/\" \/>\n<meta name=\"twitter:label1\" content=\"Dur\u00e9e de lecture estim\u00e9e\" \/>\n\t<meta name=\"twitter:data1\" content=\"1 minute\" \/>\n<script type=\"application\/ld+json\" class=\"yoast-schema-graph\">{\"@context\":\"https:\/\/schema.org\",\"@graph\":[{\"@type\":[\"WebPage\",\"ItemPage\"],\"@id\":\"https:\/\/www.qnde.ca\/fr\/produit\/films-carestream-industrex\/\",\"url\":\"https:\/\/www.qnde.ca\/fr\/produit\/films-carestream-industrex\/\",\"name\":\"Carestream Films INDUSTREX &#060; Qualit\u00e9 NDE\",\"isPartOf\":{\"@id\":\"https:\/\/www.qnde.ca\/#website\"},\"primaryImageOfPage\":{\"@id\":\"https:\/\/www.qnde.ca\/fr\/produit\/films-carestream-industrex\/#primaryimage\"},\"image\":{\"@id\":\"https:\/\/www.qnde.ca\/fr\/produit\/films-carestream-industrex\/#primaryimage\"},\"thumbnailUrl\":\"https:\/\/www.qnde.ca\/wp-content\/uploads\/2021\/02\/FILM-GROUP-SHOT-scaled-scaled.jpg\",\"datePublished\":\"2021-02-08T17:00:37+00:00\",\"dateModified\":\"2025-06-17T13:58:24+00:00\",\"description\":\"Films hautement versatiles, utilis\u00e9s dans une grande vari\u00e9t\u00e9 d\u2019applications. Certifi\u00e9s ASTM E1815, EN ISO 11699-1, Pratt & Whitney, BAM et RCC-M.\",\"breadcrumb\":{\"@id\":\"https:\/\/www.qnde.ca\/fr\/produit\/films-carestream-industrex\/#breadcrumb\"},\"inLanguage\":\"fr-FR\",\"potentialAction\":[{\"@type\":\"ReadAction\",\"target\":[\"https:\/\/www.qnde.ca\/fr\/produit\/films-carestream-industrex\/\"]}]},{\"@type\":\"ImageObject\",\"inLanguage\":\"fr-FR\",\"@id\":\"https:\/\/www.qnde.ca\/fr\/produit\/films-carestream-industrex\/#primaryimage\",\"url\":\"https:\/\/www.qnde.ca\/wp-content\/uploads\/2021\/02\/FILM-GROUP-SHOT-scaled-scaled.jpg\",\"contentUrl\":\"https:\/\/www.qnde.ca\/wp-content\/uploads\/2021\/02\/FILM-GROUP-SHOT-scaled-scaled.jpg\",\"width\":2048,\"height\":1765},{\"@type\":\"BreadcrumbList\",\"@id\":\"https:\/\/www.qnde.ca\/fr\/produit\/films-carestream-industrex\/#breadcrumb\",\"itemListElement\":[{\"@type\":\"ListItem\",\"position\":1,\"name\":\"Accueil\",\"item\":\"https:\/\/www.qnde.ca\/fr\/\"},{\"@type\":\"ListItem\",\"position\":2,\"name\":\"Produits\",\"item\":\"https:\/\/www.qnde.ca\/fr\/produits\/\"},{\"@type\":\"ListItem\",\"position\":3,\"name\":\"Radiographie\",\"item\":\"https:\/\/www.qnde.ca\/fr\/product-category\/radiographie\/\"},{\"@type\":\"ListItem\",\"position\":4,\"name\":\"Films et Chimiques\",\"item\":\"https:\/\/www.qnde.ca\/fr\/product-category\/radiographie\/films-chimiques\/\"},{\"@type\":\"ListItem\",\"position\":5,\"name\":\"Carestream Films INDUSTREX\"}]},{\"@type\":\"WebSite\",\"@id\":\"https:\/\/www.qnde.ca\/#website\",\"url\":\"https:\/\/www.qnde.ca\/\",\"name\":\"Qualit\u00e9 NDE\",\"description\":\"\u00c9quipements d&#039;essais non destructifs \",\"publisher\":{\"@id\":\"https:\/\/www.qnde.ca\/#organization\"},\"potentialAction\":[{\"@type\":\"SearchAction\",\"target\":{\"@type\":\"EntryPoint\",\"urlTemplate\":\"https:\/\/www.qnde.ca\/?s={search_term_string}\"},\"query-input\":{\"@type\":\"PropertyValueSpecification\",\"valueRequired\":true,\"valueName\":\"search_term_string\"}}],\"inLanguage\":\"fr-FR\"},{\"@type\":\"Organization\",\"@id\":\"https:\/\/www.qnde.ca\/#organization\",\"name\":\"Quality NDT Ltd.\",\"url\":\"https:\/\/www.qnde.ca\/\",\"logo\":{\"@type\":\"ImageObject\",\"inLanguage\":\"fr-FR\",\"@id\":\"https:\/\/www.qnde.ca\/#\/schema\/logo\/image\/\",\"url\":\"https:\/\/www.qnde.ca\/wp-content\/uploads\/2022\/02\/QNDE_logo_RGB-gif.gif\",\"contentUrl\":\"https:\/\/www.qnde.ca\/wp-content\/uploads\/2022\/02\/QNDE_logo_RGB-gif.gif\",\"width\":250,\"height\":64,\"caption\":\"Quality NDT Ltd.\"},\"image\":{\"@id\":\"https:\/\/www.qnde.ca\/#\/schema\/logo\/image\/\"},\"sameAs\":[\"https:\/\/www.linkedin.com\/company\/qnde\/about\/?viewAsMember=true\"]}]}<\/script>\n<!-- \/ Yoast SEO plugin. -->","yoast_head_json":{"title":"Carestream Films INDUSTREX &#060; Qualit\u00e9 NDE","description":"Films hautement versatiles, utilis\u00e9s dans une grande vari\u00e9t\u00e9 d\u2019applications. Certifi\u00e9s ASTM E1815, EN ISO 11699-1, Pratt & Whitney, BAM et RCC-M.","robots":{"index":"index","follow":"follow","max-snippet":"max-snippet:-1","max-image-preview":"max-image-preview:large","max-video-preview":"max-video-preview:-1"},"canonical":"https:\/\/www.qnde.ca\/fr\/produit\/films-carestream-industrex\/","twitter_misc":{"Dur\u00e9e de lecture estim\u00e9e":"1 minute"},"schema":{"@context":"https:\/\/schema.org","@graph":[{"@type":["WebPage","ItemPage"],"@id":"https:\/\/www.qnde.ca\/fr\/produit\/films-carestream-industrex\/","url":"https:\/\/www.qnde.ca\/fr\/produit\/films-carestream-industrex\/","name":"Carestream Films INDUSTREX &#060; Qualit\u00e9 NDE","isPartOf":{"@id":"https:\/\/www.qnde.ca\/#website"},"primaryImageOfPage":{"@id":"https:\/\/www.qnde.ca\/fr\/produit\/films-carestream-industrex\/#primaryimage"},"image":{"@id":"https:\/\/www.qnde.ca\/fr\/produit\/films-carestream-industrex\/#primaryimage"},"thumbnailUrl":"https:\/\/www.qnde.ca\/wp-content\/uploads\/2021\/02\/FILM-GROUP-SHOT-scaled-scaled.jpg","datePublished":"2021-02-08T17:00:37+00:00","dateModified":"2025-06-17T13:58:24+00:00","description":"Films hautement versatiles, utilis\u00e9s dans une grande vari\u00e9t\u00e9 d\u2019applications. Certifi\u00e9s ASTM E1815, EN ISO 11699-1, Pratt & Whitney, BAM et RCC-M.","breadcrumb":{"@id":"https:\/\/www.qnde.ca\/fr\/produit\/films-carestream-industrex\/#breadcrumb"},"inLanguage":"fr-FR","potentialAction":[{"@type":"ReadAction","target":["https:\/\/www.qnde.ca\/fr\/produit\/films-carestream-industrex\/"]}]},{"@type":"ImageObject","inLanguage":"fr-FR","@id":"https:\/\/www.qnde.ca\/fr\/produit\/films-carestream-industrex\/#primaryimage","url":"https:\/\/www.qnde.ca\/wp-content\/uploads\/2021\/02\/FILM-GROUP-SHOT-scaled-scaled.jpg","contentUrl":"https:\/\/www.qnde.ca\/wp-content\/uploads\/2021\/02\/FILM-GROUP-SHOT-scaled-scaled.jpg","width":2048,"height":1765},{"@type":"BreadcrumbList","@id":"https:\/\/www.qnde.ca\/fr\/produit\/films-carestream-industrex\/#breadcrumb","itemListElement":[{"@type":"ListItem","position":1,"name":"Accueil","item":"https:\/\/www.qnde.ca\/fr\/"},{"@type":"ListItem","position":2,"name":"Produits","item":"https:\/\/www.qnde.ca\/fr\/produits\/"},{"@type":"ListItem","position":3,"name":"Radiographie","item":"https:\/\/www.qnde.ca\/fr\/product-category\/radiographie\/"},{"@type":"ListItem","position":4,"name":"Films et Chimiques","item":"https:\/\/www.qnde.ca\/fr\/product-category\/radiographie\/films-chimiques\/"},{"@type":"ListItem","position":5,"name":"Carestream Films INDUSTREX"}]},{"@type":"WebSite","@id":"https:\/\/www.qnde.ca\/#website","url":"https:\/\/www.qnde.ca\/","name":"Qualit\u00e9 NDE","description":"\u00c9quipements d&#039;essais non destructifs ","publisher":{"@id":"https:\/\/www.qnde.ca\/#organization"},"potentialAction":[{"@type":"SearchAction","target":{"@type":"EntryPoint","urlTemplate":"https:\/\/www.qnde.ca\/?s={search_term_string}"},"query-input":{"@type":"PropertyValueSpecification","valueRequired":true,"valueName":"search_term_string"}}],"inLanguage":"fr-FR"},{"@type":"Organization","@id":"https:\/\/www.qnde.ca\/#organization","name":"Quality NDT Ltd.","url":"https:\/\/www.qnde.ca\/","logo":{"@type":"ImageObject","inLanguage":"fr-FR","@id":"https:\/\/www.qnde.ca\/#\/schema\/logo\/image\/","url":"https:\/\/www.qnde.ca\/wp-content\/uploads\/2022\/02\/QNDE_logo_RGB-gif.gif","contentUrl":"https:\/\/www.qnde.ca\/wp-content\/uploads\/2022\/02\/QNDE_logo_RGB-gif.gif","width":250,"height":64,"caption":"Quality NDT Ltd."},"image":{"@id":"https:\/\/www.qnde.ca\/#\/schema\/logo\/image\/"},"sameAs":["https:\/\/www.linkedin.com\/company\/qnde\/about\/?viewAsMember=true"]}]}},"jetpack_sharing_enabled":true,"_links":{"self":[{"href":"https:\/\/www.qnde.ca\/fr\/wp-json\/wp\/v2\/product\/14193","targetHints":{"allow":["GET"]}}],"collection":[{"href":"https:\/\/www.qnde.ca\/fr\/wp-json\/wp\/v2\/product"}],"about":[{"href":"https:\/\/www.qnde.ca\/fr\/wp-json\/wp\/v2\/types\/product"}],"wp:featuredmedia":[{"embeddable":true,"href":"https:\/\/www.qnde.ca\/fr\/wp-json\/wp\/v2\/media\/14196"}],"wp:attachment":[{"href":"https:\/\/www.qnde.ca\/fr\/wp-json\/wp\/v2\/media?parent=14193"}],"wp:term":[{"taxonomy":"product_brand","embeddable":true,"href":"https:\/\/www.qnde.ca\/fr\/wp-json\/wp\/v2\/product_brand?post=14193"},{"taxonomy":"product_cat","embeddable":true,"href":"https:\/\/www.qnde.ca\/fr\/wp-json\/wp\/v2\/product_cat?post=14193"},{"taxonomy":"product_tag","embeddable":true,"href":"https:\/\/www.qnde.ca\/fr\/wp-json\/wp\/v2\/product_tag?post=14193"}],"curies":[{"name":"wp","href":"https:\/\/api.w.org\/{rel}","templated":true}]}}