{"id":13908,"date":"2021-02-05T13:56:49","date_gmt":"2021-02-05T18:56:49","guid":{"rendered":"https:\/\/www.qnde.ca\/?post_type=product&#038;p=13908"},"modified":"2025-11-05T10:24:34","modified_gmt":"2025-11-05T15:24:34","slug":"penetrametres-astm-e1742","status":"publish","type":"product","link":"https:\/\/www.qnde.ca\/fr\/produit\/penetrametres-astm-e1742\/","title":{"rendered":"IQI de Type Plaque \u2013 ASTM E1742 P\u00e9n\u00e9tram\u00e8tres"},"content":{"rendered":"<h3><strong>IQI de Type Plaque \u2013 ASTM E1742 P\u00e9n\u00e9tram\u00e8tres<\/strong><\/h3>\n<p>ASTM E1742 IQI (Indicateur de Qualit\u00e9 d\u2019Image), avec marqueurs de plomb qui identifie le mat\u00e9riel et l\u2019\u00e9paisseur (2% de l\u2019\u00e9paisseur du mat\u00e9riel radiographi\u00e9). Diam\u00e8tre du petit trou = 1x l\u2019\u00e9paisseur, diam\u00e8tre du moyen trou = 2x l\u2019\u00e9paisseur, diam\u00e8tre grand trou = 4x l\u2019\u00e9paisseur.<\/p>\n<p>Mat\u00e9riaux standards disponibles: Aluminium (6061), Stainless (304), Acier (1018) et Titane.<\/p>\n<p>Mat\u00e9riaux sp\u00e9ciaux aussi disponibles: Aluminium (2014, 2024, 2219, 7075), Aluminium-bronze, Laiton, Cobalt (Haynes 25 ou Haynes 188), Cuivre, Cupro-Nickel, Hastelloy (C ou X), Inconel 600, Inconel (625 ou 718), Magn\u00e9sium (AZ 31B ou ZK60), Monel 400, Nickel, Phosphore-bronze, Rene 41, Titane, Titane 6\/4, Waspaloy et Zirconium.<\/p>\n<p>Contactez-nous afin de discuter de votre application, de vos exigences, des options disponibles et\/ou recevoir une soumission.<\/p>\n","protected":false},"excerpt":{"rendered":"<p>IQI de Type Plaque \u2013 ASTM E1742 P\u00e9n\u00e9tram\u00e8tres ASTM E1742 IQI (Indicateur de Qualit\u00e9 d\u2019Image), avec marqueurs de plomb qui identifie le mat\u00e9riel et l\u2019\u00e9paisseur (2% de l\u2019\u00e9paisseur du mat\u00e9riel radiographi\u00e9). Diam\u00e8tre du petit trou = 1x l\u2019\u00e9paisseur, diam\u00e8tre du moyen trou = 2x l\u2019\u00e9paisseur, diam\u00e8tre grand trou = 4x l\u2019\u00e9paisseur. Mat\u00e9riaux standards disponibles: Aluminium [&hellip;]<\/p>\n","protected":false},"featured_media":14015,"template":"","meta":{"_monsterinsights_skip_tracking":false,"_monsterinsights_sitenote_active":false,"_monsterinsights_sitenote_note":"","_monsterinsights_sitenote_category":0},"product_brand":[],"product_cat":[402,138,144,365],"product_tag":[],"class_list":{"0":"post-13908","1":"product","2":"type-product","3":"status-publish","4":"has-post-thumbnail","6":"product_cat-autres-marques","7":"product_cat-radiographie","8":"product_cat-accessoires-exposition","9":"product_cat-systeme-rayons-x","11":"first","12":"instock","13":"shipping-taxable","14":"product-type-variable"},"yoast_head":"<!-- This site is optimized with the Yoast SEO plugin v23.9 - https:\/\/yoast.com\/wordpress\/plugins\/seo\/ -->\n<title>IQI de Type Plaque \u2013 ASTM E1742 P\u00e9n\u00e9tram\u00e8tres &#060; Qualit\u00e9 NDE<\/title>\n<meta name=\"description\" content=\"IQI plaque ASTM E1742 avec marqueurs plomb pour identification mat\u00e9riau et \u00e9paisseur. Disponible en aluminium, inox 304, acier 1018 et titane.\" \/>\n<meta name=\"robots\" content=\"index, follow, max-snippet:-1, max-image-preview:large, max-video-preview:-1\" \/>\n<link rel=\"canonical\" href=\"https:\/\/www.qnde.ca\/fr\/produit\/penetrametres-astm-e1742\/\" \/>\n<meta name=\"twitter:label1\" content=\"Dur\u00e9e de lecture estim\u00e9e\" \/>\n\t<meta name=\"twitter:data1\" content=\"1 minute\" \/>\n<script type=\"application\/ld+json\" class=\"yoast-schema-graph\">{\"@context\":\"https:\/\/schema.org\",\"@graph\":[{\"@type\":[\"WebPage\",\"ItemPage\"],\"@id\":\"https:\/\/www.qnde.ca\/fr\/produit\/penetrametres-astm-e1742\/\",\"url\":\"https:\/\/www.qnde.ca\/fr\/produit\/penetrametres-astm-e1742\/\",\"name\":\"IQI de Type Plaque \u2013 ASTM E1742 P\u00e9n\u00e9tram\u00e8tres &#060; Qualit\u00e9 NDE\",\"isPartOf\":{\"@id\":\"https:\/\/www.qnde.ca\/#website\"},\"primaryImageOfPage\":{\"@id\":\"https:\/\/www.qnde.ca\/fr\/produit\/penetrametres-astm-e1742\/#primaryimage\"},\"image\":{\"@id\":\"https:\/\/www.qnde.ca\/fr\/produit\/penetrametres-astm-e1742\/#primaryimage\"},\"thumbnailUrl\":\"https:\/\/www.qnde.ca\/wp-content\/uploads\/2021\/02\/Steel-IQI.png\",\"datePublished\":\"2021-02-05T18:56:49+00:00\",\"dateModified\":\"2025-11-05T15:24:34+00:00\",\"description\":\"IQI plaque ASTM E1742 avec marqueurs plomb pour identification mat\u00e9riau et \u00e9paisseur. Disponible en aluminium, inox 304, acier 1018 et titane.\",\"breadcrumb\":{\"@id\":\"https:\/\/www.qnde.ca\/fr\/produit\/penetrametres-astm-e1742\/#breadcrumb\"},\"inLanguage\":\"fr-FR\",\"potentialAction\":[{\"@type\":\"ReadAction\",\"target\":[\"https:\/\/www.qnde.ca\/fr\/produit\/penetrametres-astm-e1742\/\"]}]},{\"@type\":\"ImageObject\",\"inLanguage\":\"fr-FR\",\"@id\":\"https:\/\/www.qnde.ca\/fr\/produit\/penetrametres-astm-e1742\/#primaryimage\",\"url\":\"https:\/\/www.qnde.ca\/wp-content\/uploads\/2021\/02\/Steel-IQI.png\",\"contentUrl\":\"https:\/\/www.qnde.ca\/wp-content\/uploads\/2021\/02\/Steel-IQI.png\",\"width\":1280,\"height\":1284,\"caption\":\"Two metal plates labeled \\\"1018 steel,\\\" identified as IQI \u2013 ASTM E1742 Penetrameters for inspection purposes.\"},{\"@type\":\"BreadcrumbList\",\"@id\":\"https:\/\/www.qnde.ca\/fr\/produit\/penetrametres-astm-e1742\/#breadcrumb\",\"itemListElement\":[{\"@type\":\"ListItem\",\"position\":1,\"name\":\"Accueil\",\"item\":\"https:\/\/www.qnde.ca\/fr\/\"},{\"@type\":\"ListItem\",\"position\":2,\"name\":\"Produits\",\"item\":\"https:\/\/www.qnde.ca\/fr\/produits\/\"},{\"@type\":\"ListItem\",\"position\":3,\"name\":\"Marques\",\"item\":\"https:\/\/www.qnde.ca\/fr\/product-category\/marques\/\"},{\"@type\":\"ListItem\",\"position\":4,\"name\":\"Autres Marques\",\"item\":\"https:\/\/www.qnde.ca\/fr\/product-category\/marques\/autres-marques\/\"},{\"@type\":\"ListItem\",\"position\":5,\"name\":\"IQI de Type Plaque \u2013 ASTM E1742 P\u00e9n\u00e9tram\u00e8tres\"}]},{\"@type\":\"WebSite\",\"@id\":\"https:\/\/www.qnde.ca\/#website\",\"url\":\"https:\/\/www.qnde.ca\/\",\"name\":\"Qualit\u00e9 NDE\",\"description\":\"\u00c9quipements d&#039;essais non destructifs \",\"publisher\":{\"@id\":\"https:\/\/www.qnde.ca\/#organization\"},\"potentialAction\":[{\"@type\":\"SearchAction\",\"target\":{\"@type\":\"EntryPoint\",\"urlTemplate\":\"https:\/\/www.qnde.ca\/?s={search_term_string}\"},\"query-input\":{\"@type\":\"PropertyValueSpecification\",\"valueRequired\":true,\"valueName\":\"search_term_string\"}}],\"inLanguage\":\"fr-FR\"},{\"@type\":\"Organization\",\"@id\":\"https:\/\/www.qnde.ca\/#organization\",\"name\":\"Quality NDT Ltd.\",\"url\":\"https:\/\/www.qnde.ca\/\",\"logo\":{\"@type\":\"ImageObject\",\"inLanguage\":\"fr-FR\",\"@id\":\"https:\/\/www.qnde.ca\/#\/schema\/logo\/image\/\",\"url\":\"https:\/\/www.qnde.ca\/wp-content\/uploads\/2022\/02\/QNDE_logo_RGB-gif.gif\",\"contentUrl\":\"https:\/\/www.qnde.ca\/wp-content\/uploads\/2022\/02\/QNDE_logo_RGB-gif.gif\",\"width\":250,\"height\":64,\"caption\":\"Quality NDT Ltd.\"},\"image\":{\"@id\":\"https:\/\/www.qnde.ca\/#\/schema\/logo\/image\/\"},\"sameAs\":[\"https:\/\/www.linkedin.com\/company\/qnde\/about\/?viewAsMember=true\"]}]}<\/script>\n<!-- \/ Yoast SEO plugin. -->","yoast_head_json":{"title":"IQI de Type Plaque \u2013 ASTM E1742 P\u00e9n\u00e9tram\u00e8tres &#060; Qualit\u00e9 NDE","description":"IQI plaque ASTM E1742 avec marqueurs plomb pour identification mat\u00e9riau et \u00e9paisseur. Disponible en aluminium, inox 304, acier 1018 et titane.","robots":{"index":"index","follow":"follow","max-snippet":"max-snippet:-1","max-image-preview":"max-image-preview:large","max-video-preview":"max-video-preview:-1"},"canonical":"https:\/\/www.qnde.ca\/fr\/produit\/penetrametres-astm-e1742\/","twitter_misc":{"Dur\u00e9e de lecture estim\u00e9e":"1 minute"},"schema":{"@context":"https:\/\/schema.org","@graph":[{"@type":["WebPage","ItemPage"],"@id":"https:\/\/www.qnde.ca\/fr\/produit\/penetrametres-astm-e1742\/","url":"https:\/\/www.qnde.ca\/fr\/produit\/penetrametres-astm-e1742\/","name":"IQI de Type Plaque \u2013 ASTM E1742 P\u00e9n\u00e9tram\u00e8tres &#060; Qualit\u00e9 NDE","isPartOf":{"@id":"https:\/\/www.qnde.ca\/#website"},"primaryImageOfPage":{"@id":"https:\/\/www.qnde.ca\/fr\/produit\/penetrametres-astm-e1742\/#primaryimage"},"image":{"@id":"https:\/\/www.qnde.ca\/fr\/produit\/penetrametres-astm-e1742\/#primaryimage"},"thumbnailUrl":"https:\/\/www.qnde.ca\/wp-content\/uploads\/2021\/02\/Steel-IQI.png","datePublished":"2021-02-05T18:56:49+00:00","dateModified":"2025-11-05T15:24:34+00:00","description":"IQI plaque ASTM E1742 avec marqueurs plomb pour identification mat\u00e9riau et \u00e9paisseur. Disponible en aluminium, inox 304, acier 1018 et titane.","breadcrumb":{"@id":"https:\/\/www.qnde.ca\/fr\/produit\/penetrametres-astm-e1742\/#breadcrumb"},"inLanguage":"fr-FR","potentialAction":[{"@type":"ReadAction","target":["https:\/\/www.qnde.ca\/fr\/produit\/penetrametres-astm-e1742\/"]}]},{"@type":"ImageObject","inLanguage":"fr-FR","@id":"https:\/\/www.qnde.ca\/fr\/produit\/penetrametres-astm-e1742\/#primaryimage","url":"https:\/\/www.qnde.ca\/wp-content\/uploads\/2021\/02\/Steel-IQI.png","contentUrl":"https:\/\/www.qnde.ca\/wp-content\/uploads\/2021\/02\/Steel-IQI.png","width":1280,"height":1284,"caption":"Two metal plates labeled \"1018 steel,\" identified as IQI \u2013 ASTM E1742 Penetrameters for inspection purposes."},{"@type":"BreadcrumbList","@id":"https:\/\/www.qnde.ca\/fr\/produit\/penetrametres-astm-e1742\/#breadcrumb","itemListElement":[{"@type":"ListItem","position":1,"name":"Accueil","item":"https:\/\/www.qnde.ca\/fr\/"},{"@type":"ListItem","position":2,"name":"Produits","item":"https:\/\/www.qnde.ca\/fr\/produits\/"},{"@type":"ListItem","position":3,"name":"Marques","item":"https:\/\/www.qnde.ca\/fr\/product-category\/marques\/"},{"@type":"ListItem","position":4,"name":"Autres Marques","item":"https:\/\/www.qnde.ca\/fr\/product-category\/marques\/autres-marques\/"},{"@type":"ListItem","position":5,"name":"IQI de Type Plaque \u2013 ASTM E1742 P\u00e9n\u00e9tram\u00e8tres"}]},{"@type":"WebSite","@id":"https:\/\/www.qnde.ca\/#website","url":"https:\/\/www.qnde.ca\/","name":"Qualit\u00e9 NDE","description":"\u00c9quipements d&#039;essais non destructifs ","publisher":{"@id":"https:\/\/www.qnde.ca\/#organization"},"potentialAction":[{"@type":"SearchAction","target":{"@type":"EntryPoint","urlTemplate":"https:\/\/www.qnde.ca\/?s={search_term_string}"},"query-input":{"@type":"PropertyValueSpecification","valueRequired":true,"valueName":"search_term_string"}}],"inLanguage":"fr-FR"},{"@type":"Organization","@id":"https:\/\/www.qnde.ca\/#organization","name":"Quality NDT Ltd.","url":"https:\/\/www.qnde.ca\/","logo":{"@type":"ImageObject","inLanguage":"fr-FR","@id":"https:\/\/www.qnde.ca\/#\/schema\/logo\/image\/","url":"https:\/\/www.qnde.ca\/wp-content\/uploads\/2022\/02\/QNDE_logo_RGB-gif.gif","contentUrl":"https:\/\/www.qnde.ca\/wp-content\/uploads\/2022\/02\/QNDE_logo_RGB-gif.gif","width":250,"height":64,"caption":"Quality NDT Ltd."},"image":{"@id":"https:\/\/www.qnde.ca\/#\/schema\/logo\/image\/"},"sameAs":["https:\/\/www.linkedin.com\/company\/qnde\/about\/?viewAsMember=true"]}]}},"jetpack_sharing_enabled":true,"_links":{"self":[{"href":"https:\/\/www.qnde.ca\/fr\/wp-json\/wp\/v2\/product\/13908","targetHints":{"allow":["GET"]}}],"collection":[{"href":"https:\/\/www.qnde.ca\/fr\/wp-json\/wp\/v2\/product"}],"about":[{"href":"https:\/\/www.qnde.ca\/fr\/wp-json\/wp\/v2\/types\/product"}],"wp:featuredmedia":[{"embeddable":true,"href":"https:\/\/www.qnde.ca\/fr\/wp-json\/wp\/v2\/media\/14015"}],"wp:attachment":[{"href":"https:\/\/www.qnde.ca\/fr\/wp-json\/wp\/v2\/media?parent=13908"}],"wp:term":[{"taxonomy":"product_brand","embeddable":true,"href":"https:\/\/www.qnde.ca\/fr\/wp-json\/wp\/v2\/product_brand?post=13908"},{"taxonomy":"product_cat","embeddable":true,"href":"https:\/\/www.qnde.ca\/fr\/wp-json\/wp\/v2\/product_cat?post=13908"},{"taxonomy":"product_tag","embeddable":true,"href":"https:\/\/www.qnde.ca\/fr\/wp-json\/wp\/v2\/product_tag?post=13908"}],"curies":[{"name":"wp","href":"https:\/\/api.w.org\/{rel}","templated":true}]}}