{"id":13676,"date":"2021-02-03T16:11:41","date_gmt":"2021-02-03T21:11:41","guid":{"rendered":"https:\/\/www.qnde.ca\/?post_type=product&#038;p=13676"},"modified":"2025-08-18T15:38:09","modified_gmt":"2025-08-18T19:38:09","slug":"kowotest-dr-phantom-tam-aviation-qnde-ndt","status":"publish","type":"product","link":"https:\/\/www.qnde.ca\/fr\/produit\/kowotest-dr-phantom-tam-aviation-qnde-ndt\/","title":{"rendered":"Kowotest DR Phantom TAM \u2013 Aviation"},"content":{"rendered":"<h3><strong>Kowotest DR Phantom TAM \u2013 Aviation<\/strong><\/h3>\n<p>Le Kowotest TAM Phantom est sp\u00e9cialement con\u00e7u pour l\u2019a\u00e9rospatial, l\u2019inspection d\u2019aube de turbine. Il mesure 10.83&Prime; x 7.87&Prime; (27.5 x 20cm). Le panneau incorpore les composantes suivantes en Titane et en Inconel: deux blocs \u00e9tag\u00e9s avec les IQIs appropri\u00e9s (selon ASTM E1742 et TAM), deux Duplex 13D IQIs (selon ASTM E2002 et ISO 19232-5) et spirale BAM.<\/p>\n<ul>\n<li>1100312: Kowotest DR Phantom TAM avec deux Duplex 13D IQI, \u00e9tui de protection et certificat.<\/li>\n<li>1100320: Kowotest DR Phantom TAM avec deux Duplex 15D IQI, \u00e9tui de protection et certificat.<\/li>\n<\/ul>\n<h4>Option:<\/h4>\n<ul>\n<li>1100313: Support pour Kowotest DR phantom TAM (tient le Phantom debout).<\/li>\n<\/ul>\n","protected":false},"excerpt":{"rendered":"<p>Kowotest DR Phantom TAM \u2013 Aviation Le Kowotest TAM Phantom est sp\u00e9cialement con\u00e7u pour l\u2019a\u00e9rospatial, l\u2019inspection d\u2019aube de turbine. Il mesure 10.83&Prime; x 7.87&Prime; (27.5 x 20cm). Le panneau incorpore les composantes suivantes en Titane et en Inconel: deux blocs \u00e9tag\u00e9s avec les IQIs appropri\u00e9s (selon ASTM E1742 et TAM), deux Duplex 13D IQIs (selon [&hellip;]<\/p>\n","protected":false},"featured_media":13680,"template":"","meta":{"_monsterinsights_skip_tracking":false,"_monsterinsights_sitenote_active":false,"_monsterinsights_sitenote_note":"","_monsterinsights_sitenote_category":0},"product_brand":[],"product_cat":[402,144,142],"product_tag":[],"class_list":{"0":"post-13676","1":"product","2":"type-product","3":"status-publish","4":"has-post-thumbnail","6":"product_cat-autres-marques","7":"product_cat-accessoires-exposition","8":"product_cat-radiologie-numerique-dr","10":"first","11":"instock","12":"shipping-taxable","13":"purchasable","14":"product-type-variable"},"yoast_head":"<!-- This site is optimized with the Yoast SEO plugin v23.9 - https:\/\/yoast.com\/wordpress\/plugins\/seo\/ -->\n<title>Kowotest DR Phantom TAM \u2013 Aviation &#060; Qualit\u00e9 NDE<\/title>\n<meta name=\"description\" content=\"Phantom DR Kowotest TAM pour l\u2019a\u00e9ronautique, incluant blocs \u00e9tag\u00e9s, IQI Duplex et spirale BAM, conforme ASTM E1742, E2002 et ISO 19232-5.\" \/>\n<meta name=\"robots\" content=\"index, follow, max-snippet:-1, max-image-preview:large, max-video-preview:-1\" \/>\n<link rel=\"canonical\" href=\"https:\/\/www.qnde.ca\/fr\/produit\/kowotest-dr-phantom-tam-aviation-qnde-ndt\/\" \/>\n<meta name=\"twitter:label1\" content=\"Dur\u00e9e de lecture estim\u00e9e\" \/>\n\t<meta name=\"twitter:data1\" content=\"1 minute\" \/>\n<script type=\"application\/ld+json\" class=\"yoast-schema-graph\">{\"@context\":\"https:\/\/schema.org\",\"@graph\":[{\"@type\":[\"WebPage\",\"ItemPage\"],\"@id\":\"https:\/\/www.qnde.ca\/fr\/produit\/kowotest-dr-phantom-tam-aviation-qnde-ndt\/\",\"url\":\"https:\/\/www.qnde.ca\/fr\/produit\/kowotest-dr-phantom-tam-aviation-qnde-ndt\/\",\"name\":\"Kowotest DR Phantom TAM \u2013 Aviation &#060; Qualit\u00e9 NDE\",\"isPartOf\":{\"@id\":\"https:\/\/www.qnde.ca\/#website\"},\"primaryImageOfPage\":{\"@id\":\"https:\/\/www.qnde.ca\/fr\/produit\/kowotest-dr-phantom-tam-aviation-qnde-ndt\/#primaryimage\"},\"image\":{\"@id\":\"https:\/\/www.qnde.ca\/fr\/produit\/kowotest-dr-phantom-tam-aviation-qnde-ndt\/#primaryimage\"},\"thumbnailUrl\":\"https:\/\/www.qnde.ca\/wp-content\/uploads\/2021\/02\/Kowotest-DR-Phantom-TAM-with-two-Duplex-13D-IQI-\u2013-Item-1100312.jpg\",\"datePublished\":\"2021-02-03T21:11:41+00:00\",\"dateModified\":\"2025-08-18T19:38:09+00:00\",\"description\":\"Phantom DR Kowotest TAM pour l\u2019a\u00e9ronautique, incluant blocs \u00e9tag\u00e9s, IQI Duplex et spirale BAM, conforme ASTM E1742, E2002 et ISO 19232-5.\",\"breadcrumb\":{\"@id\":\"https:\/\/www.qnde.ca\/fr\/produit\/kowotest-dr-phantom-tam-aviation-qnde-ndt\/#breadcrumb\"},\"inLanguage\":\"fr-FR\",\"potentialAction\":[{\"@type\":\"ReadAction\",\"target\":[\"https:\/\/www.qnde.ca\/fr\/produit\/kowotest-dr-phantom-tam-aviation-qnde-ndt\/\"]}]},{\"@type\":\"ImageObject\",\"inLanguage\":\"fr-FR\",\"@id\":\"https:\/\/www.qnde.ca\/fr\/produit\/kowotest-dr-phantom-tam-aviation-qnde-ndt\/#primaryimage\",\"url\":\"https:\/\/www.qnde.ca\/wp-content\/uploads\/2021\/02\/Kowotest-DR-Phantom-TAM-with-two-Duplex-13D-IQI-\u2013-Item-1100312.jpg\",\"contentUrl\":\"https:\/\/www.qnde.ca\/wp-content\/uploads\/2021\/02\/Kowotest-DR-Phantom-TAM-with-two-Duplex-13D-IQI-\u2013-Item-1100312.jpg\",\"width\":1300,\"height\":1800},{\"@type\":\"BreadcrumbList\",\"@id\":\"https:\/\/www.qnde.ca\/fr\/produit\/kowotest-dr-phantom-tam-aviation-qnde-ndt\/#breadcrumb\",\"itemListElement\":[{\"@type\":\"ListItem\",\"position\":1,\"name\":\"Accueil\",\"item\":\"https:\/\/www.qnde.ca\/fr\/\"},{\"@type\":\"ListItem\",\"position\":2,\"name\":\"Produits\",\"item\":\"https:\/\/www.qnde.ca\/fr\/produits\/\"},{\"@type\":\"ListItem\",\"position\":3,\"name\":\"Radiographie\",\"item\":\"https:\/\/www.qnde.ca\/fr\/product-category\/radiographie\/\"},{\"@type\":\"ListItem\",\"position\":4,\"name\":\"Radiologie Num\u00e9rique DR\",\"item\":\"https:\/\/www.qnde.ca\/fr\/product-category\/radiographie\/radiologie-numerique-dr\/\"},{\"@type\":\"ListItem\",\"position\":5,\"name\":\"Kowotest DR Phantom TAM \u2013 Aviation\"}]},{\"@type\":\"WebSite\",\"@id\":\"https:\/\/www.qnde.ca\/#website\",\"url\":\"https:\/\/www.qnde.ca\/\",\"name\":\"Qualit\u00e9 NDE\",\"description\":\"\u00c9quipements d&#039;essais non destructifs \",\"publisher\":{\"@id\":\"https:\/\/www.qnde.ca\/#organization\"},\"potentialAction\":[{\"@type\":\"SearchAction\",\"target\":{\"@type\":\"EntryPoint\",\"urlTemplate\":\"https:\/\/www.qnde.ca\/?s={search_term_string}\"},\"query-input\":{\"@type\":\"PropertyValueSpecification\",\"valueRequired\":true,\"valueName\":\"search_term_string\"}}],\"inLanguage\":\"fr-FR\"},{\"@type\":\"Organization\",\"@id\":\"https:\/\/www.qnde.ca\/#organization\",\"name\":\"Quality NDT Ltd.\",\"url\":\"https:\/\/www.qnde.ca\/\",\"logo\":{\"@type\":\"ImageObject\",\"inLanguage\":\"fr-FR\",\"@id\":\"https:\/\/www.qnde.ca\/#\/schema\/logo\/image\/\",\"url\":\"https:\/\/www.qnde.ca\/wp-content\/uploads\/2022\/02\/QNDE_logo_RGB-gif.gif\",\"contentUrl\":\"https:\/\/www.qnde.ca\/wp-content\/uploads\/2022\/02\/QNDE_logo_RGB-gif.gif\",\"width\":250,\"height\":64,\"caption\":\"Quality NDT Ltd.\"},\"image\":{\"@id\":\"https:\/\/www.qnde.ca\/#\/schema\/logo\/image\/\"},\"sameAs\":[\"https:\/\/www.linkedin.com\/company\/qnde\/about\/?viewAsMember=true\"]}]}<\/script>\n<!-- \/ Yoast SEO plugin. -->","yoast_head_json":{"title":"Kowotest DR Phantom TAM \u2013 Aviation &#060; Qualit\u00e9 NDE","description":"Phantom DR Kowotest TAM pour l\u2019a\u00e9ronautique, incluant blocs \u00e9tag\u00e9s, IQI Duplex et spirale BAM, conforme ASTM E1742, E2002 et ISO 19232-5.","robots":{"index":"index","follow":"follow","max-snippet":"max-snippet:-1","max-image-preview":"max-image-preview:large","max-video-preview":"max-video-preview:-1"},"canonical":"https:\/\/www.qnde.ca\/fr\/produit\/kowotest-dr-phantom-tam-aviation-qnde-ndt\/","twitter_misc":{"Dur\u00e9e de lecture estim\u00e9e":"1 minute"},"schema":{"@context":"https:\/\/schema.org","@graph":[{"@type":["WebPage","ItemPage"],"@id":"https:\/\/www.qnde.ca\/fr\/produit\/kowotest-dr-phantom-tam-aviation-qnde-ndt\/","url":"https:\/\/www.qnde.ca\/fr\/produit\/kowotest-dr-phantom-tam-aviation-qnde-ndt\/","name":"Kowotest DR Phantom TAM \u2013 Aviation &#060; Qualit\u00e9 NDE","isPartOf":{"@id":"https:\/\/www.qnde.ca\/#website"},"primaryImageOfPage":{"@id":"https:\/\/www.qnde.ca\/fr\/produit\/kowotest-dr-phantom-tam-aviation-qnde-ndt\/#primaryimage"},"image":{"@id":"https:\/\/www.qnde.ca\/fr\/produit\/kowotest-dr-phantom-tam-aviation-qnde-ndt\/#primaryimage"},"thumbnailUrl":"https:\/\/www.qnde.ca\/wp-content\/uploads\/2021\/02\/Kowotest-DR-Phantom-TAM-with-two-Duplex-13D-IQI-\u2013-Item-1100312.jpg","datePublished":"2021-02-03T21:11:41+00:00","dateModified":"2025-08-18T19:38:09+00:00","description":"Phantom DR Kowotest TAM pour l\u2019a\u00e9ronautique, incluant blocs \u00e9tag\u00e9s, IQI Duplex et spirale BAM, conforme ASTM E1742, E2002 et ISO 19232-5.","breadcrumb":{"@id":"https:\/\/www.qnde.ca\/fr\/produit\/kowotest-dr-phantom-tam-aviation-qnde-ndt\/#breadcrumb"},"inLanguage":"fr-FR","potentialAction":[{"@type":"ReadAction","target":["https:\/\/www.qnde.ca\/fr\/produit\/kowotest-dr-phantom-tam-aviation-qnde-ndt\/"]}]},{"@type":"ImageObject","inLanguage":"fr-FR","@id":"https:\/\/www.qnde.ca\/fr\/produit\/kowotest-dr-phantom-tam-aviation-qnde-ndt\/#primaryimage","url":"https:\/\/www.qnde.ca\/wp-content\/uploads\/2021\/02\/Kowotest-DR-Phantom-TAM-with-two-Duplex-13D-IQI-\u2013-Item-1100312.jpg","contentUrl":"https:\/\/www.qnde.ca\/wp-content\/uploads\/2021\/02\/Kowotest-DR-Phantom-TAM-with-two-Duplex-13D-IQI-\u2013-Item-1100312.jpg","width":1300,"height":1800},{"@type":"BreadcrumbList","@id":"https:\/\/www.qnde.ca\/fr\/produit\/kowotest-dr-phantom-tam-aviation-qnde-ndt\/#breadcrumb","itemListElement":[{"@type":"ListItem","position":1,"name":"Accueil","item":"https:\/\/www.qnde.ca\/fr\/"},{"@type":"ListItem","position":2,"name":"Produits","item":"https:\/\/www.qnde.ca\/fr\/produits\/"},{"@type":"ListItem","position":3,"name":"Radiographie","item":"https:\/\/www.qnde.ca\/fr\/product-category\/radiographie\/"},{"@type":"ListItem","position":4,"name":"Radiologie Num\u00e9rique DR","item":"https:\/\/www.qnde.ca\/fr\/product-category\/radiographie\/radiologie-numerique-dr\/"},{"@type":"ListItem","position":5,"name":"Kowotest DR Phantom TAM \u2013 Aviation"}]},{"@type":"WebSite","@id":"https:\/\/www.qnde.ca\/#website","url":"https:\/\/www.qnde.ca\/","name":"Qualit\u00e9 NDE","description":"\u00c9quipements d&#039;essais non destructifs ","publisher":{"@id":"https:\/\/www.qnde.ca\/#organization"},"potentialAction":[{"@type":"SearchAction","target":{"@type":"EntryPoint","urlTemplate":"https:\/\/www.qnde.ca\/?s={search_term_string}"},"query-input":{"@type":"PropertyValueSpecification","valueRequired":true,"valueName":"search_term_string"}}],"inLanguage":"fr-FR"},{"@type":"Organization","@id":"https:\/\/www.qnde.ca\/#organization","name":"Quality NDT Ltd.","url":"https:\/\/www.qnde.ca\/","logo":{"@type":"ImageObject","inLanguage":"fr-FR","@id":"https:\/\/www.qnde.ca\/#\/schema\/logo\/image\/","url":"https:\/\/www.qnde.ca\/wp-content\/uploads\/2022\/02\/QNDE_logo_RGB-gif.gif","contentUrl":"https:\/\/www.qnde.ca\/wp-content\/uploads\/2022\/02\/QNDE_logo_RGB-gif.gif","width":250,"height":64,"caption":"Quality NDT Ltd."},"image":{"@id":"https:\/\/www.qnde.ca\/#\/schema\/logo\/image\/"},"sameAs":["https:\/\/www.linkedin.com\/company\/qnde\/about\/?viewAsMember=true"]}]}},"jetpack_sharing_enabled":true,"_links":{"self":[{"href":"https:\/\/www.qnde.ca\/fr\/wp-json\/wp\/v2\/product\/13676","targetHints":{"allow":["GET"]}}],"collection":[{"href":"https:\/\/www.qnde.ca\/fr\/wp-json\/wp\/v2\/product"}],"about":[{"href":"https:\/\/www.qnde.ca\/fr\/wp-json\/wp\/v2\/types\/product"}],"wp:featuredmedia":[{"embeddable":true,"href":"https:\/\/www.qnde.ca\/fr\/wp-json\/wp\/v2\/media\/13680"}],"wp:attachment":[{"href":"https:\/\/www.qnde.ca\/fr\/wp-json\/wp\/v2\/media?parent=13676"}],"wp:term":[{"taxonomy":"product_brand","embeddable":true,"href":"https:\/\/www.qnde.ca\/fr\/wp-json\/wp\/v2\/product_brand?post=13676"},{"taxonomy":"product_cat","embeddable":true,"href":"https:\/\/www.qnde.ca\/fr\/wp-json\/wp\/v2\/product_cat?post=13676"},{"taxonomy":"product_tag","embeddable":true,"href":"https:\/\/www.qnde.ca\/fr\/wp-json\/wp\/v2\/product_tag?post=13676"}],"curies":[{"name":"wp","href":"https:\/\/api.w.org\/{rel}","templated":true}]}}