{"id":13626,"date":"2021-02-03T13:25:28","date_gmt":"2021-02-03T18:25:28","guid":{"rendered":"https:\/\/www.qnde.ca\/?post_type=product&#038;p=13626"},"modified":"2025-08-12T14:58:14","modified_gmt":"2025-08-12T18:58:14","slug":"kowotest-cr-phantom-qnde-ndt","status":"publish","type":"product","link":"https:\/\/www.qnde.ca\/fr\/produit\/kowotest-cr-phantom-qnde-ndt\/","title":{"rendered":"Kowotest CR Phantom"},"content":{"rendered":"<h3><strong>Kowotest CR Phantom<\/strong><\/h3>\n<p>Le Kowotest CR Phantom, avec deux IQI Duplex \u00e0 fils, est utilis\u00e9 pour tester les param\u00e8tres du syst\u00e8me CR: r\u00e9solution spatiale de base, flou, contraste, Fonction de Transfert Modulaire (MTF), instabilit\u00e9 du laser, \u00e9blouissement (reflet), d\u00e9filement du num\u00e9riseur, ton de gris, correction et lin\u00e9arit\u00e9 des tons de gris. Le syst\u00e8me est livr\u00e9 dans une bo\u00eete en bois avec le certificat de conformit\u00e9 ASTM E2445-05, ISO 16371-1, EN 14784-1 et d\u00e9claration de conformit\u00e9 EN 45014.<\/p>\n<ul>\n<li>1100201: Kowotest CR Phantom avec deux IQI duplex 13D, \u00e9tui de protection et certificat.<\/li>\n<li>1100211: Kowotest CR Phantom avec deux IQI duplex 15D, \u00e9tui de protection et certificat.<\/li>\n<\/ul>\n","protected":false},"excerpt":{"rendered":"<p>Kowotest CR Phantom Le Kowotest CR Phantom, avec deux IQI Duplex \u00e0 fils, est utilis\u00e9 pour tester les param\u00e8tres du syst\u00e8me CR: r\u00e9solution spatiale de base, flou, contraste, Fonction de Transfert Modulaire (MTF), instabilit\u00e9 du laser, \u00e9blouissement (reflet), d\u00e9filement du num\u00e9riseur, ton de gris, correction et lin\u00e9arit\u00e9 des tons de gris. Le syst\u00e8me est livr\u00e9 [&hellip;]<\/p>\n","protected":false},"featured_media":13628,"template":"","meta":{"_monsterinsights_skip_tracking":false,"_monsterinsights_sitenote_active":false,"_monsterinsights_sitenote_note":"","_monsterinsights_sitenote_category":0},"product_brand":[],"product_cat":[402,144,141],"product_tag":[],"class_list":{"0":"post-13626","1":"product","2":"type-product","3":"status-publish","4":"has-post-thumbnail","6":"product_cat-autres-marques","7":"product_cat-accessoires-exposition","8":"product_cat-radiologie-numerique-cr","10":"first","11":"instock","12":"shipping-taxable","13":"purchasable","14":"product-type-variable"},"yoast_head":"<!-- This site is optimized with the Yoast SEO plugin v23.9 - https:\/\/yoast.com\/wordpress\/plugins\/seo\/ -->\n<title>Kowotest CR Phantom &#060; Qualit\u00e9 NDE<\/title>\n<meta name=\"description\" content=\"Kowotest CR Phantom avec IQI Duplex, pour tester r\u00e9solution, flou, MTF, contraste, laser, d\u00e9filement. Conforme ASTM E2445-05, ISO 16371-1, EN 14784-1.\" \/>\n<meta name=\"robots\" content=\"index, follow, max-snippet:-1, max-image-preview:large, max-video-preview:-1\" \/>\n<link rel=\"canonical\" href=\"https:\/\/www.qnde.ca\/fr\/produit\/kowotest-cr-phantom-qnde-ndt\/\" \/>\n<meta name=\"twitter:label1\" content=\"Dur\u00e9e de lecture estim\u00e9e\" \/>\n\t<meta name=\"twitter:data1\" content=\"1 minute\" \/>\n<script type=\"application\/ld+json\" class=\"yoast-schema-graph\">{\"@context\":\"https:\/\/schema.org\",\"@graph\":[{\"@type\":[\"WebPage\",\"ItemPage\"],\"@id\":\"https:\/\/www.qnde.ca\/fr\/produit\/kowotest-cr-phantom-qnde-ndt\/\",\"url\":\"https:\/\/www.qnde.ca\/fr\/produit\/kowotest-cr-phantom-qnde-ndt\/\",\"name\":\"Kowotest CR Phantom &#060; Qualit\u00e9 NDE\",\"isPartOf\":{\"@id\":\"https:\/\/www.qnde.ca\/#website\"},\"primaryImageOfPage\":{\"@id\":\"https:\/\/www.qnde.ca\/fr\/produit\/kowotest-cr-phantom-qnde-ndt\/#primaryimage\"},\"image\":{\"@id\":\"https:\/\/www.qnde.ca\/fr\/produit\/kowotest-cr-phantom-qnde-ndt\/#primaryimage\"},\"thumbnailUrl\":\"https:\/\/www.qnde.ca\/wp-content\/uploads\/2021\/02\/Kowotest-CR-Phantom-with-two-Duplex-15D-IQI-protective-case-and-certificate.jpg\",\"datePublished\":\"2021-02-03T18:25:28+00:00\",\"dateModified\":\"2025-08-12T18:58:14+00:00\",\"description\":\"Kowotest CR Phantom avec IQI Duplex, pour tester r\u00e9solution, flou, MTF, contraste, laser, d\u00e9filement. Conforme ASTM E2445-05, ISO 16371-1, EN 14784-1.\",\"breadcrumb\":{\"@id\":\"https:\/\/www.qnde.ca\/fr\/produit\/kowotest-cr-phantom-qnde-ndt\/#breadcrumb\"},\"inLanguage\":\"fr-FR\",\"potentialAction\":[{\"@type\":\"ReadAction\",\"target\":[\"https:\/\/www.qnde.ca\/fr\/produit\/kowotest-cr-phantom-qnde-ndt\/\"]}]},{\"@type\":\"ImageObject\",\"inLanguage\":\"fr-FR\",\"@id\":\"https:\/\/www.qnde.ca\/fr\/produit\/kowotest-cr-phantom-qnde-ndt\/#primaryimage\",\"url\":\"https:\/\/www.qnde.ca\/wp-content\/uploads\/2021\/02\/Kowotest-CR-Phantom-with-two-Duplex-15D-IQI-protective-case-and-certificate.jpg\",\"contentUrl\":\"https:\/\/www.qnde.ca\/wp-content\/uploads\/2021\/02\/Kowotest-CR-Phantom-with-two-Duplex-15D-IQI-protective-case-and-certificate.jpg\",\"width\":700,\"height\":773},{\"@type\":\"BreadcrumbList\",\"@id\":\"https:\/\/www.qnde.ca\/fr\/produit\/kowotest-cr-phantom-qnde-ndt\/#breadcrumb\",\"itemListElement\":[{\"@type\":\"ListItem\",\"position\":1,\"name\":\"Accueil\",\"item\":\"https:\/\/www.qnde.ca\/fr\/\"},{\"@type\":\"ListItem\",\"position\":2,\"name\":\"Produits\",\"item\":\"https:\/\/www.qnde.ca\/fr\/produits\/\"},{\"@type\":\"ListItem\",\"position\":3,\"name\":\"Radiographie\",\"item\":\"https:\/\/www.qnde.ca\/fr\/product-category\/radiographie\/\"},{\"@type\":\"ListItem\",\"position\":4,\"name\":\"Radiologie Num\u00e9rique CR\",\"item\":\"https:\/\/www.qnde.ca\/fr\/product-category\/radiographie\/radiologie-numerique-cr\/\"},{\"@type\":\"ListItem\",\"position\":5,\"name\":\"Kowotest CR Phantom\"}]},{\"@type\":\"WebSite\",\"@id\":\"https:\/\/www.qnde.ca\/#website\",\"url\":\"https:\/\/www.qnde.ca\/\",\"name\":\"Qualit\u00e9 NDE\",\"description\":\"\u00c9quipements d&#039;essais non destructifs \",\"publisher\":{\"@id\":\"https:\/\/www.qnde.ca\/#organization\"},\"potentialAction\":[{\"@type\":\"SearchAction\",\"target\":{\"@type\":\"EntryPoint\",\"urlTemplate\":\"https:\/\/www.qnde.ca\/?s={search_term_string}\"},\"query-input\":{\"@type\":\"PropertyValueSpecification\",\"valueRequired\":true,\"valueName\":\"search_term_string\"}}],\"inLanguage\":\"fr-FR\"},{\"@type\":\"Organization\",\"@id\":\"https:\/\/www.qnde.ca\/#organization\",\"name\":\"Quality NDT Ltd.\",\"url\":\"https:\/\/www.qnde.ca\/\",\"logo\":{\"@type\":\"ImageObject\",\"inLanguage\":\"fr-FR\",\"@id\":\"https:\/\/www.qnde.ca\/#\/schema\/logo\/image\/\",\"url\":\"https:\/\/www.qnde.ca\/wp-content\/uploads\/2022\/02\/QNDE_logo_RGB-gif.gif\",\"contentUrl\":\"https:\/\/www.qnde.ca\/wp-content\/uploads\/2022\/02\/QNDE_logo_RGB-gif.gif\",\"width\":250,\"height\":64,\"caption\":\"Quality NDT Ltd.\"},\"image\":{\"@id\":\"https:\/\/www.qnde.ca\/#\/schema\/logo\/image\/\"},\"sameAs\":[\"https:\/\/www.linkedin.com\/company\/qnde\/about\/?viewAsMember=true\"]}]}<\/script>\n<!-- \/ Yoast SEO plugin. -->","yoast_head_json":{"title":"Kowotest CR Phantom &#060; Qualit\u00e9 NDE","description":"Kowotest CR Phantom avec IQI Duplex, pour tester r\u00e9solution, flou, MTF, contraste, laser, d\u00e9filement. Conforme ASTM E2445-05, ISO 16371-1, EN 14784-1.","robots":{"index":"index","follow":"follow","max-snippet":"max-snippet:-1","max-image-preview":"max-image-preview:large","max-video-preview":"max-video-preview:-1"},"canonical":"https:\/\/www.qnde.ca\/fr\/produit\/kowotest-cr-phantom-qnde-ndt\/","twitter_misc":{"Dur\u00e9e de lecture estim\u00e9e":"1 minute"},"schema":{"@context":"https:\/\/schema.org","@graph":[{"@type":["WebPage","ItemPage"],"@id":"https:\/\/www.qnde.ca\/fr\/produit\/kowotest-cr-phantom-qnde-ndt\/","url":"https:\/\/www.qnde.ca\/fr\/produit\/kowotest-cr-phantom-qnde-ndt\/","name":"Kowotest CR Phantom &#060; Qualit\u00e9 NDE","isPartOf":{"@id":"https:\/\/www.qnde.ca\/#website"},"primaryImageOfPage":{"@id":"https:\/\/www.qnde.ca\/fr\/produit\/kowotest-cr-phantom-qnde-ndt\/#primaryimage"},"image":{"@id":"https:\/\/www.qnde.ca\/fr\/produit\/kowotest-cr-phantom-qnde-ndt\/#primaryimage"},"thumbnailUrl":"https:\/\/www.qnde.ca\/wp-content\/uploads\/2021\/02\/Kowotest-CR-Phantom-with-two-Duplex-15D-IQI-protective-case-and-certificate.jpg","datePublished":"2021-02-03T18:25:28+00:00","dateModified":"2025-08-12T18:58:14+00:00","description":"Kowotest CR Phantom avec IQI Duplex, pour tester r\u00e9solution, flou, MTF, contraste, laser, d\u00e9filement. Conforme ASTM E2445-05, ISO 16371-1, EN 14784-1.","breadcrumb":{"@id":"https:\/\/www.qnde.ca\/fr\/produit\/kowotest-cr-phantom-qnde-ndt\/#breadcrumb"},"inLanguage":"fr-FR","potentialAction":[{"@type":"ReadAction","target":["https:\/\/www.qnde.ca\/fr\/produit\/kowotest-cr-phantom-qnde-ndt\/"]}]},{"@type":"ImageObject","inLanguage":"fr-FR","@id":"https:\/\/www.qnde.ca\/fr\/produit\/kowotest-cr-phantom-qnde-ndt\/#primaryimage","url":"https:\/\/www.qnde.ca\/wp-content\/uploads\/2021\/02\/Kowotest-CR-Phantom-with-two-Duplex-15D-IQI-protective-case-and-certificate.jpg","contentUrl":"https:\/\/www.qnde.ca\/wp-content\/uploads\/2021\/02\/Kowotest-CR-Phantom-with-two-Duplex-15D-IQI-protective-case-and-certificate.jpg","width":700,"height":773},{"@type":"BreadcrumbList","@id":"https:\/\/www.qnde.ca\/fr\/produit\/kowotest-cr-phantom-qnde-ndt\/#breadcrumb","itemListElement":[{"@type":"ListItem","position":1,"name":"Accueil","item":"https:\/\/www.qnde.ca\/fr\/"},{"@type":"ListItem","position":2,"name":"Produits","item":"https:\/\/www.qnde.ca\/fr\/produits\/"},{"@type":"ListItem","position":3,"name":"Radiographie","item":"https:\/\/www.qnde.ca\/fr\/product-category\/radiographie\/"},{"@type":"ListItem","position":4,"name":"Radiologie Num\u00e9rique CR","item":"https:\/\/www.qnde.ca\/fr\/product-category\/radiographie\/radiologie-numerique-cr\/"},{"@type":"ListItem","position":5,"name":"Kowotest CR Phantom"}]},{"@type":"WebSite","@id":"https:\/\/www.qnde.ca\/#website","url":"https:\/\/www.qnde.ca\/","name":"Qualit\u00e9 NDE","description":"\u00c9quipements d&#039;essais non destructifs ","publisher":{"@id":"https:\/\/www.qnde.ca\/#organization"},"potentialAction":[{"@type":"SearchAction","target":{"@type":"EntryPoint","urlTemplate":"https:\/\/www.qnde.ca\/?s={search_term_string}"},"query-input":{"@type":"PropertyValueSpecification","valueRequired":true,"valueName":"search_term_string"}}],"inLanguage":"fr-FR"},{"@type":"Organization","@id":"https:\/\/www.qnde.ca\/#organization","name":"Quality NDT Ltd.","url":"https:\/\/www.qnde.ca\/","logo":{"@type":"ImageObject","inLanguage":"fr-FR","@id":"https:\/\/www.qnde.ca\/#\/schema\/logo\/image\/","url":"https:\/\/www.qnde.ca\/wp-content\/uploads\/2022\/02\/QNDE_logo_RGB-gif.gif","contentUrl":"https:\/\/www.qnde.ca\/wp-content\/uploads\/2022\/02\/QNDE_logo_RGB-gif.gif","width":250,"height":64,"caption":"Quality NDT Ltd."},"image":{"@id":"https:\/\/www.qnde.ca\/#\/schema\/logo\/image\/"},"sameAs":["https:\/\/www.linkedin.com\/company\/qnde\/about\/?viewAsMember=true"]}]}},"jetpack_sharing_enabled":true,"_links":{"self":[{"href":"https:\/\/www.qnde.ca\/fr\/wp-json\/wp\/v2\/product\/13626","targetHints":{"allow":["GET"]}}],"collection":[{"href":"https:\/\/www.qnde.ca\/fr\/wp-json\/wp\/v2\/product"}],"about":[{"href":"https:\/\/www.qnde.ca\/fr\/wp-json\/wp\/v2\/types\/product"}],"wp:featuredmedia":[{"embeddable":true,"href":"https:\/\/www.qnde.ca\/fr\/wp-json\/wp\/v2\/media\/13628"}],"wp:attachment":[{"href":"https:\/\/www.qnde.ca\/fr\/wp-json\/wp\/v2\/media?parent=13626"}],"wp:term":[{"taxonomy":"product_brand","embeddable":true,"href":"https:\/\/www.qnde.ca\/fr\/wp-json\/wp\/v2\/product_brand?post=13626"},{"taxonomy":"product_cat","embeddable":true,"href":"https:\/\/www.qnde.ca\/fr\/wp-json\/wp\/v2\/product_cat?post=13626"},{"taxonomy":"product_tag","embeddable":true,"href":"https:\/\/www.qnde.ca\/fr\/wp-json\/wp\/v2\/product_tag?post=13626"}],"curies":[{"name":"wp","href":"https:\/\/api.w.org\/{rel}","templated":true}]}}